{"id":33915,"date":"2018-06-20T14:23:55","date_gmt":"2018-06-20T14:23:55","guid":{"rendered":"https:\/\/www.urlaubcornwall.de\/blog\/?page_id=33915"},"modified":"2024-05-30T14:29:37","modified_gmt":"2024-05-30T14:29:37","slug":"die-beste-jahreszeit-um-grossbritannien-zu-besuchen","status":"publish","type":"page","link":"https:\/\/www.urlaubcornwall.de\/blog\/die-beste-jahreszeit-um-grossbritannien-zu-besuchen\/","title":{"rendered":"Die beste Reisezeit f\u00fcr Gro\u00dfbritannien"},"content":{"rendered":"<p>Das <a href=\"https:\/\/www.urlaubcornwall.de\/\">Vereinte K\u00f6nigreich<\/a> ist aufgrund seines milden Klimas zu jeder Jahreszeit eine ideale Urlaubsregion, was hei\u00dft, dass es normalerweise zu keiner Jahreszeit Extreme gibt. Fr\u00fchling \u2013 vom sp\u00e4ten M\u00e4rz bis fr\u00fchen Juni und Herbst &#8211; &nbsp;September bis November k\u00f6nnen h\u00e4ufig die besten Zeiten sein, um Urlaub hier zu verbringen. Es ist dann normalerweise weniger \u00fcberlaufen, das Wetter kann bestens sein, die wundersch\u00f6nen Fr\u00fchlingsblumen sind entz\u00fcckend und die Herbstfarben herrlich. Wenn Sie die gesch\u00e4ftigen Sommermonate vermeiden k\u00f6nnen, wird das Herumreisen einfacher und Restaurants und Hotels werden nicht so \u00fcberf\u00fcllt sein. Dezember bis Februar ist eine ideale Zeit, um St\u00e4dte wie Bath, London und Edinburgh zu besuchen. All die Sehensw\u00fcrdigkeiten haben noch ge\u00f6ffnet, und es wird ruhiger sein, sich diese anzuschauen.<\/p>\n<h2>Die beste Reisezeit, Monat f\u00fcr Monat<\/h2>\n<p><img loading=\"lazy\" class=\"aligncenter size-large wp-image-33924\" src=\"https:\/\/www.urlaubcornwall.de\/blog\/wp-content\/uploads\/2018\/06\/Gro\u00dfbritannien-dezember-urlaub.jpg\" alt=\"Gro\u00dfbritannien Januar urlaub\" width=\"748\" height=\"380\"\/><\/p>\n<p><strong>Ein Besuch Gro\u00dfbritanniens im Januar<\/strong> &#8211; Januar ist normalerweise der k\u00e4lteste Monat im Jahr, die Tage sind oft klar und frostig mit blauem Himmel und niedrigen Temperaturen um die 5-6C. Gro\u00dfst\u00e4dte und St\u00e4dte im gesamten UK haben Neujahrsfeiern mit live Musik, Feuerwerken und Prozessionen, die gr\u00f6\u00dften davon in London und Edinburgh. In Edinburgh gibt es im Januar auch den 5km-Lauf \u00fcber eine herausfordernde Strecke durch den Holyrood Park. Burn\u2019s Night Suppers finden jeden Januar statt, und in Dumfries feiert die Stadt 10 Tage lang das Leben von Robert Burns, dem Barden von Ayrshire.<\/p>\n<p><strong>Veranstaltungen und Feste<\/strong> &#8211; Manchester hat Ende Januar ein Bier- und Apfelpunschfest, das mehr als 14000 Besucher anzieht und mehr als 750 Biere und Apfelpunschsorten zur Schau stellt. Das Fest findet in der ehemaligen zentralen Bahnstation statt und eignet sich perfekt, um den nachweihnachtlichen Blues zu vertreiben!<\/p>\n<p><img loading=\"lazy\" class=\"aligncenter size-large wp-image-35460\" src=\"https:\/\/www.urlaubcornwall.de\/blog\/wp-content\/uploads\/2019\/01\/cornwall-im-februar.jpg\" alt=\"urlaub Februar Gro\u00dfbritannien\" width=\"748\" height=\"443\"\/><\/p>\n<p><strong>Ein Besuch Gro\u00dfbritanniens im Februar<\/strong><\/p>\n<p><strong>Februar<\/strong> &#8211; Im Februar wird noch immer in den Bergen des UK Schnee liegen, und Schneefall ist in h\u00f6her gelegenen Gegenden noch immer denkbar. Im S\u00fcden Englands treten in den G\u00e4rten die Schneegl\u00f6ckchen in Erscheinung und vermitteln das Gef\u00fchl von Fr\u00fchling in der Luft.<\/p>\n<p><strong>Veranstaltungen und Feste<\/strong> &#8211; In York gibt es das einw\u00f6chige Jorvik Wickingerfestival, in dem an die Eroberung Englands durch die Gro\u00dfe Wickingerarmee im Jahre 866 vor Christi Geburt erinnert wird. Das Fest beinhaltet Reden, Touren, Wanderungen und Theaterauff\u00fchrungen.<\/p>\n<p><img loading=\"lazy\" class=\"aligncenter size-large wp-image-33926\" src=\"https:\/\/www.urlaubcornwall.de\/blog\/wp-content\/uploads\/2018\/06\/urlaub-Gro\u00dfbritannien-mai.jpg\" alt=\"urlaub Gro\u00dfbritannien mai\" width=\"748\" height=\"378\"\/><br \/>\n<strong>Ein Besuch Gro\u00dfbritanniens im M\u00e4rz<\/strong><\/p>\n<p><strong>M\u00e4rz<\/strong> &#8211; Zum Fr\u00fchlingsbeginn beginnen die Blumen und Bl\u00fcten der B\u00e4ume zu erbl\u00fchen, und in <a href=\"https:\/\/www.urlaubcornwall.de\/reiseziel\/cornwall.php\">Cornwall<\/a> wird der Fr\u00fchling offiziell verk\u00fcndet, sobald alle 7 der Champion Magnoliacampbellii-B\u00e4ume wenigstens 50 Bl\u00fcten haben. Diese B\u00e4ume sind in Cornwall verstreut und in den folgenden G\u00e4rten zu finden: Caerhays, The Lost Gardens of Heligan, Trebah, Tregothnan, Trengwainton, Trewidden und Trewithen.<\/p>\n<div class=\"snippet\"> <a class=\"featured-item\" href=\"https:\/\/www.urlaubcornwall.de\/ferienhaeuser.php\"> <span class=\"image-holder\" style=\"background-image: url(' https:\/\/www.urlaubcornwall.de\/blog\/wp-content\/uploads\/2018\/12\/ferienhaus-cornwall-mit-hund.jpg ');\"><\/span> <span class=\"featured-content\"> \n<h2 class=\"featured-title\">Ferienh\u00e4user in England, Schottland &#038; Wales<\/h2>\n<p class=\"featured-body\">Bei uns finden Sie Ferienh\u00e4user in Gro\u00dfbritannien zum Verlieben; so einfach ist das! UrlaubCornwall.de hat eine einzigartige Sammlung pers\u00f6nlich inspizierter Ferienh\u00e4user und Ferienwohnungen&#8230;.<\/p><\/span> <span class=\"featured-link-holder\"> <span class=\"featured-extra-info\"> \n<p>F\u00fcr Paare, Familien &#038; Gruppen<\/p>\n<\/span> \n<p class=\"featured-link\">DETAILS<\/p>\n<\/span> <\/a><\/div>\n<p><strong>Veranstaltungen und Feste<\/strong> &#8211; Narzissen beginnen zu bl\u00fchen. Dies ist die Nationalblume von <a href=\"https:\/\/www.urlaubcornwall.de\/reiseziel\/wales.php\">Wales<\/a>, und dort feiern sie ihren Nationaltag am 1. M\u00e4rz \u2013 St David\u2019s Day. Im gesamten UK bringen die Narzissen ein Meer von Gelb in die G\u00e4rten, nicht weniger bekannt als jene in Grasmere, im <a href=\"https:\/\/www.urlaubcornwall.de\/reiseziel\/lake-district-nationalpark.php\">Lake Distrikt<\/a> \u2013 bekannt geworden durch den Dichter William Wordsworth. F\u00fcr all jene, die Pferderennen lieben, sollte das dreit\u00e4gige Fr\u00fchlingsfest in Cheltenham nicht verpasst werden, das im Gold Cup Day endet.<br \/>\n<a href=\"https:\/\/www.urlaubcornwall.de\/blog\/wp-content\/uploads\/2024\/03\/lake-district.jpg\"><img loading=\"lazy\" src=\"https:\/\/www.urlaubcornwall.de\/blog\/wp-content\/uploads\/2024\/03\/lake-district.jpg\" alt=\"lake district\" width=\"750\" height=\"422\" class=\"alignnone size-full wp-image-47806\" srcset=\"https:\/\/www.urlaubcornwall.de\/blog\/wp-content\/uploads\/2024\/03\/lake-district.jpg 750w, https:\/\/www.urlaubcornwall.de\/blog\/wp-content\/uploads\/2024\/03\/lake-district-300x169.jpg 300w\" sizes=\"(max-width: 750px) 100vw, 750px\" \/><\/a><\/p>\n<p><strong>Ein Besuch Gro\u00dfbritanniens im April<\/strong> &#8211; Das Wetter im April kann eine Mischung sein aus warmen, sonnigen Tagen oder einer Menge \u2018Aprilregenschauer\u2019. Viele Attraktionen, die w\u00e4hrend des Winters im UK geschlossen hatten, beginnen ihre \u00d6ffnungszeiten im April, vor allem um Ostern herum.<\/p>\n<p><strong>Veranstaltungen und Feste<\/strong> &#8211; Das ber\u00fchmte Bootsrennen findet auf dem Fluss Thames statt. Teams der Universit\u00e4ten Oxford und Cambridge rudern w\u00e4hrend einer der welt\u00e4ltesten Sportveranstaltungen gegeneinander. In <a href=\"https:\/\/www.urlaubcornwall.de\/reiseziel\/devon.php\">Devon<\/a> findet Ende April das Salcombe Krabbenfestival statt. W\u00e4hrend dieses herrlichen Meeresfr\u00fcchtefestes k\u00f6nnen vor Ort produzierte Speisen und Getr\u00e4nke genossen werden. Gegen Ende April beginnen die Sternhyazinthen in den G\u00e4rten und Waldgebieten Englands zu erscheinen, und jene des Enys Garten bei <a href=\"https:\/\/www.urlaubcornwall.de\/blog\/falmouth-cornwall-geschichte-sehenswuerdigkeiten-und-unterkunft\/\">Falmouth in Cornwall<\/a> sind eines Besuches wert.<\/p>\n<p><img loading=\"lazy\" class=\"aligncenter size-large wp-image-35448\" src=\"https:\/\/www.urlaubcornwall.de\/blog\/wp-content\/uploads\/2019\/01\/gartenreise-england-1.jpg\" alt=\"urlaub Gro\u00dfbritannien mai\" width=\"748\" height=\"400\"\/><\/p>\n<p><strong>Ein Besuch Gro\u00dfbritanniens im Mai<\/strong> &#8211; W\u00e4hrend des Mais beginnt sich das Wetter aufzuw\u00e4rmen; es gibt zwei Feiertagsmontage im Mai, einen zu Beginn und einen am Ende. Diese beiden Wochenenden k\u00f6nnen recht \u00fcberf\u00fcllt sein, da eine Menge Briten sich um diese Daten herum frei nehmen, und die letzte Maiwoche ist f\u00fcr gew\u00f6hnlich Ferienzeit f\u00fcr britische Sch\u00fcler.<\/p>\n<p><strong>Veranstaltungen und Feste<\/strong> &#8211; Im Monat Mai finden zahlreiche Feste statt; in <a href=\"https:\/\/www.urlaubcornwall.de\/blog\/falmouth-cornwall-geschichte-sehenswuerdigkeiten-und-unterkunft\/\">Falmouth<\/a> ist es das Fal River Festival, bei dem das Beste der britischen Meeresstadt gefeiert wird mit Kunst- und Kunsthandwerksausstellungen, Verk\u00f6stigungsst\u00e4nden, einem Bierfest, Jazzmusik und Bootsfahrten entlang des Flusses Fal oder des Helford Flusses. Auf der Insel Islay in den S\u00fcdlichen Hebriden findet das Islay Musik- und Malzfestival statt. Dieses Fest ist in wahrhaft g\u00e4lischem Geist mit Liedern, Musik, Speisen, Golf, Kegeln und Whiskyverkostung.<\/p>\n<p><img loading=\"lazy\" class=\"aligncenter size-large wp-image-33929\" src=\"https:\/\/www.urlaubcornwall.de\/blog\/wp-content\/uploads\/2018\/06\/Gro\u00dfbritannien-urlaub-juni.jpg\" alt=\"Gro\u00dfbritannien urlaub juni\" width=\"748\" height=\"383\"\/><br \/>\n<strong>Ein Besuch Gro\u00dfbritanniens im Juni<\/strong><\/p>\n<p><strong>Juni<\/strong> &#8211; Mit w\u00e4rmerem Wetter und l\u00e4ngeren Tagen \u2013 die Sonne geht nicht vor nahezu 22 Uhr im Norden und Westen des UK unter &#8211; ist Juni der perfekte Monat f\u00fcr Veranstaltungen im Freien.<\/p>\n<p><strong>Veranstaltungen und Feste<\/strong> &#8211; Das weltber\u00fchmte Tennistournier findet in Wimbledon, S\u00fcdlondon, statt. Die Royal Ascot Pferderennwoche, an der zahlreiche Mitglieder der k\u00f6niglichen Familie teilnehmen, <a href=\"https:\/\/www.urlaubcornwall.de\/ferienhaeuser-fewos\/eng\/somerset\/glastonbury.html\">Glastonbury<\/a> Musikfestival, Die K\u00f6nigliche Regatta \u2013 eine Reihe an Bootsrennen finden allesamt auf dem Fluss Thames, in der malerischen Stadt Henley-on-Thames, im Juni statt. Und selbstverst\u00e4ndlich kommen Menschen bei Stonehenge in <a href=\"https:\/\/www.urlaubcornwall.de\/ferienhaeuser-fewos\/eng\/wiltshire\/wiltshire.html\">Wiltshire<\/a> zusammen, um die Sommersonnenwende, Mittsommer zu feiern.<\/p>\n<p><img loading=\"lazy\" class=\"aligncenter size-large wp-image-33930\" src=\"https:\/\/www.urlaubcornwall.de\/blog\/wp-content\/uploads\/2018\/06\/urlaub-Gro\u00dfbritannien-sommer.jpg\" alt=\"besten Reisezeit Gro\u00dfbritannien\" width=\"748\" height=\"380\"\/><br \/>\n<strong>Ein Besuch Gro\u00dfbritanniens im Juli &amp; August<\/strong><\/p>\n<p><strong>Juli \/ August<\/strong>  &#8211; Juli und August sind traditionellerweise bekannt als die Sommermonate und sind theoretisch die w\u00e4rmsten und trockensten Monate des Jahres, wenngleich Sie f\u00fcr alle Wetterlagen ger\u00fcstet sein sollten! Die Schulen haben nun 6-8 Wochen lang Ferien, so dass es \u00fcberall viel gesch\u00e4ftiger zugeht. Der Montag auf das erste Augustwochenende ist in <a href=\"https:\/\/www.urlaubcornwall.de\/reiseziel\/schottland.php\">Schottland<\/a> ein Feiertag, und der Montag dem letzten Wochenende folgend, ist Feiertag in England und Wales. Die Stra\u00dfen, H\u00e4fen und Flugh\u00e4fen sind viel mehr \u00fcberlaufen, so dass Sie Extrazeit f\u00fcrs Reisen einplanen sollten.<\/p>\n<div class=\"snippet\"> <a class=\"featured-item\" href=\" https:\/\/www.urlaubcornwall.de\/rundreisen\/grossbritannien.php\"> <span class=\"image-holder\" style=\"background-image: url(' https:\/\/www.urlaubcornwall.de\/blog\/wp-content\/uploads\/2018\/11\/rundreise-cornwall.jpg ');\"><\/span> <span class=\"featured-content\"> \n<h2 class=\"featured-title\">Individuelle Rundreise in Gro\u00dfbritannien<\/h2>\n<p class=\"featured-body\">Mit Sitz im Vereinten K\u00f6nigreich und einer Reiseleidenschaft haben wir uns darin spezialisiert, individuelle Rundreisen f\u00fcr Paare, Familien oder Gruppen zusammenzustellen&#8230;.<\/p>\n<\/span> <span class=\"featured-link-holder\"> <span class=\"featured-extra-info\"> \n<p>Urlaub im eigenen Schritttempo<\/p>\n<\/span> \n<p class=\"featured-link\">DETAILS<\/p>\n<\/span> <\/a><\/div>\n<p><strong>Veranstaltungen und Feste<\/strong> &#8211; In Edinburgh findet das Fringe Festival statt; die Stadt ist sehr gesch\u00e4ftig mit Shows, Musik und lustigen Theatervorf\u00fchrungen, die alle an verschiedenen Orten stattfinden. F\u00fcr Musikliebhaber findet das Boardmasters Festival bei <a href=\"https:\/\/www.urlaubcornwall.de\/blog\/newquay-geschichte-sehenswuerdigkeiten-und-unterkunft\/\">Newquay in Cornwall<\/a> statt. F\u00fcr Segelfreunde gibt es Cowes Week, eine der \u00e4ltesten und h\u00f6chst angesehensten Regatten, die bei Cowes auf der Isle of Wight abgehalten wird. Dies sind lediglich einige der zahlreichen Veranstaltungen und Festivals, die den gesamten Juli und August \u00fcber im UK stattfinden.<\/p>\n<p><img loading=\"lazy\" class=\"aligncenter size-large wp-image-33931\" src=\"https:\/\/www.urlaubcornwall.de\/blog\/wp-content\/uploads\/2018\/06\/Gro\u00dfbritannien-september.jpg\" alt=\"\" width=\"748\" height=\"387\"\/><\/p>\n<p><strong>Ein Besuch Gro\u00dfbritanniens im September<\/strong> &#8211; September kann oft trockener und w\u00e4rmer als August sein, obwohl die Tage nun etwas k\u00fcrzer sind. Die Sommermassen verschwinden allm\u00e4hlich, wenn die Kinder wieder zur Schule gehen. Es ist eine ideale Zeit, um die <a href=\"https:\/\/www.urlaubcornwall.de\/Scilly-Inseln.php\">Isles of Scilly<\/a> zu besuchen, die ruhigen Str\u00e4nde zu genie\u00dfen und V\u00f6gel zu beobachten.<\/p>\n<p><strong>Veranstaltungen und Feste<\/strong> &#8211; Das Meer ist nun am w\u00e4rmsten, und die \u2018Scilly Sea Swim Challenge\u2019 findet statt, indem 150 Wettstreiter an einem Tag zwischen den Hauptinseln schwimmen und wandern.  September ist auch der Monat, in dem viele Speisefestivals stattfinden, um die Ernte zu kennzeichnen, einschlie\u00dflich des Ludlow Food Festival, des Oxford Food Festival und dem bei Broadstairs, Kent.<\/p>\n<p><img loading=\"lazy\" class=\"aligncenter size-large wp-image-33932\" src=\"https:\/\/www.urlaubcornwall.de\/blog\/wp-content\/uploads\/2018\/06\/Gro\u00dfbritannien-oktober-urlaub.jpg\" alt=\"Gro\u00dfbritannien oktober urlaub\" width=\"748\" height=\"382\"\/><br \/>\n<strong>Ein Besuch Gro\u00dfbritanniens im Oktober<\/strong><\/p>\n<p><strong>Oktober<\/strong> &#8211; Oktober ist Herbstbeginn, und die Farben der Bl\u00e4tter an den B\u00e4umen sind am besten. Die Sheffield Parkg\u00e4rten, <a href=\"https:\/\/www.urlaubcornwall.de\/reiseziel\/sussex.php\">East Sussex<\/a>, sind zu dieser Jahreszeit eine Farbenpracht, wie so viele andere G\u00e4rten des National Trust. Die Tage werden nun k\u00fchler, doch es ist eine ideale Zeit, um im UK herumzureisen, da es nicht so \u00fcberf\u00fcllt ist. Die letzte Oktoberwoche sind Schulferien, doch es ist nicht so \u00fcberf\u00fcllt wie im Sommer.<\/p>\n<p><strong>Veranstaltungen und Feste<\/strong> &#8211; W\u00e4hrend des Oktobers finden Wanderfestivals statt, da auf diese Art und Weise ideal die wundersch\u00f6nen, sich ver\u00e4ndernden Farben der Landschaft gesehen werden k\u00f6nnen. Dazu z\u00e4hlen das Dursley Walking Festival <a href=\"https:\/\/www.urlaubcornwall.de\/reiseziel\/cotswolds.php\">in den Cotswolds<\/a> und Walk Scilly, gef\u00fchrte Wanderungen auf den Isles of Scilly.<\/p>\n<p><img loading=\"lazy\" class=\"aligncenter size-large wp-image-33933\" src=\"https:\/\/www.urlaubcornwall.de\/blog\/wp-content\/uploads\/2018\/06\/Gro\u00dfbritannien-november-urlaub.jpg\" alt=\"Gro\u00dfbritannien november urlaub\" width=\"748\" height=\"379\"\/><br \/>\n<strong>Ein Besuch Gro\u00dfbritanniens im November<\/strong> &#8211; Die Tage werden nun k\u00fcrzer mit lediglich sieben Stunden Tageslicht im <a href=\"https:\/\/www.urlaubcornwall.de\/reiseziel\/schottland.php\">Norden Schottlands<\/a>; die Herbstfarben sind noch immer in voller Pracht, doch in den bergigen Gebieten des UK kann es zum ersten Schneefall kommen. Das Wetter kann kalt und trocken sein, doch auch kalt und feucht.<\/p>\n<p><strong>Veranstaltungen und Feste<\/strong> &#8211; Guy Fawkes Night wird am 5. November mit Feuerwerken und Leuchtfeuern gefeiert, die den Winterhimmel erleuchten \u2013 diese Veranstaltung erinnert an den fehlgeschlagenen Versuch, im 17. Jahrhundert das Parlament in die Luft zu sprengen. In Llandudno, <a href=\"https:\/\/www.urlaubcornwall.de\/reiseziel\/wales.php\">Wales<\/a>, gibt es eine Weihnachtsfeier \u00fcber drei Tage hinweg mit mehr als 100 Kunsthandwerksst\u00e4nden und 65 Verk\u00f6stigungsst\u00e4nden. Es ist ein gro\u00dfartiger Ort, um Dinge zu kaufen, die nicht in den Gesch\u00e4ften der Hauptstra\u00dfen gefunden werden k\u00f6nnen. Es gibt viele weitere Weihnachtsm\u00e4rkte, die im November im UK stattfinden.<\/p>\n<p><img loading=\"lazy\" class=\"aligncenter size-large wp-image-33934\" src=\"https:\/\/www.urlaubcornwall.de\/blog\/wp-content\/uploads\/2018\/06\/beste-reisezieit-Gro\u00dfbritannien-1.jpg\" alt=\"beste reisezieit Gro\u00dfbritannien\" width=\"748\" height=\"379\"\/><\/p>\n<p><strong>Ein Besuch Gro\u00dfbritanniens im Dezember<\/strong> &#8211; Das Wetter im mber kann kalt und feucht sein, und jene Tage haben die wenigsten Tageslichtstunden, doch die Gro\u00dfst\u00e4dte und St\u00e4dte sind von Monatsbeginn an mit Weihnachtslichtern beleuchtet. Die Weihnachtslichter der Oxford Street und Regents Street in London ziehen Besucher aus der ganzen Welt an.<\/p>\n<p><strong>Veranstaltungen und Feste<\/strong> &#8211; Im winzigen Fischerdorf Mousehole in Cornwall, sind die Weihnachtslichter atemberaubend, einschlie\u00dflich schwimmender Displays im Hafen; das Dorf ist mit Lichtern erleuchtet, und die engen Str\u00e4\u00dfchen sind voller Laternen, dem Aroma von Gl\u00fchwein und Weihnachtsspeisen.<\/p>\n","protected":false},"excerpt":{"rendered":"<p>Das Vereinte K\u00f6nigreich ist aufgrund seines milden Klimas zu jeder Jahreszeit eine ideale Urlaubsregion, was hei\u00dft, dass es normalerweise zu keiner Jahreszeit Extreme gibt. Fr\u00fchling \u2013 vom sp\u00e4ten M\u00e4rz bis fr\u00fchen Juni und Herbst &#8211; &nbsp;September bis November k\u00f6nnen h\u00e4ufig die besten Zeiten sein, um Urlaub hier zu verbringen. Es ist dann normalerweise weniger \u00fcberlaufen, [&hellip;]<\/p>\n","protected":false},"author":1,"featured_media":0,"parent":0,"menu_order":0,"comment_status":"closed","ping_status":"closed","template":"single-four.php","meta":[],"acf":[],"yoast_head":"<!-- This site is optimized with the Yoast SEO plugin v19.4 - https:\/\/yoast.com\/wordpress\/plugins\/seo\/ -->\n<title>Die beste Reisezeit f\u00fcr Gro\u00dfbritannien - Urlaub &amp; Reisen<\/title>\n<meta name=\"robots\" content=\"index, follow, max-snippet:-1, max-image-preview:large, max-video-preview:-1\" \/>\n<link rel=\"canonical\" href=\"https:\/\/www.urlaubcornwall.de\/blog\/die-beste-jahreszeit-um-grossbritannien-zu-besuchen\/\" \/>\n<meta property=\"og:locale\" content=\"en_US\" \/>\n<meta property=\"og:type\" content=\"article\" \/>\n<meta property=\"og:title\" content=\"Die beste Reisezeit f\u00fcr Gro\u00dfbritannien - Urlaub &amp; Reisen\" \/>\n<meta property=\"og:description\" content=\"Das Vereinte K\u00f6nigreich ist aufgrund seines milden Klimas zu jeder Jahreszeit eine ideale Urlaubsregion, was hei\u00dft, dass es normalerweise zu keiner Jahreszeit Extreme gibt. Fr\u00fchling \u2013 vom sp\u00e4ten M\u00e4rz bis fr\u00fchen Juni und Herbst &#8211; &nbsp;September bis November k\u00f6nnen h\u00e4ufig die besten Zeiten sein, um Urlaub hier zu verbringen. Es ist dann normalerweise weniger \u00fcberlaufen, [&hellip;]\" \/>\n<meta property=\"og:url\" content=\"https:\/\/www.urlaubcornwall.de\/blog\/die-beste-jahreszeit-um-grossbritannien-zu-besuchen\/\" \/>\n<meta property=\"og:site_name\" content=\"Urlaub &amp; Reisen\" \/>\n<meta property=\"article:modified_time\" content=\"2024-05-30T14:29:37+00:00\" \/>\n<meta property=\"og:image\" content=\"https:\/\/www.urlaubcornwall.de\/blog\/wp-content\/uploads\/2019\/01\/cornwall-im-februar.jpg\" \/>\n<meta name=\"twitter:card\" content=\"summary\" \/>\n<meta name=\"twitter:label1\" content=\"Est. reading time\" \/>\n\t<meta name=\"twitter:data1\" content=\"9 minutes\" \/>\n<script type=\"application\/ld+json\" class=\"yoast-schema-graph\">{\"@context\":\"https:\/\/schema.org\",\"@graph\":[{\"@type\":\"WebSite\",\"@id\":\"https:\/\/www.urlaubcornwall.de\/blog\/#website\",\"url\":\"https:\/\/www.urlaubcornwall.de\/blog\/\",\"name\":\"Urlaub &amp; Reisen\",\"description\":\"Urlaub, Reisen, Cornwall und S\u00fcdengland: eine perfekte Kombination\",\"potentialAction\":[{\"@type\":\"SearchAction\",\"target\":{\"@type\":\"EntryPoint\",\"urlTemplate\":\"https:\/\/www.urlaubcornwall.de\/blog\/?s={search_term_string}\"},\"query-input\":\"required name=search_term_string\"}],\"inLanguage\":\"en-US\"},{\"@type\":\"WebPage\",\"@id\":\"https:\/\/www.urlaubcornwall.de\/blog\/die-beste-jahreszeit-um-grossbritannien-zu-besuchen\/\",\"url\":\"https:\/\/www.urlaubcornwall.de\/blog\/die-beste-jahreszeit-um-grossbritannien-zu-besuchen\/\",\"name\":\"Die beste Reisezeit f\u00fcr Gro\u00dfbritannien - Urlaub &amp; Reisen\",\"isPartOf\":{\"@id\":\"https:\/\/www.urlaubcornwall.de\/blog\/#website\"},\"datePublished\":\"2018-06-20T14:23:55+00:00\",\"dateModified\":\"2024-05-30T14:29:37+00:00\",\"breadcrumb\":{\"@id\":\"https:\/\/www.urlaubcornwall.de\/blog\/die-beste-jahreszeit-um-grossbritannien-zu-besuchen\/#breadcrumb\"},\"inLanguage\":\"en-US\",\"potentialAction\":[{\"@type\":\"ReadAction\",\"target\":[\"https:\/\/www.urlaubcornwall.de\/blog\/die-beste-jahreszeit-um-grossbritannien-zu-besuchen\/\"]}]},{\"@type\":\"BreadcrumbList\",\"@id\":\"https:\/\/www.urlaubcornwall.de\/blog\/die-beste-jahreszeit-um-grossbritannien-zu-besuchen\/#breadcrumb\",\"itemListElement\":[{\"@type\":\"ListItem\",\"position\":1,\"name\":\"Home\",\"item\":\"https:\/\/www.urlaubcornwall.de\/blog\/\"},{\"@type\":\"ListItem\",\"position\":2,\"name\":\"Die beste Reisezeit f\u00fcr Gro\u00dfbritannien\"}]}]}<\/script>\n<!-- \/ Yoast SEO plugin. -->","yoast_head_json":{"title":"Die beste Reisezeit f\u00fcr Gro\u00dfbritannien - Urlaub &amp; Reisen","robots":{"index":"index","follow":"follow","max-snippet":"max-snippet:-1","max-image-preview":"max-image-preview:large","max-video-preview":"max-video-preview:-1"},"canonical":"https:\/\/www.urlaubcornwall.de\/blog\/die-beste-jahreszeit-um-grossbritannien-zu-besuchen\/","og_locale":"en_US","og_type":"article","og_title":"Die beste Reisezeit f\u00fcr Gro\u00dfbritannien - Urlaub &amp; Reisen","og_description":"Das Vereinte K\u00f6nigreich ist aufgrund seines milden Klimas zu jeder Jahreszeit eine ideale Urlaubsregion, was hei\u00dft, dass es normalerweise zu keiner Jahreszeit Extreme gibt. Fr\u00fchling \u2013 vom sp\u00e4ten M\u00e4rz bis fr\u00fchen Juni und Herbst &#8211; &nbsp;September bis November k\u00f6nnen h\u00e4ufig die besten Zeiten sein, um Urlaub hier zu verbringen. Es ist dann normalerweise weniger \u00fcberlaufen, [&hellip;]","og_url":"https:\/\/www.urlaubcornwall.de\/blog\/die-beste-jahreszeit-um-grossbritannien-zu-besuchen\/","og_site_name":"Urlaub &amp; Reisen","article_modified_time":"2024-05-30T14:29:37+00:00","og_image":[{"url":"https:\/\/www.urlaubcornwall.de\/blog\/wp-content\/uploads\/2019\/01\/cornwall-im-februar.jpg"}],"twitter_card":"summary","twitter_misc":{"Est. reading time":"9 minutes"},"schema":{"@context":"https:\/\/schema.org","@graph":[{"@type":"WebSite","@id":"https:\/\/www.urlaubcornwall.de\/blog\/#website","url":"https:\/\/www.urlaubcornwall.de\/blog\/","name":"Urlaub &amp; Reisen","description":"Urlaub, Reisen, Cornwall und S\u00fcdengland: eine perfekte Kombination","potentialAction":[{"@type":"SearchAction","target":{"@type":"EntryPoint","urlTemplate":"https:\/\/www.urlaubcornwall.de\/blog\/?s={search_term_string}"},"query-input":"required name=search_term_string"}],"inLanguage":"en-US"},{"@type":"WebPage","@id":"https:\/\/www.urlaubcornwall.de\/blog\/die-beste-jahreszeit-um-grossbritannien-zu-besuchen\/","url":"https:\/\/www.urlaubcornwall.de\/blog\/die-beste-jahreszeit-um-grossbritannien-zu-besuchen\/","name":"Die beste Reisezeit f\u00fcr Gro\u00dfbritannien - Urlaub &amp; Reisen","isPartOf":{"@id":"https:\/\/www.urlaubcornwall.de\/blog\/#website"},"datePublished":"2018-06-20T14:23:55+00:00","dateModified":"2024-05-30T14:29:37+00:00","breadcrumb":{"@id":"https:\/\/www.urlaubcornwall.de\/blog\/die-beste-jahreszeit-um-grossbritannien-zu-besuchen\/#breadcrumb"},"inLanguage":"en-US","potentialAction":[{"@type":"ReadAction","target":["https:\/\/www.urlaubcornwall.de\/blog\/die-beste-jahreszeit-um-grossbritannien-zu-besuchen\/"]}]},{"@type":"BreadcrumbList","@id":"https:\/\/www.urlaubcornwall.de\/blog\/die-beste-jahreszeit-um-grossbritannien-zu-besuchen\/#breadcrumb","itemListElement":[{"@type":"ListItem","position":1,"name":"Home","item":"https:\/\/www.urlaubcornwall.de\/blog\/"},{"@type":"ListItem","position":2,"name":"Die beste Reisezeit f\u00fcr Gro\u00dfbritannien"}]}]}},"_links":{"self":[{"href":"https:\/\/www.urlaubcornwall.de\/blog\/wp-json\/wp\/v2\/pages\/33915"}],"collection":[{"href":"https:\/\/www.urlaubcornwall.de\/blog\/wp-json\/wp\/v2\/pages"}],"about":[{"href":"https:\/\/www.urlaubcornwall.de\/blog\/wp-json\/wp\/v2\/types\/page"}],"author":[{"embeddable":true,"href":"https:\/\/www.urlaubcornwall.de\/blog\/wp-json\/wp\/v2\/users\/1"}],"replies":[{"embeddable":true,"href":"https:\/\/www.urlaubcornwall.de\/blog\/wp-json\/wp\/v2\/comments?post=33915"}],"version-history":[{"count":19,"href":"https:\/\/www.urlaubcornwall.de\/blog\/wp-json\/wp\/v2\/pages\/33915\/revisions"}],"predecessor-version":[{"id":51104,"href":"https:\/\/www.urlaubcornwall.de\/blog\/wp-json\/wp\/v2\/pages\/33915\/revisions\/51104"}],"wp:attachment":[{"href":"https:\/\/www.urlaubcornwall.de\/blog\/wp-json\/wp\/v2\/media?parent=33915"}],"curies":[{"name":"wp","href":"https:\/\/api.w.org\/{rel}","templated":true}]}}