{"id":33910,"date":"2018-06-20T11:29:34","date_gmt":"2018-06-20T11:29:34","guid":{"rendered":"https:\/\/www.urlaubcornwall.de\/blog\/?page_id=33910"},"modified":"2024-02-28T07:07:23","modified_gmt":"2024-02-28T07:07:23","slug":"die-schoensten-urlaubsziele-fuer-flitterwochen-im-grossbritannien","status":"publish","type":"page","link":"https:\/\/www.urlaubcornwall.de\/blog\/die-schoensten-urlaubsziele-fuer-flitterwochen-im-grossbritannien\/","title":{"rendered":"Die sch\u00f6nsten Urlaubsziele f\u00fcr Flitterwochen im Gro\u00dfbritannien."},"content":{"rendered":"<p>Wenn Sie unvergessliche Flitterwochen in wundersch\u00f6ner, herrlicher Landschaft suchen, dann brauchen Sie nicht \u00fcber Gro\u00dfbritannien hinausgehen. Ob Sie nun die <a href=\"https:\/\/www.urlaubcornwall.de\/reiseziel\/schottland.php\">spektakul\u00e4re Landschaft der schottischen Highlands<\/a> aufsuchen oder die <a href=\"https:\/\/www.urlaubcornwall.de\/reiseziel\/cornwall.php\">h\u00fcbschen K\u00fcstend\u00f6rfer in Cornwall<\/a> erkunden, so werden Sie nicht entt\u00e4uscht werden, wenn Sie diese \u00d6rtlichkeiten f\u00fcr Ihren romantischen Flitterwochenurlaub w\u00e4hlen.<br \/>\nWir hier von UrlaubCornwall bieten <a href=\"https:\/\/www.urlaubcornwall.de\/rundreisenservice.php\">pers\u00f6nlichen Service<\/a> mit Erfahrung, wenn wir einzigartige Erfahrungen f\u00fcr diesen besonderen Urlaub zusammenstellen.<\/p>\n<p>Hier finden Sie einige unserer Lieblingsflitterwochenregionen.<\/p>\n<p><a href=\"https:\/\/www.urlaubcornwall.de\/Scilly-Inseln\/reiseservice.php\"><strong>Isles of Scilly<\/strong><\/a><\/p>\n<p><img loading=\"lazy\" class=\"aligncenter size-full wp-image-20418\" src=\"https:\/\/www.urlaubcornwall.de\/blog\/wp-content\/uploads\/2015\/10\/Scilly-reisen.jpg\" alt=\"scilly isles Flitterwochen\" width=\"740\" height=\"353\" srcset=\"https:\/\/www.urlaubcornwall.de\/blog\/wp-content\/uploads\/2015\/10\/Scilly-reisen.jpg 740w, https:\/\/www.urlaubcornwall.de\/blog\/wp-content\/uploads\/2015\/10\/Scilly-reisen-300x143.jpg 300w\" sizes=\"(max-width: 740px) 100vw, 740px\" \/><br \/>\nDie <a href=\"https:\/\/www.urlaubcornwall.de\/Scilly-Inseln\/reiseservice.php\">wundersch\u00f6nen Isles of Scilly<\/a>, die sich lediglich 45km vor der K\u00fcste Cornwalls befinden, sind der perfekte Ort f\u00fcr unvergessliche Flitterwochen. Diese nicht \u00fcberf\u00fcllten, unber\u00fchrten Inseln mit wundersch\u00f6nen Sandstr\u00e4nden und t\u00fcrkisfarbenem Wasser bieten sich perfekt an, um dem Alltag zu entfliehen. Es gibt 5 unbewohnte Inseln: Tresco, St Mary\u2019s, St Martin\u2019s, Bryher und St Agnes. Jede davon bietet etwas anderes, und die weiteren Hunderte von Felsen und kleinen Inseln sind ein Tierparadies. Luxuri\u00f6se Hotels, ruhige, abgeschiedene Str\u00e4nde und ein Gef\u00fchl von Ruhe machen die Isles of Scilly zum idealen Ort f\u00fcr unvergessliche Flitterwochen.<\/p>\n<p><a href=\"https:\/\/www.urlaubcornwall.de\/reiseziel\/lake-district-nationalpark.php\"><strong>Der Lake Distrikt<\/strong><\/a><\/p>\n<p>Der Lake Distrikt ist Englands gr\u00f6\u00dfter Nationalpark und bietet atemberaubende Landschaften. Mit Englands h\u00f6chsten Bergen, gr\u00f6\u00dften Seen und einer spektakul\u00e4ren Landschaft f\u00e4llt es nicht schwer, zu sehen, weshalb das Gebiet so viele K\u00fcnstler, Schriftsteller und romantische Dichter inspiriert hat. Es ist ein romantisches Urlaubsziel f\u00fcr <a href=\"https:\/\/www.urlaubcornwall.de\/reiseziel\/lake-district-nationalpark.php\">perfekte Flitterwochen mit luxuri\u00f6sen Hotels<\/a> an den Ufern der Seen und gem\u00fctlichen Cottages mit wundersch\u00f6nem Blick in ruhiger Lage.<\/p>\n<p><a href=\"https:\/\/www.urlaubcornwall.de\/reiseziel\/cotswolds.php\"><strong>Die Cotswolds<\/strong><\/a><\/p>\n<p><img loading=\"lazy\" class=\"aligncenter size-full wp-image-33671\" src=\"https:\/\/www.urlaubcornwall.de\/blog\/wp-content\/uploads\/2018\/04\/urlaub-cotswolds-bourton-on-the-water.jpg\" alt=\"Flitterwochen Cotswolds\" width=\"746\" height=\"332\" srcset=\"https:\/\/www.urlaubcornwall.de\/blog\/wp-content\/uploads\/2018\/04\/urlaub-cotswolds-bourton-on-the-water.jpg 746w, https:\/\/www.urlaubcornwall.de\/blog\/wp-content\/uploads\/2018\/04\/urlaub-cotswolds-bourton-on-the-water-300x134.jpg 300w\" sizes=\"(max-width: 746px) 100vw, 746px\" \/><br \/>\nDie charmanten D\u00f6rfer und <a href=\"https:\/\/www.urlaubcornwall.de\/reiseziel\/cotswolds.php\">wundersch\u00f6ne l\u00e4ndliche Landschaft der Cotswolds<\/a> sind ideales Urlaubsziel f\u00fcr Flitterwochen im UK. Mit wundersch\u00f6nen Hotels, charmanten B&amp;Bs und urigen Cottages bietet die Gegend etwas f\u00fcr jedermanns Flitterwochenbudget. Die Cotswolds haben eine Menge f\u00fcr Sie im Angebot, was Sie w\u00e4hrend Ihrer Flitterwochen tun k\u00f6nnen; besuchen Sie wundersch\u00f6ne Herrenh\u00e4user, Schl\u00f6sser und pr\u00e4chtige G\u00e4rten, genie\u00dfen Sie Wassersport, Radfahren und Wandern oder machen Sie sich einfach ein Picknick zurecht, das Sie dann in der urig englischen Landschaft essen. Die Cotswolds bieten Ihnen alles, was Sie f\u00fcr unvergessliche Flitterwochen brauchen.<\/p>\n<p><a href=\"https:\/\/www.urlaubcornwall.de\/reiseziel\/devon.php\"><strong>Devon<\/strong><\/a><\/p>\n<p><img loading=\"lazy\" class=\"aligncenter size-full wp-image-33395\" src=\"https:\/\/www.urlaubcornwall.de\/blog\/wp-content\/uploads\/2018\/03\/hotel-sonderangebote-devon.jpg\" alt=\"Flitterwochen England\" width=\"745\" height=\"362\" srcset=\"https:\/\/www.urlaubcornwall.de\/blog\/wp-content\/uploads\/2018\/03\/hotel-sonderangebote-devon.jpg 745w, https:\/\/www.urlaubcornwall.de\/blog\/wp-content\/uploads\/2018\/03\/hotel-sonderangebote-devon-300x146.jpg 300w\" sizes=\"(max-width: 745px) 100vw, 745px\" \/><br \/>\nDevon mit seinen beiden <a href=\"https:\/\/www.urlaubcornwall.de\/reiseziel\/devon.php\">herrlichen K\u00fcsten \u2013 Nord- und S\u00fcddevon<\/a>, zwei Nationalparks \u2013 Exmoor und Dartmoor, sowie f\u00fcnf offiziellen Gebieten hervorragender Natursch\u00f6nheit, bietet w\u00e4hrend Flitterwochen jede Menge zu sehen und zu tun. Es gibt wundersch\u00f6ne Sandstr\u00e4nde, abgeschiedene Buchten, urige kleine D\u00f6rfer und typisch englische Dorfkneipen, wo Sie k\u00f6stliche Speisen und \u00f6rtlich gebraute Biere genie\u00dfen k\u00f6nnen. Mit einer gro\u00dfen Bannbreite an Unterk\u00fcnften, von Schl\u00f6ssern, Gutsh\u00e4usern, luxuri\u00f6sen Hotels am Meer, B&amp;Bs und charmanten Cottages, gibt es etwas f\u00fcr jedermanns Flitterwochenbudget.<\/p>\n<p><a href=\"https:\/\/www.urlaubcornwall.de\/blog\/urlaub-insel-skye-sehenswuerdigkeiten-geschichte-und-unterkunft\/\"><strong>Isle of Skye<\/strong><\/a><\/p>\n<p>Die wundersch\u00f6ne <a href=\"https:\/\/www.urlaubcornwall.de\/reiseziel\/schottland.php\">Isle of Skye vor der Westk\u00fcste Schottlands<\/a> ist der perfekte Ort f\u00fcr wundervolle Flitterwochen. Skye ist die gr\u00f6\u00dfte Insel der Inneren Hebriden mit einer der spektakul\u00e4rsten Landschaften der gesamten Welt. Diese magische Insel hat eine dramatische K\u00fcste, zerkl\u00fcftete Berge, charmante D\u00f6rfer und eine faszinierende Geschichte. Verweilen Sie in einem der wundersch\u00f6nen Landhaushotels oder Hotels am See, einem B&amp;B, einem gem\u00fctlichen Cottage oder, wenn Sie etwas Besonderes suchen, in einer romantischen Sch\u00e4ferh\u00fctte. Was immer Sie auch w\u00e4hlen, es wird perfekt sein f\u00fcr unvergessliche Flitterwochen.<\/p>\n","protected":false},"excerpt":{"rendered":"<p>Wenn Sie unvergessliche Flitterwochen in wundersch\u00f6ner, herrlicher Landschaft suchen, dann brauchen Sie nicht \u00fcber Gro\u00dfbritannien hinausgehen. Ob Sie nun die spektakul\u00e4re Landschaft der schottischen Highlands aufsuchen oder die h\u00fcbschen K\u00fcstend\u00f6rfer in Cornwall erkunden, so werden Sie nicht entt\u00e4uscht werden, wenn Sie diese \u00d6rtlichkeiten f\u00fcr Ihren romantischen Flitterwochenurlaub w\u00e4hlen. Wir hier von UrlaubCornwall bieten pers\u00f6nlichen Service [&hellip;]<\/p>\n","protected":false},"author":1,"featured_media":0,"parent":0,"menu_order":0,"comment_status":"closed","ping_status":"closed","template":"single-four.php","meta":[],"acf":[],"yoast_head":"<!-- This site is optimized with the Yoast SEO plugin v19.4 - https:\/\/yoast.com\/wordpress\/plugins\/seo\/ -->\n<title>Die sch\u00f6nsten Urlaubsziele f\u00fcr Flitterwochen im Gro\u00dfbritannien. - Urlaub &amp; Reisen<\/title>\n<meta name=\"robots\" content=\"index, follow, max-snippet:-1, max-image-preview:large, max-video-preview:-1\" \/>\n<link rel=\"canonical\" href=\"https:\/\/www.urlaubcornwall.de\/blog\/die-schoensten-urlaubsziele-fuer-flitterwochen-im-grossbritannien\/\" \/>\n<meta property=\"og:locale\" content=\"en_US\" \/>\n<meta property=\"og:type\" content=\"article\" \/>\n<meta property=\"og:title\" content=\"Die sch\u00f6nsten Urlaubsziele f\u00fcr Flitterwochen im Gro\u00dfbritannien. - Urlaub &amp; Reisen\" \/>\n<meta property=\"og:description\" content=\"Wenn Sie unvergessliche Flitterwochen in wundersch\u00f6ner, herrlicher Landschaft suchen, dann brauchen Sie nicht \u00fcber Gro\u00dfbritannien hinausgehen. Ob Sie nun die spektakul\u00e4re Landschaft der schottischen Highlands aufsuchen oder die h\u00fcbschen K\u00fcstend\u00f6rfer in Cornwall erkunden, so werden Sie nicht entt\u00e4uscht werden, wenn Sie diese \u00d6rtlichkeiten f\u00fcr Ihren romantischen Flitterwochenurlaub w\u00e4hlen. Wir hier von UrlaubCornwall bieten pers\u00f6nlichen Service [&hellip;]\" \/>\n<meta property=\"og:url\" content=\"https:\/\/www.urlaubcornwall.de\/blog\/die-schoensten-urlaubsziele-fuer-flitterwochen-im-grossbritannien\/\" \/>\n<meta property=\"og:site_name\" content=\"Urlaub &amp; Reisen\" \/>\n<meta property=\"article:modified_time\" content=\"2024-02-28T07:07:23+00:00\" \/>\n<meta property=\"og:image\" content=\"https:\/\/www.urlaubcornwall.de\/blog\/wp-content\/uploads\/2015\/10\/Scilly-reisen.jpg\" \/>\n<meta name=\"twitter:card\" content=\"summary\" \/>\n<meta name=\"twitter:label1\" content=\"Est. reading time\" \/>\n\t<meta name=\"twitter:data1\" content=\"4 minutes\" \/>\n<script type=\"application\/ld+json\" class=\"yoast-schema-graph\">{\"@context\":\"https:\/\/schema.org\",\"@graph\":[{\"@type\":\"WebSite\",\"@id\":\"https:\/\/www.urlaubcornwall.de\/blog\/#website\",\"url\":\"https:\/\/www.urlaubcornwall.de\/blog\/\",\"name\":\"Urlaub &amp; Reisen\",\"description\":\"Urlaub, Reisen, Cornwall und S\u00fcdengland: eine perfekte Kombination\",\"potentialAction\":[{\"@type\":\"SearchAction\",\"target\":{\"@type\":\"EntryPoint\",\"urlTemplate\":\"https:\/\/www.urlaubcornwall.de\/blog\/?s={search_term_string}\"},\"query-input\":\"required name=search_term_string\"}],\"inLanguage\":\"en-US\"},{\"@type\":\"WebPage\",\"@id\":\"https:\/\/www.urlaubcornwall.de\/blog\/die-schoensten-urlaubsziele-fuer-flitterwochen-im-grossbritannien\/\",\"url\":\"https:\/\/www.urlaubcornwall.de\/blog\/die-schoensten-urlaubsziele-fuer-flitterwochen-im-grossbritannien\/\",\"name\":\"Die sch\u00f6nsten Urlaubsziele f\u00fcr Flitterwochen im Gro\u00dfbritannien. - Urlaub &amp; Reisen\",\"isPartOf\":{\"@id\":\"https:\/\/www.urlaubcornwall.de\/blog\/#website\"},\"datePublished\":\"2018-06-20T11:29:34+00:00\",\"dateModified\":\"2024-02-28T07:07:23+00:00\",\"breadcrumb\":{\"@id\":\"https:\/\/www.urlaubcornwall.de\/blog\/die-schoensten-urlaubsziele-fuer-flitterwochen-im-grossbritannien\/#breadcrumb\"},\"inLanguage\":\"en-US\",\"potentialAction\":[{\"@type\":\"ReadAction\",\"target\":[\"https:\/\/www.urlaubcornwall.de\/blog\/die-schoensten-urlaubsziele-fuer-flitterwochen-im-grossbritannien\/\"]}]},{\"@type\":\"BreadcrumbList\",\"@id\":\"https:\/\/www.urlaubcornwall.de\/blog\/die-schoensten-urlaubsziele-fuer-flitterwochen-im-grossbritannien\/#breadcrumb\",\"itemListElement\":[{\"@type\":\"ListItem\",\"position\":1,\"name\":\"Home\",\"item\":\"https:\/\/www.urlaubcornwall.de\/blog\/\"},{\"@type\":\"ListItem\",\"position\":2,\"name\":\"Die sch\u00f6nsten Urlaubsziele f\u00fcr Flitterwochen im Gro\u00dfbritannien.\"}]}]}<\/script>\n<!-- \/ Yoast SEO plugin. -->","yoast_head_json":{"title":"Die sch\u00f6nsten Urlaubsziele f\u00fcr Flitterwochen im Gro\u00dfbritannien. - Urlaub &amp; Reisen","robots":{"index":"index","follow":"follow","max-snippet":"max-snippet:-1","max-image-preview":"max-image-preview:large","max-video-preview":"max-video-preview:-1"},"canonical":"https:\/\/www.urlaubcornwall.de\/blog\/die-schoensten-urlaubsziele-fuer-flitterwochen-im-grossbritannien\/","og_locale":"en_US","og_type":"article","og_title":"Die sch\u00f6nsten Urlaubsziele f\u00fcr Flitterwochen im Gro\u00dfbritannien. - Urlaub &amp; Reisen","og_description":"Wenn Sie unvergessliche Flitterwochen in wundersch\u00f6ner, herrlicher Landschaft suchen, dann brauchen Sie nicht \u00fcber Gro\u00dfbritannien hinausgehen. Ob Sie nun die spektakul\u00e4re Landschaft der schottischen Highlands aufsuchen oder die h\u00fcbschen K\u00fcstend\u00f6rfer in Cornwall erkunden, so werden Sie nicht entt\u00e4uscht werden, wenn Sie diese \u00d6rtlichkeiten f\u00fcr Ihren romantischen Flitterwochenurlaub w\u00e4hlen. Wir hier von UrlaubCornwall bieten pers\u00f6nlichen Service [&hellip;]","og_url":"https:\/\/www.urlaubcornwall.de\/blog\/die-schoensten-urlaubsziele-fuer-flitterwochen-im-grossbritannien\/","og_site_name":"Urlaub &amp; Reisen","article_modified_time":"2024-02-28T07:07:23+00:00","og_image":[{"url":"https:\/\/www.urlaubcornwall.de\/blog\/wp-content\/uploads\/2015\/10\/Scilly-reisen.jpg"}],"twitter_card":"summary","twitter_misc":{"Est. reading time":"4 minutes"},"schema":{"@context":"https:\/\/schema.org","@graph":[{"@type":"WebSite","@id":"https:\/\/www.urlaubcornwall.de\/blog\/#website","url":"https:\/\/www.urlaubcornwall.de\/blog\/","name":"Urlaub &amp; Reisen","description":"Urlaub, Reisen, Cornwall und S\u00fcdengland: eine perfekte Kombination","potentialAction":[{"@type":"SearchAction","target":{"@type":"EntryPoint","urlTemplate":"https:\/\/www.urlaubcornwall.de\/blog\/?s={search_term_string}"},"query-input":"required name=search_term_string"}],"inLanguage":"en-US"},{"@type":"WebPage","@id":"https:\/\/www.urlaubcornwall.de\/blog\/die-schoensten-urlaubsziele-fuer-flitterwochen-im-grossbritannien\/","url":"https:\/\/www.urlaubcornwall.de\/blog\/die-schoensten-urlaubsziele-fuer-flitterwochen-im-grossbritannien\/","name":"Die sch\u00f6nsten Urlaubsziele f\u00fcr Flitterwochen im Gro\u00dfbritannien. - Urlaub &amp; Reisen","isPartOf":{"@id":"https:\/\/www.urlaubcornwall.de\/blog\/#website"},"datePublished":"2018-06-20T11:29:34+00:00","dateModified":"2024-02-28T07:07:23+00:00","breadcrumb":{"@id":"https:\/\/www.urlaubcornwall.de\/blog\/die-schoensten-urlaubsziele-fuer-flitterwochen-im-grossbritannien\/#breadcrumb"},"inLanguage":"en-US","potentialAction":[{"@type":"ReadAction","target":["https:\/\/www.urlaubcornwall.de\/blog\/die-schoensten-urlaubsziele-fuer-flitterwochen-im-grossbritannien\/"]}]},{"@type":"BreadcrumbList","@id":"https:\/\/www.urlaubcornwall.de\/blog\/die-schoensten-urlaubsziele-fuer-flitterwochen-im-grossbritannien\/#breadcrumb","itemListElement":[{"@type":"ListItem","position":1,"name":"Home","item":"https:\/\/www.urlaubcornwall.de\/blog\/"},{"@type":"ListItem","position":2,"name":"Die sch\u00f6nsten Urlaubsziele f\u00fcr Flitterwochen im Gro\u00dfbritannien."}]}]}},"_links":{"self":[{"href":"https:\/\/www.urlaubcornwall.de\/blog\/wp-json\/wp\/v2\/pages\/33910"}],"collection":[{"href":"https:\/\/www.urlaubcornwall.de\/blog\/wp-json\/wp\/v2\/pages"}],"about":[{"href":"https:\/\/www.urlaubcornwall.de\/blog\/wp-json\/wp\/v2\/types\/page"}],"author":[{"embeddable":true,"href":"https:\/\/www.urlaubcornwall.de\/blog\/wp-json\/wp\/v2\/users\/1"}],"replies":[{"embeddable":true,"href":"https:\/\/www.urlaubcornwall.de\/blog\/wp-json\/wp\/v2\/comments?post=33910"}],"version-history":[{"count":6,"href":"https:\/\/www.urlaubcornwall.de\/blog\/wp-json\/wp\/v2\/pages\/33910\/revisions"}],"predecessor-version":[{"id":47718,"href":"https:\/\/www.urlaubcornwall.de\/blog\/wp-json\/wp\/v2\/pages\/33910\/revisions\/47718"}],"wp:attachment":[{"href":"https:\/\/www.urlaubcornwall.de\/blog\/wp-json\/wp\/v2\/media?parent=33910"}],"curies":[{"name":"wp","href":"https:\/\/api.w.org\/{rel}","templated":true}]}}