{"id":33898,"date":"2018-06-15T13:59:25","date_gmt":"2018-06-15T13:59:25","guid":{"rendered":"https:\/\/www.urlaubcornwall.de\/blog\/?page_id=33898"},"modified":"2024-04-15T15:39:22","modified_gmt":"2024-04-15T15:39:22","slug":"cornwalls-kulinarische-spezialitaeten-essen-und-trinken","status":"publish","type":"page","link":"https:\/\/www.urlaubcornwall.de\/blog\/cornwalls-kulinarische-spezialitaeten-essen-und-trinken\/","title":{"rendered":"Cornwalls kulinarische Spezialit\u00e4ten \u2013 Essen und Trinken"},"content":{"rendered":"<p><img loading=\"lazy\" class=\"aligncenter size-full wp-image-33899\" src=\"https:\/\/www.urlaubcornwall.de\/blog\/wp-content\/uploads\/2018\/06\/cornish-pasty.jpg\" alt=\"cornish pasty\" width=\"749\" height=\"400\"\/><\/p>\n<p>Neben seinen weltbekannten Str\u00e4nden, der K\u00fcste und <a href=\"https:\/\/www.urlaubcornwall.de\/reiseziel\/cornwall.php\">atemberaubender Natursch\u00f6nheit wurde Cornwall<\/a> w\u00e4hrend der letzten Jahre bei Liebhabern gro\u00dfartiger Speisen auch zur beliebtesten Region des UK. Die traditionellen Gerichte der Grafschaft, die zunehmende Beliebtheit von Meeresfr\u00fcchten und die Anzahl an mit Michelin-Sternen ausgezeichneten Restaurants in Cornwall lie\u00df es zur ultimativen Urlaubsregion f\u00fcr Speiseliebhaber werden.<\/p>\n<p>Wenn Sie also daher <a href=\"https:\/\/www.urlaubcornwall.de\/ferienhaeuser\/cornwall.php\">nach Cornwall kommen und in einem Ferienhaus wohnen<\/a> werden, so lesen Sie ruhig weiter, damit Sie sehen, welche traditionellen cornischen Gerichte und einzigartige Mahlzeiten Sie w\u00e4hrend Ihres Urlaubs probieren sollten.<\/p>\n<p><strong>Cornish Pasties<\/strong> &#8211; Urspr\u00fcnglich f\u00fcr die Bergarbeiter in Cornwall gemacht, wird diese Teigtasche mit einer Fleisch- und Gem\u00fcsef\u00fcllung allgegenw\u00e4rtig in den meisten St\u00e4dten und D\u00f6rfern verkauft. Die gew\u00f6hnliche F\u00fcllung besteht aus Rindfleisch, R\u00fcbe und Kartoffeln, kann jedoch so gut wie alles andere auch enthalten.<\/p>\n<p><img loading=\"lazy\" class=\"aligncenter size-full wp-image-40251\" src=\"https:\/\/www.urlaubcornwall.de\/blog\/wp-content\/uploads\/2020\/06\/fish_and_chips-1.jpg\" alt=\"fish_and_chips_cornwall\" width=\"749\" height=\"417\"\/><br \/>\n<strong>Fisch und Pommes &#8211; Fish and Chips<\/strong> &#8211; Die Fischerh\u00e4fen von Cornwall eignen sich am besten, um eine typisch cornische \u2018fish and chips\u2018- Erfahrung zu machen. Obwohl Rick Stein <a href=\"https:\/\/www.urlaubcornwall.de\/blog\/cornwalls-beste-fish-and-chip-restaurants\/\">\u2018fish and chips\u2019<\/a> Ketten im gesamten Cornwall verstreut hat, befindet sich sein \u2018Flagschiffgesch\u00e4ft\u2019 in Padstow, wo sich das ganze Jahr \u00fcber Schlangen drau\u00dfen vor der T\u00fcr bilden. Der Fisch wird in hausgemachtem Teig gekocht und dann in R\u00f6stfett frittiert, um den ganz besonderen Geschmack und die Knusprigkeit zu erlangen.<\/p>\n<p><img loading=\"lazy\" class=\"aligncenter size-full wp-image-33901\" src=\"https:\/\/www.urlaubcornwall.de\/blog\/wp-content\/uploads\/2018\/06\/Cornish-Yarg.jpg\" alt=\"Cornish Yarg\" width=\"749\" height=\"399\" srcset=\"https:\/\/www.urlaubcornwall.de\/blog\/wp-content\/uploads\/2018\/06\/Cornish-Yarg.jpg 749w, https:\/\/www.urlaubcornwall.de\/blog\/wp-content\/uploads\/2018\/06\/Cornish-Yarg-300x160.jpg 300w\" sizes=\"(max-width: 749px) 100vw, 749px\" \/><br \/>\n<strong>Yarg Cheese<\/strong> &#8211; Dieser feuchte K\u00e4se vom Bodmin Moor ist bedeckt mit Nesseln und die bestbekannte der cornischen K\u00e4sesorten, die w\u00e4hrend der vergangenen Jahre in Erscheinung traten. Es gibt auch eine Version mit Knoblauchgeschmack.<\/p>\n<p><strong>Cornish Saffron Bun<\/strong> &#8211; Das cornischer Safranbr\u00f6tchen ist eine s\u00fc\u00dfe K\u00f6stlichkeit und eine traditionell cornische Speise. Safranbr\u00f6tchen finden Sie im gesamten Cornwall in B\u00e4ckereien; ein reichhaltiges Hefebr\u00f6tchen mit lebendiger Gelbf\u00e4rbung aufgrund frischen Safrans und gef\u00fcllt mit Rosinen. <\/p>\n<div class=\"snippet\"> <a class=\"featured-item\" href=\" https:\/\/www.urlaubcornwall.de\/reiseziel\/cornwall.php\"> <span class=\"image-holder\" style=\"background-image: url('https:\/\/www.urlaubcornwall.de\/blog\/wp-content\/uploads\/2018\/12\/ferienhaus-cornwall-mit-hund.jpg');\"><\/span> <span class=\"featured-content\"> \n<h2 class=\"featured-title\">Urlaub in Cornwall<\/h2>\n<p class=\"featured-body\">Herzlich Willkommen bei UrlaubCornwall.de, dem perfekten Begleiter f\u00fcr Ihren Urlaub in Cornwall. Mit Sitz in Cornwall haben wir eine Leidenschaft f\u00fcr Urlaube und Reisen durch S\u00fcdengland. Anders als normale Reisef\u00fchrer geben wir Ihnen einen wahren Einblick in diese wundersch\u00f6ne Gegend mit ihrer atemberaubenden Landschaft, reichhaltigen Kultur und abwechslungsreichen Veranstaltungen. <\/p>\n<\/span> <span class=\"featured-link-holder\"> <span class=\"featured-extra-info\"> \n<p> F\u00fcr Paare, Familien &#038; Gruppen<\/p>\n<\/span> \n<p class=\"featured-link\">Lesen Sie mehr<\/p>\n<\/span> <\/a><\/div>\n<p>Dieser geschmacklich delikate \u2018Kuchen\u2018 kann aufgeschnitten und mit Butter, getoastet oder frisch genossen werden. Obwohl das Br\u00f6tchen nun das ganze Jahr \u00fcber gegessen wird, wurde es traditionellerweise lediglich zu festlichen Gelegenheiten wie Weihnachten und Ostern verspeist.<\/p>\n<p><strong>Cornische Sardinen<\/strong> &#8211; Urspr\u00fcnglich bekannt als \u2018Pilchards\u2019 waren diese Fische die Haupteinkommensquelle der Fischindustrie, bis um das Jahr 1914 herum ihre Zahl aufgrund der \u00dcberfischung schwand. Die Anzahl hat sich mittlerweile erholt, und der Fisch taucht auf den Speisekarten vieler Restaurants und Kneipen auf.<\/p>\n<p><strong>Hummer<\/strong> &#8211; Hoch aufget\u00fcrmte Hummerk\u00f6rbe in den Fischerh\u00e4fen zeugen von einer Reichhaltigkeit an Hummern vor der K\u00fcste Cornwalls. Diese Delikatesse kann gegrillt werden, doch schmeckt Hummer normalerweise am besten mit einer einfachen Sauce.<\/p>\n<p><img loading=\"lazy\" class=\"aligncenter size-full wp-image-33902\" src=\"https:\/\/www.urlaubcornwall.de\/blog\/wp-content\/uploads\/2018\/06\/cornish-clotted-cream.jpg\" alt=\"cornish-clotted-cream\" width=\"748\" height=\"374\" srcset=\"https:\/\/www.urlaubcornwall.de\/blog\/wp-content\/uploads\/2018\/06\/cornish-clotted-cream.jpg 748w, https:\/\/www.urlaubcornwall.de\/blog\/wp-content\/uploads\/2018\/06\/cornish-clotted-cream-300x150.jpg 300w\" sizes=\"(max-width: 748px) 100vw, 748px\" \/><\/p>\n<p><strong>Clotted Cream<\/strong> &#8211; Wenn Sie Urlaub in Cornwall verbringen, m\u00fcssen Sie unbedingt die bekannte cornische geschlagene Creme \/ Klumpcreme probieren. Sie entsteht, wenn unpasteurisierte Milch mit Hilfe von Dampf erhitzt wird. Wenn die Creme abk\u00fchlt, beginnt sie zu klumpen (daher der Name), und das Endprodukt ist eine herrlich dicke Creme, die normalerweise auf Br\u00f6tchen oder Brot gestrichen wird und gew\u00f6hnlicherweise auch zu einer Schale Erdbeeren gereicht wird.<\/p>\n<p><strong>English Cream Tea<\/strong> &#8211; Am h\u00e4ufigsten finden Sie \u2018clotted cream\u2019 als Teil eines traditionellen Cream Teas, der aus ofenfrischen Br\u00f6tchen besteht, dick aufgetragener Creme und einer Menge Erdbeermarmelade. In Cornwall streicht man die Marmelade zuerst auf, dann die Creme \u2026. in Devon kommt die Creme zuerst.<\/p>\n<p><img loading=\"lazy\" class=\"aligncenter size-full wp-image-339032\" src=\"https:\/\/www.urlaubcornwall.de\/blog\/wp-content\/uploads\/2018\/06\/cornwall-bier.jpg\" alt=\"cornwall bier\" width=\"748\" height=\"443\"\/><\/p>\n<p><strong>Bier<\/strong> &#8211; Obwohl Cornwall f\u00fcr seinen Apfelpunsch bekannt ist, wurden w\u00e4hrend der letzten Jahre traditionelle Biersorten immer beliebter. In der Tat werden cornische Biere wie Doom Bar aus Padstow und Tribute aus St Austell im gesamten England verkauft.<\/p>\n<p><strong>Wein<\/strong> &#8211; In vielen Teilen Cornwalls finden Sie Weing\u00e4rten, die international bekannte Weine produzieren. Im Camel Valley finden Sie unsere Version von \u201cChampagner\u201d mit preisgekr\u00f6nten Wei\u00df- und Ros\u00e9sekten.<\/p>\n<div class=\"snippet\"> <a class=\"featured-item\" href=\" https:\/\/www.urlaubcornwall.de\/ferienhaeuser\/cornwall.php\"> <span class=\"image-holder\" style=\"background-image: url('https:\/\/www.urlaubcornwall.de\/blog\/wp-content\/uploads\/2018\/12\/familienurlaub-corwnall-snippet.jpg');\"><\/span> <span class=\"featured-content\"> \n<h2 class=\"featured-title\">Ferienh\u00e4user in Cornwall<\/h2>\n<p class=\"featured-body\">Bei uns finden Sie Ferienh\u00e4user zum Verlieben; so einfach ist das!Cornwall besitzt mehr K\u00fcstenlinien als jede andere Grafschaft und bietet einige der besten Str\u00e4nde, K\u00fcstenwanderwege und Klippenlandschaften, die man \u00fcberhaupt finden kann&#8230;.<\/p>\n<\/span> <span class=\"featured-link-holder\"> <span class=\"featured-extra-info\"> \n<p> F\u00fcr Paare, Familien &#038; Gruppen<\/p>\n<\/span> \n<p class=\"featured-link\">DETAILS<\/p>\n<\/span> <\/a><\/div>\n","protected":false},"excerpt":{"rendered":"<p>Neben seinen weltbekannten Str\u00e4nden, der K\u00fcste und atemberaubender Natursch\u00f6nheit wurde Cornwall w\u00e4hrend der letzten Jahre bei Liebhabern gro\u00dfartiger Speisen auch zur beliebtesten Region des UK. Die traditionellen Gerichte der Grafschaft, die zunehmende Beliebtheit von Meeresfr\u00fcchten und die Anzahl an mit Michelin-Sternen ausgezeichneten Restaurants in Cornwall lie\u00df es zur ultimativen Urlaubsregion f\u00fcr Speiseliebhaber werden. Wenn Sie [&hellip;]<\/p>\n","protected":false},"author":1,"featured_media":0,"parent":0,"menu_order":0,"comment_status":"closed","ping_status":"closed","template":"single-four.php","meta":[],"acf":[],"yoast_head":"<!-- This site is optimized with the Yoast SEO plugin v19.4 - https:\/\/yoast.com\/wordpress\/plugins\/seo\/ -->\n<title>Cornwalls kulinarische Spezialit\u00e4ten \u2013 Essen und Trinken - Urlaub &amp; Reisen<\/title>\n<meta name=\"robots\" content=\"index, follow, max-snippet:-1, max-image-preview:large, max-video-preview:-1\" \/>\n<link rel=\"canonical\" href=\"https:\/\/www.urlaubcornwall.de\/blog\/cornwalls-kulinarische-spezialitaeten-essen-und-trinken\/\" \/>\n<meta property=\"og:locale\" content=\"en_US\" \/>\n<meta property=\"og:type\" content=\"article\" \/>\n<meta property=\"og:title\" content=\"Cornwalls kulinarische Spezialit\u00e4ten \u2013 Essen und Trinken - Urlaub &amp; Reisen\" \/>\n<meta property=\"og:description\" content=\"Neben seinen weltbekannten Str\u00e4nden, der K\u00fcste und atemberaubender Natursch\u00f6nheit wurde Cornwall w\u00e4hrend der letzten Jahre bei Liebhabern gro\u00dfartiger Speisen auch zur beliebtesten Region des UK. Die traditionellen Gerichte der Grafschaft, die zunehmende Beliebtheit von Meeresfr\u00fcchten und die Anzahl an mit Michelin-Sternen ausgezeichneten Restaurants in Cornwall lie\u00df es zur ultimativen Urlaubsregion f\u00fcr Speiseliebhaber werden. Wenn Sie [&hellip;]\" \/>\n<meta property=\"og:url\" content=\"https:\/\/www.urlaubcornwall.de\/blog\/cornwalls-kulinarische-spezialitaeten-essen-und-trinken\/\" \/>\n<meta property=\"og:site_name\" content=\"Urlaub &amp; Reisen\" \/>\n<meta property=\"article:modified_time\" content=\"2024-04-15T15:39:22+00:00\" \/>\n<meta property=\"og:image\" content=\"https:\/\/www.urlaubcornwall.de\/blog\/wp-content\/uploads\/2018\/06\/cornish-pasty.jpg\" \/>\n<meta name=\"twitter:card\" content=\"summary\" \/>\n<meta name=\"twitter:label1\" content=\"Est. reading time\" \/>\n\t<meta name=\"twitter:data1\" content=\"4 minutes\" \/>\n<script type=\"application\/ld+json\" class=\"yoast-schema-graph\">{\"@context\":\"https:\/\/schema.org\",\"@graph\":[{\"@type\":\"WebSite\",\"@id\":\"https:\/\/www.urlaubcornwall.de\/blog\/#website\",\"url\":\"https:\/\/www.urlaubcornwall.de\/blog\/\",\"name\":\"Urlaub &amp; Reisen\",\"description\":\"Urlaub, Reisen, Cornwall und S\u00fcdengland: eine perfekte Kombination\",\"potentialAction\":[{\"@type\":\"SearchAction\",\"target\":{\"@type\":\"EntryPoint\",\"urlTemplate\":\"https:\/\/www.urlaubcornwall.de\/blog\/?s={search_term_string}\"},\"query-input\":\"required name=search_term_string\"}],\"inLanguage\":\"en-US\"},{\"@type\":\"WebPage\",\"@id\":\"https:\/\/www.urlaubcornwall.de\/blog\/cornwalls-kulinarische-spezialitaeten-essen-und-trinken\/\",\"url\":\"https:\/\/www.urlaubcornwall.de\/blog\/cornwalls-kulinarische-spezialitaeten-essen-und-trinken\/\",\"name\":\"Cornwalls kulinarische Spezialit\u00e4ten \u2013 Essen und Trinken - Urlaub &amp; Reisen\",\"isPartOf\":{\"@id\":\"https:\/\/www.urlaubcornwall.de\/blog\/#website\"},\"datePublished\":\"2018-06-15T13:59:25+00:00\",\"dateModified\":\"2024-04-15T15:39:22+00:00\",\"breadcrumb\":{\"@id\":\"https:\/\/www.urlaubcornwall.de\/blog\/cornwalls-kulinarische-spezialitaeten-essen-und-trinken\/#breadcrumb\"},\"inLanguage\":\"en-US\",\"potentialAction\":[{\"@type\":\"ReadAction\",\"target\":[\"https:\/\/www.urlaubcornwall.de\/blog\/cornwalls-kulinarische-spezialitaeten-essen-und-trinken\/\"]}]},{\"@type\":\"BreadcrumbList\",\"@id\":\"https:\/\/www.urlaubcornwall.de\/blog\/cornwalls-kulinarische-spezialitaeten-essen-und-trinken\/#breadcrumb\",\"itemListElement\":[{\"@type\":\"ListItem\",\"position\":1,\"name\":\"Home\",\"item\":\"https:\/\/www.urlaubcornwall.de\/blog\/\"},{\"@type\":\"ListItem\",\"position\":2,\"name\":\"Cornwalls kulinarische Spezialit\u00e4ten \u2013 Essen und Trinken\"}]}]}<\/script>\n<!-- \/ Yoast SEO plugin. -->","yoast_head_json":{"title":"Cornwalls kulinarische Spezialit\u00e4ten \u2013 Essen und Trinken - Urlaub &amp; Reisen","robots":{"index":"index","follow":"follow","max-snippet":"max-snippet:-1","max-image-preview":"max-image-preview:large","max-video-preview":"max-video-preview:-1"},"canonical":"https:\/\/www.urlaubcornwall.de\/blog\/cornwalls-kulinarische-spezialitaeten-essen-und-trinken\/","og_locale":"en_US","og_type":"article","og_title":"Cornwalls kulinarische Spezialit\u00e4ten \u2013 Essen und Trinken - Urlaub &amp; Reisen","og_description":"Neben seinen weltbekannten Str\u00e4nden, der K\u00fcste und atemberaubender Natursch\u00f6nheit wurde Cornwall w\u00e4hrend der letzten Jahre bei Liebhabern gro\u00dfartiger Speisen auch zur beliebtesten Region des UK. Die traditionellen Gerichte der Grafschaft, die zunehmende Beliebtheit von Meeresfr\u00fcchten und die Anzahl an mit Michelin-Sternen ausgezeichneten Restaurants in Cornwall lie\u00df es zur ultimativen Urlaubsregion f\u00fcr Speiseliebhaber werden. Wenn Sie [&hellip;]","og_url":"https:\/\/www.urlaubcornwall.de\/blog\/cornwalls-kulinarische-spezialitaeten-essen-und-trinken\/","og_site_name":"Urlaub &amp; Reisen","article_modified_time":"2024-04-15T15:39:22+00:00","og_image":[{"url":"https:\/\/www.urlaubcornwall.de\/blog\/wp-content\/uploads\/2018\/06\/cornish-pasty.jpg"}],"twitter_card":"summary","twitter_misc":{"Est. reading time":"4 minutes"},"schema":{"@context":"https:\/\/schema.org","@graph":[{"@type":"WebSite","@id":"https:\/\/www.urlaubcornwall.de\/blog\/#website","url":"https:\/\/www.urlaubcornwall.de\/blog\/","name":"Urlaub &amp; Reisen","description":"Urlaub, Reisen, Cornwall und S\u00fcdengland: eine perfekte Kombination","potentialAction":[{"@type":"SearchAction","target":{"@type":"EntryPoint","urlTemplate":"https:\/\/www.urlaubcornwall.de\/blog\/?s={search_term_string}"},"query-input":"required name=search_term_string"}],"inLanguage":"en-US"},{"@type":"WebPage","@id":"https:\/\/www.urlaubcornwall.de\/blog\/cornwalls-kulinarische-spezialitaeten-essen-und-trinken\/","url":"https:\/\/www.urlaubcornwall.de\/blog\/cornwalls-kulinarische-spezialitaeten-essen-und-trinken\/","name":"Cornwalls kulinarische Spezialit\u00e4ten \u2013 Essen und Trinken - Urlaub &amp; Reisen","isPartOf":{"@id":"https:\/\/www.urlaubcornwall.de\/blog\/#website"},"datePublished":"2018-06-15T13:59:25+00:00","dateModified":"2024-04-15T15:39:22+00:00","breadcrumb":{"@id":"https:\/\/www.urlaubcornwall.de\/blog\/cornwalls-kulinarische-spezialitaeten-essen-und-trinken\/#breadcrumb"},"inLanguage":"en-US","potentialAction":[{"@type":"ReadAction","target":["https:\/\/www.urlaubcornwall.de\/blog\/cornwalls-kulinarische-spezialitaeten-essen-und-trinken\/"]}]},{"@type":"BreadcrumbList","@id":"https:\/\/www.urlaubcornwall.de\/blog\/cornwalls-kulinarische-spezialitaeten-essen-und-trinken\/#breadcrumb","itemListElement":[{"@type":"ListItem","position":1,"name":"Home","item":"https:\/\/www.urlaubcornwall.de\/blog\/"},{"@type":"ListItem","position":2,"name":"Cornwalls kulinarische Spezialit\u00e4ten \u2013 Essen und Trinken"}]}]}},"_links":{"self":[{"href":"https:\/\/www.urlaubcornwall.de\/blog\/wp-json\/wp\/v2\/pages\/33898"}],"collection":[{"href":"https:\/\/www.urlaubcornwall.de\/blog\/wp-json\/wp\/v2\/pages"}],"about":[{"href":"https:\/\/www.urlaubcornwall.de\/blog\/wp-json\/wp\/v2\/types\/page"}],"author":[{"embeddable":true,"href":"https:\/\/www.urlaubcornwall.de\/blog\/wp-json\/wp\/v2\/users\/1"}],"replies":[{"embeddable":true,"href":"https:\/\/www.urlaubcornwall.de\/blog\/wp-json\/wp\/v2\/comments?post=33898"}],"version-history":[{"count":12,"href":"https:\/\/www.urlaubcornwall.de\/blog\/wp-json\/wp\/v2\/pages\/33898\/revisions"}],"predecessor-version":[{"id":49709,"href":"https:\/\/www.urlaubcornwall.de\/blog\/wp-json\/wp\/v2\/pages\/33898\/revisions\/49709"}],"wp:attachment":[{"href":"https:\/\/www.urlaubcornwall.de\/blog\/wp-json\/wp\/v2\/media?parent=33898"}],"curies":[{"name":"wp","href":"https:\/\/api.w.org\/{rel}","templated":true}]}}