{"id":33891,"date":"2018-06-15T08:46:18","date_gmt":"2018-06-15T08:46:18","guid":{"rendered":"https:\/\/www.urlaubcornwall.de\/blog\/?page_id=33891"},"modified":"2024-05-30T14:33:04","modified_gmt":"2024-05-30T14:33:04","slug":"suchen-sie-einen-guenstigen-urlaub-in-cornwall-hier-sind-6-hilfreiche-tipps","status":"publish","type":"page","link":"https:\/\/www.urlaubcornwall.de\/blog\/suchen-sie-einen-guenstigen-urlaub-in-cornwall-hier-sind-6-hilfreiche-tipps\/","title":{"rendered":"Suchen Sie einen g\u00fcnstigen Urlaub in Cornwall? Hier sind 6 hilfreiche Tipps"},"content":{"rendered":"<p>Es kann schwierig werden, einen <a href=\"https:\/\/www.urlaubcornwall.de\/reiseziel\/cornwall.php\">g\u00fcnstigen Urlaub in Cornwall<\/a> zu finden, doch geben Sie nicht auf. Es ist durchaus m\u00f6glich, Urlaub in Cornwall mit einem kleineren Budget zu machen &#8211; selbst im beliebten Urlaubsort St Ives, f\u00fcr eine ganze Menge weniger Geld mithilfe dieser 6 n\u00fctzlichen Tipps.<\/p>\n<p><img loading=\"lazy\" class=\"aligncenter size-full wp-image-33892\" src=\"https:\/\/www.urlaubcornwall.de\/blog\/wp-content\/uploads\/2018\/06\/Charmante-D\u00f6rfer-cornwall-1.jpg\" alt=\"g\u00fcnstigen Urlaub in Cornwall\" width=\"748\" height=\"444\"\/><br \/>\n<strong>1. Alternativen zu einem Hotel<\/strong> &#8211; Es gibt in Cornwall viele wundersch\u00f6ne Cottages und Ferienh\u00e4user, die anstelle eines Hotels eine perfekte Option f\u00fcr Familien und Paare darstellen. Sie bieten flexible Unterkunft und darunter finden Sie viele tierfreundliche H\u00e4user in den beliebtesten Urlaubsorten.<\/p>\n<p>Wir haben die beste Auswahl an <a href=\"https:\/\/www.urlaubcornwall.de\/ferienhaeuser\/cornwall.php\">pers\u00f6nlich inspizierten Ferienh\u00e4usern in Cornwall im Angebot<\/a>.<\/p>\n<p><img loading=\"lazy\" class=\"aligncenter size-full wp-image-24875\" src=\"https:\/\/www.urlaubcornwall.de\/blog\/wp-content\/uploads\/2016\/08\/Beste-Reisezeit-f\u00fcr-Cornwall.jpg\" alt=\"Beste Reisezeit f\u00fcr Cornwall\" width=\"748\" height=\"390\"\/><\/p>\n<p><strong>2. Reisen Sie au\u00dferhalb der Hochsaison<\/strong> &#8211; Unterkunftspreise w\u00e4hrend der Hochsaison und an Wochenenden sind h\u00e4ufig h\u00f6her. Daher kommen Sie, wenn m\u00f6glich, im Fr\u00fchling oder Herbst. In der Tat sind diese Zeiten oft besser geeignet, die G\u00e4rten und beliebtesten St\u00e4dte und interessante Orte zu besuchen.<\/p>\n<p>Hier finden Sie unseren F\u00fchrer zu den <a href=\"https:\/\/www.urlaubcornwall.de\/blog\/beste-reisezeit-fuer-cornwall\/\">besten Besuchszeiten f\u00fcr Cornwall<\/a>.<\/p>\n<p><img loading=\"lazy\" class=\"aligncenter size-full wp-image-47737\" src=\"https:\/\/www.urlaubcornwall.de\/blog\/wp-content\/uploads\/2024\/02\/st-mawes-hafen.jpg\" alt=\"st mawes hafen\" width=\"750\" height=\"505\" srcset=\"https:\/\/www.urlaubcornwall.de\/blog\/wp-content\/uploads\/2024\/02\/st-mawes-hafen.jpg 750w, https:\/\/www.urlaubcornwall.de\/blog\/wp-content\/uploads\/2024\/02\/st-mawes-hafen-300x202.jpg 300w\" sizes=\"(max-width: 750px) 100vw, 750px\" \/><\/p>\n<p><strong>3. Versuchen Sie es mit der S\u00fcdk\u00fcste<\/strong> &#8211; An der Nordk\u00fcste befinden sich einige der teuersten Orte Cornwalls. Der S\u00fcden hingegen bietet nach wie vor all die Sonne und den Sand, die Sie brauchen, jedoch zu wesentlich geringeren Preisen. Die Roseland Halbinsel ist weniger bekannt, doch bietet sie eine friedvolle Landschaf und wundersch\u00f6ne K\u00fcste. Bleiben Sie in einem der vielz\u00e4hligen h\u00fcbschen Cottages in <a href=\"https:\/\/www.urlaubcornwall.de\/ferienhaeuser-fewos\/mevagissey.html\">Mevagissey<\/a>, <a href=\"https:\/\/www.urlaubcornwall.de\/ferienhaeuser-fewos\/polperro.html\">Polperro<\/a>, <a href=\"https:\/\/www.urlaubcornwall.de\/ferienhaeuser-fewos\/st-mawes.html\">St Mawes<\/a> oder <a href=\"https:\/\/www.urlaubcornwall.de\/ferienhaeuser-fewos\/gorran-haven.html\">Gorran Haven<\/a>.<\/p>\n<p>Hier finden Sie <a href=\"https:\/\/www.urlaubcornwall.de\/ferienhaeuser-fewos\/sued-cornwall.html\">Ferienh\u00e4user an der S\u00fcdk\u00fcste Cornwalls<\/a>.<\/p>\n<p><img loading=\"lazy\" class=\"aligncenter size-full wp-image-47904\" src=\"https:\/\/www.urlaubcornwall.de\/blog\/wp-content\/uploads\/2024\/03\/eden-project-biome_2.jpg\" alt=\"eden project biome_2\" width=\"750\" height=\"482\" srcset=\"https:\/\/www.urlaubcornwall.de\/blog\/wp-content\/uploads\/2024\/03\/eden-project-biome_2.jpg 750w, https:\/\/www.urlaubcornwall.de\/blog\/wp-content\/uploads\/2024\/03\/eden-project-biome_2-300x193.jpg 300w\" sizes=\"(max-width: 750px) 100vw, 750px\" \/><\/p>\n<p><strong>4. Buchen sie im Voraus<\/strong> &#8211; Schauen Sie sich die Websites der Attraktionen an, die Sie besuchen wollen, da sie h\u00e4ufig besondere Angebote haben, und nahezu immer gibt es einen Nachlass auf Onlinebuchungen im Voraus. Zum Beispiel bekommen Sie mit einer Onlinebuchung f\u00fcr das Eden Projekt einen Nachlass von 10%.<\/p>\n<p>Hier finden Sie <a href=\"https:\/\/www.urlaubcornwall.de\/reiseziel\/cornwall\/sehenswuerdigkeiten.php\">unsere empfehlenswerten Highlights in Cornwall<\/a>.<\/p>\n<div class=\"snippet\"> <a class=\"featured-item\" href=\"https:\/\/www.urlaubcornwall.de\/ferienhaeuser\/cornwall.php\"> <span class=\"image-holder\" style=\"background-image: url(' https:\/\/www.urlaubcornwall.de\/blog\/wp-content\/uploads\/2024\/03\/ferienhaus-england-cornwall.jpg ');\"><\/span> <span class=\"featured-content\"> \n<h2 class=\"featured-title\">Ferienh\u00e4user in Cornwall zum Verlieben!<\/h2>\n<p class=\"featured-body\">Cornwall besitzt mehr K\u00fcstenlinien als jede andere Grafschaft und bietet einige der besten Str\u00e4nde, K\u00fcstenwanderwege und Klippenlandschaften, die man \u00fcberhaupt finden kann&#8230;.<\/p><\/span> <span class=\"featured-link-holder\"> <span class=\"featured-extra-info\"> \n<p>F\u00fcr Paare, Familien &#038; Gruppen<\/p>\n<\/span> \n<p class=\"featured-link\">DETAILS<\/p>\n<\/span> <\/a><\/div>\n<p><img loading=\"lazy\" class=\"aligncenter size-full wp-image-8846\" src=\"https:\/\/www.urlaubcornwall.de\/blog\/wp-content\/uploads\/2024\/04\/trerice-insta-1024x952.jpg\" alt=\"trerice\" width=\"750\" height=\"600\"\/><\/p>\n<p><strong>5. Fragen Sie nach, bez\u00fcglich wiederkehrender Besuche<\/strong> &#8211; Wenn es Ihnen bei einer Attraktion gef\u00e4llt, so ist es durchaus wert, nachzufragen, ob Sie einen weiteren Besuch zu reduziertem Preis oder sogar frei bekommen. Einige Attraktionen stempeln Ihre Eintrittskarte beim ersten Besuch, und Sie k\u00f6nnen diese sp\u00e4ter w\u00e4hrend der Woche wiederverwenden.<\/p>\n<p><img loading=\"lazy\" class=\"aligncenter size-full wp-image-33894\" src=\"https:\/\/www.urlaubcornwall.de\/blog\/wp-content\/uploads\/2018\/06\/fal3-1.jpg\" alt=\"restaurant in cornwall\" width=\"748\" height=\"386\"\/><br \/>\n<strong>6. Restaurants<\/strong> &#8211; Wenn Sie einige der gro\u00dfartigen Kneipen und Restaurants in Cornwall besuchen, k\u00f6nnen Sie Geld sparen, indem Sie ein Festpreis-Men\u00fc zur Mittagessenszeit und vor 19 Uhr w\u00e4hlen. Hier sind <a href=\"https:\/\/www.urlaubcornwall.de\/blog\/cornwalls-beste-geheime-restaurants\/\">unsere Lieblingsrestaurants in Cornwall<\/a>.<\/p>\n<div class=\"snippet\"> <a class=\"featured-item\" href=\" https:\/\/www.urlaubcornwall.de\/rundreisen\/cornwall-suedengland.php\"> <span class=\"image-holder\" style=\"background-image: url(' https:\/\/www.urlaubcornwall.de\/blog\/wp-content\/uploads\/2018\/11\/rundreise-cornwall.jpg ');\"><\/span> <span class=\"featured-content\"> \n<h2 class=\"featured-title\">Individuelle Rundreise in Cornwall &#038; S\u00fcdengland<\/h2>\n<p class=\"featured-body\"> Bei dieser Cornwall Rundreise entdecken Sie die H\u00f6hepunkte S\u00fcdenglands. Kultur, Geschichte, Landschaft und heutiges Leben werden Sie hierbei kennenlernen&#8230;<\/p>\n<\/span> <span class=\"featured-link-holder\"> <span class=\"featured-extra-info\"> \n<p>Urlaub im eigenen Schritttempo<\/p>\n<\/span> \n<p class=\"featured-link\">DETAILS<\/p>\n<\/span> <\/a><\/div>\n","protected":false},"excerpt":{"rendered":"<p>Es kann schwierig werden, einen g\u00fcnstigen Urlaub in Cornwall zu finden, doch geben Sie nicht auf. Es ist durchaus m\u00f6glich, Urlaub in Cornwall mit einem kleineren Budget zu machen &#8211; selbst im beliebten Urlaubsort St Ives, f\u00fcr eine ganze Menge weniger Geld mithilfe dieser 6 n\u00fctzlichen Tipps. 1. Alternativen zu einem Hotel &#8211; Es gibt [&hellip;]<\/p>\n","protected":false},"author":1,"featured_media":0,"parent":0,"menu_order":0,"comment_status":"closed","ping_status":"closed","template":"single-four.php","meta":[],"acf":[],"yoast_head":"<!-- This site is optimized with the Yoast SEO plugin v19.4 - https:\/\/yoast.com\/wordpress\/plugins\/seo\/ -->\n<title>Suchen Sie einen g\u00fcnstigen Urlaub in Cornwall? Hier sind 6 hilfreiche Tipps - Urlaub &amp; Reisen<\/title>\n<meta name=\"robots\" content=\"index, follow, max-snippet:-1, max-image-preview:large, max-video-preview:-1\" \/>\n<link rel=\"canonical\" href=\"https:\/\/www.urlaubcornwall.de\/blog\/suchen-sie-einen-guenstigen-urlaub-in-cornwall-hier-sind-6-hilfreiche-tipps\/\" \/>\n<meta property=\"og:locale\" content=\"en_US\" \/>\n<meta property=\"og:type\" content=\"article\" \/>\n<meta property=\"og:title\" content=\"Suchen Sie einen g\u00fcnstigen Urlaub in Cornwall? Hier sind 6 hilfreiche Tipps - Urlaub &amp; Reisen\" \/>\n<meta property=\"og:description\" content=\"Es kann schwierig werden, einen g\u00fcnstigen Urlaub in Cornwall zu finden, doch geben Sie nicht auf. Es ist durchaus m\u00f6glich, Urlaub in Cornwall mit einem kleineren Budget zu machen &#8211; selbst im beliebten Urlaubsort St Ives, f\u00fcr eine ganze Menge weniger Geld mithilfe dieser 6 n\u00fctzlichen Tipps. 1. Alternativen zu einem Hotel &#8211; Es gibt [&hellip;]\" \/>\n<meta property=\"og:url\" content=\"https:\/\/www.urlaubcornwall.de\/blog\/suchen-sie-einen-guenstigen-urlaub-in-cornwall-hier-sind-6-hilfreiche-tipps\/\" \/>\n<meta property=\"og:site_name\" content=\"Urlaub &amp; Reisen\" \/>\n<meta property=\"article:modified_time\" content=\"2024-05-30T14:33:04+00:00\" \/>\n<meta property=\"og:image\" content=\"https:\/\/www.urlaubcornwall.de\/blog\/wp-content\/uploads\/2024\/02\/st-mawes-hafen.jpg\" \/>\n<meta name=\"twitter:card\" content=\"summary\" \/>\n<meta name=\"twitter:label1\" content=\"Est. reading time\" \/>\n\t<meta name=\"twitter:data1\" content=\"4 minutes\" \/>\n<script type=\"application\/ld+json\" class=\"yoast-schema-graph\">{\"@context\":\"https:\/\/schema.org\",\"@graph\":[{\"@type\":\"WebSite\",\"@id\":\"https:\/\/www.urlaubcornwall.de\/blog\/#website\",\"url\":\"https:\/\/www.urlaubcornwall.de\/blog\/\",\"name\":\"Urlaub &amp; Reisen\",\"description\":\"Urlaub, Reisen, Cornwall und S\u00fcdengland: eine perfekte Kombination\",\"potentialAction\":[{\"@type\":\"SearchAction\",\"target\":{\"@type\":\"EntryPoint\",\"urlTemplate\":\"https:\/\/www.urlaubcornwall.de\/blog\/?s={search_term_string}\"},\"query-input\":\"required name=search_term_string\"}],\"inLanguage\":\"en-US\"},{\"@type\":\"WebPage\",\"@id\":\"https:\/\/www.urlaubcornwall.de\/blog\/suchen-sie-einen-guenstigen-urlaub-in-cornwall-hier-sind-6-hilfreiche-tipps\/\",\"url\":\"https:\/\/www.urlaubcornwall.de\/blog\/suchen-sie-einen-guenstigen-urlaub-in-cornwall-hier-sind-6-hilfreiche-tipps\/\",\"name\":\"Suchen Sie einen g\u00fcnstigen Urlaub in Cornwall? Hier sind 6 hilfreiche Tipps - Urlaub &amp; Reisen\",\"isPartOf\":{\"@id\":\"https:\/\/www.urlaubcornwall.de\/blog\/#website\"},\"datePublished\":\"2018-06-15T08:46:18+00:00\",\"dateModified\":\"2024-05-30T14:33:04+00:00\",\"breadcrumb\":{\"@id\":\"https:\/\/www.urlaubcornwall.de\/blog\/suchen-sie-einen-guenstigen-urlaub-in-cornwall-hier-sind-6-hilfreiche-tipps\/#breadcrumb\"},\"inLanguage\":\"en-US\",\"potentialAction\":[{\"@type\":\"ReadAction\",\"target\":[\"https:\/\/www.urlaubcornwall.de\/blog\/suchen-sie-einen-guenstigen-urlaub-in-cornwall-hier-sind-6-hilfreiche-tipps\/\"]}]},{\"@type\":\"BreadcrumbList\",\"@id\":\"https:\/\/www.urlaubcornwall.de\/blog\/suchen-sie-einen-guenstigen-urlaub-in-cornwall-hier-sind-6-hilfreiche-tipps\/#breadcrumb\",\"itemListElement\":[{\"@type\":\"ListItem\",\"position\":1,\"name\":\"Home\",\"item\":\"https:\/\/www.urlaubcornwall.de\/blog\/\"},{\"@type\":\"ListItem\",\"position\":2,\"name\":\"Suchen Sie einen g\u00fcnstigen Urlaub in Cornwall? Hier sind 6 hilfreiche Tipps\"}]}]}<\/script>\n<!-- \/ Yoast SEO plugin. -->","yoast_head_json":{"title":"Suchen Sie einen g\u00fcnstigen Urlaub in Cornwall? Hier sind 6 hilfreiche Tipps - Urlaub &amp; Reisen","robots":{"index":"index","follow":"follow","max-snippet":"max-snippet:-1","max-image-preview":"max-image-preview:large","max-video-preview":"max-video-preview:-1"},"canonical":"https:\/\/www.urlaubcornwall.de\/blog\/suchen-sie-einen-guenstigen-urlaub-in-cornwall-hier-sind-6-hilfreiche-tipps\/","og_locale":"en_US","og_type":"article","og_title":"Suchen Sie einen g\u00fcnstigen Urlaub in Cornwall? Hier sind 6 hilfreiche Tipps - Urlaub &amp; Reisen","og_description":"Es kann schwierig werden, einen g\u00fcnstigen Urlaub in Cornwall zu finden, doch geben Sie nicht auf. Es ist durchaus m\u00f6glich, Urlaub in Cornwall mit einem kleineren Budget zu machen &#8211; selbst im beliebten Urlaubsort St Ives, f\u00fcr eine ganze Menge weniger Geld mithilfe dieser 6 n\u00fctzlichen Tipps. 1. Alternativen zu einem Hotel &#8211; Es gibt [&hellip;]","og_url":"https:\/\/www.urlaubcornwall.de\/blog\/suchen-sie-einen-guenstigen-urlaub-in-cornwall-hier-sind-6-hilfreiche-tipps\/","og_site_name":"Urlaub &amp; Reisen","article_modified_time":"2024-05-30T14:33:04+00:00","og_image":[{"url":"https:\/\/www.urlaubcornwall.de\/blog\/wp-content\/uploads\/2024\/02\/st-mawes-hafen.jpg"}],"twitter_card":"summary","twitter_misc":{"Est. reading time":"4 minutes"},"schema":{"@context":"https:\/\/schema.org","@graph":[{"@type":"WebSite","@id":"https:\/\/www.urlaubcornwall.de\/blog\/#website","url":"https:\/\/www.urlaubcornwall.de\/blog\/","name":"Urlaub &amp; Reisen","description":"Urlaub, Reisen, Cornwall und S\u00fcdengland: eine perfekte Kombination","potentialAction":[{"@type":"SearchAction","target":{"@type":"EntryPoint","urlTemplate":"https:\/\/www.urlaubcornwall.de\/blog\/?s={search_term_string}"},"query-input":"required name=search_term_string"}],"inLanguage":"en-US"},{"@type":"WebPage","@id":"https:\/\/www.urlaubcornwall.de\/blog\/suchen-sie-einen-guenstigen-urlaub-in-cornwall-hier-sind-6-hilfreiche-tipps\/","url":"https:\/\/www.urlaubcornwall.de\/blog\/suchen-sie-einen-guenstigen-urlaub-in-cornwall-hier-sind-6-hilfreiche-tipps\/","name":"Suchen Sie einen g\u00fcnstigen Urlaub in Cornwall? Hier sind 6 hilfreiche Tipps - Urlaub &amp; Reisen","isPartOf":{"@id":"https:\/\/www.urlaubcornwall.de\/blog\/#website"},"datePublished":"2018-06-15T08:46:18+00:00","dateModified":"2024-05-30T14:33:04+00:00","breadcrumb":{"@id":"https:\/\/www.urlaubcornwall.de\/blog\/suchen-sie-einen-guenstigen-urlaub-in-cornwall-hier-sind-6-hilfreiche-tipps\/#breadcrumb"},"inLanguage":"en-US","potentialAction":[{"@type":"ReadAction","target":["https:\/\/www.urlaubcornwall.de\/blog\/suchen-sie-einen-guenstigen-urlaub-in-cornwall-hier-sind-6-hilfreiche-tipps\/"]}]},{"@type":"BreadcrumbList","@id":"https:\/\/www.urlaubcornwall.de\/blog\/suchen-sie-einen-guenstigen-urlaub-in-cornwall-hier-sind-6-hilfreiche-tipps\/#breadcrumb","itemListElement":[{"@type":"ListItem","position":1,"name":"Home","item":"https:\/\/www.urlaubcornwall.de\/blog\/"},{"@type":"ListItem","position":2,"name":"Suchen Sie einen g\u00fcnstigen Urlaub in Cornwall? Hier sind 6 hilfreiche Tipps"}]}]}},"_links":{"self":[{"href":"https:\/\/www.urlaubcornwall.de\/blog\/wp-json\/wp\/v2\/pages\/33891"}],"collection":[{"href":"https:\/\/www.urlaubcornwall.de\/blog\/wp-json\/wp\/v2\/pages"}],"about":[{"href":"https:\/\/www.urlaubcornwall.de\/blog\/wp-json\/wp\/v2\/types\/page"}],"author":[{"embeddable":true,"href":"https:\/\/www.urlaubcornwall.de\/blog\/wp-json\/wp\/v2\/users\/1"}],"replies":[{"embeddable":true,"href":"https:\/\/www.urlaubcornwall.de\/blog\/wp-json\/wp\/v2\/comments?post=33891"}],"version-history":[{"count":13,"href":"https:\/\/www.urlaubcornwall.de\/blog\/wp-json\/wp\/v2\/pages\/33891\/revisions"}],"predecessor-version":[{"id":51105,"href":"https:\/\/www.urlaubcornwall.de\/blog\/wp-json\/wp\/v2\/pages\/33891\/revisions\/51105"}],"wp:attachment":[{"href":"https:\/\/www.urlaubcornwall.de\/blog\/wp-json\/wp\/v2\/media?parent=33891"}],"curies":[{"name":"wp","href":"https:\/\/api.w.org\/{rel}","templated":true}]}}