{"id":33881,"date":"2018-06-12T09:04:09","date_gmt":"2018-06-12T09:04:09","guid":{"rendered":"https:\/\/www.urlaubcornwall.de\/blog\/?page_id=33881"},"modified":"2024-05-30T14:34:02","modified_gmt":"2024-05-30T14:34:02","slug":"weshalb-cornwall-als-urlaubsziel-waehlen","status":"publish","type":"page","link":"https:\/\/www.urlaubcornwall.de\/blog\/weshalb-cornwall-als-urlaubsziel-waehlen\/","title":{"rendered":"Weshalb Cornwall als Urlaubsziel w\u00e4hlen?"},"content":{"rendered":"<p><a href=\"https:\/\/www.urlaubcornwall.de\/blog\/wp-content\/uploads\/2024\/03\/mousehole_urlaub.jpg\"><img loading=\"lazy\" src=\"https:\/\/www.urlaubcornwall.de\/blog\/wp-content\/uploads\/2024\/03\/mousehole_urlaub.jpg\" alt=\"\" width=\"750\" height=\"665\" class=\"alignnone size-full wp-image-48071\" srcset=\"https:\/\/www.urlaubcornwall.de\/blog\/wp-content\/uploads\/2024\/03\/mousehole_urlaub.jpg 750w, https:\/\/www.urlaubcornwall.de\/blog\/wp-content\/uploads\/2024\/03\/mousehole_urlaub-300x266.jpg 300w\" sizes=\"(max-width: 750px) 100vw, 750px\" \/><\/a><\/p>\n<p>Gro\u00dfbritanniens s\u00fcdwestlichste Region zieht jedes Jahr Tausende an Besuchern an seine wundersch\u00f6ne, vielf\u00e4ltige Halbinsel. Doch, welches sind die Gr\u00fcnde, Urlaub in Cornwall zu verbringen? Schauen wir einmal, weshalb es so besonders ist. Hier finden Sie f\u00fcnf Gr\u00fcnde, <a href=\"https:\/\/www.urlaubcornwall.de\/reiseziel\/cornwall.php\">Urlaub in Cornwall<\/a> zu verbringen.<\/p>\n<p><img loading=\"lazy\" class=\"aligncenter size-full wp-image-47899\" src=\"https:\/\/www.urlaubcornwall.de\/blog\/wp-content\/uploads\/2024\/03\/holywell-cornwall-strand-rotated.jpg\" alt=\"holywell cornwall strand\" width=\"750\" height=\"563\" srcset=\"https:\/\/www.urlaubcornwall.de\/blog\/wp-content\/uploads\/2024\/03\/holywell-cornwall-strand-rotated.jpg 750w, https:\/\/www.urlaubcornwall.de\/blog\/wp-content\/uploads\/2024\/03\/holywell-cornwall-strand-300x225.jpg 300w\" sizes=\"(max-width: 750px) 100vw, 750px\" \/><\/p>\n<p><strong>1. Unglaubliche Str\u00e4nde<\/strong> &#8211; Cornwall ist gesegnet mit einigen <a href=\"https:\/\/www.urlaubcornwall.de\/blog\/schoensten-straende-in-cornwall\/\">herrlichen Sandstr\u00e4nden<\/a>. Inmitten einer Auswahl von mehr als einhundert, gibt es sicherlich einen Strand f\u00fcr jedermann, von den goldenen Sandstr\u00e4nden bei Holywell Bay und Godrevy bis hin zu den h\u00fcbschen kleinen Buchten von Mullion und Kynance.<\/p>\n<p>Aufgrund all dieser Str\u00e4nde \u00fcberrascht es nicht, dass die Nordk\u00fcste Cornwalls Britanniens Surfzentrum ist. Watergate Bay bei Newquay gilt bei vielen als der feinste Surfstrand des Landes. Die Wellen sind selbst f\u00fcr Anf\u00e4nger geeignet, doch gleichfalls gro\u00dfartig f\u00fcr die erfahreneren Surfer. Ein Ferienhaus am Meer ist die perfekte Ausgangsbasis f\u00fcr Ihren Urlaub, und <a href=\"https:\/\/www.urlaubcornwall.de\/ferienhaeuser\/cornwall.php\">wir haben mehr als 400 davon an der K\u00fcste Cornwalls<\/a>.<\/p>\n<p><img loading=\"lazy\" class=\"aligncenter size-full wp-image-33884\" src=\"https:\/\/www.urlaubcornwall.de\/blog\/wp-content\/uploads\/2018\/06\/Charmante-D\u00f6rfer-cornwall.jpg\" alt=\"Charmante D\u00f6rfer cornwall.jpg\" width=\"748\" height=\"438\"\/><\/p>\n<p><strong>2. Charmante D\u00f6rfer<\/strong> &#8211; Wie keine andere Gegend des Landes hat sich Cornwall eine Menge seines altmodischen Charmes bewahrt, der sich in den urigen St\u00e4dten und D\u00f6rfern widerspiegelt. Historische H\u00e4fen, gesch\u00e4ftige Marktst\u00e4dte, h\u00fcbsche kleine D\u00f6rfer und charmante Ansiedlungen k\u00f6nnen allesamt in der Grafschaft aufgefunden werden. Hier finden Sie <a href=\"https:\/\/www.urlaubcornwall.de\/blog\/fuenf-der-besten-unsere-beliebtesten-haefen-in-cornwall\/\">unsere Lieblingsst\u00e4dte und D\u00f6rfer in Cornwall<\/a>.<\/p>\n<p><img loading=\"lazy\" class=\"aligncenter size-full wp-image-47899\" src=\"https:\/\/www.urlaubcornwall.de\/blog\/wp-content\/uploads\/2024\/03\/holywell-cornwall-strand-rotated.jpg\" alt=\"holywell cornwall strand\" width=\"750\" height=\"563\" srcset=\"https:\/\/www.urlaubcornwall.de\/blog\/wp-content\/uploads\/2024\/03\/holywell-cornwall-strand-rotated.jpg 750w, https:\/\/www.urlaubcornwall.de\/blog\/wp-content\/uploads\/2024\/03\/holywell-cornwall-strand-300x225.jpg 300w\" sizes=\"(max-width: 750px) 100vw, 750px\" \/><br \/>\n<strong>3. Fantastische Wanderwege<\/strong> &#8211; Cornwall besticht mit einer herrlichen K\u00fcste mit 300 Meilen Spazierwegen am Meer. Cornwall hat alles zu bieten, von dramatischen Felsklippen bis hin zu sanften H\u00fcgeln und steilen Gef\u00e4llen in t\u00fcrkisfarbenes Gew\u00e4sser hinab. Der Streckenabschnitt von Marazion, nahe des St Michael\u2019s Mount, nach St Ives weist eine au\u00dfergew\u00f6hnliche K\u00fcstenlandschaft auf und belohnt einige steile Wanderungen mit spektakul\u00e4rem Blick \u00fcber die Klippen und Buchten. <\/p>\n<div class=\"snippet\"> <a class=\"featured-item\" href=\"https:\/\/www.urlaubcornwall.de\/ferienhaeuser\/cornwall.php\"> <span class=\"image-holder\" style=\"background-image: url(' https:\/\/www.urlaubcornwall.de\/blog\/wp-content\/uploads\/2024\/03\/ferienhaus-england-cornwall.jpg ');\"><\/span> <span class=\"featured-content\"> \n<h2 class=\"featured-title\">Ferienh\u00e4user in Cornwall zum Verlieben!<\/h2>\n<p class=\"featured-body\">Cornwall besitzt mehr K\u00fcstenlinien als jede andere Grafschaft und bietet einige der besten Str\u00e4nde, K\u00fcstenwanderwege und Klippenlandschaften, die man \u00fcberhaupt finden kann&#8230;.<\/p><\/span> <span class=\"featured-link-holder\"> <span class=\"featured-extra-info\"> \n<p>F\u00fcr Paare, Familien &#038; Gruppen<\/p>\n<\/span> \n<p class=\"featured-link\">DETAILS<\/p>\n<\/span> <\/a><\/div>\n<p>Wenn Sie nach <a href=\"https:\/\/www.urlaubcornwall.de\/wanderurlaub\/cornwall.php\">einem selbst geplanten Wanderurlaub<\/a> Ausschau halten, so haben wir eine Auswahl an pers\u00f6nlich empfohlener B&amp;Bs und Hotels. Wir sorgen auch f\u00fcr Gep\u00e4cktransport. Somit k\u00f6nnte es nicht einfacher sein.<br \/>\n<img loading=\"lazy\" class=\"aligncenter size-full wp-image-47904\" src=\"https:\/\/www.urlaubcornwall.de\/blog\/wp-content\/uploads\/2024\/03\/eden-project-biome_2.jpg\" alt=\"eden project biome_2\" width=\"750\" height=\"482\" srcset=\"https:\/\/www.urlaubcornwall.de\/blog\/wp-content\/uploads\/2024\/03\/eden-project-biome_2.jpg 750w, https:\/\/www.urlaubcornwall.de\/blog\/wp-content\/uploads\/2024\/03\/eden-project-biome_2-300x193.jpg 300w\" sizes=\"(max-width: 750px) 100vw, 750px\" \/><br \/>\n<strong>4. Vergn\u00fcgungsangebote<\/strong> &#8211; Cornwall hat eine Vielfalt an Attraktionen von Qualit\u00e4t, die sowohl Familien als auch Paaren zusagen. Ein Besuch der Grafschaft ist nicht vollst\u00e4ndig ohne einen Ausflug zum westlichsten Zipfel des UK, Lands End. Es gibt jede Menge zu tun, um Kinder zu besch\u00e4ftigen. Weitere familienfreundliche Attraktionen sind Flambards Themenpark, die nationale Seehunderettungsstation, Newquay Zoo und das Blue Reef Aquarium.<\/p>\n<p>Auf Ihrer Liste zu besuchender St\u00e4tten sollte das weltbekannte Eden Projekt stehen, wo sich der gr\u00f6\u00dfte, in Gefangenschaft sich befindliche Regenwald der Welt befindet. Wir haben <a href=\"https:\/\/www.urlaubcornwall.de\/ferienhaeuser\/cornwall.php\">eine fantastische Auswahl an nahe gelegenen Cottages<\/a>.<\/p>\n<p><img loading=\"lazy\" class=\"aligncenter size-full wp-image-33887\" src=\"https:\/\/www.urlaubcornwall.de\/blog\/wp-content\/uploads\/2018\/06\/nord-cornwall-restaurant.jpg\" alt=\"cornwall restaurant\" width=\"748\" height=\"403\"\/><\/p>\n<p><strong>5. Gro\u00dfartiges Speiseerlebnis<\/strong> &#8211; Viele Elemente der cornischen K\u00fcche sind national beliebt! Die Fleischpastete \/ Pasty ist wohl Cornwalls bekanntester Snack und verankert in der Geschichte der Grafschaft. Sie ist traditionell gef\u00fcllt mit Rindfleisch, Zwiebeln, Kartoffel und R\u00fcben, in goldfarbenen Teig eingeh\u00fcllt. Jedoch ist Cornwall heute noch bekannter als das Zuhause fantastischer Meeresfr\u00fcchte. Dies macht Cornwall neben London zur Nummer Eins Region f\u00fcr Speiseliebhaber. Hier finden Sie <a href=\"https:\/\/www.urlaubcornwall.de\/blog\/cornwalls-beste-geheime-restaurants\/\">5 unserer Lieblingsrestaurants<\/a>.<\/p>\n<div class=\"snippet\"> <a class=\"featured-item\" href=\" https:\/\/www.urlaubcornwall.de\/rundreisen\/cornwall-suedengland.php\"> <span class=\"image-holder\" style=\"background-image: url(' https:\/\/www.urlaubcornwall.de\/blog\/wp-content\/uploads\/2018\/11\/rundreise-cornwall.jpg ');\"><\/span> <span class=\"featured-content\"> \n<h2 class=\"featured-title\">Individuelle Rundreise in Cornwall &#038; S\u00fcdengland<\/h2>\n<p class=\"featured-body\"> Bei dieser Cornwall Rundreise entdecken Sie die H\u00f6hepunkte S\u00fcdenglands. Kultur, Geschichte, Landschaft und heutiges Leben werden Sie hierbei kennenlernen&#8230;<\/p>\n<\/span> <span class=\"featured-link-holder\"> <span class=\"featured-extra-info\"> \n<p>Urlaub im eigenen Schritttempo<\/p>\n<\/span> \n<p class=\"featured-link\">DETAILS<\/p>\n<\/span> <\/a><\/div>\n","protected":false},"excerpt":{"rendered":"<p>Gro\u00dfbritanniens s\u00fcdwestlichste Region zieht jedes Jahr Tausende an Besuchern an seine wundersch\u00f6ne, vielf\u00e4ltige Halbinsel. Doch, welches sind die Gr\u00fcnde, Urlaub in Cornwall zu verbringen? Schauen wir einmal, weshalb es so besonders ist. Hier finden Sie f\u00fcnf Gr\u00fcnde, Urlaub in Cornwall zu verbringen. 1. Unglaubliche Str\u00e4nde &#8211; Cornwall ist gesegnet mit einigen herrlichen Sandstr\u00e4nden. Inmitten einer [&hellip;]<\/p>\n","protected":false},"author":1,"featured_media":0,"parent":0,"menu_order":0,"comment_status":"closed","ping_status":"closed","template":"single-four.php","meta":[],"acf":[],"yoast_head":"<!-- This site is optimized with the Yoast SEO plugin v19.4 - https:\/\/yoast.com\/wordpress\/plugins\/seo\/ -->\n<title>Weshalb Cornwall als Urlaubsziel w\u00e4hlen? - Urlaub &amp; Reisen<\/title>\n<meta name=\"robots\" content=\"index, follow, max-snippet:-1, max-image-preview:large, max-video-preview:-1\" \/>\n<link rel=\"canonical\" href=\"https:\/\/www.urlaubcornwall.de\/blog\/weshalb-cornwall-als-urlaubsziel-waehlen\/\" \/>\n<meta property=\"og:locale\" content=\"en_US\" \/>\n<meta property=\"og:type\" content=\"article\" \/>\n<meta property=\"og:title\" content=\"Weshalb Cornwall als Urlaubsziel w\u00e4hlen? - Urlaub &amp; Reisen\" \/>\n<meta property=\"og:description\" content=\"Gro\u00dfbritanniens s\u00fcdwestlichste Region zieht jedes Jahr Tausende an Besuchern an seine wundersch\u00f6ne, vielf\u00e4ltige Halbinsel. Doch, welches sind die Gr\u00fcnde, Urlaub in Cornwall zu verbringen? Schauen wir einmal, weshalb es so besonders ist. Hier finden Sie f\u00fcnf Gr\u00fcnde, Urlaub in Cornwall zu verbringen. 1. Unglaubliche Str\u00e4nde &#8211; Cornwall ist gesegnet mit einigen herrlichen Sandstr\u00e4nden. Inmitten einer [&hellip;]\" \/>\n<meta property=\"og:url\" content=\"https:\/\/www.urlaubcornwall.de\/blog\/weshalb-cornwall-als-urlaubsziel-waehlen\/\" \/>\n<meta property=\"og:site_name\" content=\"Urlaub &amp; Reisen\" \/>\n<meta property=\"article:modified_time\" content=\"2024-05-30T14:34:02+00:00\" \/>\n<meta property=\"og:image\" content=\"https:\/\/www.urlaubcornwall.de\/blog\/wp-content\/uploads\/2024\/03\/mousehole_urlaub.jpg\" \/>\n<meta name=\"twitter:card\" content=\"summary\" \/>\n<meta name=\"twitter:label1\" content=\"Est. reading time\" \/>\n\t<meta name=\"twitter:data1\" content=\"4 minutes\" \/>\n<script type=\"application\/ld+json\" class=\"yoast-schema-graph\">{\"@context\":\"https:\/\/schema.org\",\"@graph\":[{\"@type\":\"WebSite\",\"@id\":\"https:\/\/www.urlaubcornwall.de\/blog\/#website\",\"url\":\"https:\/\/www.urlaubcornwall.de\/blog\/\",\"name\":\"Urlaub &amp; Reisen\",\"description\":\"Urlaub, Reisen, Cornwall und S\u00fcdengland: eine perfekte Kombination\",\"potentialAction\":[{\"@type\":\"SearchAction\",\"target\":{\"@type\":\"EntryPoint\",\"urlTemplate\":\"https:\/\/www.urlaubcornwall.de\/blog\/?s={search_term_string}\"},\"query-input\":\"required name=search_term_string\"}],\"inLanguage\":\"en-US\"},{\"@type\":\"WebPage\",\"@id\":\"https:\/\/www.urlaubcornwall.de\/blog\/weshalb-cornwall-als-urlaubsziel-waehlen\/\",\"url\":\"https:\/\/www.urlaubcornwall.de\/blog\/weshalb-cornwall-als-urlaubsziel-waehlen\/\",\"name\":\"Weshalb Cornwall als Urlaubsziel w\u00e4hlen? - Urlaub &amp; Reisen\",\"isPartOf\":{\"@id\":\"https:\/\/www.urlaubcornwall.de\/blog\/#website\"},\"datePublished\":\"2018-06-12T09:04:09+00:00\",\"dateModified\":\"2024-05-30T14:34:02+00:00\",\"breadcrumb\":{\"@id\":\"https:\/\/www.urlaubcornwall.de\/blog\/weshalb-cornwall-als-urlaubsziel-waehlen\/#breadcrumb\"},\"inLanguage\":\"en-US\",\"potentialAction\":[{\"@type\":\"ReadAction\",\"target\":[\"https:\/\/www.urlaubcornwall.de\/blog\/weshalb-cornwall-als-urlaubsziel-waehlen\/\"]}]},{\"@type\":\"BreadcrumbList\",\"@id\":\"https:\/\/www.urlaubcornwall.de\/blog\/weshalb-cornwall-als-urlaubsziel-waehlen\/#breadcrumb\",\"itemListElement\":[{\"@type\":\"ListItem\",\"position\":1,\"name\":\"Home\",\"item\":\"https:\/\/www.urlaubcornwall.de\/blog\/\"},{\"@type\":\"ListItem\",\"position\":2,\"name\":\"Weshalb Cornwall als Urlaubsziel w\u00e4hlen?\"}]}]}<\/script>\n<!-- \/ Yoast SEO plugin. -->","yoast_head_json":{"title":"Weshalb Cornwall als Urlaubsziel w\u00e4hlen? - Urlaub &amp; Reisen","robots":{"index":"index","follow":"follow","max-snippet":"max-snippet:-1","max-image-preview":"max-image-preview:large","max-video-preview":"max-video-preview:-1"},"canonical":"https:\/\/www.urlaubcornwall.de\/blog\/weshalb-cornwall-als-urlaubsziel-waehlen\/","og_locale":"en_US","og_type":"article","og_title":"Weshalb Cornwall als Urlaubsziel w\u00e4hlen? - Urlaub &amp; Reisen","og_description":"Gro\u00dfbritanniens s\u00fcdwestlichste Region zieht jedes Jahr Tausende an Besuchern an seine wundersch\u00f6ne, vielf\u00e4ltige Halbinsel. Doch, welches sind die Gr\u00fcnde, Urlaub in Cornwall zu verbringen? Schauen wir einmal, weshalb es so besonders ist. Hier finden Sie f\u00fcnf Gr\u00fcnde, Urlaub in Cornwall zu verbringen. 1. Unglaubliche Str\u00e4nde &#8211; Cornwall ist gesegnet mit einigen herrlichen Sandstr\u00e4nden. Inmitten einer [&hellip;]","og_url":"https:\/\/www.urlaubcornwall.de\/blog\/weshalb-cornwall-als-urlaubsziel-waehlen\/","og_site_name":"Urlaub &amp; Reisen","article_modified_time":"2024-05-30T14:34:02+00:00","og_image":[{"url":"https:\/\/www.urlaubcornwall.de\/blog\/wp-content\/uploads\/2024\/03\/mousehole_urlaub.jpg"}],"twitter_card":"summary","twitter_misc":{"Est. reading time":"4 minutes"},"schema":{"@context":"https:\/\/schema.org","@graph":[{"@type":"WebSite","@id":"https:\/\/www.urlaubcornwall.de\/blog\/#website","url":"https:\/\/www.urlaubcornwall.de\/blog\/","name":"Urlaub &amp; Reisen","description":"Urlaub, Reisen, Cornwall und S\u00fcdengland: eine perfekte Kombination","potentialAction":[{"@type":"SearchAction","target":{"@type":"EntryPoint","urlTemplate":"https:\/\/www.urlaubcornwall.de\/blog\/?s={search_term_string}"},"query-input":"required name=search_term_string"}],"inLanguage":"en-US"},{"@type":"WebPage","@id":"https:\/\/www.urlaubcornwall.de\/blog\/weshalb-cornwall-als-urlaubsziel-waehlen\/","url":"https:\/\/www.urlaubcornwall.de\/blog\/weshalb-cornwall-als-urlaubsziel-waehlen\/","name":"Weshalb Cornwall als Urlaubsziel w\u00e4hlen? - Urlaub &amp; Reisen","isPartOf":{"@id":"https:\/\/www.urlaubcornwall.de\/blog\/#website"},"datePublished":"2018-06-12T09:04:09+00:00","dateModified":"2024-05-30T14:34:02+00:00","breadcrumb":{"@id":"https:\/\/www.urlaubcornwall.de\/blog\/weshalb-cornwall-als-urlaubsziel-waehlen\/#breadcrumb"},"inLanguage":"en-US","potentialAction":[{"@type":"ReadAction","target":["https:\/\/www.urlaubcornwall.de\/blog\/weshalb-cornwall-als-urlaubsziel-waehlen\/"]}]},{"@type":"BreadcrumbList","@id":"https:\/\/www.urlaubcornwall.de\/blog\/weshalb-cornwall-als-urlaubsziel-waehlen\/#breadcrumb","itemListElement":[{"@type":"ListItem","position":1,"name":"Home","item":"https:\/\/www.urlaubcornwall.de\/blog\/"},{"@type":"ListItem","position":2,"name":"Weshalb Cornwall als Urlaubsziel w\u00e4hlen?"}]}]}},"_links":{"self":[{"href":"https:\/\/www.urlaubcornwall.de\/blog\/wp-json\/wp\/v2\/pages\/33881"}],"collection":[{"href":"https:\/\/www.urlaubcornwall.de\/blog\/wp-json\/wp\/v2\/pages"}],"about":[{"href":"https:\/\/www.urlaubcornwall.de\/blog\/wp-json\/wp\/v2\/types\/page"}],"author":[{"embeddable":true,"href":"https:\/\/www.urlaubcornwall.de\/blog\/wp-json\/wp\/v2\/users\/1"}],"replies":[{"embeddable":true,"href":"https:\/\/www.urlaubcornwall.de\/blog\/wp-json\/wp\/v2\/comments?post=33881"}],"version-history":[{"count":10,"href":"https:\/\/www.urlaubcornwall.de\/blog\/wp-json\/wp\/v2\/pages\/33881\/revisions"}],"predecessor-version":[{"id":51107,"href":"https:\/\/www.urlaubcornwall.de\/blog\/wp-json\/wp\/v2\/pages\/33881\/revisions\/51107"}],"wp:attachment":[{"href":"https:\/\/www.urlaubcornwall.de\/blog\/wp-json\/wp\/v2\/media?parent=33881"}],"curies":[{"name":"wp","href":"https:\/\/api.w.org\/{rel}","templated":true}]}}