{"id":33875,"date":"2018-06-08T10:34:09","date_gmt":"2018-06-08T10:34:09","guid":{"rendered":"https:\/\/www.urlaubcornwall.de\/blog\/?page_id=33875"},"modified":"2026-01-06T14:14:34","modified_gmt":"2026-01-06T14:14:34","slug":"die-romantischsten-orte-in-cornwall","status":"publish","type":"page","link":"https:\/\/www.urlaubcornwall.de\/blog\/die-romantischsten-orte-in-cornwall\/","title":{"rendered":"Die romantischsten Orte in Cornwall"},"content":{"rendered":"<p><a href=\"https:\/\/www.urlaubcornwall.de\/blog\/die-romantischsten-cottages-fuer-paare-in-cornwall\/\">Romantische Urlaubstage in Cornwall<\/a> liefern das perfekte Argument, um mit der Person, die Sie lieben, dem Alltag f\u00fcr eine Weile zu entfliehen. Cornwall ist eine von Britanniens beliebtesten Urlaubsregionen, wo Sie sich einer atemberaubenden und vielf\u00e4ltigen Landschaft sicher sein k\u00f6nnen. <\/p>\n<p>Der <a href=\"https:\/\/www.urlaubcornwall.de\/reiseziel\/cornwall.php\">perfekte romantische Kurzurlaub in Cornwall<\/a> beinhaltet eine zerkl\u00fcftete K\u00fcste mit einer Reihe herrlicher Sandstr\u00e4nde, Buchten und Meeresarmen, sowie wildes Moorgebiet, sattes gr\u00fcnes Ackerland und eine Auswahl an attraktiven und historischen St\u00e4dten und D\u00f6rfern mit gewei\u00dfelten Steinh\u00e4usern und Cottages. Entlang des K\u00fcstenpfades zur\u00fcckzuwandern und dabei in einer Bucht einen Sonnenuntergang betrachten, die fantastische Landschaft zu bewundern, liefert den perfekten Urlaubshintergrund.<\/p>\n<p><img loading=\"lazy\" class=\"aligncenter size-full wp-image-33876\" src=\"https:\/\/www.urlaubcornwall.de\/blog\/wp-content\/uploads\/2018\/06\/Kirche-von-St-Just-in-Roseland.jpg\" alt=\"Die romantischsten Orte in Cornwall \" width=\"749\" height=\"533\"\/><\/p>\n<p><strong>Kirche von St Just in Roseland <\/strong> &#8211; Die Kirche von St. Just-in-Roseland au\u00dferhalb von <a href=\"https:\/\/www.urlaubcornwall.de\/ferienhaeuser-fewos\/st-mawes.html\">St Mawes<\/a> wird beschrieben als eine der wundersch\u00f6nsten Kirchen, nicht nur in Cornwall, sondern im gesamten England. St Just in Roseland befindet sich an den Ufern des wundersch\u00f6nen Flusses Fal, und Sie k\u00f6nnen einen romantischen Spaziergang genie\u00dfen, die Roseland Peninsula erkunden und dann eines der herrlichen Restaurants, eine gem\u00fctliche Kneipe oder ein Verw\u00f6hnhotel w\u00e4hlen, um etwas zu trinken oder eine Mahlzeit einzunehmen.<\/p>\n<p><img loading=\"lazy\" class=\"aligncenter size-full wp-image-33877\" src=\"https:\/\/www.urlaubcornwall.de\/blog\/wp-content\/uploads\/2018\/06\/Helford-River-neahe-Frenchmans-Creek.jpg\" alt=\"Helford River nahe Frenchman's Creek\" width=\"748\" height=\"497\" srcset=\"https:\/\/www.urlaubcornwall.de\/blog\/wp-content\/uploads\/2018\/06\/Helford-River-neahe-Frenchmans-Creek.jpg 746w, https:\/\/www.urlaubcornwall.de\/blog\/wp-content\/uploads\/2018\/06\/Helford-River-neahe-Frenchmans-Creek-300x200.jpg 300w\" sizes=\"(max-width: 748px) 100vw, 748px\" \/><\/p>\n<p><strong>Frenchman\u2019s Creek<\/strong> &#8211; Frenchman\u2019s Creek an der <a href=\"https:\/\/www.urlaubcornwall.de\/ferienhaeuser-fewos\/helford.html\">Helford<\/a> Flussm\u00fcndung war Flitterwochenwahl f\u00fcr Daphne Du Maurier und ihren Gemahlen und hat sie dazu inspiriert, die bekannte Geschichte \u00fcber Liebe und Piraten zu schreiben. Entdecken Sie selbst die Intimit\u00e4t und Ruhe der Gegend, indem Sie den Fu\u00dfweg begehen, der neben der Frenchman\u2019s Creek entlangl\u00e4uft.<\/p>\n<p><strong>St Nectan\u2019s Wasserfall<\/strong> &#8211; Dieser Ort hat s\u00e4mtliche Zutaten f\u00fcr Liebe und Romantik; efeubewachsene B\u00e4ume, einen glitzernden Fluss und einen wundersch\u00f6nen, bezaubernden Wasserfall. Spazieren Sie durch altes Waldgebiet entlang der Ufer des Flusses Trevillet, der auf seiner Reise zum Meer gesch\u00e4ftig funkelt und gurgelt. <\/p>\n<div class=\"snippet\"> <a class=\"featured-item\" href=\"https:\/\/www.urlaubcornwall.de\/ferienhaeuser\/cornwall.php\"> <span class=\"image-holder\" style=\"background-image: url('https:\/\/www.urlaubcornwall.de\/blog\/wp-content\/uploads\/2018\/12\/ferienhaus-cornwall-mit-hund.jpg');\"><\/span> <span class=\"featured-content\"> \n<h2 class=\"featured-title\">Ferienh\u00e4user in Cornwall zum Verlieben!<\/h2>\n<p class=\"featured-body\">Cornwall besitzt mehr K\u00fcstenlinien als jede andere Grafschaft und bietet einige der besten Str\u00e4nde, K\u00fcstenwanderwege und Klippenlandschaften, die man \u00fcberhaupt finden kann&#8230;.<\/p><\/span> <span class=\"featured-link-holder\"> <span class=\"featured-extra-info\"> \n<p>F\u00fcr Paare, Familien &#038; Gruppen<\/p>\n<\/span> \n<p class=\"featured-link\">DETAILS<\/p>\n<\/span> <\/a><\/div>\n<p>Hier spielen Tiere und V\u00f6gel inmitten einer Mystik an cornischen Elfen und Geistwesen, besungen vom wundervollen Klang der V\u00f6gel. Ein Gef\u00fchl von Ruhe, Entspannung und Zusammensein besticht Sie in diesem stillen Versteck.<\/p>\n<p><a href=\"https:\/\/www.urlaubcornwall.de\/blog\/wp-content\/uploads\/2024\/05\/Minack-Gardens-at-Sunset-Mike-Newman.jpg\"><img loading=\"lazy\" src=\"https:\/\/www.urlaubcornwall.de\/blog\/wp-content\/uploads\/2024\/05\/Minack-Gardens-at-Sunset-Mike-Newman.jpg\" alt=\"Minack-Gardens-at-Sunset\" width=\"750\" height=\"501\" class=\"alignnone size-full wp-image-50800\" srcset=\"https:\/\/www.urlaubcornwall.de\/blog\/wp-content\/uploads\/2024\/05\/Minack-Gardens-at-Sunset-Mike-Newman.jpg 750w, https:\/\/www.urlaubcornwall.de\/blog\/wp-content\/uploads\/2024\/05\/Minack-Gardens-at-Sunset-Mike-Newman-300x200.jpg 300w\" sizes=\"(max-width: 750px) 100vw, 750px\" \/><\/a><br \/>\nimage credit-mike-newman<\/p>\n<p><strong>F\u00fcr Liebhaber von Sonnenunterg\u00e4ngen<\/strong> &#8211; Nichts geht wirklich \u00fcber die Romantik, einen Sonnenuntergang zu betrachten, und in Cornwall k\u00f6nnen Sie faszinierende Flecken ausw\u00e4hlen, um den Himmel im letzten goldenen Schimmer des Tages zu erleben. <a href=\"https:\/\/www.urlaubcornwall.de\/blog\/unsere-fuenf-besten-cornischen-straende-um-den-sonnenuntergang-zu-beobachten\/\">Hier finden Sie unsere Lieblingsorte, um den Sonnenuntergang zu betrachten.<\/a><\/p>\n<p><strong>F\u00fcr Sternengucker<\/strong> &#8211; Richten Sie sich ein Picknick zusammen samt einer Flasche Wein und kuscheln Sie sich an Ihren Liebling w\u00e4hrend einer Auff\u00fchrung unter freiem Himmel in Cornwalls legend\u00e4rem Minack Theater, das in die Klippen gebaut ist \u00fcber dem Panorama der wundersch\u00f6nen Porthcurno Bucht. Mit Sternen, die \u00fcber Ihnen leuchten, einer gem\u00fctlichen Decke, die Sie um sich gewickelt haben, und der B\u00fchne lebendig voller Leidenschaft und Romantik, erleben Sie ein unvergessliches Cornwall.<\/p>\n<p>Suchen Sie den perfekten romantischen Kurzurlaub in Cornwall? Wohnen Sie in einem <a href=\"https:\/\/www.urlaubcornwall.de\/ferienhaeuser\/cornwall.php\">unserer vielen gem\u00fctlichen Ferienh\u00e4usern am Meer<\/a> oder in <a href=\"https:\/\/www.urlaubcornwall.de\/hotels.php\">einem handverlesenen Hotel mit K\u00fcstenblick<\/a>.<\/p>\n<div class=\"snippet\"> <a class=\"featured-item\" href=\" https:\/\/www.urlaubcornwall.de\/rundreisen\/cornwall-suedengland.php\"> <span class=\"image-holder\" style=\"background-image: url(' https:\/\/www.urlaubcornwall.de\/blog\/wp-content\/uploads\/2018\/11\/rundreise-cornwall.jpg ');\"><\/span> <span class=\"featured-content\"> \n<h2 class=\"featured-title\">Individuelle Rundreise in Cornwall &#038; S\u00fcdengland<\/h2>\n<p class=\"featured-body\"> Bei dieser Cornwall Rundreise entdecken Sie die H\u00f6hepunkte S\u00fcdenglands. Kultur, Geschichte, Landschaft und heutiges Leben werden Sie hierbei kennenlernen&#8230;<\/p>\n<\/span> <span class=\"featured-link-holder\"> <span class=\"featured-extra-info\"> \n<p>Urlaub im eigenen Schritttempo<\/p>\n<\/span> \n<p class=\"featured-link\">DETAILS<\/p>\n<\/span> <\/a><\/div>\n","protected":false},"excerpt":{"rendered":"<p>Romantische Urlaubstage in Cornwall liefern das perfekte Argument, um mit der Person, die Sie lieben, dem Alltag f\u00fcr eine Weile zu entfliehen. Cornwall ist eine von Britanniens beliebtesten Urlaubsregionen, wo Sie sich einer atemberaubenden und vielf\u00e4ltigen Landschaft sicher sein k\u00f6nnen. Der perfekte romantische Kurzurlaub in Cornwall beinhaltet eine zerkl\u00fcftete K\u00fcste mit einer Reihe herrlicher Sandstr\u00e4nde, [&hellip;]<\/p>\n","protected":false},"author":1,"featured_media":0,"parent":0,"menu_order":0,"comment_status":"closed","ping_status":"closed","template":"single-four.php","meta":[],"acf":[],"yoast_head":"<!-- This site is optimized with the Yoast SEO plugin v19.4 - https:\/\/yoast.com\/wordpress\/plugins\/seo\/ -->\n<title>Die romantischsten Orte in Cornwall - Urlaub &amp; Reisen<\/title>\n<meta name=\"robots\" content=\"index, follow, max-snippet:-1, max-image-preview:large, max-video-preview:-1\" \/>\n<link rel=\"canonical\" href=\"https:\/\/www.urlaubcornwall.de\/blog\/die-romantischsten-orte-in-cornwall\/\" \/>\n<meta property=\"og:locale\" content=\"en_US\" \/>\n<meta property=\"og:type\" content=\"article\" \/>\n<meta property=\"og:title\" content=\"Die romantischsten Orte in Cornwall - Urlaub &amp; Reisen\" \/>\n<meta property=\"og:description\" content=\"Romantische Urlaubstage in Cornwall liefern das perfekte Argument, um mit der Person, die Sie lieben, dem Alltag f\u00fcr eine Weile zu entfliehen. Cornwall ist eine von Britanniens beliebtesten Urlaubsregionen, wo Sie sich einer atemberaubenden und vielf\u00e4ltigen Landschaft sicher sein k\u00f6nnen. Der perfekte romantische Kurzurlaub in Cornwall beinhaltet eine zerkl\u00fcftete K\u00fcste mit einer Reihe herrlicher Sandstr\u00e4nde, [&hellip;]\" \/>\n<meta property=\"og:url\" content=\"https:\/\/www.urlaubcornwall.de\/blog\/die-romantischsten-orte-in-cornwall\/\" \/>\n<meta property=\"og:site_name\" content=\"Urlaub &amp; Reisen\" \/>\n<meta property=\"article:modified_time\" content=\"2026-01-06T14:14:34+00:00\" \/>\n<meta property=\"og:image\" content=\"https:\/\/www.urlaubcornwall.de\/blog\/wp-content\/uploads\/2018\/06\/Kirche-von-St-Just-in-Roseland.jpg\" \/>\n<meta name=\"twitter:card\" content=\"summary\" \/>\n<meta name=\"twitter:label1\" content=\"Est. reading time\" \/>\n\t<meta name=\"twitter:data1\" content=\"3 minutes\" \/>\n<script type=\"application\/ld+json\" class=\"yoast-schema-graph\">{\"@context\":\"https:\/\/schema.org\",\"@graph\":[{\"@type\":\"WebSite\",\"@id\":\"https:\/\/www.urlaubcornwall.de\/blog\/#website\",\"url\":\"https:\/\/www.urlaubcornwall.de\/blog\/\",\"name\":\"Urlaub &amp; Reisen\",\"description\":\"Urlaub, Reisen, Cornwall und S\u00fcdengland: eine perfekte Kombination\",\"potentialAction\":[{\"@type\":\"SearchAction\",\"target\":{\"@type\":\"EntryPoint\",\"urlTemplate\":\"https:\/\/www.urlaubcornwall.de\/blog\/?s={search_term_string}\"},\"query-input\":\"required name=search_term_string\"}],\"inLanguage\":\"en-US\"},{\"@type\":\"WebPage\",\"@id\":\"https:\/\/www.urlaubcornwall.de\/blog\/die-romantischsten-orte-in-cornwall\/\",\"url\":\"https:\/\/www.urlaubcornwall.de\/blog\/die-romantischsten-orte-in-cornwall\/\",\"name\":\"Die romantischsten Orte in Cornwall - Urlaub &amp; Reisen\",\"isPartOf\":{\"@id\":\"https:\/\/www.urlaubcornwall.de\/blog\/#website\"},\"datePublished\":\"2018-06-08T10:34:09+00:00\",\"dateModified\":\"2026-01-06T14:14:34+00:00\",\"breadcrumb\":{\"@id\":\"https:\/\/www.urlaubcornwall.de\/blog\/die-romantischsten-orte-in-cornwall\/#breadcrumb\"},\"inLanguage\":\"en-US\",\"potentialAction\":[{\"@type\":\"ReadAction\",\"target\":[\"https:\/\/www.urlaubcornwall.de\/blog\/die-romantischsten-orte-in-cornwall\/\"]}]},{\"@type\":\"BreadcrumbList\",\"@id\":\"https:\/\/www.urlaubcornwall.de\/blog\/die-romantischsten-orte-in-cornwall\/#breadcrumb\",\"itemListElement\":[{\"@type\":\"ListItem\",\"position\":1,\"name\":\"Home\",\"item\":\"https:\/\/www.urlaubcornwall.de\/blog\/\"},{\"@type\":\"ListItem\",\"position\":2,\"name\":\"Die romantischsten Orte in Cornwall\"}]}]}<\/script>\n<!-- \/ Yoast SEO plugin. -->","yoast_head_json":{"title":"Die romantischsten Orte in Cornwall - Urlaub &amp; Reisen","robots":{"index":"index","follow":"follow","max-snippet":"max-snippet:-1","max-image-preview":"max-image-preview:large","max-video-preview":"max-video-preview:-1"},"canonical":"https:\/\/www.urlaubcornwall.de\/blog\/die-romantischsten-orte-in-cornwall\/","og_locale":"en_US","og_type":"article","og_title":"Die romantischsten Orte in Cornwall - Urlaub &amp; Reisen","og_description":"Romantische Urlaubstage in Cornwall liefern das perfekte Argument, um mit der Person, die Sie lieben, dem Alltag f\u00fcr eine Weile zu entfliehen. Cornwall ist eine von Britanniens beliebtesten Urlaubsregionen, wo Sie sich einer atemberaubenden und vielf\u00e4ltigen Landschaft sicher sein k\u00f6nnen. Der perfekte romantische Kurzurlaub in Cornwall beinhaltet eine zerkl\u00fcftete K\u00fcste mit einer Reihe herrlicher Sandstr\u00e4nde, [&hellip;]","og_url":"https:\/\/www.urlaubcornwall.de\/blog\/die-romantischsten-orte-in-cornwall\/","og_site_name":"Urlaub &amp; Reisen","article_modified_time":"2026-01-06T14:14:34+00:00","og_image":[{"url":"https:\/\/www.urlaubcornwall.de\/blog\/wp-content\/uploads\/2018\/06\/Kirche-von-St-Just-in-Roseland.jpg"}],"twitter_card":"summary","twitter_misc":{"Est. reading time":"3 minutes"},"schema":{"@context":"https:\/\/schema.org","@graph":[{"@type":"WebSite","@id":"https:\/\/www.urlaubcornwall.de\/blog\/#website","url":"https:\/\/www.urlaubcornwall.de\/blog\/","name":"Urlaub &amp; Reisen","description":"Urlaub, Reisen, Cornwall und S\u00fcdengland: eine perfekte Kombination","potentialAction":[{"@type":"SearchAction","target":{"@type":"EntryPoint","urlTemplate":"https:\/\/www.urlaubcornwall.de\/blog\/?s={search_term_string}"},"query-input":"required name=search_term_string"}],"inLanguage":"en-US"},{"@type":"WebPage","@id":"https:\/\/www.urlaubcornwall.de\/blog\/die-romantischsten-orte-in-cornwall\/","url":"https:\/\/www.urlaubcornwall.de\/blog\/die-romantischsten-orte-in-cornwall\/","name":"Die romantischsten Orte in Cornwall - Urlaub &amp; Reisen","isPartOf":{"@id":"https:\/\/www.urlaubcornwall.de\/blog\/#website"},"datePublished":"2018-06-08T10:34:09+00:00","dateModified":"2026-01-06T14:14:34+00:00","breadcrumb":{"@id":"https:\/\/www.urlaubcornwall.de\/blog\/die-romantischsten-orte-in-cornwall\/#breadcrumb"},"inLanguage":"en-US","potentialAction":[{"@type":"ReadAction","target":["https:\/\/www.urlaubcornwall.de\/blog\/die-romantischsten-orte-in-cornwall\/"]}]},{"@type":"BreadcrumbList","@id":"https:\/\/www.urlaubcornwall.de\/blog\/die-romantischsten-orte-in-cornwall\/#breadcrumb","itemListElement":[{"@type":"ListItem","position":1,"name":"Home","item":"https:\/\/www.urlaubcornwall.de\/blog\/"},{"@type":"ListItem","position":2,"name":"Die romantischsten Orte in Cornwall"}]}]}},"_links":{"self":[{"href":"https:\/\/www.urlaubcornwall.de\/blog\/wp-json\/wp\/v2\/pages\/33875"}],"collection":[{"href":"https:\/\/www.urlaubcornwall.de\/blog\/wp-json\/wp\/v2\/pages"}],"about":[{"href":"https:\/\/www.urlaubcornwall.de\/blog\/wp-json\/wp\/v2\/types\/page"}],"author":[{"embeddable":true,"href":"https:\/\/www.urlaubcornwall.de\/blog\/wp-json\/wp\/v2\/users\/1"}],"replies":[{"embeddable":true,"href":"https:\/\/www.urlaubcornwall.de\/blog\/wp-json\/wp\/v2\/comments?post=33875"}],"version-history":[{"count":16,"href":"https:\/\/www.urlaubcornwall.de\/blog\/wp-json\/wp\/v2\/pages\/33875\/revisions"}],"predecessor-version":[{"id":51970,"href":"https:\/\/www.urlaubcornwall.de\/blog\/wp-json\/wp\/v2\/pages\/33875\/revisions\/51970"}],"wp:attachment":[{"href":"https:\/\/www.urlaubcornwall.de\/blog\/wp-json\/wp\/v2\/media?parent=33875"}],"curies":[{"name":"wp","href":"https:\/\/api.w.org\/{rel}","templated":true}]}}