{"id":33832,"date":"2018-05-20T14:20:00","date_gmt":"2018-05-20T14:20:00","guid":{"rendered":"https:\/\/www.urlaubcornwall.de\/blog\/?page_id=33832"},"modified":"2019-03-29T10:17:21","modified_gmt":"2019-03-29T10:17:21","slug":"ferienhaus-in-cheltenham-mit-3-schlafzimmern-mieten","status":"publish","type":"page","link":"https:\/\/www.urlaubcornwall.de\/blog\/ferienhaus-in-cheltenham-mit-3-schlafzimmern-mieten\/","title":{"rendered":"Ferienhaus in Cheltenham mit 3 Schlafzimmern mieten"},"content":{"rendered":"<p><img loading=\"lazy\" class=\"aligncenter size-full wp-image-33834\" src=\"https:\/\/www.urlaubcornwall.de\/blog\/wp-content\/uploads\/2018\/05\/ferienhaus-cheltenham-mieten.jpg\" alt=\"ferienhaus cheltenham mieten\" width=\"744\" height=\"558\" srcset=\"https:\/\/www.urlaubcornwall.de\/blog\/wp-content\/uploads\/2018\/05\/ferienhaus-cheltenham-mieten.jpg 744w, https:\/\/www.urlaubcornwall.de\/blog\/wp-content\/uploads\/2018\/05\/ferienhaus-cheltenham-mieten-300x225.jpg 300w\" sizes=\"(max-width: 744px) 100vw, 744px\" \/><\/p>\n<p><strong>Ferienhaus in Bourton on the Water, 3 Schlafzimmern, Schlafgelegenheiten 6<\/strong><\/p>\n<p>Bekannt als das Venedig der Cotswolds ist Bourton-on-the-Water eines der lebhafteren D\u00f6rfer mit einer belebten Hauptstra\u00dfe, die an den Ufern des Flusses Windrush liegt. Das Dorf ist ein guter Ausgangspunkt f\u00fcr einen Aufenthalt in den Cotswolds mit einer Vielzahl von Attraktionen. Machen Sie einen Schritt in die Vergangenheit und besuchen Sie das Museum oder machen Sie einfach einen Spaziergang durch das Model Village. Birdland ist einfach perfekt f\u00fcr Naturliebhaber. Die benachbarten D\u00f6rfer sind alle einen Besuch wert: Lower Slaughter, Broadway, Stow-on-the-Wold und Burford, um nur einige zu nennen&#8230;.<a href=\"https:\/\/www.urlaubcornwall.de\/ferienhaeuser-fewos\/eng\/gloucestershire\/cheltenham.html\">[ Mehr ]<\/a><\/p>\n<p style=\"text-align: center;\"><a class=\"tidycta\" href=\"https:\/\/www.urlaubcornwall.de\/ferienhaeuser\/cotswolds.php\">Ferienh\u00e4user Cotswolds<\/a><\/p>\n<p style=\"text-align: center;\">Pers\u00f6nlich inspizierte Ferienh\u00e4user und Ferienwohnungen f\u00fcr Ihren <a href=\"https:\/\/www.urlaubcornwall.de\/ferienhaeuser\/suedengland.php\">Urlaub in England<\/a>.<\/p>\n","protected":false},"excerpt":{"rendered":"<p>Ferienhaus in Bourton on the Water, 3 Schlafzimmern, Schlafgelegenheiten 6 Bekannt als das Venedig der Cotswolds ist Bourton-on-the-Water eines der lebhafteren D\u00f6rfer mit einer belebten Hauptstra\u00dfe, die an den Ufern des Flusses Windrush liegt. Das Dorf ist ein guter Ausgangspunkt f\u00fcr einen Aufenthalt in den Cotswolds mit einer Vielzahl von Attraktionen. Machen Sie einen Schritt [&hellip;]<\/p>\n","protected":false},"author":1,"featured_media":0,"parent":0,"menu_order":0,"comment_status":"closed","ping_status":"closed","template":"single-four.php","meta":[],"acf":[],"yoast_head":"<!-- This site is optimized with the Yoast SEO plugin v19.4 - https:\/\/yoast.com\/wordpress\/plugins\/seo\/ -->\n<title>Ferienhaus in Cheltenham mit 3 Schlafzimmern mieten - Urlaub &amp; Reisen<\/title>\n<meta name=\"robots\" content=\"index, follow, max-snippet:-1, max-image-preview:large, max-video-preview:-1\" \/>\n<link rel=\"canonical\" href=\"https:\/\/www.urlaubcornwall.de\/blog\/ferienhaus-in-cheltenham-mit-3-schlafzimmern-mieten\/\" \/>\n<meta property=\"og:locale\" content=\"en_US\" \/>\n<meta property=\"og:type\" content=\"article\" \/>\n<meta property=\"og:title\" content=\"Ferienhaus in Cheltenham mit 3 Schlafzimmern mieten - Urlaub &amp; Reisen\" \/>\n<meta property=\"og:description\" content=\"Ferienhaus in Bourton on the Water, 3 Schlafzimmern, Schlafgelegenheiten 6 Bekannt als das Venedig der Cotswolds ist Bourton-on-the-Water eines der lebhafteren D\u00f6rfer mit einer belebten Hauptstra\u00dfe, die an den Ufern des Flusses Windrush liegt. Das Dorf ist ein guter Ausgangspunkt f\u00fcr einen Aufenthalt in den Cotswolds mit einer Vielzahl von Attraktionen. Machen Sie einen Schritt [&hellip;]\" \/>\n<meta property=\"og:url\" content=\"https:\/\/www.urlaubcornwall.de\/blog\/ferienhaus-in-cheltenham-mit-3-schlafzimmern-mieten\/\" \/>\n<meta property=\"og:site_name\" content=\"Urlaub &amp; Reisen\" \/>\n<meta property=\"article:modified_time\" content=\"2019-03-29T10:17:21+00:00\" \/>\n<meta property=\"og:image\" content=\"https:\/\/www.urlaubcornwall.de\/blog\/wp-content\/uploads\/2018\/05\/ferienhaus-cheltenham-mieten.jpg\" \/>\n<meta name=\"twitter:card\" content=\"summary\" \/>\n<meta name=\"twitter:label1\" content=\"Est. reading time\" \/>\n\t<meta name=\"twitter:data1\" content=\"1 minute\" \/>\n<script type=\"application\/ld+json\" class=\"yoast-schema-graph\">{\"@context\":\"https:\/\/schema.org\",\"@graph\":[{\"@type\":\"WebSite\",\"@id\":\"https:\/\/www.urlaubcornwall.de\/blog\/#website\",\"url\":\"https:\/\/www.urlaubcornwall.de\/blog\/\",\"name\":\"Urlaub &amp; Reisen\",\"description\":\"Urlaub, Reisen, Cornwall und S\u00fcdengland: eine perfekte Kombination\",\"potentialAction\":[{\"@type\":\"SearchAction\",\"target\":{\"@type\":\"EntryPoint\",\"urlTemplate\":\"https:\/\/www.urlaubcornwall.de\/blog\/?s={search_term_string}\"},\"query-input\":\"required name=search_term_string\"}],\"inLanguage\":\"en-US\"},{\"@type\":\"WebPage\",\"@id\":\"https:\/\/www.urlaubcornwall.de\/blog\/ferienhaus-in-cheltenham-mit-3-schlafzimmern-mieten\/\",\"url\":\"https:\/\/www.urlaubcornwall.de\/blog\/ferienhaus-in-cheltenham-mit-3-schlafzimmern-mieten\/\",\"name\":\"Ferienhaus in Cheltenham mit 3 Schlafzimmern mieten - Urlaub &amp; Reisen\",\"isPartOf\":{\"@id\":\"https:\/\/www.urlaubcornwall.de\/blog\/#website\"},\"datePublished\":\"2018-05-20T14:20:00+00:00\",\"dateModified\":\"2019-03-29T10:17:21+00:00\",\"breadcrumb\":{\"@id\":\"https:\/\/www.urlaubcornwall.de\/blog\/ferienhaus-in-cheltenham-mit-3-schlafzimmern-mieten\/#breadcrumb\"},\"inLanguage\":\"en-US\",\"potentialAction\":[{\"@type\":\"ReadAction\",\"target\":[\"https:\/\/www.urlaubcornwall.de\/blog\/ferienhaus-in-cheltenham-mit-3-schlafzimmern-mieten\/\"]}]},{\"@type\":\"BreadcrumbList\",\"@id\":\"https:\/\/www.urlaubcornwall.de\/blog\/ferienhaus-in-cheltenham-mit-3-schlafzimmern-mieten\/#breadcrumb\",\"itemListElement\":[{\"@type\":\"ListItem\",\"position\":1,\"name\":\"Home\",\"item\":\"https:\/\/www.urlaubcornwall.de\/blog\/\"},{\"@type\":\"ListItem\",\"position\":2,\"name\":\"Ferienhaus in Cheltenham mit 3 Schlafzimmern mieten\"}]}]}<\/script>\n<!-- \/ Yoast SEO plugin. -->","yoast_head_json":{"title":"Ferienhaus in Cheltenham mit 3 Schlafzimmern mieten - Urlaub &amp; Reisen","robots":{"index":"index","follow":"follow","max-snippet":"max-snippet:-1","max-image-preview":"max-image-preview:large","max-video-preview":"max-video-preview:-1"},"canonical":"https:\/\/www.urlaubcornwall.de\/blog\/ferienhaus-in-cheltenham-mit-3-schlafzimmern-mieten\/","og_locale":"en_US","og_type":"article","og_title":"Ferienhaus in Cheltenham mit 3 Schlafzimmern mieten - Urlaub &amp; Reisen","og_description":"Ferienhaus in Bourton on the Water, 3 Schlafzimmern, Schlafgelegenheiten 6 Bekannt als das Venedig der Cotswolds ist Bourton-on-the-Water eines der lebhafteren D\u00f6rfer mit einer belebten Hauptstra\u00dfe, die an den Ufern des Flusses Windrush liegt. Das Dorf ist ein guter Ausgangspunkt f\u00fcr einen Aufenthalt in den Cotswolds mit einer Vielzahl von Attraktionen. Machen Sie einen Schritt [&hellip;]","og_url":"https:\/\/www.urlaubcornwall.de\/blog\/ferienhaus-in-cheltenham-mit-3-schlafzimmern-mieten\/","og_site_name":"Urlaub &amp; Reisen","article_modified_time":"2019-03-29T10:17:21+00:00","og_image":[{"url":"https:\/\/www.urlaubcornwall.de\/blog\/wp-content\/uploads\/2018\/05\/ferienhaus-cheltenham-mieten.jpg"}],"twitter_card":"summary","twitter_misc":{"Est. reading time":"1 minute"},"schema":{"@context":"https:\/\/schema.org","@graph":[{"@type":"WebSite","@id":"https:\/\/www.urlaubcornwall.de\/blog\/#website","url":"https:\/\/www.urlaubcornwall.de\/blog\/","name":"Urlaub &amp; Reisen","description":"Urlaub, Reisen, Cornwall und S\u00fcdengland: eine perfekte Kombination","potentialAction":[{"@type":"SearchAction","target":{"@type":"EntryPoint","urlTemplate":"https:\/\/www.urlaubcornwall.de\/blog\/?s={search_term_string}"},"query-input":"required name=search_term_string"}],"inLanguage":"en-US"},{"@type":"WebPage","@id":"https:\/\/www.urlaubcornwall.de\/blog\/ferienhaus-in-cheltenham-mit-3-schlafzimmern-mieten\/","url":"https:\/\/www.urlaubcornwall.de\/blog\/ferienhaus-in-cheltenham-mit-3-schlafzimmern-mieten\/","name":"Ferienhaus in Cheltenham mit 3 Schlafzimmern mieten - Urlaub &amp; Reisen","isPartOf":{"@id":"https:\/\/www.urlaubcornwall.de\/blog\/#website"},"datePublished":"2018-05-20T14:20:00+00:00","dateModified":"2019-03-29T10:17:21+00:00","breadcrumb":{"@id":"https:\/\/www.urlaubcornwall.de\/blog\/ferienhaus-in-cheltenham-mit-3-schlafzimmern-mieten\/#breadcrumb"},"inLanguage":"en-US","potentialAction":[{"@type":"ReadAction","target":["https:\/\/www.urlaubcornwall.de\/blog\/ferienhaus-in-cheltenham-mit-3-schlafzimmern-mieten\/"]}]},{"@type":"BreadcrumbList","@id":"https:\/\/www.urlaubcornwall.de\/blog\/ferienhaus-in-cheltenham-mit-3-schlafzimmern-mieten\/#breadcrumb","itemListElement":[{"@type":"ListItem","position":1,"name":"Home","item":"https:\/\/www.urlaubcornwall.de\/blog\/"},{"@type":"ListItem","position":2,"name":"Ferienhaus in Cheltenham mit 3 Schlafzimmern mieten"}]}]}},"_links":{"self":[{"href":"https:\/\/www.urlaubcornwall.de\/blog\/wp-json\/wp\/v2\/pages\/33832"}],"collection":[{"href":"https:\/\/www.urlaubcornwall.de\/blog\/wp-json\/wp\/v2\/pages"}],"about":[{"href":"https:\/\/www.urlaubcornwall.de\/blog\/wp-json\/wp\/v2\/types\/page"}],"author":[{"embeddable":true,"href":"https:\/\/www.urlaubcornwall.de\/blog\/wp-json\/wp\/v2\/users\/1"}],"replies":[{"embeddable":true,"href":"https:\/\/www.urlaubcornwall.de\/blog\/wp-json\/wp\/v2\/comments?post=33832"}],"version-history":[{"count":5,"href":"https:\/\/www.urlaubcornwall.de\/blog\/wp-json\/wp\/v2\/pages\/33832\/revisions"}],"predecessor-version":[{"id":36857,"href":"https:\/\/www.urlaubcornwall.de\/blog\/wp-json\/wp\/v2\/pages\/33832\/revisions\/36857"}],"wp:attachment":[{"href":"https:\/\/www.urlaubcornwall.de\/blog\/wp-json\/wp\/v2\/media?parent=33832"}],"curies":[{"name":"wp","href":"https:\/\/api.w.org\/{rel}","templated":true}]}}