{"id":33817,"date":"2018-05-17T11:09:45","date_gmt":"2018-05-17T11:09:45","guid":{"rendered":"https:\/\/www.urlaubcornwall.de\/blog\/?page_id=33817"},"modified":"2024-05-30T13:57:19","modified_gmt":"2024-05-30T13:57:19","slug":"historische-haeuser-gaerten-im-lake-district-nationalpark","status":"publish","type":"page","link":"https:\/\/www.urlaubcornwall.de\/blog\/historische-haeuser-gaerten-im-lake-district-nationalpark\/","title":{"rendered":"Sehensw\u00fcrdigkeiten im Lake District Nationalpark &#8211; Historische H\u00e4user &#038; G\u00e4rten"},"content":{"rendered":"<p><a href=\"https:\/\/www.urlaubcornwall.de\/blog\/wp-content\/uploads\/2024\/03\/lake-district.jpg\"><img loading=\"lazy\" src=\"https:\/\/www.urlaubcornwall.de\/blog\/wp-content\/uploads\/2024\/03\/lake-district.jpg\" alt=\"lake district\" width=\"750\" height=\"422\" class=\"alignnone size-full wp-image-47806\" srcset=\"https:\/\/www.urlaubcornwall.de\/blog\/wp-content\/uploads\/2024\/03\/lake-district.jpg 750w, https:\/\/www.urlaubcornwall.de\/blog\/wp-content\/uploads\/2024\/03\/lake-district-300x169.jpg 300w\" sizes=\"(max-width: 750px) 100vw, 750px\" \/><\/a><br \/>\nInnerhalb dieser wundersch\u00f6nen Landschaft voller Berge und Seen gibt es zahlreiche historische H\u00e4user, Burgen und G\u00e4rten zu besichtigen. Hier finden Sie unsere Auswahl an sehenswerten Attraktionen w\u00e4hrend Ihres <a href=\"https:\/\/www.urlaubcornwall.de\/reiseziel\/lake-district-nationalpark.php\">Urlaubs im Lake District Nationalpark<\/a>.<\/p>\n<p><strong>Sizergh Castle &amp; Garten<\/strong><\/p>\n<p>Sizergh Castle bei Kendal war \u00fcber 750 Jahre lang das Zuhause der Familie Strickland. Dieses romantische, befestigte Herrenhaus befindet sich innerhalb wundersch\u00f6ner Landschaftsg\u00e4rten und ist umgeben von einem 647 Hektar gro\u00dfen Gut, in dem eine reichhaltige Vielfalt an Tierleben wohnt. Im Schloss selbst befinden sich eindrucksvolle Holzpanelen, sowie eine feine Sammlung an Ausstattungsst\u00fccken und Familienportraits. Sizergh wird heute vom National Trust gemanagt, und das Schloss ist von M\u00e4rz bis Oktober ge\u00f6ffnet; die G\u00e4rten und das Grundst\u00fcck sind das ganze Jahr \u00fcber ge\u00f6ffnet. Hunde sind auf den Fu\u00dfwegen durchs Grundst\u00fcck gestattet.<\/p>\n<p><strong>Wray Castle<\/strong><\/p>\n<p>Wray Castle ist im Besitz des National Trust; es ist ein scheinbar gotisches Schloss an den Ufern des Sees Windermere. Es hat Zinnen und T\u00fcrme, eine gotisch anmutende Inneneinrichtung und bietet dramatischen Blick \u00fcber die Landschaft. Wray Castle ist sehr familienfreundlich. Es gibt keine Originalm\u00f6bel mehr im Schloss, doch jede Menge zu erkunden, und das Peter Rabbit Abenteuer ist gro\u00dfartig geeignet f\u00fcr j\u00fcngere Besucher. Sie k\u00f6nnen per Boot von Ambleside oder Brockhole aus am Wray Castle ankommen, und es gibt zudem jede Menge Spazierwege und Pfade am See, sowie einen Waldabenteuerspielplatz. Angeleinte Hunde sind auf dem Grundst\u00fcck gestattet; das Grundst\u00fcck ist das ganze Jahr \u00fcber ge\u00f6ffnet und das Schloss von Februar bis November.<\/p>\n<p><strong>Dove Cottage &amp; das Wordsworth Museum<\/strong><\/p>\n<p>William Wordsworth lebte 1799-1808 im Dove Cottage in Grasmere. Hier schrieb er die beliebtesten seiner Gedichte und seine Schwester Dorothy ihre ber\u00fchmten Grasmere Journale. Eine gef\u00fchrte Tour des Cottages vermittelt dem Besucher einen lebendigen Eindruck dessen, wie das Leben hier f\u00fcr Wordsworth und seine Familie ausgesehen haben mag. Sie k\u00f6nnen selbst im Garten herumspazieren, der zu seiner Halbwildheit restauriert wurde, die Wordsworth und Dorothy aus Pflanzen und Materialien vor Ort geschaffen haben. Es gibt auch ein preisgekr\u00f6ntes Museum, das eine der gro\u00dfartigsten Sammlungen an Manuskripten, B\u00fcchern und Gem\u00e4lden beinhaltet, die in Verbindung stehen zur Britischen Romantik. Ge\u00f6ffnet von M\u00e4rz bis Dezember.<\/p>\n<p><strong>Stagshaw Gardens<\/strong><\/p>\n<p>An den Ufern des Lake Windermere bei Ambleside bedecken die Waldg\u00e4rten von Stagshaw mehr als 3 Hektar. Die G\u00e4rten befinden sich im Besitz des National Trust und haben eine feine Sammlung an Rhododendren, Azaleen, Magnolien und Kamelien. Cambrias gr\u00f6\u00dfte B\u00e4ume befinden sich im Skelghyll Wald; es gibt Wasserf\u00e4lle und vom Garten am H\u00fcgel aus einen wundervollen Blick \u00fcber Windermere. Das Gebiet am Fluss eignet sich hervorragend zum Picknicken und um im Wasser zu paddeln. Stagshaw Garden ist das ganze Jahr \u00fcber ge\u00f6ffnet und angeleinte Hunde sind gestattet.<\/p>\n<p><strong>Hill Top <\/strong><\/p>\n<p>Hill Top bei Sawrey war das Zuhause von Beatrix Potter und Inspiration f\u00fcr ihre B\u00fccher. Als sie 1943 starb, ging das Haus an den National Trust \u00fcber und ist genau so erhalten, wie sie es verlassen hatte, mitsamt ihrer Einrichtung und ihres Geschirrs. Der Garten ist ein wundervolles Beispiel eines englischen Cottagegartens mit altmodischen Blumen wie Lupinen, Lavendel, Gei\u00dfblatt und Rosen. Haus und Garten sind von Februar \u2013 Oktober ge\u00f6ffnet und Eintritt zum Haus bekommen Sie mit einem zeitlich gebundenen Ticket, wenn viel los ist. Hunde sind nicht gestattet.<\/p>\n<div class=\"snippet\"> <a class=\"featured-item\" href=\" https:\/\/www.urlaubcornwall.de\/ferienhaeuser-fewos\/eng\/lake-district\/lake-district.html \"> <span class=\"image-holder\" style=\"background-image: url(' https:\/\/www.urlaubcornwall.de\/blog\/wp-content\/uploads\/2019\/01\/urlaub-lake-distrikt.jpg');\"><\/span> <span class=\"featured-content\"> \n<h2 class=\"featured-title\">Ferienh\u00e4user im Lake Distrikt zum Verlieben!<\/h2>\n<p class=\"featured-body\">Enge Stra\u00dfen, hoch aufragende Berge, herabst\u00fcrzende Wasserf\u00e4lle und Seen jeglichen Umfangs und jeglicher Form schaffen eine Landschaft&#8230;..<\/p>\n<\/span> <span class=\"featured-link-holder\"> <span class=\"featured-extra-info\"> \n<p>F\u00fcr Paare, Familien &#038; Gruppen<\/p>\n<\/span> \n<p class=\"featured-link\">DETAILS<\/p>\n<\/span> <\/a><\/div>\n","protected":false},"excerpt":{"rendered":"<p>Innerhalb dieser wundersch\u00f6nen Landschaft voller Berge und Seen gibt es zahlreiche historische H\u00e4user, Burgen und G\u00e4rten zu besichtigen. Hier finden Sie unsere Auswahl an sehenswerten Attraktionen w\u00e4hrend Ihres Urlaubs im Lake District Nationalpark. Sizergh Castle &amp; Garten Sizergh Castle bei Kendal war \u00fcber 750 Jahre lang das Zuhause der Familie Strickland. Dieses romantische, befestigte Herrenhaus [&hellip;]<\/p>\n","protected":false},"author":1,"featured_media":0,"parent":0,"menu_order":0,"comment_status":"closed","ping_status":"closed","template":"single-four.php","meta":[],"acf":[],"yoast_head":"<!-- This site is optimized with the Yoast SEO plugin v19.4 - https:\/\/yoast.com\/wordpress\/plugins\/seo\/ -->\n<title>Sehensw\u00fcrdigkeiten im Lake District Nationalpark - Historische H\u00e4user &amp; G\u00e4rten - Urlaub &amp; Reisen<\/title>\n<meta name=\"robots\" content=\"index, follow, max-snippet:-1, max-image-preview:large, max-video-preview:-1\" \/>\n<link rel=\"canonical\" href=\"https:\/\/www.urlaubcornwall.de\/blog\/historische-haeuser-gaerten-im-lake-district-nationalpark\/\" \/>\n<meta property=\"og:locale\" content=\"en_US\" \/>\n<meta property=\"og:type\" content=\"article\" \/>\n<meta property=\"og:title\" content=\"Sehensw\u00fcrdigkeiten im Lake District Nationalpark - Historische H\u00e4user &amp; G\u00e4rten - Urlaub &amp; Reisen\" \/>\n<meta property=\"og:description\" content=\"Innerhalb dieser wundersch\u00f6nen Landschaft voller Berge und Seen gibt es zahlreiche historische H\u00e4user, Burgen und G\u00e4rten zu besichtigen. Hier finden Sie unsere Auswahl an sehenswerten Attraktionen w\u00e4hrend Ihres Urlaubs im Lake District Nationalpark. Sizergh Castle &amp; Garten Sizergh Castle bei Kendal war \u00fcber 750 Jahre lang das Zuhause der Familie Strickland. Dieses romantische, befestigte Herrenhaus [&hellip;]\" \/>\n<meta property=\"og:url\" content=\"https:\/\/www.urlaubcornwall.de\/blog\/historische-haeuser-gaerten-im-lake-district-nationalpark\/\" \/>\n<meta property=\"og:site_name\" content=\"Urlaub &amp; Reisen\" \/>\n<meta property=\"article:modified_time\" content=\"2024-05-30T13:57:19+00:00\" \/>\n<meta property=\"og:image\" content=\"https:\/\/www.urlaubcornwall.de\/blog\/wp-content\/uploads\/2024\/03\/lake-district.jpg\" \/>\n<meta name=\"twitter:card\" content=\"summary\" \/>\n<meta name=\"twitter:label1\" content=\"Est. reading time\" \/>\n\t<meta name=\"twitter:data1\" content=\"3 minutes\" \/>\n<script type=\"application\/ld+json\" class=\"yoast-schema-graph\">{\"@context\":\"https:\/\/schema.org\",\"@graph\":[{\"@type\":\"WebSite\",\"@id\":\"https:\/\/www.urlaubcornwall.de\/blog\/#website\",\"url\":\"https:\/\/www.urlaubcornwall.de\/blog\/\",\"name\":\"Urlaub &amp; Reisen\",\"description\":\"Urlaub, Reisen, Cornwall und S\u00fcdengland: eine perfekte Kombination\",\"potentialAction\":[{\"@type\":\"SearchAction\",\"target\":{\"@type\":\"EntryPoint\",\"urlTemplate\":\"https:\/\/www.urlaubcornwall.de\/blog\/?s={search_term_string}\"},\"query-input\":\"required name=search_term_string\"}],\"inLanguage\":\"en-US\"},{\"@type\":\"WebPage\",\"@id\":\"https:\/\/www.urlaubcornwall.de\/blog\/historische-haeuser-gaerten-im-lake-district-nationalpark\/\",\"url\":\"https:\/\/www.urlaubcornwall.de\/blog\/historische-haeuser-gaerten-im-lake-district-nationalpark\/\",\"name\":\"Sehensw\u00fcrdigkeiten im Lake District Nationalpark - Historische H\u00e4user & G\u00e4rten - Urlaub &amp; Reisen\",\"isPartOf\":{\"@id\":\"https:\/\/www.urlaubcornwall.de\/blog\/#website\"},\"datePublished\":\"2018-05-17T11:09:45+00:00\",\"dateModified\":\"2024-05-30T13:57:19+00:00\",\"breadcrumb\":{\"@id\":\"https:\/\/www.urlaubcornwall.de\/blog\/historische-haeuser-gaerten-im-lake-district-nationalpark\/#breadcrumb\"},\"inLanguage\":\"en-US\",\"potentialAction\":[{\"@type\":\"ReadAction\",\"target\":[\"https:\/\/www.urlaubcornwall.de\/blog\/historische-haeuser-gaerten-im-lake-district-nationalpark\/\"]}]},{\"@type\":\"BreadcrumbList\",\"@id\":\"https:\/\/www.urlaubcornwall.de\/blog\/historische-haeuser-gaerten-im-lake-district-nationalpark\/#breadcrumb\",\"itemListElement\":[{\"@type\":\"ListItem\",\"position\":1,\"name\":\"Home\",\"item\":\"https:\/\/www.urlaubcornwall.de\/blog\/\"},{\"@type\":\"ListItem\",\"position\":2,\"name\":\"Sehensw\u00fcrdigkeiten im Lake District Nationalpark &#8211; Historische H\u00e4user &#038; G\u00e4rten\"}]}]}<\/script>\n<!-- \/ Yoast SEO plugin. -->","yoast_head_json":{"title":"Sehensw\u00fcrdigkeiten im Lake District Nationalpark - Historische H\u00e4user & G\u00e4rten - Urlaub &amp; Reisen","robots":{"index":"index","follow":"follow","max-snippet":"max-snippet:-1","max-image-preview":"max-image-preview:large","max-video-preview":"max-video-preview:-1"},"canonical":"https:\/\/www.urlaubcornwall.de\/blog\/historische-haeuser-gaerten-im-lake-district-nationalpark\/","og_locale":"en_US","og_type":"article","og_title":"Sehensw\u00fcrdigkeiten im Lake District Nationalpark - Historische H\u00e4user & G\u00e4rten - Urlaub &amp; Reisen","og_description":"Innerhalb dieser wundersch\u00f6nen Landschaft voller Berge und Seen gibt es zahlreiche historische H\u00e4user, Burgen und G\u00e4rten zu besichtigen. Hier finden Sie unsere Auswahl an sehenswerten Attraktionen w\u00e4hrend Ihres Urlaubs im Lake District Nationalpark. Sizergh Castle &amp; Garten Sizergh Castle bei Kendal war \u00fcber 750 Jahre lang das Zuhause der Familie Strickland. Dieses romantische, befestigte Herrenhaus [&hellip;]","og_url":"https:\/\/www.urlaubcornwall.de\/blog\/historische-haeuser-gaerten-im-lake-district-nationalpark\/","og_site_name":"Urlaub &amp; Reisen","article_modified_time":"2024-05-30T13:57:19+00:00","og_image":[{"url":"https:\/\/www.urlaubcornwall.de\/blog\/wp-content\/uploads\/2024\/03\/lake-district.jpg"}],"twitter_card":"summary","twitter_misc":{"Est. reading time":"3 minutes"},"schema":{"@context":"https:\/\/schema.org","@graph":[{"@type":"WebSite","@id":"https:\/\/www.urlaubcornwall.de\/blog\/#website","url":"https:\/\/www.urlaubcornwall.de\/blog\/","name":"Urlaub &amp; Reisen","description":"Urlaub, Reisen, Cornwall und S\u00fcdengland: eine perfekte Kombination","potentialAction":[{"@type":"SearchAction","target":{"@type":"EntryPoint","urlTemplate":"https:\/\/www.urlaubcornwall.de\/blog\/?s={search_term_string}"},"query-input":"required name=search_term_string"}],"inLanguage":"en-US"},{"@type":"WebPage","@id":"https:\/\/www.urlaubcornwall.de\/blog\/historische-haeuser-gaerten-im-lake-district-nationalpark\/","url":"https:\/\/www.urlaubcornwall.de\/blog\/historische-haeuser-gaerten-im-lake-district-nationalpark\/","name":"Sehensw\u00fcrdigkeiten im Lake District Nationalpark - Historische H\u00e4user & G\u00e4rten - Urlaub &amp; Reisen","isPartOf":{"@id":"https:\/\/www.urlaubcornwall.de\/blog\/#website"},"datePublished":"2018-05-17T11:09:45+00:00","dateModified":"2024-05-30T13:57:19+00:00","breadcrumb":{"@id":"https:\/\/www.urlaubcornwall.de\/blog\/historische-haeuser-gaerten-im-lake-district-nationalpark\/#breadcrumb"},"inLanguage":"en-US","potentialAction":[{"@type":"ReadAction","target":["https:\/\/www.urlaubcornwall.de\/blog\/historische-haeuser-gaerten-im-lake-district-nationalpark\/"]}]},{"@type":"BreadcrumbList","@id":"https:\/\/www.urlaubcornwall.de\/blog\/historische-haeuser-gaerten-im-lake-district-nationalpark\/#breadcrumb","itemListElement":[{"@type":"ListItem","position":1,"name":"Home","item":"https:\/\/www.urlaubcornwall.de\/blog\/"},{"@type":"ListItem","position":2,"name":"Sehensw\u00fcrdigkeiten im Lake District Nationalpark &#8211; Historische H\u00e4user &#038; G\u00e4rten"}]}]}},"_links":{"self":[{"href":"https:\/\/www.urlaubcornwall.de\/blog\/wp-json\/wp\/v2\/pages\/33817"}],"collection":[{"href":"https:\/\/www.urlaubcornwall.de\/blog\/wp-json\/wp\/v2\/pages"}],"about":[{"href":"https:\/\/www.urlaubcornwall.de\/blog\/wp-json\/wp\/v2\/types\/page"}],"author":[{"embeddable":true,"href":"https:\/\/www.urlaubcornwall.de\/blog\/wp-json\/wp\/v2\/users\/1"}],"replies":[{"embeddable":true,"href":"https:\/\/www.urlaubcornwall.de\/blog\/wp-json\/wp\/v2\/comments?post=33817"}],"version-history":[{"count":9,"href":"https:\/\/www.urlaubcornwall.de\/blog\/wp-json\/wp\/v2\/pages\/33817\/revisions"}],"predecessor-version":[{"id":51090,"href":"https:\/\/www.urlaubcornwall.de\/blog\/wp-json\/wp\/v2\/pages\/33817\/revisions\/51090"}],"wp:attachment":[{"href":"https:\/\/www.urlaubcornwall.de\/blog\/wp-json\/wp\/v2\/media?parent=33817"}],"curies":[{"name":"wp","href":"https:\/\/api.w.org\/{rel}","templated":true}]}}