{"id":33812,"date":"2018-05-14T09:55:26","date_gmt":"2018-05-14T09:55:26","guid":{"rendered":"https:\/\/www.urlaubcornwall.de\/blog\/?page_id=33812"},"modified":"2024-02-28T06:51:49","modified_gmt":"2024-02-28T06:51:49","slug":"die-besten-wanderungen-im-lake-district-wanderurlaub-in-cumbria","status":"publish","type":"page","link":"https:\/\/www.urlaubcornwall.de\/blog\/die-besten-wanderungen-im-lake-district-wanderurlaub-in-cumbria\/","title":{"rendered":"Die besten Wanderungen im Lake District \u2013 Wanderurlaub in Cumbria"},"content":{"rendered":"<p style=\"text-align: right;\"><img loading=\"lazy\" class=\"aligncenter size-full wp-image-33743\" src=\"https:\/\/www.urlaubcornwall.de\/blog\/wp-content\/uploads\/2018\/04\/Esthwaite-Water-urlaub-lake-district.jpg\" alt=\"Esthwaite Water Urlaub lake district\" width=\"746\" height=\"497\" srcset=\"https:\/\/www.urlaubcornwall.de\/blog\/wp-content\/uploads\/2018\/04\/Esthwaite-Water-urlaub-lake-district.jpg 746w, https:\/\/www.urlaubcornwall.de\/blog\/wp-content\/uploads\/2018\/04\/Esthwaite-Water-urlaub-lake-district-300x200.jpg 300w\" sizes=\"(max-width: 746px) 100vw, 746px\" \/><\/p>\n<p style=\"text-align: right;\">\u00a9 <a href=\"https:\/\/www.123rf.com\/profile_grahammoore999\"rel=\"nofollow\">grahammoore999 \/ 123RF Stock Photo<\/a><\/p>\n<p>Es gibt so viele wundervolle Wanderungen im <a href=\"https:\/\/www.urlaubcornwall.de\/reiseziel\/lake-district-nationalpark.php\">Lake District<\/a>, die Sie w\u00e4hrend Ihres Urlaubs im UK genie\u00dfen k\u00f6nnen, ob Sie nun einen gem\u00fctlichen Spaziergang am Wasser machen wollen oder einen belebenden Aufstieg mit wundervollem Blick; der Lake Distrikt hat jedem Alter und jeder F\u00e4higkeit etwas zu bieten.<\/p>\n<p>Der Pennine Way f\u00fchrt durch den Lake District. Diese Wanderstrecke ist 429km lang und bietet eine der besten Wandererfahrungen in England; er beginnt unmittelbar an der schottischen Grenze in Kirk Yetholm und endet bei Edale im Peak District. Die Pennines sind bekannt als das \u2018R\u00fcckgrat von England\u2019, und obwohl die Strecke nicht so lang ist wie der S\u00fcdwestk\u00fcstenpfad, der 1014km betr\u00e4gt, ist der Pennine Way einer der bestbekannten und herausforderndsten Wanderstrecken. Der Cumbrian Way ist ein Langstreckenfu\u00dfweg durch Cumbria. Dieser 119km lange Pfad verl\u00e4uft durch das Herz des englischen Lake District, von der Marktstadt Ulverston in S\u00fcd-Cumbria bis hin zur historischen Stadt Carlisle nahe der schottischen Grenze. Es ist eine Route auf niederem Niveau mit wundervollem Blick und eine gro\u00dfartige Einf\u00fchrung in den Lake Distrikt und Langstreckenwandern. Der Cumbrian Way kann in einer Woche zur\u00fcckgelegt werden.<\/p>\n<p><strong>Hier finden Sie ein paar k\u00fcrzere Wanderungen, die Sie w\u00e4hrend eines <a href=\"https:\/\/www.urlaubcornwall.de\/reiseziel\/lake-district-nationalpark.php\">Urlaubs im Lake District<\/a> genie\u00dfen k\u00f6nnen.<\/strong><\/p>\n<p><strong>1.<\/strong> Windermere, Orrest Head \u2013 Diese 4,8km lange Wanderung bietet fantastischen Blick ohne die Anstrengung einer Bergsteigung. Die Wanderung beginnt am Windermere Touristeninformationszentrum, und es handelt sich um einen stetigen Aufstieg durch Waldland zum Gipfel, der sich 239m \u00fcber dem Meeresspiegel befindet. Der Panoramablick vom Gipfel umfasst die h\u00f6chsten Berge des Lake Distrikts und erstreckt sich bis hin zum Meer der Morecombe Bay.<\/p>\n<p><strong>2.<\/strong> Bei Tarn Hows in der N\u00e4he von Coniston ist die 3,2km lange Wanderung gro\u00dfartig geeignet f\u00fcr Familien und zum Picknicken entlang des Wegs. Diese leicht zug\u00e4ngliche Rundwanderung mit wundersch\u00f6nem Blick \u00fcber die friedvolle l\u00e4ndliche Landschaft wird vom National Trust gemanagt. F\u00fcr Besucher mit k\u00f6rperlichen Einschr\u00e4nkungen stehen Offroad Skooter zur Verf\u00fcgung.<\/p>\n<p><strong>3.<\/strong> Die 2,4km lange Wanderung zum wundersch\u00f6nen Wasserfall von Aira Force f\u00fchrt durch altes Waldgebiet, in dem braune Eichh\u00f6rnchen leben. Teilweise sind die Pfade recht steil und zerkl\u00fcftet, so dass sie f\u00fcr Kinderw\u00e4gen nicht geeignet sind. Das Gebiet befindet sich im Besitz des National Trust, und es gibt zahlreiche Picknickpl\u00e4tze. Sie k\u00f6nnen Ihre Wanderung verbinden mit einer Fahrt auf den Ullswater Steamers, da die Boote am Pier bei Aira Force anlegen. Hunde sind auf den Booten f\u00fcr einen geringen Preis von \u00a31 gestattet.<\/p>\n<p><strong>4.<\/strong> Machen Sie eine Wanderung um Derwent Water herum, das \u2018Juwel des Lake Distrikt\u2019 von Walla Crag nach Ashness Bridge und genie\u00dfen Sie zu jeder Jahreszeit einen herrlichen Blick. Die Wanderung ist 7,2km lang und wurde immer schon von Fotografen bevorzugt. Die Wanderung ist von mittlerem Schwierigkeitsgrad und hundefreundlich.<\/p>\n<p><strong>5.<\/strong> Falls es Ihnen nach einem Aufstieg ist, dann ist die 2,4km lange Wanderung von Windermere hinauf nach Gummer\u2019s How der Anstrengung wert, sobald Sie den Gipfel erreichen. Der Weg ist steil, teilweise eng und recht steinig, so dass Vorsicht geboten ist. Der Panoramablick vom Gipfel \u00fcber die Seen ist wundervoll.<\/p>\n<div class=\"snippet\"> <a class=\"featured-item\" href=\" https:\/\/www.urlaubcornwall.de\/ferienhaeuser-fewos\/eng\/lake-district\/lake-district.html\"> <span class=\"image-holder\" style=\"background-image: url(' https:\/\/www.urlaubcornwall.de\/blog\/wp-content\/uploads\/2019\/01\/urlaub-lake-distrikt.jpg');\"><\/span> <span class=\"featured-content\"> \n<h2 class=\"featured-title\">Ferienh\u00e4user im Lake Distrikt zum Verlieben!<\/h2>\n<p class=\"featured-body\">Enge Stra\u00dfen, hoch aufragende Berge, herabst\u00fcrzende Wasserf\u00e4lle und Seen jeglichen Umfangs und jeglicher Form schaffen eine Landschaft&#8230;..<\/p>\n<\/span> <span class=\"featured-link-holder\"> <span class=\"featured-extra-info\"> \n<p>F\u00fcr Paare, Familien &#038; Gruppen<\/p>\n<\/span> \n<p class=\"featured-link\">DETAILS<\/p>\n<\/span> <\/a><\/div>\n","protected":false},"excerpt":{"rendered":"<p>\u00a9 grahammoore999 \/ 123RF Stock Photo Es gibt so viele wundervolle Wanderungen im Lake District, die Sie w\u00e4hrend Ihres Urlaubs im UK genie\u00dfen k\u00f6nnen, ob Sie nun einen gem\u00fctlichen Spaziergang am Wasser machen wollen oder einen belebenden Aufstieg mit wundervollem Blick; der Lake Distrikt hat jedem Alter und jeder F\u00e4higkeit etwas zu bieten. Der Pennine [&hellip;]<\/p>\n","protected":false},"author":1,"featured_media":0,"parent":0,"menu_order":0,"comment_status":"closed","ping_status":"closed","template":"single-four.php","meta":[],"acf":[],"yoast_head":"<!-- This site is optimized with the Yoast SEO plugin v19.4 - https:\/\/yoast.com\/wordpress\/plugins\/seo\/ -->\n<title>Die besten Wanderungen im Lake District \u2013 Wanderurlaub in Cumbria - Urlaub &amp; Reisen<\/title>\n<meta name=\"robots\" content=\"index, follow, max-snippet:-1, max-image-preview:large, max-video-preview:-1\" \/>\n<link rel=\"canonical\" href=\"https:\/\/www.urlaubcornwall.de\/blog\/die-besten-wanderungen-im-lake-district-wanderurlaub-in-cumbria\/\" \/>\n<meta property=\"og:locale\" content=\"en_US\" \/>\n<meta property=\"og:type\" content=\"article\" \/>\n<meta property=\"og:title\" content=\"Die besten Wanderungen im Lake District \u2013 Wanderurlaub in Cumbria - Urlaub &amp; Reisen\" \/>\n<meta property=\"og:description\" content=\"\u00a9 grahammoore999 \/ 123RF Stock Photo Es gibt so viele wundervolle Wanderungen im Lake District, die Sie w\u00e4hrend Ihres Urlaubs im UK genie\u00dfen k\u00f6nnen, ob Sie nun einen gem\u00fctlichen Spaziergang am Wasser machen wollen oder einen belebenden Aufstieg mit wundervollem Blick; der Lake Distrikt hat jedem Alter und jeder F\u00e4higkeit etwas zu bieten. Der Pennine [&hellip;]\" \/>\n<meta property=\"og:url\" content=\"https:\/\/www.urlaubcornwall.de\/blog\/die-besten-wanderungen-im-lake-district-wanderurlaub-in-cumbria\/\" \/>\n<meta property=\"og:site_name\" content=\"Urlaub &amp; Reisen\" \/>\n<meta property=\"article:modified_time\" content=\"2024-02-28T06:51:49+00:00\" \/>\n<meta property=\"og:image\" content=\"https:\/\/www.urlaubcornwall.de\/blog\/wp-content\/uploads\/2018\/04\/Esthwaite-Water-urlaub-lake-district.jpg\" \/>\n<meta name=\"twitter:card\" content=\"summary\" \/>\n<meta name=\"twitter:label1\" content=\"Est. reading time\" \/>\n\t<meta name=\"twitter:data1\" content=\"3 minutes\" \/>\n<script type=\"application\/ld+json\" class=\"yoast-schema-graph\">{\"@context\":\"https:\/\/schema.org\",\"@graph\":[{\"@type\":\"WebSite\",\"@id\":\"https:\/\/www.urlaubcornwall.de\/blog\/#website\",\"url\":\"https:\/\/www.urlaubcornwall.de\/blog\/\",\"name\":\"Urlaub &amp; Reisen\",\"description\":\"Urlaub, Reisen, Cornwall und S\u00fcdengland: eine perfekte Kombination\",\"potentialAction\":[{\"@type\":\"SearchAction\",\"target\":{\"@type\":\"EntryPoint\",\"urlTemplate\":\"https:\/\/www.urlaubcornwall.de\/blog\/?s={search_term_string}\"},\"query-input\":\"required name=search_term_string\"}],\"inLanguage\":\"en-US\"},{\"@type\":\"WebPage\",\"@id\":\"https:\/\/www.urlaubcornwall.de\/blog\/die-besten-wanderungen-im-lake-district-wanderurlaub-in-cumbria\/\",\"url\":\"https:\/\/www.urlaubcornwall.de\/blog\/die-besten-wanderungen-im-lake-district-wanderurlaub-in-cumbria\/\",\"name\":\"Die besten Wanderungen im Lake District \u2013 Wanderurlaub in Cumbria - Urlaub &amp; Reisen\",\"isPartOf\":{\"@id\":\"https:\/\/www.urlaubcornwall.de\/blog\/#website\"},\"datePublished\":\"2018-05-14T09:55:26+00:00\",\"dateModified\":\"2024-02-28T06:51:49+00:00\",\"breadcrumb\":{\"@id\":\"https:\/\/www.urlaubcornwall.de\/blog\/die-besten-wanderungen-im-lake-district-wanderurlaub-in-cumbria\/#breadcrumb\"},\"inLanguage\":\"en-US\",\"potentialAction\":[{\"@type\":\"ReadAction\",\"target\":[\"https:\/\/www.urlaubcornwall.de\/blog\/die-besten-wanderungen-im-lake-district-wanderurlaub-in-cumbria\/\"]}]},{\"@type\":\"BreadcrumbList\",\"@id\":\"https:\/\/www.urlaubcornwall.de\/blog\/die-besten-wanderungen-im-lake-district-wanderurlaub-in-cumbria\/#breadcrumb\",\"itemListElement\":[{\"@type\":\"ListItem\",\"position\":1,\"name\":\"Home\",\"item\":\"https:\/\/www.urlaubcornwall.de\/blog\/\"},{\"@type\":\"ListItem\",\"position\":2,\"name\":\"Die besten Wanderungen im Lake District \u2013 Wanderurlaub in Cumbria\"}]}]}<\/script>\n<!-- \/ Yoast SEO plugin. -->","yoast_head_json":{"title":"Die besten Wanderungen im Lake District \u2013 Wanderurlaub in Cumbria - Urlaub &amp; Reisen","robots":{"index":"index","follow":"follow","max-snippet":"max-snippet:-1","max-image-preview":"max-image-preview:large","max-video-preview":"max-video-preview:-1"},"canonical":"https:\/\/www.urlaubcornwall.de\/blog\/die-besten-wanderungen-im-lake-district-wanderurlaub-in-cumbria\/","og_locale":"en_US","og_type":"article","og_title":"Die besten Wanderungen im Lake District \u2013 Wanderurlaub in Cumbria - Urlaub &amp; Reisen","og_description":"\u00a9 grahammoore999 \/ 123RF Stock Photo Es gibt so viele wundervolle Wanderungen im Lake District, die Sie w\u00e4hrend Ihres Urlaubs im UK genie\u00dfen k\u00f6nnen, ob Sie nun einen gem\u00fctlichen Spaziergang am Wasser machen wollen oder einen belebenden Aufstieg mit wundervollem Blick; der Lake Distrikt hat jedem Alter und jeder F\u00e4higkeit etwas zu bieten. Der Pennine [&hellip;]","og_url":"https:\/\/www.urlaubcornwall.de\/blog\/die-besten-wanderungen-im-lake-district-wanderurlaub-in-cumbria\/","og_site_name":"Urlaub &amp; Reisen","article_modified_time":"2024-02-28T06:51:49+00:00","og_image":[{"url":"https:\/\/www.urlaubcornwall.de\/blog\/wp-content\/uploads\/2018\/04\/Esthwaite-Water-urlaub-lake-district.jpg"}],"twitter_card":"summary","twitter_misc":{"Est. reading time":"3 minutes"},"schema":{"@context":"https:\/\/schema.org","@graph":[{"@type":"WebSite","@id":"https:\/\/www.urlaubcornwall.de\/blog\/#website","url":"https:\/\/www.urlaubcornwall.de\/blog\/","name":"Urlaub &amp; Reisen","description":"Urlaub, Reisen, Cornwall und S\u00fcdengland: eine perfekte Kombination","potentialAction":[{"@type":"SearchAction","target":{"@type":"EntryPoint","urlTemplate":"https:\/\/www.urlaubcornwall.de\/blog\/?s={search_term_string}"},"query-input":"required name=search_term_string"}],"inLanguage":"en-US"},{"@type":"WebPage","@id":"https:\/\/www.urlaubcornwall.de\/blog\/die-besten-wanderungen-im-lake-district-wanderurlaub-in-cumbria\/","url":"https:\/\/www.urlaubcornwall.de\/blog\/die-besten-wanderungen-im-lake-district-wanderurlaub-in-cumbria\/","name":"Die besten Wanderungen im Lake District \u2013 Wanderurlaub in Cumbria - Urlaub &amp; Reisen","isPartOf":{"@id":"https:\/\/www.urlaubcornwall.de\/blog\/#website"},"datePublished":"2018-05-14T09:55:26+00:00","dateModified":"2024-02-28T06:51:49+00:00","breadcrumb":{"@id":"https:\/\/www.urlaubcornwall.de\/blog\/die-besten-wanderungen-im-lake-district-wanderurlaub-in-cumbria\/#breadcrumb"},"inLanguage":"en-US","potentialAction":[{"@type":"ReadAction","target":["https:\/\/www.urlaubcornwall.de\/blog\/die-besten-wanderungen-im-lake-district-wanderurlaub-in-cumbria\/"]}]},{"@type":"BreadcrumbList","@id":"https:\/\/www.urlaubcornwall.de\/blog\/die-besten-wanderungen-im-lake-district-wanderurlaub-in-cumbria\/#breadcrumb","itemListElement":[{"@type":"ListItem","position":1,"name":"Home","item":"https:\/\/www.urlaubcornwall.de\/blog\/"},{"@type":"ListItem","position":2,"name":"Die besten Wanderungen im Lake District \u2013 Wanderurlaub in Cumbria"}]}]}},"_links":{"self":[{"href":"https:\/\/www.urlaubcornwall.de\/blog\/wp-json\/wp\/v2\/pages\/33812"}],"collection":[{"href":"https:\/\/www.urlaubcornwall.de\/blog\/wp-json\/wp\/v2\/pages"}],"about":[{"href":"https:\/\/www.urlaubcornwall.de\/blog\/wp-json\/wp\/v2\/types\/page"}],"author":[{"embeddable":true,"href":"https:\/\/www.urlaubcornwall.de\/blog\/wp-json\/wp\/v2\/users\/1"}],"replies":[{"embeddable":true,"href":"https:\/\/www.urlaubcornwall.de\/blog\/wp-json\/wp\/v2\/comments?post=33812"}],"version-history":[{"count":5,"href":"https:\/\/www.urlaubcornwall.de\/blog\/wp-json\/wp\/v2\/pages\/33812\/revisions"}],"predecessor-version":[{"id":47703,"href":"https:\/\/www.urlaubcornwall.de\/blog\/wp-json\/wp\/v2\/pages\/33812\/revisions\/47703"}],"wp:attachment":[{"href":"https:\/\/www.urlaubcornwall.de\/blog\/wp-json\/wp\/v2\/media?parent=33812"}],"curies":[{"name":"wp","href":"https:\/\/api.w.org\/{rel}","templated":true}]}}