{"id":33768,"date":"2018-05-03T12:56:40","date_gmt":"2018-05-03T12:56:40","guid":{"rendered":"https:\/\/www.urlaubcornwall.de\/blog\/?page_id=33768"},"modified":"2024-03-08T10:42:16","modified_gmt":"2024-03-08T10:42:16","slug":"familienurlaub-im-lake-district-unsere-top-10-tipps","status":"publish","type":"page","link":"https:\/\/www.urlaubcornwall.de\/blog\/familienurlaub-im-lake-district-unsere-top-10-tipps\/","title":{"rendered":"Familienurlaub im Lake District \u2013 unsere Top 10 Tipps mit Kindern"},"content":{"rendered":"<p style=\"text-align: right;\"><img loading=\"lazy\" class=\"aligncenter size-full wp-image-33743\" src=\"https:\/\/www.urlaubcornwall.de\/blog\/wp-content\/uploads\/2018\/04\/Esthwaite-Water-urlaub-lake-district.jpg\" alt=\"Esthwaite Water Urlaub lake district\" width=\"746\" height=\"497\" srcset=\"https:\/\/www.urlaubcornwall.de\/blog\/wp-content\/uploads\/2018\/04\/Esthwaite-Water-urlaub-lake-district.jpg 746w, https:\/\/www.urlaubcornwall.de\/blog\/wp-content\/uploads\/2018\/04\/Esthwaite-Water-urlaub-lake-district-300x200.jpg 300w\" sizes=\"(max-width: 746px) 100vw, 746px\" \/><\/p>\n<p style=\"text-align: right;\">\u00a9 <a href=\"https:\/\/www.123rf.com\/profile_grahammoore999\"rel=\"nofollow\">grahammoore999 \/ 123RF Stock Photo<\/a><\/p>\n<p>Der Lake Distrikt f\u00fcr Kinder &#8211; W\u00e4hrend eines <a href=\"https:\/\/www.urlaubcornwall.de\/reiseziel\/lake-district-nationalpark.php\">Familienurlaubs im Lake District<\/a> gibt es eine Menge zu tun, etwas f\u00fcr alle Altersstufen und F\u00e4higkeiten und bei jedem Wetter.<\/p>\n<p>1. <strong>Forellenangeln bei Gilcrux in der N\u00e4he von Cockermouth<\/strong> \u2013 hier gibt es 3 k\u00fcnstlich angelegte Forellenteiche, wo Sie Ihren eigenen Fisch f\u00fcrs Abendessen fangen k\u00f6nnen. Sie k\u00f6nnen Angelruten leihen, doch sollten Sie eine Sitzunterlage mitbringen, sowie wasserdichte Kleidung tragen.<\/p>\n<p>2. <strong>Eine Schifffahrt auf Derwentwater<\/strong> \u2013 die h\u00f6lzernen Vergn\u00fcgungsboote verkehren zwischen den 7 Anlegestellen. Sie k\u00f6nnen entweder f\u00fcr eine 50min\u00fctige Fahrt auf dem Boot bleiben oder zu- und aussteigen, um die Kieselstr\u00e4nde und Fu\u00dfwege zu erkunden.<\/p>\n<p>3. <strong>Grizedale Forest bei Hawkshead hat Mountainbike Pfade und einen Kletteraffen<\/strong>&#8211; Baumgipfel-Abenteuerplatz. Sie k\u00f6nnen es auch mit einem Orientierungslauf versuchen; 7 Routen sind vorhanden, vom einfachen, 1,6km langen Pfad bis hin zum 6.4km langen mit mehr Herausforderungen. Es gibt auch eine Orientierungsstrecke f\u00fcr Mountainbiker.<\/p>\n<p><img loading=\"lazy\" class=\"aligncenter size-full wp-image-47926\" src=\"https:\/\/www.urlaubcornwall.de\/blog\/wp-content\/uploads\/2024\/03\/buttermere.jpg\" alt=\"buttermere\" width=\"750\" height=\"500\" srcset=\"https:\/\/www.urlaubcornwall.de\/blog\/wp-content\/uploads\/2024\/03\/buttermere.jpg 750w, https:\/\/www.urlaubcornwall.de\/blog\/wp-content\/uploads\/2024\/03\/buttermere-300x200.jpg 300w\" sizes=\"(max-width: 750px) 100vw, 750px\" \/><\/p>\n<p>4. <strong>Ein Spaziergang um Buttermere<\/strong> &#8211; Buttermere hat keine Anlegestellen, Motorboote oder Picknicktische, lediglich einen 2km Abschitt schimmernden Gew\u00e4ssers umgeben von Steinwandungen und Bauernland. Der Spaziergang um den See dauert 2-3 Stunden und ist geeignet f\u00fcr einen robusten Buggy. Es gibt das gesamte Ufer entlang kleine Kieselstr\u00e4nde zum Spielen.<\/p>\n<p>5. <strong>Die \u201eWorld of Beatrix Potter\u201c in Bowness-on-Windermere<\/strong> &#8211; ein hervorragender Ort, wenn das Wetter nicht so gut ist. Neben Peter Rabbits Garten sehen Sie lebensgro\u00dfe Nachbildungen von Szenen aus den B\u00fcchern; begegnen Sie s\u00e4mtlichen Figuren und genie\u00dfen Sie einen virtuellen Spaziergang durch die Landschaft Cambrias. Im Teehaus k\u00f6nnen Sie einen englischen Nachmittagstee genie\u00dfen, der mit frischen Zutaten vor Ort gebraut wurde. Die Beatrix Potter Welt ist t\u00e4glich ge\u00f6ffnet.<\/p>\n<p>6. <strong>Lakeland Kletterzentrum in Kendal<\/strong> &#8211; an einem Regentag bietet es \u00fcberdachtes Abenteuer f\u00fcr Kinder \u00e4lter als 5 Jahre. Es ist hervorragend geeignet f\u00fcr die gesamte Familie und das ganze Jahr \u00fcber ge\u00f6ffnet.<\/p>\n<p>7. <strong>Das Lakes Aquarium<\/strong> \u2013 am S\u00fcdufer von Windermere gelegen und t\u00e4glich das ganze Jahr \u00fcber ge\u00f6ffnet, ist es bei jedem Wetter herrlich geeignet f\u00fcr einen Familientagesausflug. Mit Fischen und Meerestieren aus der ganzen Welt, wird dies f\u00fcr s\u00e4mtliche Altersstufen ein faszinierender Tag sein.<\/p>\n<p>8. <strong>Lakeside und Haverthwaite Railway<\/strong> \u2013 unternehmen Sie eine Fahrt von Haverthwaite aus, genie\u00dfen Sie die Landschaft des Lake Distrikt, indem der Zug seine Fahrt fortsetzt nach Lakeside am s\u00fcdlichen Zipfel von Windermere. Sie k\u00f6nnen Ihre Zugfahrt mit einer F\u00e4hrfahrt nach Ambleside oder Bowness-on-Windermere verbinden. Hunde sind auf der Dampfeisenbahn gestattet.<\/p>\n<p>9. <strong>Das Lakeland Motor Museum bei Newby Bridge<\/strong> &#8211; es verf\u00fcgt \u00fcber eine einzigartige Sammlung an mehr als 30000 Ausstellungsst\u00fccken, einschlie\u00dflich 140 klassischer Autos und Motorr\u00e4der. Es gibt lebensgro\u00dfe Nachbildungen der Autos und Hochgeschwindigkeitsboote, die von Donald Campbell und seinem Vater, Sir Malcolm Campbell, gefahren wurden. Das Museum ist das ganze Jahr \u00fcber ge\u00f6ffnet und hat der gesamten Familie etwas zu bieten.<\/p>\n<p>10. <strong>Besuchen Sie Muncaster Castle<\/strong> \u2013 ein Schloss in Privatbesitz mit Blick \u00fcber den Fluss Esk bei Ravenglass. Das Schloss ist seit 1208 das Zuhause der Familie Pennington und stellt einen herrlichen Familienausflugstag in Cambria dar. Dieses historische Schloss, in dem es spukt, befindet sich innerhalb von mehr als 30 Hektar wundersch\u00f6ner G\u00e4rten und Wald. Machen Sie eine gef\u00fchrte Tour durchs Schloss und genie\u00dfen Sie die friedvollsten und historischsten G\u00e4rten Cambrias. In den G\u00e4rten befindet sich auch das Falken-und Eulenzentrum, wo Sie Flugschauen der V\u00f6gel zusehen k\u00f6nnen. Hunde sind in den G\u00e4rten und auf dem Grundst\u00fcck erlaubt, nicht jedoch im Falken-und Eulenzentrum oder im Schloss. Die G\u00e4rten sind das ganze Jahr \u00fcber ge\u00f6ffnet, und das Schloss ist von M\u00e4rz bis Ende Oktober ge\u00f6ffnet.<\/p>\n<p>Bei uns finden Sie Unterk\u00fcnfte zum Verlieben &#8211; so einfach ist das! Pers\u00f6nlich inspizierte Ferienh\u00e4user und Ferienwohnungen im Lake District National Park f\u00fcr Ihren Urlaub mit Selbstverpflegung in Nord England. F\u00fcr Paare, Familien &amp; Gruppen mit 6, 8 oder 10 G\u00e4sten.<\/p>\n<p style=\"text-align: center;\"><a class=\"tidycta\" href=\"https:\/\/www.urlaubcornwall.de\/ferienhaeuser-fewos\/eng\/lake-district\/lake-district.html\">Ferienh\u00e4user im Lake District<\/a><\/p>\n","protected":false},"excerpt":{"rendered":"<p>\u00a9 grahammoore999 \/ 123RF Stock Photo Der Lake Distrikt f\u00fcr Kinder &#8211; W\u00e4hrend eines Familienurlaubs im Lake District gibt es eine Menge zu tun, etwas f\u00fcr alle Altersstufen und F\u00e4higkeiten und bei jedem Wetter. 1. Forellenangeln bei Gilcrux in der N\u00e4he von Cockermouth \u2013 hier gibt es 3 k\u00fcnstlich angelegte Forellenteiche, wo Sie Ihren eigenen [&hellip;]<\/p>\n","protected":false},"author":1,"featured_media":0,"parent":0,"menu_order":0,"comment_status":"closed","ping_status":"closed","template":"single-four.php","meta":[],"acf":[],"yoast_head":"<!-- This site is optimized with the Yoast SEO plugin v19.4 - https:\/\/yoast.com\/wordpress\/plugins\/seo\/ -->\n<title>Familienurlaub im Lake District \u2013 unsere Top 10 Tipps mit Kindern - Urlaub &amp; Reisen<\/title>\n<meta name=\"robots\" content=\"index, follow, max-snippet:-1, max-image-preview:large, max-video-preview:-1\" \/>\n<link rel=\"canonical\" href=\"https:\/\/www.urlaubcornwall.de\/blog\/familienurlaub-im-lake-district-unsere-top-10-tipps\/\" \/>\n<meta property=\"og:locale\" content=\"en_US\" \/>\n<meta property=\"og:type\" content=\"article\" \/>\n<meta property=\"og:title\" content=\"Familienurlaub im Lake District \u2013 unsere Top 10 Tipps mit Kindern - Urlaub &amp; Reisen\" \/>\n<meta property=\"og:description\" content=\"\u00a9 grahammoore999 \/ 123RF Stock Photo Der Lake Distrikt f\u00fcr Kinder &#8211; W\u00e4hrend eines Familienurlaubs im Lake District gibt es eine Menge zu tun, etwas f\u00fcr alle Altersstufen und F\u00e4higkeiten und bei jedem Wetter. 1. Forellenangeln bei Gilcrux in der N\u00e4he von Cockermouth \u2013 hier gibt es 3 k\u00fcnstlich angelegte Forellenteiche, wo Sie Ihren eigenen [&hellip;]\" \/>\n<meta property=\"og:url\" content=\"https:\/\/www.urlaubcornwall.de\/blog\/familienurlaub-im-lake-district-unsere-top-10-tipps\/\" \/>\n<meta property=\"og:site_name\" content=\"Urlaub &amp; Reisen\" \/>\n<meta property=\"article:modified_time\" content=\"2024-03-08T10:42:16+00:00\" \/>\n<meta property=\"og:image\" content=\"https:\/\/www.urlaubcornwall.de\/blog\/wp-content\/uploads\/2018\/04\/Esthwaite-Water-urlaub-lake-district.jpg\" \/>\n<meta name=\"twitter:card\" content=\"summary\" \/>\n<meta name=\"twitter:label1\" content=\"Est. reading time\" \/>\n\t<meta name=\"twitter:data1\" content=\"3 minutes\" \/>\n<script type=\"application\/ld+json\" class=\"yoast-schema-graph\">{\"@context\":\"https:\/\/schema.org\",\"@graph\":[{\"@type\":\"WebSite\",\"@id\":\"https:\/\/www.urlaubcornwall.de\/blog\/#website\",\"url\":\"https:\/\/www.urlaubcornwall.de\/blog\/\",\"name\":\"Urlaub &amp; Reisen\",\"description\":\"Urlaub, Reisen, Cornwall und S\u00fcdengland: eine perfekte Kombination\",\"potentialAction\":[{\"@type\":\"SearchAction\",\"target\":{\"@type\":\"EntryPoint\",\"urlTemplate\":\"https:\/\/www.urlaubcornwall.de\/blog\/?s={search_term_string}\"},\"query-input\":\"required name=search_term_string\"}],\"inLanguage\":\"en-US\"},{\"@type\":\"WebPage\",\"@id\":\"https:\/\/www.urlaubcornwall.de\/blog\/familienurlaub-im-lake-district-unsere-top-10-tipps\/\",\"url\":\"https:\/\/www.urlaubcornwall.de\/blog\/familienurlaub-im-lake-district-unsere-top-10-tipps\/\",\"name\":\"Familienurlaub im Lake District \u2013 unsere Top 10 Tipps mit Kindern - Urlaub &amp; Reisen\",\"isPartOf\":{\"@id\":\"https:\/\/www.urlaubcornwall.de\/blog\/#website\"},\"datePublished\":\"2018-05-03T12:56:40+00:00\",\"dateModified\":\"2024-03-08T10:42:16+00:00\",\"breadcrumb\":{\"@id\":\"https:\/\/www.urlaubcornwall.de\/blog\/familienurlaub-im-lake-district-unsere-top-10-tipps\/#breadcrumb\"},\"inLanguage\":\"en-US\",\"potentialAction\":[{\"@type\":\"ReadAction\",\"target\":[\"https:\/\/www.urlaubcornwall.de\/blog\/familienurlaub-im-lake-district-unsere-top-10-tipps\/\"]}]},{\"@type\":\"BreadcrumbList\",\"@id\":\"https:\/\/www.urlaubcornwall.de\/blog\/familienurlaub-im-lake-district-unsere-top-10-tipps\/#breadcrumb\",\"itemListElement\":[{\"@type\":\"ListItem\",\"position\":1,\"name\":\"Home\",\"item\":\"https:\/\/www.urlaubcornwall.de\/blog\/\"},{\"@type\":\"ListItem\",\"position\":2,\"name\":\"Familienurlaub im Lake District \u2013 unsere Top 10 Tipps mit Kindern\"}]}]}<\/script>\n<!-- \/ Yoast SEO plugin. -->","yoast_head_json":{"title":"Familienurlaub im Lake District \u2013 unsere Top 10 Tipps mit Kindern - Urlaub &amp; Reisen","robots":{"index":"index","follow":"follow","max-snippet":"max-snippet:-1","max-image-preview":"max-image-preview:large","max-video-preview":"max-video-preview:-1"},"canonical":"https:\/\/www.urlaubcornwall.de\/blog\/familienurlaub-im-lake-district-unsere-top-10-tipps\/","og_locale":"en_US","og_type":"article","og_title":"Familienurlaub im Lake District \u2013 unsere Top 10 Tipps mit Kindern - Urlaub &amp; Reisen","og_description":"\u00a9 grahammoore999 \/ 123RF Stock Photo Der Lake Distrikt f\u00fcr Kinder &#8211; W\u00e4hrend eines Familienurlaubs im Lake District gibt es eine Menge zu tun, etwas f\u00fcr alle Altersstufen und F\u00e4higkeiten und bei jedem Wetter. 1. Forellenangeln bei Gilcrux in der N\u00e4he von Cockermouth \u2013 hier gibt es 3 k\u00fcnstlich angelegte Forellenteiche, wo Sie Ihren eigenen [&hellip;]","og_url":"https:\/\/www.urlaubcornwall.de\/blog\/familienurlaub-im-lake-district-unsere-top-10-tipps\/","og_site_name":"Urlaub &amp; Reisen","article_modified_time":"2024-03-08T10:42:16+00:00","og_image":[{"url":"https:\/\/www.urlaubcornwall.de\/blog\/wp-content\/uploads\/2018\/04\/Esthwaite-Water-urlaub-lake-district.jpg"}],"twitter_card":"summary","twitter_misc":{"Est. reading time":"3 minutes"},"schema":{"@context":"https:\/\/schema.org","@graph":[{"@type":"WebSite","@id":"https:\/\/www.urlaubcornwall.de\/blog\/#website","url":"https:\/\/www.urlaubcornwall.de\/blog\/","name":"Urlaub &amp; Reisen","description":"Urlaub, Reisen, Cornwall und S\u00fcdengland: eine perfekte Kombination","potentialAction":[{"@type":"SearchAction","target":{"@type":"EntryPoint","urlTemplate":"https:\/\/www.urlaubcornwall.de\/blog\/?s={search_term_string}"},"query-input":"required name=search_term_string"}],"inLanguage":"en-US"},{"@type":"WebPage","@id":"https:\/\/www.urlaubcornwall.de\/blog\/familienurlaub-im-lake-district-unsere-top-10-tipps\/","url":"https:\/\/www.urlaubcornwall.de\/blog\/familienurlaub-im-lake-district-unsere-top-10-tipps\/","name":"Familienurlaub im Lake District \u2013 unsere Top 10 Tipps mit Kindern - Urlaub &amp; Reisen","isPartOf":{"@id":"https:\/\/www.urlaubcornwall.de\/blog\/#website"},"datePublished":"2018-05-03T12:56:40+00:00","dateModified":"2024-03-08T10:42:16+00:00","breadcrumb":{"@id":"https:\/\/www.urlaubcornwall.de\/blog\/familienurlaub-im-lake-district-unsere-top-10-tipps\/#breadcrumb"},"inLanguage":"en-US","potentialAction":[{"@type":"ReadAction","target":["https:\/\/www.urlaubcornwall.de\/blog\/familienurlaub-im-lake-district-unsere-top-10-tipps\/"]}]},{"@type":"BreadcrumbList","@id":"https:\/\/www.urlaubcornwall.de\/blog\/familienurlaub-im-lake-district-unsere-top-10-tipps\/#breadcrumb","itemListElement":[{"@type":"ListItem","position":1,"name":"Home","item":"https:\/\/www.urlaubcornwall.de\/blog\/"},{"@type":"ListItem","position":2,"name":"Familienurlaub im Lake District \u2013 unsere Top 10 Tipps mit Kindern"}]}]}},"_links":{"self":[{"href":"https:\/\/www.urlaubcornwall.de\/blog\/wp-json\/wp\/v2\/pages\/33768"}],"collection":[{"href":"https:\/\/www.urlaubcornwall.de\/blog\/wp-json\/wp\/v2\/pages"}],"about":[{"href":"https:\/\/www.urlaubcornwall.de\/blog\/wp-json\/wp\/v2\/types\/page"}],"author":[{"embeddable":true,"href":"https:\/\/www.urlaubcornwall.de\/blog\/wp-json\/wp\/v2\/users\/1"}],"replies":[{"embeddable":true,"href":"https:\/\/www.urlaubcornwall.de\/blog\/wp-json\/wp\/v2\/comments?post=33768"}],"version-history":[{"count":12,"href":"https:\/\/www.urlaubcornwall.de\/blog\/wp-json\/wp\/v2\/pages\/33768\/revisions"}],"predecessor-version":[{"id":47931,"href":"https:\/\/www.urlaubcornwall.de\/blog\/wp-json\/wp\/v2\/pages\/33768\/revisions\/47931"}],"wp:attachment":[{"href":"https:\/\/www.urlaubcornwall.de\/blog\/wp-json\/wp\/v2\/media?parent=33768"}],"curies":[{"name":"wp","href":"https:\/\/api.w.org\/{rel}","templated":true}]}}