{"id":33757,"date":"2018-04-30T15:55:10","date_gmt":"2018-04-30T15:55:10","guid":{"rendered":"https:\/\/www.urlaubcornwall.de\/blog\/?page_id=33757"},"modified":"2024-02-28T06:39:01","modified_gmt":"2024-02-28T06:39:01","slug":"rydal-water-seen-im-lake-district","status":"publish","type":"page","link":"https:\/\/www.urlaubcornwall.de\/blog\/rydal-water-seen-im-lake-district\/","title":{"rendered":"Urlaub Rydal Water &#8211; Seen im Lake District"},"content":{"rendered":"<p>Rydal Water ist einer der kleinsten Seen des <a href=\"https:\/\/www.urlaubcornwall.de\/reiseziel\/lake-district-nationalpark.php\">Lake Distrikts<\/a> und befindet sich zwischen Windermere und Grasmere. William Wordsworth liebte ihn, und Stufen f\u00fchren hinauf vom westlichen Zipfel des Sees zum \u2018Wordsworth\u2019s Seat\u2019, der sein Lieblingsaussichtspunkt gewesen sein soll. Es gibt einen Wanderweg um Rydal Water herum, der Dove Cottage und Rydal Mount beinhalten kann \u2013 zwei von Wordsworths H\u00e4usern.<\/p>\n<div class=\"snippet\"> <a class=\"featured-item\" href=\" https:\/\/www.urlaubcornwall.de\/ferienhaeuser-fewos\/eng\/lake-district\/lake-district.html\"> <span class=\"image-holder\" style=\"background-image: url(' https:\/\/www.urlaubcornwall.de\/blog\/wp-content\/uploads\/2019\/01\/urlaub-lake-distrikt.jpg');\"><\/span> <span class=\"featured-content\"> \n<h2 class=\"featured-title\">Ferienh\u00e4user im Lake Distrikt zum Verlieben!<\/h2>\n<p class=\"featured-body\">Enge Stra\u00dfen, hoch aufragende Berge, herabst\u00fcrzende Wasserf\u00e4lle und Seen jeglichen Umfangs und jeglicher Form schaffen eine Landschaft&#8230;..<\/p>\n<\/span> <span class=\"featured-link-holder\"> <span class=\"featured-extra-info\"> \n<p>F\u00fcr Paare, Familien &#038; Gruppen<\/p>\n<\/span> \n<p class=\"featured-link\">DETAILS<\/p>\n<\/span> <\/a><\/div>\n<p style=\"text-align: center;\"><a href=\"https:\/\/www.urlaubcornwall.de\/blog\/schoensten-seen-im-lake-distrikt\/\">Die wundersch\u00f6nen Seen des Lake District<\/a><\/p>\n","protected":false},"excerpt":{"rendered":"<p>Rydal Water ist einer der kleinsten Seen des Lake Distrikts und befindet sich zwischen Windermere und Grasmere. William Wordsworth liebte ihn, und Stufen f\u00fchren hinauf vom westlichen Zipfel des Sees zum \u2018Wordsworth\u2019s Seat\u2019, der sein Lieblingsaussichtspunkt gewesen sein soll. Es gibt einen Wanderweg um Rydal Water herum, der Dove Cottage und Rydal Mount beinhalten kann [&hellip;]<\/p>\n","protected":false},"author":1,"featured_media":0,"parent":0,"menu_order":0,"comment_status":"closed","ping_status":"closed","template":"single-four.php","meta":[],"acf":[],"yoast_head":"<!-- This site is optimized with the Yoast SEO plugin v19.4 - https:\/\/yoast.com\/wordpress\/plugins\/seo\/ -->\n<title>Urlaub Rydal Water - Seen im Lake District - Urlaub &amp; Reisen<\/title>\n<meta name=\"robots\" content=\"index, follow, max-snippet:-1, max-image-preview:large, max-video-preview:-1\" \/>\n<link rel=\"canonical\" href=\"https:\/\/www.urlaubcornwall.de\/blog\/rydal-water-seen-im-lake-district\/\" \/>\n<meta property=\"og:locale\" content=\"en_US\" \/>\n<meta property=\"og:type\" content=\"article\" \/>\n<meta property=\"og:title\" content=\"Urlaub Rydal Water - Seen im Lake District - Urlaub &amp; Reisen\" \/>\n<meta property=\"og:description\" content=\"Rydal Water ist einer der kleinsten Seen des Lake Distrikts und befindet sich zwischen Windermere und Grasmere. William Wordsworth liebte ihn, und Stufen f\u00fchren hinauf vom westlichen Zipfel des Sees zum \u2018Wordsworth\u2019s Seat\u2019, der sein Lieblingsaussichtspunkt gewesen sein soll. Es gibt einen Wanderweg um Rydal Water herum, der Dove Cottage und Rydal Mount beinhalten kann [&hellip;]\" \/>\n<meta property=\"og:url\" content=\"https:\/\/www.urlaubcornwall.de\/blog\/rydal-water-seen-im-lake-district\/\" \/>\n<meta property=\"og:site_name\" content=\"Urlaub &amp; Reisen\" \/>\n<meta property=\"article:modified_time\" content=\"2024-02-28T06:39:01+00:00\" \/>\n<meta name=\"twitter:card\" content=\"summary\" \/>\n<meta name=\"twitter:label1\" content=\"Est. reading time\" \/>\n\t<meta name=\"twitter:data1\" content=\"1 minute\" \/>\n<script type=\"application\/ld+json\" class=\"yoast-schema-graph\">{\"@context\":\"https:\/\/schema.org\",\"@graph\":[{\"@type\":\"WebSite\",\"@id\":\"https:\/\/www.urlaubcornwall.de\/blog\/#website\",\"url\":\"https:\/\/www.urlaubcornwall.de\/blog\/\",\"name\":\"Urlaub &amp; Reisen\",\"description\":\"Urlaub, Reisen, Cornwall und S\u00fcdengland: eine perfekte Kombination\",\"potentialAction\":[{\"@type\":\"SearchAction\",\"target\":{\"@type\":\"EntryPoint\",\"urlTemplate\":\"https:\/\/www.urlaubcornwall.de\/blog\/?s={search_term_string}\"},\"query-input\":\"required name=search_term_string\"}],\"inLanguage\":\"en-US\"},{\"@type\":\"WebPage\",\"@id\":\"https:\/\/www.urlaubcornwall.de\/blog\/rydal-water-seen-im-lake-district\/\",\"url\":\"https:\/\/www.urlaubcornwall.de\/blog\/rydal-water-seen-im-lake-district\/\",\"name\":\"Urlaub Rydal Water - Seen im Lake District - Urlaub &amp; Reisen\",\"isPartOf\":{\"@id\":\"https:\/\/www.urlaubcornwall.de\/blog\/#website\"},\"datePublished\":\"2018-04-30T15:55:10+00:00\",\"dateModified\":\"2024-02-28T06:39:01+00:00\",\"breadcrumb\":{\"@id\":\"https:\/\/www.urlaubcornwall.de\/blog\/rydal-water-seen-im-lake-district\/#breadcrumb\"},\"inLanguage\":\"en-US\",\"potentialAction\":[{\"@type\":\"ReadAction\",\"target\":[\"https:\/\/www.urlaubcornwall.de\/blog\/rydal-water-seen-im-lake-district\/\"]}]},{\"@type\":\"BreadcrumbList\",\"@id\":\"https:\/\/www.urlaubcornwall.de\/blog\/rydal-water-seen-im-lake-district\/#breadcrumb\",\"itemListElement\":[{\"@type\":\"ListItem\",\"position\":1,\"name\":\"Home\",\"item\":\"https:\/\/www.urlaubcornwall.de\/blog\/\"},{\"@type\":\"ListItem\",\"position\":2,\"name\":\"Urlaub Rydal Water &#8211; Seen im Lake District\"}]}]}<\/script>\n<!-- \/ Yoast SEO plugin. -->","yoast_head_json":{"title":"Urlaub Rydal Water - Seen im Lake District - Urlaub &amp; Reisen","robots":{"index":"index","follow":"follow","max-snippet":"max-snippet:-1","max-image-preview":"max-image-preview:large","max-video-preview":"max-video-preview:-1"},"canonical":"https:\/\/www.urlaubcornwall.de\/blog\/rydal-water-seen-im-lake-district\/","og_locale":"en_US","og_type":"article","og_title":"Urlaub Rydal Water - Seen im Lake District - Urlaub &amp; Reisen","og_description":"Rydal Water ist einer der kleinsten Seen des Lake Distrikts und befindet sich zwischen Windermere und Grasmere. William Wordsworth liebte ihn, und Stufen f\u00fchren hinauf vom westlichen Zipfel des Sees zum \u2018Wordsworth\u2019s Seat\u2019, der sein Lieblingsaussichtspunkt gewesen sein soll. Es gibt einen Wanderweg um Rydal Water herum, der Dove Cottage und Rydal Mount beinhalten kann [&hellip;]","og_url":"https:\/\/www.urlaubcornwall.de\/blog\/rydal-water-seen-im-lake-district\/","og_site_name":"Urlaub &amp; Reisen","article_modified_time":"2024-02-28T06:39:01+00:00","twitter_card":"summary","twitter_misc":{"Est. reading time":"1 minute"},"schema":{"@context":"https:\/\/schema.org","@graph":[{"@type":"WebSite","@id":"https:\/\/www.urlaubcornwall.de\/blog\/#website","url":"https:\/\/www.urlaubcornwall.de\/blog\/","name":"Urlaub &amp; Reisen","description":"Urlaub, Reisen, Cornwall und S\u00fcdengland: eine perfekte Kombination","potentialAction":[{"@type":"SearchAction","target":{"@type":"EntryPoint","urlTemplate":"https:\/\/www.urlaubcornwall.de\/blog\/?s={search_term_string}"},"query-input":"required name=search_term_string"}],"inLanguage":"en-US"},{"@type":"WebPage","@id":"https:\/\/www.urlaubcornwall.de\/blog\/rydal-water-seen-im-lake-district\/","url":"https:\/\/www.urlaubcornwall.de\/blog\/rydal-water-seen-im-lake-district\/","name":"Urlaub Rydal Water - Seen im Lake District - Urlaub &amp; Reisen","isPartOf":{"@id":"https:\/\/www.urlaubcornwall.de\/blog\/#website"},"datePublished":"2018-04-30T15:55:10+00:00","dateModified":"2024-02-28T06:39:01+00:00","breadcrumb":{"@id":"https:\/\/www.urlaubcornwall.de\/blog\/rydal-water-seen-im-lake-district\/#breadcrumb"},"inLanguage":"en-US","potentialAction":[{"@type":"ReadAction","target":["https:\/\/www.urlaubcornwall.de\/blog\/rydal-water-seen-im-lake-district\/"]}]},{"@type":"BreadcrumbList","@id":"https:\/\/www.urlaubcornwall.de\/blog\/rydal-water-seen-im-lake-district\/#breadcrumb","itemListElement":[{"@type":"ListItem","position":1,"name":"Home","item":"https:\/\/www.urlaubcornwall.de\/blog\/"},{"@type":"ListItem","position":2,"name":"Urlaub Rydal Water &#8211; Seen im Lake District"}]}]}},"_links":{"self":[{"href":"https:\/\/www.urlaubcornwall.de\/blog\/wp-json\/wp\/v2\/pages\/33757"}],"collection":[{"href":"https:\/\/www.urlaubcornwall.de\/blog\/wp-json\/wp\/v2\/pages"}],"about":[{"href":"https:\/\/www.urlaubcornwall.de\/blog\/wp-json\/wp\/v2\/types\/page"}],"author":[{"embeddable":true,"href":"https:\/\/www.urlaubcornwall.de\/blog\/wp-json\/wp\/v2\/users\/1"}],"replies":[{"embeddable":true,"href":"https:\/\/www.urlaubcornwall.de\/blog\/wp-json\/wp\/v2\/comments?post=33757"}],"version-history":[{"count":7,"href":"https:\/\/www.urlaubcornwall.de\/blog\/wp-json\/wp\/v2\/pages\/33757\/revisions"}],"predecessor-version":[{"id":47698,"href":"https:\/\/www.urlaubcornwall.de\/blog\/wp-json\/wp\/v2\/pages\/33757\/revisions\/47698"}],"wp:attachment":[{"href":"https:\/\/www.urlaubcornwall.de\/blog\/wp-json\/wp\/v2\/media?parent=33757"}],"curies":[{"name":"wp","href":"https:\/\/api.w.org\/{rel}","templated":true}]}}