{"id":33717,"date":"2018-04-30T15:05:18","date_gmt":"2018-04-30T15:05:18","guid":{"rendered":"https:\/\/www.urlaubcornwall.de\/blog\/?page_id=33717"},"modified":"2020-06-22T08:33:01","modified_gmt":"2020-06-22T08:33:01","slug":"coniston-water-seen-im-lake-district","status":"publish","type":"page","link":"https:\/\/www.urlaubcornwall.de\/blog\/coniston-water-seen-im-lake-district\/","title":{"rendered":"Urlaub Coniston Water &#8211; Seen im Lake District"},"content":{"rendered":"<p><img loading=\"lazy\" class=\"aligncenter size-full wp-image-33693\" src=\"https:\/\/www.urlaubcornwall.de\/blog\/wp-content\/uploads\/2018\/04\/Die-wundersch\u00f6nen-Seen-des-Lake-Distrikt-Urlaub-in-Nordengland.jpg\" alt=\"Coniston Water Seen im Lake District\" width=\"747\" height=\"558\"\/><\/p>\n<p>Im 13. und 14. Jahrhundert war Coniston Water ein wichtiges Fischvorkommen f\u00fcr die M\u00f6nche der Furness Abtei, denen der See und ein Gro\u00dfteil des ihn umgebenden Landes geh\u00f6rte. \u00dcber dem See thront der Berg \u2018The Old Man of Coniston\u2019; der Blick \u00fcber den See hin zum Berg wurde vom viktorianischen Philosophen John Ruskin als \u2018<a href=\"https:\/\/www.urlaubcornwall.de\/reiseziel\/lake-district-nationalpark.php\">der beste im gesamten England<\/a>\u2019 beschrieben. Das Buch von Arthur Ransome \u2018Swallows and Amazons\u2019 basierte um Coniston Water herum, und es ist interessant, die Orte zu finden, die in den Geschichten genannt werden. Coniston Water ist auch ber\u00fchmt als Sterbeort von Donald Campbell, als er 1967 versuchte, den Wassergeschwindigkeitsrekord mit seinem Jet betriebenen Boot \u2018Bluebird\u2019 wiederzugewinnen. Heute k\u00f6nnen Sie auf Coniston Water eine gem\u00fctliche Fahrt auf dem Dampfschiff \u2018Gondola\u2019 unternehmen, das urspr\u00fcnglich 1859 gebaut wurde und vom National Trust restauriert wurde. Die Besatzung liefert Kommentare zur Geschichte des Sees und interessanten Vorkommnissen. \u2018Gondola\u2019 f\u00e4hrt von Mitte M\u00e4rz bis Ende Oktober.<\/p>\n<div class=\"snippet\"> <a class=\"featured-item\" href=\" https:\/\/www.urlaubcornwall.de\/ferienhaeuser-fewos\/eng\/lake-district\/lake-district.html\"> <span class=\"image-holder\" style=\"background-image: url(' https:\/\/www.urlaubcornwall.de\/blog\/wp-content\/uploads\/2019\/01\/urlaub-lake-distrikt.jpg');\"><\/span> <span class=\"featured-content\"> \n<h2 class=\"featured-title\">Ferienh\u00e4user im Lake Distrikt zum Verlieben!<\/h2>\n<p class=\"featured-body\">Enge Stra\u00dfen, hoch aufragende Berge, herabst\u00fcrzende Wasserf\u00e4lle und Seen jeglichen Umfangs und jeglicher Form schaffen eine Landschaft&#8230;..<\/p>\n<\/span> <span class=\"featured-link-holder\"> <span class=\"featured-extra-info\"> \n<p>F\u00fcr Paare, Familien &#038; Gruppen<\/p>\n<\/span> \n<p class=\"featured-link\">DETAILS<\/p>\n<\/span> <\/a><\/div>\n<p style=\"text-align: center;\"><a href=\"https:\/\/www.urlaubcornwall.de\/blog\/schoensten-seen-im-lake-distrikt\/\">Die wundersch\u00f6nen Seen des Lake District<\/a><\/p>\n","protected":false},"excerpt":{"rendered":"<p>Im 13. und 14. Jahrhundert war Coniston Water ein wichtiges Fischvorkommen f\u00fcr die M\u00f6nche der Furness Abtei, denen der See und ein Gro\u00dfteil des ihn umgebenden Landes geh\u00f6rte. \u00dcber dem See thront der Berg \u2018The Old Man of Coniston\u2019; der Blick \u00fcber den See hin zum Berg wurde vom viktorianischen Philosophen John Ruskin als \u2018der [&hellip;]<\/p>\n","protected":false},"author":1,"featured_media":0,"parent":0,"menu_order":0,"comment_status":"closed","ping_status":"closed","template":"single-four.php","meta":[],"acf":[],"yoast_head":"<!-- This site is optimized with the Yoast SEO plugin v19.4 - https:\/\/yoast.com\/wordpress\/plugins\/seo\/ -->\n<title>Urlaub Coniston Water - Seen im Lake District - Urlaub &amp; Reisen<\/title>\n<meta name=\"robots\" content=\"index, follow, max-snippet:-1, max-image-preview:large, max-video-preview:-1\" \/>\n<link rel=\"canonical\" href=\"https:\/\/www.urlaubcornwall.de\/blog\/coniston-water-seen-im-lake-district\/\" \/>\n<meta property=\"og:locale\" content=\"en_US\" \/>\n<meta property=\"og:type\" content=\"article\" \/>\n<meta property=\"og:title\" content=\"Urlaub Coniston Water - Seen im Lake District - Urlaub &amp; Reisen\" \/>\n<meta property=\"og:description\" content=\"Im 13. und 14. Jahrhundert war Coniston Water ein wichtiges Fischvorkommen f\u00fcr die M\u00f6nche der Furness Abtei, denen der See und ein Gro\u00dfteil des ihn umgebenden Landes geh\u00f6rte. \u00dcber dem See thront der Berg \u2018The Old Man of Coniston\u2019; der Blick \u00fcber den See hin zum Berg wurde vom viktorianischen Philosophen John Ruskin als \u2018der [&hellip;]\" \/>\n<meta property=\"og:url\" content=\"https:\/\/www.urlaubcornwall.de\/blog\/coniston-water-seen-im-lake-district\/\" \/>\n<meta property=\"og:site_name\" content=\"Urlaub &amp; Reisen\" \/>\n<meta property=\"article:modified_time\" content=\"2020-06-22T08:33:01+00:00\" \/>\n<meta property=\"og:image\" content=\"https:\/\/www.urlaubcornwall.de\/blog\/wp-content\/uploads\/2018\/04\/Die-wundersch\u00f6nen-Seen-des-Lake-Distrikt-Urlaub-in-Nordengland.jpg\" \/>\n<meta name=\"twitter:card\" content=\"summary\" \/>\n<meta name=\"twitter:label1\" content=\"Est. reading time\" \/>\n\t<meta name=\"twitter:data1\" content=\"1 minute\" \/>\n<script type=\"application\/ld+json\" class=\"yoast-schema-graph\">{\"@context\":\"https:\/\/schema.org\",\"@graph\":[{\"@type\":\"WebSite\",\"@id\":\"https:\/\/www.urlaubcornwall.de\/blog\/#website\",\"url\":\"https:\/\/www.urlaubcornwall.de\/blog\/\",\"name\":\"Urlaub &amp; Reisen\",\"description\":\"Urlaub, Reisen, Cornwall und S\u00fcdengland: eine perfekte Kombination\",\"potentialAction\":[{\"@type\":\"SearchAction\",\"target\":{\"@type\":\"EntryPoint\",\"urlTemplate\":\"https:\/\/www.urlaubcornwall.de\/blog\/?s={search_term_string}\"},\"query-input\":\"required name=search_term_string\"}],\"inLanguage\":\"en-US\"},{\"@type\":\"WebPage\",\"@id\":\"https:\/\/www.urlaubcornwall.de\/blog\/coniston-water-seen-im-lake-district\/\",\"url\":\"https:\/\/www.urlaubcornwall.de\/blog\/coniston-water-seen-im-lake-district\/\",\"name\":\"Urlaub Coniston Water - Seen im Lake District - Urlaub &amp; Reisen\",\"isPartOf\":{\"@id\":\"https:\/\/www.urlaubcornwall.de\/blog\/#website\"},\"datePublished\":\"2018-04-30T15:05:18+00:00\",\"dateModified\":\"2020-06-22T08:33:01+00:00\",\"breadcrumb\":{\"@id\":\"https:\/\/www.urlaubcornwall.de\/blog\/coniston-water-seen-im-lake-district\/#breadcrumb\"},\"inLanguage\":\"en-US\",\"potentialAction\":[{\"@type\":\"ReadAction\",\"target\":[\"https:\/\/www.urlaubcornwall.de\/blog\/coniston-water-seen-im-lake-district\/\"]}]},{\"@type\":\"BreadcrumbList\",\"@id\":\"https:\/\/www.urlaubcornwall.de\/blog\/coniston-water-seen-im-lake-district\/#breadcrumb\",\"itemListElement\":[{\"@type\":\"ListItem\",\"position\":1,\"name\":\"Home\",\"item\":\"https:\/\/www.urlaubcornwall.de\/blog\/\"},{\"@type\":\"ListItem\",\"position\":2,\"name\":\"Urlaub Coniston Water &#8211; Seen im Lake District\"}]}]}<\/script>\n<!-- \/ Yoast SEO plugin. -->","yoast_head_json":{"title":"Urlaub Coniston Water - Seen im Lake District - Urlaub &amp; Reisen","robots":{"index":"index","follow":"follow","max-snippet":"max-snippet:-1","max-image-preview":"max-image-preview:large","max-video-preview":"max-video-preview:-1"},"canonical":"https:\/\/www.urlaubcornwall.de\/blog\/coniston-water-seen-im-lake-district\/","og_locale":"en_US","og_type":"article","og_title":"Urlaub Coniston Water - Seen im Lake District - Urlaub &amp; Reisen","og_description":"Im 13. und 14. Jahrhundert war Coniston Water ein wichtiges Fischvorkommen f\u00fcr die M\u00f6nche der Furness Abtei, denen der See und ein Gro\u00dfteil des ihn umgebenden Landes geh\u00f6rte. \u00dcber dem See thront der Berg \u2018The Old Man of Coniston\u2019; der Blick \u00fcber den See hin zum Berg wurde vom viktorianischen Philosophen John Ruskin als \u2018der [&hellip;]","og_url":"https:\/\/www.urlaubcornwall.de\/blog\/coniston-water-seen-im-lake-district\/","og_site_name":"Urlaub &amp; Reisen","article_modified_time":"2020-06-22T08:33:01+00:00","og_image":[{"url":"https:\/\/www.urlaubcornwall.de\/blog\/wp-content\/uploads\/2018\/04\/Die-wundersch\u00f6nen-Seen-des-Lake-Distrikt-Urlaub-in-Nordengland.jpg"}],"twitter_card":"summary","twitter_misc":{"Est. reading time":"1 minute"},"schema":{"@context":"https:\/\/schema.org","@graph":[{"@type":"WebSite","@id":"https:\/\/www.urlaubcornwall.de\/blog\/#website","url":"https:\/\/www.urlaubcornwall.de\/blog\/","name":"Urlaub &amp; Reisen","description":"Urlaub, Reisen, Cornwall und S\u00fcdengland: eine perfekte Kombination","potentialAction":[{"@type":"SearchAction","target":{"@type":"EntryPoint","urlTemplate":"https:\/\/www.urlaubcornwall.de\/blog\/?s={search_term_string}"},"query-input":"required name=search_term_string"}],"inLanguage":"en-US"},{"@type":"WebPage","@id":"https:\/\/www.urlaubcornwall.de\/blog\/coniston-water-seen-im-lake-district\/","url":"https:\/\/www.urlaubcornwall.de\/blog\/coniston-water-seen-im-lake-district\/","name":"Urlaub Coniston Water - Seen im Lake District - Urlaub &amp; Reisen","isPartOf":{"@id":"https:\/\/www.urlaubcornwall.de\/blog\/#website"},"datePublished":"2018-04-30T15:05:18+00:00","dateModified":"2020-06-22T08:33:01+00:00","breadcrumb":{"@id":"https:\/\/www.urlaubcornwall.de\/blog\/coniston-water-seen-im-lake-district\/#breadcrumb"},"inLanguage":"en-US","potentialAction":[{"@type":"ReadAction","target":["https:\/\/www.urlaubcornwall.de\/blog\/coniston-water-seen-im-lake-district\/"]}]},{"@type":"BreadcrumbList","@id":"https:\/\/www.urlaubcornwall.de\/blog\/coniston-water-seen-im-lake-district\/#breadcrumb","itemListElement":[{"@type":"ListItem","position":1,"name":"Home","item":"https:\/\/www.urlaubcornwall.de\/blog\/"},{"@type":"ListItem","position":2,"name":"Urlaub Coniston Water &#8211; Seen im Lake District"}]}]}},"_links":{"self":[{"href":"https:\/\/www.urlaubcornwall.de\/blog\/wp-json\/wp\/v2\/pages\/33717"}],"collection":[{"href":"https:\/\/www.urlaubcornwall.de\/blog\/wp-json\/wp\/v2\/pages"}],"about":[{"href":"https:\/\/www.urlaubcornwall.de\/blog\/wp-json\/wp\/v2\/types\/page"}],"author":[{"embeddable":true,"href":"https:\/\/www.urlaubcornwall.de\/blog\/wp-json\/wp\/v2\/users\/1"}],"replies":[{"embeddable":true,"href":"https:\/\/www.urlaubcornwall.de\/blog\/wp-json\/wp\/v2\/comments?post=33717"}],"version-history":[{"count":6,"href":"https:\/\/www.urlaubcornwall.de\/blog\/wp-json\/wp\/v2\/pages\/33717\/revisions"}],"predecessor-version":[{"id":40370,"href":"https:\/\/www.urlaubcornwall.de\/blog\/wp-json\/wp\/v2\/pages\/33717\/revisions\/40370"}],"wp:attachment":[{"href":"https:\/\/www.urlaubcornwall.de\/blog\/wp-json\/wp\/v2\/media?parent=33717"}],"curies":[{"name":"wp","href":"https:\/\/api.w.org\/{rel}","templated":true}]}}