{"id":33713,"date":"2018-04-30T15:01:22","date_gmt":"2018-04-30T15:01:22","guid":{"rendered":"https:\/\/www.urlaubcornwall.de\/blog\/?page_id=33713"},"modified":"2026-01-07T10:20:21","modified_gmt":"2026-01-07T10:20:21","slug":"windermere-seen-im-lake-district","status":"publish","type":"page","link":"https:\/\/www.urlaubcornwall.de\/blog\/windermere-seen-im-lake-district\/","title":{"rendered":"Urlaub Windermere &#8211; Seen im Lake District"},"content":{"rendered":"<p><a href=\"https:\/\/www.urlaubcornwall.de\/blog\/wp-content\/uploads\/2024\/03\/windermere-1.jpg\"><img loading=\"lazy\" src=\"https:\/\/www.urlaubcornwall.de\/blog\/wp-content\/uploads\/2024\/03\/windermere-1.jpg\" alt=\"windermere\" width=\"750\" height=\"620\" class=\"alignnone size-full wp-image-47991\" srcset=\"https:\/\/www.urlaubcornwall.de\/blog\/wp-content\/uploads\/2024\/03\/windermere-1.jpg 750w, https:\/\/www.urlaubcornwall.de\/blog\/wp-content\/uploads\/2024\/03\/windermere-1-300x248.jpg 300w\" sizes=\"(max-width: 750px) 100vw, 750px\" \/><\/a><\/p>\n<p>Windermere ist der <a href=\"https:\/\/www.urlaubcornwall.de\/reiseziel\/lake-district-nationalpark.php\">gr\u00f6\u00dfte nat\u00fcrliche See in England<\/a>; er ist 16,9km lang, 1,6km breit und 67m tief. Er ist bei Besuchern der beliebteste der Seen. Angeboten wird eine Vielzahl an Aktivit\u00e4ten; Windermere ist eines der erstklassigen Orte f\u00fcr Wassersportarten und beherbergt mehrere Jachth\u00e4fen. Die Dampfbootsfahrten auf dem See sind sehr beliebt, und Urlauber k\u00f6nnen eine Fahrt von Bowness nach Ambleside und Lakeside am s\u00fcdlichen Ufer des Sees unternehmen. Viele der pr\u00e4chtigen viktorianischen Herrenh\u00e4user entlang der Ufer von Windermere wurden nun in Hotels verwandelt. Ein gro\u00dfer Teil des Ufers im Westen des Sees befindet sich im Besitz des National Trust, wie auch Fell Foot am s\u00fcdlichen Zipfel. Dieser familienfreundliche Park hat weitreichende Rasenfl\u00e4chen, die bis hinunter zum Wasser reichen. Zudem ist dies aufgrund seines wundervollen Ausblicks ein herrlicher Ort zum Picknicken.<\/p>\n<div class=\"snippet\"> <a class=\"featured-item\" href=\" https:\/\/www.urlaubcornwall.de\/ferienhaeuser-fewos\/eng\/lake-district\/lake-district.html\"> <span class=\"image-holder\" style=\"background-image: url(' https:\/\/www.urlaubcornwall.de\/blog\/wp-content\/uploads\/2019\/01\/urlaub-lake-distrikt.jpg');\"><\/span> <span class=\"featured-content\"> \n<h2 class=\"featured-title\">Ferienh\u00e4user im Lake Distrikt zum Verlieben!<\/h2>\n<p class=\"featured-body\">Enge Stra\u00dfen, hoch aufragende Berge, herabst\u00fcrzende Wasserf\u00e4lle und Seen jeglichen Umfangs und jeglicher Form schaffen eine Landschaft&#8230;..<\/p>\n<\/span> <span class=\"featured-link-holder\"> <span class=\"featured-extra-info\"> \n<p>F\u00fcr Paare, Familien &#038; Gruppen<\/p>\n<\/span> \n<p class=\"featured-link\">DETAILS<\/p>\n<\/span> <\/a><\/div>\n<p style=\"text-align: center;\"><a href=\"https:\/\/www.urlaubcornwall.de\/blog\/schoensten-seen-im-lake-distrikt\/\">Die wundersch\u00f6nen Seen des Lake District<\/a><\/p>\n<p style=\"text-align: right;\">\u00a9 <a href=\"https:\/\/www.123rf.com\/profile_sakhaphotos\">sakhaphotos \/ 123RF Stock Photo<\/a><\/p>\n","protected":false},"excerpt":{"rendered":"<p>Windermere ist der gr\u00f6\u00dfte nat\u00fcrliche See in England; er ist 16,9km lang, 1,6km breit und 67m tief. Er ist bei Besuchern der beliebteste der Seen. Angeboten wird eine Vielzahl an Aktivit\u00e4ten; Windermere ist eines der erstklassigen Orte f\u00fcr Wassersportarten und beherbergt mehrere Jachth\u00e4fen. Die Dampfbootsfahrten auf dem See sind sehr beliebt, und Urlauber k\u00f6nnen eine [&hellip;]<\/p>\n","protected":false},"author":1,"featured_media":0,"parent":0,"menu_order":0,"comment_status":"closed","ping_status":"closed","template":"single-four.php","meta":[],"acf":[],"yoast_head":"<!-- This site is optimized with the Yoast SEO plugin v19.4 - https:\/\/yoast.com\/wordpress\/plugins\/seo\/ -->\n<title>Urlaub Windermere - Seen im Lake District - Urlaub &amp; Reisen<\/title>\n<meta name=\"robots\" content=\"index, follow, max-snippet:-1, max-image-preview:large, max-video-preview:-1\" \/>\n<link rel=\"canonical\" href=\"https:\/\/www.urlaubcornwall.de\/blog\/windermere-seen-im-lake-district\/\" \/>\n<meta property=\"og:locale\" content=\"en_US\" \/>\n<meta property=\"og:type\" content=\"article\" \/>\n<meta property=\"og:title\" content=\"Urlaub Windermere - Seen im Lake District - Urlaub &amp; Reisen\" \/>\n<meta property=\"og:description\" content=\"Windermere ist der gr\u00f6\u00dfte nat\u00fcrliche See in England; er ist 16,9km lang, 1,6km breit und 67m tief. Er ist bei Besuchern der beliebteste der Seen. Angeboten wird eine Vielzahl an Aktivit\u00e4ten; Windermere ist eines der erstklassigen Orte f\u00fcr Wassersportarten und beherbergt mehrere Jachth\u00e4fen. Die Dampfbootsfahrten auf dem See sind sehr beliebt, und Urlauber k\u00f6nnen eine [&hellip;]\" \/>\n<meta property=\"og:url\" content=\"https:\/\/www.urlaubcornwall.de\/blog\/windermere-seen-im-lake-district\/\" \/>\n<meta property=\"og:site_name\" content=\"Urlaub &amp; Reisen\" \/>\n<meta property=\"article:modified_time\" content=\"2026-01-07T10:20:21+00:00\" \/>\n<meta property=\"og:image\" content=\"https:\/\/www.urlaubcornwall.de\/blog\/wp-content\/uploads\/2024\/03\/windermere-1.jpg\" \/>\n<meta name=\"twitter:card\" content=\"summary\" \/>\n<meta name=\"twitter:label1\" content=\"Est. reading time\" \/>\n\t<meta name=\"twitter:data1\" content=\"1 minute\" \/>\n<script type=\"application\/ld+json\" class=\"yoast-schema-graph\">{\"@context\":\"https:\/\/schema.org\",\"@graph\":[{\"@type\":\"WebSite\",\"@id\":\"https:\/\/www.urlaubcornwall.de\/blog\/#website\",\"url\":\"https:\/\/www.urlaubcornwall.de\/blog\/\",\"name\":\"Urlaub &amp; Reisen\",\"description\":\"Urlaub, Reisen, Cornwall und S\u00fcdengland: eine perfekte Kombination\",\"potentialAction\":[{\"@type\":\"SearchAction\",\"target\":{\"@type\":\"EntryPoint\",\"urlTemplate\":\"https:\/\/www.urlaubcornwall.de\/blog\/?s={search_term_string}\"},\"query-input\":\"required name=search_term_string\"}],\"inLanguage\":\"en-US\"},{\"@type\":\"WebPage\",\"@id\":\"https:\/\/www.urlaubcornwall.de\/blog\/windermere-seen-im-lake-district\/\",\"url\":\"https:\/\/www.urlaubcornwall.de\/blog\/windermere-seen-im-lake-district\/\",\"name\":\"Urlaub Windermere - Seen im Lake District - Urlaub &amp; Reisen\",\"isPartOf\":{\"@id\":\"https:\/\/www.urlaubcornwall.de\/blog\/#website\"},\"datePublished\":\"2018-04-30T15:01:22+00:00\",\"dateModified\":\"2026-01-07T10:20:21+00:00\",\"breadcrumb\":{\"@id\":\"https:\/\/www.urlaubcornwall.de\/blog\/windermere-seen-im-lake-district\/#breadcrumb\"},\"inLanguage\":\"en-US\",\"potentialAction\":[{\"@type\":\"ReadAction\",\"target\":[\"https:\/\/www.urlaubcornwall.de\/blog\/windermere-seen-im-lake-district\/\"]}]},{\"@type\":\"BreadcrumbList\",\"@id\":\"https:\/\/www.urlaubcornwall.de\/blog\/windermere-seen-im-lake-district\/#breadcrumb\",\"itemListElement\":[{\"@type\":\"ListItem\",\"position\":1,\"name\":\"Home\",\"item\":\"https:\/\/www.urlaubcornwall.de\/blog\/\"},{\"@type\":\"ListItem\",\"position\":2,\"name\":\"Urlaub Windermere &#8211; Seen im Lake District\"}]}]}<\/script>\n<!-- \/ Yoast SEO plugin. -->","yoast_head_json":{"title":"Urlaub Windermere - Seen im Lake District - Urlaub &amp; Reisen","robots":{"index":"index","follow":"follow","max-snippet":"max-snippet:-1","max-image-preview":"max-image-preview:large","max-video-preview":"max-video-preview:-1"},"canonical":"https:\/\/www.urlaubcornwall.de\/blog\/windermere-seen-im-lake-district\/","og_locale":"en_US","og_type":"article","og_title":"Urlaub Windermere - Seen im Lake District - Urlaub &amp; Reisen","og_description":"Windermere ist der gr\u00f6\u00dfte nat\u00fcrliche See in England; er ist 16,9km lang, 1,6km breit und 67m tief. Er ist bei Besuchern der beliebteste der Seen. Angeboten wird eine Vielzahl an Aktivit\u00e4ten; Windermere ist eines der erstklassigen Orte f\u00fcr Wassersportarten und beherbergt mehrere Jachth\u00e4fen. Die Dampfbootsfahrten auf dem See sind sehr beliebt, und Urlauber k\u00f6nnen eine [&hellip;]","og_url":"https:\/\/www.urlaubcornwall.de\/blog\/windermere-seen-im-lake-district\/","og_site_name":"Urlaub &amp; Reisen","article_modified_time":"2026-01-07T10:20:21+00:00","og_image":[{"url":"https:\/\/www.urlaubcornwall.de\/blog\/wp-content\/uploads\/2024\/03\/windermere-1.jpg"}],"twitter_card":"summary","twitter_misc":{"Est. reading time":"1 minute"},"schema":{"@context":"https:\/\/schema.org","@graph":[{"@type":"WebSite","@id":"https:\/\/www.urlaubcornwall.de\/blog\/#website","url":"https:\/\/www.urlaubcornwall.de\/blog\/","name":"Urlaub &amp; Reisen","description":"Urlaub, Reisen, Cornwall und S\u00fcdengland: eine perfekte Kombination","potentialAction":[{"@type":"SearchAction","target":{"@type":"EntryPoint","urlTemplate":"https:\/\/www.urlaubcornwall.de\/blog\/?s={search_term_string}"},"query-input":"required name=search_term_string"}],"inLanguage":"en-US"},{"@type":"WebPage","@id":"https:\/\/www.urlaubcornwall.de\/blog\/windermere-seen-im-lake-district\/","url":"https:\/\/www.urlaubcornwall.de\/blog\/windermere-seen-im-lake-district\/","name":"Urlaub Windermere - Seen im Lake District - Urlaub &amp; Reisen","isPartOf":{"@id":"https:\/\/www.urlaubcornwall.de\/blog\/#website"},"datePublished":"2018-04-30T15:01:22+00:00","dateModified":"2026-01-07T10:20:21+00:00","breadcrumb":{"@id":"https:\/\/www.urlaubcornwall.de\/blog\/windermere-seen-im-lake-district\/#breadcrumb"},"inLanguage":"en-US","potentialAction":[{"@type":"ReadAction","target":["https:\/\/www.urlaubcornwall.de\/blog\/windermere-seen-im-lake-district\/"]}]},{"@type":"BreadcrumbList","@id":"https:\/\/www.urlaubcornwall.de\/blog\/windermere-seen-im-lake-district\/#breadcrumb","itemListElement":[{"@type":"ListItem","position":1,"name":"Home","item":"https:\/\/www.urlaubcornwall.de\/blog\/"},{"@type":"ListItem","position":2,"name":"Urlaub Windermere &#8211; Seen im Lake District"}]}]}},"_links":{"self":[{"href":"https:\/\/www.urlaubcornwall.de\/blog\/wp-json\/wp\/v2\/pages\/33713"}],"collection":[{"href":"https:\/\/www.urlaubcornwall.de\/blog\/wp-json\/wp\/v2\/pages"}],"about":[{"href":"https:\/\/www.urlaubcornwall.de\/blog\/wp-json\/wp\/v2\/types\/page"}],"author":[{"embeddable":true,"href":"https:\/\/www.urlaubcornwall.de\/blog\/wp-json\/wp\/v2\/users\/1"}],"replies":[{"embeddable":true,"href":"https:\/\/www.urlaubcornwall.de\/blog\/wp-json\/wp\/v2\/comments?post=33713"}],"version-history":[{"count":10,"href":"https:\/\/www.urlaubcornwall.de\/blog\/wp-json\/wp\/v2\/pages\/33713\/revisions"}],"predecessor-version":[{"id":52017,"href":"https:\/\/www.urlaubcornwall.de\/blog\/wp-json\/wp\/v2\/pages\/33713\/revisions\/52017"}],"wp:attachment":[{"href":"https:\/\/www.urlaubcornwall.de\/blog\/wp-json\/wp\/v2\/media?parent=33713"}],"curies":[{"name":"wp","href":"https:\/\/api.w.org\/{rel}","templated":true}]}}