{"id":33704,"date":"2018-04-30T13:37:05","date_gmt":"2018-04-30T13:37:05","guid":{"rendered":"https:\/\/www.urlaubcornwall.de\/blog\/?page_id=33704"},"modified":"2024-02-28T06:32:15","modified_gmt":"2024-02-28T06:32:15","slug":"bassenthwaite-lake-seen-im-lake-district","status":"publish","type":"page","link":"https:\/\/www.urlaubcornwall.de\/blog\/bassenthwaite-lake-seen-im-lake-district\/","title":{"rendered":"Urlaub Bassenthwaite Lake &#8211; Seen im Lake District"},"content":{"rendered":"<p>Bassenthwaite Lake ist ein gro\u00dfer flacher See; er ist 6,4km lang und nur 21m tief. Der See befindet sich im Besitz der <a href=\"https:\/\/www.urlaubcornwall.de\/reiseziel\/lake-district-nationalpark.php\">National Park<\/a> Authority, ist der n\u00f6rdlichste der Seen und hat keine St\u00e4dte entlang seiner Ufer. Im Sommer ist der Bassenthwaite Lake voller Segelboote vom Segelklub. Er beherbergt auch seltene und bedrohte Fischarten, die nur hier in Derwentwater auffindbar sind. Am n\u00f6rdlichen Ende des Sees befindet sich die Seedestilliere, die handverarbeiteten Whisky, Gin und Vodka produziert. Es gibt gef\u00fchrte Touren der Destilliere, ein Besucherzentrum und ein Bistro.<\/p>\n<div class=\"snippet\"> <a class=\"featured-item\" href=\" https:\/\/www.urlaubcornwall.de\/ferienhaeuser-fewos\/eng\/lake-district\/lake-district.html\"> <span class=\"image-holder\" style=\"background-image: url(' https:\/\/www.urlaubcornwall.de\/blog\/wp-content\/uploads\/2019\/01\/urlaub-lake-distrikt.jpg');\"><\/span> <span class=\"featured-content\"> \n<h2 class=\"featured-title\">Ferienh\u00e4user im Lake Distrikt zum Verlieben!<\/h2>\n<p class=\"featured-body\">Enge Stra\u00dfen, hoch aufragende Berge, herabst\u00fcrzende Wasserf\u00e4lle und Seen jeglichen Umfangs und jeglicher Form schaffen eine Landschaft&#8230;..<\/p>\n<\/span> <span class=\"featured-link-holder\"> <span class=\"featured-extra-info\"> \n<p>F\u00fcr Paare, Familien &#038; Gruppen<\/p>\n<\/span> \n<p class=\"featured-link\">DETAILS<\/p>\n<\/span> <\/a><\/div>\n<p style=\"text-align: center;\"><a href=\"https:\/\/www.urlaubcornwall.de\/blog\/schoensten-seen-im-lake-distrikt\/\">Die wundersch\u00f6nen Seen des Lake District<\/a><\/p>\n","protected":false},"excerpt":{"rendered":"<p>Bassenthwaite Lake ist ein gro\u00dfer flacher See; er ist 6,4km lang und nur 21m tief. Der See befindet sich im Besitz der National Park Authority, ist der n\u00f6rdlichste der Seen und hat keine St\u00e4dte entlang seiner Ufer. Im Sommer ist der Bassenthwaite Lake voller Segelboote vom Segelklub. Er beherbergt auch seltene und bedrohte Fischarten, die [&hellip;]<\/p>\n","protected":false},"author":1,"featured_media":0,"parent":0,"menu_order":0,"comment_status":"closed","ping_status":"closed","template":"single-four.php","meta":[],"acf":[],"yoast_head":"<!-- This site is optimized with the Yoast SEO plugin v19.4 - https:\/\/yoast.com\/wordpress\/plugins\/seo\/ -->\n<title>Urlaub Bassenthwaite Lake - Seen im Lake District - Urlaub &amp; Reisen<\/title>\n<meta name=\"robots\" content=\"index, follow, max-snippet:-1, max-image-preview:large, max-video-preview:-1\" \/>\n<link rel=\"canonical\" href=\"https:\/\/www.urlaubcornwall.de\/blog\/bassenthwaite-lake-seen-im-lake-district\/\" \/>\n<meta property=\"og:locale\" content=\"en_US\" \/>\n<meta property=\"og:type\" content=\"article\" \/>\n<meta property=\"og:title\" content=\"Urlaub Bassenthwaite Lake - Seen im Lake District - Urlaub &amp; Reisen\" \/>\n<meta property=\"og:description\" content=\"Bassenthwaite Lake ist ein gro\u00dfer flacher See; er ist 6,4km lang und nur 21m tief. Der See befindet sich im Besitz der National Park Authority, ist der n\u00f6rdlichste der Seen und hat keine St\u00e4dte entlang seiner Ufer. Im Sommer ist der Bassenthwaite Lake voller Segelboote vom Segelklub. Er beherbergt auch seltene und bedrohte Fischarten, die [&hellip;]\" \/>\n<meta property=\"og:url\" content=\"https:\/\/www.urlaubcornwall.de\/blog\/bassenthwaite-lake-seen-im-lake-district\/\" \/>\n<meta property=\"og:site_name\" content=\"Urlaub &amp; Reisen\" \/>\n<meta property=\"article:modified_time\" content=\"2024-02-28T06:32:15+00:00\" \/>\n<meta name=\"twitter:card\" content=\"summary\" \/>\n<meta name=\"twitter:label1\" content=\"Est. reading time\" \/>\n\t<meta name=\"twitter:data1\" content=\"1 minute\" \/>\n<script type=\"application\/ld+json\" class=\"yoast-schema-graph\">{\"@context\":\"https:\/\/schema.org\",\"@graph\":[{\"@type\":\"WebSite\",\"@id\":\"https:\/\/www.urlaubcornwall.de\/blog\/#website\",\"url\":\"https:\/\/www.urlaubcornwall.de\/blog\/\",\"name\":\"Urlaub &amp; Reisen\",\"description\":\"Urlaub, Reisen, Cornwall und S\u00fcdengland: eine perfekte Kombination\",\"potentialAction\":[{\"@type\":\"SearchAction\",\"target\":{\"@type\":\"EntryPoint\",\"urlTemplate\":\"https:\/\/www.urlaubcornwall.de\/blog\/?s={search_term_string}\"},\"query-input\":\"required name=search_term_string\"}],\"inLanguage\":\"en-US\"},{\"@type\":\"WebPage\",\"@id\":\"https:\/\/www.urlaubcornwall.de\/blog\/bassenthwaite-lake-seen-im-lake-district\/\",\"url\":\"https:\/\/www.urlaubcornwall.de\/blog\/bassenthwaite-lake-seen-im-lake-district\/\",\"name\":\"Urlaub Bassenthwaite Lake - Seen im Lake District - Urlaub &amp; Reisen\",\"isPartOf\":{\"@id\":\"https:\/\/www.urlaubcornwall.de\/blog\/#website\"},\"datePublished\":\"2018-04-30T13:37:05+00:00\",\"dateModified\":\"2024-02-28T06:32:15+00:00\",\"breadcrumb\":{\"@id\":\"https:\/\/www.urlaubcornwall.de\/blog\/bassenthwaite-lake-seen-im-lake-district\/#breadcrumb\"},\"inLanguage\":\"en-US\",\"potentialAction\":[{\"@type\":\"ReadAction\",\"target\":[\"https:\/\/www.urlaubcornwall.de\/blog\/bassenthwaite-lake-seen-im-lake-district\/\"]}]},{\"@type\":\"BreadcrumbList\",\"@id\":\"https:\/\/www.urlaubcornwall.de\/blog\/bassenthwaite-lake-seen-im-lake-district\/#breadcrumb\",\"itemListElement\":[{\"@type\":\"ListItem\",\"position\":1,\"name\":\"Home\",\"item\":\"https:\/\/www.urlaubcornwall.de\/blog\/\"},{\"@type\":\"ListItem\",\"position\":2,\"name\":\"Urlaub Bassenthwaite Lake &#8211; Seen im Lake District\"}]}]}<\/script>\n<!-- \/ Yoast SEO plugin. -->","yoast_head_json":{"title":"Urlaub Bassenthwaite Lake - Seen im Lake District - Urlaub &amp; Reisen","robots":{"index":"index","follow":"follow","max-snippet":"max-snippet:-1","max-image-preview":"max-image-preview:large","max-video-preview":"max-video-preview:-1"},"canonical":"https:\/\/www.urlaubcornwall.de\/blog\/bassenthwaite-lake-seen-im-lake-district\/","og_locale":"en_US","og_type":"article","og_title":"Urlaub Bassenthwaite Lake - Seen im Lake District - Urlaub &amp; Reisen","og_description":"Bassenthwaite Lake ist ein gro\u00dfer flacher See; er ist 6,4km lang und nur 21m tief. Der See befindet sich im Besitz der National Park Authority, ist der n\u00f6rdlichste der Seen und hat keine St\u00e4dte entlang seiner Ufer. Im Sommer ist der Bassenthwaite Lake voller Segelboote vom Segelklub. Er beherbergt auch seltene und bedrohte Fischarten, die [&hellip;]","og_url":"https:\/\/www.urlaubcornwall.de\/blog\/bassenthwaite-lake-seen-im-lake-district\/","og_site_name":"Urlaub &amp; Reisen","article_modified_time":"2024-02-28T06:32:15+00:00","twitter_card":"summary","twitter_misc":{"Est. reading time":"1 minute"},"schema":{"@context":"https:\/\/schema.org","@graph":[{"@type":"WebSite","@id":"https:\/\/www.urlaubcornwall.de\/blog\/#website","url":"https:\/\/www.urlaubcornwall.de\/blog\/","name":"Urlaub &amp; Reisen","description":"Urlaub, Reisen, Cornwall und S\u00fcdengland: eine perfekte Kombination","potentialAction":[{"@type":"SearchAction","target":{"@type":"EntryPoint","urlTemplate":"https:\/\/www.urlaubcornwall.de\/blog\/?s={search_term_string}"},"query-input":"required name=search_term_string"}],"inLanguage":"en-US"},{"@type":"WebPage","@id":"https:\/\/www.urlaubcornwall.de\/blog\/bassenthwaite-lake-seen-im-lake-district\/","url":"https:\/\/www.urlaubcornwall.de\/blog\/bassenthwaite-lake-seen-im-lake-district\/","name":"Urlaub Bassenthwaite Lake - Seen im Lake District - Urlaub &amp; Reisen","isPartOf":{"@id":"https:\/\/www.urlaubcornwall.de\/blog\/#website"},"datePublished":"2018-04-30T13:37:05+00:00","dateModified":"2024-02-28T06:32:15+00:00","breadcrumb":{"@id":"https:\/\/www.urlaubcornwall.de\/blog\/bassenthwaite-lake-seen-im-lake-district\/#breadcrumb"},"inLanguage":"en-US","potentialAction":[{"@type":"ReadAction","target":["https:\/\/www.urlaubcornwall.de\/blog\/bassenthwaite-lake-seen-im-lake-district\/"]}]},{"@type":"BreadcrumbList","@id":"https:\/\/www.urlaubcornwall.de\/blog\/bassenthwaite-lake-seen-im-lake-district\/#breadcrumb","itemListElement":[{"@type":"ListItem","position":1,"name":"Home","item":"https:\/\/www.urlaubcornwall.de\/blog\/"},{"@type":"ListItem","position":2,"name":"Urlaub Bassenthwaite Lake &#8211; Seen im Lake District"}]}]}},"_links":{"self":[{"href":"https:\/\/www.urlaubcornwall.de\/blog\/wp-json\/wp\/v2\/pages\/33704"}],"collection":[{"href":"https:\/\/www.urlaubcornwall.de\/blog\/wp-json\/wp\/v2\/pages"}],"about":[{"href":"https:\/\/www.urlaubcornwall.de\/blog\/wp-json\/wp\/v2\/types\/page"}],"author":[{"embeddable":true,"href":"https:\/\/www.urlaubcornwall.de\/blog\/wp-json\/wp\/v2\/users\/1"}],"replies":[{"embeddable":true,"href":"https:\/\/www.urlaubcornwall.de\/blog\/wp-json\/wp\/v2\/comments?post=33704"}],"version-history":[{"count":8,"href":"https:\/\/www.urlaubcornwall.de\/blog\/wp-json\/wp\/v2\/pages\/33704\/revisions"}],"predecessor-version":[{"id":47684,"href":"https:\/\/www.urlaubcornwall.de\/blog\/wp-json\/wp\/v2\/pages\/33704\/revisions\/47684"}],"wp:attachment":[{"href":"https:\/\/www.urlaubcornwall.de\/blog\/wp-json\/wp\/v2\/media?parent=33704"}],"curies":[{"name":"wp","href":"https:\/\/api.w.org\/{rel}","templated":true}]}}