{"id":33692,"date":"2018-04-29T10:56:49","date_gmt":"2018-04-29T10:56:49","guid":{"rendered":"https:\/\/www.urlaubcornwall.de\/blog\/?page_id=33692"},"modified":"2024-03-08T10:38:32","modified_gmt":"2024-03-08T10:38:32","slug":"schoensten-seen-im-lake-distrikt","status":"publish","type":"page","link":"https:\/\/www.urlaubcornwall.de\/blog\/schoensten-seen-im-lake-distrikt\/","title":{"rendered":"Die wundersch\u00f6nen Seen des Lake District &#8211; Urlaub in Cumbria"},"content":{"rendered":"<p><img loading=\"lazy\" class=\"aligncenter size-full wp-image-47926\" src=\"https:\/\/www.urlaubcornwall.de\/blog\/wp-content\/uploads\/2024\/03\/buttermere.jpg\" alt=\"buttermere\" width=\"750\" height=\"500\" srcset=\"https:\/\/www.urlaubcornwall.de\/blog\/wp-content\/uploads\/2024\/03\/buttermere.jpg 750w, https:\/\/www.urlaubcornwall.de\/blog\/wp-content\/uploads\/2024\/03\/buttermere-300x200.jpg 300w\" sizes=\"(max-width: 750px) 100vw, 750px\" \/><\/p>\n<p>Es gibt 16 sch\u00f6nsten Seen im <a href=\"https:\/\/www.urlaubcornwall.de\/reiseziel\/lake-district-nationalpark.php\">Lake District<\/a>; der gr\u00f6\u00dfte davon ist Windermere. Lediglich der Bassenthwaite Lake beinhaltet tats\u00e4chlich das Wort See in seinem Namen, die anderen sind offiziell Gew\u00e4sser. Privat betriebene Boote sind lediglich auf Windermere, Coniston Water, Ullswater und Derwentwater gestattet. Dies sind die einzigen Seen mit regul\u00e4rem Dampfschiff- oder F\u00e4hrverkehr.<\/p>\n<p>Hier finden Sie eine Auflistung an Seen der Gr\u00f6\u00dfe nach, beginnend mit der gr\u00f6\u00dften Wasseroberfl\u00e4che.<\/p>\n<p><strong>Windermere &#8211; <\/strong><a href=\"https:\/\/www.urlaubcornwall.de\/ferienhaeuser-fewos\/eng\/lake-district\/windermere.html\">Windermere<\/a> ist der gr\u00f6\u00dfte nat\u00fcrliche See in England; er ist 16,9km lang, 1,6km breit und 67m tief. Er ist bei Besuchern der beliebteste der Seen&#8230;.<a href=\"https:\/\/www.urlaubcornwall.de\/blog\/windermere-seen-im-lake-district\/\">[ Mehr ]<\/a><\/p>\n<p><strong>Ullswater &#8211; <\/strong>Der zweitgr\u00f6\u00dfte See ist <a href=\"https:\/\/www.urlaubcornwall.de\/ferienhaeuser-fewos\/eng\/lake-district\/ullswater.html\">Ullswater<\/a> mit 12km L\u00e4nge,1,2km breit und 62,4m tief an seiner tiefsten Stelle; mit seinen 3 ausgepr\u00e4gten Windungen gleicht er einem Hundebein&#8230;.[<a href=\"https:\/\/www.urlaubcornwall.de\/blog\/ullswater-seen-im-lake-district\/\"> Mehr ]<\/a><\/p>\n<p><strong>Derwentwater &#8211; <\/strong>Derwentwater ist gespeist vom Fluss Derwentfrom, den F\u00e4llen von Borrowdale. Diese ikonische Flusslandschaft variiert von dramatischen Wellen, die an Friar\u2019s Crag schlagen bis hin zum spiegelglatten Bild der fr\u00fcher Morgenstunden&#8230;.<a href=\"https:\/\/www.urlaubcornwall.de\/blog\/derwentwater-seen-im-lake-district\/\">[ Mehr ]<\/a><\/p>\n<p><strong>Bassenthwaite Lake &#8211; <\/strong>Bassenthwaite Lake ist ein gro\u00dfer flacher See; er ist 6,4km lang und nur 21m tief. Der See befindet sich im Besitz der National Park Authority&#8230;.<a href=\"https:\/\/www.urlaubcornwall.de\/blog\/bassenthwaite-lake-seen-im-lake-district\/\">[ Mehr ]<\/a><\/p>\n<p><strong>Coniston Water &#8211; <\/strong>Im 13. und 14. Jahrhundert war <a href=\"https:\/\/www.urlaubcornwall.de\/ferienhaeuser-fewos\/eng\/lake-district\/coniston-water.html\">Coniston Water<\/a> ein wichtiges Fischvorkommen f\u00fcr die M\u00f6nche der Furness Abtei, denen der See und ein Gro\u00dfteil des ihn umgebenden Landes geh\u00f6rte. \u00dcber dem See thront der Berg \u2018The Old Man of Coniston\u2019&#8230;.<a href=\"https:\/\/www.urlaubcornwall.de\/blog\/coniston-water-seen-im-lake-district\/\">[ Mehr ]<\/a><\/p>\n<div class=\"snippet\"> <a class=\"featured-item\" href=\" https:\/\/www.urlaubcornwall.de\/ferienhaeuser-fewos\/eng\/lake-district\/lake-district.html\"> <span class=\"image-holder\" style=\"background-image: url(' https:\/\/www.urlaubcornwall.de\/blog\/wp-content\/uploads\/2019\/01\/urlaub-lake-distrikt.jpg');\"><\/span> <span class=\"featured-content\"> \n<h2 class=\"featured-title\">Ferienh\u00e4user im Lake Distrikt zum Verlieben!<\/h2>\n<p class=\"featured-body\">Enge Stra\u00dfen, hoch aufragende Berge, herabst\u00fcrzende Wasserf\u00e4lle und Seen jeglichen Umfangs und jeglicher Form schaffen eine Landschaft&#8230;..<\/p>\n<\/span> <span class=\"featured-link-holder\"> <span class=\"featured-extra-info\"> \n<p>F\u00fcr Paare, Familien &#038; Gruppen<\/p>\n<\/span> \n<p class=\"featured-link\">DETAILS<\/p>\n<\/span> <\/a><\/div>\n<p><strong>Haweswater &#8211; <\/strong>Ein weiterer der gr\u00f6\u00dften Seen ist Haweswater, ein Reservoir, das ins Tal von Mardale gebaut wurde. Die Konstruktion des Haweswater Dammes begann 1929&#8230;.<a href=\"https:\/\/www.urlaubcornwall.de\/blog\/haweswater-seen-im-lake-district\/\">[ Mehr ]<\/a><\/p>\n<p><strong>Thirlmere &#8211; <\/strong>Thirlmere bestand urspr\u00fcnglich aus zwei kleineren Seen, die im 19. Jahrhundert mit D\u00e4mmen versehen wurden, um ein einziges gro\u00dfes Reservoir zu werden, das nun die Stadt Manchester mit Wasser versorgt&#8230;..<a href=\"https:\/\/www.urlaubcornwall.de\/blog\/thirlmere-seen-im-lake-district\/\">[ Mehr ]<\/a><\/p>\n<p><strong>Ennerdale Water &#8211; <\/strong>Ennerdale ist der westlichste und abgelegendste der Seen. Es ist ein tiefer Gletschersee mit klarem Wasser und einer breiten Vielfalt an Fischen. Es ist Reservoir f\u00fcr die St\u00e4dte in West Cambria&#8230;.<a href=\"https:\/\/www.urlaubcornwall.de\/blog\/ennerdale-water-seen-im-lake-district\/\">[ Mehr ]<\/a><\/p>\n<p><strong>Wastwater &#8211; <\/strong>Im Wasdale Tal gelegen und umgeben vom h\u00f6chsten Berg des Lake Distrikts, Scafell Pike, ist Wastwater mit nahezu 80m Tiefe der tiefste der Seen. Wastwater befindet sich im Besitz des National Trust und ist der atemberaubendste der Seen&#8230;.<a href=\"https:\/\/www.urlaubcornwall.de\/blog\/wastwater-seen-im-lake-district\/\">[ Mehr ]<\/a><\/p>\n<p><strong>Crummock Water &#8211; <\/strong>Crummock Water befindet sich zwischen Loweswater und Buttermere; das Gebiet von Grassmoor liegt an der Westseite des Sees, und im Osten sind die F\u00e4lle von Mellbreak&#8230;.<a href=\"https:\/\/www.urlaubcornwall.de\/blog\/crummock-water-seen-im-lake-district\/\">[ Mehr ]<\/a><\/p>\n<p><strong>Esthwaite Water &#8211; <\/strong>Esthwaite Water war Beatrix Potters Lieblingssee und soll sie zu ihrer Figur Jeremy Fisher inspiriert haben. Esthwaite Water befindet sich in Privatbesitz mit eingeschr\u00e4nktem Zugang zu einigen Teilen&#8230;.<a href=\"https:\/\/www.urlaubcornwall.de\/blog\/esthwaite-water-seen-im-lake-district\/\">[ Mehr ]<\/a><\/p>\n<p><strong>Buttermere &#8211; <\/strong>Buttermere im Tal Buttermere ist bei Besuchern einer der beliebtesten Seen. Er befindet sich im Besitz des National Trust und bietet einige der besten Wanderungen der Gegend&#8230;.<a href=\"https:\/\/www.urlaubcornwall.de\/blog\/buttermere-water-seen-im-lake-district\/\">[ Mehr ]<\/a><\/p>\n<p><strong>Grasmere &#8211; <\/strong>Der kleine See <a href=\"https:\/\/www.urlaubcornwall.de\/ferienhaeuser-fewos\/eng\/lake-district\/grasmere.html\">Grasmere<\/a> befindet sich am Dorf desselben Namens, wo der Dichter William Wordsworth lebte. Er beschrieb es als \u2018den lieblichsten Ort, den die Menschheit gefunden hat\u2018. Dove Cottage, wo er lebte, ist der \u00d6ffentlichkeit zug\u00e4nglich&#8230;.<a href=\"https:\/\/www.urlaubcornwall.de\/blog\/grasmere-seen-im-lake-district\/\">[ Mehr ]<\/a><\/p>\n<p><strong>Loweswater &#8211; <\/strong>Im fernen Westen des Lake Distrikts, befindet sich Loweswater in einem friedvollen, bewaldeten Tal und wird h\u00e4ufig von Besuchern der Gegend \u00fcbersehen&#8230;.<a href=\"https:\/\/www.urlaubcornwall.de\/blog\/loweswater-seen-im-lake-district\/\">[ Mehr ]<\/a><\/p>\n<p><strong>Rydal Water &#8211; <\/strong>Rydal Water ist einer der kleinsten Seen des Lake Distrikts und befindet sich zwischen Windermere und Grasmere. William Wordsworth liebte ihn, und Stufen f\u00fchren hinauf vom westlichen Zipfel des Sees zum \u2018Wordsworth\u2019s Seat\u2019&#8230;.<a href=\"https:\/\/www.urlaubcornwall.de\/blog\/rydal-water-seen-im-lake-district\/\">[ Mehr ]<\/a><\/p>\n<p><strong>Elterwater &#8211; <\/strong>Der Name dieses <a href=\"https:\/\/www.urlaubcornwall.de\/ferienhaeuser-fewos\/eng\/lake-district\/elterwater.html\">kleinen malerischen Sees<\/a> stammt aus dem Altnordischen und bedeutet \u2018See der Schw\u00e4ne\u2019. Er befindet sich lediglich ein paar Meilen westlich von Ambleside&#8230;. <a href=\"https:\/\/www.urlaubcornwall.de\/blog\/elterwater-seen-im-lake-district\/\">[ Mehr ]<\/a><\/p>\n<p style=\"text-align: center;\"><a href=\"https:\/\/www.urlaubcornwall.de\/reiseziel\/lake-district-nationalpark.php\">Urlaub im Lake District<\/a><\/p>\n","protected":false},"excerpt":{"rendered":"<p>Es gibt 16 sch\u00f6nsten Seen im Lake District; der gr\u00f6\u00dfte davon ist Windermere. Lediglich der Bassenthwaite Lake beinhaltet tats\u00e4chlich das Wort See in seinem Namen, die anderen sind offiziell Gew\u00e4sser. Privat betriebene Boote sind lediglich auf Windermere, Coniston Water, Ullswater und Derwentwater gestattet. Dies sind die einzigen Seen mit regul\u00e4rem Dampfschiff- oder F\u00e4hrverkehr. Hier finden [&hellip;]<\/p>\n","protected":false},"author":1,"featured_media":0,"parent":0,"menu_order":0,"comment_status":"closed","ping_status":"closed","template":"single-four.php","meta":[],"acf":[],"yoast_head":"<!-- This site is optimized with the Yoast SEO plugin v19.4 - https:\/\/yoast.com\/wordpress\/plugins\/seo\/ -->\n<title>Die wundersch\u00f6nen Seen des Lake District - Urlaub in Cumbria - Urlaub &amp; Reisen<\/title>\n<meta name=\"robots\" content=\"index, follow, max-snippet:-1, max-image-preview:large, max-video-preview:-1\" \/>\n<link rel=\"canonical\" href=\"https:\/\/www.urlaubcornwall.de\/blog\/schoensten-seen-im-lake-distrikt\/\" \/>\n<meta property=\"og:locale\" content=\"en_US\" \/>\n<meta property=\"og:type\" content=\"article\" \/>\n<meta property=\"og:title\" content=\"Die wundersch\u00f6nen Seen des Lake District - Urlaub in Cumbria - Urlaub &amp; Reisen\" \/>\n<meta property=\"og:description\" content=\"Es gibt 16 sch\u00f6nsten Seen im Lake District; der gr\u00f6\u00dfte davon ist Windermere. Lediglich der Bassenthwaite Lake beinhaltet tats\u00e4chlich das Wort See in seinem Namen, die anderen sind offiziell Gew\u00e4sser. Privat betriebene Boote sind lediglich auf Windermere, Coniston Water, Ullswater und Derwentwater gestattet. Dies sind die einzigen Seen mit regul\u00e4rem Dampfschiff- oder F\u00e4hrverkehr. Hier finden [&hellip;]\" \/>\n<meta property=\"og:url\" content=\"https:\/\/www.urlaubcornwall.de\/blog\/schoensten-seen-im-lake-distrikt\/\" \/>\n<meta property=\"og:site_name\" content=\"Urlaub &amp; Reisen\" \/>\n<meta property=\"article:modified_time\" content=\"2024-03-08T10:38:32+00:00\" \/>\n<meta property=\"og:image\" content=\"https:\/\/www.urlaubcornwall.de\/blog\/wp-content\/uploads\/2024\/03\/buttermere.jpg\" \/>\n<meta name=\"twitter:card\" content=\"summary\" \/>\n<meta name=\"twitter:label1\" content=\"Est. reading time\" \/>\n\t<meta name=\"twitter:data1\" content=\"4 minutes\" \/>\n<script type=\"application\/ld+json\" class=\"yoast-schema-graph\">{\"@context\":\"https:\/\/schema.org\",\"@graph\":[{\"@type\":\"WebSite\",\"@id\":\"https:\/\/www.urlaubcornwall.de\/blog\/#website\",\"url\":\"https:\/\/www.urlaubcornwall.de\/blog\/\",\"name\":\"Urlaub &amp; Reisen\",\"description\":\"Urlaub, Reisen, Cornwall und S\u00fcdengland: eine perfekte Kombination\",\"potentialAction\":[{\"@type\":\"SearchAction\",\"target\":{\"@type\":\"EntryPoint\",\"urlTemplate\":\"https:\/\/www.urlaubcornwall.de\/blog\/?s={search_term_string}\"},\"query-input\":\"required name=search_term_string\"}],\"inLanguage\":\"en-US\"},{\"@type\":\"WebPage\",\"@id\":\"https:\/\/www.urlaubcornwall.de\/blog\/schoensten-seen-im-lake-distrikt\/\",\"url\":\"https:\/\/www.urlaubcornwall.de\/blog\/schoensten-seen-im-lake-distrikt\/\",\"name\":\"Die wundersch\u00f6nen Seen des Lake District - Urlaub in Cumbria - Urlaub &amp; Reisen\",\"isPartOf\":{\"@id\":\"https:\/\/www.urlaubcornwall.de\/blog\/#website\"},\"datePublished\":\"2018-04-29T10:56:49+00:00\",\"dateModified\":\"2024-03-08T10:38:32+00:00\",\"breadcrumb\":{\"@id\":\"https:\/\/www.urlaubcornwall.de\/blog\/schoensten-seen-im-lake-distrikt\/#breadcrumb\"},\"inLanguage\":\"en-US\",\"potentialAction\":[{\"@type\":\"ReadAction\",\"target\":[\"https:\/\/www.urlaubcornwall.de\/blog\/schoensten-seen-im-lake-distrikt\/\"]}]},{\"@type\":\"BreadcrumbList\",\"@id\":\"https:\/\/www.urlaubcornwall.de\/blog\/schoensten-seen-im-lake-distrikt\/#breadcrumb\",\"itemListElement\":[{\"@type\":\"ListItem\",\"position\":1,\"name\":\"Home\",\"item\":\"https:\/\/www.urlaubcornwall.de\/blog\/\"},{\"@type\":\"ListItem\",\"position\":2,\"name\":\"Die wundersch\u00f6nen Seen des Lake District &#8211; Urlaub in Cumbria\"}]}]}<\/script>\n<!-- \/ Yoast SEO plugin. -->","yoast_head_json":{"title":"Die wundersch\u00f6nen Seen des Lake District - Urlaub in Cumbria - Urlaub &amp; Reisen","robots":{"index":"index","follow":"follow","max-snippet":"max-snippet:-1","max-image-preview":"max-image-preview:large","max-video-preview":"max-video-preview:-1"},"canonical":"https:\/\/www.urlaubcornwall.de\/blog\/schoensten-seen-im-lake-distrikt\/","og_locale":"en_US","og_type":"article","og_title":"Die wundersch\u00f6nen Seen des Lake District - Urlaub in Cumbria - Urlaub &amp; Reisen","og_description":"Es gibt 16 sch\u00f6nsten Seen im Lake District; der gr\u00f6\u00dfte davon ist Windermere. Lediglich der Bassenthwaite Lake beinhaltet tats\u00e4chlich das Wort See in seinem Namen, die anderen sind offiziell Gew\u00e4sser. Privat betriebene Boote sind lediglich auf Windermere, Coniston Water, Ullswater und Derwentwater gestattet. Dies sind die einzigen Seen mit regul\u00e4rem Dampfschiff- oder F\u00e4hrverkehr. Hier finden [&hellip;]","og_url":"https:\/\/www.urlaubcornwall.de\/blog\/schoensten-seen-im-lake-distrikt\/","og_site_name":"Urlaub &amp; Reisen","article_modified_time":"2024-03-08T10:38:32+00:00","og_image":[{"url":"https:\/\/www.urlaubcornwall.de\/blog\/wp-content\/uploads\/2024\/03\/buttermere.jpg"}],"twitter_card":"summary","twitter_misc":{"Est. reading time":"4 minutes"},"schema":{"@context":"https:\/\/schema.org","@graph":[{"@type":"WebSite","@id":"https:\/\/www.urlaubcornwall.de\/blog\/#website","url":"https:\/\/www.urlaubcornwall.de\/blog\/","name":"Urlaub &amp; Reisen","description":"Urlaub, Reisen, Cornwall und S\u00fcdengland: eine perfekte Kombination","potentialAction":[{"@type":"SearchAction","target":{"@type":"EntryPoint","urlTemplate":"https:\/\/www.urlaubcornwall.de\/blog\/?s={search_term_string}"},"query-input":"required name=search_term_string"}],"inLanguage":"en-US"},{"@type":"WebPage","@id":"https:\/\/www.urlaubcornwall.de\/blog\/schoensten-seen-im-lake-distrikt\/","url":"https:\/\/www.urlaubcornwall.de\/blog\/schoensten-seen-im-lake-distrikt\/","name":"Die wundersch\u00f6nen Seen des Lake District - Urlaub in Cumbria - Urlaub &amp; Reisen","isPartOf":{"@id":"https:\/\/www.urlaubcornwall.de\/blog\/#website"},"datePublished":"2018-04-29T10:56:49+00:00","dateModified":"2024-03-08T10:38:32+00:00","breadcrumb":{"@id":"https:\/\/www.urlaubcornwall.de\/blog\/schoensten-seen-im-lake-distrikt\/#breadcrumb"},"inLanguage":"en-US","potentialAction":[{"@type":"ReadAction","target":["https:\/\/www.urlaubcornwall.de\/blog\/schoensten-seen-im-lake-distrikt\/"]}]},{"@type":"BreadcrumbList","@id":"https:\/\/www.urlaubcornwall.de\/blog\/schoensten-seen-im-lake-distrikt\/#breadcrumb","itemListElement":[{"@type":"ListItem","position":1,"name":"Home","item":"https:\/\/www.urlaubcornwall.de\/blog\/"},{"@type":"ListItem","position":2,"name":"Die wundersch\u00f6nen Seen des Lake District &#8211; Urlaub in Cumbria"}]}]}},"_links":{"self":[{"href":"https:\/\/www.urlaubcornwall.de\/blog\/wp-json\/wp\/v2\/pages\/33692"}],"collection":[{"href":"https:\/\/www.urlaubcornwall.de\/blog\/wp-json\/wp\/v2\/pages"}],"about":[{"href":"https:\/\/www.urlaubcornwall.de\/blog\/wp-json\/wp\/v2\/types\/page"}],"author":[{"embeddable":true,"href":"https:\/\/www.urlaubcornwall.de\/blog\/wp-json\/wp\/v2\/users\/1"}],"replies":[{"embeddable":true,"href":"https:\/\/www.urlaubcornwall.de\/blog\/wp-json\/wp\/v2\/comments?post=33692"}],"version-history":[{"count":20,"href":"https:\/\/www.urlaubcornwall.de\/blog\/wp-json\/wp\/v2\/pages\/33692\/revisions"}],"predecessor-version":[{"id":47929,"href":"https:\/\/www.urlaubcornwall.de\/blog\/wp-json\/wp\/v2\/pages\/33692\/revisions\/47929"}],"wp:attachment":[{"href":"https:\/\/www.urlaubcornwall.de\/blog\/wp-json\/wp\/v2\/media?parent=33692"}],"curies":[{"name":"wp","href":"https:\/\/api.w.org\/{rel}","templated":true}]}}