{"id":33686,"date":"2018-04-26T12:05:05","date_gmt":"2018-04-26T12:05:05","guid":{"rendered":"https:\/\/www.urlaubcornwall.de\/blog\/?page_id=33686"},"modified":"2024-04-12T10:46:24","modified_gmt":"2024-04-12T10:46:24","slug":"ferienhaus-in-galmpton-nahe-torquay","status":"publish","type":"page","link":"https:\/\/www.urlaubcornwall.de\/blog\/ferienhaus-in-galmpton-nahe-torquay\/","title":{"rendered":"Ferienhaus in Galmpton nahe Torquay"},"content":{"rendered":"<p style=\"text-align: left;\"><img loading=\"lazy\" class=\"aligncenter size-full wp-image-47875\" src=\"https:\/\/www.urlaubcornwall.de\/blog\/wp-content\/uploads\/2024\/03\/torquay.jpg\" alt=\"torquay\" width=\"750\" height=\"500\" srcset=\"https:\/\/www.urlaubcornwall.de\/blog\/wp-content\/uploads\/2024\/03\/torquay.jpg 750w, https:\/\/www.urlaubcornwall.de\/blog\/wp-content\/uploads\/2024\/03\/torquay-300x200.jpg 300w\" sizes=\"(max-width: 750px) 100vw, 750px\" \/><\/p>\n<p style=\"text-align: center;\"><strong>Bei uns finden Sie Ferienh\u00e4user in zum Verlieben \u2013 so einfach ist das!<\/strong><\/p>\n<p style=\"text-align: center;\">UrlaubCornwall.de verf\u00fcgt Ferienh\u00e4user und <span class=\"fn\">Ferienwohnungen<\/span> in Devon f\u00fcr Ihren Urlaub in S\u00fcdwest England. Devon geh\u00f6rt zu Englands beliebtesten Urlaubsdestinationen und ist gleicherma\u00dfen bei P\u00e4rchen und Familien beliebt, die durch S\u00fcdengland reisen m\u00f6chten.<\/p>\n<p style=\"text-align: center;\">Sie finden die perfekte Unterkunft in unserer fantastischen Auswahl an Ferienh\u00e4usern und Appartements<\/p>\n<p style=\"text-align: center;\"><a class=\"tidycta\" href=\"https:\/\/www.urlaubcornwall.de\/ferienhaeuser-fewos\/eng\/devon\/torquay.html\">Suche Ferienh\u00e4user in Torquay<\/a><\/p>\n","protected":false},"excerpt":{"rendered":"<p>Bei uns finden Sie Ferienh\u00e4user in zum Verlieben \u2013 so einfach ist das! UrlaubCornwall.de verf\u00fcgt Ferienh\u00e4user und Ferienwohnungen in Devon f\u00fcr Ihren Urlaub in S\u00fcdwest England. Devon geh\u00f6rt zu Englands beliebtesten Urlaubsdestinationen und ist gleicherma\u00dfen bei P\u00e4rchen und Familien beliebt, die durch S\u00fcdengland reisen m\u00f6chten. Sie finden die perfekte Unterkunft in unserer fantastischen Auswahl an [&hellip;]<\/p>\n","protected":false},"author":1,"featured_media":0,"parent":0,"menu_order":0,"comment_status":"closed","ping_status":"closed","template":"single-four.php","meta":[],"acf":[],"yoast_head":"<!-- This site is optimized with the Yoast SEO plugin v19.4 - https:\/\/yoast.com\/wordpress\/plugins\/seo\/ -->\n<title>Ferienhaus in Galmpton nahe Torquay - Urlaub &amp; Reisen<\/title>\n<meta name=\"robots\" content=\"index, follow, max-snippet:-1, max-image-preview:large, max-video-preview:-1\" \/>\n<link rel=\"canonical\" href=\"https:\/\/www.urlaubcornwall.de\/blog\/ferienhaus-in-galmpton-nahe-torquay\/\" \/>\n<meta property=\"og:locale\" content=\"en_US\" \/>\n<meta property=\"og:type\" content=\"article\" \/>\n<meta property=\"og:title\" content=\"Ferienhaus in Galmpton nahe Torquay - Urlaub &amp; Reisen\" \/>\n<meta property=\"og:description\" content=\"Bei uns finden Sie Ferienh\u00e4user in zum Verlieben \u2013 so einfach ist das! UrlaubCornwall.de verf\u00fcgt Ferienh\u00e4user und Ferienwohnungen in Devon f\u00fcr Ihren Urlaub in S\u00fcdwest England. Devon geh\u00f6rt zu Englands beliebtesten Urlaubsdestinationen und ist gleicherma\u00dfen bei P\u00e4rchen und Familien beliebt, die durch S\u00fcdengland reisen m\u00f6chten. Sie finden die perfekte Unterkunft in unserer fantastischen Auswahl an [&hellip;]\" \/>\n<meta property=\"og:url\" content=\"https:\/\/www.urlaubcornwall.de\/blog\/ferienhaus-in-galmpton-nahe-torquay\/\" \/>\n<meta property=\"og:site_name\" content=\"Urlaub &amp; Reisen\" \/>\n<meta property=\"article:modified_time\" content=\"2024-04-12T10:46:24+00:00\" \/>\n<meta property=\"og:image\" content=\"https:\/\/www.urlaubcornwall.de\/blog\/wp-content\/uploads\/2024\/03\/torquay.jpg\" \/>\n<meta name=\"twitter:card\" content=\"summary\" \/>\n<meta name=\"twitter:label1\" content=\"Est. reading time\" \/>\n\t<meta name=\"twitter:data1\" content=\"1 minute\" \/>\n<script type=\"application\/ld+json\" class=\"yoast-schema-graph\">{\"@context\":\"https:\/\/schema.org\",\"@graph\":[{\"@type\":\"WebSite\",\"@id\":\"https:\/\/www.urlaubcornwall.de\/blog\/#website\",\"url\":\"https:\/\/www.urlaubcornwall.de\/blog\/\",\"name\":\"Urlaub &amp; Reisen\",\"description\":\"Urlaub, Reisen, Cornwall und S\u00fcdengland: eine perfekte Kombination\",\"potentialAction\":[{\"@type\":\"SearchAction\",\"target\":{\"@type\":\"EntryPoint\",\"urlTemplate\":\"https:\/\/www.urlaubcornwall.de\/blog\/?s={search_term_string}\"},\"query-input\":\"required name=search_term_string\"}],\"inLanguage\":\"en-US\"},{\"@type\":\"WebPage\",\"@id\":\"https:\/\/www.urlaubcornwall.de\/blog\/ferienhaus-in-galmpton-nahe-torquay\/\",\"url\":\"https:\/\/www.urlaubcornwall.de\/blog\/ferienhaus-in-galmpton-nahe-torquay\/\",\"name\":\"Ferienhaus in Galmpton nahe Torquay - Urlaub &amp; Reisen\",\"isPartOf\":{\"@id\":\"https:\/\/www.urlaubcornwall.de\/blog\/#website\"},\"datePublished\":\"2018-04-26T12:05:05+00:00\",\"dateModified\":\"2024-04-12T10:46:24+00:00\",\"breadcrumb\":{\"@id\":\"https:\/\/www.urlaubcornwall.de\/blog\/ferienhaus-in-galmpton-nahe-torquay\/#breadcrumb\"},\"inLanguage\":\"en-US\",\"potentialAction\":[{\"@type\":\"ReadAction\",\"target\":[\"https:\/\/www.urlaubcornwall.de\/blog\/ferienhaus-in-galmpton-nahe-torquay\/\"]}]},{\"@type\":\"BreadcrumbList\",\"@id\":\"https:\/\/www.urlaubcornwall.de\/blog\/ferienhaus-in-galmpton-nahe-torquay\/#breadcrumb\",\"itemListElement\":[{\"@type\":\"ListItem\",\"position\":1,\"name\":\"Home\",\"item\":\"https:\/\/www.urlaubcornwall.de\/blog\/\"},{\"@type\":\"ListItem\",\"position\":2,\"name\":\"Ferienhaus in Galmpton nahe Torquay\"}]}]}<\/script>\n<!-- \/ Yoast SEO plugin. -->","yoast_head_json":{"title":"Ferienhaus in Galmpton nahe Torquay - Urlaub &amp; Reisen","robots":{"index":"index","follow":"follow","max-snippet":"max-snippet:-1","max-image-preview":"max-image-preview:large","max-video-preview":"max-video-preview:-1"},"canonical":"https:\/\/www.urlaubcornwall.de\/blog\/ferienhaus-in-galmpton-nahe-torquay\/","og_locale":"en_US","og_type":"article","og_title":"Ferienhaus in Galmpton nahe Torquay - Urlaub &amp; Reisen","og_description":"Bei uns finden Sie Ferienh\u00e4user in zum Verlieben \u2013 so einfach ist das! UrlaubCornwall.de verf\u00fcgt Ferienh\u00e4user und Ferienwohnungen in Devon f\u00fcr Ihren Urlaub in S\u00fcdwest England. Devon geh\u00f6rt zu Englands beliebtesten Urlaubsdestinationen und ist gleicherma\u00dfen bei P\u00e4rchen und Familien beliebt, die durch S\u00fcdengland reisen m\u00f6chten. Sie finden die perfekte Unterkunft in unserer fantastischen Auswahl an [&hellip;]","og_url":"https:\/\/www.urlaubcornwall.de\/blog\/ferienhaus-in-galmpton-nahe-torquay\/","og_site_name":"Urlaub &amp; Reisen","article_modified_time":"2024-04-12T10:46:24+00:00","og_image":[{"url":"https:\/\/www.urlaubcornwall.de\/blog\/wp-content\/uploads\/2024\/03\/torquay.jpg"}],"twitter_card":"summary","twitter_misc":{"Est. reading time":"1 minute"},"schema":{"@context":"https:\/\/schema.org","@graph":[{"@type":"WebSite","@id":"https:\/\/www.urlaubcornwall.de\/blog\/#website","url":"https:\/\/www.urlaubcornwall.de\/blog\/","name":"Urlaub &amp; Reisen","description":"Urlaub, Reisen, Cornwall und S\u00fcdengland: eine perfekte Kombination","potentialAction":[{"@type":"SearchAction","target":{"@type":"EntryPoint","urlTemplate":"https:\/\/www.urlaubcornwall.de\/blog\/?s={search_term_string}"},"query-input":"required name=search_term_string"}],"inLanguage":"en-US"},{"@type":"WebPage","@id":"https:\/\/www.urlaubcornwall.de\/blog\/ferienhaus-in-galmpton-nahe-torquay\/","url":"https:\/\/www.urlaubcornwall.de\/blog\/ferienhaus-in-galmpton-nahe-torquay\/","name":"Ferienhaus in Galmpton nahe Torquay - Urlaub &amp; Reisen","isPartOf":{"@id":"https:\/\/www.urlaubcornwall.de\/blog\/#website"},"datePublished":"2018-04-26T12:05:05+00:00","dateModified":"2024-04-12T10:46:24+00:00","breadcrumb":{"@id":"https:\/\/www.urlaubcornwall.de\/blog\/ferienhaus-in-galmpton-nahe-torquay\/#breadcrumb"},"inLanguage":"en-US","potentialAction":[{"@type":"ReadAction","target":["https:\/\/www.urlaubcornwall.de\/blog\/ferienhaus-in-galmpton-nahe-torquay\/"]}]},{"@type":"BreadcrumbList","@id":"https:\/\/www.urlaubcornwall.de\/blog\/ferienhaus-in-galmpton-nahe-torquay\/#breadcrumb","itemListElement":[{"@type":"ListItem","position":1,"name":"Home","item":"https:\/\/www.urlaubcornwall.de\/blog\/"},{"@type":"ListItem","position":2,"name":"Ferienhaus in Galmpton nahe Torquay"}]}]}},"_links":{"self":[{"href":"https:\/\/www.urlaubcornwall.de\/blog\/wp-json\/wp\/v2\/pages\/33686"}],"collection":[{"href":"https:\/\/www.urlaubcornwall.de\/blog\/wp-json\/wp\/v2\/pages"}],"about":[{"href":"https:\/\/www.urlaubcornwall.de\/blog\/wp-json\/wp\/v2\/types\/page"}],"author":[{"embeddable":true,"href":"https:\/\/www.urlaubcornwall.de\/blog\/wp-json\/wp\/v2\/users\/1"}],"replies":[{"embeddable":true,"href":"https:\/\/www.urlaubcornwall.de\/blog\/wp-json\/wp\/v2\/comments?post=33686"}],"version-history":[{"count":3,"href":"https:\/\/www.urlaubcornwall.de\/blog\/wp-json\/wp\/v2\/pages\/33686\/revisions"}],"predecessor-version":[{"id":49272,"href":"https:\/\/www.urlaubcornwall.de\/blog\/wp-json\/wp\/v2\/pages\/33686\/revisions\/49272"}],"wp:attachment":[{"href":"https:\/\/www.urlaubcornwall.de\/blog\/wp-json\/wp\/v2\/media?parent=33686"}],"curies":[{"name":"wp","href":"https:\/\/api.w.org\/{rel}","templated":true}]}}