{"id":33669,"date":"2018-04-26T10:05:32","date_gmt":"2018-04-26T10:05:32","guid":{"rendered":"https:\/\/www.urlaubcornwall.de\/blog\/?page_id=33669"},"modified":"2024-10-29T09:43:29","modified_gmt":"2024-10-29T09:43:29","slug":"ferienhaeuser-mit-hund-beliebte-staedte-und-doerfer-in-den-cotswolds","status":"publish","type":"page","link":"https:\/\/www.urlaubcornwall.de\/blog\/ferienhaeuser-mit-hund-beliebte-staedte-und-doerfer-in-den-cotswolds\/","title":{"rendered":"Ferienh\u00e4user Cotswolds mit Hund  &#8211; sch\u00f6nsten St\u00e4dte und D\u00f6rfer"},"content":{"rendered":"<p style=\"text-align: center;\"><img loading=\"lazy\" class=\"aligncenter size-full wp-image-27295\" src=\"https:\/\/www.urlaubcornwall.de\/blog\/wp-content\/uploads\/2017\/03\/urlaub-broadway-cotswolds.jpg\" alt=\"ferienhaus cotswolds mit hund\" width=\"748\" height=\"407\" srcset=\"https:\/\/www.urlaubcornwall.de\/blog\/wp-content\/uploads\/2017\/03\/urlaub-broadway-cotswolds.jpg 746w, https:\/\/www.urlaubcornwall.de\/blog\/wp-content\/uploads\/2017\/03\/urlaub-broadway-cotswolds-300x164.jpg 300w\" sizes=\"(max-width: 748px) 100vw, 748px\" \/><\/p>\n<p>Bei uns finden Sie Hundefreundliche Ferienh\u00e4user zum Verlieben &#8211; so einfach ist das! &#8211; UrlaubCornwall empfiehlt Cottages, die Ihnen die gr\u00f6\u00dfte Auswahl an handverlesenen Unterk\u00fcnften f\u00fcr Selbstverpfleger in dieser wundersch\u00f6nen Region Gro\u00dfbritanniens offeriert und somit Familien und Paaren eine flexible Option f\u00fcr ihren <a href=\"https:\/\/www.urlaubcornwall.de\/reiseziel\/cotswolds.php\">Urlaub oder Tour durch den Cotswolds<\/a> bietet.<\/p>\n<div class=\"snippet\"> <a class=\"featured-item\" href=\"https:\/\/www.urlaubcornwall.de\/ferienhaeuser\/cotswolds.php\"> <span class=\"image-holder\" style=\"background-image: url(' https:\/\/www.urlaubcornwall.de\/blog\/wp-content\/uploads\/2019\/02\/ferienhaus-urlaub-cotswolds.jpg ');\"><\/span> <span class=\"featured-content\"> \n<h2 class=\"featured-title\">Ferienh\u00e4user in den Cotswolds<\/h2>\n<p class=\"featured-body\">Es gibt wohl kaum einen besseren Ort f\u00fcr entspannenden Urlaub als ein Cotswolds Cottage. Untenstehend finden Sie eine Auswahl an Ferienwohnungen in den Cotswolds. Wenn Sie bereits wissen, wo in den Cotswolds&#8230; <\/p><\/span> <span class=\"featured-link-holder\"> <span class=\"featured-extra-info\"> \n<p>F\u00fcr Paare, Familien &#038; Gruppen<\/p>\n<\/span> \n<p class=\"featured-link\">DETAILS<\/p>\n<\/span> <\/a><\/div>\n<p style=\"text-align: center;\"><a class=\"tidycta\" href=\"https:\/\/www.urlaubcornwall.de\/ferienhaeuser\/cotswolds.php\">Suche Ferienh\u00e4user<\/a><\/p>\n<p>Sie finden Cotswolds beste Urlaubsziele und Sch\u00f6ne St\u00e4dte.<\/p>\n<table width=\"747\">\n<tbody>\n<tr>\n<td width=\"138\"><strong>B<\/strong><\/td>\n<td width=\"113\"><a href=\"https:\/\/www.urlaubcornwall.de\/ferienhaeuser-fewos\/eng\/gloucestershire\/cheltenham-hundefreundlich.html\n\"><strong>Cheltenham<\/strong><\/a><\/td>\n<td width=\"122\"><strong>T<\/strong><\/td>\n<\/tr>\n<tr>\n<td><a href=\"https:\/\/www.urlaubcornwall.de\/ferienhaeuser-fewos\/eng\/gloucestershire\/bibury-hundefreundlich.html\n\"><strong>Bibury<\/strong><\/a><\/td>\n<td><strong><a href=\"https:\/\/www.urlaubcornwall.de\/ferienhaeuser-fewos\/eng\/oxfordshire\/chipping-norton-hundefreundlich.html\n\">Chipping Norton<\/a><\/strong><\/td>\n<td><strong><a href=\"https:\/\/www.urlaubcornwall.de\/ferienhaeuser-fewos\/eng\/gloucestershire\/tetbury.html\n\">Tetbury<\/a><\/strong><\/td>\n<\/tr>\n<tr>\n<td><strong><a href=\"https:\/\/www.urlaubcornwall.de\/ferienhaeuser-fewos\/eng\/gloucestershire\/bourton-on-the-water-hundefreundlich.html\n\">Bourton on the Water<\/a><\/strong><\/td>\n<td><strong>L<\/strong><\/td>\n<td><strong><a href=\"https:\/\/www.urlaubcornwall.de\/ferienhaeuser-fewos\/eng\/gloucestershire\/tewkesbury-hundefreundlich.html\n\">Tewkesbury<\/a><\/strong><\/td>\n<\/tr>\n<tr>\n<td><strong><a href=\"https:\/\/www.urlaubcornwall.de\/ferienhaeuser-fewos\/eng\/wiltshire\/bradford-on-avon-hundefreundlich.html\n\">Bradford on Avon<\/a><\/strong><\/td>\n<td><a href=\"https:\/\/www.urlaubcornwall.de\/ferienhaeuser-fewos\/eng\/gloucestershire\/lechlade-hundefreundlich.html\n\"><strong>Lechlade<\/strong><\/a><\/td>\n<td><strong>U<\/strong><\/td>\n<\/tr>\n<tr>\n<td><a href=\"https:\/\/www.urlaubcornwall.de\/ferienhaeuser-fewos\/eng\/somerset\/broadway-hundefreundlich.html\n\"><strong>Broadway<\/strong><\/a><\/td>\n<td><strong>M<\/strong><\/td>\n<td><strong><a href=\"https:\/\/www.urlaubcornwall.de\/ferienhaeuser-fewos\/eng\/gloucestershire\/lower-slaughter-hundefreundlich.html\n\">Upper Slaughter<\/a><\/strong><\/td>\n<\/tr>\n<tr>\n<td><strong>C<\/strong><\/td>\n<td><strong><a href=\"https:\/\/www.urlaubcornwall.de\/ferienhaeuser-fewos\/eng\/wiltshire\/malmesbury-hundefreundlich.html\n\">Malmesbury<\/a><\/strong><\/td>\n<td><strong>W<\/strong><\/td>\n<\/tr>\n<tr>\n<td><a href=\"https:\/\/www.urlaubcornwall.de\/ferienhaeuser-fewos\/eng\/gloucestershire\/gloucestershire.html\n\"><strong>Castle Combe<\/strong><\/a><\/td>\n<td><strong>S<\/strong><\/td>\n<td><a href=\"https:\/\/www.urlaubcornwall.de\/ferienhaeuser-fewos\/eng\/gloucestershire\/winchcombe-hundefreundlich.html\n\"><strong>Winchcombe<\/strong><\/a><\/td>\n<\/tr>\n<tr>\n<td><a href=\"https:\/\/www.urlaubcornwall.de\/ferienhaeuser-fewos\/eng\/gloucestershire\/cirencester-hundefreundlich.html\n\"><strong>Cirencester<\/strong><\/a><\/td>\n<td><strong><a href=\"https:\/\/www.urlaubcornwall.de\/ferienhaeuser-fewos\/eng\/oxfordshire\/stow-on-the-wold-hundefreundlich.html\n\">Stow on the Wold<\/a><\/strong><\/td>\n<td><a href=\"https:\/\/www.urlaubcornwall.de\/ferienhaeuser-fewos\/eng\/gloucestershire\/wotton-under-edge-hundefreundlich.html\n\"><strong>Wotton under Edge<\/strong><\/a><\/td>\n<\/tr>\n<tr>\n<td><a href=\"https:\/\/www.urlaubcornwall.de\/ferienhaeuser-fewos\/eng\/gloucestershire\/chipping-campden-hundefreundlich.html\n\"><strong>Chipping Campden<\/strong><\/a><\/td>\n<td><a href=\"https:\/\/www.urlaubcornwall.de\/ferienhaeuser-fewos\/eng\/gloucestershire\/stroud-hundefreundlich.html\n\"><strong>Stroud<\/strong><\/a><\/td>\n<td>&nbsp;<\/td>\n<\/tr>\n<\/tbody>\n<\/table>\n","protected":false},"excerpt":{"rendered":"<p>Bei uns finden Sie Hundefreundliche Ferienh\u00e4user zum Verlieben &#8211; so einfach ist das! &#8211; UrlaubCornwall empfiehlt Cottages, die Ihnen die gr\u00f6\u00dfte Auswahl an handverlesenen Unterk\u00fcnften f\u00fcr Selbstverpfleger in dieser wundersch\u00f6nen Region Gro\u00dfbritanniens offeriert und somit Familien und Paaren eine flexible Option f\u00fcr ihren Urlaub oder Tour durch den Cotswolds bietet. Ferienh\u00e4user in den Cotswolds Es [&hellip;]<\/p>\n","protected":false},"author":1,"featured_media":0,"parent":0,"menu_order":0,"comment_status":"closed","ping_status":"closed","template":"single-four.php","meta":[],"acf":[],"yoast_head":"<!-- This site is optimized with the Yoast SEO plugin v19.4 - https:\/\/yoast.com\/wordpress\/plugins\/seo\/ -->\n<title>Ferienh\u00e4user Cotswolds mit Hund - sch\u00f6nsten St\u00e4dte und D\u00f6rfer - Urlaub &amp; Reisen<\/title>\n<meta name=\"robots\" content=\"index, follow, max-snippet:-1, max-image-preview:large, max-video-preview:-1\" \/>\n<link rel=\"canonical\" href=\"https:\/\/www.urlaubcornwall.de\/blog\/ferienhaeuser-mit-hund-beliebte-staedte-und-doerfer-in-den-cotswolds\/\" \/>\n<meta property=\"og:locale\" content=\"en_US\" \/>\n<meta property=\"og:type\" content=\"article\" \/>\n<meta property=\"og:title\" content=\"Ferienh\u00e4user Cotswolds mit Hund - sch\u00f6nsten St\u00e4dte und D\u00f6rfer - Urlaub &amp; Reisen\" \/>\n<meta property=\"og:description\" content=\"Bei uns finden Sie Hundefreundliche Ferienh\u00e4user zum Verlieben &#8211; so einfach ist das! &#8211; UrlaubCornwall empfiehlt Cottages, die Ihnen die gr\u00f6\u00dfte Auswahl an handverlesenen Unterk\u00fcnften f\u00fcr Selbstverpfleger in dieser wundersch\u00f6nen Region Gro\u00dfbritanniens offeriert und somit Familien und Paaren eine flexible Option f\u00fcr ihren Urlaub oder Tour durch den Cotswolds bietet. Ferienh\u00e4user in den Cotswolds Es [&hellip;]\" \/>\n<meta property=\"og:url\" content=\"https:\/\/www.urlaubcornwall.de\/blog\/ferienhaeuser-mit-hund-beliebte-staedte-und-doerfer-in-den-cotswolds\/\" \/>\n<meta property=\"og:site_name\" content=\"Urlaub &amp; Reisen\" \/>\n<meta property=\"article:modified_time\" content=\"2024-10-29T09:43:29+00:00\" \/>\n<meta property=\"og:image\" content=\"https:\/\/www.urlaubcornwall.de\/blog\/wp-content\/uploads\/2017\/03\/urlaub-broadway-cotswolds.jpg\" \/>\n<meta name=\"twitter:card\" content=\"summary\" \/>\n<meta name=\"twitter:label1\" content=\"Est. reading time\" \/>\n\t<meta name=\"twitter:data1\" content=\"1 minute\" \/>\n<script type=\"application\/ld+json\" class=\"yoast-schema-graph\">{\"@context\":\"https:\/\/schema.org\",\"@graph\":[{\"@type\":\"WebSite\",\"@id\":\"https:\/\/www.urlaubcornwall.de\/blog\/#website\",\"url\":\"https:\/\/www.urlaubcornwall.de\/blog\/\",\"name\":\"Urlaub &amp; Reisen\",\"description\":\"Urlaub, Reisen, Cornwall und S\u00fcdengland: eine perfekte Kombination\",\"potentialAction\":[{\"@type\":\"SearchAction\",\"target\":{\"@type\":\"EntryPoint\",\"urlTemplate\":\"https:\/\/www.urlaubcornwall.de\/blog\/?s={search_term_string}\"},\"query-input\":\"required name=search_term_string\"}],\"inLanguage\":\"en-US\"},{\"@type\":\"WebPage\",\"@id\":\"https:\/\/www.urlaubcornwall.de\/blog\/ferienhaeuser-mit-hund-beliebte-staedte-und-doerfer-in-den-cotswolds\/\",\"url\":\"https:\/\/www.urlaubcornwall.de\/blog\/ferienhaeuser-mit-hund-beliebte-staedte-und-doerfer-in-den-cotswolds\/\",\"name\":\"Ferienh\u00e4user Cotswolds mit Hund - sch\u00f6nsten St\u00e4dte und D\u00f6rfer - Urlaub &amp; Reisen\",\"isPartOf\":{\"@id\":\"https:\/\/www.urlaubcornwall.de\/blog\/#website\"},\"datePublished\":\"2018-04-26T10:05:32+00:00\",\"dateModified\":\"2024-10-29T09:43:29+00:00\",\"breadcrumb\":{\"@id\":\"https:\/\/www.urlaubcornwall.de\/blog\/ferienhaeuser-mit-hund-beliebte-staedte-und-doerfer-in-den-cotswolds\/#breadcrumb\"},\"inLanguage\":\"en-US\",\"potentialAction\":[{\"@type\":\"ReadAction\",\"target\":[\"https:\/\/www.urlaubcornwall.de\/blog\/ferienhaeuser-mit-hund-beliebte-staedte-und-doerfer-in-den-cotswolds\/\"]}]},{\"@type\":\"BreadcrumbList\",\"@id\":\"https:\/\/www.urlaubcornwall.de\/blog\/ferienhaeuser-mit-hund-beliebte-staedte-und-doerfer-in-den-cotswolds\/#breadcrumb\",\"itemListElement\":[{\"@type\":\"ListItem\",\"position\":1,\"name\":\"Home\",\"item\":\"https:\/\/www.urlaubcornwall.de\/blog\/\"},{\"@type\":\"ListItem\",\"position\":2,\"name\":\"Ferienh\u00e4user Cotswolds mit Hund &#8211; sch\u00f6nsten St\u00e4dte und D\u00f6rfer\"}]}]}<\/script>\n<!-- \/ Yoast SEO plugin. -->","yoast_head_json":{"title":"Ferienh\u00e4user Cotswolds mit Hund - sch\u00f6nsten St\u00e4dte und D\u00f6rfer - Urlaub &amp; Reisen","robots":{"index":"index","follow":"follow","max-snippet":"max-snippet:-1","max-image-preview":"max-image-preview:large","max-video-preview":"max-video-preview:-1"},"canonical":"https:\/\/www.urlaubcornwall.de\/blog\/ferienhaeuser-mit-hund-beliebte-staedte-und-doerfer-in-den-cotswolds\/","og_locale":"en_US","og_type":"article","og_title":"Ferienh\u00e4user Cotswolds mit Hund - sch\u00f6nsten St\u00e4dte und D\u00f6rfer - Urlaub &amp; Reisen","og_description":"Bei uns finden Sie Hundefreundliche Ferienh\u00e4user zum Verlieben &#8211; so einfach ist das! &#8211; UrlaubCornwall empfiehlt Cottages, die Ihnen die gr\u00f6\u00dfte Auswahl an handverlesenen Unterk\u00fcnften f\u00fcr Selbstverpfleger in dieser wundersch\u00f6nen Region Gro\u00dfbritanniens offeriert und somit Familien und Paaren eine flexible Option f\u00fcr ihren Urlaub oder Tour durch den Cotswolds bietet. Ferienh\u00e4user in den Cotswolds Es [&hellip;]","og_url":"https:\/\/www.urlaubcornwall.de\/blog\/ferienhaeuser-mit-hund-beliebte-staedte-und-doerfer-in-den-cotswolds\/","og_site_name":"Urlaub &amp; Reisen","article_modified_time":"2024-10-29T09:43:29+00:00","og_image":[{"url":"https:\/\/www.urlaubcornwall.de\/blog\/wp-content\/uploads\/2017\/03\/urlaub-broadway-cotswolds.jpg"}],"twitter_card":"summary","twitter_misc":{"Est. reading time":"1 minute"},"schema":{"@context":"https:\/\/schema.org","@graph":[{"@type":"WebSite","@id":"https:\/\/www.urlaubcornwall.de\/blog\/#website","url":"https:\/\/www.urlaubcornwall.de\/blog\/","name":"Urlaub &amp; Reisen","description":"Urlaub, Reisen, Cornwall und S\u00fcdengland: eine perfekte Kombination","potentialAction":[{"@type":"SearchAction","target":{"@type":"EntryPoint","urlTemplate":"https:\/\/www.urlaubcornwall.de\/blog\/?s={search_term_string}"},"query-input":"required name=search_term_string"}],"inLanguage":"en-US"},{"@type":"WebPage","@id":"https:\/\/www.urlaubcornwall.de\/blog\/ferienhaeuser-mit-hund-beliebte-staedte-und-doerfer-in-den-cotswolds\/","url":"https:\/\/www.urlaubcornwall.de\/blog\/ferienhaeuser-mit-hund-beliebte-staedte-und-doerfer-in-den-cotswolds\/","name":"Ferienh\u00e4user Cotswolds mit Hund - sch\u00f6nsten St\u00e4dte und D\u00f6rfer - Urlaub &amp; Reisen","isPartOf":{"@id":"https:\/\/www.urlaubcornwall.de\/blog\/#website"},"datePublished":"2018-04-26T10:05:32+00:00","dateModified":"2024-10-29T09:43:29+00:00","breadcrumb":{"@id":"https:\/\/www.urlaubcornwall.de\/blog\/ferienhaeuser-mit-hund-beliebte-staedte-und-doerfer-in-den-cotswolds\/#breadcrumb"},"inLanguage":"en-US","potentialAction":[{"@type":"ReadAction","target":["https:\/\/www.urlaubcornwall.de\/blog\/ferienhaeuser-mit-hund-beliebte-staedte-und-doerfer-in-den-cotswolds\/"]}]},{"@type":"BreadcrumbList","@id":"https:\/\/www.urlaubcornwall.de\/blog\/ferienhaeuser-mit-hund-beliebte-staedte-und-doerfer-in-den-cotswolds\/#breadcrumb","itemListElement":[{"@type":"ListItem","position":1,"name":"Home","item":"https:\/\/www.urlaubcornwall.de\/blog\/"},{"@type":"ListItem","position":2,"name":"Ferienh\u00e4user Cotswolds mit Hund &#8211; sch\u00f6nsten St\u00e4dte und D\u00f6rfer"}]}]}},"_links":{"self":[{"href":"https:\/\/www.urlaubcornwall.de\/blog\/wp-json\/wp\/v2\/pages\/33669"}],"collection":[{"href":"https:\/\/www.urlaubcornwall.de\/blog\/wp-json\/wp\/v2\/pages"}],"about":[{"href":"https:\/\/www.urlaubcornwall.de\/blog\/wp-json\/wp\/v2\/types\/page"}],"author":[{"embeddable":true,"href":"https:\/\/www.urlaubcornwall.de\/blog\/wp-json\/wp\/v2\/users\/1"}],"replies":[{"embeddable":true,"href":"https:\/\/www.urlaubcornwall.de\/blog\/wp-json\/wp\/v2\/comments?post=33669"}],"version-history":[{"count":12,"href":"https:\/\/www.urlaubcornwall.de\/blog\/wp-json\/wp\/v2\/pages\/33669\/revisions"}],"predecessor-version":[{"id":51749,"href":"https:\/\/www.urlaubcornwall.de\/blog\/wp-json\/wp\/v2\/pages\/33669\/revisions\/51749"}],"wp:attachment":[{"href":"https:\/\/www.urlaubcornwall.de\/blog\/wp-json\/wp\/v2\/media?parent=33669"}],"curies":[{"name":"wp","href":"https:\/\/api.w.org\/{rel}","templated":true}]}}