{"id":33646,"date":"2018-04-24T12:54:35","date_gmt":"2018-04-24T12:54:35","guid":{"rendered":"https:\/\/www.urlaubcornwall.de\/blog\/?page_id=33646"},"modified":"2024-05-30T13:55:35","modified_gmt":"2024-05-30T13:55:35","slug":"schoensten-straende-an-der-suedkueste-cornwall","status":"publish","type":"page","link":"https:\/\/www.urlaubcornwall.de\/blog\/schoensten-straende-an-der-suedkueste-cornwall\/","title":{"rendered":"Sch\u00f6nsten Str\u00e4nde an der S\u00fcdk\u00fcste Cornwall"},"content":{"rendered":"<p><a href=\"https:\/\/www.urlaubcornwall.de\/reiseziel\/suedwestengland.php\">S\u00fcdwestengland<\/a> hat einige der spektakul\u00e4rsten K\u00fcstenlandschaften und Str\u00e4nde in Gro\u00dfbritannien. UrlaubCornwall.de verf\u00fcgt \u00fcber <a href=\"https:\/\/www.urlaubcornwall.de\/ferienhaeuser-fewos\/am-meer-cornwall.html\">400 Ferienh\u00e4user <\/a>im Umkreis von 1,5 km des Meeres und der Str\u00e4nde von Cornwall.<\/p>\n<p><a href=\"https:\/\/www.urlaubcornwall.de\/ferienhaeuser-fewos\/helford-am-meer.html\"><strong>Helford Passage Beach, Falmouth<\/strong><\/a><\/p>\n<p><img loading=\"lazy\" class=\"aligncenter size-full wp-image-33649\" src=\"https:\/\/www.urlaubcornwall.de\/blog\/wp-content\/uploads\/2018\/04\/helford-urlaub.jpg\" alt=\"Helford Passage strand Falmouth\" width=\"749\" height=\"460\"\/><\/p>\n<p>Am Ufer der malerischen Helford Flussm\u00fcndung gelegen, ist dies ein beliebter Ort, um ein Boot zu mieten und den <a href=\"https:\/\/www.urlaubcornwall.de\/ferienhaeuser-fewos\/helford.html\">Fluss Helford<\/a> zu erkunden, einschlie\u00dflich der ber\u00fchmten Frenchmans Creek. Es ist m\u00f6glich, hier zu schwimmen, doch achten Sie bitte auf kleine Boote und Jachten. Der S\u00fcdwestk\u00fcstenpfad verl\u00e4uft in der N\u00e4he, und es gibt einen herrlichen Spazierweg entlang der Flussm\u00fcndung nach <a href=\"https:\/\/www.urlaubcornwall.de\/ferienhaeuser-fewos\/gweek.html\">Gweek<\/a>.<\/p>\n<p>Hunde sind das ganze Jahr \u00fcber am Strand erlaubt.<\/p>\n<p><a href=\"https:\/\/www.urlaubcornwall.de\/ferienhaeuser-fewos\/falmouth-am-meer.html\"><strong>Maenporth, Falmouth<\/strong><\/a><\/p>\n<p><a href=\"https:\/\/www.urlaubcornwall.de\/blog\/wp-content\/uploads\/2024\/05\/Maenporth-Beach-Tim-Green-Flickr-1.jpg\"><img loading=\"lazy\" src=\"https:\/\/www.urlaubcornwall.de\/blog\/wp-content\/uploads\/2024\/05\/Maenporth-Beach-Tim-Green-Flickr-1.jpg\" alt=\"Maenporth-Beach\" width=\"750\" height=\"501\" class=\"alignnone size-full wp-image-50834\" srcset=\"https:\/\/www.urlaubcornwall.de\/blog\/wp-content\/uploads\/2024\/05\/Maenporth-Beach-Tim-Green-Flickr-1.jpg 750w, https:\/\/www.urlaubcornwall.de\/blog\/wp-content\/uploads\/2024\/05\/Maenporth-Beach-Tim-Green-Flickr-1-300x200.jpg 300w\" sizes=\"(max-width: 750px) 100vw, 750px\" \/><\/a><br \/>\nimage credit Tim-Green-Flickr<\/p>\n<p>Der sanft absch\u00fcssige Strand bei <a href=\"https:\/\/www.urlaubcornwall.de\/ferienhaeuser-fewos\/maenporth.html\">Maenporth<\/a> mit seinem niederen Gew\u00e4sser eignet sich gro\u00dfartig f\u00fcr Kinder. Er befindet sich 3,2km s\u00fcdwestlich von Falmouth mit Blick \u00fcber die Bucht Falmouth Richtung Pendennis Castle und St Anthonys Head Leuchtturm.<\/p>\n<p>Hunde sind am Strand willkommen, nicht jedoch zwischen Ostersonntag und dem 30. September, wenn ein saisonales Hundeverbot besteht.<\/p>\n<p><a href=\"https:\/\/www.urlaubcornwall.de\/ferienhaeuser-fewos\/falmouth-am-meer.html\"><strong>Swanpool Beach, Falmouth<\/strong><\/a><\/p>\n<p>Swanpool ist eine sandige Bucht im Au\u00dfenbezirk von <a href=\"https:\/\/www.urlaubcornwall.de\/ferienhaeuser-fewos\/falmouth.html\">Falmouth<\/a> und hat der gesamten Familie etwas zu bieten, vom Schwimmen, Kajak fahren und Coasteering bis hin zum Windsurfen. Es gibt sogar einen 18 Loch Minigolfplatz.<\/p>\n<p>Hunde sind am Strand erlaubt, nicht jedoch zwischen Ostersonntag und dem 30. September, wenn ein saisonales Hundeverbot besteht.<\/p>\n<p><a href=\"https:\/\/www.urlaubcornwall.de\/ferienhaeuser-fewos\/falmouth-am-meer.html\"><strong>Gyllyngvase Beach, Falmouth<\/strong><\/a><\/p>\n<p><img loading=\"lazy\" class=\"aligncenter size-full wp-image-32668\" src=\"https:\/\/www.urlaubcornwall.de\/blog\/wp-content\/uploads\/2018\/02\/gylly-beach-daisies.jpg\" alt=\"falmouth stand gyllyngvase\" width=\"749\" height=\"393\"\/><\/p>\n<p>Gylly Beach befindet sich einen 10 min\u00fctigen Spaziergang vom <a href=\"https:\/\/www.urlaubcornwall.de\/ferienhaeuser-fewos\/falmouth.html\">Stadtzentrum Falmouths<\/a> entfernt; dieser familienfreundliche Strand hat jede Menge Felspools, die bei Ebbe erkundet werden k\u00f6nnen. Dieser blau beflaggte Strand ist der gr\u00f6\u00dfte in Falmouth und herrlich geeignet f\u00fcr Wassersportarten und zum Schwimmen.<\/p>\n<p>Hunde sind am Strand willkommen, nicht jedoch zwischen Ostersonntag und dem 30. September, wenn ein saisonales Hundeverbot besteht.<\/p>\n<p><a href=\"https:\/\/www.urlaubcornwall.de\/ferienhaeuser-fewos\/roseland-halbinsel-am-meer.html\"><strong>Towan Beach, Roseland Peninsula<\/strong><\/a><\/p>\n<p>Towan Beach ist ein ruhiger Strand bei St Mawes auf der Roseland Halbinsel; es ist ein Sand- und Kieselstrand mit Felspools bei Ebbe.<\/p>\n<p>Hunde sind das ganze Jahr \u00fcber am Strand erlaubt.<\/p>\n<p><a href=\"https:\/\/www.urlaubcornwall.de\/ferienhaeuser-fewos\/roseland-halbinsel-am-meer.html\"><strong>Porthcurnick, Roseland Halbinsel<\/strong><\/a><\/p>\n<p><a href=\"https:\/\/www.urlaubcornwall.de\/blog\/wp-content\/uploads\/2024\/05\/portscatho_new.jpg\"><img loading=\"lazy\" src=\"https:\/\/www.urlaubcornwall.de\/blog\/wp-content\/uploads\/2024\/05\/portscatho_new.jpg\" alt=\"portscatho\" width=\"750\" height=\"595\" class=\"alignnone size-full wp-image-50794\" srcset=\"https:\/\/www.urlaubcornwall.de\/blog\/wp-content\/uploads\/2024\/05\/portscatho_new.jpg 750w, https:\/\/www.urlaubcornwall.de\/blog\/wp-content\/uploads\/2024\/05\/portscatho_new-300x238.jpg 300w\" sizes=\"(max-width: 750px) 100vw, 750px\" \/><\/a><\/p>\n<p>Diese wundersch\u00f6ne Sandbucht bei Portscatho auf der <a href=\"https:\/\/www.urlaubcornwall.de\/ferienhaeuser-fewos\/roseland-halbinsel.html\">Roseland Halbinsel<\/a> befindet sich im Besitz des National Trust. Es gibt jede Menge Felspools zu erkunden, doch Schwimmer sollten sich in Acht nehmen vor den starken Str\u00f6mungen.<\/p>\n<p>Hunde sind das ganze Jahr \u00fcber am Strand erlaubt.<\/p>\n<p><a href=\"https:\/\/www.urlaubcornwall.de\/ferienhaeuser-fewos\/roseland-halbinsel-am-meer.html\"><strong>Carne Beach, Roseland Halbinsel<\/strong><\/a><\/p>\n<p>Dieser gesch\u00fctzte Sandstrand der Gerrans Bay befindet sich im Besitz des und wird gemanagt vom National Trust. Dieses Gebiet ist bei Wanderern beliebt. Das The Nare Hotel bietet Blick \u00fcber den Strand hinweg.<\/p>\n<p>Hunde sind das ganze Jahr \u00fcber am Strand erlaubt.<\/p>\n<p><a href=\"https:\/\/www.urlaubcornwall.de\/ferienhaeuser-fewos\/mevagissey-am-meer.html\"><strong>Porthluney Cove Beach, Caerhays, Mevagissey<\/strong><\/a><\/p>\n<p>Porthluney Cove befindet sich in Privatbesitz, ist ein abgeschiedener Familienstrand, der bei den Einheimischen beliebt ist. Die weite Sandausdehnung befindet sich direkt vor Caerhays Castle und G\u00e4rten.<\/p>\n<p>Hunde sind das ganze Jahr \u00fcber am Strand erlaubt, sollten jedoch von Juni bis September angeleint sein.<\/p>\n<p><a href=\"https:\/\/www.urlaubcornwall.de\/ferienhaeuser-fewos\/gorran-haven-am-meer.html\"><strong>Gorran Haven Beach, Gorran Haven, St Austell<\/strong><\/a><\/p>\n<p><a href=\"https:\/\/www.urlaubcornwall.de\/blog\/wp-content\/uploads\/2016\/03\/gorran-haven-strand.jpg\"><img loading=\"lazy\" src=\"https:\/\/www.urlaubcornwall.de\/blog\/wp-content\/uploads\/2016\/03\/gorran-haven-strand.jpg\" alt=\"gorran haven strand\" width=\"744\" height=\"387\" class=\"alignnone size-full wp-image-23393\" srcset=\"https:\/\/www.urlaubcornwall.de\/blog\/wp-content\/uploads\/2016\/03\/gorran-haven-strand.jpg 744w, https:\/\/www.urlaubcornwall.de\/blog\/wp-content\/uploads\/2016\/03\/gorran-haven-strand-300x156.jpg 300w\" sizes=\"(max-width: 744px) 100vw, 744px\" \/><\/a><\/p>\n<p>Dieser gesch\u00fctzte Sandstrand ist bei Familien beliebt zum Schwimmen und Kajak fahren. Die Annehmlichkeiten des Dorfes befinden sich in unmittelbarer N\u00e4he, und es ist ein beliebter Rastplatz auf dem S\u00fcdwestk\u00fcstenpfad.<\/p>\n<p>Hunde sind das ganze Jahr \u00fcber am Strand erlaubt, sollten jedoch angeleint sein.<\/p>\n<p><a href=\"https:\/\/www.urlaubcornwall.de\/ferienhaeuser-fewos\/mevagissey-am-meer.html\"><strong>Pentewan Beach, Mevagissey<\/strong><\/a><\/p>\n<p><img loading=\"lazy\" class=\"aligncenter size-full wp-image-33651\" src=\"https:\/\/www.urlaubcornwall.de\/blog\/wp-content\/uploads\/2018\/04\/Pentewan-Beach-by-Jayne-Hayward-via-ILC.jpg\" alt=\"Pentewan Beach \" width=\"749\" height=\"439\" srcset=\"https:\/\/www.urlaubcornwall.de\/blog\/wp-content\/uploads\/2018\/04\/Pentewan-Beach-by-Jayne-Hayward-via-ILC.jpg 749w, https:\/\/www.urlaubcornwall.de\/blog\/wp-content\/uploads\/2018\/04\/Pentewan-Beach-by-Jayne-Hayward-via-ILC-300x176.jpg 300w\" sizes=\"(max-width: 749px) 100vw, 749px\" \/><br \/>\nimage credit Jayne-Hayward-via-ILC<\/p>\n<p>Dieser gro\u00dfe Sandstrand ist hervorragend geeignet zum Schwimmen und f\u00fcr s\u00e4mtliche Wassersportarten; Kanus und Schlauchboote k\u00f6nnen gemietet werden, Jet Skis jedoch sind nicht gestattet.<\/p>\n<p>Hunde sind an diesem Strand lediglich vom 1. Sonntag im November bis zum 1. Februar erlaubt. Der Strand befindet sich in Privatbesitz, daher k\u00f6nnen die Besitzer dies jederzeit \u00e4ndern.<\/p>\n<p><a href=\"https:\/\/www.urlaubcornwall.de\/ferienhaeuser-fewos\/st-austell-am-meer.html\"><strong>Porthpean Beach, St Austell<\/strong><\/a><\/p>\n<p>In der N\u00e4he der <a href=\"https:\/\/www.urlaubcornwall.de\/ferienhaeuser-fewos\/charlestown.html\">historischen Stadt Charlestown<\/a>, ist der Porthpean Beach ein Sandstrand, der bei Familien zum Schwimmen und f\u00fcr Strandspiele beliebt ist.<\/p>\n<p>Hunde sind am Strand willkommen, nicht jedoch zwischen Ostersonntag und dem 30. September, wenn ein saisonales Hundeverbot besteht.<\/p>\n<p>6,5km von St Austell entfernt, ist Par Sands eine gro\u00dfe Ausdehnung an Sand mit D\u00fcnen im Hintergrund. Er ist gro\u00dfartig f\u00fcr Familien geeignet.<\/p>\n<p>Hunde sind das ganze Jahr \u00fcber am Strand erlaubt.<\/p>\n<p><a href=\"https:\/\/www.urlaubcornwall.de\/ferienhaeuser-fewos\/fowey-am-meer.html\"><strong>Polkerris Beach, Fowey<\/strong><\/a><\/p>\n<p>Polkerris ist ein kleines Dorf mit Blick \u00fcber die St Austell Bay, 3,2km westlich von Fowey. Dieser Sandstrand eignet sich mit seinen gro\u00dfartigen M\u00f6glichkeiten perfekt f\u00fcr Familien und ist zudem ein herrlicher Ort, um wundersch\u00f6ne Sonnenunterg\u00e4nge zu sehen.<\/p>\n<p>Hunde sind am Strand willkommen, nicht jedoch zwischen Ostersonntag und dem 30. September, wenn ein saisonales Hundeverbot besteht.<\/p>\n<p><a href=\"https:\/\/www.urlaubcornwall.de\/ferienhaeuser-fewos\/fowey-am-meer.html\"><strong>Polridmouth Cove, Fowey<\/strong><\/a><\/p>\n<p>Direkt westlich des Dorfes Fowey gelegen, erreichen Sie Polridmouth Cove \u00fcber einen h\u00f6lzernen Pfad, der sich ungef\u00e4hr einen 15 min\u00fctigen Spaziergang vom Parkplatz aus befindet. Die Bucht ist gesch\u00fctzt und zum Schwimmen relativ sicher.<\/p>\n<p>Hunde sind das ganze Jahr \u00fcber am Strand erlaubt.<\/p>\n<p><a href=\"https:\/\/www.urlaubcornwall.de\/ferienhaeuser-fewos\/polperro-am-meer.html\"><strong>Lantic Bay, Polperro<\/strong><\/a><\/p>\n<p><a href=\"https:\/\/www.urlaubcornwall.de\/blog\/wp-content\/uploads\/2021\/08\/lantic-Bay_rame_halbinsel_edit.jpg\"><img loading=\"lazy\" src=\"https:\/\/www.urlaubcornwall.de\/blog\/wp-content\/uploads\/2021\/08\/lantic-Bay_rame_halbinsel_edit.jpg\" alt=\"lantic Bay_rame_halbinsel_edit\" width=\"747\" height=\"545\" class=\"alignnone size-full wp-image-42244\" srcset=\"https:\/\/www.urlaubcornwall.de\/blog\/wp-content\/uploads\/2021\/08\/lantic-Bay_rame_halbinsel_edit.jpg 747w, https:\/\/www.urlaubcornwall.de\/blog\/wp-content\/uploads\/2021\/08\/lantic-Bay_rame_halbinsel_edit-300x219.jpg 300w\" sizes=\"(max-width: 747px) 100vw, 747px\" \/><\/a><\/p>\n<p>Lantic Bay ist eine wundersch\u00f6ne Bucht mit einem gro\u00dfen Kieselstrand, der vom National Trust Parkplatz aus mit einem 20 min\u00fctigen steilen Spaziergang erreicht wird. Es ist des Spaziergangs wert, diesen ruhigen Strand am atemberaubenden K\u00fcstenabschnitt zwischen Fowey und Polperro zu erreichen. Lantic Bay befindet sich im Besitz und unter dem Management des National Trust.<\/p>\n<p>Hunde sind das ganze Jahr \u00fcber am Strand erlaubt.<\/p>\n<p><a href=\"https:\/\/www.urlaubcornwall.de\/ferienhaeuser-fewos\/polperro-am-meer.html\"><strong>Talland Bay Beach, Polperro<\/strong><\/a><\/p>\n<p>Auf halber Strecke zwischen Looe und Polperro gelegen, befinden sich die abgeschiedenen Zwillingsbuchten der Talland Bay. Dieses Gebiet der cornischen K\u00fcste ist sehr naturbelassen und ein Gebiet hervorragender Natursch\u00f6nheit. Bei Ebbe gibt es jede Menge Felspools, und er eignet sich sowohl bei Ebbe als auch bei Flut gut zum Schwimmen.<\/p>\n<p>Hunde sind das ganze Jahr \u00fcber am Strand erlaubt.<\/p>\n<p><a href=\"https:\/\/www.urlaubcornwall.de\/ferienhaeuser-fewos\/looe-am-meer.html\"><strong>Hannafore Beach, Looe<\/strong><\/a><\/p>\n<p>Der Hannafore Beach erstreckt sich vom Hannafore Point bis in die Vororte von Looe. Es ist ein ruhiger, \u00fcberwiegend Kieselstrand, der bei Ebbe einige fantastische Felspools hat. Da er nach S\u00fcdosten hin gelegen ist, ist er auch gro\u00dfartig zum sich Sonnen. Hannafore Beach ist bei Hundespazierg\u00e4ngern beliebt, da er einer der wenigen hundefreundlichen Str\u00e4nde um Looe herum ist.<\/p>\n<p>Hunde sind das ganze Jahr \u00fcber am Strand erlaubt.<\/p>\n<p><a href=\"https:\/\/www.urlaubcornwall.de\/ferienhaeuser-fewos\/looe-am-meer.html\"><strong>East Looe Beach, Looe<\/strong><\/a><\/p>\n<p>East Looe Beach befindet sich nahe dem Zentrum von Looe und ist ein traditioneller sandiger Familienstrand, der bei Urlaubern beliebt ist. Dieser sanft absteigende Strand eignet sich perfekt zum Schwimmen, und das Krabbenfangen vom Pier aus ist eine beliebte Freizeitbesch\u00e4ftigung. Viele Bootsfahrten gehen von der Stadt aus, und es gibt f\u00fcr die gesamte Familie ein reichhaltiges Angebot.<\/p>\n<p>Hunde sind das ganze Jahr \u00fcber am Strand nicht gestattet.<\/p>\n<p><a href=\"https:\/\/www.urlaubcornwall.de\/ferienhaeuser-fewos\/looe-am-meer.html\"><strong>Portwrinkle Beach, Looe<\/strong><\/a><\/p>\n<p><a href=\"https:\/\/www.urlaubcornwall.de\/ferienhaeuser-fewos\/portwrinkle.html\">Portwrinkle Beach<\/a> befindet sich an der S\u00fcdk\u00fcste von Cornwall zwischen Saltash und Looe. Dieses ehemalige Fischerdorf liegt in einer ruhigen Ecke von Cornwall. Die 2 Str\u00e4nde von Portwrinkle erreichen Sie \u00fcber einen steilen Pfad, und sie sind bei Familien und erfahrenen Surfern beliebt.<\/p>\n<p>Hunde sind am Strand erlaubt, nicht jedoch zwischen Ostersonntag und dem 30. September, wenn ein saisonales Hundeverbot besteht.<\/p>\n<p><a href=\"https:\/\/www.urlaubcornwall.de\/ferienhaeuser-fewos\/am-meer-cornwall.html\"><strong>Whitsand Bay Beach, Rame Peninsula<\/strong><\/a><\/p>\n<p>An der Whitsand Bay, die sich von Rame Head nach Portwrinkle erstreckt, gibt es 4,8km herrlichen Strand. Der golden Sandstrand gilt als einer von Cornwalls verborgenen Juwelen und hat im Hintergrund steile Klippen, die eine atemberaubende Szenerie schaffen. Zugang zum Strand erhalten Sie \u00fcber steile Pfade und Stufen und dies kann recht schwierig sein. Das Schwimmen ist hier gef\u00e4hrlich, doch der Strand ist bei Surfern beliebt und eignet sich hervorragend f\u00fcr Wanderer und Jogger.<\/p>\n<p>Hunde sind das ganze Jahr \u00fcber am Strand erlaubt.<\/p>\n<p><a href=\"https:\/\/www.urlaubcornwall.de\/ferienhaeuser-fewos\/kingsand-am-meer.html\"><strong>Kingsand Beach, Rame Peninsula<\/strong><\/a><\/p>\n<p><img loading=\"lazy\" class=\"aligncenter size-full wp-image-33661\" src=\"https:\/\/www.urlaubcornwall.de\/blog\/wp-content\/uploads\/2018\/04\/Kingsand-Beach.jpg\" alt=\"Kingsand Beach\" width=\"746\" height=\"431\" srcset=\"https:\/\/www.urlaubcornwall.de\/blog\/wp-content\/uploads\/2018\/04\/Kingsand-Beach.jpg 746w, https:\/\/www.urlaubcornwall.de\/blog\/wp-content\/uploads\/2018\/04\/Kingsand-Beach-300x173.jpg 300w\" sizes=\"(max-width: 746px) 100vw, 746px\" \/><\/p>\n<p>In einer abgeschiedenen Ecke von S\u00fcdost- Cornwall, ist Kingsand ein kleines Fischerdorf auf der Rame Halbinsel. Der Strand besteht haupts\u00e4chlich aus Sand und Kieseln und liegt nach Osten hin ausgerichtet mit gro\u00dfartigem Blick auf Plymouth Sound. Das Dorf Kingsand ist das Zuhause des ikonischen Glockenturms am Ufer mit Blick \u00fcber den Strand.<\/p>\n<p>Hunde sind das ganze Jahr \u00fcber am Strand erlaubt.<\/p>\n<p><a href=\"https:\/\/www.urlaubcornwall.de\/ferienhaeuser-fewos\/kingsand-am-meer.html\"><strong>Cawsand Beach, Rame Peninsula<\/strong><\/a><\/p>\n<p>Cawsand Beach in seiner gesch\u00fctzten Lage, ist bei Familien besonders beliebt. Der Strand besteht aus Sand und Kieseln und soll ein sicherer Ort zum Schwimmen sein. Mit Blick \u00fcber Plymouth Sound gibt es im Sommer auch eine Passagierf\u00e4hre von Cawsand nach Plymouth.<\/p>\n<p>Hunde sind am Strand erlaubt, nicht jedoch zwischen Ostersonntag und dem 30. September, wenn ein saisonales Hundeverbot besteht.<\/p>\n<div class=\"snippet\"> <a class=\"featured-item\" href=\"https:\/\/www.urlaubcornwall.de\/ferienhaeuser\/cornwall.php\"> <span class=\"image-holder\" style=\"background-image: url('https:\/\/www.urlaubcornwall.de\/blog\/wp-content\/uploads\/2018\/12\/familienurlaub-corwnall-snippet.jpg');\"><\/span> <span class=\"featured-content\"> \n<h2 class=\"featured-title\">Ferienh\u00e4user in Cornwall am Strand<\/h2>\n<p class=\"featured-body\">Cornwall besitzt mehr K\u00fcstenlinien als jede andere Grafschaft und bietet einige der besten Str\u00e4nde, K\u00fcstenwanderwege und Klippenlandschaften, die man \u00fcberhaupt finden kann&#8230; <\/p><\/span> <span class=\"featured-link-holder\"> <span class=\"featured-extra-info\"> \n<p>F\u00fcr Paare, Familien &#038; Gruppen<\/p>\n<\/span> \n<p class=\"featured-link\">DETAILS<\/p>\n<\/span> <\/a><\/div>\n<div class=\"snippet\"> <a class=\"featured-item\" href=\" https:\/\/www.urlaubcornwall.de\/rundreisen\/cornwall-suedengland.php\"> <span class=\"image-holder\" style=\"background-image: url(' https:\/\/www.urlaubcornwall.de\/blog\/wp-content\/uploads\/2018\/11\/rundreise-cornwall.jpg ');\"><\/span> <span class=\"featured-content\"> \n<h2 class=\"featured-title\">Individuelle Rundreise in Cornwall &#038; S\u00fcdengland<\/h2>\n<p class=\"featured-body\"> Bei dieser Cornwall Rundreise entdecken Sie die H\u00f6hepunkte S\u00fcdenglands. Kultur, Geschichte, Landschaft und heutiges Leben werden Sie hierbei kennenlernen&#8230;<\/p>\n<\/span> <span class=\"featured-link-holder\"> <span class=\"featured-extra-info\"> \n<p>F\u00fcr Paare, Familien &#038; Gruppen<\/p>\n<\/span> \n<p class=\"featured-link\">DETAILS<\/p>\n<\/span> <\/a><\/div>\n<p style=\"text-align: right;\">Images \u00a9 Visit Cornwall\/Adam Gibbard\/Matt Jessop<\/p>\n","protected":false},"excerpt":{"rendered":"<p>S\u00fcdwestengland hat einige der spektakul\u00e4rsten K\u00fcstenlandschaften und Str\u00e4nde in Gro\u00dfbritannien. UrlaubCornwall.de verf\u00fcgt \u00fcber 400 Ferienh\u00e4user im Umkreis von 1,5 km des Meeres und der Str\u00e4nde von Cornwall. Helford Passage Beach, Falmouth Am Ufer der malerischen Helford Flussm\u00fcndung gelegen, ist dies ein beliebter Ort, um ein Boot zu mieten und den Fluss Helford zu erkunden, einschlie\u00dflich [&hellip;]<\/p>\n","protected":false},"author":1,"featured_media":0,"parent":0,"menu_order":0,"comment_status":"closed","ping_status":"closed","template":"single-four.php","meta":[],"acf":[],"yoast_head":"<!-- This site is optimized with the Yoast SEO plugin v19.4 - https:\/\/yoast.com\/wordpress\/plugins\/seo\/ -->\n<title>Sch\u00f6nsten Str\u00e4nde an der S\u00fcdk\u00fcste Cornwall - Urlaub &amp; Reisen<\/title>\n<meta name=\"robots\" content=\"index, follow, max-snippet:-1, max-image-preview:large, max-video-preview:-1\" \/>\n<link rel=\"canonical\" href=\"https:\/\/www.urlaubcornwall.de\/blog\/schoensten-straende-an-der-suedkueste-cornwall\/\" \/>\n<meta property=\"og:locale\" content=\"en_US\" \/>\n<meta property=\"og:type\" content=\"article\" \/>\n<meta property=\"og:title\" content=\"Sch\u00f6nsten Str\u00e4nde an der S\u00fcdk\u00fcste Cornwall - Urlaub &amp; Reisen\" \/>\n<meta property=\"og:description\" content=\"S\u00fcdwestengland hat einige der spektakul\u00e4rsten K\u00fcstenlandschaften und Str\u00e4nde in Gro\u00dfbritannien. UrlaubCornwall.de verf\u00fcgt \u00fcber 400 Ferienh\u00e4user im Umkreis von 1,5 km des Meeres und der Str\u00e4nde von Cornwall. Helford Passage Beach, Falmouth Am Ufer der malerischen Helford Flussm\u00fcndung gelegen, ist dies ein beliebter Ort, um ein Boot zu mieten und den Fluss Helford zu erkunden, einschlie\u00dflich [&hellip;]\" \/>\n<meta property=\"og:url\" content=\"https:\/\/www.urlaubcornwall.de\/blog\/schoensten-straende-an-der-suedkueste-cornwall\/\" \/>\n<meta property=\"og:site_name\" content=\"Urlaub &amp; Reisen\" \/>\n<meta property=\"article:modified_time\" content=\"2024-05-30T13:55:35+00:00\" \/>\n<meta property=\"og:image\" content=\"https:\/\/www.urlaubcornwall.de\/blog\/wp-content\/uploads\/2018\/04\/helford-urlaub.jpg\" \/>\n<meta name=\"twitter:card\" content=\"summary\" \/>\n<meta name=\"twitter:label1\" content=\"Est. reading time\" \/>\n\t<meta name=\"twitter:data1\" content=\"8 minutes\" \/>\n<script type=\"application\/ld+json\" class=\"yoast-schema-graph\">{\"@context\":\"https:\/\/schema.org\",\"@graph\":[{\"@type\":\"WebSite\",\"@id\":\"https:\/\/www.urlaubcornwall.de\/blog\/#website\",\"url\":\"https:\/\/www.urlaubcornwall.de\/blog\/\",\"name\":\"Urlaub &amp; Reisen\",\"description\":\"Urlaub, Reisen, Cornwall und S\u00fcdengland: eine perfekte Kombination\",\"potentialAction\":[{\"@type\":\"SearchAction\",\"target\":{\"@type\":\"EntryPoint\",\"urlTemplate\":\"https:\/\/www.urlaubcornwall.de\/blog\/?s={search_term_string}\"},\"query-input\":\"required name=search_term_string\"}],\"inLanguage\":\"en-US\"},{\"@type\":\"WebPage\",\"@id\":\"https:\/\/www.urlaubcornwall.de\/blog\/schoensten-straende-an-der-suedkueste-cornwall\/\",\"url\":\"https:\/\/www.urlaubcornwall.de\/blog\/schoensten-straende-an-der-suedkueste-cornwall\/\",\"name\":\"Sch\u00f6nsten Str\u00e4nde an der S\u00fcdk\u00fcste Cornwall - Urlaub &amp; Reisen\",\"isPartOf\":{\"@id\":\"https:\/\/www.urlaubcornwall.de\/blog\/#website\"},\"datePublished\":\"2018-04-24T12:54:35+00:00\",\"dateModified\":\"2024-05-30T13:55:35+00:00\",\"breadcrumb\":{\"@id\":\"https:\/\/www.urlaubcornwall.de\/blog\/schoensten-straende-an-der-suedkueste-cornwall\/#breadcrumb\"},\"inLanguage\":\"en-US\",\"potentialAction\":[{\"@type\":\"ReadAction\",\"target\":[\"https:\/\/www.urlaubcornwall.de\/blog\/schoensten-straende-an-der-suedkueste-cornwall\/\"]}]},{\"@type\":\"BreadcrumbList\",\"@id\":\"https:\/\/www.urlaubcornwall.de\/blog\/schoensten-straende-an-der-suedkueste-cornwall\/#breadcrumb\",\"itemListElement\":[{\"@type\":\"ListItem\",\"position\":1,\"name\":\"Home\",\"item\":\"https:\/\/www.urlaubcornwall.de\/blog\/\"},{\"@type\":\"ListItem\",\"position\":2,\"name\":\"Sch\u00f6nsten Str\u00e4nde an der S\u00fcdk\u00fcste Cornwall\"}]}]}<\/script>\n<!-- \/ Yoast SEO plugin. -->","yoast_head_json":{"title":"Sch\u00f6nsten Str\u00e4nde an der S\u00fcdk\u00fcste Cornwall - Urlaub &amp; Reisen","robots":{"index":"index","follow":"follow","max-snippet":"max-snippet:-1","max-image-preview":"max-image-preview:large","max-video-preview":"max-video-preview:-1"},"canonical":"https:\/\/www.urlaubcornwall.de\/blog\/schoensten-straende-an-der-suedkueste-cornwall\/","og_locale":"en_US","og_type":"article","og_title":"Sch\u00f6nsten Str\u00e4nde an der S\u00fcdk\u00fcste Cornwall - Urlaub &amp; Reisen","og_description":"S\u00fcdwestengland hat einige der spektakul\u00e4rsten K\u00fcstenlandschaften und Str\u00e4nde in Gro\u00dfbritannien. UrlaubCornwall.de verf\u00fcgt \u00fcber 400 Ferienh\u00e4user im Umkreis von 1,5 km des Meeres und der Str\u00e4nde von Cornwall. Helford Passage Beach, Falmouth Am Ufer der malerischen Helford Flussm\u00fcndung gelegen, ist dies ein beliebter Ort, um ein Boot zu mieten und den Fluss Helford zu erkunden, einschlie\u00dflich [&hellip;]","og_url":"https:\/\/www.urlaubcornwall.de\/blog\/schoensten-straende-an-der-suedkueste-cornwall\/","og_site_name":"Urlaub &amp; Reisen","article_modified_time":"2024-05-30T13:55:35+00:00","og_image":[{"url":"https:\/\/www.urlaubcornwall.de\/blog\/wp-content\/uploads\/2018\/04\/helford-urlaub.jpg"}],"twitter_card":"summary","twitter_misc":{"Est. reading time":"8 minutes"},"schema":{"@context":"https:\/\/schema.org","@graph":[{"@type":"WebSite","@id":"https:\/\/www.urlaubcornwall.de\/blog\/#website","url":"https:\/\/www.urlaubcornwall.de\/blog\/","name":"Urlaub &amp; Reisen","description":"Urlaub, Reisen, Cornwall und S\u00fcdengland: eine perfekte Kombination","potentialAction":[{"@type":"SearchAction","target":{"@type":"EntryPoint","urlTemplate":"https:\/\/www.urlaubcornwall.de\/blog\/?s={search_term_string}"},"query-input":"required name=search_term_string"}],"inLanguage":"en-US"},{"@type":"WebPage","@id":"https:\/\/www.urlaubcornwall.de\/blog\/schoensten-straende-an-der-suedkueste-cornwall\/","url":"https:\/\/www.urlaubcornwall.de\/blog\/schoensten-straende-an-der-suedkueste-cornwall\/","name":"Sch\u00f6nsten Str\u00e4nde an der S\u00fcdk\u00fcste Cornwall - Urlaub &amp; Reisen","isPartOf":{"@id":"https:\/\/www.urlaubcornwall.de\/blog\/#website"},"datePublished":"2018-04-24T12:54:35+00:00","dateModified":"2024-05-30T13:55:35+00:00","breadcrumb":{"@id":"https:\/\/www.urlaubcornwall.de\/blog\/schoensten-straende-an-der-suedkueste-cornwall\/#breadcrumb"},"inLanguage":"en-US","potentialAction":[{"@type":"ReadAction","target":["https:\/\/www.urlaubcornwall.de\/blog\/schoensten-straende-an-der-suedkueste-cornwall\/"]}]},{"@type":"BreadcrumbList","@id":"https:\/\/www.urlaubcornwall.de\/blog\/schoensten-straende-an-der-suedkueste-cornwall\/#breadcrumb","itemListElement":[{"@type":"ListItem","position":1,"name":"Home","item":"https:\/\/www.urlaubcornwall.de\/blog\/"},{"@type":"ListItem","position":2,"name":"Sch\u00f6nsten Str\u00e4nde an der S\u00fcdk\u00fcste Cornwall"}]}]}},"_links":{"self":[{"href":"https:\/\/www.urlaubcornwall.de\/blog\/wp-json\/wp\/v2\/pages\/33646"}],"collection":[{"href":"https:\/\/www.urlaubcornwall.de\/blog\/wp-json\/wp\/v2\/pages"}],"about":[{"href":"https:\/\/www.urlaubcornwall.de\/blog\/wp-json\/wp\/v2\/types\/page"}],"author":[{"embeddable":true,"href":"https:\/\/www.urlaubcornwall.de\/blog\/wp-json\/wp\/v2\/users\/1"}],"replies":[{"embeddable":true,"href":"https:\/\/www.urlaubcornwall.de\/blog\/wp-json\/wp\/v2\/comments?post=33646"}],"version-history":[{"count":17,"href":"https:\/\/www.urlaubcornwall.de\/blog\/wp-json\/wp\/v2\/pages\/33646\/revisions"}],"predecessor-version":[{"id":51088,"href":"https:\/\/www.urlaubcornwall.de\/blog\/wp-json\/wp\/v2\/pages\/33646\/revisions\/51088"}],"wp:attachment":[{"href":"https:\/\/www.urlaubcornwall.de\/blog\/wp-json\/wp\/v2\/media?parent=33646"}],"curies":[{"name":"wp","href":"https:\/\/api.w.org\/{rel}","templated":true}]}}