{"id":33618,"date":"2018-04-17T13:50:30","date_gmt":"2018-04-17T13:50:30","guid":{"rendered":"https:\/\/www.urlaubcornwall.de\/blog\/?page_id=33618"},"modified":"2021-09-17T11:55:52","modified_gmt":"2021-09-17T11:55:52","slug":"ferienhaus-in-haverfordwest-pembrokeshire","status":"publish","type":"page","link":"https:\/\/www.urlaubcornwall.de\/blog\/ferienhaus-in-haverfordwest-pembrokeshire\/","title":{"rendered":"Ferienhaus in Haverfordwest &#8211; Pembrokeshire"},"content":{"rendered":"<p><img loading=\"lazy\" class=\"aligncenter size-full wp-image-33619\" src=\"https:\/\/www.urlaubcornwall.de\/blog\/wp-content\/uploads\/2018\/04\/ferienhaus-haverfordwest.jpg\" alt=\"ferienhaus haverfordwest\" width=\"749\" height=\"471\"\/><\/p>\n<p><strong>Ferienhaus in Haverfordwest mit Hund, 2 Schlafzimmern, Schlafgelegenheiten 4<\/strong><\/p>\n<p>Ein einfach wundervoller Rahmen f\u00fcr einen Selbstverpflegungsurlaub. Gesegnet mit h\u00fcbschen Gassen, die Sie zu den \u00f6rtlichen Str\u00e4nden bringen, die nur einen Kilometer entfernt sind, ist die Aberfelin Bay ein Vergn\u00fcgen mit einem Sand- und Kiesstrand, der bei Ebbe einen Bogengang freilegt, der sich perfekt zum Erkunden eignet. Es gibt viele andere Str\u00e4nde wie Abermawr, Abercastle und Abereiddy mit seiner ber\u00fchmten blauen Lagune zu besuchen. Trefin hat eine Kneipe und ein Caf\u00e9, die zu Fu\u00df erreichbar sind und einen Besuch.<\/p>\n<p style=\"text-align: center;\"><a class=\"tidycta\" href=\"https:\/\/www.urlaubcornwall.de\/ferienhaeuser-fewos\/wal\/westwales\/haverfordwest.html\">Suche Ferienh\u00e4user Haverfordwest<\/a><\/p>\n<p style=\"text-align: center;\">Pers\u00f6nlich inspizierte Ferienh\u00e4user und Ferienwohnungen f\u00fcr Ihren Urlaub.<\/p>\n<p style=\"text-align: center;\"><a href=\"https:\/\/www.urlaubcornwall.de\/ferienhaeuser\/wales.php\"><strong>Ferienh\u00e4user, Cottages &amp; Ferienwohnungen in Wales. <\/strong><\/a><\/p>\n","protected":false},"excerpt":{"rendered":"<p>Ferienhaus in Haverfordwest mit Hund, 2 Schlafzimmern, Schlafgelegenheiten 4 Ein einfach wundervoller Rahmen f\u00fcr einen Selbstverpflegungsurlaub. Gesegnet mit h\u00fcbschen Gassen, die Sie zu den \u00f6rtlichen Str\u00e4nden bringen, die nur einen Kilometer entfernt sind, ist die Aberfelin Bay ein Vergn\u00fcgen mit einem Sand- und Kiesstrand, der bei Ebbe einen Bogengang freilegt, der sich perfekt zum Erkunden [&hellip;]<\/p>\n","protected":false},"author":1,"featured_media":0,"parent":0,"menu_order":0,"comment_status":"closed","ping_status":"closed","template":"single-four.php","meta":[],"acf":[],"yoast_head":"<!-- This site is optimized with the Yoast SEO plugin v19.4 - https:\/\/yoast.com\/wordpress\/plugins\/seo\/ -->\n<title>Ferienhaus in Haverfordwest - Pembrokeshire - Urlaub &amp; Reisen<\/title>\n<meta name=\"description\" content=\"Ein einfach wundervoller Rahmen f\u00fcr einen Selbstverpflegungsurlaub. Gesegnet mit h\u00fcbschen Gassen, die Sie zu den \u00f6rtlichen Str\u00e4nden bringen, die nur einen Kilometer entfernt sind, ist die Aberfelin Bay ein Vergn\u00fcgen mit einem Sand- und Kiesstrand, der bei Ebbe einen Bogengang freilegt, der sich perfekt zum Erkunden eignet. Es gibt viele andere Str\u00e4nde wie Abermawr\" \/>\n<meta name=\"robots\" content=\"index, follow, max-snippet:-1, max-image-preview:large, max-video-preview:-1\" \/>\n<link rel=\"canonical\" href=\"https:\/\/www.urlaubcornwall.de\/blog\/ferienhaus-in-haverfordwest-pembrokeshire\/\" \/>\n<meta property=\"og:locale\" content=\"en_US\" \/>\n<meta property=\"og:type\" content=\"article\" \/>\n<meta property=\"og:title\" content=\"Ferienhaus in Haverfordwest - Pembrokeshire - Urlaub &amp; Reisen\" \/>\n<meta property=\"og:description\" content=\"Ein einfach wundervoller Rahmen f\u00fcr einen Selbstverpflegungsurlaub. Gesegnet mit h\u00fcbschen Gassen, die Sie zu den \u00f6rtlichen Str\u00e4nden bringen, die nur einen Kilometer entfernt sind, ist die Aberfelin Bay ein Vergn\u00fcgen mit einem Sand- und Kiesstrand, der bei Ebbe einen Bogengang freilegt, der sich perfekt zum Erkunden eignet. Es gibt viele andere Str\u00e4nde wie Abermawr\" \/>\n<meta property=\"og:url\" content=\"https:\/\/www.urlaubcornwall.de\/blog\/ferienhaus-in-haverfordwest-pembrokeshire\/\" \/>\n<meta property=\"og:site_name\" content=\"Urlaub &amp; Reisen\" \/>\n<meta property=\"article:modified_time\" content=\"2021-09-17T11:55:52+00:00\" \/>\n<meta property=\"og:image\" content=\"https:\/\/www.urlaubcornwall.de\/blog\/wp-content\/uploads\/2018\/04\/ferienhaus-haverfordwest.jpg\" \/>\n<meta name=\"twitter:card\" content=\"summary\" \/>\n<meta name=\"twitter:label1\" content=\"Est. reading time\" \/>\n\t<meta name=\"twitter:data1\" content=\"1 minute\" \/>\n<script type=\"application\/ld+json\" class=\"yoast-schema-graph\">{\"@context\":\"https:\/\/schema.org\",\"@graph\":[{\"@type\":\"WebSite\",\"@id\":\"https:\/\/www.urlaubcornwall.de\/blog\/#website\",\"url\":\"https:\/\/www.urlaubcornwall.de\/blog\/\",\"name\":\"Urlaub &amp; Reisen\",\"description\":\"Urlaub, Reisen, Cornwall und S\u00fcdengland: eine perfekte Kombination\",\"potentialAction\":[{\"@type\":\"SearchAction\",\"target\":{\"@type\":\"EntryPoint\",\"urlTemplate\":\"https:\/\/www.urlaubcornwall.de\/blog\/?s={search_term_string}\"},\"query-input\":\"required name=search_term_string\"}],\"inLanguage\":\"en-US\"},{\"@type\":\"WebPage\",\"@id\":\"https:\/\/www.urlaubcornwall.de\/blog\/ferienhaus-in-haverfordwest-pembrokeshire\/\",\"url\":\"https:\/\/www.urlaubcornwall.de\/blog\/ferienhaus-in-haverfordwest-pembrokeshire\/\",\"name\":\"Ferienhaus in Haverfordwest - Pembrokeshire - Urlaub &amp; Reisen\",\"isPartOf\":{\"@id\":\"https:\/\/www.urlaubcornwall.de\/blog\/#website\"},\"datePublished\":\"2018-04-17T13:50:30+00:00\",\"dateModified\":\"2021-09-17T11:55:52+00:00\",\"description\":\"Ein einfach wundervoller Rahmen f\u00fcr einen Selbstverpflegungsurlaub. Gesegnet mit h\u00fcbschen Gassen, die Sie zu den \u00f6rtlichen Str\u00e4nden bringen, die nur einen Kilometer entfernt sind, ist die Aberfelin Bay ein Vergn\u00fcgen mit einem Sand- und Kiesstrand, der bei Ebbe einen Bogengang freilegt, der sich perfekt zum Erkunden eignet. Es gibt viele andere Str\u00e4nde wie Abermawr\",\"breadcrumb\":{\"@id\":\"https:\/\/www.urlaubcornwall.de\/blog\/ferienhaus-in-haverfordwest-pembrokeshire\/#breadcrumb\"},\"inLanguage\":\"en-US\",\"potentialAction\":[{\"@type\":\"ReadAction\",\"target\":[\"https:\/\/www.urlaubcornwall.de\/blog\/ferienhaus-in-haverfordwest-pembrokeshire\/\"]}]},{\"@type\":\"BreadcrumbList\",\"@id\":\"https:\/\/www.urlaubcornwall.de\/blog\/ferienhaus-in-haverfordwest-pembrokeshire\/#breadcrumb\",\"itemListElement\":[{\"@type\":\"ListItem\",\"position\":1,\"name\":\"Home\",\"item\":\"https:\/\/www.urlaubcornwall.de\/blog\/\"},{\"@type\":\"ListItem\",\"position\":2,\"name\":\"Ferienhaus in Haverfordwest &#8211; Pembrokeshire\"}]}]}<\/script>\n<!-- \/ Yoast SEO plugin. -->","yoast_head_json":{"title":"Ferienhaus in Haverfordwest - Pembrokeshire - Urlaub &amp; Reisen","description":"Ein einfach wundervoller Rahmen f\u00fcr einen Selbstverpflegungsurlaub. Gesegnet mit h\u00fcbschen Gassen, die Sie zu den \u00f6rtlichen Str\u00e4nden bringen, die nur einen Kilometer entfernt sind, ist die Aberfelin Bay ein Vergn\u00fcgen mit einem Sand- und Kiesstrand, der bei Ebbe einen Bogengang freilegt, der sich perfekt zum Erkunden eignet. Es gibt viele andere Str\u00e4nde wie Abermawr","robots":{"index":"index","follow":"follow","max-snippet":"max-snippet:-1","max-image-preview":"max-image-preview:large","max-video-preview":"max-video-preview:-1"},"canonical":"https:\/\/www.urlaubcornwall.de\/blog\/ferienhaus-in-haverfordwest-pembrokeshire\/","og_locale":"en_US","og_type":"article","og_title":"Ferienhaus in Haverfordwest - Pembrokeshire - Urlaub &amp; Reisen","og_description":"Ein einfach wundervoller Rahmen f\u00fcr einen Selbstverpflegungsurlaub. Gesegnet mit h\u00fcbschen Gassen, die Sie zu den \u00f6rtlichen Str\u00e4nden bringen, die nur einen Kilometer entfernt sind, ist die Aberfelin Bay ein Vergn\u00fcgen mit einem Sand- und Kiesstrand, der bei Ebbe einen Bogengang freilegt, der sich perfekt zum Erkunden eignet. Es gibt viele andere Str\u00e4nde wie Abermawr","og_url":"https:\/\/www.urlaubcornwall.de\/blog\/ferienhaus-in-haverfordwest-pembrokeshire\/","og_site_name":"Urlaub &amp; Reisen","article_modified_time":"2021-09-17T11:55:52+00:00","og_image":[{"url":"https:\/\/www.urlaubcornwall.de\/blog\/wp-content\/uploads\/2018\/04\/ferienhaus-haverfordwest.jpg"}],"twitter_card":"summary","twitter_misc":{"Est. reading time":"1 minute"},"schema":{"@context":"https:\/\/schema.org","@graph":[{"@type":"WebSite","@id":"https:\/\/www.urlaubcornwall.de\/blog\/#website","url":"https:\/\/www.urlaubcornwall.de\/blog\/","name":"Urlaub &amp; Reisen","description":"Urlaub, Reisen, Cornwall und S\u00fcdengland: eine perfekte Kombination","potentialAction":[{"@type":"SearchAction","target":{"@type":"EntryPoint","urlTemplate":"https:\/\/www.urlaubcornwall.de\/blog\/?s={search_term_string}"},"query-input":"required name=search_term_string"}],"inLanguage":"en-US"},{"@type":"WebPage","@id":"https:\/\/www.urlaubcornwall.de\/blog\/ferienhaus-in-haverfordwest-pembrokeshire\/","url":"https:\/\/www.urlaubcornwall.de\/blog\/ferienhaus-in-haverfordwest-pembrokeshire\/","name":"Ferienhaus in Haverfordwest - Pembrokeshire - Urlaub &amp; Reisen","isPartOf":{"@id":"https:\/\/www.urlaubcornwall.de\/blog\/#website"},"datePublished":"2018-04-17T13:50:30+00:00","dateModified":"2021-09-17T11:55:52+00:00","description":"Ein einfach wundervoller Rahmen f\u00fcr einen Selbstverpflegungsurlaub. Gesegnet mit h\u00fcbschen Gassen, die Sie zu den \u00f6rtlichen Str\u00e4nden bringen, die nur einen Kilometer entfernt sind, ist die Aberfelin Bay ein Vergn\u00fcgen mit einem Sand- und Kiesstrand, der bei Ebbe einen Bogengang freilegt, der sich perfekt zum Erkunden eignet. Es gibt viele andere Str\u00e4nde wie Abermawr","breadcrumb":{"@id":"https:\/\/www.urlaubcornwall.de\/blog\/ferienhaus-in-haverfordwest-pembrokeshire\/#breadcrumb"},"inLanguage":"en-US","potentialAction":[{"@type":"ReadAction","target":["https:\/\/www.urlaubcornwall.de\/blog\/ferienhaus-in-haverfordwest-pembrokeshire\/"]}]},{"@type":"BreadcrumbList","@id":"https:\/\/www.urlaubcornwall.de\/blog\/ferienhaus-in-haverfordwest-pembrokeshire\/#breadcrumb","itemListElement":[{"@type":"ListItem","position":1,"name":"Home","item":"https:\/\/www.urlaubcornwall.de\/blog\/"},{"@type":"ListItem","position":2,"name":"Ferienhaus in Haverfordwest &#8211; Pembrokeshire"}]}]}},"_links":{"self":[{"href":"https:\/\/www.urlaubcornwall.de\/blog\/wp-json\/wp\/v2\/pages\/33618"}],"collection":[{"href":"https:\/\/www.urlaubcornwall.de\/blog\/wp-json\/wp\/v2\/pages"}],"about":[{"href":"https:\/\/www.urlaubcornwall.de\/blog\/wp-json\/wp\/v2\/types\/page"}],"author":[{"embeddable":true,"href":"https:\/\/www.urlaubcornwall.de\/blog\/wp-json\/wp\/v2\/users\/1"}],"replies":[{"embeddable":true,"href":"https:\/\/www.urlaubcornwall.de\/blog\/wp-json\/wp\/v2\/comments?post=33618"}],"version-history":[{"count":5,"href":"https:\/\/www.urlaubcornwall.de\/blog\/wp-json\/wp\/v2\/pages\/33618\/revisions"}],"predecessor-version":[{"id":42879,"href":"https:\/\/www.urlaubcornwall.de\/blog\/wp-json\/wp\/v2\/pages\/33618\/revisions\/42879"}],"wp:attachment":[{"href":"https:\/\/www.urlaubcornwall.de\/blog\/wp-json\/wp\/v2\/media?parent=33618"}],"curies":[{"name":"wp","href":"https:\/\/api.w.org\/{rel}","templated":true}]}}