{"id":33610,"date":"2018-04-16T15:00:23","date_gmt":"2018-04-16T15:00:23","guid":{"rendered":"https:\/\/www.urlaubcornwall.de\/blog\/?page_id=33610"},"modified":"2021-09-08T07:15:16","modified_gmt":"2021-09-08T07:15:16","slug":"ferienhaus-nahe-brighton-mieten-nr-143391","status":"publish","type":"page","link":"https:\/\/www.urlaubcornwall.de\/blog\/ferienhaus-nahe-brighton-mieten-nr-143391\/","title":{"rendered":"Ferienhaus nahe Brighton mieten &#8211; Nr 143391"},"content":{"rendered":"<p><img loading=\"lazy\" class=\"aligncenter size-full wp-image-33611\" src=\"https:\/\/www.urlaubcornwall.de\/blog\/wp-content\/uploads\/2018\/04\/ferienhaus-brighton.jpg\" alt=\"ferienhaus brighton\" width=\"748\" height=\"558\"\/><\/p>\n<p><strong>Ferienhaus in Telscombe, 10km Ost von Brighton, 1 Schlafzimmern, Schlafgelegenheiten 2<\/strong><\/p>\n<p>Ein entz\u00fcckendes Ferienhaus, das k\u00fcrzlich zu einem sch\u00f6nen Ferienhaus im South Downs Nationalpark und nur wenige Minuten von der Sussex Coast entfernt wurde. Ein &#8220;Auf-Unten&#8221; -Layout bedeutet, dass Sie die Schlafgelegenheit im Erdgeschoss finden, nachdem Sie das Cottage betreten haben. Das Schlafzimmer verf\u00fcgt \u00fcber ein Kingsize-Bett, Kommode und Aufh\u00e4ngehaken. Es gibt einen zus\u00e4tzlichen Schrankraum, der von hier aus zug\u00e4nglich ist, um Koffer und gr\u00f6\u00dferes Gep\u00e4ck zu verstauen. Das Badezimmer ist direkt gegen\u00fcber mit einer Badewanne und Dusche \u00fcber Kopf, WC und Waschbecken&#8230;&#8230;<\/p>\n<p style=\"text-align: center;\"><a class=\"tidycta\" href=\"https:\/\/www.urlaubcornwall.de\/ferienhaeuser-fewos\/eng\/sussex\/brighton.html\">Suche Ferienh\u00e4user<\/a><\/p>\n<p style=\"text-align: center;\">Pers\u00f6nlich inspizierte <a href=\"https:\/\/www.urlaubcornwall.de\/ferienhaeuser\/sussex.php\">Ferienh\u00e4user und Ferienwohnungen in Sussex<\/a> f\u00fcr Ihren Urlaub.<\/p>\n","protected":false},"excerpt":{"rendered":"<p>Ferienhaus in Telscombe, 10km Ost von Brighton, 1 Schlafzimmern, Schlafgelegenheiten 2 Ein entz\u00fcckendes Ferienhaus, das k\u00fcrzlich zu einem sch\u00f6nen Ferienhaus im South Downs Nationalpark und nur wenige Minuten von der Sussex Coast entfernt wurde. Ein &#8220;Auf-Unten&#8221; -Layout bedeutet, dass Sie die Schlafgelegenheit im Erdgeschoss finden, nachdem Sie das Cottage betreten haben. Das Schlafzimmer verf\u00fcgt \u00fcber [&hellip;]<\/p>\n","protected":false},"author":1,"featured_media":0,"parent":0,"menu_order":0,"comment_status":"closed","ping_status":"closed","template":"single-four.php","meta":[],"acf":[],"yoast_head":"<!-- This site is optimized with the Yoast SEO plugin v19.4 - https:\/\/yoast.com\/wordpress\/plugins\/seo\/ -->\n<title>Ferienhaus nahe Brighton mieten - Nr 143391 - Urlaub &amp; Reisen<\/title>\n<meta name=\"robots\" content=\"index, follow, max-snippet:-1, max-image-preview:large, max-video-preview:-1\" \/>\n<link rel=\"canonical\" href=\"https:\/\/www.urlaubcornwall.de\/blog\/ferienhaus-nahe-brighton-mieten-nr-143391\/\" \/>\n<meta property=\"og:locale\" content=\"en_US\" \/>\n<meta property=\"og:type\" content=\"article\" \/>\n<meta property=\"og:title\" content=\"Ferienhaus nahe Brighton mieten - Nr 143391 - Urlaub &amp; Reisen\" \/>\n<meta property=\"og:description\" content=\"Ferienhaus in Telscombe, 10km Ost von Brighton, 1 Schlafzimmern, Schlafgelegenheiten 2 Ein entz\u00fcckendes Ferienhaus, das k\u00fcrzlich zu einem sch\u00f6nen Ferienhaus im South Downs Nationalpark und nur wenige Minuten von der Sussex Coast entfernt wurde. Ein &#8220;Auf-Unten&#8221; -Layout bedeutet, dass Sie die Schlafgelegenheit im Erdgeschoss finden, nachdem Sie das Cottage betreten haben. Das Schlafzimmer verf\u00fcgt \u00fcber [&hellip;]\" \/>\n<meta property=\"og:url\" content=\"https:\/\/www.urlaubcornwall.de\/blog\/ferienhaus-nahe-brighton-mieten-nr-143391\/\" \/>\n<meta property=\"og:site_name\" content=\"Urlaub &amp; Reisen\" \/>\n<meta property=\"article:modified_time\" content=\"2021-09-08T07:15:16+00:00\" \/>\n<meta property=\"og:image\" content=\"https:\/\/www.urlaubcornwall.de\/blog\/wp-content\/uploads\/2018\/04\/ferienhaus-brighton.jpg\" \/>\n<meta name=\"twitter:card\" content=\"summary\" \/>\n<meta name=\"twitter:label1\" content=\"Est. reading time\" \/>\n\t<meta name=\"twitter:data1\" content=\"1 minute\" \/>\n<script type=\"application\/ld+json\" class=\"yoast-schema-graph\">{\"@context\":\"https:\/\/schema.org\",\"@graph\":[{\"@type\":\"WebSite\",\"@id\":\"https:\/\/www.urlaubcornwall.de\/blog\/#website\",\"url\":\"https:\/\/www.urlaubcornwall.de\/blog\/\",\"name\":\"Urlaub &amp; Reisen\",\"description\":\"Urlaub, Reisen, Cornwall und S\u00fcdengland: eine perfekte Kombination\",\"potentialAction\":[{\"@type\":\"SearchAction\",\"target\":{\"@type\":\"EntryPoint\",\"urlTemplate\":\"https:\/\/www.urlaubcornwall.de\/blog\/?s={search_term_string}\"},\"query-input\":\"required name=search_term_string\"}],\"inLanguage\":\"en-US\"},{\"@type\":\"WebPage\",\"@id\":\"https:\/\/www.urlaubcornwall.de\/blog\/ferienhaus-nahe-brighton-mieten-nr-143391\/\",\"url\":\"https:\/\/www.urlaubcornwall.de\/blog\/ferienhaus-nahe-brighton-mieten-nr-143391\/\",\"name\":\"Ferienhaus nahe Brighton mieten - Nr 143391 - Urlaub &amp; Reisen\",\"isPartOf\":{\"@id\":\"https:\/\/www.urlaubcornwall.de\/blog\/#website\"},\"datePublished\":\"2018-04-16T15:00:23+00:00\",\"dateModified\":\"2021-09-08T07:15:16+00:00\",\"breadcrumb\":{\"@id\":\"https:\/\/www.urlaubcornwall.de\/blog\/ferienhaus-nahe-brighton-mieten-nr-143391\/#breadcrumb\"},\"inLanguage\":\"en-US\",\"potentialAction\":[{\"@type\":\"ReadAction\",\"target\":[\"https:\/\/www.urlaubcornwall.de\/blog\/ferienhaus-nahe-brighton-mieten-nr-143391\/\"]}]},{\"@type\":\"BreadcrumbList\",\"@id\":\"https:\/\/www.urlaubcornwall.de\/blog\/ferienhaus-nahe-brighton-mieten-nr-143391\/#breadcrumb\",\"itemListElement\":[{\"@type\":\"ListItem\",\"position\":1,\"name\":\"Home\",\"item\":\"https:\/\/www.urlaubcornwall.de\/blog\/\"},{\"@type\":\"ListItem\",\"position\":2,\"name\":\"Ferienhaus nahe Brighton mieten &#8211; Nr 143391\"}]}]}<\/script>\n<!-- \/ Yoast SEO plugin. -->","yoast_head_json":{"title":"Ferienhaus nahe Brighton mieten - Nr 143391 - Urlaub &amp; Reisen","robots":{"index":"index","follow":"follow","max-snippet":"max-snippet:-1","max-image-preview":"max-image-preview:large","max-video-preview":"max-video-preview:-1"},"canonical":"https:\/\/www.urlaubcornwall.de\/blog\/ferienhaus-nahe-brighton-mieten-nr-143391\/","og_locale":"en_US","og_type":"article","og_title":"Ferienhaus nahe Brighton mieten - Nr 143391 - Urlaub &amp; Reisen","og_description":"Ferienhaus in Telscombe, 10km Ost von Brighton, 1 Schlafzimmern, Schlafgelegenheiten 2 Ein entz\u00fcckendes Ferienhaus, das k\u00fcrzlich zu einem sch\u00f6nen Ferienhaus im South Downs Nationalpark und nur wenige Minuten von der Sussex Coast entfernt wurde. Ein &#8220;Auf-Unten&#8221; -Layout bedeutet, dass Sie die Schlafgelegenheit im Erdgeschoss finden, nachdem Sie das Cottage betreten haben. Das Schlafzimmer verf\u00fcgt \u00fcber [&hellip;]","og_url":"https:\/\/www.urlaubcornwall.de\/blog\/ferienhaus-nahe-brighton-mieten-nr-143391\/","og_site_name":"Urlaub &amp; Reisen","article_modified_time":"2021-09-08T07:15:16+00:00","og_image":[{"url":"https:\/\/www.urlaubcornwall.de\/blog\/wp-content\/uploads\/2018\/04\/ferienhaus-brighton.jpg"}],"twitter_card":"summary","twitter_misc":{"Est. reading time":"1 minute"},"schema":{"@context":"https:\/\/schema.org","@graph":[{"@type":"WebSite","@id":"https:\/\/www.urlaubcornwall.de\/blog\/#website","url":"https:\/\/www.urlaubcornwall.de\/blog\/","name":"Urlaub &amp; Reisen","description":"Urlaub, Reisen, Cornwall und S\u00fcdengland: eine perfekte Kombination","potentialAction":[{"@type":"SearchAction","target":{"@type":"EntryPoint","urlTemplate":"https:\/\/www.urlaubcornwall.de\/blog\/?s={search_term_string}"},"query-input":"required name=search_term_string"}],"inLanguage":"en-US"},{"@type":"WebPage","@id":"https:\/\/www.urlaubcornwall.de\/blog\/ferienhaus-nahe-brighton-mieten-nr-143391\/","url":"https:\/\/www.urlaubcornwall.de\/blog\/ferienhaus-nahe-brighton-mieten-nr-143391\/","name":"Ferienhaus nahe Brighton mieten - Nr 143391 - Urlaub &amp; Reisen","isPartOf":{"@id":"https:\/\/www.urlaubcornwall.de\/blog\/#website"},"datePublished":"2018-04-16T15:00:23+00:00","dateModified":"2021-09-08T07:15:16+00:00","breadcrumb":{"@id":"https:\/\/www.urlaubcornwall.de\/blog\/ferienhaus-nahe-brighton-mieten-nr-143391\/#breadcrumb"},"inLanguage":"en-US","potentialAction":[{"@type":"ReadAction","target":["https:\/\/www.urlaubcornwall.de\/blog\/ferienhaus-nahe-brighton-mieten-nr-143391\/"]}]},{"@type":"BreadcrumbList","@id":"https:\/\/www.urlaubcornwall.de\/blog\/ferienhaus-nahe-brighton-mieten-nr-143391\/#breadcrumb","itemListElement":[{"@type":"ListItem","position":1,"name":"Home","item":"https:\/\/www.urlaubcornwall.de\/blog\/"},{"@type":"ListItem","position":2,"name":"Ferienhaus nahe Brighton mieten &#8211; Nr 143391"}]}]}},"_links":{"self":[{"href":"https:\/\/www.urlaubcornwall.de\/blog\/wp-json\/wp\/v2\/pages\/33610"}],"collection":[{"href":"https:\/\/www.urlaubcornwall.de\/blog\/wp-json\/wp\/v2\/pages"}],"about":[{"href":"https:\/\/www.urlaubcornwall.de\/blog\/wp-json\/wp\/v2\/types\/page"}],"author":[{"embeddable":true,"href":"https:\/\/www.urlaubcornwall.de\/blog\/wp-json\/wp\/v2\/users\/1"}],"replies":[{"embeddable":true,"href":"https:\/\/www.urlaubcornwall.de\/blog\/wp-json\/wp\/v2\/comments?post=33610"}],"version-history":[{"count":4,"href":"https:\/\/www.urlaubcornwall.de\/blog\/wp-json\/wp\/v2\/pages\/33610\/revisions"}],"predecessor-version":[{"id":42649,"href":"https:\/\/www.urlaubcornwall.de\/blog\/wp-json\/wp\/v2\/pages\/33610\/revisions\/42649"}],"wp:attachment":[{"href":"https:\/\/www.urlaubcornwall.de\/blog\/wp-json\/wp\/v2\/media?parent=33610"}],"curies":[{"name":"wp","href":"https:\/\/api.w.org\/{rel}","templated":true}]}}