{"id":33603,"date":"2018-04-16T10:41:30","date_gmt":"2018-04-16T10:41:30","guid":{"rendered":"https:\/\/www.urlaubcornwall.de\/blog\/?page_id=33603"},"modified":"2021-09-17T12:36:52","modified_gmt":"2021-09-17T12:36:52","slug":"ferienwohnung-in-eastbourne-mieten-nr-161628","status":"publish","type":"page","link":"https:\/\/www.urlaubcornwall.de\/blog\/ferienwohnung-in-eastbourne-mieten-nr-161628\/","title":{"rendered":"Ferienwohnung in Eastbourne mieten &#8211; Nr 161628"},"content":{"rendered":"<p><img loading=\"lazy\" class=\"aligncenter size-full wp-image-33604\" src=\"https:\/\/www.urlaubcornwall.de\/blog\/wp-content\/uploads\/2018\/04\/Ferienwohnung-eastbourne-hund.jpg\" alt=\"Ferienwohnung eastbourne hund\" width=\"748\" height=\"558\"\/><\/p>\n<p><strong>Hundefreundlich Ferienwohnung in Eastbourne, 2 Schlafzimmern, Schlafgelegenheiten 3<\/strong><\/p>\n<p>Diese Ferienwohnung genie\u00dft eine zentrale Lage im traditionellen Badeort Eastbourne mit seinem ber\u00fchmten viktorianischen Pier und dem gesch\u00e4ftigen Jachthafen. Es gibt viele Restaurants, Bars und Teestuben, darunter mehrere am Pier. Nur 1 km entfernt befindet sich das ikonische Grand Hotel, in dem Sie den Nachmittagstee, das Abendessen oder sogar einen Wellness-Tag buchen k\u00f6nnen. Die Stadt liegt am Beginn des South Downs Way und die Besucher werden die atemberaubende 3 km lange Wanderung nach Beachy Head nicht verpassen wollen. Zu den weiteren Sehensw\u00fcrdigkeiten in der Umgebung z\u00e4hlen der Drusillas Zoo Park und <a href=\"https:\/\/www.urlaubcornwall.de\/ferienhaeuser-fewos\/eng\/sussex\/lewes.html\">die historische Stadt Lewes<\/a>.<\/p>\n<p style=\"text-align: center;\"><a class=\"tidycta\" href=\"https:\/\/www.urlaubcornwall.de\/ferienhaeuser-fewos\/eng\/sussex\/eastbourne.html\">Suche Ferienh\u00e4user Eastbourne<\/a><\/p>\n<p style=\"text-align: center;\">Pers\u00f6nlich inspizierte <a href=\"https:\/\/www.urlaubcornwall.de\/ferienhaeuser\/sussex.php\">Ferienh\u00e4user und Ferienwohnungen in Sussex<\/a> f\u00fcr Ihren Urlaub.<\/p>\n","protected":false},"excerpt":{"rendered":"<p>Hundefreundlich Ferienwohnung in Eastbourne, 2 Schlafzimmern, Schlafgelegenheiten 3 Diese Ferienwohnung genie\u00dft eine zentrale Lage im traditionellen Badeort Eastbourne mit seinem ber\u00fchmten viktorianischen Pier und dem gesch\u00e4ftigen Jachthafen. Es gibt viele Restaurants, Bars und Teestuben, darunter mehrere am Pier. Nur 1 km entfernt befindet sich das ikonische Grand Hotel, in dem Sie den Nachmittagstee, das Abendessen [&hellip;]<\/p>\n","protected":false},"author":1,"featured_media":0,"parent":0,"menu_order":0,"comment_status":"closed","ping_status":"closed","template":"single-four.php","meta":[],"acf":[],"yoast_head":"<!-- This site is optimized with the Yoast SEO plugin v19.4 - https:\/\/yoast.com\/wordpress\/plugins\/seo\/ -->\n<title>Ferienwohnung in Eastbourne mieten - Nr 161628 - Urlaub &amp; Reisen<\/title>\n<meta name=\"description\" content=\"Diese Ferienwohnung genie\u00dft eine zentrale Lage im traditionellen Badeort Eastbourne mit seinem ber\u00fchmten viktorianischen Pier und dem gesch\u00e4ftigen Jachthafen. Es gibt viele Restaurants, Bars und Teestuben, darunter mehrere am Pier. Nur 1 km entfernt befindet sich das ikonische Grand Hotel, in dem Sie den Nachmittagstee, das Abendessen oder sogar einen Wellness-Tag buchen k\u00f6nnen. Die Stadt liegt am Beginn des South Downs Way\" \/>\n<meta name=\"robots\" content=\"index, follow, max-snippet:-1, max-image-preview:large, max-video-preview:-1\" \/>\n<link rel=\"canonical\" href=\"https:\/\/www.urlaubcornwall.de\/blog\/ferienwohnung-in-eastbourne-mieten-nr-161628\/\" \/>\n<meta property=\"og:locale\" content=\"en_US\" \/>\n<meta property=\"og:type\" content=\"article\" \/>\n<meta property=\"og:title\" content=\"Ferienwohnung in Eastbourne mieten - Nr 161628 - Urlaub &amp; Reisen\" \/>\n<meta property=\"og:description\" content=\"Diese Ferienwohnung genie\u00dft eine zentrale Lage im traditionellen Badeort Eastbourne mit seinem ber\u00fchmten viktorianischen Pier und dem gesch\u00e4ftigen Jachthafen. Es gibt viele Restaurants, Bars und Teestuben, darunter mehrere am Pier. Nur 1 km entfernt befindet sich das ikonische Grand Hotel, in dem Sie den Nachmittagstee, das Abendessen oder sogar einen Wellness-Tag buchen k\u00f6nnen. Die Stadt liegt am Beginn des South Downs Way\" \/>\n<meta property=\"og:url\" content=\"https:\/\/www.urlaubcornwall.de\/blog\/ferienwohnung-in-eastbourne-mieten-nr-161628\/\" \/>\n<meta property=\"og:site_name\" content=\"Urlaub &amp; Reisen\" \/>\n<meta property=\"article:modified_time\" content=\"2021-09-17T12:36:52+00:00\" \/>\n<meta property=\"og:image\" content=\"https:\/\/www.urlaubcornwall.de\/blog\/wp-content\/uploads\/2018\/04\/Ferienwohnung-eastbourne-hund.jpg\" \/>\n<meta name=\"twitter:card\" content=\"summary\" \/>\n<meta name=\"twitter:label1\" content=\"Est. reading time\" \/>\n\t<meta name=\"twitter:data1\" content=\"1 minute\" \/>\n<script type=\"application\/ld+json\" class=\"yoast-schema-graph\">{\"@context\":\"https:\/\/schema.org\",\"@graph\":[{\"@type\":\"WebSite\",\"@id\":\"https:\/\/www.urlaubcornwall.de\/blog\/#website\",\"url\":\"https:\/\/www.urlaubcornwall.de\/blog\/\",\"name\":\"Urlaub &amp; Reisen\",\"description\":\"Urlaub, Reisen, Cornwall und S\u00fcdengland: eine perfekte Kombination\",\"potentialAction\":[{\"@type\":\"SearchAction\",\"target\":{\"@type\":\"EntryPoint\",\"urlTemplate\":\"https:\/\/www.urlaubcornwall.de\/blog\/?s={search_term_string}\"},\"query-input\":\"required name=search_term_string\"}],\"inLanguage\":\"en-US\"},{\"@type\":\"WebPage\",\"@id\":\"https:\/\/www.urlaubcornwall.de\/blog\/ferienwohnung-in-eastbourne-mieten-nr-161628\/\",\"url\":\"https:\/\/www.urlaubcornwall.de\/blog\/ferienwohnung-in-eastbourne-mieten-nr-161628\/\",\"name\":\"Ferienwohnung in Eastbourne mieten - Nr 161628 - Urlaub &amp; Reisen\",\"isPartOf\":{\"@id\":\"https:\/\/www.urlaubcornwall.de\/blog\/#website\"},\"datePublished\":\"2018-04-16T10:41:30+00:00\",\"dateModified\":\"2021-09-17T12:36:52+00:00\",\"description\":\"Diese Ferienwohnung genie\u00dft eine zentrale Lage im traditionellen Badeort Eastbourne mit seinem ber\u00fchmten viktorianischen Pier und dem gesch\u00e4ftigen Jachthafen. Es gibt viele Restaurants, Bars und Teestuben, darunter mehrere am Pier. Nur 1 km entfernt befindet sich das ikonische Grand Hotel, in dem Sie den Nachmittagstee, das Abendessen oder sogar einen Wellness-Tag buchen k\u00f6nnen. Die Stadt liegt am Beginn des South Downs Way\",\"breadcrumb\":{\"@id\":\"https:\/\/www.urlaubcornwall.de\/blog\/ferienwohnung-in-eastbourne-mieten-nr-161628\/#breadcrumb\"},\"inLanguage\":\"en-US\",\"potentialAction\":[{\"@type\":\"ReadAction\",\"target\":[\"https:\/\/www.urlaubcornwall.de\/blog\/ferienwohnung-in-eastbourne-mieten-nr-161628\/\"]}]},{\"@type\":\"BreadcrumbList\",\"@id\":\"https:\/\/www.urlaubcornwall.de\/blog\/ferienwohnung-in-eastbourne-mieten-nr-161628\/#breadcrumb\",\"itemListElement\":[{\"@type\":\"ListItem\",\"position\":1,\"name\":\"Home\",\"item\":\"https:\/\/www.urlaubcornwall.de\/blog\/\"},{\"@type\":\"ListItem\",\"position\":2,\"name\":\"Ferienwohnung in Eastbourne mieten &#8211; Nr 161628\"}]}]}<\/script>\n<!-- \/ Yoast SEO plugin. -->","yoast_head_json":{"title":"Ferienwohnung in Eastbourne mieten - Nr 161628 - Urlaub &amp; Reisen","description":"Diese Ferienwohnung genie\u00dft eine zentrale Lage im traditionellen Badeort Eastbourne mit seinem ber\u00fchmten viktorianischen Pier und dem gesch\u00e4ftigen Jachthafen. Es gibt viele Restaurants, Bars und Teestuben, darunter mehrere am Pier. Nur 1 km entfernt befindet sich das ikonische Grand Hotel, in dem Sie den Nachmittagstee, das Abendessen oder sogar einen Wellness-Tag buchen k\u00f6nnen. Die Stadt liegt am Beginn des South Downs Way","robots":{"index":"index","follow":"follow","max-snippet":"max-snippet:-1","max-image-preview":"max-image-preview:large","max-video-preview":"max-video-preview:-1"},"canonical":"https:\/\/www.urlaubcornwall.de\/blog\/ferienwohnung-in-eastbourne-mieten-nr-161628\/","og_locale":"en_US","og_type":"article","og_title":"Ferienwohnung in Eastbourne mieten - Nr 161628 - Urlaub &amp; Reisen","og_description":"Diese Ferienwohnung genie\u00dft eine zentrale Lage im traditionellen Badeort Eastbourne mit seinem ber\u00fchmten viktorianischen Pier und dem gesch\u00e4ftigen Jachthafen. Es gibt viele Restaurants, Bars und Teestuben, darunter mehrere am Pier. Nur 1 km entfernt befindet sich das ikonische Grand Hotel, in dem Sie den Nachmittagstee, das Abendessen oder sogar einen Wellness-Tag buchen k\u00f6nnen. Die Stadt liegt am Beginn des South Downs Way","og_url":"https:\/\/www.urlaubcornwall.de\/blog\/ferienwohnung-in-eastbourne-mieten-nr-161628\/","og_site_name":"Urlaub &amp; Reisen","article_modified_time":"2021-09-17T12:36:52+00:00","og_image":[{"url":"https:\/\/www.urlaubcornwall.de\/blog\/wp-content\/uploads\/2018\/04\/Ferienwohnung-eastbourne-hund.jpg"}],"twitter_card":"summary","twitter_misc":{"Est. reading time":"1 minute"},"schema":{"@context":"https:\/\/schema.org","@graph":[{"@type":"WebSite","@id":"https:\/\/www.urlaubcornwall.de\/blog\/#website","url":"https:\/\/www.urlaubcornwall.de\/blog\/","name":"Urlaub &amp; Reisen","description":"Urlaub, Reisen, Cornwall und S\u00fcdengland: eine perfekte Kombination","potentialAction":[{"@type":"SearchAction","target":{"@type":"EntryPoint","urlTemplate":"https:\/\/www.urlaubcornwall.de\/blog\/?s={search_term_string}"},"query-input":"required name=search_term_string"}],"inLanguage":"en-US"},{"@type":"WebPage","@id":"https:\/\/www.urlaubcornwall.de\/blog\/ferienwohnung-in-eastbourne-mieten-nr-161628\/","url":"https:\/\/www.urlaubcornwall.de\/blog\/ferienwohnung-in-eastbourne-mieten-nr-161628\/","name":"Ferienwohnung in Eastbourne mieten - Nr 161628 - Urlaub &amp; Reisen","isPartOf":{"@id":"https:\/\/www.urlaubcornwall.de\/blog\/#website"},"datePublished":"2018-04-16T10:41:30+00:00","dateModified":"2021-09-17T12:36:52+00:00","description":"Diese Ferienwohnung genie\u00dft eine zentrale Lage im traditionellen Badeort Eastbourne mit seinem ber\u00fchmten viktorianischen Pier und dem gesch\u00e4ftigen Jachthafen. Es gibt viele Restaurants, Bars und Teestuben, darunter mehrere am Pier. Nur 1 km entfernt befindet sich das ikonische Grand Hotel, in dem Sie den Nachmittagstee, das Abendessen oder sogar einen Wellness-Tag buchen k\u00f6nnen. Die Stadt liegt am Beginn des South Downs Way","breadcrumb":{"@id":"https:\/\/www.urlaubcornwall.de\/blog\/ferienwohnung-in-eastbourne-mieten-nr-161628\/#breadcrumb"},"inLanguage":"en-US","potentialAction":[{"@type":"ReadAction","target":["https:\/\/www.urlaubcornwall.de\/blog\/ferienwohnung-in-eastbourne-mieten-nr-161628\/"]}]},{"@type":"BreadcrumbList","@id":"https:\/\/www.urlaubcornwall.de\/blog\/ferienwohnung-in-eastbourne-mieten-nr-161628\/#breadcrumb","itemListElement":[{"@type":"ListItem","position":1,"name":"Home","item":"https:\/\/www.urlaubcornwall.de\/blog\/"},{"@type":"ListItem","position":2,"name":"Ferienwohnung in Eastbourne mieten &#8211; Nr 161628"}]}]}},"_links":{"self":[{"href":"https:\/\/www.urlaubcornwall.de\/blog\/wp-json\/wp\/v2\/pages\/33603"}],"collection":[{"href":"https:\/\/www.urlaubcornwall.de\/blog\/wp-json\/wp\/v2\/pages"}],"about":[{"href":"https:\/\/www.urlaubcornwall.de\/blog\/wp-json\/wp\/v2\/types\/page"}],"author":[{"embeddable":true,"href":"https:\/\/www.urlaubcornwall.de\/blog\/wp-json\/wp\/v2\/users\/1"}],"replies":[{"embeddable":true,"href":"https:\/\/www.urlaubcornwall.de\/blog\/wp-json\/wp\/v2\/comments?post=33603"}],"version-history":[{"count":4,"href":"https:\/\/www.urlaubcornwall.de\/blog\/wp-json\/wp\/v2\/pages\/33603\/revisions"}],"predecessor-version":[{"id":42909,"href":"https:\/\/www.urlaubcornwall.de\/blog\/wp-json\/wp\/v2\/pages\/33603\/revisions\/42909"}],"wp:attachment":[{"href":"https:\/\/www.urlaubcornwall.de\/blog\/wp-json\/wp\/v2\/media?parent=33603"}],"curies":[{"name":"wp","href":"https:\/\/api.w.org\/{rel}","templated":true}]}}