{"id":33600,"date":"2018-04-16T09:43:55","date_gmt":"2018-04-16T09:43:55","guid":{"rendered":"https:\/\/www.urlaubcornwall.de\/blog\/?page_id=33600"},"modified":"2021-09-17T12:37:28","modified_gmt":"2021-09-17T12:37:28","slug":"ferienwohnung-in-eastbourne-mieten-nr-161703","status":"publish","type":"page","link":"https:\/\/www.urlaubcornwall.de\/blog\/ferienwohnung-in-eastbourne-mieten-nr-161703\/","title":{"rendered":"Ferienwohnung in Eastbourne mieten &#8211; Nr 161703"},"content":{"rendered":"<p><img loading=\"lazy\" class=\"aligncenter size-full wp-image-33601\" src=\"https:\/\/www.urlaubcornwall.de\/blog\/wp-content\/uploads\/2018\/04\/Ferienwohnung-eastbourne.jpg\" alt=\"Ferienwohnung eastbourne\" width=\"748\" height=\"558\"\/><\/p>\n<p><strong>Ferienwohnung in Eastbourne mit Hund, 1 Schlafzimmern, Schlafgelegenheiten 2<\/strong><\/p>\n<p>Dieses Ferienwohnung befindet sich in zentraler Lage in der K\u00fcstenstadt Eastbourne. Der Strand ist nur zehn Minuten zu Fu\u00df entfernt: eine gro\u00dfe Fl\u00e4che mit Kies und Sand bei Ebbe. Strandh\u00fctten und Sonnenschirme k\u00f6nnen t\u00e4glich gemietet werden, ideal f\u00fcr diejenigen, die sich zur\u00fccklehnen und die Sonne genie\u00dfen m\u00f6chten. F\u00fcr diejenigen, die aktiver sein m\u00f6chten, gibt es neben dem Princes Park am \u00f6stlichen Ende der Grand Parade ein Wassersportzentrum, das die M\u00f6glichkeit bietet, verschiedene Sportarten wie Stand-up-Paddle-Boarding oder Windsurfen auszuprobieren. Segel- und Flo\u00dfbau.<\/p>\n<p style=\"text-align: center;\"><a class=\"tidycta\" href=\"https:\/\/www.urlaubcornwall.de\/ferienhaeuser-fewos\/eng\/sussex\/eastbourne.html\">Suche Ferienh\u00e4user Eastbourne<\/a><\/p>\n<p style=\"text-align: center;\">Pers\u00f6nlich inspizierte <a href=\"https:\/\/www.urlaubcornwall.de\/ferienhaeuser\/sussex.php\">Ferienh\u00e4user und Ferienwohnungen in Sussex<\/a> f\u00fcr Ihren Urlaub.<\/p>\n","protected":false},"excerpt":{"rendered":"<p>Ferienwohnung in Eastbourne mit Hund, 1 Schlafzimmern, Schlafgelegenheiten 2 Dieses Ferienwohnung befindet sich in zentraler Lage in der K\u00fcstenstadt Eastbourne. Der Strand ist nur zehn Minuten zu Fu\u00df entfernt: eine gro\u00dfe Fl\u00e4che mit Kies und Sand bei Ebbe. Strandh\u00fctten und Sonnenschirme k\u00f6nnen t\u00e4glich gemietet werden, ideal f\u00fcr diejenigen, die sich zur\u00fccklehnen und die Sonne genie\u00dfen [&hellip;]<\/p>\n","protected":false},"author":1,"featured_media":0,"parent":0,"menu_order":0,"comment_status":"closed","ping_status":"closed","template":"single-four.php","meta":[],"acf":[],"yoast_head":"<!-- This site is optimized with the Yoast SEO plugin v19.4 - https:\/\/yoast.com\/wordpress\/plugins\/seo\/ -->\n<title>Ferienwohnung in Eastbourne mieten - Nr 161703 - Urlaub &amp; Reisen<\/title>\n<meta name=\"description\" content=\"Dieses Ferienwohnung befindet sich in zentraler Lage in der K\u00fcstenstadt Eastbourne. Der Strand ist nur zehn Minuten zu Fu\u00df entfernt: eine gro\u00dfe Fl\u00e4che mit Kies und Sand bei Ebbe. Strandh\u00fctten und Sonnenschirme k\u00f6nnen t\u00e4glich gemietet werden, ideal f\u00fcr diejenigen, die sich zur\u00fccklehnen und die Sonne genie\u00dfen m\u00f6chten. F\u00fcr diejenigen, die aktiver sein m\u00f6chten, gibt es neben dem Princes Park am \u00f6stlichen Ende der Grand Parade ein Wassersportzentrum, das die M\u00f6glichkeit bietet, verschiedene Sportarten wie Stand-up-Paddle-Boarding oder Windsurfen auszuprobieren. Segel- und Flo\u00dfbau.\" \/>\n<meta name=\"robots\" content=\"index, follow, max-snippet:-1, max-image-preview:large, max-video-preview:-1\" \/>\n<link rel=\"canonical\" href=\"https:\/\/www.urlaubcornwall.de\/blog\/ferienwohnung-in-eastbourne-mieten-nr-161703\/\" \/>\n<meta property=\"og:locale\" content=\"en_US\" \/>\n<meta property=\"og:type\" content=\"article\" \/>\n<meta property=\"og:title\" content=\"Ferienwohnung in Eastbourne mieten - Nr 161703 - Urlaub &amp; Reisen\" \/>\n<meta property=\"og:description\" content=\"Dieses Ferienwohnung befindet sich in zentraler Lage in der K\u00fcstenstadt Eastbourne. Der Strand ist nur zehn Minuten zu Fu\u00df entfernt: eine gro\u00dfe Fl\u00e4che mit Kies und Sand bei Ebbe. Strandh\u00fctten und Sonnenschirme k\u00f6nnen t\u00e4glich gemietet werden, ideal f\u00fcr diejenigen, die sich zur\u00fccklehnen und die Sonne genie\u00dfen m\u00f6chten. F\u00fcr diejenigen, die aktiver sein m\u00f6chten, gibt es neben dem Princes Park am \u00f6stlichen Ende der Grand Parade ein Wassersportzentrum, das die M\u00f6glichkeit bietet, verschiedene Sportarten wie Stand-up-Paddle-Boarding oder Windsurfen auszuprobieren. Segel- und Flo\u00dfbau.\" \/>\n<meta property=\"og:url\" content=\"https:\/\/www.urlaubcornwall.de\/blog\/ferienwohnung-in-eastbourne-mieten-nr-161703\/\" \/>\n<meta property=\"og:site_name\" content=\"Urlaub &amp; Reisen\" \/>\n<meta property=\"article:modified_time\" content=\"2021-09-17T12:37:28+00:00\" \/>\n<meta property=\"og:image\" content=\"https:\/\/www.urlaubcornwall.de\/blog\/wp-content\/uploads\/2018\/04\/Ferienwohnung-eastbourne.jpg\" \/>\n<meta name=\"twitter:card\" content=\"summary\" \/>\n<meta name=\"twitter:label1\" content=\"Est. reading time\" \/>\n\t<meta name=\"twitter:data1\" content=\"1 minute\" \/>\n<script type=\"application\/ld+json\" class=\"yoast-schema-graph\">{\"@context\":\"https:\/\/schema.org\",\"@graph\":[{\"@type\":\"WebSite\",\"@id\":\"https:\/\/www.urlaubcornwall.de\/blog\/#website\",\"url\":\"https:\/\/www.urlaubcornwall.de\/blog\/\",\"name\":\"Urlaub &amp; Reisen\",\"description\":\"Urlaub, Reisen, Cornwall und S\u00fcdengland: eine perfekte Kombination\",\"potentialAction\":[{\"@type\":\"SearchAction\",\"target\":{\"@type\":\"EntryPoint\",\"urlTemplate\":\"https:\/\/www.urlaubcornwall.de\/blog\/?s={search_term_string}\"},\"query-input\":\"required name=search_term_string\"}],\"inLanguage\":\"en-US\"},{\"@type\":\"WebPage\",\"@id\":\"https:\/\/www.urlaubcornwall.de\/blog\/ferienwohnung-in-eastbourne-mieten-nr-161703\/\",\"url\":\"https:\/\/www.urlaubcornwall.de\/blog\/ferienwohnung-in-eastbourne-mieten-nr-161703\/\",\"name\":\"Ferienwohnung in Eastbourne mieten - Nr 161703 - Urlaub &amp; Reisen\",\"isPartOf\":{\"@id\":\"https:\/\/www.urlaubcornwall.de\/blog\/#website\"},\"datePublished\":\"2018-04-16T09:43:55+00:00\",\"dateModified\":\"2021-09-17T12:37:28+00:00\",\"description\":\"Dieses Ferienwohnung befindet sich in zentraler Lage in der K\u00fcstenstadt Eastbourne. Der Strand ist nur zehn Minuten zu Fu\u00df entfernt: eine gro\u00dfe Fl\u00e4che mit Kies und Sand bei Ebbe. Strandh\u00fctten und Sonnenschirme k\u00f6nnen t\u00e4glich gemietet werden, ideal f\u00fcr diejenigen, die sich zur\u00fccklehnen und die Sonne genie\u00dfen m\u00f6chten. F\u00fcr diejenigen, die aktiver sein m\u00f6chten, gibt es neben dem Princes Park am \u00f6stlichen Ende der Grand Parade ein Wassersportzentrum, das die M\u00f6glichkeit bietet, verschiedene Sportarten wie Stand-up-Paddle-Boarding oder Windsurfen auszuprobieren. Segel- und Flo\u00dfbau.\",\"breadcrumb\":{\"@id\":\"https:\/\/www.urlaubcornwall.de\/blog\/ferienwohnung-in-eastbourne-mieten-nr-161703\/#breadcrumb\"},\"inLanguage\":\"en-US\",\"potentialAction\":[{\"@type\":\"ReadAction\",\"target\":[\"https:\/\/www.urlaubcornwall.de\/blog\/ferienwohnung-in-eastbourne-mieten-nr-161703\/\"]}]},{\"@type\":\"BreadcrumbList\",\"@id\":\"https:\/\/www.urlaubcornwall.de\/blog\/ferienwohnung-in-eastbourne-mieten-nr-161703\/#breadcrumb\",\"itemListElement\":[{\"@type\":\"ListItem\",\"position\":1,\"name\":\"Home\",\"item\":\"https:\/\/www.urlaubcornwall.de\/blog\/\"},{\"@type\":\"ListItem\",\"position\":2,\"name\":\"Ferienwohnung in Eastbourne mieten &#8211; Nr 161703\"}]}]}<\/script>\n<!-- \/ Yoast SEO plugin. -->","yoast_head_json":{"title":"Ferienwohnung in Eastbourne mieten - Nr 161703 - Urlaub &amp; Reisen","description":"Dieses Ferienwohnung befindet sich in zentraler Lage in der K\u00fcstenstadt Eastbourne. Der Strand ist nur zehn Minuten zu Fu\u00df entfernt: eine gro\u00dfe Fl\u00e4che mit Kies und Sand bei Ebbe. Strandh\u00fctten und Sonnenschirme k\u00f6nnen t\u00e4glich gemietet werden, ideal f\u00fcr diejenigen, die sich zur\u00fccklehnen und die Sonne genie\u00dfen m\u00f6chten. F\u00fcr diejenigen, die aktiver sein m\u00f6chten, gibt es neben dem Princes Park am \u00f6stlichen Ende der Grand Parade ein Wassersportzentrum, das die M\u00f6glichkeit bietet, verschiedene Sportarten wie Stand-up-Paddle-Boarding oder Windsurfen auszuprobieren. Segel- und Flo\u00dfbau.","robots":{"index":"index","follow":"follow","max-snippet":"max-snippet:-1","max-image-preview":"max-image-preview:large","max-video-preview":"max-video-preview:-1"},"canonical":"https:\/\/www.urlaubcornwall.de\/blog\/ferienwohnung-in-eastbourne-mieten-nr-161703\/","og_locale":"en_US","og_type":"article","og_title":"Ferienwohnung in Eastbourne mieten - Nr 161703 - Urlaub &amp; Reisen","og_description":"Dieses Ferienwohnung befindet sich in zentraler Lage in der K\u00fcstenstadt Eastbourne. Der Strand ist nur zehn Minuten zu Fu\u00df entfernt: eine gro\u00dfe Fl\u00e4che mit Kies und Sand bei Ebbe. Strandh\u00fctten und Sonnenschirme k\u00f6nnen t\u00e4glich gemietet werden, ideal f\u00fcr diejenigen, die sich zur\u00fccklehnen und die Sonne genie\u00dfen m\u00f6chten. F\u00fcr diejenigen, die aktiver sein m\u00f6chten, gibt es neben dem Princes Park am \u00f6stlichen Ende der Grand Parade ein Wassersportzentrum, das die M\u00f6glichkeit bietet, verschiedene Sportarten wie Stand-up-Paddle-Boarding oder Windsurfen auszuprobieren. Segel- und Flo\u00dfbau.","og_url":"https:\/\/www.urlaubcornwall.de\/blog\/ferienwohnung-in-eastbourne-mieten-nr-161703\/","og_site_name":"Urlaub &amp; Reisen","article_modified_time":"2021-09-17T12:37:28+00:00","og_image":[{"url":"https:\/\/www.urlaubcornwall.de\/blog\/wp-content\/uploads\/2018\/04\/Ferienwohnung-eastbourne.jpg"}],"twitter_card":"summary","twitter_misc":{"Est. reading time":"1 minute"},"schema":{"@context":"https:\/\/schema.org","@graph":[{"@type":"WebSite","@id":"https:\/\/www.urlaubcornwall.de\/blog\/#website","url":"https:\/\/www.urlaubcornwall.de\/blog\/","name":"Urlaub &amp; Reisen","description":"Urlaub, Reisen, Cornwall und S\u00fcdengland: eine perfekte Kombination","potentialAction":[{"@type":"SearchAction","target":{"@type":"EntryPoint","urlTemplate":"https:\/\/www.urlaubcornwall.de\/blog\/?s={search_term_string}"},"query-input":"required name=search_term_string"}],"inLanguage":"en-US"},{"@type":"WebPage","@id":"https:\/\/www.urlaubcornwall.de\/blog\/ferienwohnung-in-eastbourne-mieten-nr-161703\/","url":"https:\/\/www.urlaubcornwall.de\/blog\/ferienwohnung-in-eastbourne-mieten-nr-161703\/","name":"Ferienwohnung in Eastbourne mieten - Nr 161703 - Urlaub &amp; Reisen","isPartOf":{"@id":"https:\/\/www.urlaubcornwall.de\/blog\/#website"},"datePublished":"2018-04-16T09:43:55+00:00","dateModified":"2021-09-17T12:37:28+00:00","description":"Dieses Ferienwohnung befindet sich in zentraler Lage in der K\u00fcstenstadt Eastbourne. Der Strand ist nur zehn Minuten zu Fu\u00df entfernt: eine gro\u00dfe Fl\u00e4che mit Kies und Sand bei Ebbe. Strandh\u00fctten und Sonnenschirme k\u00f6nnen t\u00e4glich gemietet werden, ideal f\u00fcr diejenigen, die sich zur\u00fccklehnen und die Sonne genie\u00dfen m\u00f6chten. F\u00fcr diejenigen, die aktiver sein m\u00f6chten, gibt es neben dem Princes Park am \u00f6stlichen Ende der Grand Parade ein Wassersportzentrum, das die M\u00f6glichkeit bietet, verschiedene Sportarten wie Stand-up-Paddle-Boarding oder Windsurfen auszuprobieren. Segel- und Flo\u00dfbau.","breadcrumb":{"@id":"https:\/\/www.urlaubcornwall.de\/blog\/ferienwohnung-in-eastbourne-mieten-nr-161703\/#breadcrumb"},"inLanguage":"en-US","potentialAction":[{"@type":"ReadAction","target":["https:\/\/www.urlaubcornwall.de\/blog\/ferienwohnung-in-eastbourne-mieten-nr-161703\/"]}]},{"@type":"BreadcrumbList","@id":"https:\/\/www.urlaubcornwall.de\/blog\/ferienwohnung-in-eastbourne-mieten-nr-161703\/#breadcrumb","itemListElement":[{"@type":"ListItem","position":1,"name":"Home","item":"https:\/\/www.urlaubcornwall.de\/blog\/"},{"@type":"ListItem","position":2,"name":"Ferienwohnung in Eastbourne mieten &#8211; Nr 161703"}]}]}},"_links":{"self":[{"href":"https:\/\/www.urlaubcornwall.de\/blog\/wp-json\/wp\/v2\/pages\/33600"}],"collection":[{"href":"https:\/\/www.urlaubcornwall.de\/blog\/wp-json\/wp\/v2\/pages"}],"about":[{"href":"https:\/\/www.urlaubcornwall.de\/blog\/wp-json\/wp\/v2\/types\/page"}],"author":[{"embeddable":true,"href":"https:\/\/www.urlaubcornwall.de\/blog\/wp-json\/wp\/v2\/users\/1"}],"replies":[{"embeddable":true,"href":"https:\/\/www.urlaubcornwall.de\/blog\/wp-json\/wp\/v2\/comments?post=33600"}],"version-history":[{"count":3,"href":"https:\/\/www.urlaubcornwall.de\/blog\/wp-json\/wp\/v2\/pages\/33600\/revisions"}],"predecessor-version":[{"id":42910,"href":"https:\/\/www.urlaubcornwall.de\/blog\/wp-json\/wp\/v2\/pages\/33600\/revisions\/42910"}],"wp:attachment":[{"href":"https:\/\/www.urlaubcornwall.de\/blog\/wp-json\/wp\/v2\/media?parent=33600"}],"curies":[{"name":"wp","href":"https:\/\/api.w.org\/{rel}","templated":true}]}}