{"id":33558,"date":"2018-04-10T15:14:15","date_gmt":"2018-04-10T15:14:15","guid":{"rendered":"https:\/\/www.urlaubcornwall.de\/blog\/?page_id=33558"},"modified":"2021-09-17T11:05:19","modified_gmt":"2021-09-17T11:05:19","slug":"ferienhaus-in-blairgowrie-urlaub-in-perthshire","status":"publish","type":"page","link":"https:\/\/www.urlaubcornwall.de\/blog\/ferienhaus-in-blairgowrie-urlaub-in-perthshire\/","title":{"rendered":"Ferienhaus in Blairgowrie &#8211; Urlaub in Perthshire"},"content":{"rendered":"<p><img loading=\"lazy\" class=\"aligncenter size-full wp-image-33561\" src=\"https:\/\/www.urlaubcornwall.de\/blog\/wp-content\/uploads\/2018\/04\/ferienhaus-blairgowrie-perthshire.jpg\" alt=\"ferienhaus blairgowrie perthshire\" width=\"749\" height=\"474\"\/><\/p>\n<p><strong>Hundefreundlich Ferienhaus in Aberfeldy mit 3 Schlafzimmern, Schlafgelegenheiten 6<\/strong><\/p>\n<p>Dieses wundersch\u00f6ne ger\u00e4umige freistehende Ferienhaus genie\u00dft eine herrliche Aussicht auf die Berge und die Landschaft. Perfekt f\u00fcr Familien und Gruppen von Freunden, die einen l\u00e4ndlichen R\u00fcckzugsort in dieser wundersch\u00f6nen Gegend suchen. Das Hotel liegt am Rande des Cairngorm National Park direkt an der Grenze zwischen den Grafschaften Perthshire und Angus. Diese unber\u00fchrte Region Schottlands hat eine bezaubernde Mischung aus gr\u00fcnen H\u00fcgeln, bewaldeten T\u00e4lern, Fl\u00fcssen und Wasserf\u00e4llen. Graswiesen sind ein Paradies f\u00fcr Wildtiere und Sie k\u00f6nnen Hirsche, Eichh\u00f6rnchen, Otter und Schleiereulen.<\/p>\n<p style=\"text-align: center;\"><a class=\"tidycta\" href=\"https:\/\/www.urlaubcornwall.de\/ferienhaus-suchen.php?cnt=sco&#038;action=search&#038;rgn=0&#038;minA=0&#038;minB=0&#038;pet=0&#038;bed=0&#038;nday=0&#038;fromDate=Alle&#038;nlm=20&#038;nlc=Perth\">Ferienh\u00e4user Perthshire<\/a><\/p>\n<p style=\"text-align: center;\">Pers\u00f6nlich inspizierte Ferienh\u00e4user und Ferienwohnungen f\u00fcr Ihren <a href=\"https:\/\/www.urlaubcornwall.de\/ferienhaeuser\/schottland.php\">Urlaub in Schottland<\/a>.<\/p>\n","protected":false},"excerpt":{"rendered":"<p>Hundefreundlich Ferienhaus in Aberfeldy mit 3 Schlafzimmern, Schlafgelegenheiten 6 Dieses wundersch\u00f6ne ger\u00e4umige freistehende Ferienhaus genie\u00dft eine herrliche Aussicht auf die Berge und die Landschaft. Perfekt f\u00fcr Familien und Gruppen von Freunden, die einen l\u00e4ndlichen R\u00fcckzugsort in dieser wundersch\u00f6nen Gegend suchen. Das Hotel liegt am Rande des Cairngorm National Park direkt an der Grenze zwischen den [&hellip;]<\/p>\n","protected":false},"author":1,"featured_media":0,"parent":0,"menu_order":0,"comment_status":"closed","ping_status":"closed","template":"single-four.php","meta":[],"acf":[],"yoast_head":"<!-- This site is optimized with the Yoast SEO plugin v19.4 - https:\/\/yoast.com\/wordpress\/plugins\/seo\/ -->\n<title>Ferienhaus in Blairgowrie - Urlaub in Perthshire - Urlaub &amp; Reisen<\/title>\n<meta name=\"description\" content=\"Dieses wundersch\u00f6ne ger\u00e4umige freistehende Ferienhaus genie\u00dft eine herrliche Aussicht auf die Berge und die Landschaft. Perfekt f\u00fcr Familien und Gruppen von Freunden, die einen l\u00e4ndlichen R\u00fcckzugsort in dieser wundersch\u00f6nen Gegend suchen. Das Hotel liegt am Rande des Cairngorm National Park\" \/>\n<meta name=\"robots\" content=\"index, follow, max-snippet:-1, max-image-preview:large, max-video-preview:-1\" \/>\n<link rel=\"canonical\" href=\"https:\/\/www.urlaubcornwall.de\/blog\/ferienhaus-in-blairgowrie-urlaub-in-perthshire\/\" \/>\n<meta property=\"og:locale\" content=\"en_US\" \/>\n<meta property=\"og:type\" content=\"article\" \/>\n<meta property=\"og:title\" content=\"Ferienhaus in Blairgowrie - Urlaub in Perthshire - Urlaub &amp; Reisen\" \/>\n<meta property=\"og:description\" content=\"Dieses wundersch\u00f6ne ger\u00e4umige freistehende Ferienhaus genie\u00dft eine herrliche Aussicht auf die Berge und die Landschaft. Perfekt f\u00fcr Familien und Gruppen von Freunden, die einen l\u00e4ndlichen R\u00fcckzugsort in dieser wundersch\u00f6nen Gegend suchen. Das Hotel liegt am Rande des Cairngorm National Park\" \/>\n<meta property=\"og:url\" content=\"https:\/\/www.urlaubcornwall.de\/blog\/ferienhaus-in-blairgowrie-urlaub-in-perthshire\/\" \/>\n<meta property=\"og:site_name\" content=\"Urlaub &amp; Reisen\" \/>\n<meta property=\"article:modified_time\" content=\"2021-09-17T11:05:19+00:00\" \/>\n<meta property=\"og:image\" content=\"https:\/\/www.urlaubcornwall.de\/blog\/wp-content\/uploads\/2018\/04\/ferienhaus-blairgowrie-perthshire.jpg\" \/>\n<meta name=\"twitter:card\" content=\"summary\" \/>\n<meta name=\"twitter:label1\" content=\"Est. reading time\" \/>\n\t<meta name=\"twitter:data1\" content=\"1 minute\" \/>\n<script type=\"application\/ld+json\" class=\"yoast-schema-graph\">{\"@context\":\"https:\/\/schema.org\",\"@graph\":[{\"@type\":\"WebSite\",\"@id\":\"https:\/\/www.urlaubcornwall.de\/blog\/#website\",\"url\":\"https:\/\/www.urlaubcornwall.de\/blog\/\",\"name\":\"Urlaub &amp; Reisen\",\"description\":\"Urlaub, Reisen, Cornwall und S\u00fcdengland: eine perfekte Kombination\",\"potentialAction\":[{\"@type\":\"SearchAction\",\"target\":{\"@type\":\"EntryPoint\",\"urlTemplate\":\"https:\/\/www.urlaubcornwall.de\/blog\/?s={search_term_string}\"},\"query-input\":\"required name=search_term_string\"}],\"inLanguage\":\"en-US\"},{\"@type\":\"WebPage\",\"@id\":\"https:\/\/www.urlaubcornwall.de\/blog\/ferienhaus-in-blairgowrie-urlaub-in-perthshire\/\",\"url\":\"https:\/\/www.urlaubcornwall.de\/blog\/ferienhaus-in-blairgowrie-urlaub-in-perthshire\/\",\"name\":\"Ferienhaus in Blairgowrie - Urlaub in Perthshire - Urlaub &amp; Reisen\",\"isPartOf\":{\"@id\":\"https:\/\/www.urlaubcornwall.de\/blog\/#website\"},\"datePublished\":\"2018-04-10T15:14:15+00:00\",\"dateModified\":\"2021-09-17T11:05:19+00:00\",\"description\":\"Dieses wundersch\u00f6ne ger\u00e4umige freistehende Ferienhaus genie\u00dft eine herrliche Aussicht auf die Berge und die Landschaft. Perfekt f\u00fcr Familien und Gruppen von Freunden, die einen l\u00e4ndlichen R\u00fcckzugsort in dieser wundersch\u00f6nen Gegend suchen. Das Hotel liegt am Rande des Cairngorm National Park\",\"breadcrumb\":{\"@id\":\"https:\/\/www.urlaubcornwall.de\/blog\/ferienhaus-in-blairgowrie-urlaub-in-perthshire\/#breadcrumb\"},\"inLanguage\":\"en-US\",\"potentialAction\":[{\"@type\":\"ReadAction\",\"target\":[\"https:\/\/www.urlaubcornwall.de\/blog\/ferienhaus-in-blairgowrie-urlaub-in-perthshire\/\"]}]},{\"@type\":\"BreadcrumbList\",\"@id\":\"https:\/\/www.urlaubcornwall.de\/blog\/ferienhaus-in-blairgowrie-urlaub-in-perthshire\/#breadcrumb\",\"itemListElement\":[{\"@type\":\"ListItem\",\"position\":1,\"name\":\"Home\",\"item\":\"https:\/\/www.urlaubcornwall.de\/blog\/\"},{\"@type\":\"ListItem\",\"position\":2,\"name\":\"Ferienhaus in Blairgowrie &#8211; Urlaub in Perthshire\"}]}]}<\/script>\n<!-- \/ Yoast SEO plugin. -->","yoast_head_json":{"title":"Ferienhaus in Blairgowrie - Urlaub in Perthshire - Urlaub &amp; Reisen","description":"Dieses wundersch\u00f6ne ger\u00e4umige freistehende Ferienhaus genie\u00dft eine herrliche Aussicht auf die Berge und die Landschaft. Perfekt f\u00fcr Familien und Gruppen von Freunden, die einen l\u00e4ndlichen R\u00fcckzugsort in dieser wundersch\u00f6nen Gegend suchen. Das Hotel liegt am Rande des Cairngorm National Park","robots":{"index":"index","follow":"follow","max-snippet":"max-snippet:-1","max-image-preview":"max-image-preview:large","max-video-preview":"max-video-preview:-1"},"canonical":"https:\/\/www.urlaubcornwall.de\/blog\/ferienhaus-in-blairgowrie-urlaub-in-perthshire\/","og_locale":"en_US","og_type":"article","og_title":"Ferienhaus in Blairgowrie - Urlaub in Perthshire - Urlaub &amp; Reisen","og_description":"Dieses wundersch\u00f6ne ger\u00e4umige freistehende Ferienhaus genie\u00dft eine herrliche Aussicht auf die Berge und die Landschaft. Perfekt f\u00fcr Familien und Gruppen von Freunden, die einen l\u00e4ndlichen R\u00fcckzugsort in dieser wundersch\u00f6nen Gegend suchen. Das Hotel liegt am Rande des Cairngorm National Park","og_url":"https:\/\/www.urlaubcornwall.de\/blog\/ferienhaus-in-blairgowrie-urlaub-in-perthshire\/","og_site_name":"Urlaub &amp; Reisen","article_modified_time":"2021-09-17T11:05:19+00:00","og_image":[{"url":"https:\/\/www.urlaubcornwall.de\/blog\/wp-content\/uploads\/2018\/04\/ferienhaus-blairgowrie-perthshire.jpg"}],"twitter_card":"summary","twitter_misc":{"Est. reading time":"1 minute"},"schema":{"@context":"https:\/\/schema.org","@graph":[{"@type":"WebSite","@id":"https:\/\/www.urlaubcornwall.de\/blog\/#website","url":"https:\/\/www.urlaubcornwall.de\/blog\/","name":"Urlaub &amp; Reisen","description":"Urlaub, Reisen, Cornwall und S\u00fcdengland: eine perfekte Kombination","potentialAction":[{"@type":"SearchAction","target":{"@type":"EntryPoint","urlTemplate":"https:\/\/www.urlaubcornwall.de\/blog\/?s={search_term_string}"},"query-input":"required name=search_term_string"}],"inLanguage":"en-US"},{"@type":"WebPage","@id":"https:\/\/www.urlaubcornwall.de\/blog\/ferienhaus-in-blairgowrie-urlaub-in-perthshire\/","url":"https:\/\/www.urlaubcornwall.de\/blog\/ferienhaus-in-blairgowrie-urlaub-in-perthshire\/","name":"Ferienhaus in Blairgowrie - Urlaub in Perthshire - Urlaub &amp; Reisen","isPartOf":{"@id":"https:\/\/www.urlaubcornwall.de\/blog\/#website"},"datePublished":"2018-04-10T15:14:15+00:00","dateModified":"2021-09-17T11:05:19+00:00","description":"Dieses wundersch\u00f6ne ger\u00e4umige freistehende Ferienhaus genie\u00dft eine herrliche Aussicht auf die Berge und die Landschaft. Perfekt f\u00fcr Familien und Gruppen von Freunden, die einen l\u00e4ndlichen R\u00fcckzugsort in dieser wundersch\u00f6nen Gegend suchen. Das Hotel liegt am Rande des Cairngorm National Park","breadcrumb":{"@id":"https:\/\/www.urlaubcornwall.de\/blog\/ferienhaus-in-blairgowrie-urlaub-in-perthshire\/#breadcrumb"},"inLanguage":"en-US","potentialAction":[{"@type":"ReadAction","target":["https:\/\/www.urlaubcornwall.de\/blog\/ferienhaus-in-blairgowrie-urlaub-in-perthshire\/"]}]},{"@type":"BreadcrumbList","@id":"https:\/\/www.urlaubcornwall.de\/blog\/ferienhaus-in-blairgowrie-urlaub-in-perthshire\/#breadcrumb","itemListElement":[{"@type":"ListItem","position":1,"name":"Home","item":"https:\/\/www.urlaubcornwall.de\/blog\/"},{"@type":"ListItem","position":2,"name":"Ferienhaus in Blairgowrie &#8211; Urlaub in Perthshire"}]}]}},"_links":{"self":[{"href":"https:\/\/www.urlaubcornwall.de\/blog\/wp-json\/wp\/v2\/pages\/33558"}],"collection":[{"href":"https:\/\/www.urlaubcornwall.de\/blog\/wp-json\/wp\/v2\/pages"}],"about":[{"href":"https:\/\/www.urlaubcornwall.de\/blog\/wp-json\/wp\/v2\/types\/page"}],"author":[{"embeddable":true,"href":"https:\/\/www.urlaubcornwall.de\/blog\/wp-json\/wp\/v2\/users\/1"}],"replies":[{"embeddable":true,"href":"https:\/\/www.urlaubcornwall.de\/blog\/wp-json\/wp\/v2\/comments?post=33558"}],"version-history":[{"count":5,"href":"https:\/\/www.urlaubcornwall.de\/blog\/wp-json\/wp\/v2\/pages\/33558\/revisions"}],"predecessor-version":[{"id":42862,"href":"https:\/\/www.urlaubcornwall.de\/blog\/wp-json\/wp\/v2\/pages\/33558\/revisions\/42862"}],"wp:attachment":[{"href":"https:\/\/www.urlaubcornwall.de\/blog\/wp-json\/wp\/v2\/media?parent=33558"}],"curies":[{"name":"wp","href":"https:\/\/api.w.org\/{rel}","templated":true}]}}