{"id":33555,"date":"2018-04-10T14:24:34","date_gmt":"2018-04-10T14:24:34","guid":{"rendered":"https:\/\/www.urlaubcornwall.de\/blog\/?page_id=33555"},"modified":"2021-09-17T11:03:35","modified_gmt":"2021-09-17T11:03:35","slug":"ferienhaus-in-aberfeldy-nahe-pitlochry","status":"publish","type":"page","link":"https:\/\/www.urlaubcornwall.de\/blog\/ferienhaus-in-aberfeldy-nahe-pitlochry\/","title":{"rendered":"Ferienhaus in Aberfeldy nahe Pitlochry"},"content":{"rendered":"<p><img loading=\"lazy\" class=\"aligncenter size-full wp-image-33556\" src=\"https:\/\/www.urlaubcornwall.de\/blog\/wp-content\/uploads\/2018\/04\/ferienhaus-aberfeldy-nahe-pitlochry.jpg\" alt=\"ferienhaus aberfeldy nahe pitlochry\" width=\"749\" height=\"485\"\/><\/p>\n<p><strong>Ferienhaus in Aberfeldy mit 1 Schlafzimmern, Schlafgelegenheiten 2<\/strong><\/p>\n<p>Dieses Ferienhaus befindet sich in einer privaten Lage im Herzen der Postkartenstadt Aberfeldy. Die Stadt bietet eine Reihe von ausgezeichneten Restaurants, freundliche Gasth\u00e4user, Gesch\u00e4fte und ein Kino. Aberfeldy liegt am Fluss Tay, ideal zum Angeln auf Lachs und Forellen. Inmitten herrlicher Landschaft und ist der ideale Ausgangspunkt f\u00fcr die Erkundung der Lochs und T\u00e4ler von Highland Perthshire. Die Gegend bietet eine F\u00fclle von Outdoor-Aktivit\u00e4ten wie Golf, Wandern, Klettern, Radfahren, Kanufahren, Segeln, Angeln, Ornithologie, Bergsafaris, Offroad-Fahren und Reiten. Genie\u00dfen Sie eine Bootsfahrt auf Loch Tay, erkunden Sie Glen Lyon, Schottlands l\u00e4ngstes Glen, oder besuchen Sie Dewar&#8217;s Aberfeldy Distillery.<\/p>\n<p style=\"text-align: center;\"><a class=\"tidycta\" href=\"https:\/\/www.urlaubcornwall.de\/ferienhaus-suchen.php?cnt=sco&#038;action=search&#038;rgn=0&#038;minA=0&#038;minB=0&#038;pet=0&#038;bed=0&#038;nday=0&#038;fromDate=Alle&#038;nlm=15&#038;nlc=Aberfeldy\">Suche Ferienh\u00e4user Aberfeldy<\/a><\/p>\n<p style=\"text-align: center;\">Pers\u00f6nlich inspizierte Ferienh\u00e4user und Ferienwohnungen f\u00fcr Ihren <a href=\"https:\/\/www.urlaubcornwall.de\/ferienhaeuser\/schottland.php\">Urlaub in Schottland<\/a>.<\/p>\n","protected":false},"excerpt":{"rendered":"<p>Ferienhaus in Aberfeldy mit 1 Schlafzimmern, Schlafgelegenheiten 2 Dieses Ferienhaus befindet sich in einer privaten Lage im Herzen der Postkartenstadt Aberfeldy. Die Stadt bietet eine Reihe von ausgezeichneten Restaurants, freundliche Gasth\u00e4user, Gesch\u00e4fte und ein Kino. Aberfeldy liegt am Fluss Tay, ideal zum Angeln auf Lachs und Forellen. Inmitten herrlicher Landschaft und ist der ideale Ausgangspunkt [&hellip;]<\/p>\n","protected":false},"author":1,"featured_media":0,"parent":0,"menu_order":0,"comment_status":"closed","ping_status":"closed","template":"single-four.php","meta":[],"acf":[],"yoast_head":"<!-- This site is optimized with the Yoast SEO plugin v19.4 - https:\/\/yoast.com\/wordpress\/plugins\/seo\/ -->\n<title>Ferienhaus in Aberfeldy nahe Pitlochry - Urlaub &amp; Reisen<\/title>\n<meta name=\"description\" content=\"Dieses Ferienhaus befindet sich in einer privaten Lage im Herzen der Postkartenstadt Aberfeldy. Die Stadt bietet eine Reihe von ausgezeichneten Restaurants, freundliche Gasth\u00e4user, Gesch\u00e4fte und ein Kino. Aberfeldy liegt am Fluss Tay, ideal zum Angeln auf Lachs und Forellen\" \/>\n<meta name=\"robots\" content=\"index, follow, max-snippet:-1, max-image-preview:large, max-video-preview:-1\" \/>\n<link rel=\"canonical\" href=\"https:\/\/www.urlaubcornwall.de\/blog\/ferienhaus-in-aberfeldy-nahe-pitlochry\/\" \/>\n<meta property=\"og:locale\" content=\"en_US\" \/>\n<meta property=\"og:type\" content=\"article\" \/>\n<meta property=\"og:title\" content=\"Ferienhaus in Aberfeldy nahe Pitlochry - Urlaub &amp; Reisen\" \/>\n<meta property=\"og:description\" content=\"Dieses Ferienhaus befindet sich in einer privaten Lage im Herzen der Postkartenstadt Aberfeldy. Die Stadt bietet eine Reihe von ausgezeichneten Restaurants, freundliche Gasth\u00e4user, Gesch\u00e4fte und ein Kino. Aberfeldy liegt am Fluss Tay, ideal zum Angeln auf Lachs und Forellen\" \/>\n<meta property=\"og:url\" content=\"https:\/\/www.urlaubcornwall.de\/blog\/ferienhaus-in-aberfeldy-nahe-pitlochry\/\" \/>\n<meta property=\"og:site_name\" content=\"Urlaub &amp; Reisen\" \/>\n<meta property=\"article:modified_time\" content=\"2021-09-17T11:03:35+00:00\" \/>\n<meta property=\"og:image\" content=\"https:\/\/www.urlaubcornwall.de\/blog\/wp-content\/uploads\/2018\/04\/ferienhaus-aberfeldy-nahe-pitlochry.jpg\" \/>\n<meta name=\"twitter:card\" content=\"summary\" \/>\n<meta name=\"twitter:label1\" content=\"Est. reading time\" \/>\n\t<meta name=\"twitter:data1\" content=\"1 minute\" \/>\n<script type=\"application\/ld+json\" class=\"yoast-schema-graph\">{\"@context\":\"https:\/\/schema.org\",\"@graph\":[{\"@type\":\"WebSite\",\"@id\":\"https:\/\/www.urlaubcornwall.de\/blog\/#website\",\"url\":\"https:\/\/www.urlaubcornwall.de\/blog\/\",\"name\":\"Urlaub &amp; Reisen\",\"description\":\"Urlaub, Reisen, Cornwall und S\u00fcdengland: eine perfekte Kombination\",\"potentialAction\":[{\"@type\":\"SearchAction\",\"target\":{\"@type\":\"EntryPoint\",\"urlTemplate\":\"https:\/\/www.urlaubcornwall.de\/blog\/?s={search_term_string}\"},\"query-input\":\"required name=search_term_string\"}],\"inLanguage\":\"en-US\"},{\"@type\":\"WebPage\",\"@id\":\"https:\/\/www.urlaubcornwall.de\/blog\/ferienhaus-in-aberfeldy-nahe-pitlochry\/\",\"url\":\"https:\/\/www.urlaubcornwall.de\/blog\/ferienhaus-in-aberfeldy-nahe-pitlochry\/\",\"name\":\"Ferienhaus in Aberfeldy nahe Pitlochry - Urlaub &amp; Reisen\",\"isPartOf\":{\"@id\":\"https:\/\/www.urlaubcornwall.de\/blog\/#website\"},\"datePublished\":\"2018-04-10T14:24:34+00:00\",\"dateModified\":\"2021-09-17T11:03:35+00:00\",\"description\":\"Dieses Ferienhaus befindet sich in einer privaten Lage im Herzen der Postkartenstadt Aberfeldy. Die Stadt bietet eine Reihe von ausgezeichneten Restaurants, freundliche Gasth\u00e4user, Gesch\u00e4fte und ein Kino. Aberfeldy liegt am Fluss Tay, ideal zum Angeln auf Lachs und Forellen\",\"breadcrumb\":{\"@id\":\"https:\/\/www.urlaubcornwall.de\/blog\/ferienhaus-in-aberfeldy-nahe-pitlochry\/#breadcrumb\"},\"inLanguage\":\"en-US\",\"potentialAction\":[{\"@type\":\"ReadAction\",\"target\":[\"https:\/\/www.urlaubcornwall.de\/blog\/ferienhaus-in-aberfeldy-nahe-pitlochry\/\"]}]},{\"@type\":\"BreadcrumbList\",\"@id\":\"https:\/\/www.urlaubcornwall.de\/blog\/ferienhaus-in-aberfeldy-nahe-pitlochry\/#breadcrumb\",\"itemListElement\":[{\"@type\":\"ListItem\",\"position\":1,\"name\":\"Home\",\"item\":\"https:\/\/www.urlaubcornwall.de\/blog\/\"},{\"@type\":\"ListItem\",\"position\":2,\"name\":\"Ferienhaus in Aberfeldy nahe Pitlochry\"}]}]}<\/script>\n<!-- \/ Yoast SEO plugin. -->","yoast_head_json":{"title":"Ferienhaus in Aberfeldy nahe Pitlochry - Urlaub &amp; Reisen","description":"Dieses Ferienhaus befindet sich in einer privaten Lage im Herzen der Postkartenstadt Aberfeldy. Die Stadt bietet eine Reihe von ausgezeichneten Restaurants, freundliche Gasth\u00e4user, Gesch\u00e4fte und ein Kino. Aberfeldy liegt am Fluss Tay, ideal zum Angeln auf Lachs und Forellen","robots":{"index":"index","follow":"follow","max-snippet":"max-snippet:-1","max-image-preview":"max-image-preview:large","max-video-preview":"max-video-preview:-1"},"canonical":"https:\/\/www.urlaubcornwall.de\/blog\/ferienhaus-in-aberfeldy-nahe-pitlochry\/","og_locale":"en_US","og_type":"article","og_title":"Ferienhaus in Aberfeldy nahe Pitlochry - Urlaub &amp; Reisen","og_description":"Dieses Ferienhaus befindet sich in einer privaten Lage im Herzen der Postkartenstadt Aberfeldy. Die Stadt bietet eine Reihe von ausgezeichneten Restaurants, freundliche Gasth\u00e4user, Gesch\u00e4fte und ein Kino. Aberfeldy liegt am Fluss Tay, ideal zum Angeln auf Lachs und Forellen","og_url":"https:\/\/www.urlaubcornwall.de\/blog\/ferienhaus-in-aberfeldy-nahe-pitlochry\/","og_site_name":"Urlaub &amp; Reisen","article_modified_time":"2021-09-17T11:03:35+00:00","og_image":[{"url":"https:\/\/www.urlaubcornwall.de\/blog\/wp-content\/uploads\/2018\/04\/ferienhaus-aberfeldy-nahe-pitlochry.jpg"}],"twitter_card":"summary","twitter_misc":{"Est. reading time":"1 minute"},"schema":{"@context":"https:\/\/schema.org","@graph":[{"@type":"WebSite","@id":"https:\/\/www.urlaubcornwall.de\/blog\/#website","url":"https:\/\/www.urlaubcornwall.de\/blog\/","name":"Urlaub &amp; Reisen","description":"Urlaub, Reisen, Cornwall und S\u00fcdengland: eine perfekte Kombination","potentialAction":[{"@type":"SearchAction","target":{"@type":"EntryPoint","urlTemplate":"https:\/\/www.urlaubcornwall.de\/blog\/?s={search_term_string}"},"query-input":"required name=search_term_string"}],"inLanguage":"en-US"},{"@type":"WebPage","@id":"https:\/\/www.urlaubcornwall.de\/blog\/ferienhaus-in-aberfeldy-nahe-pitlochry\/","url":"https:\/\/www.urlaubcornwall.de\/blog\/ferienhaus-in-aberfeldy-nahe-pitlochry\/","name":"Ferienhaus in Aberfeldy nahe Pitlochry - Urlaub &amp; Reisen","isPartOf":{"@id":"https:\/\/www.urlaubcornwall.de\/blog\/#website"},"datePublished":"2018-04-10T14:24:34+00:00","dateModified":"2021-09-17T11:03:35+00:00","description":"Dieses Ferienhaus befindet sich in einer privaten Lage im Herzen der Postkartenstadt Aberfeldy. Die Stadt bietet eine Reihe von ausgezeichneten Restaurants, freundliche Gasth\u00e4user, Gesch\u00e4fte und ein Kino. Aberfeldy liegt am Fluss Tay, ideal zum Angeln auf Lachs und Forellen","breadcrumb":{"@id":"https:\/\/www.urlaubcornwall.de\/blog\/ferienhaus-in-aberfeldy-nahe-pitlochry\/#breadcrumb"},"inLanguage":"en-US","potentialAction":[{"@type":"ReadAction","target":["https:\/\/www.urlaubcornwall.de\/blog\/ferienhaus-in-aberfeldy-nahe-pitlochry\/"]}]},{"@type":"BreadcrumbList","@id":"https:\/\/www.urlaubcornwall.de\/blog\/ferienhaus-in-aberfeldy-nahe-pitlochry\/#breadcrumb","itemListElement":[{"@type":"ListItem","position":1,"name":"Home","item":"https:\/\/www.urlaubcornwall.de\/blog\/"},{"@type":"ListItem","position":2,"name":"Ferienhaus in Aberfeldy nahe Pitlochry"}]}]}},"_links":{"self":[{"href":"https:\/\/www.urlaubcornwall.de\/blog\/wp-json\/wp\/v2\/pages\/33555"}],"collection":[{"href":"https:\/\/www.urlaubcornwall.de\/blog\/wp-json\/wp\/v2\/pages"}],"about":[{"href":"https:\/\/www.urlaubcornwall.de\/blog\/wp-json\/wp\/v2\/types\/page"}],"author":[{"embeddable":true,"href":"https:\/\/www.urlaubcornwall.de\/blog\/wp-json\/wp\/v2\/users\/1"}],"replies":[{"embeddable":true,"href":"https:\/\/www.urlaubcornwall.de\/blog\/wp-json\/wp\/v2\/comments?post=33555"}],"version-history":[{"count":4,"href":"https:\/\/www.urlaubcornwall.de\/blog\/wp-json\/wp\/v2\/pages\/33555\/revisions"}],"predecessor-version":[{"id":42860,"href":"https:\/\/www.urlaubcornwall.de\/blog\/wp-json\/wp\/v2\/pages\/33555\/revisions\/42860"}],"wp:attachment":[{"href":"https:\/\/www.urlaubcornwall.de\/blog\/wp-json\/wp\/v2\/media?parent=33555"}],"curies":[{"name":"wp","href":"https:\/\/api.w.org\/{rel}","templated":true}]}}