{"id":33546,"date":"2018-04-09T15:30:52","date_gmt":"2018-04-09T15:30:52","guid":{"rendered":"https:\/\/www.urlaubcornwall.de\/blog\/?page_id=33546"},"modified":"2021-09-17T12:38:37","modified_gmt":"2021-09-17T12:38:37","slug":"ferienwohnung-in-eastbourne-mit-meerblick","status":"publish","type":"page","link":"https:\/\/www.urlaubcornwall.de\/blog\/ferienwohnung-in-eastbourne-mit-meerblick\/","title":{"rendered":"Ferienwohnung in Eastbourne mit Meerblick"},"content":{"rendered":"<p><img loading=\"lazy\" class=\"aligncenter size-full wp-image-33547\" src=\"https:\/\/www.urlaubcornwall.de\/blog\/wp-content\/uploads\/2018\/04\/ferienhaus-eastbourne-meerblick.jpg\" alt=\"ferienhaus eastbourne meerblick\" width=\"749\" height=\"558\"\/><\/p>\n<p><strong>Ferienwohnung in Eastbourne am Meer mit 2 Schlafzimmern, Schlafgelegenheiten 4<\/strong><\/p>\n<p>Dieses stilvolle Apartment befindet sich direkt am Strand in einer ruhigen Wohngegend in der N\u00e4he des Sovereign Harbour Marina mit einer gro\u00dfen Auswahl an Gesch\u00e4ften, Restaurants, Pubs und Kinos. Der ruhige Strand ist ideal zum Schwimmen, Segeln und Angeln, nur eine kurze Fahrt von der Unterkunft entfernt liegt das Dorf Pevensey mit seiner eigenen Burg. Weiter entlang der K\u00fcste sind die St\u00e4dte Eastbourne und <a href=\"https:\/\/www.urlaubcornwall.de\/ferienhaeuser-fewos\/eng\/sussex\/bexhill-on-sea.html\">Bexhill-on-Sea. <\/a>The Towner in Eastbourne ist jetzt eine stilvolle Galerie f\u00fcr zeitgen\u00f6ssische Kunst und sollte man nicht verpassen. F\u00fcr Tierfreunde bietet der Drusilla&#8217;s Zoo in Alfriston einen tollen Familientag.<\/p>\n<p style=\"text-align: center;\"><a class=\"tidycta\" href=\"https:\/\/www.urlaubcornwall.de\/ferienhaeuser-fewos\/eng\/sussex\/eastbourne-am-meer.html\">Suche Ferienh\u00e4user Eastbourne<\/a><\/p>\n<p style=\"text-align: center;\">Pers\u00f6nlich inspizierte <a href=\"https:\/\/www.urlaubcornwall.de\/ferienhaeuser\/sussex.php\">Ferienh\u00e4user und Ferienwohnungen in Sussex<\/a> f\u00fcr Ihren Urlaub.<\/p>\n","protected":false},"excerpt":{"rendered":"<p>Ferienwohnung in Eastbourne am Meer mit 2 Schlafzimmern, Schlafgelegenheiten 4 Dieses stilvolle Apartment befindet sich direkt am Strand in einer ruhigen Wohngegend in der N\u00e4he des Sovereign Harbour Marina mit einer gro\u00dfen Auswahl an Gesch\u00e4ften, Restaurants, Pubs und Kinos. Der ruhige Strand ist ideal zum Schwimmen, Segeln und Angeln, nur eine kurze Fahrt von der [&hellip;]<\/p>\n","protected":false},"author":1,"featured_media":0,"parent":0,"menu_order":0,"comment_status":"closed","ping_status":"closed","template":"single-four.php","meta":[],"acf":[],"yoast_head":"<!-- This site is optimized with the Yoast SEO plugin v19.4 - https:\/\/yoast.com\/wordpress\/plugins\/seo\/ -->\n<title>Ferienwohnung in Eastbourne mit Meerblick - Urlaub &amp; Reisen<\/title>\n<meta name=\"description\" content=\"Dieses stilvolle Apartment befindet sich direkt am Strand in einer ruhigen Wohngegend in der N\u00e4he des Sovereign Harbour Marina mit einer gro\u00dfen Auswahl an Gesch\u00e4ften, Restaurants, Pubs und Kinos. Der ruhige Strand ist ideal zum Schwimmen, Segeln und Angeln, nur eine kurze Fahrt von der Unterkunft entfernt liegt das Dorf Pevensey mit seiner eigenen Burg. Weiter entlang der K\u00fcste sind die St\u00e4dte Eastbourne und Bexhill-on-Sea. The Towner in Eastbourne\" \/>\n<meta name=\"robots\" content=\"index, follow, max-snippet:-1, max-image-preview:large, max-video-preview:-1\" \/>\n<link rel=\"canonical\" href=\"https:\/\/www.urlaubcornwall.de\/blog\/ferienwohnung-in-eastbourne-mit-meerblick\/\" \/>\n<meta property=\"og:locale\" content=\"en_US\" \/>\n<meta property=\"og:type\" content=\"article\" \/>\n<meta property=\"og:title\" content=\"Ferienwohnung in Eastbourne mit Meerblick - Urlaub &amp; Reisen\" \/>\n<meta property=\"og:description\" content=\"Dieses stilvolle Apartment befindet sich direkt am Strand in einer ruhigen Wohngegend in der N\u00e4he des Sovereign Harbour Marina mit einer gro\u00dfen Auswahl an Gesch\u00e4ften, Restaurants, Pubs und Kinos. Der ruhige Strand ist ideal zum Schwimmen, Segeln und Angeln, nur eine kurze Fahrt von der Unterkunft entfernt liegt das Dorf Pevensey mit seiner eigenen Burg. Weiter entlang der K\u00fcste sind die St\u00e4dte Eastbourne und Bexhill-on-Sea. The Towner in Eastbourne\" \/>\n<meta property=\"og:url\" content=\"https:\/\/www.urlaubcornwall.de\/blog\/ferienwohnung-in-eastbourne-mit-meerblick\/\" \/>\n<meta property=\"og:site_name\" content=\"Urlaub &amp; Reisen\" \/>\n<meta property=\"article:modified_time\" content=\"2021-09-17T12:38:37+00:00\" \/>\n<meta property=\"og:image\" content=\"https:\/\/www.urlaubcornwall.de\/blog\/wp-content\/uploads\/2018\/04\/ferienhaus-eastbourne-meerblick.jpg\" \/>\n<meta name=\"twitter:card\" content=\"summary\" \/>\n<meta name=\"twitter:label1\" content=\"Est. reading time\" \/>\n\t<meta name=\"twitter:data1\" content=\"1 minute\" \/>\n<script type=\"application\/ld+json\" class=\"yoast-schema-graph\">{\"@context\":\"https:\/\/schema.org\",\"@graph\":[{\"@type\":\"WebSite\",\"@id\":\"https:\/\/www.urlaubcornwall.de\/blog\/#website\",\"url\":\"https:\/\/www.urlaubcornwall.de\/blog\/\",\"name\":\"Urlaub &amp; Reisen\",\"description\":\"Urlaub, Reisen, Cornwall und S\u00fcdengland: eine perfekte Kombination\",\"potentialAction\":[{\"@type\":\"SearchAction\",\"target\":{\"@type\":\"EntryPoint\",\"urlTemplate\":\"https:\/\/www.urlaubcornwall.de\/blog\/?s={search_term_string}\"},\"query-input\":\"required name=search_term_string\"}],\"inLanguage\":\"en-US\"},{\"@type\":\"WebPage\",\"@id\":\"https:\/\/www.urlaubcornwall.de\/blog\/ferienwohnung-in-eastbourne-mit-meerblick\/\",\"url\":\"https:\/\/www.urlaubcornwall.de\/blog\/ferienwohnung-in-eastbourne-mit-meerblick\/\",\"name\":\"Ferienwohnung in Eastbourne mit Meerblick - Urlaub &amp; Reisen\",\"isPartOf\":{\"@id\":\"https:\/\/www.urlaubcornwall.de\/blog\/#website\"},\"datePublished\":\"2018-04-09T15:30:52+00:00\",\"dateModified\":\"2021-09-17T12:38:37+00:00\",\"description\":\"Dieses stilvolle Apartment befindet sich direkt am Strand in einer ruhigen Wohngegend in der N\u00e4he des Sovereign Harbour Marina mit einer gro\u00dfen Auswahl an Gesch\u00e4ften, Restaurants, Pubs und Kinos. Der ruhige Strand ist ideal zum Schwimmen, Segeln und Angeln, nur eine kurze Fahrt von der Unterkunft entfernt liegt das Dorf Pevensey mit seiner eigenen Burg. Weiter entlang der K\u00fcste sind die St\u00e4dte Eastbourne und Bexhill-on-Sea. The Towner in Eastbourne\",\"breadcrumb\":{\"@id\":\"https:\/\/www.urlaubcornwall.de\/blog\/ferienwohnung-in-eastbourne-mit-meerblick\/#breadcrumb\"},\"inLanguage\":\"en-US\",\"potentialAction\":[{\"@type\":\"ReadAction\",\"target\":[\"https:\/\/www.urlaubcornwall.de\/blog\/ferienwohnung-in-eastbourne-mit-meerblick\/\"]}]},{\"@type\":\"BreadcrumbList\",\"@id\":\"https:\/\/www.urlaubcornwall.de\/blog\/ferienwohnung-in-eastbourne-mit-meerblick\/#breadcrumb\",\"itemListElement\":[{\"@type\":\"ListItem\",\"position\":1,\"name\":\"Home\",\"item\":\"https:\/\/www.urlaubcornwall.de\/blog\/\"},{\"@type\":\"ListItem\",\"position\":2,\"name\":\"Ferienwohnung in Eastbourne mit Meerblick\"}]}]}<\/script>\n<!-- \/ Yoast SEO plugin. -->","yoast_head_json":{"title":"Ferienwohnung in Eastbourne mit Meerblick - Urlaub &amp; Reisen","description":"Dieses stilvolle Apartment befindet sich direkt am Strand in einer ruhigen Wohngegend in der N\u00e4he des Sovereign Harbour Marina mit einer gro\u00dfen Auswahl an Gesch\u00e4ften, Restaurants, Pubs und Kinos. Der ruhige Strand ist ideal zum Schwimmen, Segeln und Angeln, nur eine kurze Fahrt von der Unterkunft entfernt liegt das Dorf Pevensey mit seiner eigenen Burg. Weiter entlang der K\u00fcste sind die St\u00e4dte Eastbourne und Bexhill-on-Sea. The Towner in Eastbourne","robots":{"index":"index","follow":"follow","max-snippet":"max-snippet:-1","max-image-preview":"max-image-preview:large","max-video-preview":"max-video-preview:-1"},"canonical":"https:\/\/www.urlaubcornwall.de\/blog\/ferienwohnung-in-eastbourne-mit-meerblick\/","og_locale":"en_US","og_type":"article","og_title":"Ferienwohnung in Eastbourne mit Meerblick - Urlaub &amp; Reisen","og_description":"Dieses stilvolle Apartment befindet sich direkt am Strand in einer ruhigen Wohngegend in der N\u00e4he des Sovereign Harbour Marina mit einer gro\u00dfen Auswahl an Gesch\u00e4ften, Restaurants, Pubs und Kinos. Der ruhige Strand ist ideal zum Schwimmen, Segeln und Angeln, nur eine kurze Fahrt von der Unterkunft entfernt liegt das Dorf Pevensey mit seiner eigenen Burg. Weiter entlang der K\u00fcste sind die St\u00e4dte Eastbourne und Bexhill-on-Sea. The Towner in Eastbourne","og_url":"https:\/\/www.urlaubcornwall.de\/blog\/ferienwohnung-in-eastbourne-mit-meerblick\/","og_site_name":"Urlaub &amp; Reisen","article_modified_time":"2021-09-17T12:38:37+00:00","og_image":[{"url":"https:\/\/www.urlaubcornwall.de\/blog\/wp-content\/uploads\/2018\/04\/ferienhaus-eastbourne-meerblick.jpg"}],"twitter_card":"summary","twitter_misc":{"Est. reading time":"1 minute"},"schema":{"@context":"https:\/\/schema.org","@graph":[{"@type":"WebSite","@id":"https:\/\/www.urlaubcornwall.de\/blog\/#website","url":"https:\/\/www.urlaubcornwall.de\/blog\/","name":"Urlaub &amp; Reisen","description":"Urlaub, Reisen, Cornwall und S\u00fcdengland: eine perfekte Kombination","potentialAction":[{"@type":"SearchAction","target":{"@type":"EntryPoint","urlTemplate":"https:\/\/www.urlaubcornwall.de\/blog\/?s={search_term_string}"},"query-input":"required name=search_term_string"}],"inLanguage":"en-US"},{"@type":"WebPage","@id":"https:\/\/www.urlaubcornwall.de\/blog\/ferienwohnung-in-eastbourne-mit-meerblick\/","url":"https:\/\/www.urlaubcornwall.de\/blog\/ferienwohnung-in-eastbourne-mit-meerblick\/","name":"Ferienwohnung in Eastbourne mit Meerblick - Urlaub &amp; Reisen","isPartOf":{"@id":"https:\/\/www.urlaubcornwall.de\/blog\/#website"},"datePublished":"2018-04-09T15:30:52+00:00","dateModified":"2021-09-17T12:38:37+00:00","description":"Dieses stilvolle Apartment befindet sich direkt am Strand in einer ruhigen Wohngegend in der N\u00e4he des Sovereign Harbour Marina mit einer gro\u00dfen Auswahl an Gesch\u00e4ften, Restaurants, Pubs und Kinos. Der ruhige Strand ist ideal zum Schwimmen, Segeln und Angeln, nur eine kurze Fahrt von der Unterkunft entfernt liegt das Dorf Pevensey mit seiner eigenen Burg. Weiter entlang der K\u00fcste sind die St\u00e4dte Eastbourne und Bexhill-on-Sea. The Towner in Eastbourne","breadcrumb":{"@id":"https:\/\/www.urlaubcornwall.de\/blog\/ferienwohnung-in-eastbourne-mit-meerblick\/#breadcrumb"},"inLanguage":"en-US","potentialAction":[{"@type":"ReadAction","target":["https:\/\/www.urlaubcornwall.de\/blog\/ferienwohnung-in-eastbourne-mit-meerblick\/"]}]},{"@type":"BreadcrumbList","@id":"https:\/\/www.urlaubcornwall.de\/blog\/ferienwohnung-in-eastbourne-mit-meerblick\/#breadcrumb","itemListElement":[{"@type":"ListItem","position":1,"name":"Home","item":"https:\/\/www.urlaubcornwall.de\/blog\/"},{"@type":"ListItem","position":2,"name":"Ferienwohnung in Eastbourne mit Meerblick"}]}]}},"_links":{"self":[{"href":"https:\/\/www.urlaubcornwall.de\/blog\/wp-json\/wp\/v2\/pages\/33546"}],"collection":[{"href":"https:\/\/www.urlaubcornwall.de\/blog\/wp-json\/wp\/v2\/pages"}],"about":[{"href":"https:\/\/www.urlaubcornwall.de\/blog\/wp-json\/wp\/v2\/types\/page"}],"author":[{"embeddable":true,"href":"https:\/\/www.urlaubcornwall.de\/blog\/wp-json\/wp\/v2\/users\/1"}],"replies":[{"embeddable":true,"href":"https:\/\/www.urlaubcornwall.de\/blog\/wp-json\/wp\/v2\/comments?post=33546"}],"version-history":[{"count":4,"href":"https:\/\/www.urlaubcornwall.de\/blog\/wp-json\/wp\/v2\/pages\/33546\/revisions"}],"predecessor-version":[{"id":42912,"href":"https:\/\/www.urlaubcornwall.de\/blog\/wp-json\/wp\/v2\/pages\/33546\/revisions\/42912"}],"wp:attachment":[{"href":"https:\/\/www.urlaubcornwall.de\/blog\/wp-json\/wp\/v2\/media?parent=33546"}],"curies":[{"name":"wp","href":"https:\/\/api.w.org\/{rel}","templated":true}]}}