{"id":33540,"date":"2018-04-09T15:16:18","date_gmt":"2018-04-09T15:16:18","guid":{"rendered":"https:\/\/www.urlaubcornwall.de\/blog\/?page_id=33540"},"modified":"2021-09-17T11:53:48","modified_gmt":"2021-09-17T11:53:48","slug":"ferienhaus-in-hastings-mit-meerblick","status":"publish","type":"page","link":"https:\/\/www.urlaubcornwall.de\/blog\/ferienhaus-in-hastings-mit-meerblick\/","title":{"rendered":"Ferienhaus in Hastings mit Meerblick"},"content":{"rendered":"<p><img loading=\"lazy\" class=\"aligncenter size-full wp-image-33544\" src=\"https:\/\/www.urlaubcornwall.de\/blog\/wp-content\/uploads\/2018\/04\/ferienhaus-hastings-meerblick.jpg\" alt=\"ferienhaus hastings meerblick\" width=\"749\" height=\"558\"\/><\/p>\n<p><strong>Ferienhaus in Hastings am Meer mit 2 Schlafzimmern, Schlafgelegenheiten 5<\/strong><\/p>\n<p>Dieses Ferienhaus befindet sich in der N\u00e4he des West Hill-Viertels von <a href=\"https:\/\/www.urlaubcornwall.de\/blog\/urlaub-in-hastings-sussex-sehenswuerdigkeiten-unterkunft-und-geschichte\/\">Hastings<\/a> und bietet eine ideale Lage mit einfachem Zugang zum Stadtzentrum von Hastings und zur Altstadt von Hastings. Hier finden Sie eine fantastische Auswahl an Gesch\u00e4ften, Caf\u00e9s, Restaurants und Bars. Der Strand ist nur zehn Gehminuten entfernt und Hastings Castle ist gleich um die Ecke. Diese zentral gelegene Eigenschaft wundersch\u00f6n eingerichtete K\u00fcche. Dieser Raum ist voller Charakter und beherbergt eine Reihe Backofen und Herd Mikrowelle Geschirrsp\u00fcler K\u00fchlschrank \/ Gefrierfach und Kochb\u00fccher f\u00fcr die Inspiration sollten Sie es brauchen.<\/p>\n<p style=\"text-align: center;\"><a class=\"tidycta\" href=\"https:\/\/www.urlaubcornwall.de\/ferienhaeuser-fewos\/eng\/sussex\/hastings-am-meer.html\">Suche Ferienh\u00e4user Hastings<\/a><\/p>\n<p style=\"text-align: center;\">Pers\u00f6nlich inspizierte <a href=\"https:\/\/www.urlaubcornwall.de\/ferienhaeuser\/sussex.php\">Ferienh\u00e4user und Ferienwohnungen in Sussex<\/a> f\u00fcr Ihren Urlaub.<\/p>\n","protected":false},"excerpt":{"rendered":"<p>Ferienhaus in Hastings am Meer mit 2 Schlafzimmern, Schlafgelegenheiten 5 Dieses Ferienhaus befindet sich in der N\u00e4he des West Hill-Viertels von Hastings und bietet eine ideale Lage mit einfachem Zugang zum Stadtzentrum von Hastings und zur Altstadt von Hastings. Hier finden Sie eine fantastische Auswahl an Gesch\u00e4ften, Caf\u00e9s, Restaurants und Bars. Der Strand ist nur [&hellip;]<\/p>\n","protected":false},"author":1,"featured_media":0,"parent":0,"menu_order":0,"comment_status":"closed","ping_status":"closed","template":"single-four.php","meta":[],"acf":[],"yoast_head":"<!-- This site is optimized with the Yoast SEO plugin v19.4 - https:\/\/yoast.com\/wordpress\/plugins\/seo\/ -->\n<title>Ferienhaus in Hastings mit Meerblick - Urlaub &amp; Reisen<\/title>\n<meta name=\"description\" content=\"Dieses Ferienhaus befindet sich in der N\u00e4he des West Hill-Viertels von Hastings und bietet eine ideale Lage mit einfachem Zugang zum Stadtzentrum von Hastings und zur Altstadt von Hastings. Hier finden Sie eine fantastische Auswahl an Gesch\u00e4ften, Caf\u00e9s, Restaurants und Bars. Der Strand ist nur zehn Gehminuten entfernt und Hastings Castle ist gleich um die Ecke. Diese zentral gelegene Eigenschaft wundersch\u00f6n eingerichtete\" \/>\n<meta name=\"robots\" content=\"index, follow, max-snippet:-1, max-image-preview:large, max-video-preview:-1\" \/>\n<link rel=\"canonical\" href=\"https:\/\/www.urlaubcornwall.de\/blog\/ferienhaus-in-hastings-mit-meerblick\/\" \/>\n<meta property=\"og:locale\" content=\"en_US\" \/>\n<meta property=\"og:type\" content=\"article\" \/>\n<meta property=\"og:title\" content=\"Ferienhaus in Hastings mit Meerblick - Urlaub &amp; Reisen\" \/>\n<meta property=\"og:description\" content=\"Dieses Ferienhaus befindet sich in der N\u00e4he des West Hill-Viertels von Hastings und bietet eine ideale Lage mit einfachem Zugang zum Stadtzentrum von Hastings und zur Altstadt von Hastings. Hier finden Sie eine fantastische Auswahl an Gesch\u00e4ften, Caf\u00e9s, Restaurants und Bars. Der Strand ist nur zehn Gehminuten entfernt und Hastings Castle ist gleich um die Ecke. Diese zentral gelegene Eigenschaft wundersch\u00f6n eingerichtete\" \/>\n<meta property=\"og:url\" content=\"https:\/\/www.urlaubcornwall.de\/blog\/ferienhaus-in-hastings-mit-meerblick\/\" \/>\n<meta property=\"og:site_name\" content=\"Urlaub &amp; Reisen\" \/>\n<meta property=\"article:modified_time\" content=\"2021-09-17T11:53:48+00:00\" \/>\n<meta property=\"og:image\" content=\"https:\/\/www.urlaubcornwall.de\/blog\/wp-content\/uploads\/2018\/04\/ferienhaus-hastings-meerblick.jpg\" \/>\n<meta name=\"twitter:card\" content=\"summary\" \/>\n<meta name=\"twitter:label1\" content=\"Est. reading time\" \/>\n\t<meta name=\"twitter:data1\" content=\"1 minute\" \/>\n<script type=\"application\/ld+json\" class=\"yoast-schema-graph\">{\"@context\":\"https:\/\/schema.org\",\"@graph\":[{\"@type\":\"WebSite\",\"@id\":\"https:\/\/www.urlaubcornwall.de\/blog\/#website\",\"url\":\"https:\/\/www.urlaubcornwall.de\/blog\/\",\"name\":\"Urlaub &amp; Reisen\",\"description\":\"Urlaub, Reisen, Cornwall und S\u00fcdengland: eine perfekte Kombination\",\"potentialAction\":[{\"@type\":\"SearchAction\",\"target\":{\"@type\":\"EntryPoint\",\"urlTemplate\":\"https:\/\/www.urlaubcornwall.de\/blog\/?s={search_term_string}\"},\"query-input\":\"required name=search_term_string\"}],\"inLanguage\":\"en-US\"},{\"@type\":\"WebPage\",\"@id\":\"https:\/\/www.urlaubcornwall.de\/blog\/ferienhaus-in-hastings-mit-meerblick\/\",\"url\":\"https:\/\/www.urlaubcornwall.de\/blog\/ferienhaus-in-hastings-mit-meerblick\/\",\"name\":\"Ferienhaus in Hastings mit Meerblick - Urlaub &amp; Reisen\",\"isPartOf\":{\"@id\":\"https:\/\/www.urlaubcornwall.de\/blog\/#website\"},\"datePublished\":\"2018-04-09T15:16:18+00:00\",\"dateModified\":\"2021-09-17T11:53:48+00:00\",\"description\":\"Dieses Ferienhaus befindet sich in der N\u00e4he des West Hill-Viertels von Hastings und bietet eine ideale Lage mit einfachem Zugang zum Stadtzentrum von Hastings und zur Altstadt von Hastings. Hier finden Sie eine fantastische Auswahl an Gesch\u00e4ften, Caf\u00e9s, Restaurants und Bars. Der Strand ist nur zehn Gehminuten entfernt und Hastings Castle ist gleich um die Ecke. Diese zentral gelegene Eigenschaft wundersch\u00f6n eingerichtete\",\"breadcrumb\":{\"@id\":\"https:\/\/www.urlaubcornwall.de\/blog\/ferienhaus-in-hastings-mit-meerblick\/#breadcrumb\"},\"inLanguage\":\"en-US\",\"potentialAction\":[{\"@type\":\"ReadAction\",\"target\":[\"https:\/\/www.urlaubcornwall.de\/blog\/ferienhaus-in-hastings-mit-meerblick\/\"]}]},{\"@type\":\"BreadcrumbList\",\"@id\":\"https:\/\/www.urlaubcornwall.de\/blog\/ferienhaus-in-hastings-mit-meerblick\/#breadcrumb\",\"itemListElement\":[{\"@type\":\"ListItem\",\"position\":1,\"name\":\"Home\",\"item\":\"https:\/\/www.urlaubcornwall.de\/blog\/\"},{\"@type\":\"ListItem\",\"position\":2,\"name\":\"Ferienhaus in Hastings mit Meerblick\"}]}]}<\/script>\n<!-- \/ Yoast SEO plugin. -->","yoast_head_json":{"title":"Ferienhaus in Hastings mit Meerblick - Urlaub &amp; Reisen","description":"Dieses Ferienhaus befindet sich in der N\u00e4he des West Hill-Viertels von Hastings und bietet eine ideale Lage mit einfachem Zugang zum Stadtzentrum von Hastings und zur Altstadt von Hastings. Hier finden Sie eine fantastische Auswahl an Gesch\u00e4ften, Caf\u00e9s, Restaurants und Bars. Der Strand ist nur zehn Gehminuten entfernt und Hastings Castle ist gleich um die Ecke. Diese zentral gelegene Eigenschaft wundersch\u00f6n eingerichtete","robots":{"index":"index","follow":"follow","max-snippet":"max-snippet:-1","max-image-preview":"max-image-preview:large","max-video-preview":"max-video-preview:-1"},"canonical":"https:\/\/www.urlaubcornwall.de\/blog\/ferienhaus-in-hastings-mit-meerblick\/","og_locale":"en_US","og_type":"article","og_title":"Ferienhaus in Hastings mit Meerblick - Urlaub &amp; Reisen","og_description":"Dieses Ferienhaus befindet sich in der N\u00e4he des West Hill-Viertels von Hastings und bietet eine ideale Lage mit einfachem Zugang zum Stadtzentrum von Hastings und zur Altstadt von Hastings. Hier finden Sie eine fantastische Auswahl an Gesch\u00e4ften, Caf\u00e9s, Restaurants und Bars. Der Strand ist nur zehn Gehminuten entfernt und Hastings Castle ist gleich um die Ecke. Diese zentral gelegene Eigenschaft wundersch\u00f6n eingerichtete","og_url":"https:\/\/www.urlaubcornwall.de\/blog\/ferienhaus-in-hastings-mit-meerblick\/","og_site_name":"Urlaub &amp; Reisen","article_modified_time":"2021-09-17T11:53:48+00:00","og_image":[{"url":"https:\/\/www.urlaubcornwall.de\/blog\/wp-content\/uploads\/2018\/04\/ferienhaus-hastings-meerblick.jpg"}],"twitter_card":"summary","twitter_misc":{"Est. reading time":"1 minute"},"schema":{"@context":"https:\/\/schema.org","@graph":[{"@type":"WebSite","@id":"https:\/\/www.urlaubcornwall.de\/blog\/#website","url":"https:\/\/www.urlaubcornwall.de\/blog\/","name":"Urlaub &amp; Reisen","description":"Urlaub, Reisen, Cornwall und S\u00fcdengland: eine perfekte Kombination","potentialAction":[{"@type":"SearchAction","target":{"@type":"EntryPoint","urlTemplate":"https:\/\/www.urlaubcornwall.de\/blog\/?s={search_term_string}"},"query-input":"required name=search_term_string"}],"inLanguage":"en-US"},{"@type":"WebPage","@id":"https:\/\/www.urlaubcornwall.de\/blog\/ferienhaus-in-hastings-mit-meerblick\/","url":"https:\/\/www.urlaubcornwall.de\/blog\/ferienhaus-in-hastings-mit-meerblick\/","name":"Ferienhaus in Hastings mit Meerblick - Urlaub &amp; Reisen","isPartOf":{"@id":"https:\/\/www.urlaubcornwall.de\/blog\/#website"},"datePublished":"2018-04-09T15:16:18+00:00","dateModified":"2021-09-17T11:53:48+00:00","description":"Dieses Ferienhaus befindet sich in der N\u00e4he des West Hill-Viertels von Hastings und bietet eine ideale Lage mit einfachem Zugang zum Stadtzentrum von Hastings und zur Altstadt von Hastings. Hier finden Sie eine fantastische Auswahl an Gesch\u00e4ften, Caf\u00e9s, Restaurants und Bars. Der Strand ist nur zehn Gehminuten entfernt und Hastings Castle ist gleich um die Ecke. Diese zentral gelegene Eigenschaft wundersch\u00f6n eingerichtete","breadcrumb":{"@id":"https:\/\/www.urlaubcornwall.de\/blog\/ferienhaus-in-hastings-mit-meerblick\/#breadcrumb"},"inLanguage":"en-US","potentialAction":[{"@type":"ReadAction","target":["https:\/\/www.urlaubcornwall.de\/blog\/ferienhaus-in-hastings-mit-meerblick\/"]}]},{"@type":"BreadcrumbList","@id":"https:\/\/www.urlaubcornwall.de\/blog\/ferienhaus-in-hastings-mit-meerblick\/#breadcrumb","itemListElement":[{"@type":"ListItem","position":1,"name":"Home","item":"https:\/\/www.urlaubcornwall.de\/blog\/"},{"@type":"ListItem","position":2,"name":"Ferienhaus in Hastings mit Meerblick"}]}]}},"_links":{"self":[{"href":"https:\/\/www.urlaubcornwall.de\/blog\/wp-json\/wp\/v2\/pages\/33540"}],"collection":[{"href":"https:\/\/www.urlaubcornwall.de\/blog\/wp-json\/wp\/v2\/pages"}],"about":[{"href":"https:\/\/www.urlaubcornwall.de\/blog\/wp-json\/wp\/v2\/types\/page"}],"author":[{"embeddable":true,"href":"https:\/\/www.urlaubcornwall.de\/blog\/wp-json\/wp\/v2\/users\/1"}],"replies":[{"embeddable":true,"href":"https:\/\/www.urlaubcornwall.de\/blog\/wp-json\/wp\/v2\/comments?post=33540"}],"version-history":[{"count":3,"href":"https:\/\/www.urlaubcornwall.de\/blog\/wp-json\/wp\/v2\/pages\/33540\/revisions"}],"predecessor-version":[{"id":42877,"href":"https:\/\/www.urlaubcornwall.de\/blog\/wp-json\/wp\/v2\/pages\/33540\/revisions\/42877"}],"wp:attachment":[{"href":"https:\/\/www.urlaubcornwall.de\/blog\/wp-json\/wp\/v2\/media?parent=33540"}],"curies":[{"name":"wp","href":"https:\/\/api.w.org\/{rel}","templated":true}]}}