{"id":33528,"date":"2018-04-07T13:13:02","date_gmt":"2018-04-07T13:13:02","guid":{"rendered":"https:\/\/www.urlaubcornwall.de\/blog\/?page_id=33528"},"modified":"2021-09-02T09:39:13","modified_gmt":"2021-09-02T09:39:13","slug":"ferienhaus-in-padstow-mit-hund-mieten-nr-2940","status":"publish","type":"page","link":"https:\/\/www.urlaubcornwall.de\/blog\/ferienhaus-in-padstow-mit-hund-mieten-nr-2940\/","title":{"rendered":"Ferienhaus in Padstow mit Hund mieten &#8211; Nr 2940"},"content":{"rendered":"<p><img loading=\"lazy\" class=\"aligncenter size-full wp-image-33530\" src=\"https:\/\/www.urlaubcornwall.de\/blog\/wp-content\/uploads\/2018\/04\/ferienhaus-padstow-mit-hund.jpg\" alt=\"ferienhaus padstow mit hund\" width=\"747\" height=\"431\" srcset=\"https:\/\/www.urlaubcornwall.de\/blog\/wp-content\/uploads\/2018\/04\/ferienhaus-padstow-mit-hund.jpg 747w, https:\/\/www.urlaubcornwall.de\/blog\/wp-content\/uploads\/2018\/04\/ferienhaus-padstow-mit-hund-300x173.jpg 300w\" sizes=\"(max-width: 747px) 100vw, 747px\" \/><\/p>\n<p><strong>Hundefreundlich Ferienhaus 1.8 kilometern S von Port Isaac, Nordk\u00fcste Cornwall.<\/strong><\/p>\n<p>2 Schlafzimmer, hundefreundlich, Schlafplatz f\u00fcr 4 + Kinderbett, An-\/Abreisetag am Freitag<\/p>\n<p>Preis pro Woche \u00a3506 &#8211; \u00a31100<\/p>\n<p>Versteckt in dem unber\u00fchrten <a href=\"https:\/\/www.urlaubcornwall.de\/ferienhaeuser-fewos\/trelights.html\">Dorf Trelights<\/a> und in der N\u00e4he des beliebten Dorfes Port Isaac, ist dieses Ferienhaus alles, was Sie sich w\u00fcnschen k\u00f6nnen von einem sch\u00f6nen und charmanten Cornish Cottage. Wenn Sie in der Doppelhaush\u00e4lfte ankommen, werden Sie das h\u00fcbsche \u00c4u\u00dfere sehen und wenn Sie eintreten, werden Sie einfach die Art und Weise bewundern, wie es gestaltet wurde. Der offene Wohnbereich ist ger\u00e4umig mit Holzb\u00f6den und einem einladenden Kamin. Ein fabelhafter Wintergarten f\u00fchrt zu einem wirklich charmanten Terrassengarten. Beide Schlafzimmer blicken auf den umz\u00e4unten Garten und das Badezimmer im Boutique-Stil wird alle begeistern&#8230;.<\/p>\n<p style=\"text-align: center;\"><a class=\"tidycta\" href=\"https:\/\/www.urlaubcornwall.de\/ferienhaeuser-fewos\/padstow-am-meer.html\">Suche Ferienh\u00e4user Padstow<\/a><\/p>\n<p>Um UrlaubCornwall.de einzigartige Kollektion nach Ihrem idealen Ferienhaus zu durchsuchen. <a href=\"https:\/\/www.urlaubcornwall.de\/ferienhaeuser\/cornwall.php\"><span style=\"text-decoration: underline;\">Klicken Sie hier<\/span> &gt;&gt;<\/a><\/p>\n","protected":false},"excerpt":{"rendered":"<p>Hundefreundlich Ferienhaus 1.8 kilometern S von Port Isaac, Nordk\u00fcste Cornwall. 2 Schlafzimmer, hundefreundlich, Schlafplatz f\u00fcr 4 + Kinderbett, An-\/Abreisetag am Freitag Preis pro Woche \u00a3506 &#8211; \u00a31100 Versteckt in dem unber\u00fchrten Dorf Trelights und in der N\u00e4he des beliebten Dorfes Port Isaac, ist dieses Ferienhaus alles, was Sie sich w\u00fcnschen k\u00f6nnen von einem sch\u00f6nen und [&hellip;]<\/p>\n","protected":false},"author":1,"featured_media":0,"parent":0,"menu_order":0,"comment_status":"closed","ping_status":"closed","template":"single-four.php","meta":[],"acf":[],"yoast_head":"<!-- This site is optimized with the Yoast SEO plugin v19.4 - https:\/\/yoast.com\/wordpress\/plugins\/seo\/ -->\n<title>Ferienhaus in Padstow mit Hund mieten - Nr 2940 - Urlaub &amp; Reisen<\/title>\n<meta name=\"robots\" content=\"index, follow, max-snippet:-1, max-image-preview:large, max-video-preview:-1\" \/>\n<link rel=\"canonical\" href=\"https:\/\/www.urlaubcornwall.de\/blog\/ferienhaus-in-padstow-mit-hund-mieten-nr-2940\/\" \/>\n<meta property=\"og:locale\" content=\"en_US\" \/>\n<meta property=\"og:type\" content=\"article\" \/>\n<meta property=\"og:title\" content=\"Ferienhaus in Padstow mit Hund mieten - Nr 2940 - Urlaub &amp; Reisen\" \/>\n<meta property=\"og:description\" content=\"Hundefreundlich Ferienhaus 1.8 kilometern S von Port Isaac, Nordk\u00fcste Cornwall. 2 Schlafzimmer, hundefreundlich, Schlafplatz f\u00fcr 4 + Kinderbett, An-\/Abreisetag am Freitag Preis pro Woche \u00a3506 &#8211; \u00a31100 Versteckt in dem unber\u00fchrten Dorf Trelights und in der N\u00e4he des beliebten Dorfes Port Isaac, ist dieses Ferienhaus alles, was Sie sich w\u00fcnschen k\u00f6nnen von einem sch\u00f6nen und [&hellip;]\" \/>\n<meta property=\"og:url\" content=\"https:\/\/www.urlaubcornwall.de\/blog\/ferienhaus-in-padstow-mit-hund-mieten-nr-2940\/\" \/>\n<meta property=\"og:site_name\" content=\"Urlaub &amp; Reisen\" \/>\n<meta property=\"article:modified_time\" content=\"2021-09-02T09:39:13+00:00\" \/>\n<meta property=\"og:image\" content=\"https:\/\/www.urlaubcornwall.de\/blog\/wp-content\/uploads\/2018\/04\/ferienhaus-padstow-mit-hund.jpg\" \/>\n<meta name=\"twitter:card\" content=\"summary\" \/>\n<meta name=\"twitter:label1\" content=\"Est. reading time\" \/>\n\t<meta name=\"twitter:data1\" content=\"1 minute\" \/>\n<script type=\"application\/ld+json\" class=\"yoast-schema-graph\">{\"@context\":\"https:\/\/schema.org\",\"@graph\":[{\"@type\":\"WebSite\",\"@id\":\"https:\/\/www.urlaubcornwall.de\/blog\/#website\",\"url\":\"https:\/\/www.urlaubcornwall.de\/blog\/\",\"name\":\"Urlaub &amp; Reisen\",\"description\":\"Urlaub, Reisen, Cornwall und S\u00fcdengland: eine perfekte Kombination\",\"potentialAction\":[{\"@type\":\"SearchAction\",\"target\":{\"@type\":\"EntryPoint\",\"urlTemplate\":\"https:\/\/www.urlaubcornwall.de\/blog\/?s={search_term_string}\"},\"query-input\":\"required name=search_term_string\"}],\"inLanguage\":\"en-US\"},{\"@type\":\"WebPage\",\"@id\":\"https:\/\/www.urlaubcornwall.de\/blog\/ferienhaus-in-padstow-mit-hund-mieten-nr-2940\/\",\"url\":\"https:\/\/www.urlaubcornwall.de\/blog\/ferienhaus-in-padstow-mit-hund-mieten-nr-2940\/\",\"name\":\"Ferienhaus in Padstow mit Hund mieten - Nr 2940 - Urlaub &amp; Reisen\",\"isPartOf\":{\"@id\":\"https:\/\/www.urlaubcornwall.de\/blog\/#website\"},\"datePublished\":\"2018-04-07T13:13:02+00:00\",\"dateModified\":\"2021-09-02T09:39:13+00:00\",\"breadcrumb\":{\"@id\":\"https:\/\/www.urlaubcornwall.de\/blog\/ferienhaus-in-padstow-mit-hund-mieten-nr-2940\/#breadcrumb\"},\"inLanguage\":\"en-US\",\"potentialAction\":[{\"@type\":\"ReadAction\",\"target\":[\"https:\/\/www.urlaubcornwall.de\/blog\/ferienhaus-in-padstow-mit-hund-mieten-nr-2940\/\"]}]},{\"@type\":\"BreadcrumbList\",\"@id\":\"https:\/\/www.urlaubcornwall.de\/blog\/ferienhaus-in-padstow-mit-hund-mieten-nr-2940\/#breadcrumb\",\"itemListElement\":[{\"@type\":\"ListItem\",\"position\":1,\"name\":\"Home\",\"item\":\"https:\/\/www.urlaubcornwall.de\/blog\/\"},{\"@type\":\"ListItem\",\"position\":2,\"name\":\"Ferienhaus in Padstow mit Hund mieten &#8211; Nr 2940\"}]}]}<\/script>\n<!-- \/ Yoast SEO plugin. -->","yoast_head_json":{"title":"Ferienhaus in Padstow mit Hund mieten - Nr 2940 - Urlaub &amp; Reisen","robots":{"index":"index","follow":"follow","max-snippet":"max-snippet:-1","max-image-preview":"max-image-preview:large","max-video-preview":"max-video-preview:-1"},"canonical":"https:\/\/www.urlaubcornwall.de\/blog\/ferienhaus-in-padstow-mit-hund-mieten-nr-2940\/","og_locale":"en_US","og_type":"article","og_title":"Ferienhaus in Padstow mit Hund mieten - Nr 2940 - Urlaub &amp; Reisen","og_description":"Hundefreundlich Ferienhaus 1.8 kilometern S von Port Isaac, Nordk\u00fcste Cornwall. 2 Schlafzimmer, hundefreundlich, Schlafplatz f\u00fcr 4 + Kinderbett, An-\/Abreisetag am Freitag Preis pro Woche \u00a3506 &#8211; \u00a31100 Versteckt in dem unber\u00fchrten Dorf Trelights und in der N\u00e4he des beliebten Dorfes Port Isaac, ist dieses Ferienhaus alles, was Sie sich w\u00fcnschen k\u00f6nnen von einem sch\u00f6nen und [&hellip;]","og_url":"https:\/\/www.urlaubcornwall.de\/blog\/ferienhaus-in-padstow-mit-hund-mieten-nr-2940\/","og_site_name":"Urlaub &amp; Reisen","article_modified_time":"2021-09-02T09:39:13+00:00","og_image":[{"url":"https:\/\/www.urlaubcornwall.de\/blog\/wp-content\/uploads\/2018\/04\/ferienhaus-padstow-mit-hund.jpg"}],"twitter_card":"summary","twitter_misc":{"Est. reading time":"1 minute"},"schema":{"@context":"https:\/\/schema.org","@graph":[{"@type":"WebSite","@id":"https:\/\/www.urlaubcornwall.de\/blog\/#website","url":"https:\/\/www.urlaubcornwall.de\/blog\/","name":"Urlaub &amp; Reisen","description":"Urlaub, Reisen, Cornwall und S\u00fcdengland: eine perfekte Kombination","potentialAction":[{"@type":"SearchAction","target":{"@type":"EntryPoint","urlTemplate":"https:\/\/www.urlaubcornwall.de\/blog\/?s={search_term_string}"},"query-input":"required name=search_term_string"}],"inLanguage":"en-US"},{"@type":"WebPage","@id":"https:\/\/www.urlaubcornwall.de\/blog\/ferienhaus-in-padstow-mit-hund-mieten-nr-2940\/","url":"https:\/\/www.urlaubcornwall.de\/blog\/ferienhaus-in-padstow-mit-hund-mieten-nr-2940\/","name":"Ferienhaus in Padstow mit Hund mieten - Nr 2940 - Urlaub &amp; Reisen","isPartOf":{"@id":"https:\/\/www.urlaubcornwall.de\/blog\/#website"},"datePublished":"2018-04-07T13:13:02+00:00","dateModified":"2021-09-02T09:39:13+00:00","breadcrumb":{"@id":"https:\/\/www.urlaubcornwall.de\/blog\/ferienhaus-in-padstow-mit-hund-mieten-nr-2940\/#breadcrumb"},"inLanguage":"en-US","potentialAction":[{"@type":"ReadAction","target":["https:\/\/www.urlaubcornwall.de\/blog\/ferienhaus-in-padstow-mit-hund-mieten-nr-2940\/"]}]},{"@type":"BreadcrumbList","@id":"https:\/\/www.urlaubcornwall.de\/blog\/ferienhaus-in-padstow-mit-hund-mieten-nr-2940\/#breadcrumb","itemListElement":[{"@type":"ListItem","position":1,"name":"Home","item":"https:\/\/www.urlaubcornwall.de\/blog\/"},{"@type":"ListItem","position":2,"name":"Ferienhaus in Padstow mit Hund mieten &#8211; Nr 2940"}]}]}},"_links":{"self":[{"href":"https:\/\/www.urlaubcornwall.de\/blog\/wp-json\/wp\/v2\/pages\/33528"}],"collection":[{"href":"https:\/\/www.urlaubcornwall.de\/blog\/wp-json\/wp\/v2\/pages"}],"about":[{"href":"https:\/\/www.urlaubcornwall.de\/blog\/wp-json\/wp\/v2\/types\/page"}],"author":[{"embeddable":true,"href":"https:\/\/www.urlaubcornwall.de\/blog\/wp-json\/wp\/v2\/users\/1"}],"replies":[{"embeddable":true,"href":"https:\/\/www.urlaubcornwall.de\/blog\/wp-json\/wp\/v2\/comments?post=33528"}],"version-history":[{"count":3,"href":"https:\/\/www.urlaubcornwall.de\/blog\/wp-json\/wp\/v2\/pages\/33528\/revisions"}],"predecessor-version":[{"id":42442,"href":"https:\/\/www.urlaubcornwall.de\/blog\/wp-json\/wp\/v2\/pages\/33528\/revisions\/42442"}],"wp:attachment":[{"href":"https:\/\/www.urlaubcornwall.de\/blog\/wp-json\/wp\/v2\/media?parent=33528"}],"curies":[{"name":"wp","href":"https:\/\/api.w.org\/{rel}","templated":true}]}}