{"id":33517,"date":"2018-04-07T10:30:12","date_gmt":"2018-04-07T10:30:12","guid":{"rendered":"https:\/\/www.urlaubcornwall.de\/blog\/?page_id=33517"},"modified":"2021-09-17T11:10:37","modified_gmt":"2021-09-17T11:10:37","slug":"ferienhaus-cartmel-mit-hund","status":"publish","type":"page","link":"https:\/\/www.urlaubcornwall.de\/blog\/ferienhaus-cartmel-mit-hund\/","title":{"rendered":"Ferienhaus in Cartmel mit Hund mieten &#8211; Lake District"},"content":{"rendered":"<p><img loading=\"lazy\" class=\"aligncenter size-full wp-image-33518\" src=\"https:\/\/www.urlaubcornwall.de\/blog\/wp-content\/uploads\/2018\/04\/ferienhaus-cartmel-mit-hund.jpg\" alt=\"ferienhaus cartmel mit hund\" width=\"749\" height=\"479\"\/><\/p>\n<p><strong>Hundefreundlich Ferienhaus in Cartmel, 1 Schlafzimmern, Schlafgelegenheiten 2<\/strong><\/p>\n<p>Dieses Ferienhaus befindet sich in dem malerischen Dorf Cartmel, das zwischen dem <a href=\"https:\/\/www.urlaubcornwall.de\/reiseziel\/lake-district-nationalpark.php\">Lake District National Park<\/a> und der Morecambe Bay K\u00fcste liegt. Das Dorf ist ein beliebtes Ziel f\u00fcr Feinschmecker, da es eine Reihe von guten Restaurants sowie einige fantastische kleine Lebensmittelgesch\u00e4fte bietet. Das Dorf beherbergt auch eine beeindruckende historische Kirche sowie eine eigene Pferderennbahn, die an bestimmten Feiertagswochenenden Pferderennen veranstaltet und eine Reihe von anderen Veranstaltungen das ganze Jahr \u00fcber bietet. Es gibt einige fantastische Spazierg\u00e4nge, die um das Dorf herum genossen werden k\u00f6nnen, einschlie\u00dflich eines bis nach Hampsfell, von wo aus Wanderer einen Panoramablick auf Morecambe genie\u00dfen k\u00f6nnen.<\/p>\n<p style=\"text-align: center;\"><a class=\"tidycta\" href=\"https:\/\/www.urlaubcornwall.de\/ferienhaeuser-fewos\/eng\/lake-district\/cartmel.html\">Suche Ferienh\u00e4user Cartmel<\/a><\/p>\n<p style=\"text-align: center;\"><a href=\"https:\/\/www.urlaubcornwall.de\/ferienhaeuser-fewos\/eng\/lake-district\/lake-district.html\"><strong>Ferienh\u00e4user, Cottages &amp; Ferienwohnungen in Lake District.<\/strong><\/a><\/p>\n","protected":false},"excerpt":{"rendered":"<p>Hundefreundlich Ferienhaus in Cartmel, 1 Schlafzimmern, Schlafgelegenheiten 2 Dieses Ferienhaus befindet sich in dem malerischen Dorf Cartmel, das zwischen dem Lake District National Park und der Morecambe Bay K\u00fcste liegt. Das Dorf ist ein beliebtes Ziel f\u00fcr Feinschmecker, da es eine Reihe von guten Restaurants sowie einige fantastische kleine Lebensmittelgesch\u00e4fte bietet. Das Dorf beherbergt auch [&hellip;]<\/p>\n","protected":false},"author":1,"featured_media":0,"parent":0,"menu_order":0,"comment_status":"closed","ping_status":"closed","template":"single-four.php","meta":[],"acf":[],"yoast_head":"<!-- This site is optimized with the Yoast SEO plugin v19.4 - https:\/\/yoast.com\/wordpress\/plugins\/seo\/ -->\n<title>Ferienhaus in Cartmel mit Hund mieten - Lake District - Urlaub &amp; Reisen<\/title>\n<meta name=\"description\" content=\"Dieses Ferienhaus befindet sich in dem malerischen Dorf Cartmel, das zwischen dem Lake District National Park und der Morecambe Bay K\u00fcste liegt. Das Dorf ist ein beliebtes Ziel f\u00fcr Feinschmecker, da es eine Reihe von guten Restaurants sowie einige fantastische kleine Lebensmittelgesch\u00e4fte bietet. Das Dorf beherbergt auch eine beeindruckende historische Kirche\" \/>\n<meta name=\"robots\" content=\"index, follow, max-snippet:-1, max-image-preview:large, max-video-preview:-1\" \/>\n<link rel=\"canonical\" href=\"https:\/\/www.urlaubcornwall.de\/blog\/ferienhaus-cartmel-mit-hund\/\" \/>\n<meta property=\"og:locale\" content=\"en_US\" \/>\n<meta property=\"og:type\" content=\"article\" \/>\n<meta property=\"og:title\" content=\"Ferienhaus in Cartmel mit Hund mieten - Lake District - Urlaub &amp; Reisen\" \/>\n<meta property=\"og:description\" content=\"Dieses Ferienhaus befindet sich in dem malerischen Dorf Cartmel, das zwischen dem Lake District National Park und der Morecambe Bay K\u00fcste liegt. Das Dorf ist ein beliebtes Ziel f\u00fcr Feinschmecker, da es eine Reihe von guten Restaurants sowie einige fantastische kleine Lebensmittelgesch\u00e4fte bietet. Das Dorf beherbergt auch eine beeindruckende historische Kirche\" \/>\n<meta property=\"og:url\" content=\"https:\/\/www.urlaubcornwall.de\/blog\/ferienhaus-cartmel-mit-hund\/\" \/>\n<meta property=\"og:site_name\" content=\"Urlaub &amp; Reisen\" \/>\n<meta property=\"article:modified_time\" content=\"2021-09-17T11:10:37+00:00\" \/>\n<meta property=\"og:image\" content=\"https:\/\/www.urlaubcornwall.de\/blog\/wp-content\/uploads\/2018\/04\/ferienhaus-cartmel-mit-hund.jpg\" \/>\n<meta name=\"twitter:card\" content=\"summary\" \/>\n<meta name=\"twitter:label1\" content=\"Est. reading time\" \/>\n\t<meta name=\"twitter:data1\" content=\"1 minute\" \/>\n<script type=\"application\/ld+json\" class=\"yoast-schema-graph\">{\"@context\":\"https:\/\/schema.org\",\"@graph\":[{\"@type\":\"WebSite\",\"@id\":\"https:\/\/www.urlaubcornwall.de\/blog\/#website\",\"url\":\"https:\/\/www.urlaubcornwall.de\/blog\/\",\"name\":\"Urlaub &amp; Reisen\",\"description\":\"Urlaub, Reisen, Cornwall und S\u00fcdengland: eine perfekte Kombination\",\"potentialAction\":[{\"@type\":\"SearchAction\",\"target\":{\"@type\":\"EntryPoint\",\"urlTemplate\":\"https:\/\/www.urlaubcornwall.de\/blog\/?s={search_term_string}\"},\"query-input\":\"required name=search_term_string\"}],\"inLanguage\":\"en-US\"},{\"@type\":\"WebPage\",\"@id\":\"https:\/\/www.urlaubcornwall.de\/blog\/ferienhaus-cartmel-mit-hund\/\",\"url\":\"https:\/\/www.urlaubcornwall.de\/blog\/ferienhaus-cartmel-mit-hund\/\",\"name\":\"Ferienhaus in Cartmel mit Hund mieten - Lake District - Urlaub &amp; Reisen\",\"isPartOf\":{\"@id\":\"https:\/\/www.urlaubcornwall.de\/blog\/#website\"},\"datePublished\":\"2018-04-07T10:30:12+00:00\",\"dateModified\":\"2021-09-17T11:10:37+00:00\",\"description\":\"Dieses Ferienhaus befindet sich in dem malerischen Dorf Cartmel, das zwischen dem Lake District National Park und der Morecambe Bay K\u00fcste liegt. Das Dorf ist ein beliebtes Ziel f\u00fcr Feinschmecker, da es eine Reihe von guten Restaurants sowie einige fantastische kleine Lebensmittelgesch\u00e4fte bietet. Das Dorf beherbergt auch eine beeindruckende historische Kirche\",\"breadcrumb\":{\"@id\":\"https:\/\/www.urlaubcornwall.de\/blog\/ferienhaus-cartmel-mit-hund\/#breadcrumb\"},\"inLanguage\":\"en-US\",\"potentialAction\":[{\"@type\":\"ReadAction\",\"target\":[\"https:\/\/www.urlaubcornwall.de\/blog\/ferienhaus-cartmel-mit-hund\/\"]}]},{\"@type\":\"BreadcrumbList\",\"@id\":\"https:\/\/www.urlaubcornwall.de\/blog\/ferienhaus-cartmel-mit-hund\/#breadcrumb\",\"itemListElement\":[{\"@type\":\"ListItem\",\"position\":1,\"name\":\"Home\",\"item\":\"https:\/\/www.urlaubcornwall.de\/blog\/\"},{\"@type\":\"ListItem\",\"position\":2,\"name\":\"Ferienhaus in Cartmel mit Hund mieten &#8211; Lake District\"}]}]}<\/script>\n<!-- \/ Yoast SEO plugin. -->","yoast_head_json":{"title":"Ferienhaus in Cartmel mit Hund mieten - Lake District - Urlaub &amp; Reisen","description":"Dieses Ferienhaus befindet sich in dem malerischen Dorf Cartmel, das zwischen dem Lake District National Park und der Morecambe Bay K\u00fcste liegt. Das Dorf ist ein beliebtes Ziel f\u00fcr Feinschmecker, da es eine Reihe von guten Restaurants sowie einige fantastische kleine Lebensmittelgesch\u00e4fte bietet. Das Dorf beherbergt auch eine beeindruckende historische Kirche","robots":{"index":"index","follow":"follow","max-snippet":"max-snippet:-1","max-image-preview":"max-image-preview:large","max-video-preview":"max-video-preview:-1"},"canonical":"https:\/\/www.urlaubcornwall.de\/blog\/ferienhaus-cartmel-mit-hund\/","og_locale":"en_US","og_type":"article","og_title":"Ferienhaus in Cartmel mit Hund mieten - Lake District - Urlaub &amp; Reisen","og_description":"Dieses Ferienhaus befindet sich in dem malerischen Dorf Cartmel, das zwischen dem Lake District National Park und der Morecambe Bay K\u00fcste liegt. Das Dorf ist ein beliebtes Ziel f\u00fcr Feinschmecker, da es eine Reihe von guten Restaurants sowie einige fantastische kleine Lebensmittelgesch\u00e4fte bietet. Das Dorf beherbergt auch eine beeindruckende historische Kirche","og_url":"https:\/\/www.urlaubcornwall.de\/blog\/ferienhaus-cartmel-mit-hund\/","og_site_name":"Urlaub &amp; Reisen","article_modified_time":"2021-09-17T11:10:37+00:00","og_image":[{"url":"https:\/\/www.urlaubcornwall.de\/blog\/wp-content\/uploads\/2018\/04\/ferienhaus-cartmel-mit-hund.jpg"}],"twitter_card":"summary","twitter_misc":{"Est. reading time":"1 minute"},"schema":{"@context":"https:\/\/schema.org","@graph":[{"@type":"WebSite","@id":"https:\/\/www.urlaubcornwall.de\/blog\/#website","url":"https:\/\/www.urlaubcornwall.de\/blog\/","name":"Urlaub &amp; Reisen","description":"Urlaub, Reisen, Cornwall und S\u00fcdengland: eine perfekte Kombination","potentialAction":[{"@type":"SearchAction","target":{"@type":"EntryPoint","urlTemplate":"https:\/\/www.urlaubcornwall.de\/blog\/?s={search_term_string}"},"query-input":"required name=search_term_string"}],"inLanguage":"en-US"},{"@type":"WebPage","@id":"https:\/\/www.urlaubcornwall.de\/blog\/ferienhaus-cartmel-mit-hund\/","url":"https:\/\/www.urlaubcornwall.de\/blog\/ferienhaus-cartmel-mit-hund\/","name":"Ferienhaus in Cartmel mit Hund mieten - Lake District - Urlaub &amp; Reisen","isPartOf":{"@id":"https:\/\/www.urlaubcornwall.de\/blog\/#website"},"datePublished":"2018-04-07T10:30:12+00:00","dateModified":"2021-09-17T11:10:37+00:00","description":"Dieses Ferienhaus befindet sich in dem malerischen Dorf Cartmel, das zwischen dem Lake District National Park und der Morecambe Bay K\u00fcste liegt. Das Dorf ist ein beliebtes Ziel f\u00fcr Feinschmecker, da es eine Reihe von guten Restaurants sowie einige fantastische kleine Lebensmittelgesch\u00e4fte bietet. Das Dorf beherbergt auch eine beeindruckende historische Kirche","breadcrumb":{"@id":"https:\/\/www.urlaubcornwall.de\/blog\/ferienhaus-cartmel-mit-hund\/#breadcrumb"},"inLanguage":"en-US","potentialAction":[{"@type":"ReadAction","target":["https:\/\/www.urlaubcornwall.de\/blog\/ferienhaus-cartmel-mit-hund\/"]}]},{"@type":"BreadcrumbList","@id":"https:\/\/www.urlaubcornwall.de\/blog\/ferienhaus-cartmel-mit-hund\/#breadcrumb","itemListElement":[{"@type":"ListItem","position":1,"name":"Home","item":"https:\/\/www.urlaubcornwall.de\/blog\/"},{"@type":"ListItem","position":2,"name":"Ferienhaus in Cartmel mit Hund mieten &#8211; Lake District"}]}]}},"_links":{"self":[{"href":"https:\/\/www.urlaubcornwall.de\/blog\/wp-json\/wp\/v2\/pages\/33517"}],"collection":[{"href":"https:\/\/www.urlaubcornwall.de\/blog\/wp-json\/wp\/v2\/pages"}],"about":[{"href":"https:\/\/www.urlaubcornwall.de\/blog\/wp-json\/wp\/v2\/types\/page"}],"author":[{"embeddable":true,"href":"https:\/\/www.urlaubcornwall.de\/blog\/wp-json\/wp\/v2\/users\/1"}],"replies":[{"embeddable":true,"href":"https:\/\/www.urlaubcornwall.de\/blog\/wp-json\/wp\/v2\/comments?post=33517"}],"version-history":[{"count":8,"href":"https:\/\/www.urlaubcornwall.de\/blog\/wp-json\/wp\/v2\/pages\/33517\/revisions"}],"predecessor-version":[{"id":42863,"href":"https:\/\/www.urlaubcornwall.de\/blog\/wp-json\/wp\/v2\/pages\/33517\/revisions\/42863"}],"wp:attachment":[{"href":"https:\/\/www.urlaubcornwall.de\/blog\/wp-json\/wp\/v2\/media?parent=33517"}],"curies":[{"name":"wp","href":"https:\/\/api.w.org\/{rel}","templated":true}]}}