{"id":33514,"date":"2018-04-07T10:13:12","date_gmt":"2018-04-07T10:13:12","guid":{"rendered":"https:\/\/www.urlaubcornwall.de\/blog\/?page_id=33514"},"modified":"2021-09-17T11:14:29","modified_gmt":"2021-09-17T11:14:29","slug":"ferienhaus-in-coniston-mit-hund-mieten-lake-district","status":"publish","type":"page","link":"https:\/\/www.urlaubcornwall.de\/blog\/ferienhaus-in-coniston-mit-hund-mieten-lake-district\/","title":{"rendered":"Ferienhaus in Coniston mit Hund mieten &#8211; Lake District"},"content":{"rendered":"<p><img loading=\"lazy\" class=\"aligncenter size-full wp-image-33515\" src=\"https:\/\/www.urlaubcornwall.de\/blog\/wp-content\/uploads\/2018\/04\/ferienhaus-coniston-mit-hund-lake-distrikt.jpg\" alt=\"ferienhaus coniston mit hund lake distrikt\" width=\"749\" height=\"491\"\/><\/p>\n<p><strong>Hundefreundlich Ferienhaus in Coniston mit Hund, 2 Schlafzimmern, Schlafgelegenheiten 4<\/strong><\/p>\n<p>Dieses Ferienhaus befindet sich in ruhiger, l\u00e4ndlicher Umgebung am Rande des am See gelegenen Dorfes Coniston, direkt im Schatten des imposanten Falls The Old Man of Coniston. Es gibt viel zu sehen und zu tun in der Gegend, ob die G\u00e4ste eine entspannende Kreuzfahrt auf dem See genie\u00dfen m\u00f6chten, malerische Spazierg\u00e4nge machen oder eine Auswahl an Wassersportarten wie Kanufahren, Segeln und Stand-Up-Paddleboarding ausprobieren m\u00f6chten. F\u00fcr diejenigen, die ein <a href=\"https:\/\/www.urlaubcornwall.de\/reiseziel\/lake-district-nationalpark.php\">Interesse an Geschichte und Kultur<\/a> haben, gibt es viele Sehensw\u00fcrdigkeiten in der Umgebung, einschlie\u00dflich der ehemaligen Heimat von Beatrix Potter Potter auf dem Hilltop Wray Castle und dem Ruskin Museum.<\/p>\n<p style=\"text-align: center;\"><a class=\"tidycta\" href=\"https:\/\/www.urlaubcornwall.de\/ferienhaeuser-fewos\/eng\/lake-district\/coniston-hundefreundlich.html\">Suche Ferienh\u00e4user Coniston<\/a><\/p>\n<p style=\"text-align: center;\"><a href=\"https:\/\/www.urlaubcornwall.de\/ferienhaeuser-fewos\/eng\/lake-district\/lake-district.html\"><strong>Ferienh\u00e4user, Cottages &amp; Ferienwohnungen in Lake District.<\/strong><\/a><\/p>\n","protected":false},"excerpt":{"rendered":"<p>Hundefreundlich Ferienhaus in Coniston mit Hund, 2 Schlafzimmern, Schlafgelegenheiten 4 Dieses Ferienhaus befindet sich in ruhiger, l\u00e4ndlicher Umgebung am Rande des am See gelegenen Dorfes Coniston, direkt im Schatten des imposanten Falls The Old Man of Coniston. Es gibt viel zu sehen und zu tun in der Gegend, ob die G\u00e4ste eine entspannende Kreuzfahrt auf [&hellip;]<\/p>\n","protected":false},"author":1,"featured_media":0,"parent":0,"menu_order":0,"comment_status":"closed","ping_status":"closed","template":"single-four.php","meta":[],"acf":[],"yoast_head":"<!-- This site is optimized with the Yoast SEO plugin v19.4 - https:\/\/yoast.com\/wordpress\/plugins\/seo\/ -->\n<title>Ferienhaus in Coniston mit Hund mieten - Lake District - Urlaub &amp; Reisen<\/title>\n<meta name=\"description\" content=\"Dieses Ferienhaus befindet sich in ruhiger, l\u00e4ndlicher Umgebung am Rande des am See gelegenen Dorfes Coniston, direkt im Schatten des imposanten Falls The Old Man of Coniston. Es gibt viel zu sehen und zu tun in der Gegend, ob die G\u00e4ste eine entspannende Kreuzfahrt auf dem See genie\u00dfen m\u00f6chten, malerische Spazierg\u00e4nge machen oder eine Auswahl an Wassersportarten wie Kanufahren, Segeln und Stand-Up-Paddleboarding ausprobieren m\u00f6chten.\" \/>\n<meta name=\"robots\" content=\"index, follow, max-snippet:-1, max-image-preview:large, max-video-preview:-1\" \/>\n<link rel=\"canonical\" href=\"https:\/\/www.urlaubcornwall.de\/blog\/ferienhaus-in-coniston-mit-hund-mieten-lake-district\/\" \/>\n<meta property=\"og:locale\" content=\"en_US\" \/>\n<meta property=\"og:type\" content=\"article\" \/>\n<meta property=\"og:title\" content=\"Ferienhaus in Coniston mit Hund mieten - Lake District - Urlaub &amp; Reisen\" \/>\n<meta property=\"og:description\" content=\"Dieses Ferienhaus befindet sich in ruhiger, l\u00e4ndlicher Umgebung am Rande des am See gelegenen Dorfes Coniston, direkt im Schatten des imposanten Falls The Old Man of Coniston. Es gibt viel zu sehen und zu tun in der Gegend, ob die G\u00e4ste eine entspannende Kreuzfahrt auf dem See genie\u00dfen m\u00f6chten, malerische Spazierg\u00e4nge machen oder eine Auswahl an Wassersportarten wie Kanufahren, Segeln und Stand-Up-Paddleboarding ausprobieren m\u00f6chten.\" \/>\n<meta property=\"og:url\" content=\"https:\/\/www.urlaubcornwall.de\/blog\/ferienhaus-in-coniston-mit-hund-mieten-lake-district\/\" \/>\n<meta property=\"og:site_name\" content=\"Urlaub &amp; Reisen\" \/>\n<meta property=\"article:modified_time\" content=\"2021-09-17T11:14:29+00:00\" \/>\n<meta property=\"og:image\" content=\"https:\/\/www.urlaubcornwall.de\/blog\/wp-content\/uploads\/2018\/04\/ferienhaus-coniston-mit-hund-lake-distrikt.jpg\" \/>\n<meta name=\"twitter:card\" content=\"summary\" \/>\n<meta name=\"twitter:label1\" content=\"Est. reading time\" \/>\n\t<meta name=\"twitter:data1\" content=\"1 minute\" \/>\n<script type=\"application\/ld+json\" class=\"yoast-schema-graph\">{\"@context\":\"https:\/\/schema.org\",\"@graph\":[{\"@type\":\"WebSite\",\"@id\":\"https:\/\/www.urlaubcornwall.de\/blog\/#website\",\"url\":\"https:\/\/www.urlaubcornwall.de\/blog\/\",\"name\":\"Urlaub &amp; Reisen\",\"description\":\"Urlaub, Reisen, Cornwall und S\u00fcdengland: eine perfekte Kombination\",\"potentialAction\":[{\"@type\":\"SearchAction\",\"target\":{\"@type\":\"EntryPoint\",\"urlTemplate\":\"https:\/\/www.urlaubcornwall.de\/blog\/?s={search_term_string}\"},\"query-input\":\"required name=search_term_string\"}],\"inLanguage\":\"en-US\"},{\"@type\":\"WebPage\",\"@id\":\"https:\/\/www.urlaubcornwall.de\/blog\/ferienhaus-in-coniston-mit-hund-mieten-lake-district\/\",\"url\":\"https:\/\/www.urlaubcornwall.de\/blog\/ferienhaus-in-coniston-mit-hund-mieten-lake-district\/\",\"name\":\"Ferienhaus in Coniston mit Hund mieten - Lake District - Urlaub &amp; Reisen\",\"isPartOf\":{\"@id\":\"https:\/\/www.urlaubcornwall.de\/blog\/#website\"},\"datePublished\":\"2018-04-07T10:13:12+00:00\",\"dateModified\":\"2021-09-17T11:14:29+00:00\",\"description\":\"Dieses Ferienhaus befindet sich in ruhiger, l\u00e4ndlicher Umgebung am Rande des am See gelegenen Dorfes Coniston, direkt im Schatten des imposanten Falls The Old Man of Coniston. Es gibt viel zu sehen und zu tun in der Gegend, ob die G\u00e4ste eine entspannende Kreuzfahrt auf dem See genie\u00dfen m\u00f6chten, malerische Spazierg\u00e4nge machen oder eine Auswahl an Wassersportarten wie Kanufahren, Segeln und Stand-Up-Paddleboarding ausprobieren m\u00f6chten.\",\"breadcrumb\":{\"@id\":\"https:\/\/www.urlaubcornwall.de\/blog\/ferienhaus-in-coniston-mit-hund-mieten-lake-district\/#breadcrumb\"},\"inLanguage\":\"en-US\",\"potentialAction\":[{\"@type\":\"ReadAction\",\"target\":[\"https:\/\/www.urlaubcornwall.de\/blog\/ferienhaus-in-coniston-mit-hund-mieten-lake-district\/\"]}]},{\"@type\":\"BreadcrumbList\",\"@id\":\"https:\/\/www.urlaubcornwall.de\/blog\/ferienhaus-in-coniston-mit-hund-mieten-lake-district\/#breadcrumb\",\"itemListElement\":[{\"@type\":\"ListItem\",\"position\":1,\"name\":\"Home\",\"item\":\"https:\/\/www.urlaubcornwall.de\/blog\/\"},{\"@type\":\"ListItem\",\"position\":2,\"name\":\"Ferienhaus in Coniston mit Hund mieten &#8211; Lake District\"}]}]}<\/script>\n<!-- \/ Yoast SEO plugin. -->","yoast_head_json":{"title":"Ferienhaus in Coniston mit Hund mieten - Lake District - Urlaub &amp; Reisen","description":"Dieses Ferienhaus befindet sich in ruhiger, l\u00e4ndlicher Umgebung am Rande des am See gelegenen Dorfes Coniston, direkt im Schatten des imposanten Falls The Old Man of Coniston. Es gibt viel zu sehen und zu tun in der Gegend, ob die G\u00e4ste eine entspannende Kreuzfahrt auf dem See genie\u00dfen m\u00f6chten, malerische Spazierg\u00e4nge machen oder eine Auswahl an Wassersportarten wie Kanufahren, Segeln und Stand-Up-Paddleboarding ausprobieren m\u00f6chten.","robots":{"index":"index","follow":"follow","max-snippet":"max-snippet:-1","max-image-preview":"max-image-preview:large","max-video-preview":"max-video-preview:-1"},"canonical":"https:\/\/www.urlaubcornwall.de\/blog\/ferienhaus-in-coniston-mit-hund-mieten-lake-district\/","og_locale":"en_US","og_type":"article","og_title":"Ferienhaus in Coniston mit Hund mieten - Lake District - Urlaub &amp; Reisen","og_description":"Dieses Ferienhaus befindet sich in ruhiger, l\u00e4ndlicher Umgebung am Rande des am See gelegenen Dorfes Coniston, direkt im Schatten des imposanten Falls The Old Man of Coniston. Es gibt viel zu sehen und zu tun in der Gegend, ob die G\u00e4ste eine entspannende Kreuzfahrt auf dem See genie\u00dfen m\u00f6chten, malerische Spazierg\u00e4nge machen oder eine Auswahl an Wassersportarten wie Kanufahren, Segeln und Stand-Up-Paddleboarding ausprobieren m\u00f6chten.","og_url":"https:\/\/www.urlaubcornwall.de\/blog\/ferienhaus-in-coniston-mit-hund-mieten-lake-district\/","og_site_name":"Urlaub &amp; Reisen","article_modified_time":"2021-09-17T11:14:29+00:00","og_image":[{"url":"https:\/\/www.urlaubcornwall.de\/blog\/wp-content\/uploads\/2018\/04\/ferienhaus-coniston-mit-hund-lake-distrikt.jpg"}],"twitter_card":"summary","twitter_misc":{"Est. reading time":"1 minute"},"schema":{"@context":"https:\/\/schema.org","@graph":[{"@type":"WebSite","@id":"https:\/\/www.urlaubcornwall.de\/blog\/#website","url":"https:\/\/www.urlaubcornwall.de\/blog\/","name":"Urlaub &amp; Reisen","description":"Urlaub, Reisen, Cornwall und S\u00fcdengland: eine perfekte Kombination","potentialAction":[{"@type":"SearchAction","target":{"@type":"EntryPoint","urlTemplate":"https:\/\/www.urlaubcornwall.de\/blog\/?s={search_term_string}"},"query-input":"required name=search_term_string"}],"inLanguage":"en-US"},{"@type":"WebPage","@id":"https:\/\/www.urlaubcornwall.de\/blog\/ferienhaus-in-coniston-mit-hund-mieten-lake-district\/","url":"https:\/\/www.urlaubcornwall.de\/blog\/ferienhaus-in-coniston-mit-hund-mieten-lake-district\/","name":"Ferienhaus in Coniston mit Hund mieten - Lake District - Urlaub &amp; Reisen","isPartOf":{"@id":"https:\/\/www.urlaubcornwall.de\/blog\/#website"},"datePublished":"2018-04-07T10:13:12+00:00","dateModified":"2021-09-17T11:14:29+00:00","description":"Dieses Ferienhaus befindet sich in ruhiger, l\u00e4ndlicher Umgebung am Rande des am See gelegenen Dorfes Coniston, direkt im Schatten des imposanten Falls The Old Man of Coniston. Es gibt viel zu sehen und zu tun in der Gegend, ob die G\u00e4ste eine entspannende Kreuzfahrt auf dem See genie\u00dfen m\u00f6chten, malerische Spazierg\u00e4nge machen oder eine Auswahl an Wassersportarten wie Kanufahren, Segeln und Stand-Up-Paddleboarding ausprobieren m\u00f6chten.","breadcrumb":{"@id":"https:\/\/www.urlaubcornwall.de\/blog\/ferienhaus-in-coniston-mit-hund-mieten-lake-district\/#breadcrumb"},"inLanguage":"en-US","potentialAction":[{"@type":"ReadAction","target":["https:\/\/www.urlaubcornwall.de\/blog\/ferienhaus-in-coniston-mit-hund-mieten-lake-district\/"]}]},{"@type":"BreadcrumbList","@id":"https:\/\/www.urlaubcornwall.de\/blog\/ferienhaus-in-coniston-mit-hund-mieten-lake-district\/#breadcrumb","itemListElement":[{"@type":"ListItem","position":1,"name":"Home","item":"https:\/\/www.urlaubcornwall.de\/blog\/"},{"@type":"ListItem","position":2,"name":"Ferienhaus in Coniston mit Hund mieten &#8211; Lake District"}]}]}},"_links":{"self":[{"href":"https:\/\/www.urlaubcornwall.de\/blog\/wp-json\/wp\/v2\/pages\/33514"}],"collection":[{"href":"https:\/\/www.urlaubcornwall.de\/blog\/wp-json\/wp\/v2\/pages"}],"about":[{"href":"https:\/\/www.urlaubcornwall.de\/blog\/wp-json\/wp\/v2\/types\/page"}],"author":[{"embeddable":true,"href":"https:\/\/www.urlaubcornwall.de\/blog\/wp-json\/wp\/v2\/users\/1"}],"replies":[{"embeddable":true,"href":"https:\/\/www.urlaubcornwall.de\/blog\/wp-json\/wp\/v2\/comments?post=33514"}],"version-history":[{"count":8,"href":"https:\/\/www.urlaubcornwall.de\/blog\/wp-json\/wp\/v2\/pages\/33514\/revisions"}],"predecessor-version":[{"id":42867,"href":"https:\/\/www.urlaubcornwall.de\/blog\/wp-json\/wp\/v2\/pages\/33514\/revisions\/42867"}],"wp:attachment":[{"href":"https:\/\/www.urlaubcornwall.de\/blog\/wp-json\/wp\/v2\/media?parent=33514"}],"curies":[{"name":"wp","href":"https:\/\/api.w.org\/{rel}","templated":true}]}}