{"id":33503,"date":"2018-04-04T15:05:33","date_gmt":"2018-04-04T15:05:33","guid":{"rendered":"https:\/\/www.urlaubcornwall.de\/blog\/?page_id=33503"},"modified":"2021-09-17T12:17:54","modified_gmt":"2021-09-17T12:17:54","slug":"ferienhaus-in-sawrey-mieten-lake-district","status":"publish","type":"page","link":"https:\/\/www.urlaubcornwall.de\/blog\/ferienhaus-in-sawrey-mieten-lake-district\/","title":{"rendered":"Ferienhaus in Sawrey mieten &#8211; Lake District"},"content":{"rendered":"<p><img loading=\"lazy\" class=\"aligncenter size-full wp-image-33504\" src=\"https:\/\/www.urlaubcornwall.de\/blog\/wp-content\/uploads\/2018\/04\/ferienhaus-sawrey-lake-district.jpeg\" alt=\"ferienhaus sawrey lake district\" width=\"747\" height=\"558\"\/><\/p>\n<p><strong>Ferienhaus in Sawrey mit Hund, 2 Schlafzimmern, Schlafgelegenheiten 4<\/strong><\/p>\n<p>Dieses Ferienhaus befindet sich in der N\u00e4he von Hill Top, dem geliebten Haus von Beatrix Potter, das heute dem National Trust geh\u00f6rt, und einem Denkmal f\u00fcr den Schriftsteller. Das Dorf hat einen traditionellen Pub, der Essen serviert und Hunde willkommen hei\u00dft und nur einen kurzen Spaziergang von der H\u00fctte entfernt ist. Nur 3 km von der H\u00fctte entfernt liegt die K\u00fcste des Lake Windermere und die F\u00e4hre &#8211; von wo aus eine kleine Autof\u00e4hre \u00fcber den See nach Bowness f\u00fchrt. Diejenigen, die die Outdoor-Aktivit\u00e4ten genie\u00dfen wollen, f\u00fcr die diese Gegend ber\u00fchmt ist, finden Sie in der Umgebung des Hotels, darunter Wassersport auf Windermere und Coniston Water. <\/p>\n<p style=\"text-align: center;\"><a class=\"tidycta\" href=\"https:\/\/www.urlaubcornwall.de\/ferienhaeuser-fewos\/eng\/cumbria\/near-and-far-sawrey.html\">Suche Ferienh\u00e4user Sawrey<\/a><\/p>\n<p style=\"text-align: center;\">Pers\u00f6nlich inspizierte Ferienh\u00e4user und Ferienwohnungen f\u00fcr Ihren Urlaub in England.<\/p>\n<p style=\"text-align: center;\"><a href=\"https:\/\/www.urlaubcornwall.de\/ferienhaeuser-fewos\/eng\/lake-district\/lake-district.html\"><strong>Ferienh\u00e4user, Cottages &amp; Ferienwohnungen in Lake District.<\/strong><\/a><\/p>\n","protected":false},"excerpt":{"rendered":"<p>Ferienhaus in Sawrey mit Hund, 2 Schlafzimmern, Schlafgelegenheiten 4 Dieses Ferienhaus befindet sich in der N\u00e4he von Hill Top, dem geliebten Haus von Beatrix Potter, das heute dem National Trust geh\u00f6rt, und einem Denkmal f\u00fcr den Schriftsteller. Das Dorf hat einen traditionellen Pub, der Essen serviert und Hunde willkommen hei\u00dft und nur einen kurzen Spaziergang [&hellip;]<\/p>\n","protected":false},"author":1,"featured_media":0,"parent":0,"menu_order":0,"comment_status":"closed","ping_status":"closed","template":"single-four.php","meta":[],"acf":[],"yoast_head":"<!-- This site is optimized with the Yoast SEO plugin v19.4 - https:\/\/yoast.com\/wordpress\/plugins\/seo\/ -->\n<title>Ferienhaus in Sawrey mieten - Lake District - Urlaub &amp; Reisen<\/title>\n<meta name=\"robots\" content=\"index, follow, max-snippet:-1, max-image-preview:large, max-video-preview:-1\" \/>\n<link rel=\"canonical\" href=\"https:\/\/www.urlaubcornwall.de\/blog\/ferienhaus-in-sawrey-mieten-lake-district\/\" \/>\n<meta property=\"og:locale\" content=\"en_US\" \/>\n<meta property=\"og:type\" content=\"article\" \/>\n<meta property=\"og:title\" content=\"Ferienhaus in Sawrey mieten - Lake District - Urlaub &amp; Reisen\" \/>\n<meta property=\"og:description\" content=\"Ferienhaus in Sawrey mit Hund, 2 Schlafzimmern, Schlafgelegenheiten 4 Dieses Ferienhaus befindet sich in der N\u00e4he von Hill Top, dem geliebten Haus von Beatrix Potter, das heute dem National Trust geh\u00f6rt, und einem Denkmal f\u00fcr den Schriftsteller. Das Dorf hat einen traditionellen Pub, der Essen serviert und Hunde willkommen hei\u00dft und nur einen kurzen Spaziergang [&hellip;]\" \/>\n<meta property=\"og:url\" content=\"https:\/\/www.urlaubcornwall.de\/blog\/ferienhaus-in-sawrey-mieten-lake-district\/\" \/>\n<meta property=\"og:site_name\" content=\"Urlaub &amp; Reisen\" \/>\n<meta property=\"article:modified_time\" content=\"2021-09-17T12:17:54+00:00\" \/>\n<meta property=\"og:image\" content=\"https:\/\/www.urlaubcornwall.de\/blog\/wp-content\/uploads\/2018\/04\/ferienhaus-sawrey-lake-district.jpeg\" \/>\n<meta name=\"twitter:card\" content=\"summary\" \/>\n<meta name=\"twitter:label1\" content=\"Est. reading time\" \/>\n\t<meta name=\"twitter:data1\" content=\"1 minute\" \/>\n<script type=\"application\/ld+json\" class=\"yoast-schema-graph\">{\"@context\":\"https:\/\/schema.org\",\"@graph\":[{\"@type\":\"WebSite\",\"@id\":\"https:\/\/www.urlaubcornwall.de\/blog\/#website\",\"url\":\"https:\/\/www.urlaubcornwall.de\/blog\/\",\"name\":\"Urlaub &amp; Reisen\",\"description\":\"Urlaub, Reisen, Cornwall und S\u00fcdengland: eine perfekte Kombination\",\"potentialAction\":[{\"@type\":\"SearchAction\",\"target\":{\"@type\":\"EntryPoint\",\"urlTemplate\":\"https:\/\/www.urlaubcornwall.de\/blog\/?s={search_term_string}\"},\"query-input\":\"required name=search_term_string\"}],\"inLanguage\":\"en-US\"},{\"@type\":\"WebPage\",\"@id\":\"https:\/\/www.urlaubcornwall.de\/blog\/ferienhaus-in-sawrey-mieten-lake-district\/\",\"url\":\"https:\/\/www.urlaubcornwall.de\/blog\/ferienhaus-in-sawrey-mieten-lake-district\/\",\"name\":\"Ferienhaus in Sawrey mieten - Lake District - Urlaub &amp; Reisen\",\"isPartOf\":{\"@id\":\"https:\/\/www.urlaubcornwall.de\/blog\/#website\"},\"datePublished\":\"2018-04-04T15:05:33+00:00\",\"dateModified\":\"2021-09-17T12:17:54+00:00\",\"breadcrumb\":{\"@id\":\"https:\/\/www.urlaubcornwall.de\/blog\/ferienhaus-in-sawrey-mieten-lake-district\/#breadcrumb\"},\"inLanguage\":\"en-US\",\"potentialAction\":[{\"@type\":\"ReadAction\",\"target\":[\"https:\/\/www.urlaubcornwall.de\/blog\/ferienhaus-in-sawrey-mieten-lake-district\/\"]}]},{\"@type\":\"BreadcrumbList\",\"@id\":\"https:\/\/www.urlaubcornwall.de\/blog\/ferienhaus-in-sawrey-mieten-lake-district\/#breadcrumb\",\"itemListElement\":[{\"@type\":\"ListItem\",\"position\":1,\"name\":\"Home\",\"item\":\"https:\/\/www.urlaubcornwall.de\/blog\/\"},{\"@type\":\"ListItem\",\"position\":2,\"name\":\"Ferienhaus in Sawrey mieten &#8211; Lake District\"}]}]}<\/script>\n<!-- \/ Yoast SEO plugin. -->","yoast_head_json":{"title":"Ferienhaus in Sawrey mieten - Lake District - Urlaub &amp; Reisen","robots":{"index":"index","follow":"follow","max-snippet":"max-snippet:-1","max-image-preview":"max-image-preview:large","max-video-preview":"max-video-preview:-1"},"canonical":"https:\/\/www.urlaubcornwall.de\/blog\/ferienhaus-in-sawrey-mieten-lake-district\/","og_locale":"en_US","og_type":"article","og_title":"Ferienhaus in Sawrey mieten - Lake District - Urlaub &amp; Reisen","og_description":"Ferienhaus in Sawrey mit Hund, 2 Schlafzimmern, Schlafgelegenheiten 4 Dieses Ferienhaus befindet sich in der N\u00e4he von Hill Top, dem geliebten Haus von Beatrix Potter, das heute dem National Trust geh\u00f6rt, und einem Denkmal f\u00fcr den Schriftsteller. Das Dorf hat einen traditionellen Pub, der Essen serviert und Hunde willkommen hei\u00dft und nur einen kurzen Spaziergang [&hellip;]","og_url":"https:\/\/www.urlaubcornwall.de\/blog\/ferienhaus-in-sawrey-mieten-lake-district\/","og_site_name":"Urlaub &amp; Reisen","article_modified_time":"2021-09-17T12:17:54+00:00","og_image":[{"url":"https:\/\/www.urlaubcornwall.de\/blog\/wp-content\/uploads\/2018\/04\/ferienhaus-sawrey-lake-district.jpeg"}],"twitter_card":"summary","twitter_misc":{"Est. reading time":"1 minute"},"schema":{"@context":"https:\/\/schema.org","@graph":[{"@type":"WebSite","@id":"https:\/\/www.urlaubcornwall.de\/blog\/#website","url":"https:\/\/www.urlaubcornwall.de\/blog\/","name":"Urlaub &amp; Reisen","description":"Urlaub, Reisen, Cornwall und S\u00fcdengland: eine perfekte Kombination","potentialAction":[{"@type":"SearchAction","target":{"@type":"EntryPoint","urlTemplate":"https:\/\/www.urlaubcornwall.de\/blog\/?s={search_term_string}"},"query-input":"required name=search_term_string"}],"inLanguage":"en-US"},{"@type":"WebPage","@id":"https:\/\/www.urlaubcornwall.de\/blog\/ferienhaus-in-sawrey-mieten-lake-district\/","url":"https:\/\/www.urlaubcornwall.de\/blog\/ferienhaus-in-sawrey-mieten-lake-district\/","name":"Ferienhaus in Sawrey mieten - Lake District - Urlaub &amp; Reisen","isPartOf":{"@id":"https:\/\/www.urlaubcornwall.de\/blog\/#website"},"datePublished":"2018-04-04T15:05:33+00:00","dateModified":"2021-09-17T12:17:54+00:00","breadcrumb":{"@id":"https:\/\/www.urlaubcornwall.de\/blog\/ferienhaus-in-sawrey-mieten-lake-district\/#breadcrumb"},"inLanguage":"en-US","potentialAction":[{"@type":"ReadAction","target":["https:\/\/www.urlaubcornwall.de\/blog\/ferienhaus-in-sawrey-mieten-lake-district\/"]}]},{"@type":"BreadcrumbList","@id":"https:\/\/www.urlaubcornwall.de\/blog\/ferienhaus-in-sawrey-mieten-lake-district\/#breadcrumb","itemListElement":[{"@type":"ListItem","position":1,"name":"Home","item":"https:\/\/www.urlaubcornwall.de\/blog\/"},{"@type":"ListItem","position":2,"name":"Ferienhaus in Sawrey mieten &#8211; Lake District"}]}]}},"_links":{"self":[{"href":"https:\/\/www.urlaubcornwall.de\/blog\/wp-json\/wp\/v2\/pages\/33503"}],"collection":[{"href":"https:\/\/www.urlaubcornwall.de\/blog\/wp-json\/wp\/v2\/pages"}],"about":[{"href":"https:\/\/www.urlaubcornwall.de\/blog\/wp-json\/wp\/v2\/types\/page"}],"author":[{"embeddable":true,"href":"https:\/\/www.urlaubcornwall.de\/blog\/wp-json\/wp\/v2\/users\/1"}],"replies":[{"embeddable":true,"href":"https:\/\/www.urlaubcornwall.de\/blog\/wp-json\/wp\/v2\/comments?post=33503"}],"version-history":[{"count":5,"href":"https:\/\/www.urlaubcornwall.de\/blog\/wp-json\/wp\/v2\/pages\/33503\/revisions"}],"predecessor-version":[{"id":42892,"href":"https:\/\/www.urlaubcornwall.de\/blog\/wp-json\/wp\/v2\/pages\/33503\/revisions\/42892"}],"wp:attachment":[{"href":"https:\/\/www.urlaubcornwall.de\/blog\/wp-json\/wp\/v2\/media?parent=33503"}],"curies":[{"name":"wp","href":"https:\/\/api.w.org\/{rel}","templated":true}]}}