{"id":33500,"date":"2018-04-04T14:52:49","date_gmt":"2018-04-04T14:52:49","guid":{"rendered":"https:\/\/www.urlaubcornwall.de\/blog\/?page_id=33500"},"modified":"2021-09-17T11:12:10","modified_gmt":"2021-09-17T11:12:10","slug":"ferienhaus-in-coniston-mieten-lake-district","status":"publish","type":"page","link":"https:\/\/www.urlaubcornwall.de\/blog\/ferienhaus-in-coniston-mieten-lake-district\/","title":{"rendered":"Ferienhaus in Coniston mieten &#8211; Lake District"},"content":{"rendered":"<p><img loading=\"lazy\" class=\"aligncenter size-full wp-image-33501\" src=\"https:\/\/www.urlaubcornwall.de\/blog\/wp-content\/uploads\/2018\/04\/ferienhaus-coniston-lake-district.jpg\" alt=\"ferienhaus coniston lake district\" width=\"749\" height=\"432\"\/><\/p>\n<p><strong>Ferienhaus in Coniston mit Hund, 2 Schlafzimmern, Schlafgelegenheiten 4<\/strong><\/p>\n<p>Dieses Ferienhaus ist eines von sechs Cottages und H\u00e4usern am nordwestlichen Ufer von Coniston Water im sch\u00f6nen <a href=\"https:\/\/www.urlaubcornwall.de\/reiseziel\/lake-district-nationalpark.php\">Lake District<\/a>. Der See ist ein ausgezeichneter Ort, um viele Wassersportarten und Aktivit\u00e4ten wie Kajakfahren und Stand-Up-Paddeln zum Segeln und Motorbootfahren zu genie\u00dfen. Die Berglandschaft rund um den See eignet sich nat\u00fcrlich zum Klettern und Wandern am Old Man of Coniston zum Schl\u00e4ngeln und Mountainbiken. F\u00fcr einen gem\u00fctlichen Tagesausflug k\u00f6nnen Sie eine Kreuzfahrt auf der dem National Trust geh\u00f6renden viktorianischen Dampfjacht unternehmen, die vom Coniston Pier um den See herum verl\u00e4uft.<\/p>\n<p style=\"text-align: center;\"><a class=\"tidycta\" href=\"https:\/\/www.urlaubcornwall.de\/ferienhaeuser-fewos\/eng\/lake-district\/coniston.html\">Suche Ferienh\u00e4user Coniston<\/a><\/p>\n<p style=\"text-align: center;\"><a href=\"https:\/\/www.urlaubcornwall.de\/ferienhaeuser-fewos\/eng\/lake-district\/lake-district.html\"><strong>Ferienh\u00e4user, Cottages &amp; Ferienwohnungen in Lake District.<\/strong><\/a><\/p>\n","protected":false},"excerpt":{"rendered":"<p>Ferienhaus in Coniston mit Hund, 2 Schlafzimmern, Schlafgelegenheiten 4 Dieses Ferienhaus ist eines von sechs Cottages und H\u00e4usern am nordwestlichen Ufer von Coniston Water im sch\u00f6nen Lake District. Der See ist ein ausgezeichneter Ort, um viele Wassersportarten und Aktivit\u00e4ten wie Kajakfahren und Stand-Up-Paddeln zum Segeln und Motorbootfahren zu genie\u00dfen. Die Berglandschaft rund um den See [&hellip;]<\/p>\n","protected":false},"author":1,"featured_media":0,"parent":0,"menu_order":0,"comment_status":"closed","ping_status":"closed","template":"single-four.php","meta":[],"acf":[],"yoast_head":"<!-- This site is optimized with the Yoast SEO plugin v19.4 - https:\/\/yoast.com\/wordpress\/plugins\/seo\/ -->\n<title>Ferienhaus in Coniston mieten - Lake District - Urlaub &amp; Reisen<\/title>\n<meta name=\"description\" content=\"Dieses Ferienhaus ist eines von sechs Cottages und H\u00e4usern am nordwestlichen Ufer von Coniston Water im sch\u00f6nen Lake District. Der See ist ein ausgezeichneter Ort, um viele Wassersportarten und Aktivit\u00e4ten wie Kajakfahren und Stand-Up-Paddeln zum Segeln und Motorbootfahren zu genie\u00dfen. Die Berglandschaft rund um den See eignet sich nat\u00fcrlich zum Klettern und Wandern am Old Man of Coniston zum Schl\u00e4ngeln und Mountainbiken. F\u00fcr einen gem\u00fctlichen Tagesausflug k\u00f6nnen Sie ein\" \/>\n<meta name=\"robots\" content=\"index, follow, max-snippet:-1, max-image-preview:large, max-video-preview:-1\" \/>\n<link rel=\"canonical\" href=\"https:\/\/www.urlaubcornwall.de\/blog\/ferienhaus-in-coniston-mieten-lake-district\/\" \/>\n<meta property=\"og:locale\" content=\"en_US\" \/>\n<meta property=\"og:type\" content=\"article\" \/>\n<meta property=\"og:title\" content=\"Ferienhaus in Coniston mieten - Lake District - Urlaub &amp; Reisen\" \/>\n<meta property=\"og:description\" content=\"Dieses Ferienhaus ist eines von sechs Cottages und H\u00e4usern am nordwestlichen Ufer von Coniston Water im sch\u00f6nen Lake District. Der See ist ein ausgezeichneter Ort, um viele Wassersportarten und Aktivit\u00e4ten wie Kajakfahren und Stand-Up-Paddeln zum Segeln und Motorbootfahren zu genie\u00dfen. Die Berglandschaft rund um den See eignet sich nat\u00fcrlich zum Klettern und Wandern am Old Man of Coniston zum Schl\u00e4ngeln und Mountainbiken. F\u00fcr einen gem\u00fctlichen Tagesausflug k\u00f6nnen Sie ein\" \/>\n<meta property=\"og:url\" content=\"https:\/\/www.urlaubcornwall.de\/blog\/ferienhaus-in-coniston-mieten-lake-district\/\" \/>\n<meta property=\"og:site_name\" content=\"Urlaub &amp; Reisen\" \/>\n<meta property=\"article:modified_time\" content=\"2021-09-17T11:12:10+00:00\" \/>\n<meta property=\"og:image\" content=\"https:\/\/www.urlaubcornwall.de\/blog\/wp-content\/uploads\/2018\/04\/ferienhaus-coniston-lake-district.jpg\" \/>\n<meta name=\"twitter:card\" content=\"summary\" \/>\n<meta name=\"twitter:label1\" content=\"Est. reading time\" \/>\n\t<meta name=\"twitter:data1\" content=\"1 minute\" \/>\n<script type=\"application\/ld+json\" class=\"yoast-schema-graph\">{\"@context\":\"https:\/\/schema.org\",\"@graph\":[{\"@type\":\"WebSite\",\"@id\":\"https:\/\/www.urlaubcornwall.de\/blog\/#website\",\"url\":\"https:\/\/www.urlaubcornwall.de\/blog\/\",\"name\":\"Urlaub &amp; Reisen\",\"description\":\"Urlaub, Reisen, Cornwall und S\u00fcdengland: eine perfekte Kombination\",\"potentialAction\":[{\"@type\":\"SearchAction\",\"target\":{\"@type\":\"EntryPoint\",\"urlTemplate\":\"https:\/\/www.urlaubcornwall.de\/blog\/?s={search_term_string}\"},\"query-input\":\"required name=search_term_string\"}],\"inLanguage\":\"en-US\"},{\"@type\":\"WebPage\",\"@id\":\"https:\/\/www.urlaubcornwall.de\/blog\/ferienhaus-in-coniston-mieten-lake-district\/\",\"url\":\"https:\/\/www.urlaubcornwall.de\/blog\/ferienhaus-in-coniston-mieten-lake-district\/\",\"name\":\"Ferienhaus in Coniston mieten - Lake District - Urlaub &amp; Reisen\",\"isPartOf\":{\"@id\":\"https:\/\/www.urlaubcornwall.de\/blog\/#website\"},\"datePublished\":\"2018-04-04T14:52:49+00:00\",\"dateModified\":\"2021-09-17T11:12:10+00:00\",\"description\":\"Dieses Ferienhaus ist eines von sechs Cottages und H\u00e4usern am nordwestlichen Ufer von Coniston Water im sch\u00f6nen Lake District. Der See ist ein ausgezeichneter Ort, um viele Wassersportarten und Aktivit\u00e4ten wie Kajakfahren und Stand-Up-Paddeln zum Segeln und Motorbootfahren zu genie\u00dfen. Die Berglandschaft rund um den See eignet sich nat\u00fcrlich zum Klettern und Wandern am Old Man of Coniston zum Schl\u00e4ngeln und Mountainbiken. F\u00fcr einen gem\u00fctlichen Tagesausflug k\u00f6nnen Sie ein\",\"breadcrumb\":{\"@id\":\"https:\/\/www.urlaubcornwall.de\/blog\/ferienhaus-in-coniston-mieten-lake-district\/#breadcrumb\"},\"inLanguage\":\"en-US\",\"potentialAction\":[{\"@type\":\"ReadAction\",\"target\":[\"https:\/\/www.urlaubcornwall.de\/blog\/ferienhaus-in-coniston-mieten-lake-district\/\"]}]},{\"@type\":\"BreadcrumbList\",\"@id\":\"https:\/\/www.urlaubcornwall.de\/blog\/ferienhaus-in-coniston-mieten-lake-district\/#breadcrumb\",\"itemListElement\":[{\"@type\":\"ListItem\",\"position\":1,\"name\":\"Home\",\"item\":\"https:\/\/www.urlaubcornwall.de\/blog\/\"},{\"@type\":\"ListItem\",\"position\":2,\"name\":\"Ferienhaus in Coniston mieten &#8211; Lake District\"}]}]}<\/script>\n<!-- \/ Yoast SEO plugin. -->","yoast_head_json":{"title":"Ferienhaus in Coniston mieten - Lake District - Urlaub &amp; Reisen","description":"Dieses Ferienhaus ist eines von sechs Cottages und H\u00e4usern am nordwestlichen Ufer von Coniston Water im sch\u00f6nen Lake District. Der See ist ein ausgezeichneter Ort, um viele Wassersportarten und Aktivit\u00e4ten wie Kajakfahren und Stand-Up-Paddeln zum Segeln und Motorbootfahren zu genie\u00dfen. Die Berglandschaft rund um den See eignet sich nat\u00fcrlich zum Klettern und Wandern am Old Man of Coniston zum Schl\u00e4ngeln und Mountainbiken. F\u00fcr einen gem\u00fctlichen Tagesausflug k\u00f6nnen Sie ein","robots":{"index":"index","follow":"follow","max-snippet":"max-snippet:-1","max-image-preview":"max-image-preview:large","max-video-preview":"max-video-preview:-1"},"canonical":"https:\/\/www.urlaubcornwall.de\/blog\/ferienhaus-in-coniston-mieten-lake-district\/","og_locale":"en_US","og_type":"article","og_title":"Ferienhaus in Coniston mieten - Lake District - Urlaub &amp; Reisen","og_description":"Dieses Ferienhaus ist eines von sechs Cottages und H\u00e4usern am nordwestlichen Ufer von Coniston Water im sch\u00f6nen Lake District. Der See ist ein ausgezeichneter Ort, um viele Wassersportarten und Aktivit\u00e4ten wie Kajakfahren und Stand-Up-Paddeln zum Segeln und Motorbootfahren zu genie\u00dfen. Die Berglandschaft rund um den See eignet sich nat\u00fcrlich zum Klettern und Wandern am Old Man of Coniston zum Schl\u00e4ngeln und Mountainbiken. F\u00fcr einen gem\u00fctlichen Tagesausflug k\u00f6nnen Sie ein","og_url":"https:\/\/www.urlaubcornwall.de\/blog\/ferienhaus-in-coniston-mieten-lake-district\/","og_site_name":"Urlaub &amp; Reisen","article_modified_time":"2021-09-17T11:12:10+00:00","og_image":[{"url":"https:\/\/www.urlaubcornwall.de\/blog\/wp-content\/uploads\/2018\/04\/ferienhaus-coniston-lake-district.jpg"}],"twitter_card":"summary","twitter_misc":{"Est. reading time":"1 minute"},"schema":{"@context":"https:\/\/schema.org","@graph":[{"@type":"WebSite","@id":"https:\/\/www.urlaubcornwall.de\/blog\/#website","url":"https:\/\/www.urlaubcornwall.de\/blog\/","name":"Urlaub &amp; Reisen","description":"Urlaub, Reisen, Cornwall und S\u00fcdengland: eine perfekte Kombination","potentialAction":[{"@type":"SearchAction","target":{"@type":"EntryPoint","urlTemplate":"https:\/\/www.urlaubcornwall.de\/blog\/?s={search_term_string}"},"query-input":"required name=search_term_string"}],"inLanguage":"en-US"},{"@type":"WebPage","@id":"https:\/\/www.urlaubcornwall.de\/blog\/ferienhaus-in-coniston-mieten-lake-district\/","url":"https:\/\/www.urlaubcornwall.de\/blog\/ferienhaus-in-coniston-mieten-lake-district\/","name":"Ferienhaus in Coniston mieten - Lake District - Urlaub &amp; Reisen","isPartOf":{"@id":"https:\/\/www.urlaubcornwall.de\/blog\/#website"},"datePublished":"2018-04-04T14:52:49+00:00","dateModified":"2021-09-17T11:12:10+00:00","description":"Dieses Ferienhaus ist eines von sechs Cottages und H\u00e4usern am nordwestlichen Ufer von Coniston Water im sch\u00f6nen Lake District. Der See ist ein ausgezeichneter Ort, um viele Wassersportarten und Aktivit\u00e4ten wie Kajakfahren und Stand-Up-Paddeln zum Segeln und Motorbootfahren zu genie\u00dfen. Die Berglandschaft rund um den See eignet sich nat\u00fcrlich zum Klettern und Wandern am Old Man of Coniston zum Schl\u00e4ngeln und Mountainbiken. F\u00fcr einen gem\u00fctlichen Tagesausflug k\u00f6nnen Sie ein","breadcrumb":{"@id":"https:\/\/www.urlaubcornwall.de\/blog\/ferienhaus-in-coniston-mieten-lake-district\/#breadcrumb"},"inLanguage":"en-US","potentialAction":[{"@type":"ReadAction","target":["https:\/\/www.urlaubcornwall.de\/blog\/ferienhaus-in-coniston-mieten-lake-district\/"]}]},{"@type":"BreadcrumbList","@id":"https:\/\/www.urlaubcornwall.de\/blog\/ferienhaus-in-coniston-mieten-lake-district\/#breadcrumb","itemListElement":[{"@type":"ListItem","position":1,"name":"Home","item":"https:\/\/www.urlaubcornwall.de\/blog\/"},{"@type":"ListItem","position":2,"name":"Ferienhaus in Coniston mieten &#8211; Lake District"}]}]}},"_links":{"self":[{"href":"https:\/\/www.urlaubcornwall.de\/blog\/wp-json\/wp\/v2\/pages\/33500"}],"collection":[{"href":"https:\/\/www.urlaubcornwall.de\/blog\/wp-json\/wp\/v2\/pages"}],"about":[{"href":"https:\/\/www.urlaubcornwall.de\/blog\/wp-json\/wp\/v2\/types\/page"}],"author":[{"embeddable":true,"href":"https:\/\/www.urlaubcornwall.de\/blog\/wp-json\/wp\/v2\/users\/1"}],"replies":[{"embeddable":true,"href":"https:\/\/www.urlaubcornwall.de\/blog\/wp-json\/wp\/v2\/comments?post=33500"}],"version-history":[{"count":7,"href":"https:\/\/www.urlaubcornwall.de\/blog\/wp-json\/wp\/v2\/pages\/33500\/revisions"}],"predecessor-version":[{"id":42865,"href":"https:\/\/www.urlaubcornwall.de\/blog\/wp-json\/wp\/v2\/pages\/33500\/revisions\/42865"}],"wp:attachment":[{"href":"https:\/\/www.urlaubcornwall.de\/blog\/wp-json\/wp\/v2\/media?parent=33500"}],"curies":[{"name":"wp","href":"https:\/\/api.w.org\/{rel}","templated":true}]}}