{"id":33497,"date":"2018-04-04T14:43:01","date_gmt":"2018-04-04T14:43:01","guid":{"rendered":"https:\/\/www.urlaubcornwall.de\/blog\/?page_id=33497"},"modified":"2021-09-17T11:58:53","modified_gmt":"2021-09-17T11:58:53","slug":"ferienhaus-in-hawkshead-mieten-lake-district","status":"publish","type":"page","link":"https:\/\/www.urlaubcornwall.de\/blog\/ferienhaus-in-hawkshead-mieten-lake-district\/","title":{"rendered":"Ferienhaus in Hawkshead mieten &#8211; Lake District"},"content":{"rendered":"<p><img loading=\"lazy\" class=\"aligncenter size-full wp-image-33498\" src=\"https:\/\/www.urlaubcornwall.de\/blog\/wp-content\/uploads\/2018\/04\/ferienhaus-hawkshead-lake-district.jpg\" alt=\"ferienhaus hawkshead lake district\" width=\"749\" height=\"488\"\/><\/p>\n<p><strong>Ferienhaus in Hawkshead mit 2 Schlafzimmern, Schlafgelegenheiten 4<\/strong><\/p>\n<p>Dieses Ferienhaus befindet sich im Dorf Hawkshead, das f\u00fcr seine Verbindungen zu <a href=\"https:\/\/www.urlaubcornwall.de\/blog\/hotels-in-der-naehe-die-world-of-beatrix-potter\/\">Beatrix Potter<\/a> und William Wordsworth bekannt ist. In den autofreien D\u00f6rfern, den engen Gassen und den blumengeschm\u00fcckten Wegen gibt es mehrere National Trust-Anwesen und eine Reihe von Pubs, in denen Sie ein hausgemachtes Mittagessen oder ein ruhiges Bier genie\u00dfen k\u00f6nnen. Das Dorf ist leicht mit dem Auto erreichbar von zwei der ber\u00fchmtesten Seen der Region: <a href=\"https:\/\/www.urlaubcornwall.de\/blog\/windermere-seen-im-lake-district\/\">Windermere<\/a> und <a href=\"https:\/\/www.urlaubcornwall.de\/blog\/coniston-water-seen-im-lake-district\/\">Coniston Water<\/a>, die jeweils eine Reihe von Aktivit\u00e4ten auf und neben dem Wasser bieten. Dieses moderne Ferienhaus bietet Unterk\u00fcnfte im Familienstil auf 2 Etagen.<\/p>\n<p style=\"text-align: center;\"><a class=\"tidycta\" href=\"https:\/\/www.urlaubcornwall.de\/ferienhaeuser-fewos\/eng\/cumbria\/hawkshead.html\">Suche  Ferienh\u00e4user Hawkshead<\/a><\/p>\n<p style=\"text-align: center;\">Pers\u00f6nlich inspizierte Ferienh\u00e4user und Ferienwohnungen f\u00fcr Ihren Urlaub in England.<\/p>\n<p style=\"text-align: center;\"><a href=\"https:\/\/www.urlaubcornwall.de\/ferienhaeuser-fewos\/eng\/lake-district\/lake-district.html\"><strong>Ferienh\u00e4user, Cottages &amp; Ferienwohnungen in Lake District.<\/strong><\/a><\/p>\n","protected":false},"excerpt":{"rendered":"<p>Ferienhaus in Hawkshead mit 2 Schlafzimmern, Schlafgelegenheiten 4 Dieses Ferienhaus befindet sich im Dorf Hawkshead, das f\u00fcr seine Verbindungen zu Beatrix Potter und William Wordsworth bekannt ist. In den autofreien D\u00f6rfern, den engen Gassen und den blumengeschm\u00fcckten Wegen gibt es mehrere National Trust-Anwesen und eine Reihe von Pubs, in denen Sie ein hausgemachtes Mittagessen oder [&hellip;]<\/p>\n","protected":false},"author":1,"featured_media":0,"parent":0,"menu_order":0,"comment_status":"closed","ping_status":"closed","template":"single-four.php","meta":[],"acf":[],"yoast_head":"<!-- This site is optimized with the Yoast SEO plugin v19.4 - https:\/\/yoast.com\/wordpress\/plugins\/seo\/ -->\n<title>Ferienhaus in Hawkshead mieten - Lake District - Urlaub &amp; Reisen<\/title>\n<meta name=\"description\" content=\"Dieses Ferienhaus befindet sich im Dorf Hawkshead, das f\u00fcr seine Verbindungen zu Beatrix Potter und William Wordsworth bekannt ist. In den autofreien D\u00f6rfern, den engen Gassen und den blumengeschm\u00fcckten Wegen gibt es mehrere National Trust-Anwesen und eine Reihe von Pubs, in denen Sie ein hausgemachtes Mittagessen oder ein ruhiges Bier genie\u00dfen k\u00f6nnen. Das Dorf ist leicht mit dem Auto erreichbar von zwei der ber\u00fchmtesten Seen der Region\" \/>\n<meta name=\"robots\" content=\"index, follow, max-snippet:-1, max-image-preview:large, max-video-preview:-1\" \/>\n<link rel=\"canonical\" href=\"https:\/\/www.urlaubcornwall.de\/blog\/ferienhaus-in-hawkshead-mieten-lake-district\/\" \/>\n<meta property=\"og:locale\" content=\"en_US\" \/>\n<meta property=\"og:type\" content=\"article\" \/>\n<meta property=\"og:title\" content=\"Ferienhaus in Hawkshead mieten - Lake District - Urlaub &amp; Reisen\" \/>\n<meta property=\"og:description\" content=\"Dieses Ferienhaus befindet sich im Dorf Hawkshead, das f\u00fcr seine Verbindungen zu Beatrix Potter und William Wordsworth bekannt ist. In den autofreien D\u00f6rfern, den engen Gassen und den blumengeschm\u00fcckten Wegen gibt es mehrere National Trust-Anwesen und eine Reihe von Pubs, in denen Sie ein hausgemachtes Mittagessen oder ein ruhiges Bier genie\u00dfen k\u00f6nnen. Das Dorf ist leicht mit dem Auto erreichbar von zwei der ber\u00fchmtesten Seen der Region\" \/>\n<meta property=\"og:url\" content=\"https:\/\/www.urlaubcornwall.de\/blog\/ferienhaus-in-hawkshead-mieten-lake-district\/\" \/>\n<meta property=\"og:site_name\" content=\"Urlaub &amp; Reisen\" \/>\n<meta property=\"article:modified_time\" content=\"2021-09-17T11:58:53+00:00\" \/>\n<meta property=\"og:image\" content=\"https:\/\/www.urlaubcornwall.de\/blog\/wp-content\/uploads\/2018\/04\/ferienhaus-hawkshead-lake-district.jpg\" \/>\n<meta name=\"twitter:card\" content=\"summary\" \/>\n<meta name=\"twitter:label1\" content=\"Est. reading time\" \/>\n\t<meta name=\"twitter:data1\" content=\"1 minute\" \/>\n<script type=\"application\/ld+json\" class=\"yoast-schema-graph\">{\"@context\":\"https:\/\/schema.org\",\"@graph\":[{\"@type\":\"WebSite\",\"@id\":\"https:\/\/www.urlaubcornwall.de\/blog\/#website\",\"url\":\"https:\/\/www.urlaubcornwall.de\/blog\/\",\"name\":\"Urlaub &amp; Reisen\",\"description\":\"Urlaub, Reisen, Cornwall und S\u00fcdengland: eine perfekte Kombination\",\"potentialAction\":[{\"@type\":\"SearchAction\",\"target\":{\"@type\":\"EntryPoint\",\"urlTemplate\":\"https:\/\/www.urlaubcornwall.de\/blog\/?s={search_term_string}\"},\"query-input\":\"required name=search_term_string\"}],\"inLanguage\":\"en-US\"},{\"@type\":\"WebPage\",\"@id\":\"https:\/\/www.urlaubcornwall.de\/blog\/ferienhaus-in-hawkshead-mieten-lake-district\/\",\"url\":\"https:\/\/www.urlaubcornwall.de\/blog\/ferienhaus-in-hawkshead-mieten-lake-district\/\",\"name\":\"Ferienhaus in Hawkshead mieten - Lake District - Urlaub &amp; Reisen\",\"isPartOf\":{\"@id\":\"https:\/\/www.urlaubcornwall.de\/blog\/#website\"},\"datePublished\":\"2018-04-04T14:43:01+00:00\",\"dateModified\":\"2021-09-17T11:58:53+00:00\",\"description\":\"Dieses Ferienhaus befindet sich im Dorf Hawkshead, das f\u00fcr seine Verbindungen zu Beatrix Potter und William Wordsworth bekannt ist. In den autofreien D\u00f6rfern, den engen Gassen und den blumengeschm\u00fcckten Wegen gibt es mehrere National Trust-Anwesen und eine Reihe von Pubs, in denen Sie ein hausgemachtes Mittagessen oder ein ruhiges Bier genie\u00dfen k\u00f6nnen. Das Dorf ist leicht mit dem Auto erreichbar von zwei der ber\u00fchmtesten Seen der Region\",\"breadcrumb\":{\"@id\":\"https:\/\/www.urlaubcornwall.de\/blog\/ferienhaus-in-hawkshead-mieten-lake-district\/#breadcrumb\"},\"inLanguage\":\"en-US\",\"potentialAction\":[{\"@type\":\"ReadAction\",\"target\":[\"https:\/\/www.urlaubcornwall.de\/blog\/ferienhaus-in-hawkshead-mieten-lake-district\/\"]}]},{\"@type\":\"BreadcrumbList\",\"@id\":\"https:\/\/www.urlaubcornwall.de\/blog\/ferienhaus-in-hawkshead-mieten-lake-district\/#breadcrumb\",\"itemListElement\":[{\"@type\":\"ListItem\",\"position\":1,\"name\":\"Home\",\"item\":\"https:\/\/www.urlaubcornwall.de\/blog\/\"},{\"@type\":\"ListItem\",\"position\":2,\"name\":\"Ferienhaus in Hawkshead mieten &#8211; Lake District\"}]}]}<\/script>\n<!-- \/ Yoast SEO plugin. -->","yoast_head_json":{"title":"Ferienhaus in Hawkshead mieten - Lake District - Urlaub &amp; Reisen","description":"Dieses Ferienhaus befindet sich im Dorf Hawkshead, das f\u00fcr seine Verbindungen zu Beatrix Potter und William Wordsworth bekannt ist. In den autofreien D\u00f6rfern, den engen Gassen und den blumengeschm\u00fcckten Wegen gibt es mehrere National Trust-Anwesen und eine Reihe von Pubs, in denen Sie ein hausgemachtes Mittagessen oder ein ruhiges Bier genie\u00dfen k\u00f6nnen. Das Dorf ist leicht mit dem Auto erreichbar von zwei der ber\u00fchmtesten Seen der Region","robots":{"index":"index","follow":"follow","max-snippet":"max-snippet:-1","max-image-preview":"max-image-preview:large","max-video-preview":"max-video-preview:-1"},"canonical":"https:\/\/www.urlaubcornwall.de\/blog\/ferienhaus-in-hawkshead-mieten-lake-district\/","og_locale":"en_US","og_type":"article","og_title":"Ferienhaus in Hawkshead mieten - Lake District - Urlaub &amp; Reisen","og_description":"Dieses Ferienhaus befindet sich im Dorf Hawkshead, das f\u00fcr seine Verbindungen zu Beatrix Potter und William Wordsworth bekannt ist. In den autofreien D\u00f6rfern, den engen Gassen und den blumengeschm\u00fcckten Wegen gibt es mehrere National Trust-Anwesen und eine Reihe von Pubs, in denen Sie ein hausgemachtes Mittagessen oder ein ruhiges Bier genie\u00dfen k\u00f6nnen. Das Dorf ist leicht mit dem Auto erreichbar von zwei der ber\u00fchmtesten Seen der Region","og_url":"https:\/\/www.urlaubcornwall.de\/blog\/ferienhaus-in-hawkshead-mieten-lake-district\/","og_site_name":"Urlaub &amp; Reisen","article_modified_time":"2021-09-17T11:58:53+00:00","og_image":[{"url":"https:\/\/www.urlaubcornwall.de\/blog\/wp-content\/uploads\/2018\/04\/ferienhaus-hawkshead-lake-district.jpg"}],"twitter_card":"summary","twitter_misc":{"Est. reading time":"1 minute"},"schema":{"@context":"https:\/\/schema.org","@graph":[{"@type":"WebSite","@id":"https:\/\/www.urlaubcornwall.de\/blog\/#website","url":"https:\/\/www.urlaubcornwall.de\/blog\/","name":"Urlaub &amp; Reisen","description":"Urlaub, Reisen, Cornwall und S\u00fcdengland: eine perfekte Kombination","potentialAction":[{"@type":"SearchAction","target":{"@type":"EntryPoint","urlTemplate":"https:\/\/www.urlaubcornwall.de\/blog\/?s={search_term_string}"},"query-input":"required name=search_term_string"}],"inLanguage":"en-US"},{"@type":"WebPage","@id":"https:\/\/www.urlaubcornwall.de\/blog\/ferienhaus-in-hawkshead-mieten-lake-district\/","url":"https:\/\/www.urlaubcornwall.de\/blog\/ferienhaus-in-hawkshead-mieten-lake-district\/","name":"Ferienhaus in Hawkshead mieten - Lake District - Urlaub &amp; Reisen","isPartOf":{"@id":"https:\/\/www.urlaubcornwall.de\/blog\/#website"},"datePublished":"2018-04-04T14:43:01+00:00","dateModified":"2021-09-17T11:58:53+00:00","description":"Dieses Ferienhaus befindet sich im Dorf Hawkshead, das f\u00fcr seine Verbindungen zu Beatrix Potter und William Wordsworth bekannt ist. In den autofreien D\u00f6rfern, den engen Gassen und den blumengeschm\u00fcckten Wegen gibt es mehrere National Trust-Anwesen und eine Reihe von Pubs, in denen Sie ein hausgemachtes Mittagessen oder ein ruhiges Bier genie\u00dfen k\u00f6nnen. Das Dorf ist leicht mit dem Auto erreichbar von zwei der ber\u00fchmtesten Seen der Region","breadcrumb":{"@id":"https:\/\/www.urlaubcornwall.de\/blog\/ferienhaus-in-hawkshead-mieten-lake-district\/#breadcrumb"},"inLanguage":"en-US","potentialAction":[{"@type":"ReadAction","target":["https:\/\/www.urlaubcornwall.de\/blog\/ferienhaus-in-hawkshead-mieten-lake-district\/"]}]},{"@type":"BreadcrumbList","@id":"https:\/\/www.urlaubcornwall.de\/blog\/ferienhaus-in-hawkshead-mieten-lake-district\/#breadcrumb","itemListElement":[{"@type":"ListItem","position":1,"name":"Home","item":"https:\/\/www.urlaubcornwall.de\/blog\/"},{"@type":"ListItem","position":2,"name":"Ferienhaus in Hawkshead mieten &#8211; Lake District"}]}]}},"_links":{"self":[{"href":"https:\/\/www.urlaubcornwall.de\/blog\/wp-json\/wp\/v2\/pages\/33497"}],"collection":[{"href":"https:\/\/www.urlaubcornwall.de\/blog\/wp-json\/wp\/v2\/pages"}],"about":[{"href":"https:\/\/www.urlaubcornwall.de\/blog\/wp-json\/wp\/v2\/types\/page"}],"author":[{"embeddable":true,"href":"https:\/\/www.urlaubcornwall.de\/blog\/wp-json\/wp\/v2\/users\/1"}],"replies":[{"embeddable":true,"href":"https:\/\/www.urlaubcornwall.de\/blog\/wp-json\/wp\/v2\/comments?post=33497"}],"version-history":[{"count":5,"href":"https:\/\/www.urlaubcornwall.de\/blog\/wp-json\/wp\/v2\/pages\/33497\/revisions"}],"predecessor-version":[{"id":42881,"href":"https:\/\/www.urlaubcornwall.de\/blog\/wp-json\/wp\/v2\/pages\/33497\/revisions\/42881"}],"wp:attachment":[{"href":"https:\/\/www.urlaubcornwall.de\/blog\/wp-json\/wp\/v2\/media?parent=33497"}],"curies":[{"name":"wp","href":"https:\/\/api.w.org\/{rel}","templated":true}]}}