{"id":33494,"date":"2018-04-04T14:34:15","date_gmt":"2018-04-04T14:34:15","guid":{"rendered":"https:\/\/www.urlaubcornwall.de\/blog\/?page_id=33494"},"modified":"2021-09-17T12:22:40","modified_gmt":"2021-09-17T12:22:40","slug":"ferienhaus-in-windermere-mieten-lake-district","status":"publish","type":"page","link":"https:\/\/www.urlaubcornwall.de\/blog\/ferienhaus-in-windermere-mieten-lake-district\/","title":{"rendered":"Ferienhaus in Windermere mieten &#8211; Lake District"},"content":{"rendered":"<p><img loading=\"lazy\" class=\"aligncenter size-full wp-image-33495\" src=\"https:\/\/www.urlaubcornwall.de\/blog\/wp-content\/uploads\/2018\/04\/ferienhaus-windermere-lake-district.jpg\" alt=\"ferienhaus windermere lake district\" width=\"749\" height=\"495\"\/><\/p>\n<p><strong>Ferienhaus in Windermere mit Hund, 1 Schlafzimmern, Schlafgelegenheiten 2<\/strong><\/p>\n<p>In einem kleinen Weiler zwischen den T\u00e4lern von Troutbeck und Kentmere gelegen, ist dieses charmante Ferienhaus ein guter Ausgangspunkt f\u00fcr Wanderer. Gehen Sie zu Fu\u00df, um leichten Zugang zu leichten und langen Wanderungen zu haben, die bis zur Wansfell High Street und Haweswater f\u00fchren. Ein 3 km langer Spaziergang bringt Sie nach Ings, wo sich eine beliebte und preisgekr\u00f6nte Kneipe befindet. Sie ist der perfekte Ort, um sich am Ende einer langen Wanderung zu entspannen. In der N\u00e4he von Windermere und Bowness gibt es viele Gesch\u00e4fte, Gasth\u00e4user, Restaurants und Caf\u00e9s sowie Bootsverleih und Dampferfahrten, die einen weiteren Blick auf die spektakul\u00e4re Landschaft des Sees bieten. <\/p>\n<p style=\"text-align: center;\"><a class=\"tidycta\" href=\"https:\/\/www.urlaubcornwall.de\/ferienhaeuser-fewos\/eng\/cumbria\/windermere.html\">Suche Ferienh\u00e4user Windermere<\/a><\/p>\n<p style=\"text-align: center;\">Pers\u00f6nlich inspizierte Ferienh\u00e4user und Ferienwohnungen f\u00fcr Ihren Urlaub in England.<\/p>\n<p style=\"text-align: center;\"><a href=\"https:\/\/www.urlaubcornwall.de\/ferienhaeuser-fewos\/eng\/lake-district\/lake-district.html\"><strong>Ferienh\u00e4user, Cottages &amp; Ferienwohnungen in Lake District.<\/strong><\/a><\/p>\n","protected":false},"excerpt":{"rendered":"<p>Ferienhaus in Windermere mit Hund, 1 Schlafzimmern, Schlafgelegenheiten 2 In einem kleinen Weiler zwischen den T\u00e4lern von Troutbeck und Kentmere gelegen, ist dieses charmante Ferienhaus ein guter Ausgangspunkt f\u00fcr Wanderer. Gehen Sie zu Fu\u00df, um leichten Zugang zu leichten und langen Wanderungen zu haben, die bis zur Wansfell High Street und Haweswater f\u00fchren. Ein 3 [&hellip;]<\/p>\n","protected":false},"author":1,"featured_media":0,"parent":0,"menu_order":0,"comment_status":"closed","ping_status":"closed","template":"single-four.php","meta":[],"acf":[],"yoast_head":"<!-- This site is optimized with the Yoast SEO plugin v19.4 - https:\/\/yoast.com\/wordpress\/plugins\/seo\/ -->\n<title>Ferienhaus in Windermere mieten - Lake District - Urlaub &amp; Reisen<\/title>\n<meta name=\"description\" content=\"In einem kleinen Weiler zwischen den T\u00e4lern von Troutbeck und Kentmere gelegen, ist dieses charmante Ferienhaus ein guter Ausgangspunkt f\u00fcr Wanderer. Gehen Sie zu Fu\u00df, um leichten Zugang zu leichten und langen Wanderungen zu haben, die bis zur Wansfell High Street und Haweswater f\u00fchren.\" \/>\n<meta name=\"robots\" content=\"index, follow, max-snippet:-1, max-image-preview:large, max-video-preview:-1\" \/>\n<link rel=\"canonical\" href=\"https:\/\/www.urlaubcornwall.de\/blog\/ferienhaus-in-windermere-mieten-lake-district\/\" \/>\n<meta property=\"og:locale\" content=\"en_US\" \/>\n<meta property=\"og:type\" content=\"article\" \/>\n<meta property=\"og:title\" content=\"Ferienhaus in Windermere mieten - Lake District - Urlaub &amp; Reisen\" \/>\n<meta property=\"og:description\" content=\"In einem kleinen Weiler zwischen den T\u00e4lern von Troutbeck und Kentmere gelegen, ist dieses charmante Ferienhaus ein guter Ausgangspunkt f\u00fcr Wanderer. Gehen Sie zu Fu\u00df, um leichten Zugang zu leichten und langen Wanderungen zu haben, die bis zur Wansfell High Street und Haweswater f\u00fchren.\" \/>\n<meta property=\"og:url\" content=\"https:\/\/www.urlaubcornwall.de\/blog\/ferienhaus-in-windermere-mieten-lake-district\/\" \/>\n<meta property=\"og:site_name\" content=\"Urlaub &amp; Reisen\" \/>\n<meta property=\"article:modified_time\" content=\"2021-09-17T12:22:40+00:00\" \/>\n<meta property=\"og:image\" content=\"https:\/\/www.urlaubcornwall.de\/blog\/wp-content\/uploads\/2018\/04\/ferienhaus-windermere-lake-district.jpg\" \/>\n<meta name=\"twitter:card\" content=\"summary\" \/>\n<meta name=\"twitter:label1\" content=\"Est. reading time\" \/>\n\t<meta name=\"twitter:data1\" content=\"1 minute\" \/>\n<script type=\"application\/ld+json\" class=\"yoast-schema-graph\">{\"@context\":\"https:\/\/schema.org\",\"@graph\":[{\"@type\":\"WebSite\",\"@id\":\"https:\/\/www.urlaubcornwall.de\/blog\/#website\",\"url\":\"https:\/\/www.urlaubcornwall.de\/blog\/\",\"name\":\"Urlaub &amp; Reisen\",\"description\":\"Urlaub, Reisen, Cornwall und S\u00fcdengland: eine perfekte Kombination\",\"potentialAction\":[{\"@type\":\"SearchAction\",\"target\":{\"@type\":\"EntryPoint\",\"urlTemplate\":\"https:\/\/www.urlaubcornwall.de\/blog\/?s={search_term_string}\"},\"query-input\":\"required name=search_term_string\"}],\"inLanguage\":\"en-US\"},{\"@type\":\"WebPage\",\"@id\":\"https:\/\/www.urlaubcornwall.de\/blog\/ferienhaus-in-windermere-mieten-lake-district\/\",\"url\":\"https:\/\/www.urlaubcornwall.de\/blog\/ferienhaus-in-windermere-mieten-lake-district\/\",\"name\":\"Ferienhaus in Windermere mieten - Lake District - Urlaub &amp; Reisen\",\"isPartOf\":{\"@id\":\"https:\/\/www.urlaubcornwall.de\/blog\/#website\"},\"datePublished\":\"2018-04-04T14:34:15+00:00\",\"dateModified\":\"2021-09-17T12:22:40+00:00\",\"description\":\"In einem kleinen Weiler zwischen den T\u00e4lern von Troutbeck und Kentmere gelegen, ist dieses charmante Ferienhaus ein guter Ausgangspunkt f\u00fcr Wanderer. Gehen Sie zu Fu\u00df, um leichten Zugang zu leichten und langen Wanderungen zu haben, die bis zur Wansfell High Street und Haweswater f\u00fchren.\",\"breadcrumb\":{\"@id\":\"https:\/\/www.urlaubcornwall.de\/blog\/ferienhaus-in-windermere-mieten-lake-district\/#breadcrumb\"},\"inLanguage\":\"en-US\",\"potentialAction\":[{\"@type\":\"ReadAction\",\"target\":[\"https:\/\/www.urlaubcornwall.de\/blog\/ferienhaus-in-windermere-mieten-lake-district\/\"]}]},{\"@type\":\"BreadcrumbList\",\"@id\":\"https:\/\/www.urlaubcornwall.de\/blog\/ferienhaus-in-windermere-mieten-lake-district\/#breadcrumb\",\"itemListElement\":[{\"@type\":\"ListItem\",\"position\":1,\"name\":\"Home\",\"item\":\"https:\/\/www.urlaubcornwall.de\/blog\/\"},{\"@type\":\"ListItem\",\"position\":2,\"name\":\"Ferienhaus in Windermere mieten &#8211; Lake District\"}]}]}<\/script>\n<!-- \/ Yoast SEO plugin. -->","yoast_head_json":{"title":"Ferienhaus in Windermere mieten - Lake District - Urlaub &amp; Reisen","description":"In einem kleinen Weiler zwischen den T\u00e4lern von Troutbeck und Kentmere gelegen, ist dieses charmante Ferienhaus ein guter Ausgangspunkt f\u00fcr Wanderer. Gehen Sie zu Fu\u00df, um leichten Zugang zu leichten und langen Wanderungen zu haben, die bis zur Wansfell High Street und Haweswater f\u00fchren.","robots":{"index":"index","follow":"follow","max-snippet":"max-snippet:-1","max-image-preview":"max-image-preview:large","max-video-preview":"max-video-preview:-1"},"canonical":"https:\/\/www.urlaubcornwall.de\/blog\/ferienhaus-in-windermere-mieten-lake-district\/","og_locale":"en_US","og_type":"article","og_title":"Ferienhaus in Windermere mieten - Lake District - Urlaub &amp; Reisen","og_description":"In einem kleinen Weiler zwischen den T\u00e4lern von Troutbeck und Kentmere gelegen, ist dieses charmante Ferienhaus ein guter Ausgangspunkt f\u00fcr Wanderer. Gehen Sie zu Fu\u00df, um leichten Zugang zu leichten und langen Wanderungen zu haben, die bis zur Wansfell High Street und Haweswater f\u00fchren.","og_url":"https:\/\/www.urlaubcornwall.de\/blog\/ferienhaus-in-windermere-mieten-lake-district\/","og_site_name":"Urlaub &amp; Reisen","article_modified_time":"2021-09-17T12:22:40+00:00","og_image":[{"url":"https:\/\/www.urlaubcornwall.de\/blog\/wp-content\/uploads\/2018\/04\/ferienhaus-windermere-lake-district.jpg"}],"twitter_card":"summary","twitter_misc":{"Est. reading time":"1 minute"},"schema":{"@context":"https:\/\/schema.org","@graph":[{"@type":"WebSite","@id":"https:\/\/www.urlaubcornwall.de\/blog\/#website","url":"https:\/\/www.urlaubcornwall.de\/blog\/","name":"Urlaub &amp; Reisen","description":"Urlaub, Reisen, Cornwall und S\u00fcdengland: eine perfekte Kombination","potentialAction":[{"@type":"SearchAction","target":{"@type":"EntryPoint","urlTemplate":"https:\/\/www.urlaubcornwall.de\/blog\/?s={search_term_string}"},"query-input":"required name=search_term_string"}],"inLanguage":"en-US"},{"@type":"WebPage","@id":"https:\/\/www.urlaubcornwall.de\/blog\/ferienhaus-in-windermere-mieten-lake-district\/","url":"https:\/\/www.urlaubcornwall.de\/blog\/ferienhaus-in-windermere-mieten-lake-district\/","name":"Ferienhaus in Windermere mieten - Lake District - Urlaub &amp; Reisen","isPartOf":{"@id":"https:\/\/www.urlaubcornwall.de\/blog\/#website"},"datePublished":"2018-04-04T14:34:15+00:00","dateModified":"2021-09-17T12:22:40+00:00","description":"In einem kleinen Weiler zwischen den T\u00e4lern von Troutbeck und Kentmere gelegen, ist dieses charmante Ferienhaus ein guter Ausgangspunkt f\u00fcr Wanderer. Gehen Sie zu Fu\u00df, um leichten Zugang zu leichten und langen Wanderungen zu haben, die bis zur Wansfell High Street und Haweswater f\u00fchren.","breadcrumb":{"@id":"https:\/\/www.urlaubcornwall.de\/blog\/ferienhaus-in-windermere-mieten-lake-district\/#breadcrumb"},"inLanguage":"en-US","potentialAction":[{"@type":"ReadAction","target":["https:\/\/www.urlaubcornwall.de\/blog\/ferienhaus-in-windermere-mieten-lake-district\/"]}]},{"@type":"BreadcrumbList","@id":"https:\/\/www.urlaubcornwall.de\/blog\/ferienhaus-in-windermere-mieten-lake-district\/#breadcrumb","itemListElement":[{"@type":"ListItem","position":1,"name":"Home","item":"https:\/\/www.urlaubcornwall.de\/blog\/"},{"@type":"ListItem","position":2,"name":"Ferienhaus in Windermere mieten &#8211; Lake District"}]}]}},"_links":{"self":[{"href":"https:\/\/www.urlaubcornwall.de\/blog\/wp-json\/wp\/v2\/pages\/33494"}],"collection":[{"href":"https:\/\/www.urlaubcornwall.de\/blog\/wp-json\/wp\/v2\/pages"}],"about":[{"href":"https:\/\/www.urlaubcornwall.de\/blog\/wp-json\/wp\/v2\/types\/page"}],"author":[{"embeddable":true,"href":"https:\/\/www.urlaubcornwall.de\/blog\/wp-json\/wp\/v2\/users\/1"}],"replies":[{"embeddable":true,"href":"https:\/\/www.urlaubcornwall.de\/blog\/wp-json\/wp\/v2\/comments?post=33494"}],"version-history":[{"count":4,"href":"https:\/\/www.urlaubcornwall.de\/blog\/wp-json\/wp\/v2\/pages\/33494\/revisions"}],"predecessor-version":[{"id":42897,"href":"https:\/\/www.urlaubcornwall.de\/blog\/wp-json\/wp\/v2\/pages\/33494\/revisions\/42897"}],"wp:attachment":[{"href":"https:\/\/www.urlaubcornwall.de\/blog\/wp-json\/wp\/v2\/media?parent=33494"}],"curies":[{"name":"wp","href":"https:\/\/api.w.org\/{rel}","templated":true}]}}