{"id":33490,"date":"2018-04-04T14:13:26","date_gmt":"2018-04-04T14:13:26","guid":{"rendered":"https:\/\/www.urlaubcornwall.de\/blog\/?page_id=33490"},"modified":"2021-09-15T07:35:04","modified_gmt":"2021-09-15T07:35:04","slug":"ferienhaus-ambleside-mieten","status":"publish","type":"page","link":"https:\/\/www.urlaubcornwall.de\/blog\/ferienhaus-ambleside-mieten\/","title":{"rendered":"Ferienhaus in Ambleside mieten &#8211; Lake District"},"content":{"rendered":"<p><img loading=\"lazy\" class=\"aligncenter size-full wp-image-33492\" src=\"https:\/\/www.urlaubcornwall.de\/blog\/wp-content\/uploads\/2018\/04\/ferienhaus-ambleside-lake-district.jpg\" alt=\"ferienhaus ambleside lake district\" width=\"749\" height=\"504\"\/><\/p>\n<p><strong>Ferienhaus in Ambleside mit 1 Schlafzimmern, Schlafgelegenheiten 2<\/strong><\/p>\n<p>Dies ist ein perfektes Ferienhaus f\u00fcr diejenigen, die im Herzen von Ambleside sein wollen. Ideal f\u00fcr ein Paar auf der Suche nach einem gem\u00fctlichen Ferienhaus in der N\u00e4he von Wanderwegen, Gesch\u00e4ften, Pubs und einer gro\u00dfen Auswahl an Restaurants in der N\u00e4he der H\u00fctte. Ambleside ist am n\u00f6rdlichen Ende des <a href=\"https:\/\/www.urlaubcornwall.de\/reiseziel\/lake-district-nationalpark.php\">Lake Windermere Englands<\/a> l\u00e4ngster See und ist von sanften H\u00fcgeln umgeben und bietet Zugang zu den h\u00f6heren Gipfeln. Wenn Sie die Aktivit\u00e4ten im Freien genie\u00dfen, ist Ambleside der perfekte Ausgangspunkt, um die gesamte Region zu erkunden &#8230;&#8230;&#8230;&#8230;..<\/p>\n<p style=\"text-align: center;\"><a class=\"tidycta\" href=\"https:\/\/www.urlaubcornwall.de\/ferienhaeuser-fewos\/eng\/lake-district\/ambleside.html\">Suche Ferienh\u00e4user Ambleside<\/a><\/p>\n<p style=\"text-align: center;\">Pers\u00f6nlich inspizierte Ferienh\u00e4user und Ferienwohnungen f\u00fcr Ihren <a href=\"https:\/\/www.urlaubcornwall.de\/ferienhaeuser.php\">Urlaub in England<\/a>.<\/p>\n<p style=\"text-align: center;\"><a href=https:\/\/www.urlaubcornwall.de\/ferienhaeuser-fewos\/eng\/lake-district\/lake-district.html\"><strong>Ferienh\u00e4user, Cottages &amp; Ferienwohnungen in Lake District.<\/strong><\/a><\/p>\n","protected":false},"excerpt":{"rendered":"<p>Ferienhaus in Ambleside mit 1 Schlafzimmern, Schlafgelegenheiten 2 Dies ist ein perfektes Ferienhaus f\u00fcr diejenigen, die im Herzen von Ambleside sein wollen. Ideal f\u00fcr ein Paar auf der Suche nach einem gem\u00fctlichen Ferienhaus in der N\u00e4he von Wanderwegen, Gesch\u00e4ften, Pubs und einer gro\u00dfen Auswahl an Restaurants in der N\u00e4he der H\u00fctte. Ambleside ist am n\u00f6rdlichen [&hellip;]<\/p>\n","protected":false},"author":1,"featured_media":0,"parent":0,"menu_order":0,"comment_status":"closed","ping_status":"closed","template":"single-four.php","meta":[],"acf":[],"yoast_head":"<!-- This site is optimized with the Yoast SEO plugin v19.4 - https:\/\/yoast.com\/wordpress\/plugins\/seo\/ -->\n<title>Ferienhaus in Ambleside mieten - Lake District - Urlaub &amp; Reisen<\/title>\n<meta name=\"robots\" content=\"index, follow, max-snippet:-1, max-image-preview:large, max-video-preview:-1\" \/>\n<link rel=\"canonical\" href=\"https:\/\/www.urlaubcornwall.de\/blog\/ferienhaus-ambleside-mieten\/\" \/>\n<meta property=\"og:locale\" content=\"en_US\" \/>\n<meta property=\"og:type\" content=\"article\" \/>\n<meta property=\"og:title\" content=\"Ferienhaus in Ambleside mieten - Lake District - Urlaub &amp; Reisen\" \/>\n<meta property=\"og:description\" content=\"Ferienhaus in Ambleside mit 1 Schlafzimmern, Schlafgelegenheiten 2 Dies ist ein perfektes Ferienhaus f\u00fcr diejenigen, die im Herzen von Ambleside sein wollen. Ideal f\u00fcr ein Paar auf der Suche nach einem gem\u00fctlichen Ferienhaus in der N\u00e4he von Wanderwegen, Gesch\u00e4ften, Pubs und einer gro\u00dfen Auswahl an Restaurants in der N\u00e4he der H\u00fctte. Ambleside ist am n\u00f6rdlichen [&hellip;]\" \/>\n<meta property=\"og:url\" content=\"https:\/\/www.urlaubcornwall.de\/blog\/ferienhaus-ambleside-mieten\/\" \/>\n<meta property=\"og:site_name\" content=\"Urlaub &amp; Reisen\" \/>\n<meta property=\"article:modified_time\" content=\"2021-09-15T07:35:04+00:00\" \/>\n<meta property=\"og:image\" content=\"https:\/\/www.urlaubcornwall.de\/blog\/wp-content\/uploads\/2018\/04\/ferienhaus-ambleside-lake-district.jpg\" \/>\n<meta name=\"twitter:card\" content=\"summary\" \/>\n<meta name=\"twitter:label1\" content=\"Est. reading time\" \/>\n\t<meta name=\"twitter:data1\" content=\"1 minute\" \/>\n<script type=\"application\/ld+json\" class=\"yoast-schema-graph\">{\"@context\":\"https:\/\/schema.org\",\"@graph\":[{\"@type\":\"WebSite\",\"@id\":\"https:\/\/www.urlaubcornwall.de\/blog\/#website\",\"url\":\"https:\/\/www.urlaubcornwall.de\/blog\/\",\"name\":\"Urlaub &amp; Reisen\",\"description\":\"Urlaub, Reisen, Cornwall und S\u00fcdengland: eine perfekte Kombination\",\"potentialAction\":[{\"@type\":\"SearchAction\",\"target\":{\"@type\":\"EntryPoint\",\"urlTemplate\":\"https:\/\/www.urlaubcornwall.de\/blog\/?s={search_term_string}\"},\"query-input\":\"required name=search_term_string\"}],\"inLanguage\":\"en-US\"},{\"@type\":\"WebPage\",\"@id\":\"https:\/\/www.urlaubcornwall.de\/blog\/ferienhaus-ambleside-mieten\/\",\"url\":\"https:\/\/www.urlaubcornwall.de\/blog\/ferienhaus-ambleside-mieten\/\",\"name\":\"Ferienhaus in Ambleside mieten - Lake District - Urlaub &amp; Reisen\",\"isPartOf\":{\"@id\":\"https:\/\/www.urlaubcornwall.de\/blog\/#website\"},\"datePublished\":\"2018-04-04T14:13:26+00:00\",\"dateModified\":\"2021-09-15T07:35:04+00:00\",\"breadcrumb\":{\"@id\":\"https:\/\/www.urlaubcornwall.de\/blog\/ferienhaus-ambleside-mieten\/#breadcrumb\"},\"inLanguage\":\"en-US\",\"potentialAction\":[{\"@type\":\"ReadAction\",\"target\":[\"https:\/\/www.urlaubcornwall.de\/blog\/ferienhaus-ambleside-mieten\/\"]}]},{\"@type\":\"BreadcrumbList\",\"@id\":\"https:\/\/www.urlaubcornwall.de\/blog\/ferienhaus-ambleside-mieten\/#breadcrumb\",\"itemListElement\":[{\"@type\":\"ListItem\",\"position\":1,\"name\":\"Home\",\"item\":\"https:\/\/www.urlaubcornwall.de\/blog\/\"},{\"@type\":\"ListItem\",\"position\":2,\"name\":\"Ferienhaus in Ambleside mieten &#8211; Lake District\"}]}]}<\/script>\n<!-- \/ Yoast SEO plugin. -->","yoast_head_json":{"title":"Ferienhaus in Ambleside mieten - Lake District - Urlaub &amp; Reisen","robots":{"index":"index","follow":"follow","max-snippet":"max-snippet:-1","max-image-preview":"max-image-preview:large","max-video-preview":"max-video-preview:-1"},"canonical":"https:\/\/www.urlaubcornwall.de\/blog\/ferienhaus-ambleside-mieten\/","og_locale":"en_US","og_type":"article","og_title":"Ferienhaus in Ambleside mieten - Lake District - Urlaub &amp; Reisen","og_description":"Ferienhaus in Ambleside mit 1 Schlafzimmern, Schlafgelegenheiten 2 Dies ist ein perfektes Ferienhaus f\u00fcr diejenigen, die im Herzen von Ambleside sein wollen. Ideal f\u00fcr ein Paar auf der Suche nach einem gem\u00fctlichen Ferienhaus in der N\u00e4he von Wanderwegen, Gesch\u00e4ften, Pubs und einer gro\u00dfen Auswahl an Restaurants in der N\u00e4he der H\u00fctte. Ambleside ist am n\u00f6rdlichen [&hellip;]","og_url":"https:\/\/www.urlaubcornwall.de\/blog\/ferienhaus-ambleside-mieten\/","og_site_name":"Urlaub &amp; Reisen","article_modified_time":"2021-09-15T07:35:04+00:00","og_image":[{"url":"https:\/\/www.urlaubcornwall.de\/blog\/wp-content\/uploads\/2018\/04\/ferienhaus-ambleside-lake-district.jpg"}],"twitter_card":"summary","twitter_misc":{"Est. reading time":"1 minute"},"schema":{"@context":"https:\/\/schema.org","@graph":[{"@type":"WebSite","@id":"https:\/\/www.urlaubcornwall.de\/blog\/#website","url":"https:\/\/www.urlaubcornwall.de\/blog\/","name":"Urlaub &amp; Reisen","description":"Urlaub, Reisen, Cornwall und S\u00fcdengland: eine perfekte Kombination","potentialAction":[{"@type":"SearchAction","target":{"@type":"EntryPoint","urlTemplate":"https:\/\/www.urlaubcornwall.de\/blog\/?s={search_term_string}"},"query-input":"required name=search_term_string"}],"inLanguage":"en-US"},{"@type":"WebPage","@id":"https:\/\/www.urlaubcornwall.de\/blog\/ferienhaus-ambleside-mieten\/","url":"https:\/\/www.urlaubcornwall.de\/blog\/ferienhaus-ambleside-mieten\/","name":"Ferienhaus in Ambleside mieten - Lake District - Urlaub &amp; Reisen","isPartOf":{"@id":"https:\/\/www.urlaubcornwall.de\/blog\/#website"},"datePublished":"2018-04-04T14:13:26+00:00","dateModified":"2021-09-15T07:35:04+00:00","breadcrumb":{"@id":"https:\/\/www.urlaubcornwall.de\/blog\/ferienhaus-ambleside-mieten\/#breadcrumb"},"inLanguage":"en-US","potentialAction":[{"@type":"ReadAction","target":["https:\/\/www.urlaubcornwall.de\/blog\/ferienhaus-ambleside-mieten\/"]}]},{"@type":"BreadcrumbList","@id":"https:\/\/www.urlaubcornwall.de\/blog\/ferienhaus-ambleside-mieten\/#breadcrumb","itemListElement":[{"@type":"ListItem","position":1,"name":"Home","item":"https:\/\/www.urlaubcornwall.de\/blog\/"},{"@type":"ListItem","position":2,"name":"Ferienhaus in Ambleside mieten &#8211; Lake District"}]}]}},"_links":{"self":[{"href":"https:\/\/www.urlaubcornwall.de\/blog\/wp-json\/wp\/v2\/pages\/33490"}],"collection":[{"href":"https:\/\/www.urlaubcornwall.de\/blog\/wp-json\/wp\/v2\/pages"}],"about":[{"href":"https:\/\/www.urlaubcornwall.de\/blog\/wp-json\/wp\/v2\/types\/page"}],"author":[{"embeddable":true,"href":"https:\/\/www.urlaubcornwall.de\/blog\/wp-json\/wp\/v2\/users\/1"}],"replies":[{"embeddable":true,"href":"https:\/\/www.urlaubcornwall.de\/blog\/wp-json\/wp\/v2\/comments?post=33490"}],"version-history":[{"count":9,"href":"https:\/\/www.urlaubcornwall.de\/blog\/wp-json\/wp\/v2\/pages\/33490\/revisions"}],"predecessor-version":[{"id":47719,"href":"https:\/\/www.urlaubcornwall.de\/blog\/wp-json\/wp\/v2\/pages\/33490\/revisions\/47719"}],"wp:attachment":[{"href":"https:\/\/www.urlaubcornwall.de\/blog\/wp-json\/wp\/v2\/media?parent=33490"}],"curies":[{"name":"wp","href":"https:\/\/api.w.org\/{rel}","templated":true}]}}