{"id":33487,"date":"2018-04-04T13:45:49","date_gmt":"2018-04-04T13:45:49","guid":{"rendered":"https:\/\/www.urlaubcornwall.de\/blog\/?page_id=33487"},"modified":"2021-09-17T12:49:34","modified_gmt":"2021-09-17T12:49:34","slug":"schoene-ferienhaus-in-ardgay-mieten","status":"publish","type":"page","link":"https:\/\/www.urlaubcornwall.de\/blog\/schoene-ferienhaus-in-ardgay-mieten\/","title":{"rendered":"Sch\u00f6ne Ferienhaus in Ardgay  mieten"},"content":{"rendered":"<p><img loading=\"lazy\" class=\"aligncenter size-full wp-image-33488\" src=\"https:\/\/www.urlaubcornwall.de\/blog\/wp-content\/uploads\/2018\/04\/ferienhaus-ardgay-sutherland-easter-ross.jpg\" alt=\"ferienhaus ardgay sutherland easter ross\" width=\"749\" height=\"496\"\/><\/p>\n<p><strong>Ferienhaus in Ardgay, 3 Schlafzimmern, Schlafgelegenheiten 6<\/strong><\/p>\n<p>Sutherland und Easter Ross ist eine weitgehend unentdeckte Ecke im Nordosten Schottlands mit einigen der spektakul\u00e4rsten Landschaften des Landes. Das Gebiet ist mit der Hochlandabfertigung von 1845 geschichtstr\u00e4chtig. Weiter westlich liegt die Kirche von Croick, wo einige der Vertriebenen ihre Namen rund um die Kirche und an den Fenstern angebracht haben. Von diesem Ferienhaus aus besuchen Sie die Falls of Shin, wo zu bestimmten Jahreszeiten atlantischer Lachs zu sehen ist. In der N\u00e4he Dornoch Beach hat sch\u00f6nen weichen Sand. Golfer haben die Wahl zwischen vielen Golfpl\u00e4tzen in der N\u00e4he der ber\u00fchmten 500 Route Schottlands Antwort auf die Route 66 in Amerika.<\/p>\n<p style=\"text-align: center;\"><a class=\"tidycta\" href=\"https:\/\/www.urlaubcornwall.de\/ferienhaeuser-fewos\/sco\/nordschottland\/ardgay.html\">Suche Ferienh\u00e4user Ardgay<\/a><\/p>\n<p style=\"text-align: center;\">Pers\u00f6nlich inspizierte Ferienh\u00e4user und Ferienwohnungen f\u00fcr Ihren <a href=\"https:\/\/www.urlaubcornwall.de\/ferienhaeuser\/schottland.php\">Urlaub in Schottland<\/a>.<\/p>\n<p style=\"text-align: center;\"><a href=\"https:\/\/www.urlaubcornwall.de\/ferienhaeuser-fewos\/sco\/nordhighlands-und-inseln\/nordhighlands-und-inseln.html\"><strong>Ferienh\u00e4user, Cottages &amp; Ferienwohnungen in den Highlands.<\/strong><\/a><\/p>\n","protected":false},"excerpt":{"rendered":"<p>Ferienhaus in Ardgay, 3 Schlafzimmern, Schlafgelegenheiten 6 Sutherland und Easter Ross ist eine weitgehend unentdeckte Ecke im Nordosten Schottlands mit einigen der spektakul\u00e4rsten Landschaften des Landes. Das Gebiet ist mit der Hochlandabfertigung von 1845 geschichtstr\u00e4chtig. Weiter westlich liegt die Kirche von Croick, wo einige der Vertriebenen ihre Namen rund um die Kirche und an den [&hellip;]<\/p>\n","protected":false},"author":1,"featured_media":0,"parent":0,"menu_order":0,"comment_status":"closed","ping_status":"closed","template":"single-four.php","meta":[],"acf":[],"yoast_head":"<!-- This site is optimized with the Yoast SEO plugin v19.4 - https:\/\/yoast.com\/wordpress\/plugins\/seo\/ -->\n<title>Sch\u00f6ne Ferienhaus in Ardgay mieten - Urlaub &amp; Reisen<\/title>\n<meta name=\"description\" content=\"Sutherland und Easter Ross ist eine weitgehend unentdeckte Ecke im Nordosten Schottlands mit einigen der spektakul\u00e4rsten Landschaften des Landes. Das Gebiet ist mit der Hochlandabfertigung von 1845 geschichtstr\u00e4chtig. Weiter westlich liegt die Kirche von Croick, wo einige der Vertriebenen ihre Namen rund um die Kirche und an den Fenstern angebracht haben. Von diesem Ferienhaus aus besuchen Sie die Falls of Shin, wo zu bestimmten Jahreszeiten atlantischer Lachs zu sehen ist\" \/>\n<meta name=\"robots\" content=\"index, follow, max-snippet:-1, max-image-preview:large, max-video-preview:-1\" \/>\n<link rel=\"canonical\" href=\"https:\/\/www.urlaubcornwall.de\/blog\/schoene-ferienhaus-in-ardgay-mieten\/\" \/>\n<meta property=\"og:locale\" content=\"en_US\" \/>\n<meta property=\"og:type\" content=\"article\" \/>\n<meta property=\"og:title\" content=\"Sch\u00f6ne Ferienhaus in Ardgay mieten - Urlaub &amp; Reisen\" \/>\n<meta property=\"og:description\" content=\"Sutherland und Easter Ross ist eine weitgehend unentdeckte Ecke im Nordosten Schottlands mit einigen der spektakul\u00e4rsten Landschaften des Landes. Das Gebiet ist mit der Hochlandabfertigung von 1845 geschichtstr\u00e4chtig. Weiter westlich liegt die Kirche von Croick, wo einige der Vertriebenen ihre Namen rund um die Kirche und an den Fenstern angebracht haben. Von diesem Ferienhaus aus besuchen Sie die Falls of Shin, wo zu bestimmten Jahreszeiten atlantischer Lachs zu sehen ist\" \/>\n<meta property=\"og:url\" content=\"https:\/\/www.urlaubcornwall.de\/blog\/schoene-ferienhaus-in-ardgay-mieten\/\" \/>\n<meta property=\"og:site_name\" content=\"Urlaub &amp; Reisen\" \/>\n<meta property=\"article:modified_time\" content=\"2021-09-17T12:49:34+00:00\" \/>\n<meta property=\"og:image\" content=\"https:\/\/www.urlaubcornwall.de\/blog\/wp-content\/uploads\/2018\/04\/ferienhaus-ardgay-sutherland-easter-ross.jpg\" \/>\n<meta name=\"twitter:card\" content=\"summary\" \/>\n<meta name=\"twitter:label1\" content=\"Est. reading time\" \/>\n\t<meta name=\"twitter:data1\" content=\"1 minute\" \/>\n<script type=\"application\/ld+json\" class=\"yoast-schema-graph\">{\"@context\":\"https:\/\/schema.org\",\"@graph\":[{\"@type\":\"WebSite\",\"@id\":\"https:\/\/www.urlaubcornwall.de\/blog\/#website\",\"url\":\"https:\/\/www.urlaubcornwall.de\/blog\/\",\"name\":\"Urlaub &amp; Reisen\",\"description\":\"Urlaub, Reisen, Cornwall und S\u00fcdengland: eine perfekte Kombination\",\"potentialAction\":[{\"@type\":\"SearchAction\",\"target\":{\"@type\":\"EntryPoint\",\"urlTemplate\":\"https:\/\/www.urlaubcornwall.de\/blog\/?s={search_term_string}\"},\"query-input\":\"required name=search_term_string\"}],\"inLanguage\":\"en-US\"},{\"@type\":\"WebPage\",\"@id\":\"https:\/\/www.urlaubcornwall.de\/blog\/schoene-ferienhaus-in-ardgay-mieten\/\",\"url\":\"https:\/\/www.urlaubcornwall.de\/blog\/schoene-ferienhaus-in-ardgay-mieten\/\",\"name\":\"Sch\u00f6ne Ferienhaus in Ardgay mieten - Urlaub &amp; Reisen\",\"isPartOf\":{\"@id\":\"https:\/\/www.urlaubcornwall.de\/blog\/#website\"},\"datePublished\":\"2018-04-04T13:45:49+00:00\",\"dateModified\":\"2021-09-17T12:49:34+00:00\",\"description\":\"Sutherland und Easter Ross ist eine weitgehend unentdeckte Ecke im Nordosten Schottlands mit einigen der spektakul\u00e4rsten Landschaften des Landes. Das Gebiet ist mit der Hochlandabfertigung von 1845 geschichtstr\u00e4chtig. Weiter westlich liegt die Kirche von Croick, wo einige der Vertriebenen ihre Namen rund um die Kirche und an den Fenstern angebracht haben. Von diesem Ferienhaus aus besuchen Sie die Falls of Shin, wo zu bestimmten Jahreszeiten atlantischer Lachs zu sehen ist\",\"breadcrumb\":{\"@id\":\"https:\/\/www.urlaubcornwall.de\/blog\/schoene-ferienhaus-in-ardgay-mieten\/#breadcrumb\"},\"inLanguage\":\"en-US\",\"potentialAction\":[{\"@type\":\"ReadAction\",\"target\":[\"https:\/\/www.urlaubcornwall.de\/blog\/schoene-ferienhaus-in-ardgay-mieten\/\"]}]},{\"@type\":\"BreadcrumbList\",\"@id\":\"https:\/\/www.urlaubcornwall.de\/blog\/schoene-ferienhaus-in-ardgay-mieten\/#breadcrumb\",\"itemListElement\":[{\"@type\":\"ListItem\",\"position\":1,\"name\":\"Home\",\"item\":\"https:\/\/www.urlaubcornwall.de\/blog\/\"},{\"@type\":\"ListItem\",\"position\":2,\"name\":\"Sch\u00f6ne Ferienhaus in Ardgay mieten\"}]}]}<\/script>\n<!-- \/ Yoast SEO plugin. -->","yoast_head_json":{"title":"Sch\u00f6ne Ferienhaus in Ardgay mieten - Urlaub &amp; Reisen","description":"Sutherland und Easter Ross ist eine weitgehend unentdeckte Ecke im Nordosten Schottlands mit einigen der spektakul\u00e4rsten Landschaften des Landes. Das Gebiet ist mit der Hochlandabfertigung von 1845 geschichtstr\u00e4chtig. Weiter westlich liegt die Kirche von Croick, wo einige der Vertriebenen ihre Namen rund um die Kirche und an den Fenstern angebracht haben. Von diesem Ferienhaus aus besuchen Sie die Falls of Shin, wo zu bestimmten Jahreszeiten atlantischer Lachs zu sehen ist","robots":{"index":"index","follow":"follow","max-snippet":"max-snippet:-1","max-image-preview":"max-image-preview:large","max-video-preview":"max-video-preview:-1"},"canonical":"https:\/\/www.urlaubcornwall.de\/blog\/schoene-ferienhaus-in-ardgay-mieten\/","og_locale":"en_US","og_type":"article","og_title":"Sch\u00f6ne Ferienhaus in Ardgay mieten - Urlaub &amp; Reisen","og_description":"Sutherland und Easter Ross ist eine weitgehend unentdeckte Ecke im Nordosten Schottlands mit einigen der spektakul\u00e4rsten Landschaften des Landes. Das Gebiet ist mit der Hochlandabfertigung von 1845 geschichtstr\u00e4chtig. Weiter westlich liegt die Kirche von Croick, wo einige der Vertriebenen ihre Namen rund um die Kirche und an den Fenstern angebracht haben. Von diesem Ferienhaus aus besuchen Sie die Falls of Shin, wo zu bestimmten Jahreszeiten atlantischer Lachs zu sehen ist","og_url":"https:\/\/www.urlaubcornwall.de\/blog\/schoene-ferienhaus-in-ardgay-mieten\/","og_site_name":"Urlaub &amp; Reisen","article_modified_time":"2021-09-17T12:49:34+00:00","og_image":[{"url":"https:\/\/www.urlaubcornwall.de\/blog\/wp-content\/uploads\/2018\/04\/ferienhaus-ardgay-sutherland-easter-ross.jpg"}],"twitter_card":"summary","twitter_misc":{"Est. reading time":"1 minute"},"schema":{"@context":"https:\/\/schema.org","@graph":[{"@type":"WebSite","@id":"https:\/\/www.urlaubcornwall.de\/blog\/#website","url":"https:\/\/www.urlaubcornwall.de\/blog\/","name":"Urlaub &amp; Reisen","description":"Urlaub, Reisen, Cornwall und S\u00fcdengland: eine perfekte Kombination","potentialAction":[{"@type":"SearchAction","target":{"@type":"EntryPoint","urlTemplate":"https:\/\/www.urlaubcornwall.de\/blog\/?s={search_term_string}"},"query-input":"required name=search_term_string"}],"inLanguage":"en-US"},{"@type":"WebPage","@id":"https:\/\/www.urlaubcornwall.de\/blog\/schoene-ferienhaus-in-ardgay-mieten\/","url":"https:\/\/www.urlaubcornwall.de\/blog\/schoene-ferienhaus-in-ardgay-mieten\/","name":"Sch\u00f6ne Ferienhaus in Ardgay mieten - Urlaub &amp; Reisen","isPartOf":{"@id":"https:\/\/www.urlaubcornwall.de\/blog\/#website"},"datePublished":"2018-04-04T13:45:49+00:00","dateModified":"2021-09-17T12:49:34+00:00","description":"Sutherland und Easter Ross ist eine weitgehend unentdeckte Ecke im Nordosten Schottlands mit einigen der spektakul\u00e4rsten Landschaften des Landes. Das Gebiet ist mit der Hochlandabfertigung von 1845 geschichtstr\u00e4chtig. Weiter westlich liegt die Kirche von Croick, wo einige der Vertriebenen ihre Namen rund um die Kirche und an den Fenstern angebracht haben. Von diesem Ferienhaus aus besuchen Sie die Falls of Shin, wo zu bestimmten Jahreszeiten atlantischer Lachs zu sehen ist","breadcrumb":{"@id":"https:\/\/www.urlaubcornwall.de\/blog\/schoene-ferienhaus-in-ardgay-mieten\/#breadcrumb"},"inLanguage":"en-US","potentialAction":[{"@type":"ReadAction","target":["https:\/\/www.urlaubcornwall.de\/blog\/schoene-ferienhaus-in-ardgay-mieten\/"]}]},{"@type":"BreadcrumbList","@id":"https:\/\/www.urlaubcornwall.de\/blog\/schoene-ferienhaus-in-ardgay-mieten\/#breadcrumb","itemListElement":[{"@type":"ListItem","position":1,"name":"Home","item":"https:\/\/www.urlaubcornwall.de\/blog\/"},{"@type":"ListItem","position":2,"name":"Sch\u00f6ne Ferienhaus in Ardgay mieten"}]}]}},"_links":{"self":[{"href":"https:\/\/www.urlaubcornwall.de\/blog\/wp-json\/wp\/v2\/pages\/33487"}],"collection":[{"href":"https:\/\/www.urlaubcornwall.de\/blog\/wp-json\/wp\/v2\/pages"}],"about":[{"href":"https:\/\/www.urlaubcornwall.de\/blog\/wp-json\/wp\/v2\/types\/page"}],"author":[{"embeddable":true,"href":"https:\/\/www.urlaubcornwall.de\/blog\/wp-json\/wp\/v2\/users\/1"}],"replies":[{"embeddable":true,"href":"https:\/\/www.urlaubcornwall.de\/blog\/wp-json\/wp\/v2\/comments?post=33487"}],"version-history":[{"count":4,"href":"https:\/\/www.urlaubcornwall.de\/blog\/wp-json\/wp\/v2\/pages\/33487\/revisions"}],"predecessor-version":[{"id":42922,"href":"https:\/\/www.urlaubcornwall.de\/blog\/wp-json\/wp\/v2\/pages\/33487\/revisions\/42922"}],"wp:attachment":[{"href":"https:\/\/www.urlaubcornwall.de\/blog\/wp-json\/wp\/v2\/media?parent=33487"}],"curies":[{"name":"wp","href":"https:\/\/api.w.org\/{rel}","templated":true}]}}