{"id":33481,"date":"2018-04-04T11:20:27","date_gmt":"2018-04-04T11:20:27","guid":{"rendered":"https:\/\/www.urlaubcornwall.de\/blog\/?page_id=33481"},"modified":"2021-08-25T14:23:48","modified_gmt":"2021-08-25T14:23:48","slug":"schoene-ferienhaus-in-ullapool-am-meer-mieten","status":"publish","type":"page","link":"https:\/\/www.urlaubcornwall.de\/blog\/schoene-ferienhaus-in-ullapool-am-meer-mieten\/","title":{"rendered":"Sch\u00f6ne Ferienhaus in Ullapool am Meer mieten"},"content":{"rendered":"<p><img loading=\"lazy\" class=\"aligncenter size-full wp-image-33482\" src=\"https:\/\/www.urlaubcornwall.de\/blog\/wp-content\/uploads\/2018\/04\/ferienhaus-ullapool-am-meer-meerblick.jpg\" alt=\"ferienhaus ullapool am meer meerblick\" width=\"749\" height=\"473\"\/><\/p>\n<p><strong>Ferienhaus in Ullapool mit Meerblick, 3 Schlafzimmern, Schlafgelegenheiten 6<\/strong><\/p>\n<p>Ununterbrochener Meerblick \u00fcber die Ardmair Bay bis zu den Summer Isles. Ger\u00e4umiges freistehendes Ferienhaus, 5 km n\u00f6rdlich vom Hochland-Fischerdorf Ullapool an der Westk\u00fcste Schottlands gelegen. Im traditionellen schottischen Stil erbaut, steht dieses moderne Haus in einem gro\u00dfen Heidegebiet auf einem felsigen H\u00fcgel mit Blick auf die Bucht und einem Wintergarten, um die atemberaubende Aussicht und die spektakul\u00e4ren Sonnenunterg\u00e4nge zu genie\u00dfen. Die Gegend ist sehr beliebt f\u00fcr Wanderferien, Klettern und Mountainbikes und es gibt ausgezeichnete Angelm\u00f6glichkeiten. Das Haus bietet einen idealen Ausgangspunkt, um die sch\u00f6ne Nordwestk\u00fcste zu erkunden&#8230;.<\/p>\n<p style=\"text-align: center;\"><a class=\"tidycta\" href=\"https:\/\/www.urlaubcornwall.de\/ferienhaeuser-fewos\/sco\/nordschottland\/ullapool.html\">Ferienh\u00e4user Ullapool<\/a><\/p>\n<p style=\"text-align: center;\">Pers\u00f6nlich inspizierte Ferienh\u00e4user und Ferienwohnungen f\u00fcr Ihren <a href=\"https:\/\/www.urlaubcornwall.de\/ferienhaeuser\/schottland.php\">Urlaub in Schottland<\/a>.<\/p>\n<p style=\"text-align: center;\"><a href=\"https:\/\/www.urlaubcornwall.de\/ferienhaeuser-fewos\/sco\/nordhighlands-und-inseln\/nordhighlands-und-inseln.html\"><strong>Ferienh\u00e4user, Cottages &amp; Ferienwohnungen in den Highlands.<\/strong><\/a><\/p>\n","protected":false},"excerpt":{"rendered":"<p>Ferienhaus in Ullapool mit Meerblick, 3 Schlafzimmern, Schlafgelegenheiten 6 Ununterbrochener Meerblick \u00fcber die Ardmair Bay bis zu den Summer Isles. Ger\u00e4umiges freistehendes Ferienhaus, 5 km n\u00f6rdlich vom Hochland-Fischerdorf Ullapool an der Westk\u00fcste Schottlands gelegen. Im traditionellen schottischen Stil erbaut, steht dieses moderne Haus in einem gro\u00dfen Heidegebiet auf einem felsigen H\u00fcgel mit Blick auf die [&hellip;]<\/p>\n","protected":false},"author":1,"featured_media":0,"parent":0,"menu_order":0,"comment_status":"closed","ping_status":"closed","template":"single-four.php","meta":[],"acf":[],"yoast_head":"<!-- This site is optimized with the Yoast SEO plugin v19.4 - https:\/\/yoast.com\/wordpress\/plugins\/seo\/ -->\n<title>Sch\u00f6ne Ferienhaus in Ullapool am Meer mieten - Urlaub &amp; Reisen<\/title>\n<meta name=\"robots\" content=\"index, follow, max-snippet:-1, max-image-preview:large, max-video-preview:-1\" \/>\n<link rel=\"canonical\" href=\"https:\/\/www.urlaubcornwall.de\/blog\/schoene-ferienhaus-in-ullapool-am-meer-mieten\/\" \/>\n<meta property=\"og:locale\" content=\"en_US\" \/>\n<meta property=\"og:type\" content=\"article\" \/>\n<meta property=\"og:title\" content=\"Sch\u00f6ne Ferienhaus in Ullapool am Meer mieten - Urlaub &amp; Reisen\" \/>\n<meta property=\"og:description\" content=\"Ferienhaus in Ullapool mit Meerblick, 3 Schlafzimmern, Schlafgelegenheiten 6 Ununterbrochener Meerblick \u00fcber die Ardmair Bay bis zu den Summer Isles. Ger\u00e4umiges freistehendes Ferienhaus, 5 km n\u00f6rdlich vom Hochland-Fischerdorf Ullapool an der Westk\u00fcste Schottlands gelegen. Im traditionellen schottischen Stil erbaut, steht dieses moderne Haus in einem gro\u00dfen Heidegebiet auf einem felsigen H\u00fcgel mit Blick auf die [&hellip;]\" \/>\n<meta property=\"og:url\" content=\"https:\/\/www.urlaubcornwall.de\/blog\/schoene-ferienhaus-in-ullapool-am-meer-mieten\/\" \/>\n<meta property=\"og:site_name\" content=\"Urlaub &amp; Reisen\" \/>\n<meta property=\"article:modified_time\" content=\"2021-08-25T14:23:48+00:00\" \/>\n<meta property=\"og:image\" content=\"https:\/\/www.urlaubcornwall.de\/blog\/wp-content\/uploads\/2018\/04\/ferienhaus-ullapool-am-meer-meerblick.jpg\" \/>\n<meta name=\"twitter:card\" content=\"summary\" \/>\n<meta name=\"twitter:label1\" content=\"Est. reading time\" \/>\n\t<meta name=\"twitter:data1\" content=\"1 minute\" \/>\n<script type=\"application\/ld+json\" class=\"yoast-schema-graph\">{\"@context\":\"https:\/\/schema.org\",\"@graph\":[{\"@type\":\"WebSite\",\"@id\":\"https:\/\/www.urlaubcornwall.de\/blog\/#website\",\"url\":\"https:\/\/www.urlaubcornwall.de\/blog\/\",\"name\":\"Urlaub &amp; Reisen\",\"description\":\"Urlaub, Reisen, Cornwall und S\u00fcdengland: eine perfekte Kombination\",\"potentialAction\":[{\"@type\":\"SearchAction\",\"target\":{\"@type\":\"EntryPoint\",\"urlTemplate\":\"https:\/\/www.urlaubcornwall.de\/blog\/?s={search_term_string}\"},\"query-input\":\"required name=search_term_string\"}],\"inLanguage\":\"en-US\"},{\"@type\":\"WebPage\",\"@id\":\"https:\/\/www.urlaubcornwall.de\/blog\/schoene-ferienhaus-in-ullapool-am-meer-mieten\/\",\"url\":\"https:\/\/www.urlaubcornwall.de\/blog\/schoene-ferienhaus-in-ullapool-am-meer-mieten\/\",\"name\":\"Sch\u00f6ne Ferienhaus in Ullapool am Meer mieten - Urlaub &amp; Reisen\",\"isPartOf\":{\"@id\":\"https:\/\/www.urlaubcornwall.de\/blog\/#website\"},\"datePublished\":\"2018-04-04T11:20:27+00:00\",\"dateModified\":\"2021-08-25T14:23:48+00:00\",\"breadcrumb\":{\"@id\":\"https:\/\/www.urlaubcornwall.de\/blog\/schoene-ferienhaus-in-ullapool-am-meer-mieten\/#breadcrumb\"},\"inLanguage\":\"en-US\",\"potentialAction\":[{\"@type\":\"ReadAction\",\"target\":[\"https:\/\/www.urlaubcornwall.de\/blog\/schoene-ferienhaus-in-ullapool-am-meer-mieten\/\"]}]},{\"@type\":\"BreadcrumbList\",\"@id\":\"https:\/\/www.urlaubcornwall.de\/blog\/schoene-ferienhaus-in-ullapool-am-meer-mieten\/#breadcrumb\",\"itemListElement\":[{\"@type\":\"ListItem\",\"position\":1,\"name\":\"Home\",\"item\":\"https:\/\/www.urlaubcornwall.de\/blog\/\"},{\"@type\":\"ListItem\",\"position\":2,\"name\":\"Sch\u00f6ne Ferienhaus in Ullapool am Meer mieten\"}]}]}<\/script>\n<!-- \/ Yoast SEO plugin. -->","yoast_head_json":{"title":"Sch\u00f6ne Ferienhaus in Ullapool am Meer mieten - Urlaub &amp; Reisen","robots":{"index":"index","follow":"follow","max-snippet":"max-snippet:-1","max-image-preview":"max-image-preview:large","max-video-preview":"max-video-preview:-1"},"canonical":"https:\/\/www.urlaubcornwall.de\/blog\/schoene-ferienhaus-in-ullapool-am-meer-mieten\/","og_locale":"en_US","og_type":"article","og_title":"Sch\u00f6ne Ferienhaus in Ullapool am Meer mieten - Urlaub &amp; Reisen","og_description":"Ferienhaus in Ullapool mit Meerblick, 3 Schlafzimmern, Schlafgelegenheiten 6 Ununterbrochener Meerblick \u00fcber die Ardmair Bay bis zu den Summer Isles. Ger\u00e4umiges freistehendes Ferienhaus, 5 km n\u00f6rdlich vom Hochland-Fischerdorf Ullapool an der Westk\u00fcste Schottlands gelegen. Im traditionellen schottischen Stil erbaut, steht dieses moderne Haus in einem gro\u00dfen Heidegebiet auf einem felsigen H\u00fcgel mit Blick auf die [&hellip;]","og_url":"https:\/\/www.urlaubcornwall.de\/blog\/schoene-ferienhaus-in-ullapool-am-meer-mieten\/","og_site_name":"Urlaub &amp; Reisen","article_modified_time":"2021-08-25T14:23:48+00:00","og_image":[{"url":"https:\/\/www.urlaubcornwall.de\/blog\/wp-content\/uploads\/2018\/04\/ferienhaus-ullapool-am-meer-meerblick.jpg"}],"twitter_card":"summary","twitter_misc":{"Est. reading time":"1 minute"},"schema":{"@context":"https:\/\/schema.org","@graph":[{"@type":"WebSite","@id":"https:\/\/www.urlaubcornwall.de\/blog\/#website","url":"https:\/\/www.urlaubcornwall.de\/blog\/","name":"Urlaub &amp; Reisen","description":"Urlaub, Reisen, Cornwall und S\u00fcdengland: eine perfekte Kombination","potentialAction":[{"@type":"SearchAction","target":{"@type":"EntryPoint","urlTemplate":"https:\/\/www.urlaubcornwall.de\/blog\/?s={search_term_string}"},"query-input":"required name=search_term_string"}],"inLanguage":"en-US"},{"@type":"WebPage","@id":"https:\/\/www.urlaubcornwall.de\/blog\/schoene-ferienhaus-in-ullapool-am-meer-mieten\/","url":"https:\/\/www.urlaubcornwall.de\/blog\/schoene-ferienhaus-in-ullapool-am-meer-mieten\/","name":"Sch\u00f6ne Ferienhaus in Ullapool am Meer mieten - Urlaub &amp; Reisen","isPartOf":{"@id":"https:\/\/www.urlaubcornwall.de\/blog\/#website"},"datePublished":"2018-04-04T11:20:27+00:00","dateModified":"2021-08-25T14:23:48+00:00","breadcrumb":{"@id":"https:\/\/www.urlaubcornwall.de\/blog\/schoene-ferienhaus-in-ullapool-am-meer-mieten\/#breadcrumb"},"inLanguage":"en-US","potentialAction":[{"@type":"ReadAction","target":["https:\/\/www.urlaubcornwall.de\/blog\/schoene-ferienhaus-in-ullapool-am-meer-mieten\/"]}]},{"@type":"BreadcrumbList","@id":"https:\/\/www.urlaubcornwall.de\/blog\/schoene-ferienhaus-in-ullapool-am-meer-mieten\/#breadcrumb","itemListElement":[{"@type":"ListItem","position":1,"name":"Home","item":"https:\/\/www.urlaubcornwall.de\/blog\/"},{"@type":"ListItem","position":2,"name":"Sch\u00f6ne Ferienhaus in Ullapool am Meer mieten"}]}]}},"_links":{"self":[{"href":"https:\/\/www.urlaubcornwall.de\/blog\/wp-json\/wp\/v2\/pages\/33481"}],"collection":[{"href":"https:\/\/www.urlaubcornwall.de\/blog\/wp-json\/wp\/v2\/pages"}],"about":[{"href":"https:\/\/www.urlaubcornwall.de\/blog\/wp-json\/wp\/v2\/types\/page"}],"author":[{"embeddable":true,"href":"https:\/\/www.urlaubcornwall.de\/blog\/wp-json\/wp\/v2\/users\/1"}],"replies":[{"embeddable":true,"href":"https:\/\/www.urlaubcornwall.de\/blog\/wp-json\/wp\/v2\/comments?post=33481"}],"version-history":[{"count":7,"href":"https:\/\/www.urlaubcornwall.de\/blog\/wp-json\/wp\/v2\/pages\/33481\/revisions"}],"predecessor-version":[{"id":42234,"href":"https:\/\/www.urlaubcornwall.de\/blog\/wp-json\/wp\/v2\/pages\/33481\/revisions\/42234"}],"wp:attachment":[{"href":"https:\/\/www.urlaubcornwall.de\/blog\/wp-json\/wp\/v2\/media?parent=33481"}],"curies":[{"name":"wp","href":"https:\/\/api.w.org\/{rel}","templated":true}]}}