{"id":33478,"date":"2018-04-04T09:44:48","date_gmt":"2018-04-04T09:44:48","guid":{"rendered":"https:\/\/www.urlaubcornwall.de\/blog\/?page_id=33478"},"modified":"2021-09-16T12:33:39","modified_gmt":"2021-09-16T12:33:39","slug":"ferienhaus-in-glenfinnan-mit-hund-nahe-fort-william","status":"publish","type":"page","link":"https:\/\/www.urlaubcornwall.de\/blog\/ferienhaus-in-glenfinnan-mit-hund-nahe-fort-william\/","title":{"rendered":"Ferienhaus in Glenfinnan mit Hund nahe Fort William"},"content":{"rendered":"<p><img loading=\"lazy\" class=\"aligncenter size-full wp-image-33479\" src=\"https:\/\/www.urlaubcornwall.de\/blog\/wp-content\/uploads\/2018\/04\/ferienhaus-glenfinnan-nahe-fort-william.jpg\" alt=\"ferienhaus glenfinnan nahe fort william\" width=\"749\" height=\"488\"\/><\/p>\n<p><strong>Hundefreundlich Ferienhaus nahe Fort William mit 3 Schlafzimmern, Schlafgelegenheiten 4<\/strong><\/p>\n<p>Charmantes Ferienhaus mit spektakul\u00e4rem Blick f\u00fcr 4 Personen. In malerischer Lage mit atemberaubendem Blick auf den Fluss Slatach und die umliegenden Berge. Die Lodge ist hell und ger\u00e4umig und mit einem Rundum-Balkon zum Sitzen und Entspannen ausgestattet. Drau\u00dfen werden Sie sofort von dem wirklich wundervollen Flussufer getroffen, der eine herrliche Aussicht und eine ruhige Umgebung bietet. Entspannen Sie sich und genie\u00dfen Sie die Tierwelt, darunter Steinadler, Schwarzkehlentaucher und Rotwild in der Umgebung. Glenfinnan liegt an der malerischen Stra\u00dfe zu den Inseln von Fort William.<\/p>\n<p><strong><span class=\"bold_text\">Klicken Sie auf \u201eDetails ansehen\u201c f\u00fcr weitere Informationen in englischer Sprache und buchen Sie online bei unserem Partner Holiday Cottages.<\/span><\/strong><\/p>\n<p style=\"text-align: center;\"><a class=\"tidycta\" href=\"https:\/\/www.urlaubcornwall.de\/ferienhaeuser-fewos\/sco\/nordhighlands-und-inseln\/fort-william.html\">Suche Ferienh\u00e4user nahe Glenfinnan<\/a><\/p>\n<p style=\"text-align: center;\">Pers\u00f6nlich inspizierte Ferienh\u00e4user und Ferienwohnungen f\u00fcr Ihren <a href=\"https:\/\/www.urlaubcornwall.de\/ferienhaeuser\/schottland.php\">Urlaub in Schottland<\/a>.<\/p>\n<p style=\"text-align: center;\"><a href=\"https:\/\/www.urlaubcornwall.de\/ferienhaeuser-fewos\/sco\/schottland-luxus-unterkuenfte.html\"><strong>Ferienh\u00e4user, Cottages &amp; Ferienwohnungen in den Highlands mit Hund.<\/strong><\/a><\/p>\n","protected":false},"excerpt":{"rendered":"<p>Hundefreundlich Ferienhaus nahe Fort William mit 3 Schlafzimmern, Schlafgelegenheiten 4 Charmantes Ferienhaus mit spektakul\u00e4rem Blick f\u00fcr 4 Personen. In malerischer Lage mit atemberaubendem Blick auf den Fluss Slatach und die umliegenden Berge. Die Lodge ist hell und ger\u00e4umig und mit einem Rundum-Balkon zum Sitzen und Entspannen ausgestattet. Drau\u00dfen werden Sie sofort von dem wirklich wundervollen [&hellip;]<\/p>\n","protected":false},"author":1,"featured_media":0,"parent":0,"menu_order":0,"comment_status":"closed","ping_status":"closed","template":"single-four.php","meta":[],"acf":[],"yoast_head":"<!-- This site is optimized with the Yoast SEO plugin v19.4 - https:\/\/yoast.com\/wordpress\/plugins\/seo\/ -->\n<title>Ferienhaus in Glenfinnan mit Hund nahe Fort William - Urlaub &amp; Reisen<\/title>\n<meta name=\"robots\" content=\"index, follow, max-snippet:-1, max-image-preview:large, max-video-preview:-1\" \/>\n<link rel=\"canonical\" href=\"https:\/\/www.urlaubcornwall.de\/blog\/ferienhaus-in-glenfinnan-mit-hund-nahe-fort-william\/\" \/>\n<meta property=\"og:locale\" content=\"en_US\" \/>\n<meta property=\"og:type\" content=\"article\" \/>\n<meta property=\"og:title\" content=\"Ferienhaus in Glenfinnan mit Hund nahe Fort William - Urlaub &amp; Reisen\" \/>\n<meta property=\"og:description\" content=\"Hundefreundlich Ferienhaus nahe Fort William mit 3 Schlafzimmern, Schlafgelegenheiten 4 Charmantes Ferienhaus mit spektakul\u00e4rem Blick f\u00fcr 4 Personen. In malerischer Lage mit atemberaubendem Blick auf den Fluss Slatach und die umliegenden Berge. Die Lodge ist hell und ger\u00e4umig und mit einem Rundum-Balkon zum Sitzen und Entspannen ausgestattet. Drau\u00dfen werden Sie sofort von dem wirklich wundervollen [&hellip;]\" \/>\n<meta property=\"og:url\" content=\"https:\/\/www.urlaubcornwall.de\/blog\/ferienhaus-in-glenfinnan-mit-hund-nahe-fort-william\/\" \/>\n<meta property=\"og:site_name\" content=\"Urlaub &amp; Reisen\" \/>\n<meta property=\"article:modified_time\" content=\"2021-09-16T12:33:39+00:00\" \/>\n<meta property=\"og:image\" content=\"https:\/\/www.urlaubcornwall.de\/blog\/wp-content\/uploads\/2018\/04\/ferienhaus-glenfinnan-nahe-fort-william.jpg\" \/>\n<meta name=\"twitter:card\" content=\"summary\" \/>\n<meta name=\"twitter:label1\" content=\"Est. reading time\" \/>\n\t<meta name=\"twitter:data1\" content=\"1 minute\" \/>\n<script type=\"application\/ld+json\" class=\"yoast-schema-graph\">{\"@context\":\"https:\/\/schema.org\",\"@graph\":[{\"@type\":\"WebSite\",\"@id\":\"https:\/\/www.urlaubcornwall.de\/blog\/#website\",\"url\":\"https:\/\/www.urlaubcornwall.de\/blog\/\",\"name\":\"Urlaub &amp; Reisen\",\"description\":\"Urlaub, Reisen, Cornwall und S\u00fcdengland: eine perfekte Kombination\",\"potentialAction\":[{\"@type\":\"SearchAction\",\"target\":{\"@type\":\"EntryPoint\",\"urlTemplate\":\"https:\/\/www.urlaubcornwall.de\/blog\/?s={search_term_string}\"},\"query-input\":\"required name=search_term_string\"}],\"inLanguage\":\"en-US\"},{\"@type\":\"WebPage\",\"@id\":\"https:\/\/www.urlaubcornwall.de\/blog\/ferienhaus-in-glenfinnan-mit-hund-nahe-fort-william\/\",\"url\":\"https:\/\/www.urlaubcornwall.de\/blog\/ferienhaus-in-glenfinnan-mit-hund-nahe-fort-william\/\",\"name\":\"Ferienhaus in Glenfinnan mit Hund nahe Fort William - Urlaub &amp; Reisen\",\"isPartOf\":{\"@id\":\"https:\/\/www.urlaubcornwall.de\/blog\/#website\"},\"datePublished\":\"2018-04-04T09:44:48+00:00\",\"dateModified\":\"2021-09-16T12:33:39+00:00\",\"breadcrumb\":{\"@id\":\"https:\/\/www.urlaubcornwall.de\/blog\/ferienhaus-in-glenfinnan-mit-hund-nahe-fort-william\/#breadcrumb\"},\"inLanguage\":\"en-US\",\"potentialAction\":[{\"@type\":\"ReadAction\",\"target\":[\"https:\/\/www.urlaubcornwall.de\/blog\/ferienhaus-in-glenfinnan-mit-hund-nahe-fort-william\/\"]}]},{\"@type\":\"BreadcrumbList\",\"@id\":\"https:\/\/www.urlaubcornwall.de\/blog\/ferienhaus-in-glenfinnan-mit-hund-nahe-fort-william\/#breadcrumb\",\"itemListElement\":[{\"@type\":\"ListItem\",\"position\":1,\"name\":\"Home\",\"item\":\"https:\/\/www.urlaubcornwall.de\/blog\/\"},{\"@type\":\"ListItem\",\"position\":2,\"name\":\"Ferienhaus in Glenfinnan mit Hund nahe Fort William\"}]}]}<\/script>\n<!-- \/ Yoast SEO plugin. -->","yoast_head_json":{"title":"Ferienhaus in Glenfinnan mit Hund nahe Fort William - Urlaub &amp; Reisen","robots":{"index":"index","follow":"follow","max-snippet":"max-snippet:-1","max-image-preview":"max-image-preview:large","max-video-preview":"max-video-preview:-1"},"canonical":"https:\/\/www.urlaubcornwall.de\/blog\/ferienhaus-in-glenfinnan-mit-hund-nahe-fort-william\/","og_locale":"en_US","og_type":"article","og_title":"Ferienhaus in Glenfinnan mit Hund nahe Fort William - Urlaub &amp; Reisen","og_description":"Hundefreundlich Ferienhaus nahe Fort William mit 3 Schlafzimmern, Schlafgelegenheiten 4 Charmantes Ferienhaus mit spektakul\u00e4rem Blick f\u00fcr 4 Personen. In malerischer Lage mit atemberaubendem Blick auf den Fluss Slatach und die umliegenden Berge. Die Lodge ist hell und ger\u00e4umig und mit einem Rundum-Balkon zum Sitzen und Entspannen ausgestattet. Drau\u00dfen werden Sie sofort von dem wirklich wundervollen [&hellip;]","og_url":"https:\/\/www.urlaubcornwall.de\/blog\/ferienhaus-in-glenfinnan-mit-hund-nahe-fort-william\/","og_site_name":"Urlaub &amp; Reisen","article_modified_time":"2021-09-16T12:33:39+00:00","og_image":[{"url":"https:\/\/www.urlaubcornwall.de\/blog\/wp-content\/uploads\/2018\/04\/ferienhaus-glenfinnan-nahe-fort-william.jpg"}],"twitter_card":"summary","twitter_misc":{"Est. reading time":"1 minute"},"schema":{"@context":"https:\/\/schema.org","@graph":[{"@type":"WebSite","@id":"https:\/\/www.urlaubcornwall.de\/blog\/#website","url":"https:\/\/www.urlaubcornwall.de\/blog\/","name":"Urlaub &amp; Reisen","description":"Urlaub, Reisen, Cornwall und S\u00fcdengland: eine perfekte Kombination","potentialAction":[{"@type":"SearchAction","target":{"@type":"EntryPoint","urlTemplate":"https:\/\/www.urlaubcornwall.de\/blog\/?s={search_term_string}"},"query-input":"required name=search_term_string"}],"inLanguage":"en-US"},{"@type":"WebPage","@id":"https:\/\/www.urlaubcornwall.de\/blog\/ferienhaus-in-glenfinnan-mit-hund-nahe-fort-william\/","url":"https:\/\/www.urlaubcornwall.de\/blog\/ferienhaus-in-glenfinnan-mit-hund-nahe-fort-william\/","name":"Ferienhaus in Glenfinnan mit Hund nahe Fort William - Urlaub &amp; Reisen","isPartOf":{"@id":"https:\/\/www.urlaubcornwall.de\/blog\/#website"},"datePublished":"2018-04-04T09:44:48+00:00","dateModified":"2021-09-16T12:33:39+00:00","breadcrumb":{"@id":"https:\/\/www.urlaubcornwall.de\/blog\/ferienhaus-in-glenfinnan-mit-hund-nahe-fort-william\/#breadcrumb"},"inLanguage":"en-US","potentialAction":[{"@type":"ReadAction","target":["https:\/\/www.urlaubcornwall.de\/blog\/ferienhaus-in-glenfinnan-mit-hund-nahe-fort-william\/"]}]},{"@type":"BreadcrumbList","@id":"https:\/\/www.urlaubcornwall.de\/blog\/ferienhaus-in-glenfinnan-mit-hund-nahe-fort-william\/#breadcrumb","itemListElement":[{"@type":"ListItem","position":1,"name":"Home","item":"https:\/\/www.urlaubcornwall.de\/blog\/"},{"@type":"ListItem","position":2,"name":"Ferienhaus in Glenfinnan mit Hund nahe Fort William"}]}]}},"_links":{"self":[{"href":"https:\/\/www.urlaubcornwall.de\/blog\/wp-json\/wp\/v2\/pages\/33478"}],"collection":[{"href":"https:\/\/www.urlaubcornwall.de\/blog\/wp-json\/wp\/v2\/pages"}],"about":[{"href":"https:\/\/www.urlaubcornwall.de\/blog\/wp-json\/wp\/v2\/types\/page"}],"author":[{"embeddable":true,"href":"https:\/\/www.urlaubcornwall.de\/blog\/wp-json\/wp\/v2\/users\/1"}],"replies":[{"embeddable":true,"href":"https:\/\/www.urlaubcornwall.de\/blog\/wp-json\/wp\/v2\/comments?post=33478"}],"version-history":[{"count":4,"href":"https:\/\/www.urlaubcornwall.de\/blog\/wp-json\/wp\/v2\/pages\/33478\/revisions"}],"predecessor-version":[{"id":42781,"href":"https:\/\/www.urlaubcornwall.de\/blog\/wp-json\/wp\/v2\/pages\/33478\/revisions\/42781"}],"wp:attachment":[{"href":"https:\/\/www.urlaubcornwall.de\/blog\/wp-json\/wp\/v2\/media?parent=33478"}],"curies":[{"name":"wp","href":"https:\/\/api.w.org\/{rel}","templated":true}]}}