{"id":33464,"date":"2018-04-03T16:07:30","date_gmt":"2018-04-03T16:07:30","guid":{"rendered":"https:\/\/www.urlaubcornwall.de\/blog\/?page_id=33464"},"modified":"2021-08-27T14:50:33","modified_gmt":"2021-08-27T14:50:33","slug":"ferienhaus-isle-of-skye-am-meer-mieten","status":"publish","type":"page","link":"https:\/\/www.urlaubcornwall.de\/blog\/ferienhaus-isle-of-skye-am-meer-mieten\/","title":{"rendered":"Ferienhaus Isle of Skye am Meer mieten"},"content":{"rendered":"<p><img loading=\"lazy\" class=\"aligncenter size-full wp-image-33465\" src=\"https:\/\/www.urlaubcornwall.de\/blog\/wp-content\/uploads\/2018\/04\/ferienhaus-skye-am-meer.jpg\" alt=\"ferienhaus skye am meer\" width=\"747\" height=\"468\"\/><br \/>\n<strong>Hundefreundlich Ferienhaus Isle of Skye mit Meerblick, 3 Schlafzimmern, Schlafgelegenheiten 6<\/strong><\/p>\n<p>Ein sch\u00f6nes Ferienhaus mit herrlichem Meerblick auf der atemberaubenden Isle of Skye. Dieses wundersch\u00f6ne, ger\u00e4umige, familienfreundliche, freistehende Ferienhaus wurde zu einem hohen Standard fertiggestellt und bietet modernen Komfort, aber immer noch viele historische Merkmale und Charme. Das Hotel liegt im sch\u00f6nen Waternish 8 km von der Stadt Dunvegan mit einfachem Zugang zu dieser wundersch\u00f6nen historischen Insel und Umgebung. In der N\u00e4he befinden sich zahlreiche Aktivit\u00e4ten und Attraktionen wie die Trumpan Kirche, Dunvegan, Armadale und Eilean Donan Castle, der Braes Strand, die Dunvegan Robbenbootsfahrten, der Korallenstrand, die Talisker Brennerei &#8230;&#8230;&#8230;..<\/p>\n<p style=\"text-align: center;\"><a class=\"tidycta\" href=\"https:\/\/www.urlaubcornwall.de\/ferienhaeuser-fewos\/sco\/nordhighlands-und-inseln\/isle-of-skye.html\">Suche Ferienh\u00e4user<\/a><\/p>\n<p style=\"text-align: center;\">Pers\u00f6nlich inspizierte Ferienh\u00e4user und Ferienwohnungen f\u00fcr Ihren <a href=\"https:\/\/www.urlaubcornwall.de\/ferienhaeuser\/schottland.php\">Urlaub in Schottland<\/a>.<\/p>\n","protected":false},"excerpt":{"rendered":"<p>Hundefreundlich Ferienhaus Isle of Skye mit Meerblick, 3 Schlafzimmern, Schlafgelegenheiten 6 Ein sch\u00f6nes Ferienhaus mit herrlichem Meerblick auf der atemberaubenden Isle of Skye. Dieses wundersch\u00f6ne, ger\u00e4umige, familienfreundliche, freistehende Ferienhaus wurde zu einem hohen Standard fertiggestellt und bietet modernen Komfort, aber immer noch viele historische Merkmale und Charme. Das Hotel liegt im sch\u00f6nen Waternish 8 km [&hellip;]<\/p>\n","protected":false},"author":1,"featured_media":0,"parent":0,"menu_order":0,"comment_status":"closed","ping_status":"closed","template":"single-four.php","meta":[],"acf":[],"yoast_head":"<!-- This site is optimized with the Yoast SEO plugin v19.4 - https:\/\/yoast.com\/wordpress\/plugins\/seo\/ -->\n<title>Ferienhaus Isle of Skye am Meer mieten - Urlaub &amp; Reisen<\/title>\n<meta name=\"robots\" content=\"index, follow, max-snippet:-1, max-image-preview:large, max-video-preview:-1\" \/>\n<link rel=\"canonical\" href=\"https:\/\/www.urlaubcornwall.de\/blog\/ferienhaus-isle-of-skye-am-meer-mieten\/\" \/>\n<meta property=\"og:locale\" content=\"en_US\" \/>\n<meta property=\"og:type\" content=\"article\" \/>\n<meta property=\"og:title\" content=\"Ferienhaus Isle of Skye am Meer mieten - Urlaub &amp; Reisen\" \/>\n<meta property=\"og:description\" content=\"Hundefreundlich Ferienhaus Isle of Skye mit Meerblick, 3 Schlafzimmern, Schlafgelegenheiten 6 Ein sch\u00f6nes Ferienhaus mit herrlichem Meerblick auf der atemberaubenden Isle of Skye. Dieses wundersch\u00f6ne, ger\u00e4umige, familienfreundliche, freistehende Ferienhaus wurde zu einem hohen Standard fertiggestellt und bietet modernen Komfort, aber immer noch viele historische Merkmale und Charme. Das Hotel liegt im sch\u00f6nen Waternish 8 km [&hellip;]\" \/>\n<meta property=\"og:url\" content=\"https:\/\/www.urlaubcornwall.de\/blog\/ferienhaus-isle-of-skye-am-meer-mieten\/\" \/>\n<meta property=\"og:site_name\" content=\"Urlaub &amp; Reisen\" \/>\n<meta property=\"article:modified_time\" content=\"2021-08-27T14:50:33+00:00\" \/>\n<meta property=\"og:image\" content=\"https:\/\/www.urlaubcornwall.de\/blog\/wp-content\/uploads\/2018\/04\/ferienhaus-skye-am-meer.jpg\" \/>\n<meta name=\"twitter:card\" content=\"summary\" \/>\n<meta name=\"twitter:label1\" content=\"Est. reading time\" \/>\n\t<meta name=\"twitter:data1\" content=\"1 minute\" \/>\n<script type=\"application\/ld+json\" class=\"yoast-schema-graph\">{\"@context\":\"https:\/\/schema.org\",\"@graph\":[{\"@type\":\"WebSite\",\"@id\":\"https:\/\/www.urlaubcornwall.de\/blog\/#website\",\"url\":\"https:\/\/www.urlaubcornwall.de\/blog\/\",\"name\":\"Urlaub &amp; Reisen\",\"description\":\"Urlaub, Reisen, Cornwall und S\u00fcdengland: eine perfekte Kombination\",\"potentialAction\":[{\"@type\":\"SearchAction\",\"target\":{\"@type\":\"EntryPoint\",\"urlTemplate\":\"https:\/\/www.urlaubcornwall.de\/blog\/?s={search_term_string}\"},\"query-input\":\"required name=search_term_string\"}],\"inLanguage\":\"en-US\"},{\"@type\":\"WebPage\",\"@id\":\"https:\/\/www.urlaubcornwall.de\/blog\/ferienhaus-isle-of-skye-am-meer-mieten\/\",\"url\":\"https:\/\/www.urlaubcornwall.de\/blog\/ferienhaus-isle-of-skye-am-meer-mieten\/\",\"name\":\"Ferienhaus Isle of Skye am Meer mieten - Urlaub &amp; Reisen\",\"isPartOf\":{\"@id\":\"https:\/\/www.urlaubcornwall.de\/blog\/#website\"},\"datePublished\":\"2018-04-03T16:07:30+00:00\",\"dateModified\":\"2021-08-27T14:50:33+00:00\",\"breadcrumb\":{\"@id\":\"https:\/\/www.urlaubcornwall.de\/blog\/ferienhaus-isle-of-skye-am-meer-mieten\/#breadcrumb\"},\"inLanguage\":\"en-US\",\"potentialAction\":[{\"@type\":\"ReadAction\",\"target\":[\"https:\/\/www.urlaubcornwall.de\/blog\/ferienhaus-isle-of-skye-am-meer-mieten\/\"]}]},{\"@type\":\"BreadcrumbList\",\"@id\":\"https:\/\/www.urlaubcornwall.de\/blog\/ferienhaus-isle-of-skye-am-meer-mieten\/#breadcrumb\",\"itemListElement\":[{\"@type\":\"ListItem\",\"position\":1,\"name\":\"Home\",\"item\":\"https:\/\/www.urlaubcornwall.de\/blog\/\"},{\"@type\":\"ListItem\",\"position\":2,\"name\":\"Ferienhaus Isle of Skye am Meer mieten\"}]}]}<\/script>\n<!-- \/ Yoast SEO plugin. -->","yoast_head_json":{"title":"Ferienhaus Isle of Skye am Meer mieten - Urlaub &amp; Reisen","robots":{"index":"index","follow":"follow","max-snippet":"max-snippet:-1","max-image-preview":"max-image-preview:large","max-video-preview":"max-video-preview:-1"},"canonical":"https:\/\/www.urlaubcornwall.de\/blog\/ferienhaus-isle-of-skye-am-meer-mieten\/","og_locale":"en_US","og_type":"article","og_title":"Ferienhaus Isle of Skye am Meer mieten - Urlaub &amp; Reisen","og_description":"Hundefreundlich Ferienhaus Isle of Skye mit Meerblick, 3 Schlafzimmern, Schlafgelegenheiten 6 Ein sch\u00f6nes Ferienhaus mit herrlichem Meerblick auf der atemberaubenden Isle of Skye. Dieses wundersch\u00f6ne, ger\u00e4umige, familienfreundliche, freistehende Ferienhaus wurde zu einem hohen Standard fertiggestellt und bietet modernen Komfort, aber immer noch viele historische Merkmale und Charme. Das Hotel liegt im sch\u00f6nen Waternish 8 km [&hellip;]","og_url":"https:\/\/www.urlaubcornwall.de\/blog\/ferienhaus-isle-of-skye-am-meer-mieten\/","og_site_name":"Urlaub &amp; Reisen","article_modified_time":"2021-08-27T14:50:33+00:00","og_image":[{"url":"https:\/\/www.urlaubcornwall.de\/blog\/wp-content\/uploads\/2018\/04\/ferienhaus-skye-am-meer.jpg"}],"twitter_card":"summary","twitter_misc":{"Est. reading time":"1 minute"},"schema":{"@context":"https:\/\/schema.org","@graph":[{"@type":"WebSite","@id":"https:\/\/www.urlaubcornwall.de\/blog\/#website","url":"https:\/\/www.urlaubcornwall.de\/blog\/","name":"Urlaub &amp; Reisen","description":"Urlaub, Reisen, Cornwall und S\u00fcdengland: eine perfekte Kombination","potentialAction":[{"@type":"SearchAction","target":{"@type":"EntryPoint","urlTemplate":"https:\/\/www.urlaubcornwall.de\/blog\/?s={search_term_string}"},"query-input":"required name=search_term_string"}],"inLanguage":"en-US"},{"@type":"WebPage","@id":"https:\/\/www.urlaubcornwall.de\/blog\/ferienhaus-isle-of-skye-am-meer-mieten\/","url":"https:\/\/www.urlaubcornwall.de\/blog\/ferienhaus-isle-of-skye-am-meer-mieten\/","name":"Ferienhaus Isle of Skye am Meer mieten - Urlaub &amp; Reisen","isPartOf":{"@id":"https:\/\/www.urlaubcornwall.de\/blog\/#website"},"datePublished":"2018-04-03T16:07:30+00:00","dateModified":"2021-08-27T14:50:33+00:00","breadcrumb":{"@id":"https:\/\/www.urlaubcornwall.de\/blog\/ferienhaus-isle-of-skye-am-meer-mieten\/#breadcrumb"},"inLanguage":"en-US","potentialAction":[{"@type":"ReadAction","target":["https:\/\/www.urlaubcornwall.de\/blog\/ferienhaus-isle-of-skye-am-meer-mieten\/"]}]},{"@type":"BreadcrumbList","@id":"https:\/\/www.urlaubcornwall.de\/blog\/ferienhaus-isle-of-skye-am-meer-mieten\/#breadcrumb","itemListElement":[{"@type":"ListItem","position":1,"name":"Home","item":"https:\/\/www.urlaubcornwall.de\/blog\/"},{"@type":"ListItem","position":2,"name":"Ferienhaus Isle of Skye am Meer mieten"}]}]}},"_links":{"self":[{"href":"https:\/\/www.urlaubcornwall.de\/blog\/wp-json\/wp\/v2\/pages\/33464"}],"collection":[{"href":"https:\/\/www.urlaubcornwall.de\/blog\/wp-json\/wp\/v2\/pages"}],"about":[{"href":"https:\/\/www.urlaubcornwall.de\/blog\/wp-json\/wp\/v2\/types\/page"}],"author":[{"embeddable":true,"href":"https:\/\/www.urlaubcornwall.de\/blog\/wp-json\/wp\/v2\/users\/1"}],"replies":[{"embeddable":true,"href":"https:\/\/www.urlaubcornwall.de\/blog\/wp-json\/wp\/v2\/comments?post=33464"}],"version-history":[{"count":4,"href":"https:\/\/www.urlaubcornwall.de\/blog\/wp-json\/wp\/v2\/pages\/33464\/revisions"}],"predecessor-version":[{"id":42242,"href":"https:\/\/www.urlaubcornwall.de\/blog\/wp-json\/wp\/v2\/pages\/33464\/revisions\/42242"}],"wp:attachment":[{"href":"https:\/\/www.urlaubcornwall.de\/blog\/wp-json\/wp\/v2\/media?parent=33464"}],"curies":[{"name":"wp","href":"https:\/\/api.w.org\/{rel}","templated":true}]}}