{"id":33459,"date":"2018-04-03T15:06:15","date_gmt":"2018-04-03T15:06:15","guid":{"rendered":"https:\/\/www.urlaubcornwall.de\/blog\/?page_id=33459"},"modified":"2021-09-17T12:23:50","modified_gmt":"2021-09-17T12:23:50","slug":"ferienhaus-kyle-of-lochalsh-mieten","status":"publish","type":"page","link":"https:\/\/www.urlaubcornwall.de\/blog\/ferienhaus-kyle-of-lochalsh-mieten\/","title":{"rendered":"Ferienhaus Kyle of Lochalsh mieten"},"content":{"rendered":"<p><img loading=\"lazy\" class=\"aligncenter size-full wp-image-33460\" src=\"https:\/\/www.urlaubcornwall.de\/blog\/wp-content\/uploads\/2018\/04\/ferienhaus-kyle-lochalsh-mit-hund.jpg\" alt=\"ferienhaus kyle lochalsh mit hund\" width=\"749\" height=\"458\"\/><\/p>\n<p><strong>Hundefreundlich Ferienhaus in Kyle of Lochalsh mit 2 Schlafzimmern, Schlafgelegenheiten 4<\/strong><\/p>\n<p>Dieses komfortabel eingerichtete Zedernholz-Ferienhaus befindet sich in erh\u00f6hter Lage nur 50 m vom Strand entfernt mit Blick auf den See und die kleinen Inseln. In der N\u00e4he der Isle of Skye und gut f\u00fcr Ausfl\u00fcge nach Norden nach Applecross, Plockton, Gairloch viele M\u00f6glichkeiten zum Wandern und Mountainbiken. Ein idealer Ort f\u00fcr Ornithologen und Angler, da zu den meisten Jahreszeiten im \u00dcberfluss Seefischerei betrieben wird. Sie k\u00f6nnen die spektakul\u00e4re Route durch die erstaunliche Bergkette der Five Sisters of Kintail und das wundersch\u00f6ne Glen Shiel nehmen.<\/p>\n<p style=\"text-align: center;\"><a class=\"tidycta\" href=\"https:\/\/www.urlaubcornwall.de\/ferienhaeuser-fewos\/sco\/schottische-inseln\/isle-of-skye.html\">Suche Ferienh\u00e4user Syke<\/a><\/p>\n<p style=\"text-align: center;\">Pers\u00f6nlich inspizierte Ferienh\u00e4user und Ferienwohnungen f\u00fcr Ihren <a href=\"https:\/\/www.urlaubcornwall.de\/ferienhaeuser\/schottland.php\">Urlaub in Schottland<\/a>.<\/p>\n","protected":false},"excerpt":{"rendered":"<p>Hundefreundlich Ferienhaus in Kyle of Lochalsh mit 2 Schlafzimmern, Schlafgelegenheiten 4 Dieses komfortabel eingerichtete Zedernholz-Ferienhaus befindet sich in erh\u00f6hter Lage nur 50 m vom Strand entfernt mit Blick auf den See und die kleinen Inseln. In der N\u00e4he der Isle of Skye und gut f\u00fcr Ausfl\u00fcge nach Norden nach Applecross, Plockton, Gairloch viele M\u00f6glichkeiten zum [&hellip;]<\/p>\n","protected":false},"author":1,"featured_media":0,"parent":0,"menu_order":0,"comment_status":"closed","ping_status":"closed","template":"single-four.php","meta":[],"acf":[],"yoast_head":"<!-- This site is optimized with the Yoast SEO plugin v19.4 - https:\/\/yoast.com\/wordpress\/plugins\/seo\/ -->\n<title>Ferienhaus Kyle of Lochalsh mieten - Urlaub &amp; Reisen<\/title>\n<meta name=\"description\" content=\"Dieses komfortabel eingerichtete Zedernholz-Ferienhaus befindet sich in erh\u00f6hter Lage nur 50 m vom Strand entfernt mit Blick auf den See und die kleinen Inseln. In der N\u00e4he der Isle of Skye und gut f\u00fcr Ausfl\u00fcge nach Norden nach Applecross, Plockton, Gairloch viele M\u00f6glichkeiten zum Wandern und Mountainbiken. Ein idealer Ort f\u00fcr Ornithologen und Angler, da zu den meisten Jahreszeiten im \u00dcberfluss Seefischerei betrieben wird. Sie k\u00f6nnen die spektakul\u00e4re Route durch die erstaunliche Bergkette der Five Sisters of Kintail und das wundersch\u00f6ne Glen Shiel nehmen.\" \/>\n<meta name=\"robots\" content=\"index, follow, max-snippet:-1, max-image-preview:large, max-video-preview:-1\" \/>\n<link rel=\"canonical\" href=\"https:\/\/www.urlaubcornwall.de\/blog\/ferienhaus-kyle-of-lochalsh-mieten\/\" \/>\n<meta property=\"og:locale\" content=\"en_US\" \/>\n<meta property=\"og:type\" content=\"article\" \/>\n<meta property=\"og:title\" content=\"Ferienhaus Kyle of Lochalsh mieten - Urlaub &amp; Reisen\" \/>\n<meta property=\"og:description\" content=\"Dieses komfortabel eingerichtete Zedernholz-Ferienhaus befindet sich in erh\u00f6hter Lage nur 50 m vom Strand entfernt mit Blick auf den See und die kleinen Inseln. In der N\u00e4he der Isle of Skye und gut f\u00fcr Ausfl\u00fcge nach Norden nach Applecross, Plockton, Gairloch viele M\u00f6glichkeiten zum Wandern und Mountainbiken. Ein idealer Ort f\u00fcr Ornithologen und Angler, da zu den meisten Jahreszeiten im \u00dcberfluss Seefischerei betrieben wird. Sie k\u00f6nnen die spektakul\u00e4re Route durch die erstaunliche Bergkette der Five Sisters of Kintail und das wundersch\u00f6ne Glen Shiel nehmen.\" \/>\n<meta property=\"og:url\" content=\"https:\/\/www.urlaubcornwall.de\/blog\/ferienhaus-kyle-of-lochalsh-mieten\/\" \/>\n<meta property=\"og:site_name\" content=\"Urlaub &amp; Reisen\" \/>\n<meta property=\"article:modified_time\" content=\"2021-09-17T12:23:50+00:00\" \/>\n<meta property=\"og:image\" content=\"https:\/\/www.urlaubcornwall.de\/blog\/wp-content\/uploads\/2018\/04\/ferienhaus-kyle-lochalsh-mit-hund.jpg\" \/>\n<meta name=\"twitter:card\" content=\"summary\" \/>\n<meta name=\"twitter:label1\" content=\"Est. reading time\" \/>\n\t<meta name=\"twitter:data1\" content=\"1 minute\" \/>\n<script type=\"application\/ld+json\" class=\"yoast-schema-graph\">{\"@context\":\"https:\/\/schema.org\",\"@graph\":[{\"@type\":\"WebSite\",\"@id\":\"https:\/\/www.urlaubcornwall.de\/blog\/#website\",\"url\":\"https:\/\/www.urlaubcornwall.de\/blog\/\",\"name\":\"Urlaub &amp; Reisen\",\"description\":\"Urlaub, Reisen, Cornwall und S\u00fcdengland: eine perfekte Kombination\",\"potentialAction\":[{\"@type\":\"SearchAction\",\"target\":{\"@type\":\"EntryPoint\",\"urlTemplate\":\"https:\/\/www.urlaubcornwall.de\/blog\/?s={search_term_string}\"},\"query-input\":\"required name=search_term_string\"}],\"inLanguage\":\"en-US\"},{\"@type\":\"WebPage\",\"@id\":\"https:\/\/www.urlaubcornwall.de\/blog\/ferienhaus-kyle-of-lochalsh-mieten\/\",\"url\":\"https:\/\/www.urlaubcornwall.de\/blog\/ferienhaus-kyle-of-lochalsh-mieten\/\",\"name\":\"Ferienhaus Kyle of Lochalsh mieten - Urlaub &amp; Reisen\",\"isPartOf\":{\"@id\":\"https:\/\/www.urlaubcornwall.de\/blog\/#website\"},\"datePublished\":\"2018-04-03T15:06:15+00:00\",\"dateModified\":\"2021-09-17T12:23:50+00:00\",\"description\":\"Dieses komfortabel eingerichtete Zedernholz-Ferienhaus befindet sich in erh\u00f6hter Lage nur 50 m vom Strand entfernt mit Blick auf den See und die kleinen Inseln. In der N\u00e4he der Isle of Skye und gut f\u00fcr Ausfl\u00fcge nach Norden nach Applecross, Plockton, Gairloch viele M\u00f6glichkeiten zum Wandern und Mountainbiken. Ein idealer Ort f\u00fcr Ornithologen und Angler, da zu den meisten Jahreszeiten im \u00dcberfluss Seefischerei betrieben wird. Sie k\u00f6nnen die spektakul\u00e4re Route durch die erstaunliche Bergkette der Five Sisters of Kintail und das wundersch\u00f6ne Glen Shiel nehmen.\",\"breadcrumb\":{\"@id\":\"https:\/\/www.urlaubcornwall.de\/blog\/ferienhaus-kyle-of-lochalsh-mieten\/#breadcrumb\"},\"inLanguage\":\"en-US\",\"potentialAction\":[{\"@type\":\"ReadAction\",\"target\":[\"https:\/\/www.urlaubcornwall.de\/blog\/ferienhaus-kyle-of-lochalsh-mieten\/\"]}]},{\"@type\":\"BreadcrumbList\",\"@id\":\"https:\/\/www.urlaubcornwall.de\/blog\/ferienhaus-kyle-of-lochalsh-mieten\/#breadcrumb\",\"itemListElement\":[{\"@type\":\"ListItem\",\"position\":1,\"name\":\"Home\",\"item\":\"https:\/\/www.urlaubcornwall.de\/blog\/\"},{\"@type\":\"ListItem\",\"position\":2,\"name\":\"Ferienhaus Kyle of Lochalsh mieten\"}]}]}<\/script>\n<!-- \/ Yoast SEO plugin. -->","yoast_head_json":{"title":"Ferienhaus Kyle of Lochalsh mieten - Urlaub &amp; Reisen","description":"Dieses komfortabel eingerichtete Zedernholz-Ferienhaus befindet sich in erh\u00f6hter Lage nur 50 m vom Strand entfernt mit Blick auf den See und die kleinen Inseln. In der N\u00e4he der Isle of Skye und gut f\u00fcr Ausfl\u00fcge nach Norden nach Applecross, Plockton, Gairloch viele M\u00f6glichkeiten zum Wandern und Mountainbiken. Ein idealer Ort f\u00fcr Ornithologen und Angler, da zu den meisten Jahreszeiten im \u00dcberfluss Seefischerei betrieben wird. Sie k\u00f6nnen die spektakul\u00e4re Route durch die erstaunliche Bergkette der Five Sisters of Kintail und das wundersch\u00f6ne Glen Shiel nehmen.","robots":{"index":"index","follow":"follow","max-snippet":"max-snippet:-1","max-image-preview":"max-image-preview:large","max-video-preview":"max-video-preview:-1"},"canonical":"https:\/\/www.urlaubcornwall.de\/blog\/ferienhaus-kyle-of-lochalsh-mieten\/","og_locale":"en_US","og_type":"article","og_title":"Ferienhaus Kyle of Lochalsh mieten - Urlaub &amp; Reisen","og_description":"Dieses komfortabel eingerichtete Zedernholz-Ferienhaus befindet sich in erh\u00f6hter Lage nur 50 m vom Strand entfernt mit Blick auf den See und die kleinen Inseln. In der N\u00e4he der Isle of Skye und gut f\u00fcr Ausfl\u00fcge nach Norden nach Applecross, Plockton, Gairloch viele M\u00f6glichkeiten zum Wandern und Mountainbiken. Ein idealer Ort f\u00fcr Ornithologen und Angler, da zu den meisten Jahreszeiten im \u00dcberfluss Seefischerei betrieben wird. Sie k\u00f6nnen die spektakul\u00e4re Route durch die erstaunliche Bergkette der Five Sisters of Kintail und das wundersch\u00f6ne Glen Shiel nehmen.","og_url":"https:\/\/www.urlaubcornwall.de\/blog\/ferienhaus-kyle-of-lochalsh-mieten\/","og_site_name":"Urlaub &amp; Reisen","article_modified_time":"2021-09-17T12:23:50+00:00","og_image":[{"url":"https:\/\/www.urlaubcornwall.de\/blog\/wp-content\/uploads\/2018\/04\/ferienhaus-kyle-lochalsh-mit-hund.jpg"}],"twitter_card":"summary","twitter_misc":{"Est. reading time":"1 minute"},"schema":{"@context":"https:\/\/schema.org","@graph":[{"@type":"WebSite","@id":"https:\/\/www.urlaubcornwall.de\/blog\/#website","url":"https:\/\/www.urlaubcornwall.de\/blog\/","name":"Urlaub &amp; Reisen","description":"Urlaub, Reisen, Cornwall und S\u00fcdengland: eine perfekte Kombination","potentialAction":[{"@type":"SearchAction","target":{"@type":"EntryPoint","urlTemplate":"https:\/\/www.urlaubcornwall.de\/blog\/?s={search_term_string}"},"query-input":"required name=search_term_string"}],"inLanguage":"en-US"},{"@type":"WebPage","@id":"https:\/\/www.urlaubcornwall.de\/blog\/ferienhaus-kyle-of-lochalsh-mieten\/","url":"https:\/\/www.urlaubcornwall.de\/blog\/ferienhaus-kyle-of-lochalsh-mieten\/","name":"Ferienhaus Kyle of Lochalsh mieten - Urlaub &amp; Reisen","isPartOf":{"@id":"https:\/\/www.urlaubcornwall.de\/blog\/#website"},"datePublished":"2018-04-03T15:06:15+00:00","dateModified":"2021-09-17T12:23:50+00:00","description":"Dieses komfortabel eingerichtete Zedernholz-Ferienhaus befindet sich in erh\u00f6hter Lage nur 50 m vom Strand entfernt mit Blick auf den See und die kleinen Inseln. In der N\u00e4he der Isle of Skye und gut f\u00fcr Ausfl\u00fcge nach Norden nach Applecross, Plockton, Gairloch viele M\u00f6glichkeiten zum Wandern und Mountainbiken. Ein idealer Ort f\u00fcr Ornithologen und Angler, da zu den meisten Jahreszeiten im \u00dcberfluss Seefischerei betrieben wird. Sie k\u00f6nnen die spektakul\u00e4re Route durch die erstaunliche Bergkette der Five Sisters of Kintail und das wundersch\u00f6ne Glen Shiel nehmen.","breadcrumb":{"@id":"https:\/\/www.urlaubcornwall.de\/blog\/ferienhaus-kyle-of-lochalsh-mieten\/#breadcrumb"},"inLanguage":"en-US","potentialAction":[{"@type":"ReadAction","target":["https:\/\/www.urlaubcornwall.de\/blog\/ferienhaus-kyle-of-lochalsh-mieten\/"]}]},{"@type":"BreadcrumbList","@id":"https:\/\/www.urlaubcornwall.de\/blog\/ferienhaus-kyle-of-lochalsh-mieten\/#breadcrumb","itemListElement":[{"@type":"ListItem","position":1,"name":"Home","item":"https:\/\/www.urlaubcornwall.de\/blog\/"},{"@type":"ListItem","position":2,"name":"Ferienhaus Kyle of Lochalsh mieten"}]}]}},"_links":{"self":[{"href":"https:\/\/www.urlaubcornwall.de\/blog\/wp-json\/wp\/v2\/pages\/33459"}],"collection":[{"href":"https:\/\/www.urlaubcornwall.de\/blog\/wp-json\/wp\/v2\/pages"}],"about":[{"href":"https:\/\/www.urlaubcornwall.de\/blog\/wp-json\/wp\/v2\/types\/page"}],"author":[{"embeddable":true,"href":"https:\/\/www.urlaubcornwall.de\/blog\/wp-json\/wp\/v2\/users\/1"}],"replies":[{"embeddable":true,"href":"https:\/\/www.urlaubcornwall.de\/blog\/wp-json\/wp\/v2\/comments?post=33459"}],"version-history":[{"count":4,"href":"https:\/\/www.urlaubcornwall.de\/blog\/wp-json\/wp\/v2\/pages\/33459\/revisions"}],"predecessor-version":[{"id":42898,"href":"https:\/\/www.urlaubcornwall.de\/blog\/wp-json\/wp\/v2\/pages\/33459\/revisions\/42898"}],"wp:attachment":[{"href":"https:\/\/www.urlaubcornwall.de\/blog\/wp-json\/wp\/v2\/media?parent=33459"}],"curies":[{"name":"wp","href":"https:\/\/api.w.org\/{rel}","templated":true}]}}