{"id":33455,"date":"2018-04-03T14:37:19","date_gmt":"2018-04-03T14:37:19","guid":{"rendered":"https:\/\/www.urlaubcornwall.de\/blog\/?page_id=33455"},"modified":"2021-09-17T12:29:06","modified_gmt":"2021-09-17T12:29:06","slug":"ferienhaus-nahe-loch-ness-drumnadrochit","status":"publish","type":"page","link":"https:\/\/www.urlaubcornwall.de\/blog\/ferienhaus-nahe-loch-ness-drumnadrochit\/","title":{"rendered":"Ferienhaus nahe Loch Ness &#8211; Drumnadrochit"},"content":{"rendered":"<p><img loading=\"lazy\" class=\"aligncenter size-full wp-image-33457\" src=\"https:\/\/www.urlaubcornwall.de\/blog\/wp-content\/uploads\/2018\/04\/ferienhaus-nahe-loch-ness-Drumnadrochit-mieten.jpg\" alt=\"ferienhaus nahe loch ness Drumnadrochit mieten\" width=\"749\" height=\"473\"\/><\/p>\n<p><strong>Hundefreundlich Ferienhaus in Drumnadrochit mit 2 Schlafzimmern, Schlafgelegenheiten 4<\/strong><\/p>\n<p>In der N\u00e4he des wundersch\u00f6nen Kiesstrandes in Milton of Culloden, in der N\u00e4he des historischen Schlachtfeldes von Culloden und des Besucherzentrums. Dieses Ferienhaus ist der perfekte Ort f\u00fcr alle Liebhaber der Natur und die Fischer werden begeistert sein vom Meeresangeln auf dem Inverness Firth und dem Lachs und Forellen angeln am Fluss Ness in der N\u00e4he. Golfbegeisterte finden zahlreiche Golfpl\u00e4tze wie <a href=\"https:\/\/www.urlaubcornwall.de\/ferienhaeuser-fewos\/sco\/nordschottland\/inverness.html\">Inverness<\/a>, Loch Ness, Schloss Stuart, <a href=\"https:\/\/www.urlaubcornwall.de\/ferienhaeuser-fewos\/sco\/nordschottland\/fort-augustus.html\">Fort Augustus<\/a>, Aigas und Boat of Garten. Gelegen im Osten der Highlands Hauptstadt Inverness mit seinen ausgezeichneten Freizeiteinrichtungen und Einkaufsm\u00f6glichkeiten.<\/p>\n<p style=\"text-align: center;\"><a class=\"tidycta\" href=\"https:\/\/www.urlaubcornwall.de\/ferienhaeuser-fewos\/sco\/nordhighlands-und-inseln\/loch-ness.html\">Suche Ferienh\u00e4user Loch Ness<\/a><\/p>\n<p style=\"text-align: center;\">Pers\u00f6nlich inspizierte Ferienh\u00e4user und Ferienwohnungen f\u00fcr Ihren <a href=\"https:\/\/www.urlaubcornwall.de\/ferienhaeuser\/schottland.php\">Urlaub in Schottland<\/a>.<\/p>\n","protected":false},"excerpt":{"rendered":"<p>Hundefreundlich Ferienhaus in Drumnadrochit mit 2 Schlafzimmern, Schlafgelegenheiten 4 In der N\u00e4he des wundersch\u00f6nen Kiesstrandes in Milton of Culloden, in der N\u00e4he des historischen Schlachtfeldes von Culloden und des Besucherzentrums. Dieses Ferienhaus ist der perfekte Ort f\u00fcr alle Liebhaber der Natur und die Fischer werden begeistert sein vom Meeresangeln auf dem Inverness Firth und dem [&hellip;]<\/p>\n","protected":false},"author":1,"featured_media":0,"parent":0,"menu_order":0,"comment_status":"closed","ping_status":"closed","template":"single-four.php","meta":[],"acf":[],"yoast_head":"<!-- This site is optimized with the Yoast SEO plugin v19.4 - https:\/\/yoast.com\/wordpress\/plugins\/seo\/ -->\n<title>Ferienhaus nahe Loch Ness - Drumnadrochit - Urlaub &amp; Reisen<\/title>\n<meta name=\"description\" content=\"In der N\u00e4he des wundersch\u00f6nen Kiesstrandes in Milton of Culloden, in der N\u00e4he des historischen Schlachtfeldes von Culloden und des Besucherzentrums. Dieses Ferienhaus ist der perfekte Ort f\u00fcr alle Liebhaber der Natur und die Fischer werden begeistert sein vom Meeresangeln auf dem Inverness Firth und dem Lachs und Forellen angeln am Fluss Ness in der N\u00e4he. Golfbegeisterte finden zahlreiche Golfpl\u00e4tze wie Inverness\" \/>\n<meta name=\"robots\" content=\"index, follow, max-snippet:-1, max-image-preview:large, max-video-preview:-1\" \/>\n<link rel=\"canonical\" href=\"https:\/\/www.urlaubcornwall.de\/blog\/ferienhaus-nahe-loch-ness-drumnadrochit\/\" \/>\n<meta property=\"og:locale\" content=\"en_US\" \/>\n<meta property=\"og:type\" content=\"article\" \/>\n<meta property=\"og:title\" content=\"Ferienhaus nahe Loch Ness - Drumnadrochit - Urlaub &amp; Reisen\" \/>\n<meta property=\"og:description\" content=\"In der N\u00e4he des wundersch\u00f6nen Kiesstrandes in Milton of Culloden, in der N\u00e4he des historischen Schlachtfeldes von Culloden und des Besucherzentrums. Dieses Ferienhaus ist der perfekte Ort f\u00fcr alle Liebhaber der Natur und die Fischer werden begeistert sein vom Meeresangeln auf dem Inverness Firth und dem Lachs und Forellen angeln am Fluss Ness in der N\u00e4he. Golfbegeisterte finden zahlreiche Golfpl\u00e4tze wie Inverness\" \/>\n<meta property=\"og:url\" content=\"https:\/\/www.urlaubcornwall.de\/blog\/ferienhaus-nahe-loch-ness-drumnadrochit\/\" \/>\n<meta property=\"og:site_name\" content=\"Urlaub &amp; Reisen\" \/>\n<meta property=\"article:modified_time\" content=\"2021-09-17T12:29:06+00:00\" \/>\n<meta property=\"og:image\" content=\"https:\/\/www.urlaubcornwall.de\/blog\/wp-content\/uploads\/2018\/04\/ferienhaus-nahe-loch-ness-Drumnadrochit-mieten.jpg\" \/>\n<meta name=\"twitter:card\" content=\"summary\" \/>\n<meta name=\"twitter:label1\" content=\"Est. reading time\" \/>\n\t<meta name=\"twitter:data1\" content=\"1 minute\" \/>\n<script type=\"application\/ld+json\" class=\"yoast-schema-graph\">{\"@context\":\"https:\/\/schema.org\",\"@graph\":[{\"@type\":\"WebSite\",\"@id\":\"https:\/\/www.urlaubcornwall.de\/blog\/#website\",\"url\":\"https:\/\/www.urlaubcornwall.de\/blog\/\",\"name\":\"Urlaub &amp; Reisen\",\"description\":\"Urlaub, Reisen, Cornwall und S\u00fcdengland: eine perfekte Kombination\",\"potentialAction\":[{\"@type\":\"SearchAction\",\"target\":{\"@type\":\"EntryPoint\",\"urlTemplate\":\"https:\/\/www.urlaubcornwall.de\/blog\/?s={search_term_string}\"},\"query-input\":\"required name=search_term_string\"}],\"inLanguage\":\"en-US\"},{\"@type\":\"WebPage\",\"@id\":\"https:\/\/www.urlaubcornwall.de\/blog\/ferienhaus-nahe-loch-ness-drumnadrochit\/\",\"url\":\"https:\/\/www.urlaubcornwall.de\/blog\/ferienhaus-nahe-loch-ness-drumnadrochit\/\",\"name\":\"Ferienhaus nahe Loch Ness - Drumnadrochit - Urlaub &amp; Reisen\",\"isPartOf\":{\"@id\":\"https:\/\/www.urlaubcornwall.de\/blog\/#website\"},\"datePublished\":\"2018-04-03T14:37:19+00:00\",\"dateModified\":\"2021-09-17T12:29:06+00:00\",\"description\":\"In der N\u00e4he des wundersch\u00f6nen Kiesstrandes in Milton of Culloden, in der N\u00e4he des historischen Schlachtfeldes von Culloden und des Besucherzentrums. Dieses Ferienhaus ist der perfekte Ort f\u00fcr alle Liebhaber der Natur und die Fischer werden begeistert sein vom Meeresangeln auf dem Inverness Firth und dem Lachs und Forellen angeln am Fluss Ness in der N\u00e4he. Golfbegeisterte finden zahlreiche Golfpl\u00e4tze wie Inverness\",\"breadcrumb\":{\"@id\":\"https:\/\/www.urlaubcornwall.de\/blog\/ferienhaus-nahe-loch-ness-drumnadrochit\/#breadcrumb\"},\"inLanguage\":\"en-US\",\"potentialAction\":[{\"@type\":\"ReadAction\",\"target\":[\"https:\/\/www.urlaubcornwall.de\/blog\/ferienhaus-nahe-loch-ness-drumnadrochit\/\"]}]},{\"@type\":\"BreadcrumbList\",\"@id\":\"https:\/\/www.urlaubcornwall.de\/blog\/ferienhaus-nahe-loch-ness-drumnadrochit\/#breadcrumb\",\"itemListElement\":[{\"@type\":\"ListItem\",\"position\":1,\"name\":\"Home\",\"item\":\"https:\/\/www.urlaubcornwall.de\/blog\/\"},{\"@type\":\"ListItem\",\"position\":2,\"name\":\"Ferienhaus nahe Loch Ness &#8211; Drumnadrochit\"}]}]}<\/script>\n<!-- \/ Yoast SEO plugin. -->","yoast_head_json":{"title":"Ferienhaus nahe Loch Ness - Drumnadrochit - Urlaub &amp; Reisen","description":"In der N\u00e4he des wundersch\u00f6nen Kiesstrandes in Milton of Culloden, in der N\u00e4he des historischen Schlachtfeldes von Culloden und des Besucherzentrums. Dieses Ferienhaus ist der perfekte Ort f\u00fcr alle Liebhaber der Natur und die Fischer werden begeistert sein vom Meeresangeln auf dem Inverness Firth und dem Lachs und Forellen angeln am Fluss Ness in der N\u00e4he. Golfbegeisterte finden zahlreiche Golfpl\u00e4tze wie Inverness","robots":{"index":"index","follow":"follow","max-snippet":"max-snippet:-1","max-image-preview":"max-image-preview:large","max-video-preview":"max-video-preview:-1"},"canonical":"https:\/\/www.urlaubcornwall.de\/blog\/ferienhaus-nahe-loch-ness-drumnadrochit\/","og_locale":"en_US","og_type":"article","og_title":"Ferienhaus nahe Loch Ness - Drumnadrochit - Urlaub &amp; Reisen","og_description":"In der N\u00e4he des wundersch\u00f6nen Kiesstrandes in Milton of Culloden, in der N\u00e4he des historischen Schlachtfeldes von Culloden und des Besucherzentrums. Dieses Ferienhaus ist der perfekte Ort f\u00fcr alle Liebhaber der Natur und die Fischer werden begeistert sein vom Meeresangeln auf dem Inverness Firth und dem Lachs und Forellen angeln am Fluss Ness in der N\u00e4he. Golfbegeisterte finden zahlreiche Golfpl\u00e4tze wie Inverness","og_url":"https:\/\/www.urlaubcornwall.de\/blog\/ferienhaus-nahe-loch-ness-drumnadrochit\/","og_site_name":"Urlaub &amp; Reisen","article_modified_time":"2021-09-17T12:29:06+00:00","og_image":[{"url":"https:\/\/www.urlaubcornwall.de\/blog\/wp-content\/uploads\/2018\/04\/ferienhaus-nahe-loch-ness-Drumnadrochit-mieten.jpg"}],"twitter_card":"summary","twitter_misc":{"Est. reading time":"1 minute"},"schema":{"@context":"https:\/\/schema.org","@graph":[{"@type":"WebSite","@id":"https:\/\/www.urlaubcornwall.de\/blog\/#website","url":"https:\/\/www.urlaubcornwall.de\/blog\/","name":"Urlaub &amp; Reisen","description":"Urlaub, Reisen, Cornwall und S\u00fcdengland: eine perfekte Kombination","potentialAction":[{"@type":"SearchAction","target":{"@type":"EntryPoint","urlTemplate":"https:\/\/www.urlaubcornwall.de\/blog\/?s={search_term_string}"},"query-input":"required name=search_term_string"}],"inLanguage":"en-US"},{"@type":"WebPage","@id":"https:\/\/www.urlaubcornwall.de\/blog\/ferienhaus-nahe-loch-ness-drumnadrochit\/","url":"https:\/\/www.urlaubcornwall.de\/blog\/ferienhaus-nahe-loch-ness-drumnadrochit\/","name":"Ferienhaus nahe Loch Ness - Drumnadrochit - Urlaub &amp; Reisen","isPartOf":{"@id":"https:\/\/www.urlaubcornwall.de\/blog\/#website"},"datePublished":"2018-04-03T14:37:19+00:00","dateModified":"2021-09-17T12:29:06+00:00","description":"In der N\u00e4he des wundersch\u00f6nen Kiesstrandes in Milton of Culloden, in der N\u00e4he des historischen Schlachtfeldes von Culloden und des Besucherzentrums. Dieses Ferienhaus ist der perfekte Ort f\u00fcr alle Liebhaber der Natur und die Fischer werden begeistert sein vom Meeresangeln auf dem Inverness Firth und dem Lachs und Forellen angeln am Fluss Ness in der N\u00e4he. Golfbegeisterte finden zahlreiche Golfpl\u00e4tze wie Inverness","breadcrumb":{"@id":"https:\/\/www.urlaubcornwall.de\/blog\/ferienhaus-nahe-loch-ness-drumnadrochit\/#breadcrumb"},"inLanguage":"en-US","potentialAction":[{"@type":"ReadAction","target":["https:\/\/www.urlaubcornwall.de\/blog\/ferienhaus-nahe-loch-ness-drumnadrochit\/"]}]},{"@type":"BreadcrumbList","@id":"https:\/\/www.urlaubcornwall.de\/blog\/ferienhaus-nahe-loch-ness-drumnadrochit\/#breadcrumb","itemListElement":[{"@type":"ListItem","position":1,"name":"Home","item":"https:\/\/www.urlaubcornwall.de\/blog\/"},{"@type":"ListItem","position":2,"name":"Ferienhaus nahe Loch Ness &#8211; Drumnadrochit"}]}]}},"_links":{"self":[{"href":"https:\/\/www.urlaubcornwall.de\/blog\/wp-json\/wp\/v2\/pages\/33455"}],"collection":[{"href":"https:\/\/www.urlaubcornwall.de\/blog\/wp-json\/wp\/v2\/pages"}],"about":[{"href":"https:\/\/www.urlaubcornwall.de\/blog\/wp-json\/wp\/v2\/types\/page"}],"author":[{"embeddable":true,"href":"https:\/\/www.urlaubcornwall.de\/blog\/wp-json\/wp\/v2\/users\/1"}],"replies":[{"embeddable":true,"href":"https:\/\/www.urlaubcornwall.de\/blog\/wp-json\/wp\/v2\/comments?post=33455"}],"version-history":[{"count":4,"href":"https:\/\/www.urlaubcornwall.de\/blog\/wp-json\/wp\/v2\/pages\/33455\/revisions"}],"predecessor-version":[{"id":42902,"href":"https:\/\/www.urlaubcornwall.de\/blog\/wp-json\/wp\/v2\/pages\/33455\/revisions\/42902"}],"wp:attachment":[{"href":"https:\/\/www.urlaubcornwall.de\/blog\/wp-json\/wp\/v2\/media?parent=33455"}],"curies":[{"name":"wp","href":"https:\/\/api.w.org\/{rel}","templated":true}]}}