{"id":33452,"date":"2018-04-03T14:24:29","date_gmt":"2018-04-03T14:24:29","guid":{"rendered":"https:\/\/www.urlaubcornwall.de\/blog\/?page_id=33452"},"modified":"2021-09-17T12:51:23","modified_gmt":"2021-09-17T12:51:23","slug":"schoene-ferienhaus-inverness-mieten","status":"publish","type":"page","link":"https:\/\/www.urlaubcornwall.de\/blog\/schoene-ferienhaus-inverness-mieten\/","title":{"rendered":"Sch\u00f6ne Ferienhaus Inverness mieten"},"content":{"rendered":"<p><img loading=\"lazy\" class=\"aligncenter size-full wp-image-33453\" src=\"https:\/\/www.urlaubcornwall.de\/blog\/wp-content\/uploads\/2018\/04\/ferienhaus-inverness.jpg\" alt=\"ferienhaus inverness schottland\" width=\"749\" height=\"459\"\/><\/p>\n<p><strong>Hundefreundlich Ferienhaus in Inverness mit 3 Schlafzimmern, Schlafgelegenheiten 6<\/strong><\/p>\n<p>Dieses Ferienhaus liegt am Ufer des herrlichen Flusses Ness im Zentrum der schottischen Hauptstadt Inverness. Dies ist der perfekte Ort f\u00fcr diejenigen, die ohne Auto reisen m\u00f6chten, da der Flughafen Inverness, der Busbahnhof und der Bahnhof leicht zu erreichen sind. Die Fischer werden sich am Lachsfluss und dem Forellenangeln am wundersch\u00f6nen Fluss Ness erfreuen, der sich gegen\u00fcber dem Cottage befindet. Golfbegeisterte finden zahlreiche Golfpl\u00e4tze in der N\u00e4he, darunter Inverness, Loch Ness, Schloss Stuart, Fort Augustus, Aigas und Boat of Garten.<\/p>\n<p style=\"text-align: center;\"><a class=\"tidycta\" href=\"https:\/\/www.urlaubcornwall.de\/ferienhaeuser-fewos\/sco\/nordhighlands-und-inseln\/inverness.html\">Suche Ferienh\u00e4user Inverness<\/a><\/p>\n<p style=\"text-align: center;\">Pers\u00f6nlich inspizierte Ferienh\u00e4user und Ferienwohnungen f\u00fcr Ihren <a href=\"https:\/\/www.urlaubcornwall.de\/ferienhaeuser-fewos\/sco\/nordhighlands-und-inseln\/nordhighlands-und-inseln.html\">Urlaub in Schottland<\/a>.<\/p>\n","protected":false},"excerpt":{"rendered":"<p>Hundefreundlich Ferienhaus in Inverness mit 3 Schlafzimmern, Schlafgelegenheiten 6 Dieses Ferienhaus liegt am Ufer des herrlichen Flusses Ness im Zentrum der schottischen Hauptstadt Inverness. Dies ist der perfekte Ort f\u00fcr diejenigen, die ohne Auto reisen m\u00f6chten, da der Flughafen Inverness, der Busbahnhof und der Bahnhof leicht zu erreichen sind. Die Fischer werden sich am Lachsfluss [&hellip;]<\/p>\n","protected":false},"author":1,"featured_media":0,"parent":0,"menu_order":0,"comment_status":"closed","ping_status":"closed","template":"single-four.php","meta":[],"acf":[],"yoast_head":"<!-- This site is optimized with the Yoast SEO plugin v19.4 - https:\/\/yoast.com\/wordpress\/plugins\/seo\/ -->\n<title>Sch\u00f6ne Ferienhaus Inverness mieten - Urlaub &amp; Reisen<\/title>\n<meta name=\"description\" content=\"Dieses Ferienhaus liegt am Ufer des herrlichen Flusses Ness im Zentrum der schottischen Hauptstadt Inverness. Dies ist der perfekte Ort f\u00fcr diejenigen, die ohne Auto reisen m\u00f6chten, da der Flughafen Inverness, der Busbahnhof und der Bahnhof leicht zu erreichen sind. Die Fischer werden sich am Lachsfluss und dem Forellenangeln am wundersch\u00f6nen Fluss Ness erfreuen, der sich gegen\u00fcber dem Cottage befindet. Golfbegeisterte finden zahlreiche Golfpl\u00e4tze in der N\u00e4he, darunter Inverness, Loch Ness, Schloss Stuart, Fort Augustus, Aigas und Boat of Garten.\" \/>\n<meta name=\"robots\" content=\"index, follow, max-snippet:-1, max-image-preview:large, max-video-preview:-1\" \/>\n<link rel=\"canonical\" href=\"https:\/\/www.urlaubcornwall.de\/blog\/schoene-ferienhaus-inverness-mieten\/\" \/>\n<meta property=\"og:locale\" content=\"en_US\" \/>\n<meta property=\"og:type\" content=\"article\" \/>\n<meta property=\"og:title\" content=\"Sch\u00f6ne Ferienhaus Inverness mieten - Urlaub &amp; Reisen\" \/>\n<meta property=\"og:description\" content=\"Dieses Ferienhaus liegt am Ufer des herrlichen Flusses Ness im Zentrum der schottischen Hauptstadt Inverness. Dies ist der perfekte Ort f\u00fcr diejenigen, die ohne Auto reisen m\u00f6chten, da der Flughafen Inverness, der Busbahnhof und der Bahnhof leicht zu erreichen sind. Die Fischer werden sich am Lachsfluss und dem Forellenangeln am wundersch\u00f6nen Fluss Ness erfreuen, der sich gegen\u00fcber dem Cottage befindet. Golfbegeisterte finden zahlreiche Golfpl\u00e4tze in der N\u00e4he, darunter Inverness, Loch Ness, Schloss Stuart, Fort Augustus, Aigas und Boat of Garten.\" \/>\n<meta property=\"og:url\" content=\"https:\/\/www.urlaubcornwall.de\/blog\/schoene-ferienhaus-inverness-mieten\/\" \/>\n<meta property=\"og:site_name\" content=\"Urlaub &amp; Reisen\" \/>\n<meta property=\"article:modified_time\" content=\"2021-09-17T12:51:23+00:00\" \/>\n<meta property=\"og:image\" content=\"https:\/\/www.urlaubcornwall.de\/blog\/wp-content\/uploads\/2018\/04\/ferienhaus-inverness.jpg\" \/>\n<meta name=\"twitter:card\" content=\"summary\" \/>\n<meta name=\"twitter:label1\" content=\"Est. reading time\" \/>\n\t<meta name=\"twitter:data1\" content=\"1 minute\" \/>\n<script type=\"application\/ld+json\" class=\"yoast-schema-graph\">{\"@context\":\"https:\/\/schema.org\",\"@graph\":[{\"@type\":\"WebSite\",\"@id\":\"https:\/\/www.urlaubcornwall.de\/blog\/#website\",\"url\":\"https:\/\/www.urlaubcornwall.de\/blog\/\",\"name\":\"Urlaub &amp; Reisen\",\"description\":\"Urlaub, Reisen, Cornwall und S\u00fcdengland: eine perfekte Kombination\",\"potentialAction\":[{\"@type\":\"SearchAction\",\"target\":{\"@type\":\"EntryPoint\",\"urlTemplate\":\"https:\/\/www.urlaubcornwall.de\/blog\/?s={search_term_string}\"},\"query-input\":\"required name=search_term_string\"}],\"inLanguage\":\"en-US\"},{\"@type\":\"WebPage\",\"@id\":\"https:\/\/www.urlaubcornwall.de\/blog\/schoene-ferienhaus-inverness-mieten\/\",\"url\":\"https:\/\/www.urlaubcornwall.de\/blog\/schoene-ferienhaus-inverness-mieten\/\",\"name\":\"Sch\u00f6ne Ferienhaus Inverness mieten - Urlaub &amp; Reisen\",\"isPartOf\":{\"@id\":\"https:\/\/www.urlaubcornwall.de\/blog\/#website\"},\"datePublished\":\"2018-04-03T14:24:29+00:00\",\"dateModified\":\"2021-09-17T12:51:23+00:00\",\"description\":\"Dieses Ferienhaus liegt am Ufer des herrlichen Flusses Ness im Zentrum der schottischen Hauptstadt Inverness. Dies ist der perfekte Ort f\u00fcr diejenigen, die ohne Auto reisen m\u00f6chten, da der Flughafen Inverness, der Busbahnhof und der Bahnhof leicht zu erreichen sind. Die Fischer werden sich am Lachsfluss und dem Forellenangeln am wundersch\u00f6nen Fluss Ness erfreuen, der sich gegen\u00fcber dem Cottage befindet. Golfbegeisterte finden zahlreiche Golfpl\u00e4tze in der N\u00e4he, darunter Inverness, Loch Ness, Schloss Stuart, Fort Augustus, Aigas und Boat of Garten.\",\"breadcrumb\":{\"@id\":\"https:\/\/www.urlaubcornwall.de\/blog\/schoene-ferienhaus-inverness-mieten\/#breadcrumb\"},\"inLanguage\":\"en-US\",\"potentialAction\":[{\"@type\":\"ReadAction\",\"target\":[\"https:\/\/www.urlaubcornwall.de\/blog\/schoene-ferienhaus-inverness-mieten\/\"]}]},{\"@type\":\"BreadcrumbList\",\"@id\":\"https:\/\/www.urlaubcornwall.de\/blog\/schoene-ferienhaus-inverness-mieten\/#breadcrumb\",\"itemListElement\":[{\"@type\":\"ListItem\",\"position\":1,\"name\":\"Home\",\"item\":\"https:\/\/www.urlaubcornwall.de\/blog\/\"},{\"@type\":\"ListItem\",\"position\":2,\"name\":\"Sch\u00f6ne Ferienhaus Inverness mieten\"}]}]}<\/script>\n<!-- \/ Yoast SEO plugin. -->","yoast_head_json":{"title":"Sch\u00f6ne Ferienhaus Inverness mieten - Urlaub &amp; Reisen","description":"Dieses Ferienhaus liegt am Ufer des herrlichen Flusses Ness im Zentrum der schottischen Hauptstadt Inverness. Dies ist der perfekte Ort f\u00fcr diejenigen, die ohne Auto reisen m\u00f6chten, da der Flughafen Inverness, der Busbahnhof und der Bahnhof leicht zu erreichen sind. Die Fischer werden sich am Lachsfluss und dem Forellenangeln am wundersch\u00f6nen Fluss Ness erfreuen, der sich gegen\u00fcber dem Cottage befindet. Golfbegeisterte finden zahlreiche Golfpl\u00e4tze in der N\u00e4he, darunter Inverness, Loch Ness, Schloss Stuart, Fort Augustus, Aigas und Boat of Garten.","robots":{"index":"index","follow":"follow","max-snippet":"max-snippet:-1","max-image-preview":"max-image-preview:large","max-video-preview":"max-video-preview:-1"},"canonical":"https:\/\/www.urlaubcornwall.de\/blog\/schoene-ferienhaus-inverness-mieten\/","og_locale":"en_US","og_type":"article","og_title":"Sch\u00f6ne Ferienhaus Inverness mieten - Urlaub &amp; Reisen","og_description":"Dieses Ferienhaus liegt am Ufer des herrlichen Flusses Ness im Zentrum der schottischen Hauptstadt Inverness. Dies ist der perfekte Ort f\u00fcr diejenigen, die ohne Auto reisen m\u00f6chten, da der Flughafen Inverness, der Busbahnhof und der Bahnhof leicht zu erreichen sind. Die Fischer werden sich am Lachsfluss und dem Forellenangeln am wundersch\u00f6nen Fluss Ness erfreuen, der sich gegen\u00fcber dem Cottage befindet. Golfbegeisterte finden zahlreiche Golfpl\u00e4tze in der N\u00e4he, darunter Inverness, Loch Ness, Schloss Stuart, Fort Augustus, Aigas und Boat of Garten.","og_url":"https:\/\/www.urlaubcornwall.de\/blog\/schoene-ferienhaus-inverness-mieten\/","og_site_name":"Urlaub &amp; Reisen","article_modified_time":"2021-09-17T12:51:23+00:00","og_image":[{"url":"https:\/\/www.urlaubcornwall.de\/blog\/wp-content\/uploads\/2018\/04\/ferienhaus-inverness.jpg"}],"twitter_card":"summary","twitter_misc":{"Est. reading time":"1 minute"},"schema":{"@context":"https:\/\/schema.org","@graph":[{"@type":"WebSite","@id":"https:\/\/www.urlaubcornwall.de\/blog\/#website","url":"https:\/\/www.urlaubcornwall.de\/blog\/","name":"Urlaub &amp; Reisen","description":"Urlaub, Reisen, Cornwall und S\u00fcdengland: eine perfekte Kombination","potentialAction":[{"@type":"SearchAction","target":{"@type":"EntryPoint","urlTemplate":"https:\/\/www.urlaubcornwall.de\/blog\/?s={search_term_string}"},"query-input":"required name=search_term_string"}],"inLanguage":"en-US"},{"@type":"WebPage","@id":"https:\/\/www.urlaubcornwall.de\/blog\/schoene-ferienhaus-inverness-mieten\/","url":"https:\/\/www.urlaubcornwall.de\/blog\/schoene-ferienhaus-inverness-mieten\/","name":"Sch\u00f6ne Ferienhaus Inverness mieten - Urlaub &amp; Reisen","isPartOf":{"@id":"https:\/\/www.urlaubcornwall.de\/blog\/#website"},"datePublished":"2018-04-03T14:24:29+00:00","dateModified":"2021-09-17T12:51:23+00:00","description":"Dieses Ferienhaus liegt am Ufer des herrlichen Flusses Ness im Zentrum der schottischen Hauptstadt Inverness. Dies ist der perfekte Ort f\u00fcr diejenigen, die ohne Auto reisen m\u00f6chten, da der Flughafen Inverness, der Busbahnhof und der Bahnhof leicht zu erreichen sind. Die Fischer werden sich am Lachsfluss und dem Forellenangeln am wundersch\u00f6nen Fluss Ness erfreuen, der sich gegen\u00fcber dem Cottage befindet. Golfbegeisterte finden zahlreiche Golfpl\u00e4tze in der N\u00e4he, darunter Inverness, Loch Ness, Schloss Stuart, Fort Augustus, Aigas und Boat of Garten.","breadcrumb":{"@id":"https:\/\/www.urlaubcornwall.de\/blog\/schoene-ferienhaus-inverness-mieten\/#breadcrumb"},"inLanguage":"en-US","potentialAction":[{"@type":"ReadAction","target":["https:\/\/www.urlaubcornwall.de\/blog\/schoene-ferienhaus-inverness-mieten\/"]}]},{"@type":"BreadcrumbList","@id":"https:\/\/www.urlaubcornwall.de\/blog\/schoene-ferienhaus-inverness-mieten\/#breadcrumb","itemListElement":[{"@type":"ListItem","position":1,"name":"Home","item":"https:\/\/www.urlaubcornwall.de\/blog\/"},{"@type":"ListItem","position":2,"name":"Sch\u00f6ne Ferienhaus Inverness mieten"}]}]}},"_links":{"self":[{"href":"https:\/\/www.urlaubcornwall.de\/blog\/wp-json\/wp\/v2\/pages\/33452"}],"collection":[{"href":"https:\/\/www.urlaubcornwall.de\/blog\/wp-json\/wp\/v2\/pages"}],"about":[{"href":"https:\/\/www.urlaubcornwall.de\/blog\/wp-json\/wp\/v2\/types\/page"}],"author":[{"embeddable":true,"href":"https:\/\/www.urlaubcornwall.de\/blog\/wp-json\/wp\/v2\/users\/1"}],"replies":[{"embeddable":true,"href":"https:\/\/www.urlaubcornwall.de\/blog\/wp-json\/wp\/v2\/comments?post=33452"}],"version-history":[{"count":4,"href":"https:\/\/www.urlaubcornwall.de\/blog\/wp-json\/wp\/v2\/pages\/33452\/revisions"}],"predecessor-version":[{"id":42925,"href":"https:\/\/www.urlaubcornwall.de\/blog\/wp-json\/wp\/v2\/pages\/33452\/revisions\/42925"}],"wp:attachment":[{"href":"https:\/\/www.urlaubcornwall.de\/blog\/wp-json\/wp\/v2\/media?parent=33452"}],"curies":[{"name":"wp","href":"https:\/\/api.w.org\/{rel}","templated":true}]}}