{"id":33420,"date":"2018-03-29T09:47:36","date_gmt":"2018-03-29T09:47:36","guid":{"rendered":"https:\/\/www.urlaubcornwall.de\/blog\/?page_id=33420"},"modified":"2024-04-16T08:32:36","modified_gmt":"2024-04-16T08:32:36","slug":"hotel-angebote-in-bath-finden-und-buchung-sie-die-besten-hotels","status":"publish","type":"page","link":"https:\/\/www.urlaubcornwall.de\/blog\/hotel-angebote-in-bath-finden-und-buchung-sie-die-besten-hotels\/","title":{"rendered":"Hotel Angebote in Bath &#8211; Finden und buchung Sie die besten Hotels."},"content":{"rendered":"<p><img loading=\"lazy\" class=\"aligncenter size-full wp-image-20068\" src=\"https:\/\/www.urlaubcornwall.de\/blog\/wp-content\/uploads\/2013\/03\/Bath1.jpg\" alt=\"Hotel Angebote in Bath\" width=\"748\" height=\"393\"\/><\/p>\n<p><strong><a href=\"http:\/\/www.booking.com\/searchresults.html?city=-2589418&amp;nflt=ht_id%253D204&amp;aid=1320750&amp;no_rooms=1&amp;group_adults=2&amp;room1=A%2CA\" rel=\"nofollow\">Hotel Sonderangebote in Bath<\/a><\/strong> &#8211; Die Stadt Bath ist einzigartig und wurde wegen seiner Besonderheit als eine Weltkulturerbestadt anerkannt. Die r\u00f6mischen B\u00e4der \u00fcber den einzigartigen nat\u00fcrlichen hei\u00dfen Quellen unter der Stadt ziehen schon seit Urzeiten Besucher an und sind auch heute noch ein Muss bei jedem Bath-Besuch.<br \/>\n<ins class=\"bookingaff\" data-aid=\"1702033\" data-target_aid=\"1702033\" data-prod=\"map\" data-width=\"100%\" data-height=\"590\" data-lang=\"ualng\" data-dest_id=\"0\" data-dest_type=\"landmark\" data-latitude=\"51.3810641\" data-longitude=\"-2.3590167\" data-landmark_name=\"Hotels und B&amp;Bs in Bath\" data-mwhsb=\"1\"><br \/>\n    <!-- Anything inside will go away once widget is loaded. --><br \/>\n        <a href=\"\/\/www.booking.com?aid=1702033\" rel=\"nofollow\">Booking.com<\/a><br \/>\n<\/ins><br \/>\n<script type=\"text\/javascript\">\n    (function(d, sc, u) {\n      var s = d.createElement(sc), p = d.getElementsByTagName(sc)[0];\n      s.type = 'text\/javascript';\n      s.async = true;\n      s.src = u + '?v=' + (+new Date());\n      p.parentNode.insertBefore(s,p);\n      })(document, 'script', '\/\/aff.bstatic.com\/static\/affiliate_base\/js\/flexiproduct.js');\n<\/script><\/p>\n<h2><a href=\"https:\/\/www.booking.com\/hotel\/gb\/the-gainsborough-bath-spa-bath.html?aid=1320750&amp;no_rooms=1&amp;group_adults=2&amp;room1=A%2CA\" rel=\"nofollow\"><span style=\"text-decoration: underline;\"><strong> Gainsborough Bath Spa \u2013 Luxus 5 Sterne Hotel<\/strong><\/span><\/a><\/h2>\n<p>Das Gainsborough Bath Spa, Teil der Gruppe YTL Hotels, bietet Ihnen eine 5-Sterne-Unterkunft in Bath. Freuen Sie sich auf einen nat\u00fcrlich beheizten Thermalpool, ein Restaurant und eine Bar. An der Unterkunft stehen begrenzte Privatparkpl\u00e4tze mit Parkservice gegen Aufpreis zur Verf\u00fcgung&#8230;&#8230;..<a href=\"https:\/\/www.booking.com\/hotel\/gb\/the-gainsborough-bath-spa-bath.html?aid=1320750&amp;no_rooms=1&amp;group_adults=2&amp;room1=A%2CA\" rel=\"nofollow\">[Mehr]<\/a><\/p>\n<h2><a href=\"https:\/\/www.booking.com\/hotel\/gb\/bathspahotel.html?aid=1320750&amp;no_rooms=1&amp;group_adults=2&amp;room1=A%2CA\" rel=\"nofollow\"><span style=\"text-decoration: underline;\"><strong> Macdonald Bath Spa Hotel \u2013 Luxus 5 Sterne Wellness Hotel<\/strong><\/span><\/a><\/h2>\n<p>In herrlicher Lage in einem Park erwartet Sie das Macdonald Bath Spa Hotel. Freuen Sie sich auf den luxuri\u00f6sen Wellnessbereich und ein preisgekr\u00f6ntes Restaurant. Die Abteikirche von Bath liegt 10 Gehminuten vom Hotel entfernt&#8230;&#8230;&#8230;..<a href=\"https:\/\/www.booking.com\/hotel\/gb\/bathspahotel.html?aid=1320750&amp;no_rooms=1&amp;group_adults=2&amp;room1=A%2CA\" rel=\"nofollow\">[Mehr]<\/a><\/p>\n<h2><a href=\"https:\/\/www.booking.com\/hotel\/gb\/the-bath-priory.html?aid=1320750&amp;no_rooms=1&amp;group_adults=2&amp;room1=A%2CA\" rel=\"nofollow\"><span style=\"text-decoration: underline;\"><strong> Bath Priory Hotel &amp; Spa \u2013 Luxus Landhaus-Hotel<\/strong><\/span><\/a><\/h2>\n<p>The Bath Priory Hotel begr\u00fc\u00dft Sie in einem luxuri\u00f6sen Landhaus inmitten eines 2 Hektar gro\u00dfen wundersch\u00f6nen Gel\u00e4ndes. Freuen Sie sich auf ein luxuri\u00f6ses Spa und ein renommiertes Restaurant. Das Hotel liegt 3 km von der Abteikirche Bath entfernt&#8230;&#8230;&#8230;.<a href=\"https:\/\/www.booking.com\/hotel\/gb\/the-bath-priory.html?aid=1320750&amp;no_rooms=1&amp;group_adults=2&amp;room1=A%2CA\" rel=\"nofollow\">[Mehr]<\/a><\/p>\n<h2><a href=\"https:\/\/www.booking.com\/hotel\/gb\/thefrancis.html?aid=1320750&amp;no_rooms=1&amp;group_adults=2&amp;room1=A%2CA\" rel=\"nofollow\"><span style=\"text-decoration: underline;\"><strong> Francis Hotel Bath &#8211; 4 Sterne Hotel<\/strong><\/span><\/a><\/h2>\n<p>Das Francis Hotel Bath &#8211; MGallery by Sofitel wurde f\u00fcr GBP 6 Millionen saniert und erstrahlt wieder in seinem urspr\u00fcnglichen Glanz. Dieses Stadthaus-Hotel im Regency-Stil im Herzen der historischen Stadt Bath bietet individuell gestaltete Zimmer, viele davon mit einem Himmelbett und Stadtblick&#8230;&#8230;&#8230;<a href=\"https:\/\/www.booking.com\/hotel\/gb\/the-bull-dorset.de.html?aid=1320750&amp;no_rooms=1&amp;group_adults=2&amp;room1=A%2CA\" rel=\"nofollow\">[Mehr]<\/a><\/p>\n<h2><a href=\"https:\/\/www.booking.com\/hotel\/gb\/apex-city-of-bath.html?aid=1320750&amp;no_rooms=1&amp;group_adults=2&amp;room1=A%2CA\" rel=\"nofollow\"><span style=\"text-decoration: underline;\"><strong> Apex City of Bath Hotel \u2013 moderne 4 Sterne<\/strong><\/span><\/a><\/h2>\n<p>Das Apex City of Bath Hotel befindet sich an der Ecke James Street West im Stadtzentrum von Bath, 5 Gehminuten vom Thermae Bath Spa und 700 m vom Bahnhof Bath Spa entfernt&#8230;&#8230;&#8230;.<a href=\"https:\/\/www.booking.com\/hotel\/gb\/apex-city-of-bath.html?aid=1320750&amp;no_rooms=1&amp;group_adults=2&amp;room1=A%2CA\" rel=\"nofollow\">[Mehr]<\/a><\/p>\n<h2><a href=\"https:\/\/www.booking.com\/hotel\/gb\/bailbrookhouse.html?aid=1320750&amp;no_rooms=1&amp;group_adults=2&amp;room1=A%2CA\" rel=\"nofollow\"><span style=\"text-decoration: underline;\"><strong> Bailbrook House Hotel \u2013 4 Sterne<\/strong><\/span><\/a><\/h2>\n<p>Das denkmalgesch\u00fctzte Bailbrook House empf\u00e4ngt Sie auf einem 8 ha gro\u00dfen Privatgrundst\u00fcck mit herrlicher Aussicht in Richtung des Zentrums von Bath und \u00fcber die Landschaft&#8230;&#8230;..<a href=\"https:\/\/www.booking.com\/hotel\/gb\/bailbrookhouse.html?aid=1320750&amp;no_rooms=1&amp;group_adults=2&amp;room1=A%2CA\" rel=\"nofollow\">[Mehr]<\/a><\/p>\n<h2><a href=\"https:\/\/www.booking.com\/hotel\/gb\/homewood-park.html?aid=1320750&amp;no_rooms=1&amp;group_adults=2&amp;room1=A%2CA\" rel=\"nofollow\"><span style=\"text-decoration: underline;\"><strong> Homewood Park Hotel &amp; Spa \u2013 Landhaushotel in Bath<\/strong><\/span><\/a><\/h2>\n<p><span id=\"result_box\" class=\"\" lang=\"de\"><span class=\"\">Dieses georgische Refugium bietet friedliche Abgeschiedenheit, preisgekr\u00f6nte K\u00fcche und luxuri\u00f6se Entspannung, alles inmitten einer Parklandschaft und wundersch\u00f6nen G\u00e4rten in der N\u00e4he von Bath.<\/span><\/span>&#8230;&#8230;..<a href=\"https:\/\/www.booking.com\/hotel\/gb\/homewood-park.html?aid=1320750&amp;no_rooms=1&amp;group_adults=2&amp;room1=A%2CA\" rel=\"nofollow\">[Mehr]<\/a><\/p>\n<h2><a href=\"https:\/\/www.booking.com\/hotel\/gb\/royalhotelbath.html?aid=1320750&amp;no_rooms=1&amp;group_adults=2&amp;room1=A%2CA\" rel=\"nofollow\"><span style=\"text-decoration: underline;\"><strong> Royal Hotel \u2013 3 Sterne&nbsp;<span id=\"result_box\" class=\"short_text\" lang=\"de\"><span class=\"\">Zentrum Bath<\/span><\/span><\/strong><\/span><\/a><\/h2>\n<p>Gegen\u00fcber dem Bahnhof Bath Spa bietet dieses Hotel im georgianischen Stil gehobene K\u00fcche und kostenfreies WLAN. Erwartet Sie in ausgezeichneter Lage in der N\u00e4he von Gesch\u00e4ften und etwa 650 m von den r\u00f6mischen B\u00e4dern entfernt&#8230;&#8230;..<a href=\"https:\/\/www.booking.com\/hotel\/gb\/royalhotelbath.html?aid=1320750&amp;no_rooms=1&amp;group_adults=2&amp;room1=A%2CA\" rel=\"nofollow\">[Mehr]<\/a><\/p>\n<h2><a href=\" https:\/\/www.booking.com\/hotel\/gb\/lansdown-grove.html?aid=1320750&amp;no_rooms=1&amp;group_adults=2&amp;room1=A%2CA \" rel=\"nofollow\"><span style=\"text-decoration: underline;\"><strong> Lansdown Grove Hotel &#8211; 3 Sterne <\/strong><\/span><\/a><\/h2>\n<p>Mit kostenfreiem WLAN und Zimmern mit eigenem Bad erwartet Sie dieses gut erhaltene, aus Stein erbaute Geb\u00e4ude im georgianischen Stil aus dem Jahre 1770. Es gilt als eines der \u00e4ltesten Hotels in Bath&#8230;&#8230;&#8230;.<a href=\" https:\/\/www.booking.com\/hotel\/gb\/lansdown-grove.html?aid=1320750&amp;no_rooms=1&amp;group_adults=2&amp;room1=A%2CA \" rel=\"nofollow\">[Mehr]<\/a><\/p>\n<h2><a href=\"https:\/\/www.booking.com\/hotel\/gb\/express-bath.html?aid=1320750&amp;no_rooms=1&amp;group_adults=2&amp;room1=A%2CA\" rel=\"nofollow\"><span style=\"text-decoration: underline;\"><strong> Holiday Inn Express \u2013 3 Sterne<\/strong><\/span><\/a><\/h2>\n<p>Das Holiday Inn Express Bath empf\u00e4ngt Sie in Bath, 10 Gehminuten von der herrlichen Innenstadt aus der R\u00f6merzeit entfernt. Sie wohnen in der einzigen Stadt Englands, die zum UNESCO-Weltkulturerbe geh\u00f6rt&#8230;&#8230;&#8230;.<a href=\"https:\/\/www.booking.com\/hotel\/gb\/express-bath.html?aid=1320750&amp;no_rooms=1&amp;group_adults=2&amp;room1=A%2CA\" rel=\"nofollow\">[Mehr]<\/a><\/p>\n<h2><a href=\"https:\/\/www.booking.com\/hotel\/gb\/wentworthhouse.html?aid=1320750&amp;no_rooms=1&amp;group_adults=2&amp;room1=A%2CA\" rel=\"nofollow\"><span style=\"text-decoration: underline;\"><strong> Wentworth House &#8211; G\u00fcnstig Hotel<\/strong><\/span><\/a><\/h2>\n<p><span id=\"result_box\" class=\"\" lang=\"de\"><span class=\"\">Das Wentworth House befindet sich auf einem knapp 5 Hektar gro\u00dfen Gel\u00e4nde, nur 15 Gehminuten vom Stadtzentrum von Bath entfernt.<\/span> <span class=\"\">Es bietet kostenlose Parkpl\u00e4tze, einen saisonalen, beheizten Au\u00dfenpool mit Blick \u00fcber das Tal<\/span><\/span>&#8230;&#8230;&#8230;<a href=\"https:\/\/www.booking.com\/hotel\/gb\/wentworthhouse.html?aid=1320750&amp;no_rooms=1&amp;group_adults=2&amp;room1=A%2CA\" rel=\"nofollow\">[Mehr]<\/a><\/p>\n<h1><strong>Bei uns finden Sie Ferienh\u00e4user zum Verlieben \u2013 so einfach ist das!<\/strong><\/h1>\n<div class=\"snippet\"> <a class=\"featured-item\" href=\"https:\/\/www.urlaubcornwall.de\/ferienhaeuser.php\"> <span class=\"image-holder\" style=\"background-image: url(' https:\/\/www.urlaubcornwall.de\/blog\/wp-content\/uploads\/2018\/12\/ferienhaus-cornwall-mit-hund.jpg ');\"><\/span> <span class=\"featured-content\"> \n<h2 class=\"featured-title\">Ferienh\u00e4user in England, Schottland &#038; Wales<\/h2>\n<p class=\"featured-body\">Bei uns finden Sie Ferienh\u00e4user in Gro\u00dfbritannien zum Verlieben; so einfach ist das! UrlaubCornwall.de hat eine einzigartige Sammlung pers\u00f6nlich inspizierter Ferienh\u00e4user und Ferienwohnungen&#8230;.<\/p><\/span> <span class=\"featured-link-holder\"> <span class=\"featured-extra-info\"> \n<p>F\u00fcr Paare, Familien &#038; Gruppen<\/p>\n<\/span> \n<p class=\"featured-link\">DETAILS<\/p>\n<\/span> <\/a><\/div>\n<div class=\"snippet\"> <a class=\"featured-item\" href=\" https:\/\/www.urlaubcornwall.de\/rundreisen\/grossbritannien.php\"> <span class=\"image-holder\" style=\"background-image: url(' https:\/\/www.urlaubcornwall.de\/blog\/wp-content\/uploads\/2018\/11\/rundreise-cornwall.jpg ');\"><\/span> <span class=\"featured-content\"> \n<h2 class=\"featured-title\">Individuelle Rundreise in Gro\u00dfbritannien<\/h2>\n<p class=\"featured-body\">Mit Sitz im Vereinten K\u00f6nigreich und einer Reiseleidenschaft haben wir uns darin spezialisiert, individuelle Rundreisen f\u00fcr Paare, Familien oder Gruppen zusammenzustellen&#8230;.<\/p>\n<\/span> <span class=\"featured-link-holder\"> <span class=\"featured-extra-info\"> \n<p>Urlaub im eigenen Schritttempo<\/p>\n<\/span> \n<p class=\"featured-link\">DETAILS<\/p>\n<\/span> <\/a><\/div>\n<p>.<\/p>\n","protected":false},"excerpt":{"rendered":"<p>Hotel Sonderangebote in Bath &#8211; Die Stadt Bath ist einzigartig und wurde wegen seiner Besonderheit als eine Weltkulturerbestadt anerkannt. Die r\u00f6mischen B\u00e4der \u00fcber den einzigartigen nat\u00fcrlichen hei\u00dfen Quellen unter der Stadt ziehen schon seit Urzeiten Besucher an und sind auch heute noch ein Muss bei jedem Bath-Besuch. Booking.com Gainsborough Bath Spa \u2013 Luxus 5 Sterne [&hellip;]<\/p>\n","protected":false},"author":1,"featured_media":0,"parent":0,"menu_order":0,"comment_status":"closed","ping_status":"closed","template":"single-four.php","meta":[],"acf":[],"yoast_head":"<!-- This site is optimized with the Yoast SEO plugin v19.4 - https:\/\/yoast.com\/wordpress\/plugins\/seo\/ -->\n<title>Hotel Angebote in Bath - Finden und buchung Sie die besten Hotels. - Urlaub &amp; Reisen<\/title>\n<meta name=\"robots\" content=\"index, follow, max-snippet:-1, max-image-preview:large, max-video-preview:-1\" \/>\n<link rel=\"canonical\" href=\"https:\/\/www.urlaubcornwall.de\/blog\/hotel-angebote-in-bath-finden-und-buchung-sie-die-besten-hotels\/\" \/>\n<meta property=\"og:locale\" content=\"en_US\" \/>\n<meta property=\"og:type\" content=\"article\" \/>\n<meta property=\"og:title\" content=\"Hotel Angebote in Bath - Finden und buchung Sie die besten Hotels. - Urlaub &amp; Reisen\" \/>\n<meta property=\"og:description\" content=\"Hotel Sonderangebote in Bath &#8211; Die Stadt Bath ist einzigartig und wurde wegen seiner Besonderheit als eine Weltkulturerbestadt anerkannt. Die r\u00f6mischen B\u00e4der \u00fcber den einzigartigen nat\u00fcrlichen hei\u00dfen Quellen unter der Stadt ziehen schon seit Urzeiten Besucher an und sind auch heute noch ein Muss bei jedem Bath-Besuch. Booking.com Gainsborough Bath Spa \u2013 Luxus 5 Sterne [&hellip;]\" \/>\n<meta property=\"og:url\" content=\"https:\/\/www.urlaubcornwall.de\/blog\/hotel-angebote-in-bath-finden-und-buchung-sie-die-besten-hotels\/\" \/>\n<meta property=\"og:site_name\" content=\"Urlaub &amp; Reisen\" \/>\n<meta property=\"article:modified_time\" content=\"2024-04-16T08:32:36+00:00\" \/>\n<meta property=\"og:image\" content=\"https:\/\/www.urlaubcornwall.de\/blog\/wp-content\/uploads\/2013\/03\/Bath1.jpg\" \/>\n<meta name=\"twitter:card\" content=\"summary\" \/>\n<meta name=\"twitter:label1\" content=\"Est. reading time\" \/>\n\t<meta name=\"twitter:data1\" content=\"3 minutes\" \/>\n<script type=\"application\/ld+json\" class=\"yoast-schema-graph\">{\"@context\":\"https:\/\/schema.org\",\"@graph\":[{\"@type\":\"WebSite\",\"@id\":\"https:\/\/www.urlaubcornwall.de\/blog\/#website\",\"url\":\"https:\/\/www.urlaubcornwall.de\/blog\/\",\"name\":\"Urlaub &amp; Reisen\",\"description\":\"Urlaub, Reisen, Cornwall und S\u00fcdengland: eine perfekte Kombination\",\"potentialAction\":[{\"@type\":\"SearchAction\",\"target\":{\"@type\":\"EntryPoint\",\"urlTemplate\":\"https:\/\/www.urlaubcornwall.de\/blog\/?s={search_term_string}\"},\"query-input\":\"required name=search_term_string\"}],\"inLanguage\":\"en-US\"},{\"@type\":\"WebPage\",\"@id\":\"https:\/\/www.urlaubcornwall.de\/blog\/hotel-angebote-in-bath-finden-und-buchung-sie-die-besten-hotels\/\",\"url\":\"https:\/\/www.urlaubcornwall.de\/blog\/hotel-angebote-in-bath-finden-und-buchung-sie-die-besten-hotels\/\",\"name\":\"Hotel Angebote in Bath - Finden und buchung Sie die besten Hotels. - Urlaub &amp; Reisen\",\"isPartOf\":{\"@id\":\"https:\/\/www.urlaubcornwall.de\/blog\/#website\"},\"datePublished\":\"2018-03-29T09:47:36+00:00\",\"dateModified\":\"2024-04-16T08:32:36+00:00\",\"breadcrumb\":{\"@id\":\"https:\/\/www.urlaubcornwall.de\/blog\/hotel-angebote-in-bath-finden-und-buchung-sie-die-besten-hotels\/#breadcrumb\"},\"inLanguage\":\"en-US\",\"potentialAction\":[{\"@type\":\"ReadAction\",\"target\":[\"https:\/\/www.urlaubcornwall.de\/blog\/hotel-angebote-in-bath-finden-und-buchung-sie-die-besten-hotels\/\"]}]},{\"@type\":\"BreadcrumbList\",\"@id\":\"https:\/\/www.urlaubcornwall.de\/blog\/hotel-angebote-in-bath-finden-und-buchung-sie-die-besten-hotels\/#breadcrumb\",\"itemListElement\":[{\"@type\":\"ListItem\",\"position\":1,\"name\":\"Home\",\"item\":\"https:\/\/www.urlaubcornwall.de\/blog\/\"},{\"@type\":\"ListItem\",\"position\":2,\"name\":\"Hotel Angebote in Bath &#8211; Finden und buchung Sie die besten Hotels.\"}]}]}<\/script>\n<!-- \/ Yoast SEO plugin. -->","yoast_head_json":{"title":"Hotel Angebote in Bath - Finden und buchung Sie die besten Hotels. - Urlaub &amp; Reisen","robots":{"index":"index","follow":"follow","max-snippet":"max-snippet:-1","max-image-preview":"max-image-preview:large","max-video-preview":"max-video-preview:-1"},"canonical":"https:\/\/www.urlaubcornwall.de\/blog\/hotel-angebote-in-bath-finden-und-buchung-sie-die-besten-hotels\/","og_locale":"en_US","og_type":"article","og_title":"Hotel Angebote in Bath - Finden und buchung Sie die besten Hotels. - Urlaub &amp; Reisen","og_description":"Hotel Sonderangebote in Bath &#8211; Die Stadt Bath ist einzigartig und wurde wegen seiner Besonderheit als eine Weltkulturerbestadt anerkannt. Die r\u00f6mischen B\u00e4der \u00fcber den einzigartigen nat\u00fcrlichen hei\u00dfen Quellen unter der Stadt ziehen schon seit Urzeiten Besucher an und sind auch heute noch ein Muss bei jedem Bath-Besuch. Booking.com Gainsborough Bath Spa \u2013 Luxus 5 Sterne [&hellip;]","og_url":"https:\/\/www.urlaubcornwall.de\/blog\/hotel-angebote-in-bath-finden-und-buchung-sie-die-besten-hotels\/","og_site_name":"Urlaub &amp; Reisen","article_modified_time":"2024-04-16T08:32:36+00:00","og_image":[{"url":"https:\/\/www.urlaubcornwall.de\/blog\/wp-content\/uploads\/2013\/03\/Bath1.jpg"}],"twitter_card":"summary","twitter_misc":{"Est. reading time":"3 minutes"},"schema":{"@context":"https:\/\/schema.org","@graph":[{"@type":"WebSite","@id":"https:\/\/www.urlaubcornwall.de\/blog\/#website","url":"https:\/\/www.urlaubcornwall.de\/blog\/","name":"Urlaub &amp; Reisen","description":"Urlaub, Reisen, Cornwall und S\u00fcdengland: eine perfekte Kombination","potentialAction":[{"@type":"SearchAction","target":{"@type":"EntryPoint","urlTemplate":"https:\/\/www.urlaubcornwall.de\/blog\/?s={search_term_string}"},"query-input":"required name=search_term_string"}],"inLanguage":"en-US"},{"@type":"WebPage","@id":"https:\/\/www.urlaubcornwall.de\/blog\/hotel-angebote-in-bath-finden-und-buchung-sie-die-besten-hotels\/","url":"https:\/\/www.urlaubcornwall.de\/blog\/hotel-angebote-in-bath-finden-und-buchung-sie-die-besten-hotels\/","name":"Hotel Angebote in Bath - Finden und buchung Sie die besten Hotels. - Urlaub &amp; Reisen","isPartOf":{"@id":"https:\/\/www.urlaubcornwall.de\/blog\/#website"},"datePublished":"2018-03-29T09:47:36+00:00","dateModified":"2024-04-16T08:32:36+00:00","breadcrumb":{"@id":"https:\/\/www.urlaubcornwall.de\/blog\/hotel-angebote-in-bath-finden-und-buchung-sie-die-besten-hotels\/#breadcrumb"},"inLanguage":"en-US","potentialAction":[{"@type":"ReadAction","target":["https:\/\/www.urlaubcornwall.de\/blog\/hotel-angebote-in-bath-finden-und-buchung-sie-die-besten-hotels\/"]}]},{"@type":"BreadcrumbList","@id":"https:\/\/www.urlaubcornwall.de\/blog\/hotel-angebote-in-bath-finden-und-buchung-sie-die-besten-hotels\/#breadcrumb","itemListElement":[{"@type":"ListItem","position":1,"name":"Home","item":"https:\/\/www.urlaubcornwall.de\/blog\/"},{"@type":"ListItem","position":2,"name":"Hotel Angebote in Bath &#8211; Finden und buchung Sie die besten Hotels."}]}]}},"_links":{"self":[{"href":"https:\/\/www.urlaubcornwall.de\/blog\/wp-json\/wp\/v2\/pages\/33420"}],"collection":[{"href":"https:\/\/www.urlaubcornwall.de\/blog\/wp-json\/wp\/v2\/pages"}],"about":[{"href":"https:\/\/www.urlaubcornwall.de\/blog\/wp-json\/wp\/v2\/types\/page"}],"author":[{"embeddable":true,"href":"https:\/\/www.urlaubcornwall.de\/blog\/wp-json\/wp\/v2\/users\/1"}],"replies":[{"embeddable":true,"href":"https:\/\/www.urlaubcornwall.de\/blog\/wp-json\/wp\/v2\/comments?post=33420"}],"version-history":[{"count":6,"href":"https:\/\/www.urlaubcornwall.de\/blog\/wp-json\/wp\/v2\/pages\/33420\/revisions"}],"predecessor-version":[{"id":49792,"href":"https:\/\/www.urlaubcornwall.de\/blog\/wp-json\/wp\/v2\/pages\/33420\/revisions\/49792"}],"wp:attachment":[{"href":"https:\/\/www.urlaubcornwall.de\/blog\/wp-json\/wp\/v2\/media?parent=33420"}],"curies":[{"name":"wp","href":"https:\/\/api.w.org\/{rel}","templated":true}]}}