{"id":33416,"date":"2018-03-29T09:34:28","date_gmt":"2018-03-29T09:34:28","guid":{"rendered":"https:\/\/www.urlaubcornwall.de\/blog\/?page_id=33416"},"modified":"2024-04-12T12:18:46","modified_gmt":"2024-04-12T12:18:46","slug":"hotel-angebote-in-eastbourne-finden-und-buchung-sie-die-besten-hotels-in-sussex","status":"publish","type":"page","link":"https:\/\/www.urlaubcornwall.de\/blog\/hotel-angebote-in-eastbourne-finden-und-buchung-sie-die-besten-hotels-in-sussex\/","title":{"rendered":"Hotel Angebote in Eastbourne &#8211; Finden und buchung Sie die besten Hotels in Sussex."},"content":{"rendered":"<p><img loading=\"lazy\" class=\"aligncenter size-full wp-image-48002\" src=\"https:\/\/www.urlaubcornwall.de\/blog\/wp-content\/uploads\/2024\/03\/beachy-head.jpg\" alt=\"beachy head\" width=\"750\" height=\"500\" srcset=\"https:\/\/www.urlaubcornwall.de\/blog\/wp-content\/uploads\/2024\/03\/beachy-head.jpg 750w, https:\/\/www.urlaubcornwall.de\/blog\/wp-content\/uploads\/2024\/03\/beachy-head-300x200.jpg 300w\" sizes=\"(max-width: 750px) 100vw, 750px\" \/><\/p>\n<h1 style=\"text-align: left;\"><strong>Hotel Sonderangebote in Eastbourne <\/strong><\/h1>\n<p style=\"text-align: left;\">Eastbourne hat eine feine, nahezu 5km lange Promenade mit feinen viktorianischen Geb\u00e4uden entlang der Promenade. Die Stadt verdankt ihre Existenz dem 7. Herzog von Devonshire, der die Stadt in den 1850ern entwickelte. Es ist der zweitgr\u00f6\u00dfte Badeort von <a href=\"https:\/\/www.urlaubcornwall.de\/blog\/reiseziel-sussex\/\">Sussex<\/a> neben <a href=\"https:\/\/www.urlaubcornwall.de\/blog\/urlaub-in-brighton-sussex-sehenswuerdigkeiten-unterkunft-und-geschichte\/\">Brighton<\/a> und hat f\u00fcr Jedermann etwas zu bieten&#8230;&#8230;&#8230;&#8230;<a href=\"https:\/\/www.urlaubcornwall.de\/blog\/urlaub-in-eastbourne-sussex-sehenswuerdigkeiten-unterkunft-und-geschichte\/\">[Mehr<\/a>]<\/p>\n<p style=\"text-align: center;\"><a class=\"tidycta\" href=\"https:\/\/www.booking.com\/searchresults.html?city=-2595114&amp;nflt=ht_id%253D204&amp;aid=1320750&amp;no_rooms=1&amp;group_adults=2&amp;room1=A%2CA\" rel=\"nofollow\">Suche Hotels in Eastbourne<\/a><\/p>\n<h2><a href=\"https:\/\/www.booking.com\/hotel\/gb\/grandhotel.html?aid=1320750&amp;no_rooms=1&amp;group_adults=2&amp;room1=A%2CA\" rel=\"nofollow\"><span style=\"text-decoration: underline;\"><strong>The Grand Hotel am meer- 5 Sterne Luxushotel &amp; Spa<\/strong><\/span><\/a><\/h2>\n<p>Diese Unterkunft ist 9 Gehminuten vom Strand entfernt. Direkt am Strand der King Edward&#8217;s Parade liegt dieses gro\u00dfartige 5-Sterne-Hotel. Freuen Sie sich auf luxuri\u00f6se Unterk\u00fcnfte, 2 preisgekr\u00f6nte Restaurants und Innen- sowie Au\u00dfenpools&#8230;&#8230;&#8230;<a href=\"https:\/\/www.booking.com\/hotel\/gb\/grandhotel.html?aid=1320750&amp;no_rooms=1&amp;group_adults=2&amp;room1=A%2CA\" rel=\"nofollow\">[Mehr]<\/a><\/p>\n<h2><a href=\"https:\/\/www.booking.com\/hotel\/gb\/bookingsqualityhoteleastbourne.html?aid=1320750&amp;no_rooms=1&amp;group_adults=2&amp;room1=A%2CA\" rel=\"nofollow\"><span style=\"text-decoration: underline;\"><strong> Langham Hotel mit Meerblick \u2013 4 Sterne <\/strong><\/span><\/a><\/h2>\n<p>Diese Unterkunft ist 1 Gehminute vom Strand entfernt. Dieses komfortable Hotel mit Meerblick erwartet Sie mit einer abwechslungsreichen K\u00fcche und hilfsbereitem, freundlichen Personal an der K\u00fcste von Eastbourne&#8230;&#8230;&#8230;.<a href=\"https:\/\/www.booking.com\/hotel\/gb\/bookingsqualityhoteleastbourne.html?aid=1320750&amp;no_rooms=1&amp;group_adults=2&amp;room1=A%2CA\" rel=\"nofollow\">[Mehr]<\/a><\/p>\n<h2><a href=\"https:\/\/www.booking.com\/hotel\/gb\/hydrohotel.html?aid=1320750&amp;no_rooms=1&amp;group_adults=2&amp;room1=A%2CA\" rel=\"nofollow\"><span style=\"text-decoration: underline;\"><strong> Hydro Strandhotel \u2013 4 Sterne mit Meerblick<\/strong><\/span><\/a><\/h2>\n<p>Diese Unterkunft ist 3 Gehminuten vom Strand entfernt. Inmitten preisgekr\u00f6nter G\u00e4rten begr\u00fc\u00dft Sie das Hydro Hotel mit einem Au\u00dfenpool, einem eleganten Restaurant und herrlichem Meerblick. Sie wohnen hier nur wenige Schritte von der Eastbourne Seafront und nur 10 Gehminuten vom Eastbourne Pier entfernt&#8230;&#8230;&#8230;.<a href=\"https:\/\/www.booking.com\/hotel\/gb\/hydrohotel.html?aid=1320750&amp;no_rooms=1&amp;group_adults=2&amp;room1=A%2CA\" rel=\"nofollow\">[Mehr]<\/a><\/p>\n<h2><a href=\"https:\/\/www.booking.com\/hotel\/gb\/queens-eastbourne.html?aid=1320750&amp;no_rooms=1&amp;group_adults=2&amp;room1=A%2CA\" rel=\"nofollow\"><span style=\"text-decoration: underline;\"><strong> Queens Hotel \u2013 3 Sterne Strandnah<\/strong><\/span><\/a><\/h2>\n<p>Queens Hotel is located on Eastbourne\u2019s seafront and looking onto the pier. This Victorian seaside hotel features 2 restaurants, a sun lounge and a bar offering evening entertainment. Free limited on-site parking is available&#8230;&#8230;&#8230;<a href=\"https:\/\/www.booking.com\/hotel\/gb\/queens-eastbourne.html?aid=1320750&amp;no_rooms=1&amp;group_adults=2&amp;room1=A%2CA\" rel=\"nofollow\">[Mehr]<\/a><\/p>\n<h2><a href=\"https:\/\/www.booking.com\/hotel\/gb\/the-big-sleep-eastbourne.html?aid=1320750&amp;no_rooms=1&amp;group_adults=2&amp;room1=A%2CA\" rel=\"nofollow\"><span style=\"text-decoration: underline;\"><strong> The Big Sleep Hotel &#8211; 3* Hotel am Meer<\/strong><\/span><\/a><\/h2>\n<p>Diese Unterkunft ist 11 Gehminuten vom Strand entfernt. Das Big Sleep Hotel empf\u00e4ngt Sie mit modernen Unterk\u00fcnften an der Strandpromenade von Eastbourne, nur 400 m vom Stadtzentrum von Eastbourne entfernt. Einige Zimmer bieten Meerblick&#8230;&#8230;&#8230;.<a href=\"https:\/\/www.booking.com\/hotel\/gb\/the-big-sleep-eastbourne.html?aid=1320750&amp;no_rooms=1&amp;group_adults=2&amp;room1=A%2CA\" rel=\"nofollow\">[Mehr]<\/a><\/p>\n<h2><a href=\"https:\/\/www.booking.com\/hotel\/gb\/the-cumberland-hotel.html?aid=1320750&amp;no_rooms=1&amp;group_adults=2&amp;room1=A%2CA\" rel=\"nofollow\"><span style=\"text-decoration: underline;\"><strong> The Cumberland Hotel &#8211; G\u00fcnstig Hotel am Strand<\/strong><\/span><\/a><\/h2>\n<p>Diese Unterkunft ist 2 Gehminuten vom Strand entfernt. Das Cumberland liegt an der K\u00fcste von Eastbourne und erwartet Sie mit Blick auf die Promenade, den Musikpavillon und den Kanal. Ein kurzer Spaziergang bringt Sie zum Stadtzentrum, und vom gesamten Anwesen genie\u00dfen Sie Meerblick&#8230;&#8230;&#8230;.<a href=\"https:\/\/www.booking.com\/hotel\/gb\/the-cumberland-hotel.html?aid=1320750&amp;no_rooms=1&amp;group_adults=2&amp;room1=A%2CA\" rel=\"nofollow\">[Mehr]<\/a><\/p>\n<p style=\"text-align: center;\"><strong>St\u00e4dte in der N\u00e4he<\/strong><\/p>\n<p style=\"text-align: center;\"><a href=\"https:\/\/www.urlaubcornwall.de\/blog\/hotels-bognor-regis-mit-meerblick-28375-2\/\">Bognor Regis<\/a>, <a href=\"https:\/\/www.urlaubcornwall.de\/blog\/bei-uns-finden-sie-hotels-brighton-meer-zum-verlieben-einfach-ist-das\/\">Brighton<\/a>, <a href=\"https:\/\/www.urlaubcornwall.de\/blog\/hotels-chichester-zum-verlieben-einfach-ist-das\/\">Chichester<\/a>, <a href=\"https:\/\/www.urlaubcornwall.de\/blog\/bei-uns-finden-sie-hotels-hastings-mit-meerblick-zum-verlieben-einfach-ist-das\/\">Hastings<\/a>, <a href=\"https:\/\/www.urlaubcornwall.de\/blog\/bei-uns-finden-sie-schoensten-hotels-rye-zum-verlieben-einfach-ist-das\/\">Rye<\/a><\/p>\n<h1 style=\"text-align: center;\"><strong>Bei uns finden Sie Ferienh\u00e4user zum Verlieben \u2013 so einfach ist das!<\/strong><\/h1>\n<p style=\"text-align: center;\">UrlaubCornwall verf\u00fcgt Ferienh\u00e4user und Ferienwohnungen f\u00fcr Ihren <a href=\"https:\/\/www.urlaubcornwall.de\/reiseziel\/suedengland.php\">Urlaub in Sudengland<\/a>. Unterk\u00fcnfte der Spitzenklasse f\u00fcr 2 Personen, Familien und Gruppen mit 4, 6, 8, 10 oder 12 G\u00e4sten.<\/p>\n<p style=\"text-align: center;\"><a class=\"tidycta\" href=\"https:\/\/www.urlaubcornwall.de\/ferienhaeuser-fewos\/eng\/sussex\/eastbourne.html\">Suche Ferienh\u00e4user Eastbourne<\/a><\/p>\n<p style=\"text-align: center;\"><a href=\"http:\/\/www.urlaubcornwall.de\/\">UrlaubCornwall.de<\/a> ist ein in Cornwall ans\u00e4ssiges Unternehmen k\u00f6nnen wir uns mit 20 Jahren Erfahrung in der Organisation von Rundreisen durch <a href=\"https:\/\/www.urlaubcornwall.de\/reiseziel\/sussex.php\">Sussex<\/a>, S\u00fcdwest und S\u00fcdengland r\u00fchmen. Um Eastbourne und Sussex in Ihre Rundreise durch S\u00fcdengland mit einzugliedern, stellen Sie Ihre <a href=\"http:\/\/www.urlaubcornwall.de\/anfrage.php\">Anfrage<\/a> hier oder w\u00e4hlen Sie ein Ferienhaus aus unserer besten Auswahl <a href=\"https:\/\/www.urlaubcornwall.de\/ferienhaueser\/sussex.php\">handverlesener und inspizierter H\u00e4user<\/a> aus.<\/p>\n\n","protected":false},"excerpt":{"rendered":"<p>Hotel Sonderangebote in Eastbourne Eastbourne hat eine feine, nahezu 5km lange Promenade mit feinen viktorianischen Geb\u00e4uden entlang der Promenade. Die Stadt verdankt ihre Existenz dem 7. Herzog von Devonshire, der die Stadt in den 1850ern entwickelte. Es ist der zweitgr\u00f6\u00dfte Badeort von Sussex neben Brighton und hat f\u00fcr Jedermann etwas zu bieten&#8230;&#8230;&#8230;&#8230;[Mehr] Suche Hotels in [&hellip;]<\/p>\n","protected":false},"author":1,"featured_media":0,"parent":0,"menu_order":0,"comment_status":"closed","ping_status":"closed","template":"single-four.php","meta":[],"acf":[],"yoast_head":"<!-- This site is optimized with the Yoast SEO plugin v19.4 - https:\/\/yoast.com\/wordpress\/plugins\/seo\/ -->\n<title>Hotel Angebote in Eastbourne - Finden und buchung Sie die besten Hotels in Sussex. - Urlaub &amp; Reisen<\/title>\n<meta name=\"robots\" content=\"index, follow, max-snippet:-1, max-image-preview:large, max-video-preview:-1\" \/>\n<link rel=\"canonical\" href=\"https:\/\/www.urlaubcornwall.de\/blog\/hotel-angebote-in-eastbourne-finden-und-buchung-sie-die-besten-hotels-in-sussex\/\" \/>\n<meta property=\"og:locale\" content=\"en_US\" \/>\n<meta property=\"og:type\" content=\"article\" \/>\n<meta property=\"og:title\" content=\"Hotel Angebote in Eastbourne - Finden und buchung Sie die besten Hotels in Sussex. - Urlaub &amp; Reisen\" \/>\n<meta property=\"og:description\" content=\"Hotel Sonderangebote in Eastbourne Eastbourne hat eine feine, nahezu 5km lange Promenade mit feinen viktorianischen Geb\u00e4uden entlang der Promenade. Die Stadt verdankt ihre Existenz dem 7. Herzog von Devonshire, der die Stadt in den 1850ern entwickelte. Es ist der zweitgr\u00f6\u00dfte Badeort von Sussex neben Brighton und hat f\u00fcr Jedermann etwas zu bieten&#8230;&#8230;&#8230;&#8230;[Mehr] Suche Hotels in [&hellip;]\" \/>\n<meta property=\"og:url\" content=\"https:\/\/www.urlaubcornwall.de\/blog\/hotel-angebote-in-eastbourne-finden-und-buchung-sie-die-besten-hotels-in-sussex\/\" \/>\n<meta property=\"og:site_name\" content=\"Urlaub &amp; Reisen\" \/>\n<meta property=\"article:modified_time\" content=\"2024-04-12T12:18:46+00:00\" \/>\n<meta property=\"og:image\" content=\"https:\/\/www.urlaubcornwall.de\/blog\/wp-content\/uploads\/2024\/03\/beachy-head.jpg\" \/>\n<meta name=\"twitter:card\" content=\"summary\" \/>\n<meta name=\"twitter:label1\" content=\"Est. reading time\" \/>\n\t<meta name=\"twitter:data1\" content=\"3 minutes\" \/>\n<script type=\"application\/ld+json\" class=\"yoast-schema-graph\">{\"@context\":\"https:\/\/schema.org\",\"@graph\":[{\"@type\":\"WebSite\",\"@id\":\"https:\/\/www.urlaubcornwall.de\/blog\/#website\",\"url\":\"https:\/\/www.urlaubcornwall.de\/blog\/\",\"name\":\"Urlaub &amp; Reisen\",\"description\":\"Urlaub, Reisen, Cornwall und S\u00fcdengland: eine perfekte Kombination\",\"potentialAction\":[{\"@type\":\"SearchAction\",\"target\":{\"@type\":\"EntryPoint\",\"urlTemplate\":\"https:\/\/www.urlaubcornwall.de\/blog\/?s={search_term_string}\"},\"query-input\":\"required name=search_term_string\"}],\"inLanguage\":\"en-US\"},{\"@type\":\"WebPage\",\"@id\":\"https:\/\/www.urlaubcornwall.de\/blog\/hotel-angebote-in-eastbourne-finden-und-buchung-sie-die-besten-hotels-in-sussex\/\",\"url\":\"https:\/\/www.urlaubcornwall.de\/blog\/hotel-angebote-in-eastbourne-finden-und-buchung-sie-die-besten-hotels-in-sussex\/\",\"name\":\"Hotel Angebote in Eastbourne - Finden und buchung Sie die besten Hotels in Sussex. - Urlaub &amp; Reisen\",\"isPartOf\":{\"@id\":\"https:\/\/www.urlaubcornwall.de\/blog\/#website\"},\"datePublished\":\"2018-03-29T09:34:28+00:00\",\"dateModified\":\"2024-04-12T12:18:46+00:00\",\"breadcrumb\":{\"@id\":\"https:\/\/www.urlaubcornwall.de\/blog\/hotel-angebote-in-eastbourne-finden-und-buchung-sie-die-besten-hotels-in-sussex\/#breadcrumb\"},\"inLanguage\":\"en-US\",\"potentialAction\":[{\"@type\":\"ReadAction\",\"target\":[\"https:\/\/www.urlaubcornwall.de\/blog\/hotel-angebote-in-eastbourne-finden-und-buchung-sie-die-besten-hotels-in-sussex\/\"]}]},{\"@type\":\"BreadcrumbList\",\"@id\":\"https:\/\/www.urlaubcornwall.de\/blog\/hotel-angebote-in-eastbourne-finden-und-buchung-sie-die-besten-hotels-in-sussex\/#breadcrumb\",\"itemListElement\":[{\"@type\":\"ListItem\",\"position\":1,\"name\":\"Home\",\"item\":\"https:\/\/www.urlaubcornwall.de\/blog\/\"},{\"@type\":\"ListItem\",\"position\":2,\"name\":\"Hotel Angebote in Eastbourne &#8211; Finden und buchung Sie die besten Hotels in Sussex.\"}]}]}<\/script>\n<!-- \/ Yoast SEO plugin. -->","yoast_head_json":{"title":"Hotel Angebote in Eastbourne - Finden und buchung Sie die besten Hotels in Sussex. - Urlaub &amp; Reisen","robots":{"index":"index","follow":"follow","max-snippet":"max-snippet:-1","max-image-preview":"max-image-preview:large","max-video-preview":"max-video-preview:-1"},"canonical":"https:\/\/www.urlaubcornwall.de\/blog\/hotel-angebote-in-eastbourne-finden-und-buchung-sie-die-besten-hotels-in-sussex\/","og_locale":"en_US","og_type":"article","og_title":"Hotel Angebote in Eastbourne - Finden und buchung Sie die besten Hotels in Sussex. - Urlaub &amp; Reisen","og_description":"Hotel Sonderangebote in Eastbourne Eastbourne hat eine feine, nahezu 5km lange Promenade mit feinen viktorianischen Geb\u00e4uden entlang der Promenade. Die Stadt verdankt ihre Existenz dem 7. Herzog von Devonshire, der die Stadt in den 1850ern entwickelte. Es ist der zweitgr\u00f6\u00dfte Badeort von Sussex neben Brighton und hat f\u00fcr Jedermann etwas zu bieten&#8230;&#8230;&#8230;&#8230;[Mehr] Suche Hotels in [&hellip;]","og_url":"https:\/\/www.urlaubcornwall.de\/blog\/hotel-angebote-in-eastbourne-finden-und-buchung-sie-die-besten-hotels-in-sussex\/","og_site_name":"Urlaub &amp; Reisen","article_modified_time":"2024-04-12T12:18:46+00:00","og_image":[{"url":"https:\/\/www.urlaubcornwall.de\/blog\/wp-content\/uploads\/2024\/03\/beachy-head.jpg"}],"twitter_card":"summary","twitter_misc":{"Est. reading time":"3 minutes"},"schema":{"@context":"https:\/\/schema.org","@graph":[{"@type":"WebSite","@id":"https:\/\/www.urlaubcornwall.de\/blog\/#website","url":"https:\/\/www.urlaubcornwall.de\/blog\/","name":"Urlaub &amp; Reisen","description":"Urlaub, Reisen, Cornwall und S\u00fcdengland: eine perfekte Kombination","potentialAction":[{"@type":"SearchAction","target":{"@type":"EntryPoint","urlTemplate":"https:\/\/www.urlaubcornwall.de\/blog\/?s={search_term_string}"},"query-input":"required name=search_term_string"}],"inLanguage":"en-US"},{"@type":"WebPage","@id":"https:\/\/www.urlaubcornwall.de\/blog\/hotel-angebote-in-eastbourne-finden-und-buchung-sie-die-besten-hotels-in-sussex\/","url":"https:\/\/www.urlaubcornwall.de\/blog\/hotel-angebote-in-eastbourne-finden-und-buchung-sie-die-besten-hotels-in-sussex\/","name":"Hotel Angebote in Eastbourne - Finden und buchung Sie die besten Hotels in Sussex. - Urlaub &amp; Reisen","isPartOf":{"@id":"https:\/\/www.urlaubcornwall.de\/blog\/#website"},"datePublished":"2018-03-29T09:34:28+00:00","dateModified":"2024-04-12T12:18:46+00:00","breadcrumb":{"@id":"https:\/\/www.urlaubcornwall.de\/blog\/hotel-angebote-in-eastbourne-finden-und-buchung-sie-die-besten-hotels-in-sussex\/#breadcrumb"},"inLanguage":"en-US","potentialAction":[{"@type":"ReadAction","target":["https:\/\/www.urlaubcornwall.de\/blog\/hotel-angebote-in-eastbourne-finden-und-buchung-sie-die-besten-hotels-in-sussex\/"]}]},{"@type":"BreadcrumbList","@id":"https:\/\/www.urlaubcornwall.de\/blog\/hotel-angebote-in-eastbourne-finden-und-buchung-sie-die-besten-hotels-in-sussex\/#breadcrumb","itemListElement":[{"@type":"ListItem","position":1,"name":"Home","item":"https:\/\/www.urlaubcornwall.de\/blog\/"},{"@type":"ListItem","position":2,"name":"Hotel Angebote in Eastbourne &#8211; Finden und buchung Sie die besten Hotels in Sussex."}]}]}},"_links":{"self":[{"href":"https:\/\/www.urlaubcornwall.de\/blog\/wp-json\/wp\/v2\/pages\/33416"}],"collection":[{"href":"https:\/\/www.urlaubcornwall.de\/blog\/wp-json\/wp\/v2\/pages"}],"about":[{"href":"https:\/\/www.urlaubcornwall.de\/blog\/wp-json\/wp\/v2\/types\/page"}],"author":[{"embeddable":true,"href":"https:\/\/www.urlaubcornwall.de\/blog\/wp-json\/wp\/v2\/users\/1"}],"replies":[{"embeddable":true,"href":"https:\/\/www.urlaubcornwall.de\/blog\/wp-json\/wp\/v2\/comments?post=33416"}],"version-history":[{"count":3,"href":"https:\/\/www.urlaubcornwall.de\/blog\/wp-json\/wp\/v2\/pages\/33416\/revisions"}],"predecessor-version":[{"id":49317,"href":"https:\/\/www.urlaubcornwall.de\/blog\/wp-json\/wp\/v2\/pages\/33416\/revisions\/49317"}],"wp:attachment":[{"href":"https:\/\/www.urlaubcornwall.de\/blog\/wp-json\/wp\/v2\/media?parent=33416"}],"curies":[{"name":"wp","href":"https:\/\/api.w.org\/{rel}","templated":true}]}}