{"id":33407,"date":"2018-03-29T08:55:18","date_gmt":"2018-03-29T08:55:18","guid":{"rendered":"https:\/\/www.urlaubcornwall.de\/blog\/?page_id=33407"},"modified":"2024-05-28T13:56:43","modified_gmt":"2024-05-28T13:56:43","slug":"hotel-angebote-in-oxford-finden-und-buchung-sie-die-besten-hotels","status":"publish","type":"page","link":"https:\/\/www.urlaubcornwall.de\/blog\/hotel-angebote-in-oxford-finden-und-buchung-sie-die-besten-hotels\/","title":{"rendered":"Hotel Angebote in Oxford &#8211; Finden und buchung Sie die besten Hotels."},"content":{"rendered":"<p><a href=\"https:\/\/www.urlaubcornwall.de\/blog\/wp-content\/uploads\/2024\/03\/oxford.jpg\"><img loading=\"lazy\" src=\"https:\/\/www.urlaubcornwall.de\/blog\/wp-content\/uploads\/2024\/03\/oxford.jpg\" alt=\"oxford\" width=\"750\" height=\"431\" class=\"alignnone size-full wp-image-47819\" srcset=\"https:\/\/www.urlaubcornwall.de\/blog\/wp-content\/uploads\/2024\/03\/oxford.jpg 750w, https:\/\/www.urlaubcornwall.de\/blog\/wp-content\/uploads\/2024\/03\/oxford-300x172.jpg 300w\" sizes=\"(max-width: 750px) 100vw, 750px\" \/><\/a><\/p>\n<p><strong>Hotel Sonderangebote in Oxford &#8211; <\/strong>Die Stadt Oxford wird dominiert von ihrer Universit\u00e4t; die Universit\u00e4t Oxford soll eine der besten der Welt sein und die \u00e4lteste in der englischsprachigen Welt. Die Universit\u00e4t wird erstmals erw\u00e4hnt in Aufzeichnungen des 12. Jahrhunderts, und heute besteht die Oxford Universit\u00e4t aus mehr als 40 Colleges in der ganzen Stadt. Einige der Geb\u00e4ude sind historisch und herrlich, wie die Bodleian Bibliothek aus dem 16.<\/p>\n<p style=\"text-align: center;\"><a class=\"tidycta\" href=\"https:\/\/www.booking.com\/searchresults.html?city=-2604911&amp;aid=1320750&amp;no_rooms=1&amp;group_adults=2&amp;room1=A%2CA\" rel=\"nofollow\">Suche Hotels in Oxford<\/a><\/p>\n<h2><a href=\"https:\/\/www.booking.com\/hotel\/gb\/randolph-hotel.html?aid=1320750&amp;no_rooms=1&amp;group_adults=2&amp;room1=A%2CA\" rel=\"nofollow\"><span style=\"text-decoration: underline;\"><strong>Macdonald Randolph Hotel \u2013 5 Sterne Luxushotel &amp; Wellness<\/strong><\/span><\/a><\/h2>\n<p>Das Macdonald Randolph Hotel liegt im Herzen von Oxford gegen\u00fcber vom Ashmolean Museum. Es bietet \u00fcppig ausgestattete Schlafzimmer und einen luxuri\u00f6sen Wellnessbereich&#8230;&#8230;&#8230;.<a href=\"https:\/\/www.booking.com\/hotel\/gb\/randolph-hotel.html?aid=1320750&amp;no_rooms=1&amp;group_adults=2&amp;room1=A%2CA\" rel=\"nofollow\">[Mehr]<\/a><\/p>\n<h2><a href=\"https:\/\/www.booking.com\/hotel\/gb\/belmond-le-manoir-aux-quat-39-saisons.html?aid=1320750&amp;no_rooms=1&amp;group_adults=2&amp;room1=A%2CA\" rel=\"nofollow\"><span style=\"text-decoration: underline;\"><strong> Belmond Le Manoir aux Quat\u2019 Saisons &#8211; 5 Sterne<\/strong><\/span><\/a><\/h2>\n<p><span id=\"result_box\" class=\"\" lang=\"de\">Das Belmond Le Manoir aux Quat&#8217;Saisons bietet klimatisierte Unterk\u00fcnfte in Great Milton. <span class=\"\">Neben einer 24-Stunden-Rezeption bietet diese Unterkunft auch ein Restaurant und eine Terrasse.Genie\u00dfen Sie einen Cocktail an der Bar.<\/span><\/span>&#8230;&#8230;&#8230;.<a href=\"https:\/\/www.booking.com\/hotel\/gb\/belmond-le-manoir-aux-quat-39-saisons.html?aid=1320750&amp;no_rooms=1&amp;group_adults=2&amp;room1=A%2CA\" rel=\"nofollow\">[Mehr]<\/a><\/p>\n<h2><a href=\"https:\/\/www.booking.com\/hotel\/gb\/malmaison-oxford.html?aid=1320750&amp;no_rooms=1&amp;group_adults=2&amp;room1=A%2CA\" rel=\"nofollow\"><span style=\"text-decoration: underline;\"><strong> Malmaison Oxford &#8211; 4 Sterne Boutique-Hotel<\/strong><\/span><\/a><\/h2>\n<p>Dieses umgebaute viktorianische Gef\u00e4ngnis ist jetzt ein atemberaubendes Boutique-Hotel mit einzigartigen, luxuri\u00f6sen Unterk\u00fcnften im historischen Oxford. Privatparkpl\u00e4tze stehen in begrenzter Anzahl gegen Aufpreis zur Verf\u00fcgung&#8230;&#8230;&#8230;..<a href=\"https:\/\/www.booking.com\/hotel\/gb\/malmaison-oxford.html?aid=1320750&amp;no_rooms=1&amp;group_adults=2&amp;room1=A%2CA\" rel=\"nofollow\">[Mehr]<\/a><\/p>\n<h2><a href=\"https:\/\/www.booking.com\/hotel\/gb\/cotswoldlodgehotel.html?aid=1320750&amp;no_rooms=1&amp;group_adults=2&amp;room1=A%2CA\" rel=\"nofollow\"><span style=\"text-decoration: underline;\"><strong> Cotswold Lodge Classic Hotel \u2013 4 Sterne<\/strong><\/span><\/a><\/h2>\n<p>Das ruhige und elegante Classic Hotel empf\u00e4ngt Sie mit Landhaus-Ambiente nur 10 Gehminuten vom Stadtzentrum Oxfords entfernt. Es verf\u00fcgt \u00fcber ein Restaurant und eine Bar, eine gem\u00fctliche Lounge und komfortable Zimmer&#8230;&#8230;&#8230;<a href=\"https:\/\/www.booking.com\/hotel\/gb\/cotswoldlodgehotel.html?aid=1320750&amp;no_rooms=1&amp;group_adults=2&amp;room1=A%2CA\" rel=\"nofollow\">[Mehr]<\/a><\/p>\n<h2><a href=\"https:\/\/www.booking.com\/hotel\/gb\/theoxfordbelfry.html?aid=1320750&amp;no_rooms=1&amp;group_adults=2&amp;room1=A%2CA\" rel=\"nofollow\"><span style=\"text-decoration: underline;\"><strong> The Oxford Belfry \u2013 4 Sterne Hotel<\/strong><\/span><\/a><\/h2>\n<p>Auf einem 7 Hektar gro\u00dfen Gel\u00e4nde, nur 13 km vom historischen Zentrum von Oxford entfernt, liegt das The Oxford Belfry. Es befindet sich in unmittelbarer N\u00e4he zur Autobahn M40 und bietet ein Spa und einen Pool&#8230;&#8230;&#8230;..<a href=\"https:\/\/www.booking.com\/hotel\/gb\/theoxfordbelfry.html?aid=1320750&amp;no_rooms=1&amp;group_adults=2&amp;room1=A%2CA\" rel=\"nofollow\">[Mehr]<\/a><\/p>\n<h2><a href=\" https:\/\/www.booking.com\/hotel\/gb\/whatelyhall.html?aid=1320750&amp;no_rooms=1&amp;group_adults=2&amp;room1=A%2CA\" rel=\"nofollow\"><span style=\"text-decoration: underline;\"><strong> Banbury Whately Hall Hotel 3 Sterne<\/strong><\/span><\/a><\/h2>\n<p>Das Mercure Whately Hall begr\u00fc\u00dft Sie in einem ehemaligen Gasthof aus dem 17. Jahrhundert. Freuen Sie sich auf einen eigenen Park und einen Krocketplatz. Im Hotelrestaurant nutzen Sie WLAN kostenfrei. Sie k\u00f6nnen dort auch an der Bar verweilen. Ihr Fahrzeug stellen Sie kostenfrei ab&#8230;&#8230;&#8230;.<a href=\" https:\/\/www.booking.com\/hotel\/gb\/whatelyhall.html?aid=1320750&amp;no_rooms=1&amp;group_adults=2&amp;room1=A%2CA\" rel=\"nofollow\">[Mehr]<\/a><\/p>\n<h2><a href=\" https:\/\/www.booking.com\/hotel\/gb\/hampton-by-hilton-oxford.html?aid=1320750&amp;no_rooms=1&amp;group_adults=2&amp;room1=A%2CA\" rel=\"nofollow\"><span style=\"text-decoration: underline;\"><strong> Hampton by Hilton Oxford 3 Sterne<\/strong><\/span><\/a><\/h2>\n<p>Das Hampton by Hilton Oxford bietet Unterk\u00fcnfte f\u00fcr Gesch\u00e4ftsreisende und Urlauber in der historischen Stadt Oxford. Sie profitieren von kostenlosen Parkm\u00f6glichkeiten und WLAN und erhalten in der Unterkunft ein kostenfreies warmes Fr\u00fchst\u00fcck&#8230;&#8230;&#8230;<a href=\" https:\/\/www.booking.com\/hotel\/gb\/hampton-by-hilton-oxford.html?aid=1320750&amp;no_rooms=1&amp;group_adults=2&amp;room1=A%2CA\" rel=\"nofollow\">[Mehr]<\/a><\/p>\n<h2><a href=\"https:\/\/www.booking.com\/hotel\/gb\/westgate-oxford.html?aid=1320750&amp;no_rooms=1&amp;group_adults=2&amp;room1=A%2CA\" rel=\"nofollow\"><span style=\"text-decoration: underline;\"><strong> Westgate Hotel &#8211; G\u00fcnstig<\/strong><\/span><\/a><\/h2>\n<p>Das Westgate Hotel liegt in Oxford und bietet Unterk\u00fcnfte mit einem Garten. Hier wohnen Sie neben der Hochschule Said Business School und nur einen kurzen Spaziergang vom Stadtzentrum sowie den Colleges entfernt. Freuen Sie sich auf eine Terrasse und eine Bar. Die Unterkunft befindet&#8230;&#8230;&#8230;..<a href=\"https:\/\/www.booking.com\/hotel\/gb\/westgate-oxford.html?aid=1320750&amp;no_rooms=1&amp;group_adults=2&amp;room1=A%2CA\" rel=\"nofollow\">[Mehr]<\/a><\/p>\n<h1 style=\"text-align: center;\"><strong>Bei uns finden Sie Ferienh\u00e4user zum Verlieben \u2013 so einfach ist das!<\/strong><\/h1>\n<p style=\"text-align: center;\">UrlaubCornwall verf\u00fcgt Ferienh\u00e4user und Ferienwohnungen f\u00fcr Ihren Urlaub in den <a href=\"https:\/\/www.urlaubcornwall.de\/blog\/ferienhaeuser-ferienwohnungen-in-den-cotswolds-fuer-sie\/\">Cotswolds<\/a>. Unterk\u00fcnfte der Spitzenklasse f\u00fcr 2 Personen, Familien und Gruppen mit 4, 6, 8, 10 oder 12 G\u00e4sten.<\/p>\n<p style=\"text-align: center;\"><a class=\"tidycta\" href=\"https:\/\/www.urlaubcornwall.de\/ferienhaeuser-fewos\/eng\/oxfordshire\/oxfordshire.html\">Ferienh\u00e4user in Oxford &gt;&gt;<\/a><\/p>\n","protected":false},"excerpt":{"rendered":"<p>Hotel Sonderangebote in Oxford &#8211; Die Stadt Oxford wird dominiert von ihrer Universit\u00e4t; die Universit\u00e4t Oxford soll eine der besten der Welt sein und die \u00e4lteste in der englischsprachigen Welt. Die Universit\u00e4t wird erstmals erw\u00e4hnt in Aufzeichnungen des 12. Jahrhunderts, und heute besteht die Oxford Universit\u00e4t aus mehr als 40 Colleges in der ganzen Stadt. [&hellip;]<\/p>\n","protected":false},"author":1,"featured_media":0,"parent":0,"menu_order":0,"comment_status":"closed","ping_status":"closed","template":"single-four.php","meta":[],"acf":[],"yoast_head":"<!-- This site is optimized with the Yoast SEO plugin v19.4 - https:\/\/yoast.com\/wordpress\/plugins\/seo\/ -->\n<title>Hotel Angebote in Oxford - Finden und buchung Sie die besten Hotels. - Urlaub &amp; Reisen<\/title>\n<meta name=\"robots\" content=\"index, follow, max-snippet:-1, max-image-preview:large, max-video-preview:-1\" \/>\n<link rel=\"canonical\" href=\"https:\/\/www.urlaubcornwall.de\/blog\/hotel-angebote-in-oxford-finden-und-buchung-sie-die-besten-hotels\/\" \/>\n<meta property=\"og:locale\" content=\"en_US\" \/>\n<meta property=\"og:type\" content=\"article\" \/>\n<meta property=\"og:title\" content=\"Hotel Angebote in Oxford - Finden und buchung Sie die besten Hotels. - Urlaub &amp; Reisen\" \/>\n<meta property=\"og:description\" content=\"Hotel Sonderangebote in Oxford &#8211; Die Stadt Oxford wird dominiert von ihrer Universit\u00e4t; die Universit\u00e4t Oxford soll eine der besten der Welt sein und die \u00e4lteste in der englischsprachigen Welt. Die Universit\u00e4t wird erstmals erw\u00e4hnt in Aufzeichnungen des 12. Jahrhunderts, und heute besteht die Oxford Universit\u00e4t aus mehr als 40 Colleges in der ganzen Stadt. [&hellip;]\" \/>\n<meta property=\"og:url\" content=\"https:\/\/www.urlaubcornwall.de\/blog\/hotel-angebote-in-oxford-finden-und-buchung-sie-die-besten-hotels\/\" \/>\n<meta property=\"og:site_name\" content=\"Urlaub &amp; Reisen\" \/>\n<meta property=\"article:modified_time\" content=\"2024-05-28T13:56:43+00:00\" \/>\n<meta property=\"og:image\" content=\"https:\/\/www.urlaubcornwall.de\/blog\/wp-content\/uploads\/2024\/03\/oxford.jpg\" \/>\n<meta name=\"twitter:card\" content=\"summary\" \/>\n<meta name=\"twitter:label1\" content=\"Est. reading time\" \/>\n\t<meta name=\"twitter:data1\" content=\"3 minutes\" \/>\n<script type=\"application\/ld+json\" class=\"yoast-schema-graph\">{\"@context\":\"https:\/\/schema.org\",\"@graph\":[{\"@type\":\"WebSite\",\"@id\":\"https:\/\/www.urlaubcornwall.de\/blog\/#website\",\"url\":\"https:\/\/www.urlaubcornwall.de\/blog\/\",\"name\":\"Urlaub &amp; Reisen\",\"description\":\"Urlaub, Reisen, Cornwall und S\u00fcdengland: eine perfekte Kombination\",\"potentialAction\":[{\"@type\":\"SearchAction\",\"target\":{\"@type\":\"EntryPoint\",\"urlTemplate\":\"https:\/\/www.urlaubcornwall.de\/blog\/?s={search_term_string}\"},\"query-input\":\"required name=search_term_string\"}],\"inLanguage\":\"en-US\"},{\"@type\":\"WebPage\",\"@id\":\"https:\/\/www.urlaubcornwall.de\/blog\/hotel-angebote-in-oxford-finden-und-buchung-sie-die-besten-hotels\/\",\"url\":\"https:\/\/www.urlaubcornwall.de\/blog\/hotel-angebote-in-oxford-finden-und-buchung-sie-die-besten-hotels\/\",\"name\":\"Hotel Angebote in Oxford - Finden und buchung Sie die besten Hotels. - Urlaub &amp; Reisen\",\"isPartOf\":{\"@id\":\"https:\/\/www.urlaubcornwall.de\/blog\/#website\"},\"datePublished\":\"2018-03-29T08:55:18+00:00\",\"dateModified\":\"2024-05-28T13:56:43+00:00\",\"breadcrumb\":{\"@id\":\"https:\/\/www.urlaubcornwall.de\/blog\/hotel-angebote-in-oxford-finden-und-buchung-sie-die-besten-hotels\/#breadcrumb\"},\"inLanguage\":\"en-US\",\"potentialAction\":[{\"@type\":\"ReadAction\",\"target\":[\"https:\/\/www.urlaubcornwall.de\/blog\/hotel-angebote-in-oxford-finden-und-buchung-sie-die-besten-hotels\/\"]}]},{\"@type\":\"BreadcrumbList\",\"@id\":\"https:\/\/www.urlaubcornwall.de\/blog\/hotel-angebote-in-oxford-finden-und-buchung-sie-die-besten-hotels\/#breadcrumb\",\"itemListElement\":[{\"@type\":\"ListItem\",\"position\":1,\"name\":\"Home\",\"item\":\"https:\/\/www.urlaubcornwall.de\/blog\/\"},{\"@type\":\"ListItem\",\"position\":2,\"name\":\"Hotel Angebote in Oxford &#8211; Finden und buchung Sie die besten Hotels.\"}]}]}<\/script>\n<!-- \/ Yoast SEO plugin. -->","yoast_head_json":{"title":"Hotel Angebote in Oxford - Finden und buchung Sie die besten Hotels. - Urlaub &amp; Reisen","robots":{"index":"index","follow":"follow","max-snippet":"max-snippet:-1","max-image-preview":"max-image-preview:large","max-video-preview":"max-video-preview:-1"},"canonical":"https:\/\/www.urlaubcornwall.de\/blog\/hotel-angebote-in-oxford-finden-und-buchung-sie-die-besten-hotels\/","og_locale":"en_US","og_type":"article","og_title":"Hotel Angebote in Oxford - Finden und buchung Sie die besten Hotels. - Urlaub &amp; Reisen","og_description":"Hotel Sonderangebote in Oxford &#8211; Die Stadt Oxford wird dominiert von ihrer Universit\u00e4t; die Universit\u00e4t Oxford soll eine der besten der Welt sein und die \u00e4lteste in der englischsprachigen Welt. Die Universit\u00e4t wird erstmals erw\u00e4hnt in Aufzeichnungen des 12. Jahrhunderts, und heute besteht die Oxford Universit\u00e4t aus mehr als 40 Colleges in der ganzen Stadt. [&hellip;]","og_url":"https:\/\/www.urlaubcornwall.de\/blog\/hotel-angebote-in-oxford-finden-und-buchung-sie-die-besten-hotels\/","og_site_name":"Urlaub &amp; Reisen","article_modified_time":"2024-05-28T13:56:43+00:00","og_image":[{"url":"https:\/\/www.urlaubcornwall.de\/blog\/wp-content\/uploads\/2024\/03\/oxford.jpg"}],"twitter_card":"summary","twitter_misc":{"Est. reading time":"3 minutes"},"schema":{"@context":"https:\/\/schema.org","@graph":[{"@type":"WebSite","@id":"https:\/\/www.urlaubcornwall.de\/blog\/#website","url":"https:\/\/www.urlaubcornwall.de\/blog\/","name":"Urlaub &amp; Reisen","description":"Urlaub, Reisen, Cornwall und S\u00fcdengland: eine perfekte Kombination","potentialAction":[{"@type":"SearchAction","target":{"@type":"EntryPoint","urlTemplate":"https:\/\/www.urlaubcornwall.de\/blog\/?s={search_term_string}"},"query-input":"required name=search_term_string"}],"inLanguage":"en-US"},{"@type":"WebPage","@id":"https:\/\/www.urlaubcornwall.de\/blog\/hotel-angebote-in-oxford-finden-und-buchung-sie-die-besten-hotels\/","url":"https:\/\/www.urlaubcornwall.de\/blog\/hotel-angebote-in-oxford-finden-und-buchung-sie-die-besten-hotels\/","name":"Hotel Angebote in Oxford - Finden und buchung Sie die besten Hotels. - Urlaub &amp; Reisen","isPartOf":{"@id":"https:\/\/www.urlaubcornwall.de\/blog\/#website"},"datePublished":"2018-03-29T08:55:18+00:00","dateModified":"2024-05-28T13:56:43+00:00","breadcrumb":{"@id":"https:\/\/www.urlaubcornwall.de\/blog\/hotel-angebote-in-oxford-finden-und-buchung-sie-die-besten-hotels\/#breadcrumb"},"inLanguage":"en-US","potentialAction":[{"@type":"ReadAction","target":["https:\/\/www.urlaubcornwall.de\/blog\/hotel-angebote-in-oxford-finden-und-buchung-sie-die-besten-hotels\/"]}]},{"@type":"BreadcrumbList","@id":"https:\/\/www.urlaubcornwall.de\/blog\/hotel-angebote-in-oxford-finden-und-buchung-sie-die-besten-hotels\/#breadcrumb","itemListElement":[{"@type":"ListItem","position":1,"name":"Home","item":"https:\/\/www.urlaubcornwall.de\/blog\/"},{"@type":"ListItem","position":2,"name":"Hotel Angebote in Oxford &#8211; Finden und buchung Sie die besten Hotels."}]}]}},"_links":{"self":[{"href":"https:\/\/www.urlaubcornwall.de\/blog\/wp-json\/wp\/v2\/pages\/33407"}],"collection":[{"href":"https:\/\/www.urlaubcornwall.de\/blog\/wp-json\/wp\/v2\/pages"}],"about":[{"href":"https:\/\/www.urlaubcornwall.de\/blog\/wp-json\/wp\/v2\/types\/page"}],"author":[{"embeddable":true,"href":"https:\/\/www.urlaubcornwall.de\/blog\/wp-json\/wp\/v2\/users\/1"}],"replies":[{"embeddable":true,"href":"https:\/\/www.urlaubcornwall.de\/blog\/wp-json\/wp\/v2\/comments?post=33407"}],"version-history":[{"count":4,"href":"https:\/\/www.urlaubcornwall.de\/blog\/wp-json\/wp\/v2\/pages\/33407\/revisions"}],"predecessor-version":[{"id":50429,"href":"https:\/\/www.urlaubcornwall.de\/blog\/wp-json\/wp\/v2\/pages\/33407\/revisions\/50429"}],"wp:attachment":[{"href":"https:\/\/www.urlaubcornwall.de\/blog\/wp-json\/wp\/v2\/media?parent=33407"}],"curies":[{"name":"wp","href":"https:\/\/api.w.org\/{rel}","templated":true}]}}