{"id":33405,"date":"2018-03-29T08:46:47","date_gmt":"2018-03-29T08:46:47","guid":{"rendered":"https:\/\/www.urlaubcornwall.de\/blog\/?page_id=33405"},"modified":"2019-03-29T14:14:57","modified_gmt":"2019-03-29T14:14:57","slug":"hotel-angebote-in-cheltenham-finden-und-buchung-sie-die-besten-hotels","status":"publish","type":"page","link":"https:\/\/www.urlaubcornwall.de\/blog\/hotel-angebote-in-cheltenham-finden-und-buchung-sie-die-besten-hotels\/","title":{"rendered":"Hotel Angebote in Cheltenham &#8211; Finden und buchung Sie die besten Hotels."},"content":{"rendered":"<h1><img loading=\"lazy\" class=\"aligncenter size-full wp-image-25113\" src=\"https:\/\/www.urlaubcornwall.de\/blog\/wp-content\/uploads\/2016\/10\/urlaub-cheltenham.jpg\" alt=\"Hotel Angebote in Cheltenham\" width=\"745\" height=\"431\" srcset=\"https:\/\/www.urlaubcornwall.de\/blog\/wp-content\/uploads\/2016\/10\/urlaub-cheltenham.jpg 745w, https:\/\/www.urlaubcornwall.de\/blog\/wp-content\/uploads\/2016\/10\/urlaub-cheltenham-300x174.jpg 300w\" sizes=\"(max-width: 745px) 100vw, 745px\" \/><\/h1>\n<h1><strong>Hotel Sonderangebote in Cheltenham <\/strong><\/h1>\n<p>Die Regency Spa-Stadt Cheltenham ist das kulturelle Zentrum der Cotswolds. 1788 kam George III mit seiner Familie, um die Heilwasser zu probieren, und so wurde die Stadt bald Britanniens wichtigste Kurstadt. Noch heute k\u00f6nnen Sie im Pitville Pump Room, der 1825-30 erbaut wurde, Heilwasser probieren. Im Herzen der Stadt befindet sich die Promenade, eine goldene Terrasse, umgeben von eleganten Shops, Statuen, B\u00e4umen und Blumenbeeten.<\/p>\n<p style=\"text-align: center;\"><a class=\"tidycta\" href=\"https:\/\/www.booking.com\/searchresults.html?city=-2592344&amp;aid=1320750&amp;no_rooms=1&amp;group_adults=2&amp;room1=A%2CA\" rel=\"nofollow\">Suche Hotels in Cheltenham<\/a><\/p>\n<h2><a href=\"https:\/\/www.booking.com\/hotel\/gb\/ellenborough-park.html?aid=1320750&amp;no_rooms=1&amp;group_adults=2&amp;room1=A%2CA\" rel=\"nofollow\"><span style=\"text-decoration: underline;\"><strong> Ellenborough Park \u2013 5 Sterne Luxus Landhaushotel<\/strong><\/span><\/a><\/h2>\n<p>Der herrliche englische Landsitz Ellenborough Park erwartet Sie mit einem luxuri\u00f6sen Wellnessbereich, gehobener K\u00fcche und einem sch\u00f6nen Grundst\u00fcck inmitten der Landschaft Cotswolds. Das Hotel liegt eine 10-min\u00fctige Fahrt vom Stadtzentrum von Cheltenham entfernt&#8230;&#8230;..<a href=\"https:\/\/www.booking.com\/hotel\/gb\/ellenborough-park.html?aid=1320750&amp;no_rooms=1&amp;group_adults=2&amp;room1=A%2CA\" rel=\"nofollow\">[Mehr]<\/a><\/p>\n<h2><a href=\"https:\/\/www.booking.com\/hotel\/gb\/macdonaldqueenshotel.html?aid=1320750&amp;no_rooms=1&amp;group_adults=2&amp;room1=A%2CA\" rel=\"nofollow\"><span style=\"text-decoration: underline;\"><strong> Queens Hotel Cheltenham \u2013 4 Sterne Luxus-Hotel<\/strong><\/span><\/a><\/h2>\n<p>Am Anfang der von B\u00e4umen ges\u00e4umten Promenade in Cheltenham erwartet Sie dieses 4-Sterne-Boutique-Hotel. Freuen Sie sich auf wundersch\u00f6n hergerichtete Zimmer, einen Parkplatz und ein Restaurant, das frische Produkte der Region serviert&#8230;&#8230;&#8230;&#8230;<a href=\"https:\/\/www.booking.com\/hotel\/gb\/macdonaldqueenshotel.html?aid=1320750&amp;no_rooms=1&amp;group_adults=2&amp;room1=A%2CA\" rel=\"nofollow\">[Mehr]<\/a><\/p>\n<h2><a href=\"https:\/\/www.booking.com\/hotel\/gb\/cheltenhampark.html?aid=1320750&amp;no_rooms=1&amp;group_adults=2&amp;room1=A%2CA\" rel=\"nofollow\"><span style=\"text-decoration: underline;\"><strong> Double Tree by Hilton Cheltenham \u2013 4 Sterne<\/strong><\/span><\/a><\/h2>\n<p>Das georgianische Herrenhaus DoubleTree by Hilton Cheltenham bietet kostenfreies WLAN, kostenfreie Parkpl\u00e4tze und liegt in wundersch\u00f6nen G\u00e4rten mit Blick auf Lilley Brook&#8217;s 18-Loch-Golfplatz&#8230;&#8230;&#8230;..<a href=\"https:\/\/www.booking.com\/hotel\/gb\/cheltenhampark.html?aid=1320750&amp;no_rooms=1&amp;group_adults=2&amp;room1=A%2CA\" rel=\"nofollow\">[Mehr]<\/a><\/p>\n<h2><a href=\" https:\/\/www.booking.com\/hotel\/gb\/the-greenway.html?aid=1320750&amp;no_rooms=1&amp;group_adults=2&amp;room1=A%2CA \" rel=\"nofollow\"><span style=\"text-decoration: underline;\"><strong> The Greenaway Hotel &amp; Spa &#8211; Herrenhaus-Hotel<\/strong><\/span><\/a><\/h2>\n<p>Das Hotel &amp; Spa empf\u00e4ngt Sie in einem stilvollen, elisabethanischen Herrenhaus, das die traditionelle Eleganz des Landhausstils mit modernem Luxus verbindet. Sie wohnen inmitten der reizvollen H\u00fcgellandschaft der Region Cotswolds, nur 5 Fahrminuten vom Zentrum von Cheltenham entfernt. Die Unterkunft ist Teil der Eden Hotel Collection, die als AA Small Hotel Group of the Year 2014 \u2013 2015 ausgezeichnet wurde&#8230;&#8230;&#8230;..<a href=\" https:\/\/www.booking.com\/hotel\/gb\/the-greenway.html?aid=1320750&amp;no_rooms=1&amp;group_adults=2&amp;room1=A%2CA\" rel=\"nofollow\">[Mehr]<\/a><\/p>\n<h2><a href=\"https:\/\/www.booking.com\/hotel\/gb\/du-vin-cheltenham.html?aid=1320750&amp;no_rooms=1&amp;group_adults=2&amp;room1=A%2CA\" rel=\"nofollow\"><span style=\"text-decoration: underline;\"><strong> Hotel du Vin &#8211; Luxus Boutique-Hotel<\/strong><\/span><\/a><\/h2>\n<p>Das Hotel du Vin liegt im eleganten Stadtteil Montpellier des historischen Cheltenham und bietet einen Wellnessbereich mit Sch\u00f6nheitssalon und ein franz\u00f6sisches Bistro. Die luxuri\u00f6sen Zimmer verf\u00fcgen \u00fcber Bettw\u00e4sche aus \u00e4gyptischer Baumwolle, kostenfreies WLAN und eine Klimaanlage&#8230;&#8230;&#8230;.<a href=\"https:\/\/www.booking.com\/hotel\/gb\/du-vin-cheltenham.html?aid=1320750&amp;no_rooms=1&amp;group_adults=2&amp;room1=A%2CA\" rel=\"nofollow\">[Mehr]<\/a><\/p>\n<h2><a href=\"https:\/\/www.booking.com\/hotel\/gb\/the-golden-valley-hotel.html?aid=1320750&amp;no_rooms=1&amp;group_adults=2&amp;room1=A%2CA \" rel=\"nofollow\"><span style=\"text-decoration: underline;\"><strong> Jurys Inn Cheltenham \u2013 4 Sterne<\/strong><\/span><\/a><\/h2>\n<p>Das Jurys Inn empf\u00e4ngt Sie auf einem attraktiven Gel\u00e4nde, 4,8 km vom Stadtzentrum von Cheltenham und der Rennstrecke Cheltenham Racecourse entfernt, mit einem Gesundheits- und Freizeitclub, einem beheizten Innenpool und 2 Tennispl\u00e4tzen. Hier profitieren Sie auch von einer guten Anbindung an die Autobahn M5&#8230;&#8230;..<a href=\"https:\/\/www.booking.com\/hotel\/gb\/the-golden-valley-hotel.html?aid=1320750&amp;no_rooms=1&amp;group_adults=2&amp;room1=A%2CA\" rel=\"nofollow\">[Mehr]<\/a><\/p>\n<h2><a href=\"https:\/\/www.booking.com\/hotel\/gb\/cotswoldgrangehotel.html?aid=1320750&amp;no_rooms=1&amp;group_adults=2&amp;room1=A%2CA\" rel=\"nofollow\"><span style=\"text-decoration: underline;\"><strong> Cotswold Grange Hotel \u2013 3 Sterne<\/strong><\/span><\/a><\/h2>\n<p><span id=\"result_box\" class=\"\" lang=\"de\"><span class=\"\">Das Cotswold Grange liegt in der sch\u00f6nen gr\u00fcnen Umgebung von Pittville in Cheltenham zwischen dem Stadtzentrum und der ber\u00fchmten Pferderennbahn. Es ist ein gro\u00dfes Haus mit hohen Decken, aufwendigen dekorativen Designs und einer gro\u00dfen Steintreppe.<\/span><\/span>&#8230;&#8230;&#8230;<a href=\"https:\/\/www.booking.com\/hotel\/gb\/cotswoldgrangehotel.html?aid=1320750&amp;no_rooms=1&amp;group_adults=2&amp;room1=A%2CA\" rel=\"nofollow\">[Mehr]<\/a><\/p>\n<h2><a href=\"https:\/\/www.booking.com\/hotel\/gb\/express-by-holiday-inn-cheltenham.html?aid=1320750&amp;no_rooms=1&amp;group_adults=2&amp;room1=A%2CA\" rel=\"nofollow\"><span style=\"text-decoration: underline;\"><strong> Holiday Inn Express Cheltenham Zentrum<\/strong><\/span><\/a><\/h2>\n<p>Dieses Hitel liegt im Stadtzentrum und bietet moderne Zimmer mit einem eigenen Bad, eine Bar, eine Lounge und einen Innenhof. Es liegt gegen\u00fcber der Brauerei Quarter und 1,6 km vom Cheltenham Racecourse entfernt&#8230;&#8230;&#8230;.<a href=\" https:\/\/www.booking.com\/hotel\/gb\/express-by-holiday-inn-cheltenham.html?aid=1320750&amp;no_rooms=1&amp;group_adults=2&amp;room1=A%2CA\">[Mehr]<\/a><\/p>\n<h2><a href=\" https:\/\/www.booking.com\/hotel\/gb\/ibis-gloucester.html?aid=1320750&amp;no_rooms=1&amp;group_adults=2&amp;room1=A%2CA\" rel=\"nofollow\"><span style=\"text-decoration: underline;\"><strong> Ibis Gloucester \u2013 G\u00fcnstig<\/strong><\/span><\/a><\/h2>\n<p>Das ibis Gloucester begr\u00fc\u00dft Sie nur eine 5-min\u00fctige Fahrt von der Autobahn M5 sowie 15 Fahrminuten von Gloucester entfernt. Es verf\u00fcgt \u00fcber moderne Zimmer mit kostenfreiem WLAN, kostenlose Parkpl\u00e4tze und ein traditionelles Restaurant&#8230;&#8230;&#8230;..<a href=\" https:\/\/www.booking.com\/hotel\/gb\/ibis-gloucester.html?aid=1320750&amp;no_rooms=1&amp;group_adults=2&amp;room1=A%2CA\" rel=\"nofollow\">[Mehr]<\/a><\/p>\n<h1 style=\"text-align: center;\"><strong>Bei uns finden Sie Ferienh\u00e4user zum Verlieben \u2013 so einfach ist das!<\/strong><\/h1>\n<p style=\"text-align: center;\">UrlaubCornwall verf\u00fcgt Ferienh\u00e4user und Ferienwohnungen f\u00fcr Ihren Urlaub in den <a href=\"https:\/\/www.urlaubcornwall.de\/blog\/ferienhaeuser-ferienwohnungen-in-den-cotswolds-fuer-sie\/\">Cotswolds<\/a>. Unterk\u00fcnfte der Spitzenklasse f\u00fcr 2 Personen, Familien und Gruppen mit 4, 6, 8, 10 oder 12 G\u00e4sten.<\/p>\n<p style=\"text-align: center;\"><a class=\"tidycta\" href=\"https:\/\/www.urlaubcornwall.de\/ferienhaeuser-fewos\/eng\/gloucestershire\/cheltenham.html\">Ferienh\u00e4user in Cheltenham &gt;&gt;<\/a><\/p>\n","protected":false},"excerpt":{"rendered":"<p>Hotel Sonderangebote in Cheltenham Die Regency Spa-Stadt Cheltenham ist das kulturelle Zentrum der Cotswolds. 1788 kam George III mit seiner Familie, um die Heilwasser zu probieren, und so wurde die Stadt bald Britanniens wichtigste Kurstadt. Noch heute k\u00f6nnen Sie im Pitville Pump Room, der 1825-30 erbaut wurde, Heilwasser probieren. Im Herzen der Stadt befindet sich [&hellip;]<\/p>\n","protected":false},"author":1,"featured_media":0,"parent":0,"menu_order":0,"comment_status":"closed","ping_status":"closed","template":"single-four.php","meta":[],"acf":[],"yoast_head":"<!-- This site is optimized with the Yoast SEO plugin v19.4 - https:\/\/yoast.com\/wordpress\/plugins\/seo\/ -->\n<title>Hotel Angebote in Cheltenham - Finden und buchung Sie die besten Hotels. - Urlaub &amp; Reisen<\/title>\n<meta name=\"robots\" content=\"index, follow, max-snippet:-1, max-image-preview:large, max-video-preview:-1\" \/>\n<link rel=\"canonical\" href=\"https:\/\/www.urlaubcornwall.de\/blog\/hotel-angebote-in-cheltenham-finden-und-buchung-sie-die-besten-hotels\/\" \/>\n<meta property=\"og:locale\" content=\"en_US\" \/>\n<meta property=\"og:type\" content=\"article\" \/>\n<meta property=\"og:title\" content=\"Hotel Angebote in Cheltenham - Finden und buchung Sie die besten Hotels. - Urlaub &amp; Reisen\" \/>\n<meta property=\"og:description\" content=\"Hotel Sonderangebote in Cheltenham Die Regency Spa-Stadt Cheltenham ist das kulturelle Zentrum der Cotswolds. 1788 kam George III mit seiner Familie, um die Heilwasser zu probieren, und so wurde die Stadt bald Britanniens wichtigste Kurstadt. Noch heute k\u00f6nnen Sie im Pitville Pump Room, der 1825-30 erbaut wurde, Heilwasser probieren. Im Herzen der Stadt befindet sich [&hellip;]\" \/>\n<meta property=\"og:url\" content=\"https:\/\/www.urlaubcornwall.de\/blog\/hotel-angebote-in-cheltenham-finden-und-buchung-sie-die-besten-hotels\/\" \/>\n<meta property=\"og:site_name\" content=\"Urlaub &amp; Reisen\" \/>\n<meta property=\"article:modified_time\" content=\"2019-03-29T14:14:57+00:00\" \/>\n<meta property=\"og:image\" content=\"https:\/\/www.urlaubcornwall.de\/blog\/wp-content\/uploads\/2016\/10\/urlaub-cheltenham.jpg\" \/>\n<meta name=\"twitter:card\" content=\"summary\" \/>\n<meta name=\"twitter:label1\" content=\"Est. reading time\" \/>\n\t<meta name=\"twitter:data1\" content=\"3 minutes\" \/>\n<script type=\"application\/ld+json\" class=\"yoast-schema-graph\">{\"@context\":\"https:\/\/schema.org\",\"@graph\":[{\"@type\":\"WebSite\",\"@id\":\"https:\/\/www.urlaubcornwall.de\/blog\/#website\",\"url\":\"https:\/\/www.urlaubcornwall.de\/blog\/\",\"name\":\"Urlaub &amp; Reisen\",\"description\":\"Urlaub, Reisen, Cornwall und S\u00fcdengland: eine perfekte Kombination\",\"potentialAction\":[{\"@type\":\"SearchAction\",\"target\":{\"@type\":\"EntryPoint\",\"urlTemplate\":\"https:\/\/www.urlaubcornwall.de\/blog\/?s={search_term_string}\"},\"query-input\":\"required name=search_term_string\"}],\"inLanguage\":\"en-US\"},{\"@type\":\"WebPage\",\"@id\":\"https:\/\/www.urlaubcornwall.de\/blog\/hotel-angebote-in-cheltenham-finden-und-buchung-sie-die-besten-hotels\/\",\"url\":\"https:\/\/www.urlaubcornwall.de\/blog\/hotel-angebote-in-cheltenham-finden-und-buchung-sie-die-besten-hotels\/\",\"name\":\"Hotel Angebote in Cheltenham - Finden und buchung Sie die besten Hotels. - Urlaub &amp; Reisen\",\"isPartOf\":{\"@id\":\"https:\/\/www.urlaubcornwall.de\/blog\/#website\"},\"datePublished\":\"2018-03-29T08:46:47+00:00\",\"dateModified\":\"2019-03-29T14:14:57+00:00\",\"breadcrumb\":{\"@id\":\"https:\/\/www.urlaubcornwall.de\/blog\/hotel-angebote-in-cheltenham-finden-und-buchung-sie-die-besten-hotels\/#breadcrumb\"},\"inLanguage\":\"en-US\",\"potentialAction\":[{\"@type\":\"ReadAction\",\"target\":[\"https:\/\/www.urlaubcornwall.de\/blog\/hotel-angebote-in-cheltenham-finden-und-buchung-sie-die-besten-hotels\/\"]}]},{\"@type\":\"BreadcrumbList\",\"@id\":\"https:\/\/www.urlaubcornwall.de\/blog\/hotel-angebote-in-cheltenham-finden-und-buchung-sie-die-besten-hotels\/#breadcrumb\",\"itemListElement\":[{\"@type\":\"ListItem\",\"position\":1,\"name\":\"Home\",\"item\":\"https:\/\/www.urlaubcornwall.de\/blog\/\"},{\"@type\":\"ListItem\",\"position\":2,\"name\":\"Hotel Angebote in Cheltenham &#8211; Finden und buchung Sie die besten Hotels.\"}]}]}<\/script>\n<!-- \/ Yoast SEO plugin. -->","yoast_head_json":{"title":"Hotel Angebote in Cheltenham - Finden und buchung Sie die besten Hotels. - Urlaub &amp; Reisen","robots":{"index":"index","follow":"follow","max-snippet":"max-snippet:-1","max-image-preview":"max-image-preview:large","max-video-preview":"max-video-preview:-1"},"canonical":"https:\/\/www.urlaubcornwall.de\/blog\/hotel-angebote-in-cheltenham-finden-und-buchung-sie-die-besten-hotels\/","og_locale":"en_US","og_type":"article","og_title":"Hotel Angebote in Cheltenham - Finden und buchung Sie die besten Hotels. - Urlaub &amp; Reisen","og_description":"Hotel Sonderangebote in Cheltenham Die Regency Spa-Stadt Cheltenham ist das kulturelle Zentrum der Cotswolds. 1788 kam George III mit seiner Familie, um die Heilwasser zu probieren, und so wurde die Stadt bald Britanniens wichtigste Kurstadt. Noch heute k\u00f6nnen Sie im Pitville Pump Room, der 1825-30 erbaut wurde, Heilwasser probieren. Im Herzen der Stadt befindet sich [&hellip;]","og_url":"https:\/\/www.urlaubcornwall.de\/blog\/hotel-angebote-in-cheltenham-finden-und-buchung-sie-die-besten-hotels\/","og_site_name":"Urlaub &amp; Reisen","article_modified_time":"2019-03-29T14:14:57+00:00","og_image":[{"url":"https:\/\/www.urlaubcornwall.de\/blog\/wp-content\/uploads\/2016\/10\/urlaub-cheltenham.jpg"}],"twitter_card":"summary","twitter_misc":{"Est. reading time":"3 minutes"},"schema":{"@context":"https:\/\/schema.org","@graph":[{"@type":"WebSite","@id":"https:\/\/www.urlaubcornwall.de\/blog\/#website","url":"https:\/\/www.urlaubcornwall.de\/blog\/","name":"Urlaub &amp; Reisen","description":"Urlaub, Reisen, Cornwall und S\u00fcdengland: eine perfekte Kombination","potentialAction":[{"@type":"SearchAction","target":{"@type":"EntryPoint","urlTemplate":"https:\/\/www.urlaubcornwall.de\/blog\/?s={search_term_string}"},"query-input":"required name=search_term_string"}],"inLanguage":"en-US"},{"@type":"WebPage","@id":"https:\/\/www.urlaubcornwall.de\/blog\/hotel-angebote-in-cheltenham-finden-und-buchung-sie-die-besten-hotels\/","url":"https:\/\/www.urlaubcornwall.de\/blog\/hotel-angebote-in-cheltenham-finden-und-buchung-sie-die-besten-hotels\/","name":"Hotel Angebote in Cheltenham - Finden und buchung Sie die besten Hotels. - Urlaub &amp; Reisen","isPartOf":{"@id":"https:\/\/www.urlaubcornwall.de\/blog\/#website"},"datePublished":"2018-03-29T08:46:47+00:00","dateModified":"2019-03-29T14:14:57+00:00","breadcrumb":{"@id":"https:\/\/www.urlaubcornwall.de\/blog\/hotel-angebote-in-cheltenham-finden-und-buchung-sie-die-besten-hotels\/#breadcrumb"},"inLanguage":"en-US","potentialAction":[{"@type":"ReadAction","target":["https:\/\/www.urlaubcornwall.de\/blog\/hotel-angebote-in-cheltenham-finden-und-buchung-sie-die-besten-hotels\/"]}]},{"@type":"BreadcrumbList","@id":"https:\/\/www.urlaubcornwall.de\/blog\/hotel-angebote-in-cheltenham-finden-und-buchung-sie-die-besten-hotels\/#breadcrumb","itemListElement":[{"@type":"ListItem","position":1,"name":"Home","item":"https:\/\/www.urlaubcornwall.de\/blog\/"},{"@type":"ListItem","position":2,"name":"Hotel Angebote in Cheltenham &#8211; Finden und buchung Sie die besten Hotels."}]}]}},"_links":{"self":[{"href":"https:\/\/www.urlaubcornwall.de\/blog\/wp-json\/wp\/v2\/pages\/33405"}],"collection":[{"href":"https:\/\/www.urlaubcornwall.de\/blog\/wp-json\/wp\/v2\/pages"}],"about":[{"href":"https:\/\/www.urlaubcornwall.de\/blog\/wp-json\/wp\/v2\/types\/page"}],"author":[{"embeddable":true,"href":"https:\/\/www.urlaubcornwall.de\/blog\/wp-json\/wp\/v2\/users\/1"}],"replies":[{"embeddable":true,"href":"https:\/\/www.urlaubcornwall.de\/blog\/wp-json\/wp\/v2\/comments?post=33405"}],"version-history":[{"count":4,"href":"https:\/\/www.urlaubcornwall.de\/blog\/wp-json\/wp\/v2\/pages\/33405\/revisions"}],"predecessor-version":[{"id":36899,"href":"https:\/\/www.urlaubcornwall.de\/blog\/wp-json\/wp\/v2\/pages\/33405\/revisions\/36899"}],"wp:attachment":[{"href":"https:\/\/www.urlaubcornwall.de\/blog\/wp-json\/wp\/v2\/media?parent=33405"}],"curies":[{"name":"wp","href":"https:\/\/api.w.org\/{rel}","templated":true}]}}