{"id":33400,"date":"2018-03-29T08:28:59","date_gmt":"2018-03-29T08:28:59","guid":{"rendered":"https:\/\/www.urlaubcornwall.de\/blog\/?page_id=33400"},"modified":"2024-11-02T12:42:33","modified_gmt":"2024-11-02T12:42:33","slug":"anreise-nach-die-isle-of-wight","status":"publish","type":"page","link":"https:\/\/www.urlaubcornwall.de\/blog\/anreise-nach-die-isle-of-wight\/","title":{"rendered":"Anreise nach die Isle of Wight"},"content":{"rendered":"<p><img loading=\"lazy\" class=\"aligncenter size-full wp-image-31854\" src=\"https:\/\/www.urlaubcornwall.de\/blog\/wp-content\/uploads\/2018\/01\/strandurlaub-isle-of-wight-mit-kindern.jpg\" alt=\"anreise nach die Isle of Wight \" width=\"749\" height=\"497\"\/><\/p>\n<p>Es ist einfach, zur <a href=\"https:\/\/www.urlaubcornwall.de\/reiseziel\/isle-of-wight.php\">Isle of Wight<\/a> zu gelangen; Sie erreichen die Insel von London aus per Zug und F\u00e4hre in ungef\u00e4hr 2 Stunden. Es gibt t\u00e4glich mehr als 200 <a href=\"https:\/\/www.urlaubcornwall.de\/blog\/beste-faehren-isle-of-wight\/\">F\u00e4hrverbindungen von Portsmouth, Southampton und Lymington<\/a> aus.<\/p>\n<p>Autof\u00e4hren verkehren von Portsmouth nach Fishbourne, von Southampton nach East Cowes und von Lymington im New Forest nach Yarmouth. Es gibt reine Passagierf\u00e4hren von Southampton nach Cowes, von Portsmouth nach <a href=\"https:\/\/www.urlaubcornwall.de\/ferienhaeuser-fewos\/eng\/isle-of-wight\/ryde.html\">Ryde<\/a> und von Southsea nach Ryde (der einzige Personen-Hovercraftservice im UK).<\/p>\n<p>Wenn Sie erst einmal auf der Insel sind, ist es ebenfalls einfach, herumzukommen. Wenn Sie ein Auto haben, so sind die Stra\u00dfen gut ausgeschildert und bieten gro\u00dfartigen Blick. Es gibt einen regelm\u00e4\u00dfigen Busservice und malerische Busfahrten mit offenem Oberdeck, eine Zuglinie, die von Ryde entlang der Ostk\u00fcste nach <a href=\"https:\/\/www.urlaubcornwall.de\/ferienhaeuser-fewos\/eng\/isle-of-wight\/shanklin.html\">Shanklin<\/a> f\u00fchrt und sich an die Passagierf\u00e4hre anschlie\u00dft. Mit au\u00dferdem mehr als 800km an Wegen und Radfahrwegen gibt es f\u00fcr Urlauber jede Menge M\u00f6glichkeiten.<\/p>\n<p>Schauen Sie sich hier unsere einzigartige Sammlung an <a href=\"https:\/\/www.urlaubcornwall.de\/ferienhaeuser-fewos\/isle-of-wight.html\">pers\u00f6nlich inspizierten Ferienwohnungen auf der Isle of Wight<\/a> an.<\/p>\n<div class=\"snippet\"> <a class=\"featured-item\" href=\" https:\/\/www.urlaubcornwall.de\/ferienhaeuser-fewos\/isle-of-wight.html\"> <span class=\"image-holder\" style=\"background-image: url('https:\/\/www.urlaubcornwall.de\/blog\/wp-content\/uploads\/2018\/11\/landhaus-cornwall-1.jpg');\"><\/span> <span class=\"featured-content\"> \n<h2 class=\"featured-title\">Ferienh\u00e4user auf der Isle of Wight<\/h2>\n<p class=\"featured-body\">UrlaubCornwall.de empfiehlt Ferienh\u00e4user, die Ihnen die gr\u00f6\u00dfte Auswahl an handverlesenen Unterk\u00fcnften f\u00fcr Selbstverpfleger in dieser wundersch\u00f6nen Region Gro\u00dfbritanniens&#8230;.<\/p>\n<\/span> <span class=\"featured-link-holder\"> <span class=\"featured-extra-info\"> \n<p> F\u00fcr Paare, Familien &#038; Gruppen<\/p>\n<\/span> \n<p class=\"featured-link\">DETAILS<\/p>\n<\/span> <\/a><\/div>\n","protected":false},"excerpt":{"rendered":"<p>Es ist einfach, zur Isle of Wight zu gelangen; Sie erreichen die Insel von London aus per Zug und F\u00e4hre in ungef\u00e4hr 2 Stunden. Es gibt t\u00e4glich mehr als 200 F\u00e4hrverbindungen von Portsmouth, Southampton und Lymington aus. Autof\u00e4hren verkehren von Portsmouth nach Fishbourne, von Southampton nach East Cowes und von Lymington im New Forest nach [&hellip;]<\/p>\n","protected":false},"author":1,"featured_media":0,"parent":0,"menu_order":0,"comment_status":"closed","ping_status":"closed","template":"single-four.php","meta":[],"acf":[],"yoast_head":"<!-- This site is optimized with the Yoast SEO plugin v19.4 - https:\/\/yoast.com\/wordpress\/plugins\/seo\/ -->\n<title>Anreise nach die Isle of Wight - Urlaub &amp; Reisen<\/title>\n<meta name=\"robots\" content=\"index, follow, max-snippet:-1, max-image-preview:large, max-video-preview:-1\" \/>\n<link rel=\"canonical\" href=\"https:\/\/www.urlaubcornwall.de\/blog\/anreise-nach-die-isle-of-wight\/\" \/>\n<meta property=\"og:locale\" content=\"en_US\" \/>\n<meta property=\"og:type\" content=\"article\" \/>\n<meta property=\"og:title\" content=\"Anreise nach die Isle of Wight - Urlaub &amp; Reisen\" \/>\n<meta property=\"og:description\" content=\"Es ist einfach, zur Isle of Wight zu gelangen; Sie erreichen die Insel von London aus per Zug und F\u00e4hre in ungef\u00e4hr 2 Stunden. Es gibt t\u00e4glich mehr als 200 F\u00e4hrverbindungen von Portsmouth, Southampton und Lymington aus. Autof\u00e4hren verkehren von Portsmouth nach Fishbourne, von Southampton nach East Cowes und von Lymington im New Forest nach [&hellip;]\" \/>\n<meta property=\"og:url\" content=\"https:\/\/www.urlaubcornwall.de\/blog\/anreise-nach-die-isle-of-wight\/\" \/>\n<meta property=\"og:site_name\" content=\"Urlaub &amp; Reisen\" \/>\n<meta property=\"article:modified_time\" content=\"2024-11-02T12:42:33+00:00\" \/>\n<meta property=\"og:image\" content=\"https:\/\/www.urlaubcornwall.de\/blog\/wp-content\/uploads\/2018\/01\/strandurlaub-isle-of-wight-mit-kindern.jpg\" \/>\n<meta name=\"twitter:card\" content=\"summary\" \/>\n<meta name=\"twitter:label1\" content=\"Est. reading time\" \/>\n\t<meta name=\"twitter:data1\" content=\"2 minutes\" \/>\n<script type=\"application\/ld+json\" class=\"yoast-schema-graph\">{\"@context\":\"https:\/\/schema.org\",\"@graph\":[{\"@type\":\"WebSite\",\"@id\":\"https:\/\/www.urlaubcornwall.de\/blog\/#website\",\"url\":\"https:\/\/www.urlaubcornwall.de\/blog\/\",\"name\":\"Urlaub &amp; Reisen\",\"description\":\"Urlaub, Reisen, Cornwall und S\u00fcdengland: eine perfekte Kombination\",\"potentialAction\":[{\"@type\":\"SearchAction\",\"target\":{\"@type\":\"EntryPoint\",\"urlTemplate\":\"https:\/\/www.urlaubcornwall.de\/blog\/?s={search_term_string}\"},\"query-input\":\"required name=search_term_string\"}],\"inLanguage\":\"en-US\"},{\"@type\":\"WebPage\",\"@id\":\"https:\/\/www.urlaubcornwall.de\/blog\/anreise-nach-die-isle-of-wight\/\",\"url\":\"https:\/\/www.urlaubcornwall.de\/blog\/anreise-nach-die-isle-of-wight\/\",\"name\":\"Anreise nach die Isle of Wight - Urlaub &amp; Reisen\",\"isPartOf\":{\"@id\":\"https:\/\/www.urlaubcornwall.de\/blog\/#website\"},\"datePublished\":\"2018-03-29T08:28:59+00:00\",\"dateModified\":\"2024-11-02T12:42:33+00:00\",\"breadcrumb\":{\"@id\":\"https:\/\/www.urlaubcornwall.de\/blog\/anreise-nach-die-isle-of-wight\/#breadcrumb\"},\"inLanguage\":\"en-US\",\"potentialAction\":[{\"@type\":\"ReadAction\",\"target\":[\"https:\/\/www.urlaubcornwall.de\/blog\/anreise-nach-die-isle-of-wight\/\"]}]},{\"@type\":\"BreadcrumbList\",\"@id\":\"https:\/\/www.urlaubcornwall.de\/blog\/anreise-nach-die-isle-of-wight\/#breadcrumb\",\"itemListElement\":[{\"@type\":\"ListItem\",\"position\":1,\"name\":\"Home\",\"item\":\"https:\/\/www.urlaubcornwall.de\/blog\/\"},{\"@type\":\"ListItem\",\"position\":2,\"name\":\"Anreise nach die Isle of Wight\"}]}]}<\/script>\n<!-- \/ Yoast SEO plugin. -->","yoast_head_json":{"title":"Anreise nach die Isle of Wight - Urlaub &amp; Reisen","robots":{"index":"index","follow":"follow","max-snippet":"max-snippet:-1","max-image-preview":"max-image-preview:large","max-video-preview":"max-video-preview:-1"},"canonical":"https:\/\/www.urlaubcornwall.de\/blog\/anreise-nach-die-isle-of-wight\/","og_locale":"en_US","og_type":"article","og_title":"Anreise nach die Isle of Wight - Urlaub &amp; Reisen","og_description":"Es ist einfach, zur Isle of Wight zu gelangen; Sie erreichen die Insel von London aus per Zug und F\u00e4hre in ungef\u00e4hr 2 Stunden. Es gibt t\u00e4glich mehr als 200 F\u00e4hrverbindungen von Portsmouth, Southampton und Lymington aus. Autof\u00e4hren verkehren von Portsmouth nach Fishbourne, von Southampton nach East Cowes und von Lymington im New Forest nach [&hellip;]","og_url":"https:\/\/www.urlaubcornwall.de\/blog\/anreise-nach-die-isle-of-wight\/","og_site_name":"Urlaub &amp; Reisen","article_modified_time":"2024-11-02T12:42:33+00:00","og_image":[{"url":"https:\/\/www.urlaubcornwall.de\/blog\/wp-content\/uploads\/2018\/01\/strandurlaub-isle-of-wight-mit-kindern.jpg"}],"twitter_card":"summary","twitter_misc":{"Est. reading time":"2 minutes"},"schema":{"@context":"https:\/\/schema.org","@graph":[{"@type":"WebSite","@id":"https:\/\/www.urlaubcornwall.de\/blog\/#website","url":"https:\/\/www.urlaubcornwall.de\/blog\/","name":"Urlaub &amp; Reisen","description":"Urlaub, Reisen, Cornwall und S\u00fcdengland: eine perfekte Kombination","potentialAction":[{"@type":"SearchAction","target":{"@type":"EntryPoint","urlTemplate":"https:\/\/www.urlaubcornwall.de\/blog\/?s={search_term_string}"},"query-input":"required name=search_term_string"}],"inLanguage":"en-US"},{"@type":"WebPage","@id":"https:\/\/www.urlaubcornwall.de\/blog\/anreise-nach-die-isle-of-wight\/","url":"https:\/\/www.urlaubcornwall.de\/blog\/anreise-nach-die-isle-of-wight\/","name":"Anreise nach die Isle of Wight - Urlaub &amp; Reisen","isPartOf":{"@id":"https:\/\/www.urlaubcornwall.de\/blog\/#website"},"datePublished":"2018-03-29T08:28:59+00:00","dateModified":"2024-11-02T12:42:33+00:00","breadcrumb":{"@id":"https:\/\/www.urlaubcornwall.de\/blog\/anreise-nach-die-isle-of-wight\/#breadcrumb"},"inLanguage":"en-US","potentialAction":[{"@type":"ReadAction","target":["https:\/\/www.urlaubcornwall.de\/blog\/anreise-nach-die-isle-of-wight\/"]}]},{"@type":"BreadcrumbList","@id":"https:\/\/www.urlaubcornwall.de\/blog\/anreise-nach-die-isle-of-wight\/#breadcrumb","itemListElement":[{"@type":"ListItem","position":1,"name":"Home","item":"https:\/\/www.urlaubcornwall.de\/blog\/"},{"@type":"ListItem","position":2,"name":"Anreise nach die Isle of Wight"}]}]}},"_links":{"self":[{"href":"https:\/\/www.urlaubcornwall.de\/blog\/wp-json\/wp\/v2\/pages\/33400"}],"collection":[{"href":"https:\/\/www.urlaubcornwall.de\/blog\/wp-json\/wp\/v2\/pages"}],"about":[{"href":"https:\/\/www.urlaubcornwall.de\/blog\/wp-json\/wp\/v2\/types\/page"}],"author":[{"embeddable":true,"href":"https:\/\/www.urlaubcornwall.de\/blog\/wp-json\/wp\/v2\/users\/1"}],"replies":[{"embeddable":true,"href":"https:\/\/www.urlaubcornwall.de\/blog\/wp-json\/wp\/v2\/comments?post=33400"}],"version-history":[{"count":11,"href":"https:\/\/www.urlaubcornwall.de\/blog\/wp-json\/wp\/v2\/pages\/33400\/revisions"}],"predecessor-version":[{"id":51769,"href":"https:\/\/www.urlaubcornwall.de\/blog\/wp-json\/wp\/v2\/pages\/33400\/revisions\/51769"}],"wp:attachment":[{"href":"https:\/\/www.urlaubcornwall.de\/blog\/wp-json\/wp\/v2\/media?parent=33400"}],"curies":[{"name":"wp","href":"https:\/\/api.w.org\/{rel}","templated":true}]}}