{"id":33393,"date":"2018-03-28T12:53:45","date_gmt":"2018-03-28T12:53:45","guid":{"rendered":"https:\/\/www.urlaubcornwall.de\/blog\/?page_id=33393"},"modified":"2020-02-10T13:56:41","modified_gmt":"2020-02-10T13:56:41","slug":"sonderangebote-und-last-minute-angebote-devon","status":"publish","type":"page","link":"https:\/\/www.urlaubcornwall.de\/blog\/sonderangebote-und-last-minute-angebote-devon\/","title":{"rendered":"Sonderangebote und Last-Minute-Angebote Devon"},"content":{"rendered":"<p><img loading=\"lazy\" class=\"aligncenter size-full wp-image-33394\" src=\"https:\/\/www.urlaubcornwall.de\/blog\/wp-content\/uploads\/2018\/03\/lastminute-sonderangebote-devon.jpg\" alt=\"lastminute sonderangebote devon\" width=\"745\" height=\"360\"\/><\/p>\n<p><strong>Lastminute Hotels in Devon<\/strong> &#8211; F\u00fcr all jene, die innerhalb von<a href=\"https:\/\/www.urlaubcornwall.de\/reiseziel\/devon.php\"> Devons wundervoller Landschaft <\/a>untergebracht sein wollen, k\u00f6nnen wir fantastische Hotels mit Meerblick anbieten, die jedem Geldbeutel gerecht werden, von B&amp;Bs oder Familienhotels, die ein gro\u00dfartiges Preis-Leistungsverh\u00e4ltnis, Last Minute Angebote und M\u00f6glichkeiten f\u00fcr Kinder bieten bis hin zu Luxus-Spa-Hotels, eleganten Herrenh\u00e4usern oder f\u00fcnf-Sterne Schloss- und Boutique-Hotels<\/p>\n<p style=\"text-align: center;\"><a class=\"tidycta\" href=\"http:\/\/www.booking.com\/searchresults.html?region=1687&amp;nflt=ht_id%253D204&amp;aid=1320750&amp;no_rooms=1&amp;group_adults=2&amp;room1=A%2CA\">Suche Hotels in Devon<\/a><\/p>\n<p><img loading=\"lazy\" class=\"aligncenter size-full wp-image-33395\" src=\"https:\/\/www.urlaubcornwall.de\/blog\/wp-content\/uploads\/2018\/03\/hotel-sonderangebote-devon.jpg\" alt=\"hotel sonderangebote devon\" width=\"745\" height=\"362\" srcset=\"https:\/\/www.urlaubcornwall.de\/blog\/wp-content\/uploads\/2018\/03\/hotel-sonderangebote-devon.jpg 745w, https:\/\/www.urlaubcornwall.de\/blog\/wp-content\/uploads\/2018\/03\/hotel-sonderangebote-devon-300x146.jpg 300w\" sizes=\"(max-width: 745px) 100vw, 745px\" \/><\/p>\n<h1 style=\"text-align: center;\"><strong>Last-Minute-Angebote<\/strong> <strong>Ferienh\u00e4user und Ferienwohnungen<\/strong><\/h1>\n<p style=\"text-align: center;\"><strong>&nbsp;<b>Bei uns finden Sie Ferienh\u00e4user in Devon zum Verlieben &#8211; so einfach ist das! <\/b><\/strong><\/p>\n<p style=\"text-align: center;\">Ein Blick in diese Liste lohnt sich, wenn Sie vorhaben, innerhalb der n\u00e4chsten 4 Wochen zu verreisen, denn Sie k\u00f6nnen bis zu 50% vom Normalpreis sparen. W\u00e4hlen Sie aus \u00fcber 25 Last-Minute-Angebote in <a href=\"https:\/\/www.urlaubcornwall.de\/ferienhaeuser-fewos\/sonderangebote-cornwall.html\">Cornwall<\/a>, <a href=\"https:\/\/www.urlaubcornwall.de\/ferienhaeuser-fewos\/sonderangebote-devon.html\">Devon<\/a>, <a href=\"https:\/\/www.urlaubcornwall.de\/ferienhaeuser-fewos\/sonderangebote-dorset.html\">Dorset<\/a>, <a href=\"http:\/\/www.urlaubcornwall.de\/ferienhaeuser-fewos\/sonderangebote-somerset.html\">Somerset<\/a> und S\u00fcdwest-England.<\/p>\n<p style=\"text-align: center;\"><a class=\"tidycta\" href=\"https:\/\/www.urlaubcornwall.de\/ferienhaeuser-fewos\/sonderangebote-devon.html\">Last-Minute-Angebote Devon<\/a><\/p>\n","protected":false},"excerpt":{"rendered":"<p>Lastminute Hotels in Devon &#8211; F\u00fcr all jene, die innerhalb von Devons wundervoller Landschaft untergebracht sein wollen, k\u00f6nnen wir fantastische Hotels mit Meerblick anbieten, die jedem Geldbeutel gerecht werden, von B&amp;Bs oder Familienhotels, die ein gro\u00dfartiges Preis-Leistungsverh\u00e4ltnis, Last Minute Angebote und M\u00f6glichkeiten f\u00fcr Kinder bieten bis hin zu Luxus-Spa-Hotels, eleganten Herrenh\u00e4usern oder f\u00fcnf-Sterne Schloss- und [&hellip;]<\/p>\n","protected":false},"author":1,"featured_media":0,"parent":0,"menu_order":0,"comment_status":"closed","ping_status":"closed","template":"single-four.php","meta":[],"acf":[],"yoast_head":"<!-- This site is optimized with the Yoast SEO plugin v19.4 - https:\/\/yoast.com\/wordpress\/plugins\/seo\/ -->\n<title>Sonderangebote und Last-Minute-Angebote Devon - Urlaub &amp; Reisen<\/title>\n<meta name=\"robots\" content=\"index, follow, max-snippet:-1, max-image-preview:large, max-video-preview:-1\" \/>\n<link rel=\"canonical\" href=\"https:\/\/www.urlaubcornwall.de\/blog\/sonderangebote-und-last-minute-angebote-devon\/\" \/>\n<meta property=\"og:locale\" content=\"en_US\" \/>\n<meta property=\"og:type\" content=\"article\" \/>\n<meta property=\"og:title\" content=\"Sonderangebote und Last-Minute-Angebote Devon - Urlaub &amp; Reisen\" \/>\n<meta property=\"og:description\" content=\"Lastminute Hotels in Devon &#8211; F\u00fcr all jene, die innerhalb von Devons wundervoller Landschaft untergebracht sein wollen, k\u00f6nnen wir fantastische Hotels mit Meerblick anbieten, die jedem Geldbeutel gerecht werden, von B&amp;Bs oder Familienhotels, die ein gro\u00dfartiges Preis-Leistungsverh\u00e4ltnis, Last Minute Angebote und M\u00f6glichkeiten f\u00fcr Kinder bieten bis hin zu Luxus-Spa-Hotels, eleganten Herrenh\u00e4usern oder f\u00fcnf-Sterne Schloss- und [&hellip;]\" \/>\n<meta property=\"og:url\" content=\"https:\/\/www.urlaubcornwall.de\/blog\/sonderangebote-und-last-minute-angebote-devon\/\" \/>\n<meta property=\"og:site_name\" content=\"Urlaub &amp; Reisen\" \/>\n<meta property=\"article:modified_time\" content=\"2020-02-10T13:56:41+00:00\" \/>\n<meta property=\"og:image\" content=\"https:\/\/www.urlaubcornwall.de\/blog\/wp-content\/uploads\/2018\/03\/lastminute-sonderangebote-devon.jpg\" \/>\n<meta name=\"twitter:card\" content=\"summary\" \/>\n<meta name=\"twitter:label1\" content=\"Est. reading time\" \/>\n\t<meta name=\"twitter:data1\" content=\"1 minute\" \/>\n<script type=\"application\/ld+json\" class=\"yoast-schema-graph\">{\"@context\":\"https:\/\/schema.org\",\"@graph\":[{\"@type\":\"WebSite\",\"@id\":\"https:\/\/www.urlaubcornwall.de\/blog\/#website\",\"url\":\"https:\/\/www.urlaubcornwall.de\/blog\/\",\"name\":\"Urlaub &amp; Reisen\",\"description\":\"Urlaub, Reisen, Cornwall und S\u00fcdengland: eine perfekte Kombination\",\"potentialAction\":[{\"@type\":\"SearchAction\",\"target\":{\"@type\":\"EntryPoint\",\"urlTemplate\":\"https:\/\/www.urlaubcornwall.de\/blog\/?s={search_term_string}\"},\"query-input\":\"required name=search_term_string\"}],\"inLanguage\":\"en-US\"},{\"@type\":\"WebPage\",\"@id\":\"https:\/\/www.urlaubcornwall.de\/blog\/sonderangebote-und-last-minute-angebote-devon\/\",\"url\":\"https:\/\/www.urlaubcornwall.de\/blog\/sonderangebote-und-last-minute-angebote-devon\/\",\"name\":\"Sonderangebote und Last-Minute-Angebote Devon - Urlaub &amp; Reisen\",\"isPartOf\":{\"@id\":\"https:\/\/www.urlaubcornwall.de\/blog\/#website\"},\"datePublished\":\"2018-03-28T12:53:45+00:00\",\"dateModified\":\"2020-02-10T13:56:41+00:00\",\"breadcrumb\":{\"@id\":\"https:\/\/www.urlaubcornwall.de\/blog\/sonderangebote-und-last-minute-angebote-devon\/#breadcrumb\"},\"inLanguage\":\"en-US\",\"potentialAction\":[{\"@type\":\"ReadAction\",\"target\":[\"https:\/\/www.urlaubcornwall.de\/blog\/sonderangebote-und-last-minute-angebote-devon\/\"]}]},{\"@type\":\"BreadcrumbList\",\"@id\":\"https:\/\/www.urlaubcornwall.de\/blog\/sonderangebote-und-last-minute-angebote-devon\/#breadcrumb\",\"itemListElement\":[{\"@type\":\"ListItem\",\"position\":1,\"name\":\"Home\",\"item\":\"https:\/\/www.urlaubcornwall.de\/blog\/\"},{\"@type\":\"ListItem\",\"position\":2,\"name\":\"Sonderangebote und Last-Minute-Angebote Devon\"}]}]}<\/script>\n<!-- \/ Yoast SEO plugin. -->","yoast_head_json":{"title":"Sonderangebote und Last-Minute-Angebote Devon - Urlaub &amp; Reisen","robots":{"index":"index","follow":"follow","max-snippet":"max-snippet:-1","max-image-preview":"max-image-preview:large","max-video-preview":"max-video-preview:-1"},"canonical":"https:\/\/www.urlaubcornwall.de\/blog\/sonderangebote-und-last-minute-angebote-devon\/","og_locale":"en_US","og_type":"article","og_title":"Sonderangebote und Last-Minute-Angebote Devon - Urlaub &amp; Reisen","og_description":"Lastminute Hotels in Devon &#8211; F\u00fcr all jene, die innerhalb von Devons wundervoller Landschaft untergebracht sein wollen, k\u00f6nnen wir fantastische Hotels mit Meerblick anbieten, die jedem Geldbeutel gerecht werden, von B&amp;Bs oder Familienhotels, die ein gro\u00dfartiges Preis-Leistungsverh\u00e4ltnis, Last Minute Angebote und M\u00f6glichkeiten f\u00fcr Kinder bieten bis hin zu Luxus-Spa-Hotels, eleganten Herrenh\u00e4usern oder f\u00fcnf-Sterne Schloss- und [&hellip;]","og_url":"https:\/\/www.urlaubcornwall.de\/blog\/sonderangebote-und-last-minute-angebote-devon\/","og_site_name":"Urlaub &amp; Reisen","article_modified_time":"2020-02-10T13:56:41+00:00","og_image":[{"url":"https:\/\/www.urlaubcornwall.de\/blog\/wp-content\/uploads\/2018\/03\/lastminute-sonderangebote-devon.jpg"}],"twitter_card":"summary","twitter_misc":{"Est. reading time":"1 minute"},"schema":{"@context":"https:\/\/schema.org","@graph":[{"@type":"WebSite","@id":"https:\/\/www.urlaubcornwall.de\/blog\/#website","url":"https:\/\/www.urlaubcornwall.de\/blog\/","name":"Urlaub &amp; Reisen","description":"Urlaub, Reisen, Cornwall und S\u00fcdengland: eine perfekte Kombination","potentialAction":[{"@type":"SearchAction","target":{"@type":"EntryPoint","urlTemplate":"https:\/\/www.urlaubcornwall.de\/blog\/?s={search_term_string}"},"query-input":"required name=search_term_string"}],"inLanguage":"en-US"},{"@type":"WebPage","@id":"https:\/\/www.urlaubcornwall.de\/blog\/sonderangebote-und-last-minute-angebote-devon\/","url":"https:\/\/www.urlaubcornwall.de\/blog\/sonderangebote-und-last-minute-angebote-devon\/","name":"Sonderangebote und Last-Minute-Angebote Devon - Urlaub &amp; Reisen","isPartOf":{"@id":"https:\/\/www.urlaubcornwall.de\/blog\/#website"},"datePublished":"2018-03-28T12:53:45+00:00","dateModified":"2020-02-10T13:56:41+00:00","breadcrumb":{"@id":"https:\/\/www.urlaubcornwall.de\/blog\/sonderangebote-und-last-minute-angebote-devon\/#breadcrumb"},"inLanguage":"en-US","potentialAction":[{"@type":"ReadAction","target":["https:\/\/www.urlaubcornwall.de\/blog\/sonderangebote-und-last-minute-angebote-devon\/"]}]},{"@type":"BreadcrumbList","@id":"https:\/\/www.urlaubcornwall.de\/blog\/sonderangebote-und-last-minute-angebote-devon\/#breadcrumb","itemListElement":[{"@type":"ListItem","position":1,"name":"Home","item":"https:\/\/www.urlaubcornwall.de\/blog\/"},{"@type":"ListItem","position":2,"name":"Sonderangebote und Last-Minute-Angebote Devon"}]}]}},"_links":{"self":[{"href":"https:\/\/www.urlaubcornwall.de\/blog\/wp-json\/wp\/v2\/pages\/33393"}],"collection":[{"href":"https:\/\/www.urlaubcornwall.de\/blog\/wp-json\/wp\/v2\/pages"}],"about":[{"href":"https:\/\/www.urlaubcornwall.de\/blog\/wp-json\/wp\/v2\/types\/page"}],"author":[{"embeddable":true,"href":"https:\/\/www.urlaubcornwall.de\/blog\/wp-json\/wp\/v2\/users\/1"}],"replies":[{"embeddable":true,"href":"https:\/\/www.urlaubcornwall.de\/blog\/wp-json\/wp\/v2\/comments?post=33393"}],"version-history":[{"count":6,"href":"https:\/\/www.urlaubcornwall.de\/blog\/wp-json\/wp\/v2\/pages\/33393\/revisions"}],"predecessor-version":[{"id":39403,"href":"https:\/\/www.urlaubcornwall.de\/blog\/wp-json\/wp\/v2\/pages\/33393\/revisions\/39403"}],"wp:attachment":[{"href":"https:\/\/www.urlaubcornwall.de\/blog\/wp-json\/wp\/v2\/media?parent=33393"}],"curies":[{"name":"wp","href":"https:\/\/api.w.org\/{rel}","templated":true}]}}