{"id":33268,"date":"2018-03-24T14:12:07","date_gmt":"2018-03-24T14:12:07","guid":{"rendered":"https:\/\/www.urlaubcornwall.de\/blog\/?page_id=33268"},"modified":"2021-09-08T07:03:04","modified_gmt":"2021-09-08T07:03:04","slug":"ferienhaus-in-oxford-mit-hund-mieten","status":"publish","type":"page","link":"https:\/\/www.urlaubcornwall.de\/blog\/ferienhaus-in-oxford-mit-hund-mieten\/","title":{"rendered":"Ferienhaus in Oxford mit Hund mieten"},"content":{"rendered":"<p><img loading=\"lazy\" class=\"aligncenter size-full wp-image-33272\" src=\"https:\/\/www.urlaubcornwall.de\/blog\/wp-content\/uploads\/2018\/03\/ferienhaus-oxford-mit-hund-mieten.jpg\" alt=\"ferienhaus oxford mit hund mieten\" width=\"749\" height=\"452\"\/><\/p>\n<p><strong>Hundefreundlich Ferienhaus in Oxford mit 2 Schlafzimmern, Schlafgelegenheiten 4<\/strong><\/p>\n<p>Dieses Ferienhaus mit 2 Schlafzimmern bietet einen klassischen und modernen Stil der Unterkunft. In der N\u00e4he von Otmoor und dem RSPB Nature Reserve ist dies ein friedlicher beliebter Ort f\u00fcr Naturliebhaber. Bringen Sie das Fernglas f\u00fcr einige wunderbare Sichtungen von Kiebitzen, Pfeifenten, Rotschenkel und anderen Vogelbeobachtungen oder machen Sie gem\u00fctliche Spazierg\u00e4nge zu nahe gelegenen Islip Beckley oder Stanton St. John f\u00fcr die lokalen Pubs oder zu Fu\u00df ins Dorf und nehmen Sie die Kinder in den Spielplatz oder besuchen Sie eine lokale Dorfmarkt. Ein weiterer Pluspunkt ist, dass diese l\u00e4ndliche Gegend in der N\u00e4he von Oxford der M40 f\u00fcr London Windsor liegt &#8230;&#8230;..<\/p>\n<p style=\"text-align: center;\"><a class=\"tidycta\" href=\"https:\/\/www.urlaubcornwall.de\/ferienhaeuser-fewos\/unterkunft\/Holiday\/48904-2-bedroom-cottage-in-oxford---cc048.html\">Details ansehen<\/a><\/p>\n<p style=\"text-align: center;\">Pers\u00f6nlich inspizierte Ferienh\u00e4user und Ferienwohnungen f\u00fcr Ihren Urlaub.<\/p>\n<p style=\"text-align: center;\"><a href=\"https:\/\/www.urlaubcornwall.de\/ferienhaeuser-fewos\/eng\/oxfordshire\/oxfordshire.html\"><strong>Ferienh\u00e4user, Cottages &amp; Ferienwohnungen in Oxfordshire. <\/strong><\/a><\/p>\n","protected":false},"excerpt":{"rendered":"<p>Hundefreundlich Ferienhaus in Oxford mit 2 Schlafzimmern, Schlafgelegenheiten 4 Dieses Ferienhaus mit 2 Schlafzimmern bietet einen klassischen und modernen Stil der Unterkunft. In der N\u00e4he von Otmoor und dem RSPB Nature Reserve ist dies ein friedlicher beliebter Ort f\u00fcr Naturliebhaber. Bringen Sie das Fernglas f\u00fcr einige wunderbare Sichtungen von Kiebitzen, Pfeifenten, Rotschenkel und anderen Vogelbeobachtungen [&hellip;]<\/p>\n","protected":false},"author":1,"featured_media":0,"parent":0,"menu_order":0,"comment_status":"closed","ping_status":"closed","template":"single-four.php","meta":[],"acf":[],"yoast_head":"<!-- This site is optimized with the Yoast SEO plugin v19.4 - https:\/\/yoast.com\/wordpress\/plugins\/seo\/ -->\n<title>Ferienhaus in Oxford mit Hund mieten - Urlaub &amp; Reisen<\/title>\n<meta name=\"robots\" content=\"index, follow, max-snippet:-1, max-image-preview:large, max-video-preview:-1\" \/>\n<link rel=\"canonical\" href=\"https:\/\/www.urlaubcornwall.de\/blog\/ferienhaus-in-oxford-mit-hund-mieten\/\" \/>\n<meta property=\"og:locale\" content=\"en_US\" \/>\n<meta property=\"og:type\" content=\"article\" \/>\n<meta property=\"og:title\" content=\"Ferienhaus in Oxford mit Hund mieten - Urlaub &amp; Reisen\" \/>\n<meta property=\"og:description\" content=\"Hundefreundlich Ferienhaus in Oxford mit 2 Schlafzimmern, Schlafgelegenheiten 4 Dieses Ferienhaus mit 2 Schlafzimmern bietet einen klassischen und modernen Stil der Unterkunft. In der N\u00e4he von Otmoor und dem RSPB Nature Reserve ist dies ein friedlicher beliebter Ort f\u00fcr Naturliebhaber. Bringen Sie das Fernglas f\u00fcr einige wunderbare Sichtungen von Kiebitzen, Pfeifenten, Rotschenkel und anderen Vogelbeobachtungen [&hellip;]\" \/>\n<meta property=\"og:url\" content=\"https:\/\/www.urlaubcornwall.de\/blog\/ferienhaus-in-oxford-mit-hund-mieten\/\" \/>\n<meta property=\"og:site_name\" content=\"Urlaub &amp; Reisen\" \/>\n<meta property=\"article:modified_time\" content=\"2021-09-08T07:03:04+00:00\" \/>\n<meta property=\"og:image\" content=\"https:\/\/www.urlaubcornwall.de\/blog\/wp-content\/uploads\/2018\/03\/ferienhaus-oxford-mit-hund-mieten.jpg\" \/>\n<meta name=\"twitter:card\" content=\"summary\" \/>\n<meta name=\"twitter:label1\" content=\"Est. reading time\" \/>\n\t<meta name=\"twitter:data1\" content=\"1 minute\" \/>\n<script type=\"application\/ld+json\" class=\"yoast-schema-graph\">{\"@context\":\"https:\/\/schema.org\",\"@graph\":[{\"@type\":\"WebSite\",\"@id\":\"https:\/\/www.urlaubcornwall.de\/blog\/#website\",\"url\":\"https:\/\/www.urlaubcornwall.de\/blog\/\",\"name\":\"Urlaub &amp; Reisen\",\"description\":\"Urlaub, Reisen, Cornwall und S\u00fcdengland: eine perfekte Kombination\",\"potentialAction\":[{\"@type\":\"SearchAction\",\"target\":{\"@type\":\"EntryPoint\",\"urlTemplate\":\"https:\/\/www.urlaubcornwall.de\/blog\/?s={search_term_string}\"},\"query-input\":\"required name=search_term_string\"}],\"inLanguage\":\"en-US\"},{\"@type\":\"WebPage\",\"@id\":\"https:\/\/www.urlaubcornwall.de\/blog\/ferienhaus-in-oxford-mit-hund-mieten\/\",\"url\":\"https:\/\/www.urlaubcornwall.de\/blog\/ferienhaus-in-oxford-mit-hund-mieten\/\",\"name\":\"Ferienhaus in Oxford mit Hund mieten - Urlaub &amp; Reisen\",\"isPartOf\":{\"@id\":\"https:\/\/www.urlaubcornwall.de\/blog\/#website\"},\"datePublished\":\"2018-03-24T14:12:07+00:00\",\"dateModified\":\"2021-09-08T07:03:04+00:00\",\"breadcrumb\":{\"@id\":\"https:\/\/www.urlaubcornwall.de\/blog\/ferienhaus-in-oxford-mit-hund-mieten\/#breadcrumb\"},\"inLanguage\":\"en-US\",\"potentialAction\":[{\"@type\":\"ReadAction\",\"target\":[\"https:\/\/www.urlaubcornwall.de\/blog\/ferienhaus-in-oxford-mit-hund-mieten\/\"]}]},{\"@type\":\"BreadcrumbList\",\"@id\":\"https:\/\/www.urlaubcornwall.de\/blog\/ferienhaus-in-oxford-mit-hund-mieten\/#breadcrumb\",\"itemListElement\":[{\"@type\":\"ListItem\",\"position\":1,\"name\":\"Home\",\"item\":\"https:\/\/www.urlaubcornwall.de\/blog\/\"},{\"@type\":\"ListItem\",\"position\":2,\"name\":\"Ferienhaus in Oxford mit Hund mieten\"}]}]}<\/script>\n<!-- \/ Yoast SEO plugin. -->","yoast_head_json":{"title":"Ferienhaus in Oxford mit Hund mieten - Urlaub &amp; Reisen","robots":{"index":"index","follow":"follow","max-snippet":"max-snippet:-1","max-image-preview":"max-image-preview:large","max-video-preview":"max-video-preview:-1"},"canonical":"https:\/\/www.urlaubcornwall.de\/blog\/ferienhaus-in-oxford-mit-hund-mieten\/","og_locale":"en_US","og_type":"article","og_title":"Ferienhaus in Oxford mit Hund mieten - Urlaub &amp; Reisen","og_description":"Hundefreundlich Ferienhaus in Oxford mit 2 Schlafzimmern, Schlafgelegenheiten 4 Dieses Ferienhaus mit 2 Schlafzimmern bietet einen klassischen und modernen Stil der Unterkunft. In der N\u00e4he von Otmoor und dem RSPB Nature Reserve ist dies ein friedlicher beliebter Ort f\u00fcr Naturliebhaber. Bringen Sie das Fernglas f\u00fcr einige wunderbare Sichtungen von Kiebitzen, Pfeifenten, Rotschenkel und anderen Vogelbeobachtungen [&hellip;]","og_url":"https:\/\/www.urlaubcornwall.de\/blog\/ferienhaus-in-oxford-mit-hund-mieten\/","og_site_name":"Urlaub &amp; Reisen","article_modified_time":"2021-09-08T07:03:04+00:00","og_image":[{"url":"https:\/\/www.urlaubcornwall.de\/blog\/wp-content\/uploads\/2018\/03\/ferienhaus-oxford-mit-hund-mieten.jpg"}],"twitter_card":"summary","twitter_misc":{"Est. reading time":"1 minute"},"schema":{"@context":"https:\/\/schema.org","@graph":[{"@type":"WebSite","@id":"https:\/\/www.urlaubcornwall.de\/blog\/#website","url":"https:\/\/www.urlaubcornwall.de\/blog\/","name":"Urlaub &amp; Reisen","description":"Urlaub, Reisen, Cornwall und S\u00fcdengland: eine perfekte Kombination","potentialAction":[{"@type":"SearchAction","target":{"@type":"EntryPoint","urlTemplate":"https:\/\/www.urlaubcornwall.de\/blog\/?s={search_term_string}"},"query-input":"required name=search_term_string"}],"inLanguage":"en-US"},{"@type":"WebPage","@id":"https:\/\/www.urlaubcornwall.de\/blog\/ferienhaus-in-oxford-mit-hund-mieten\/","url":"https:\/\/www.urlaubcornwall.de\/blog\/ferienhaus-in-oxford-mit-hund-mieten\/","name":"Ferienhaus in Oxford mit Hund mieten - Urlaub &amp; Reisen","isPartOf":{"@id":"https:\/\/www.urlaubcornwall.de\/blog\/#website"},"datePublished":"2018-03-24T14:12:07+00:00","dateModified":"2021-09-08T07:03:04+00:00","breadcrumb":{"@id":"https:\/\/www.urlaubcornwall.de\/blog\/ferienhaus-in-oxford-mit-hund-mieten\/#breadcrumb"},"inLanguage":"en-US","potentialAction":[{"@type":"ReadAction","target":["https:\/\/www.urlaubcornwall.de\/blog\/ferienhaus-in-oxford-mit-hund-mieten\/"]}]},{"@type":"BreadcrumbList","@id":"https:\/\/www.urlaubcornwall.de\/blog\/ferienhaus-in-oxford-mit-hund-mieten\/#breadcrumb","itemListElement":[{"@type":"ListItem","position":1,"name":"Home","item":"https:\/\/www.urlaubcornwall.de\/blog\/"},{"@type":"ListItem","position":2,"name":"Ferienhaus in Oxford mit Hund mieten"}]}]}},"_links":{"self":[{"href":"https:\/\/www.urlaubcornwall.de\/blog\/wp-json\/wp\/v2\/pages\/33268"}],"collection":[{"href":"https:\/\/www.urlaubcornwall.de\/blog\/wp-json\/wp\/v2\/pages"}],"about":[{"href":"https:\/\/www.urlaubcornwall.de\/blog\/wp-json\/wp\/v2\/types\/page"}],"author":[{"embeddable":true,"href":"https:\/\/www.urlaubcornwall.de\/blog\/wp-json\/wp\/v2\/users\/1"}],"replies":[{"embeddable":true,"href":"https:\/\/www.urlaubcornwall.de\/blog\/wp-json\/wp\/v2\/comments?post=33268"}],"version-history":[{"count":5,"href":"https:\/\/www.urlaubcornwall.de\/blog\/wp-json\/wp\/v2\/pages\/33268\/revisions"}],"predecessor-version":[{"id":42642,"href":"https:\/\/www.urlaubcornwall.de\/blog\/wp-json\/wp\/v2\/pages\/33268\/revisions\/42642"}],"wp:attachment":[{"href":"https:\/\/www.urlaubcornwall.de\/blog\/wp-json\/wp\/v2\/media?parent=33268"}],"curies":[{"name":"wp","href":"https:\/\/api.w.org\/{rel}","templated":true}]}}