{"id":32833,"date":"2018-03-19T16:13:21","date_gmt":"2018-03-19T16:13:21","guid":{"rendered":"https:\/\/www.urlaubcornwall.de\/blog\/?page_id=32833"},"modified":"2021-09-17T12:34:32","modified_gmt":"2021-09-17T12:34:32","slug":"ferienhaus-tenby-am-meer-mieten-nr-52736","status":"publish","type":"page","link":"https:\/\/www.urlaubcornwall.de\/blog\/ferienhaus-tenby-am-meer-mieten-nr-52736\/","title":{"rendered":"Ferienhaus Tenby am Meer mieten Nr 52736"},"content":{"rendered":"<p><img loading=\"lazy\" class=\"aligncenter size-full wp-image-32834\" src=\"https:\/\/www.urlaubcornwall.de\/blog\/wp-content\/uploads\/2018\/03\/ferienhaus-tenby-am-meer.jpg\" alt=\"ferienhaus tenby am meer\" width=\"747\" height=\"498\"\/><\/p>\n<p><strong>Ferienhaus in Tenby mit 2 Schlafzimmern, Schlafgelegenheiten 4<\/strong><\/p>\n<p>Dieses Ferienhaus befindet sich in g\u00fcnstiger Lage, um die sch\u00f6ne Landschaft zu erkunden. Dieses stilvolle Ferienhaus liegt in der N\u00e4he der Hauptstra\u00dfe nach Pembrokeshire und ist damit eine ideale Unterkunft f\u00fcr diejenigen, die diese einzigartige Grafschaft erkunden m\u00f6chten. Das Hotel liegt am Rande des kleinen Dorfes Redberth, nur 6 km von den beliebten Badeorten Tenby und Saundersfoot mit einer Vielzahl von Gesch\u00e4ften und Restaurants sowie ber\u00fchmten Sandstr\u00e4nden und H\u00e4fen entfernt. Attraktionen f\u00fcr alle Altersgruppen sind nur eine kurze Fahrt entfernt, einschlie\u00dflich Oakwood Heatherton und Folly Farm. Historische Burgen finden Sie in jeder Richtung, aber Carew ist weniger als 5 km mit M\u00fchlenteich.<\/p>\n<p style=\"text-align: center;\"><a class=\"tidycta\" href=\"https:\/\/www.urlaubcornwall.de\/ferienhaeuser-fewos\/wal\/westwales\/tenby.html\">Suche Ferienh\u00e4user Tenby<\/a><\/p>\n<p style=\"text-align: center;\">Pers\u00f6nlich inspizierte Ferienh\u00e4user und Ferienwohnungen f\u00fcr Ihren Urlaub.<\/p>\n<p style=\"text-align: center;\"><a href=\"https:\/\/www.urlaubcornwall.de\/ferienhaeuser-fewos\/wal\/westwales\/westwales.html\"><strong>Ferienh\u00e4user, Cottages &amp; Ferienwohnungen in Pembrokeshire<\/strong><\/a><\/p>\n","protected":false},"excerpt":{"rendered":"<p>Ferienhaus in Tenby mit 2 Schlafzimmern, Schlafgelegenheiten 4 Dieses Ferienhaus befindet sich in g\u00fcnstiger Lage, um die sch\u00f6ne Landschaft zu erkunden. Dieses stilvolle Ferienhaus liegt in der N\u00e4he der Hauptstra\u00dfe nach Pembrokeshire und ist damit eine ideale Unterkunft f\u00fcr diejenigen, die diese einzigartige Grafschaft erkunden m\u00f6chten. Das Hotel liegt am Rande des kleinen Dorfes Redberth, [&hellip;]<\/p>\n","protected":false},"author":1,"featured_media":0,"parent":0,"menu_order":0,"comment_status":"closed","ping_status":"closed","template":"single-four.php","meta":[],"acf":[],"yoast_head":"<!-- This site is optimized with the Yoast SEO plugin v19.4 - https:\/\/yoast.com\/wordpress\/plugins\/seo\/ -->\n<title>Ferienhaus Tenby am Meer mieten Nr 52736 - Urlaub &amp; Reisen<\/title>\n<meta name=\"description\" content=\"Dieses Ferienhaus befindet sich in g\u00fcnstiger Lage, um die sch\u00f6ne Landschaft zu erkunden. Dieses stilvolle Ferienhaus liegt in der N\u00e4he der Hauptstra\u00dfe nach Pembrokeshire und ist damit eine ideale Unterkunft f\u00fcr diejenigen, die diese einzigartige Grafschaft erkunden m\u00f6chten. Das Hotel liegt am Rande des kleinen Dorfes Redberth, nur 6 km von den beliebten Badeorten Tenby und Saundersfoot mit einer Vielzahl von Gesch\u00e4ften\" \/>\n<meta name=\"robots\" content=\"index, follow, max-snippet:-1, max-image-preview:large, max-video-preview:-1\" \/>\n<link rel=\"canonical\" href=\"https:\/\/www.urlaubcornwall.de\/blog\/ferienhaus-tenby-am-meer-mieten-nr-52736\/\" \/>\n<meta property=\"og:locale\" content=\"en_US\" \/>\n<meta property=\"og:type\" content=\"article\" \/>\n<meta property=\"og:title\" content=\"Ferienhaus Tenby am Meer mieten Nr 52736 - Urlaub &amp; Reisen\" \/>\n<meta property=\"og:description\" content=\"Dieses Ferienhaus befindet sich in g\u00fcnstiger Lage, um die sch\u00f6ne Landschaft zu erkunden. Dieses stilvolle Ferienhaus liegt in der N\u00e4he der Hauptstra\u00dfe nach Pembrokeshire und ist damit eine ideale Unterkunft f\u00fcr diejenigen, die diese einzigartige Grafschaft erkunden m\u00f6chten. Das Hotel liegt am Rande des kleinen Dorfes Redberth, nur 6 km von den beliebten Badeorten Tenby und Saundersfoot mit einer Vielzahl von Gesch\u00e4ften\" \/>\n<meta property=\"og:url\" content=\"https:\/\/www.urlaubcornwall.de\/blog\/ferienhaus-tenby-am-meer-mieten-nr-52736\/\" \/>\n<meta property=\"og:site_name\" content=\"Urlaub &amp; Reisen\" \/>\n<meta property=\"article:modified_time\" content=\"2021-09-17T12:34:32+00:00\" \/>\n<meta property=\"og:image\" content=\"https:\/\/www.urlaubcornwall.de\/blog\/wp-content\/uploads\/2018\/03\/ferienhaus-tenby-am-meer.jpg\" \/>\n<meta name=\"twitter:card\" content=\"summary\" \/>\n<meta name=\"twitter:label1\" content=\"Est. reading time\" \/>\n\t<meta name=\"twitter:data1\" content=\"1 minute\" \/>\n<script type=\"application\/ld+json\" class=\"yoast-schema-graph\">{\"@context\":\"https:\/\/schema.org\",\"@graph\":[{\"@type\":\"WebSite\",\"@id\":\"https:\/\/www.urlaubcornwall.de\/blog\/#website\",\"url\":\"https:\/\/www.urlaubcornwall.de\/blog\/\",\"name\":\"Urlaub &amp; Reisen\",\"description\":\"Urlaub, Reisen, Cornwall und S\u00fcdengland: eine perfekte Kombination\",\"potentialAction\":[{\"@type\":\"SearchAction\",\"target\":{\"@type\":\"EntryPoint\",\"urlTemplate\":\"https:\/\/www.urlaubcornwall.de\/blog\/?s={search_term_string}\"},\"query-input\":\"required name=search_term_string\"}],\"inLanguage\":\"en-US\"},{\"@type\":\"WebPage\",\"@id\":\"https:\/\/www.urlaubcornwall.de\/blog\/ferienhaus-tenby-am-meer-mieten-nr-52736\/\",\"url\":\"https:\/\/www.urlaubcornwall.de\/blog\/ferienhaus-tenby-am-meer-mieten-nr-52736\/\",\"name\":\"Ferienhaus Tenby am Meer mieten Nr 52736 - Urlaub &amp; Reisen\",\"isPartOf\":{\"@id\":\"https:\/\/www.urlaubcornwall.de\/blog\/#website\"},\"datePublished\":\"2018-03-19T16:13:21+00:00\",\"dateModified\":\"2021-09-17T12:34:32+00:00\",\"description\":\"Dieses Ferienhaus befindet sich in g\u00fcnstiger Lage, um die sch\u00f6ne Landschaft zu erkunden. Dieses stilvolle Ferienhaus liegt in der N\u00e4he der Hauptstra\u00dfe nach Pembrokeshire und ist damit eine ideale Unterkunft f\u00fcr diejenigen, die diese einzigartige Grafschaft erkunden m\u00f6chten. Das Hotel liegt am Rande des kleinen Dorfes Redberth, nur 6 km von den beliebten Badeorten Tenby und Saundersfoot mit einer Vielzahl von Gesch\u00e4ften\",\"breadcrumb\":{\"@id\":\"https:\/\/www.urlaubcornwall.de\/blog\/ferienhaus-tenby-am-meer-mieten-nr-52736\/#breadcrumb\"},\"inLanguage\":\"en-US\",\"potentialAction\":[{\"@type\":\"ReadAction\",\"target\":[\"https:\/\/www.urlaubcornwall.de\/blog\/ferienhaus-tenby-am-meer-mieten-nr-52736\/\"]}]},{\"@type\":\"BreadcrumbList\",\"@id\":\"https:\/\/www.urlaubcornwall.de\/blog\/ferienhaus-tenby-am-meer-mieten-nr-52736\/#breadcrumb\",\"itemListElement\":[{\"@type\":\"ListItem\",\"position\":1,\"name\":\"Home\",\"item\":\"https:\/\/www.urlaubcornwall.de\/blog\/\"},{\"@type\":\"ListItem\",\"position\":2,\"name\":\"Ferienhaus Tenby am Meer mieten Nr 52736\"}]}]}<\/script>\n<!-- \/ Yoast SEO plugin. -->","yoast_head_json":{"title":"Ferienhaus Tenby am Meer mieten Nr 52736 - Urlaub &amp; Reisen","description":"Dieses Ferienhaus befindet sich in g\u00fcnstiger Lage, um die sch\u00f6ne Landschaft zu erkunden. Dieses stilvolle Ferienhaus liegt in der N\u00e4he der Hauptstra\u00dfe nach Pembrokeshire und ist damit eine ideale Unterkunft f\u00fcr diejenigen, die diese einzigartige Grafschaft erkunden m\u00f6chten. Das Hotel liegt am Rande des kleinen Dorfes Redberth, nur 6 km von den beliebten Badeorten Tenby und Saundersfoot mit einer Vielzahl von Gesch\u00e4ften","robots":{"index":"index","follow":"follow","max-snippet":"max-snippet:-1","max-image-preview":"max-image-preview:large","max-video-preview":"max-video-preview:-1"},"canonical":"https:\/\/www.urlaubcornwall.de\/blog\/ferienhaus-tenby-am-meer-mieten-nr-52736\/","og_locale":"en_US","og_type":"article","og_title":"Ferienhaus Tenby am Meer mieten Nr 52736 - Urlaub &amp; Reisen","og_description":"Dieses Ferienhaus befindet sich in g\u00fcnstiger Lage, um die sch\u00f6ne Landschaft zu erkunden. Dieses stilvolle Ferienhaus liegt in der N\u00e4he der Hauptstra\u00dfe nach Pembrokeshire und ist damit eine ideale Unterkunft f\u00fcr diejenigen, die diese einzigartige Grafschaft erkunden m\u00f6chten. Das Hotel liegt am Rande des kleinen Dorfes Redberth, nur 6 km von den beliebten Badeorten Tenby und Saundersfoot mit einer Vielzahl von Gesch\u00e4ften","og_url":"https:\/\/www.urlaubcornwall.de\/blog\/ferienhaus-tenby-am-meer-mieten-nr-52736\/","og_site_name":"Urlaub &amp; Reisen","article_modified_time":"2021-09-17T12:34:32+00:00","og_image":[{"url":"https:\/\/www.urlaubcornwall.de\/blog\/wp-content\/uploads\/2018\/03\/ferienhaus-tenby-am-meer.jpg"}],"twitter_card":"summary","twitter_misc":{"Est. reading time":"1 minute"},"schema":{"@context":"https:\/\/schema.org","@graph":[{"@type":"WebSite","@id":"https:\/\/www.urlaubcornwall.de\/blog\/#website","url":"https:\/\/www.urlaubcornwall.de\/blog\/","name":"Urlaub &amp; Reisen","description":"Urlaub, Reisen, Cornwall und S\u00fcdengland: eine perfekte Kombination","potentialAction":[{"@type":"SearchAction","target":{"@type":"EntryPoint","urlTemplate":"https:\/\/www.urlaubcornwall.de\/blog\/?s={search_term_string}"},"query-input":"required name=search_term_string"}],"inLanguage":"en-US"},{"@type":"WebPage","@id":"https:\/\/www.urlaubcornwall.de\/blog\/ferienhaus-tenby-am-meer-mieten-nr-52736\/","url":"https:\/\/www.urlaubcornwall.de\/blog\/ferienhaus-tenby-am-meer-mieten-nr-52736\/","name":"Ferienhaus Tenby am Meer mieten Nr 52736 - Urlaub &amp; Reisen","isPartOf":{"@id":"https:\/\/www.urlaubcornwall.de\/blog\/#website"},"datePublished":"2018-03-19T16:13:21+00:00","dateModified":"2021-09-17T12:34:32+00:00","description":"Dieses Ferienhaus befindet sich in g\u00fcnstiger Lage, um die sch\u00f6ne Landschaft zu erkunden. Dieses stilvolle Ferienhaus liegt in der N\u00e4he der Hauptstra\u00dfe nach Pembrokeshire und ist damit eine ideale Unterkunft f\u00fcr diejenigen, die diese einzigartige Grafschaft erkunden m\u00f6chten. Das Hotel liegt am Rande des kleinen Dorfes Redberth, nur 6 km von den beliebten Badeorten Tenby und Saundersfoot mit einer Vielzahl von Gesch\u00e4ften","breadcrumb":{"@id":"https:\/\/www.urlaubcornwall.de\/blog\/ferienhaus-tenby-am-meer-mieten-nr-52736\/#breadcrumb"},"inLanguage":"en-US","potentialAction":[{"@type":"ReadAction","target":["https:\/\/www.urlaubcornwall.de\/blog\/ferienhaus-tenby-am-meer-mieten-nr-52736\/"]}]},{"@type":"BreadcrumbList","@id":"https:\/\/www.urlaubcornwall.de\/blog\/ferienhaus-tenby-am-meer-mieten-nr-52736\/#breadcrumb","itemListElement":[{"@type":"ListItem","position":1,"name":"Home","item":"https:\/\/www.urlaubcornwall.de\/blog\/"},{"@type":"ListItem","position":2,"name":"Ferienhaus Tenby am Meer mieten Nr 52736"}]}]}},"_links":{"self":[{"href":"https:\/\/www.urlaubcornwall.de\/blog\/wp-json\/wp\/v2\/pages\/32833"}],"collection":[{"href":"https:\/\/www.urlaubcornwall.de\/blog\/wp-json\/wp\/v2\/pages"}],"about":[{"href":"https:\/\/www.urlaubcornwall.de\/blog\/wp-json\/wp\/v2\/types\/page"}],"author":[{"embeddable":true,"href":"https:\/\/www.urlaubcornwall.de\/blog\/wp-json\/wp\/v2\/users\/1"}],"replies":[{"embeddable":true,"href":"https:\/\/www.urlaubcornwall.de\/blog\/wp-json\/wp\/v2\/comments?post=32833"}],"version-history":[{"count":4,"href":"https:\/\/www.urlaubcornwall.de\/blog\/wp-json\/wp\/v2\/pages\/32833\/revisions"}],"predecessor-version":[{"id":42907,"href":"https:\/\/www.urlaubcornwall.de\/blog\/wp-json\/wp\/v2\/pages\/32833\/revisions\/42907"}],"wp:attachment":[{"href":"https:\/\/www.urlaubcornwall.de\/blog\/wp-json\/wp\/v2\/media?parent=32833"}],"curies":[{"name":"wp","href":"https:\/\/api.w.org\/{rel}","templated":true}]}}