{"id":32826,"date":"2018-03-19T14:19:59","date_gmt":"2018-03-19T14:19:59","guid":{"rendered":"https:\/\/www.urlaubcornwall.de\/blog\/?page_id=32826"},"modified":"2021-09-16T13:47:08","modified_gmt":"2021-09-16T13:47:08","slug":"ferienhaus-am-meer-anglesey-mieten","status":"publish","type":"page","link":"https:\/\/www.urlaubcornwall.de\/blog\/ferienhaus-am-meer-anglesey-mieten\/","title":{"rendered":"Ferienhaus am Meer Anglesey mieten"},"content":{"rendered":"<p><img loading=\"lazy\" class=\"aligncenter size-full wp-image-32828\" src=\"https:\/\/www.urlaubcornwall.de\/blog\/wp-content\/uploads\/2018\/03\/ferienhaus-anglesey-am-meer-mieten.jpg\" alt=\"ferienhaus anglesey am meer mieten\" width=\"749\" height=\"558\"\/><br \/>\n<strong>Ferienhaus in Holyhead mit 5 Schlafzimmern, Schlafgelegenheiten 8<\/strong><\/p>\n<p>Von Anglesey Island aus ist eine wundersch\u00f6ne Halbinsel, auf der das idyllische Dorf Rhoscolyn liegt. Die Sandbucht ist ein sch\u00f6nes Merkmal der Gegend, wo die Leute sich am Ufer entspannen, um die Aussicht zu genie\u00dfen oder Aktivit\u00e4ten wie Segeln und Meeresfischen auszuprobieren. F\u00fcr diejenigen, die mehr von der Landschaft und der Aussicht auf das Festland sehen m\u00f6chten, ist der Anglesey Coast Path in der N\u00e4he; Stretching f\u00fcr 130 Meilen ist wirklich atemberaubend!<\/p>\n<p style=\"text-align: center;\"><a class=\"tidycta\" href=\"https:\/\/www.urlaubcornwall.de\/ferienhaeuser-fewos\/wal\/nordwales\/anglesey.html\">Suche Ferienh\u00e4user Anglesey<\/a><\/p>\n<p style=\"text-align: center;\">Pers\u00f6nlich inspizierte Ferienh\u00e4user und Ferienwohnungen f\u00fcr Ihren Urlaub.<\/p>\n<p style=\"text-align: center;\"><a href=\"https:\/\/www.urlaubcornwall.de\/ferienhaeuser-fewos\/wal\/nordwales\/nordwales.html\"><strong>Ferienh\u00e4user, Cottages &amp; Ferienwohnungen in Anglesey<\/strong><\/a><\/p>\n","protected":false},"excerpt":{"rendered":"<p>Ferienhaus in Holyhead mit 5 Schlafzimmern, Schlafgelegenheiten 8 Von Anglesey Island aus ist eine wundersch\u00f6ne Halbinsel, auf der das idyllische Dorf Rhoscolyn liegt. Die Sandbucht ist ein sch\u00f6nes Merkmal der Gegend, wo die Leute sich am Ufer entspannen, um die Aussicht zu genie\u00dfen oder Aktivit\u00e4ten wie Segeln und Meeresfischen auszuprobieren. F\u00fcr diejenigen, die mehr von [&hellip;]<\/p>\n","protected":false},"author":1,"featured_media":0,"parent":0,"menu_order":0,"comment_status":"closed","ping_status":"closed","template":"single-four.php","meta":[],"acf":[],"yoast_head":"<!-- This site is optimized with the Yoast SEO plugin v19.4 - https:\/\/yoast.com\/wordpress\/plugins\/seo\/ -->\n<title>Ferienhaus am Meer Anglesey mieten - Urlaub &amp; Reisen<\/title>\n<meta name=\"robots\" content=\"index, follow, max-snippet:-1, max-image-preview:large, max-video-preview:-1\" \/>\n<link rel=\"canonical\" href=\"https:\/\/www.urlaubcornwall.de\/blog\/ferienhaus-am-meer-anglesey-mieten\/\" \/>\n<meta property=\"og:locale\" content=\"en_US\" \/>\n<meta property=\"og:type\" content=\"article\" \/>\n<meta property=\"og:title\" content=\"Ferienhaus am Meer Anglesey mieten - Urlaub &amp; Reisen\" \/>\n<meta property=\"og:description\" content=\"Ferienhaus in Holyhead mit 5 Schlafzimmern, Schlafgelegenheiten 8 Von Anglesey Island aus ist eine wundersch\u00f6ne Halbinsel, auf der das idyllische Dorf Rhoscolyn liegt. Die Sandbucht ist ein sch\u00f6nes Merkmal der Gegend, wo die Leute sich am Ufer entspannen, um die Aussicht zu genie\u00dfen oder Aktivit\u00e4ten wie Segeln und Meeresfischen auszuprobieren. F\u00fcr diejenigen, die mehr von [&hellip;]\" \/>\n<meta property=\"og:url\" content=\"https:\/\/www.urlaubcornwall.de\/blog\/ferienhaus-am-meer-anglesey-mieten\/\" \/>\n<meta property=\"og:site_name\" content=\"Urlaub &amp; Reisen\" \/>\n<meta property=\"article:modified_time\" content=\"2021-09-16T13:47:08+00:00\" \/>\n<meta property=\"og:image\" content=\"https:\/\/www.urlaubcornwall.de\/blog\/wp-content\/uploads\/2018\/03\/ferienhaus-anglesey-am-meer-mieten.jpg\" \/>\n<meta name=\"twitter:card\" content=\"summary\" \/>\n<meta name=\"twitter:label1\" content=\"Est. reading time\" \/>\n\t<meta name=\"twitter:data1\" content=\"1 minute\" \/>\n<script type=\"application\/ld+json\" class=\"yoast-schema-graph\">{\"@context\":\"https:\/\/schema.org\",\"@graph\":[{\"@type\":\"WebSite\",\"@id\":\"https:\/\/www.urlaubcornwall.de\/blog\/#website\",\"url\":\"https:\/\/www.urlaubcornwall.de\/blog\/\",\"name\":\"Urlaub &amp; Reisen\",\"description\":\"Urlaub, Reisen, Cornwall und S\u00fcdengland: eine perfekte Kombination\",\"potentialAction\":[{\"@type\":\"SearchAction\",\"target\":{\"@type\":\"EntryPoint\",\"urlTemplate\":\"https:\/\/www.urlaubcornwall.de\/blog\/?s={search_term_string}\"},\"query-input\":\"required name=search_term_string\"}],\"inLanguage\":\"en-US\"},{\"@type\":\"WebPage\",\"@id\":\"https:\/\/www.urlaubcornwall.de\/blog\/ferienhaus-am-meer-anglesey-mieten\/\",\"url\":\"https:\/\/www.urlaubcornwall.de\/blog\/ferienhaus-am-meer-anglesey-mieten\/\",\"name\":\"Ferienhaus am Meer Anglesey mieten - Urlaub &amp; Reisen\",\"isPartOf\":{\"@id\":\"https:\/\/www.urlaubcornwall.de\/blog\/#website\"},\"datePublished\":\"2018-03-19T14:19:59+00:00\",\"dateModified\":\"2021-09-16T13:47:08+00:00\",\"breadcrumb\":{\"@id\":\"https:\/\/www.urlaubcornwall.de\/blog\/ferienhaus-am-meer-anglesey-mieten\/#breadcrumb\"},\"inLanguage\":\"en-US\",\"potentialAction\":[{\"@type\":\"ReadAction\",\"target\":[\"https:\/\/www.urlaubcornwall.de\/blog\/ferienhaus-am-meer-anglesey-mieten\/\"]}]},{\"@type\":\"BreadcrumbList\",\"@id\":\"https:\/\/www.urlaubcornwall.de\/blog\/ferienhaus-am-meer-anglesey-mieten\/#breadcrumb\",\"itemListElement\":[{\"@type\":\"ListItem\",\"position\":1,\"name\":\"Home\",\"item\":\"https:\/\/www.urlaubcornwall.de\/blog\/\"},{\"@type\":\"ListItem\",\"position\":2,\"name\":\"Ferienhaus am Meer Anglesey mieten\"}]}]}<\/script>\n<!-- \/ Yoast SEO plugin. -->","yoast_head_json":{"title":"Ferienhaus am Meer Anglesey mieten - Urlaub &amp; Reisen","robots":{"index":"index","follow":"follow","max-snippet":"max-snippet:-1","max-image-preview":"max-image-preview:large","max-video-preview":"max-video-preview:-1"},"canonical":"https:\/\/www.urlaubcornwall.de\/blog\/ferienhaus-am-meer-anglesey-mieten\/","og_locale":"en_US","og_type":"article","og_title":"Ferienhaus am Meer Anglesey mieten - Urlaub &amp; Reisen","og_description":"Ferienhaus in Holyhead mit 5 Schlafzimmern, Schlafgelegenheiten 8 Von Anglesey Island aus ist eine wundersch\u00f6ne Halbinsel, auf der das idyllische Dorf Rhoscolyn liegt. Die Sandbucht ist ein sch\u00f6nes Merkmal der Gegend, wo die Leute sich am Ufer entspannen, um die Aussicht zu genie\u00dfen oder Aktivit\u00e4ten wie Segeln und Meeresfischen auszuprobieren. F\u00fcr diejenigen, die mehr von [&hellip;]","og_url":"https:\/\/www.urlaubcornwall.de\/blog\/ferienhaus-am-meer-anglesey-mieten\/","og_site_name":"Urlaub &amp; Reisen","article_modified_time":"2021-09-16T13:47:08+00:00","og_image":[{"url":"https:\/\/www.urlaubcornwall.de\/blog\/wp-content\/uploads\/2018\/03\/ferienhaus-anglesey-am-meer-mieten.jpg"}],"twitter_card":"summary","twitter_misc":{"Est. reading time":"1 minute"},"schema":{"@context":"https:\/\/schema.org","@graph":[{"@type":"WebSite","@id":"https:\/\/www.urlaubcornwall.de\/blog\/#website","url":"https:\/\/www.urlaubcornwall.de\/blog\/","name":"Urlaub &amp; Reisen","description":"Urlaub, Reisen, Cornwall und S\u00fcdengland: eine perfekte Kombination","potentialAction":[{"@type":"SearchAction","target":{"@type":"EntryPoint","urlTemplate":"https:\/\/www.urlaubcornwall.de\/blog\/?s={search_term_string}"},"query-input":"required name=search_term_string"}],"inLanguage":"en-US"},{"@type":"WebPage","@id":"https:\/\/www.urlaubcornwall.de\/blog\/ferienhaus-am-meer-anglesey-mieten\/","url":"https:\/\/www.urlaubcornwall.de\/blog\/ferienhaus-am-meer-anglesey-mieten\/","name":"Ferienhaus am Meer Anglesey mieten - Urlaub &amp; Reisen","isPartOf":{"@id":"https:\/\/www.urlaubcornwall.de\/blog\/#website"},"datePublished":"2018-03-19T14:19:59+00:00","dateModified":"2021-09-16T13:47:08+00:00","breadcrumb":{"@id":"https:\/\/www.urlaubcornwall.de\/blog\/ferienhaus-am-meer-anglesey-mieten\/#breadcrumb"},"inLanguage":"en-US","potentialAction":[{"@type":"ReadAction","target":["https:\/\/www.urlaubcornwall.de\/blog\/ferienhaus-am-meer-anglesey-mieten\/"]}]},{"@type":"BreadcrumbList","@id":"https:\/\/www.urlaubcornwall.de\/blog\/ferienhaus-am-meer-anglesey-mieten\/#breadcrumb","itemListElement":[{"@type":"ListItem","position":1,"name":"Home","item":"https:\/\/www.urlaubcornwall.de\/blog\/"},{"@type":"ListItem","position":2,"name":"Ferienhaus am Meer Anglesey mieten"}]}]}},"_links":{"self":[{"href":"https:\/\/www.urlaubcornwall.de\/blog\/wp-json\/wp\/v2\/pages\/32826"}],"collection":[{"href":"https:\/\/www.urlaubcornwall.de\/blog\/wp-json\/wp\/v2\/pages"}],"about":[{"href":"https:\/\/www.urlaubcornwall.de\/blog\/wp-json\/wp\/v2\/types\/page"}],"author":[{"embeddable":true,"href":"https:\/\/www.urlaubcornwall.de\/blog\/wp-json\/wp\/v2\/users\/1"}],"replies":[{"embeddable":true,"href":"https:\/\/www.urlaubcornwall.de\/blog\/wp-json\/wp\/v2\/comments?post=32826"}],"version-history":[{"count":4,"href":"https:\/\/www.urlaubcornwall.de\/blog\/wp-json\/wp\/v2\/pages\/32826\/revisions"}],"predecessor-version":[{"id":42785,"href":"https:\/\/www.urlaubcornwall.de\/blog\/wp-json\/wp\/v2\/pages\/32826\/revisions\/42785"}],"wp:attachment":[{"href":"https:\/\/www.urlaubcornwall.de\/blog\/wp-json\/wp\/v2\/media?parent=32826"}],"curies":[{"name":"wp","href":"https:\/\/api.w.org\/{rel}","templated":true}]}}